{"id":19952,"date":"2022-01-19T11:25:09","date_gmt":"2022-01-19T11:25:09","guid":{"rendered":"https:\/\/vikingforce.se\/pump-line\/citrulline\/"},"modified":"2025-05-16T14:54:59","modified_gmt":"2025-05-16T14:54:59","slug":"citrulline","status":"publish","type":"page","link":"https:\/\/vikingforce.se\/sv\/pump-line\/citrulline\/","title":{"rendered":"Citrulline"},"content":{"rendered":"<p><div class=\"fusion-fullwidth fullwidth-box fusion-builder-row-1 nonhundred-percent-fullwidth non-hundred-percent-height-scrolling\" style=\"--awb-background-position:center top;--awb-border-color:#f6f6f6;--awb-border-radius-top-left:0px;--awb-border-radius-top-right:0px;--awb-border-radius-bottom-right:0px;--awb-border-radius-bottom-left:0px;--awb-padding-top:1px;--awb-padding-right:0px;--awb-padding-bottom:30px;--awb-padding-left:0px;--awb-background-color:#fff;--awb-border-sizes-top:1px;--awb-border-sizes-bottom:1px;--awb-flex-wrap:wrap;\" ><div class=\"fusion-builder-row fusion-row\"><div class=\"fusion-layout-column fusion_builder_column fusion-builder-column-0 fusion_builder_column_1_2 1_2 fusion-one-half fusion-column-first\" style=\"--awb-bg-size:cover;width:48%; margin-right: 4%;\"><div class=\"fusion-column-wrapper fusion-flex-column-wrapper-legacy\"><div class=\"fusion-sep-clear\"><\/div><div class=\"fusion-separator fusion-full-width-sep\" style=\"margin-left: auto;margin-right: auto;margin-top:60px;width:100%;\"><\/div><div class=\"fusion-sep-clear\"><\/div><div class=\"fusion-image-carousel fusion-image-carousel-auto fusion-image-carousel-1\"><div class=\"awb-carousel awb-swiper awb-swiper-carousel awb-swiper-dots-position-bottom awb-carousel--carousel\" data-layout=\"carousel\" data-autoplay=\"yes\" data-autoplayspeed=\"2500\" data-autoplaypause=\"no\" data-columns=\"1\" data-itemmargin=\"13\" data-itemwidth=\"180\" data-touchscroll=\"drag\" data-freemode=\"no\" data-imagesize=\"auto\" data-scrollitems=\"0\" data-centeredslides=\"no\" data-rotationangle=\"50\" data-depth=\"100\" data-speed=\"500\" data-shadow=\"no\" style=\"--awb-columns:1;\"><div class=\"swiper-wrapper awb-image-carousel-wrapper fusion-flex-align-items-center\"><div class=\"swiper-slide\"><div class=\"fusion-carousel-item-wrapper\"><div class=\"fusion-image-wrapper hover-type-none\"><img decoding=\"async\" width=\"1024\" height=\"1024\" src=\"https:\/\/vikingforce.se\/wp-content\/uploads\/2022\/01\/Viking-Citrulline-Powder_watermelon_240g_v2022-1.png\" class=\"attachment-full size-full\" alt=\"\" srcset=\"https:\/\/vikingforce.se\/wp-content\/uploads\/2022\/01\/Viking-Citrulline-Powder_watermelon_240g_v2022-1-66x66.png 66w, https:\/\/vikingforce.se\/wp-content\/uploads\/2022\/01\/Viking-Citrulline-Powder_watermelon_240g_v2022-1-150x150.png 150w, https:\/\/vikingforce.se\/wp-content\/uploads\/2022\/01\/Viking-Citrulline-Powder_watermelon_240g_v2022-1-200x200.png 200w, https:\/\/vikingforce.se\/wp-content\/uploads\/2022\/01\/Viking-Citrulline-Powder_watermelon_240g_v2022-1-300x300.png 300w, https:\/\/vikingforce.se\/wp-content\/uploads\/2022\/01\/Viking-Citrulline-Powder_watermelon_240g_v2022-1-400x400.png 400w, https:\/\/vikingforce.se\/wp-content\/uploads\/2022\/01\/Viking-Citrulline-Powder_watermelon_240g_v2022-1-600x600.png 600w, https:\/\/vikingforce.se\/wp-content\/uploads\/2022\/01\/Viking-Citrulline-Powder_watermelon_240g_v2022-1-768x768.png 768w, https:\/\/vikingforce.se\/wp-content\/uploads\/2022\/01\/Viking-Citrulline-Powder_watermelon_240g_v2022-1-800x800.png 800w, https:\/\/vikingforce.se\/wp-content\/uploads\/2022\/01\/Viking-Citrulline-Powder_watermelon_240g_v2022-1.png 1024w\" sizes=\"(max-width: 1024px) 100vw, 1024px\" \/><\/div><\/div><\/div><div class=\"swiper-slide\"><div class=\"fusion-carousel-item-wrapper\"><div class=\"fusion-image-wrapper hover-type-none\"><img decoding=\"async\" width=\"1024\" height=\"1024\" src=\"https:\/\/vikingforce.se\/wp-content\/uploads\/2022\/01\/Viking-Citrulline-Powder_raspberry_240g_v2022-1.png\" class=\"attachment-full size-full\" alt=\"\" srcset=\"https:\/\/vikingforce.se\/wp-content\/uploads\/2022\/01\/Viking-Citrulline-Powder_raspberry_240g_v2022-1-66x66.png 66w, https:\/\/vikingforce.se\/wp-content\/uploads\/2022\/01\/Viking-Citrulline-Powder_raspberry_240g_v2022-1-150x150.png 150w, https:\/\/vikingforce.se\/wp-content\/uploads\/2022\/01\/Viking-Citrulline-Powder_raspberry_240g_v2022-1-200x200.png 200w, https:\/\/vikingforce.se\/wp-content\/uploads\/2022\/01\/Viking-Citrulline-Powder_raspberry_240g_v2022-1-300x300.png 300w, https:\/\/vikingforce.se\/wp-content\/uploads\/2022\/01\/Viking-Citrulline-Powder_raspberry_240g_v2022-1-400x400.png 400w, https:\/\/vikingforce.se\/wp-content\/uploads\/2022\/01\/Viking-Citrulline-Powder_raspberry_240g_v2022-1-600x600.png 600w, https:\/\/vikingforce.se\/wp-content\/uploads\/2022\/01\/Viking-Citrulline-Powder_raspberry_240g_v2022-1-768x768.png 768w, https:\/\/vikingforce.se\/wp-content\/uploads\/2022\/01\/Viking-Citrulline-Powder_raspberry_240g_v2022-1-800x800.png 800w, https:\/\/vikingforce.se\/wp-content\/uploads\/2022\/01\/Viking-Citrulline-Powder_raspberry_240g_v2022-1.png 1024w\" sizes=\"(max-width: 1024px) 100vw, 1024px\" \/><\/div><\/div><\/div><\/div><div class=\"awb-swiper-button awb-swiper-button-prev\"><i class=\"awb-icon-angle-left\" aria-hidden=\"true\"><\/i><\/div><div class=\"awb-swiper-button awb-swiper-button-next\"><i class=\"awb-icon-angle-right\" aria-hidden=\"true\"><\/i><\/div><\/div><\/div><div class=\"fusion-clearfix\"><\/div><\/div><\/div><div class=\"fusion-layout-column fusion_builder_column fusion-builder-column-1 fusion_builder_column_1_2 1_2 fusion-one-half fusion-column-last\" style=\"--awb-bg-size:cover;width:48%;\"><div class=\"fusion-column-wrapper fusion-flex-column-wrapper-legacy\"><div class=\"fusion-title title fusion-title-1 fusion-sep-none fusion-title-text fusion-title-size-one title-wg\" style=\"--awb-margin-bottom:5px;\"><h1 class=\"fusion-title-heading title-heading-left\" style=\"margin:0;\"><div><\/div>\n<p>\t\tVIKING CITRULLINE<\/h1><\/div><div class=\"fusion-text fusion-text-1\"><p style=\"text-align: center;\">(Kosttillskott)<\/p>\n<\/div><div class=\"fusion-sep-clear\"><\/div><div class=\"fusion-separator fusion-full-width-sep\" style=\"margin-left: auto;margin-right: auto;margin-top:10px;width:100%;\"><\/div><div class=\"fusion-sep-clear\"><\/div><div class=\"fusion-text fusion-text-2\"><p class=\"subtitle-wg\" style=\"text-align: center;\">Nettovikt: 240 g<\/p>\n<p class=\"subtitle-wg\" style=\"text-align: center;\">\u00a0Serveringar\/Beh\u00e5llare 40<\/p>\n<\/div><div class=\"fusion-clearfix\"><\/div><\/div><\/div><\/div><\/div><div class=\"fusion-fullwidth fullwidth-box fusion-builder-row-2 nonhundred-percent-fullwidth non-hundred-percent-height-scrolling\" style=\"--awb-border-color:#f6f6f6;--awb-border-radius-top-left:0px;--awb-border-radius-top-right:0px;--awb-border-radius-bottom-right:0px;--awb-border-radius-bottom-left:0px;--awb-padding-top:10px;--awb-padding-right:0px;--awb-padding-bottom:0px;--awb-padding-left:0px;--awb-background-color:#fff;--awb-border-sizes-top:0px;--awb-border-sizes-bottom:0px;--awb-flex-wrap:wrap;\" ><div class=\"fusion-builder-row fusion-row\"><div class=\"fusion-layout-column fusion_builder_column fusion-builder-column-2 fusion_builder_column_1_1 1_1 fusion-one-full fusion-column-first fusion-column-last\" style=\"--awb-bg-size:cover;\"><div class=\"fusion-column-wrapper fusion-flex-column-wrapper-legacy\"><div class=\"fusion-text fusion-text-3\"><p class=\"subtitle-pl\">Smaker<\/p>\n<p>Hallon, Vattenmelon<\/p>\n<\/div><div class=\"fusion-clearfix\"><\/div><\/div><\/div><div class=\"fusion-layout-column fusion_builder_column fusion-builder-column-3 fusion_builder_column_1_2 1_2 fusion-one-half fusion-column-first\" style=\"--awb-bg-size:cover;width:48%; margin-right: 4%;\"><div class=\"fusion-column-wrapper fusion-flex-column-wrapper-legacy\"><div class=\"fusion-text fusion-text-4\"><p class=\"subtitle-pl\">Anv\u00e4ndningsinstruktioner:<\/p>\n<p>Blanda 6 gram pulver (ungef\u00e4r 2 skopor) med 1,5 dl vatten i en shaker och skaka i 30 sekunder. En portion dagligen, helst f\u00f6re tr\u00e4ning.<\/p>\n<p class=\"subtitle-pl\">Ingredienser:<\/p>\n<p>L-citrullin, L-citrullin DL-malat 2:1, surhetsreglerande medel (citronsyra), smak\u00e4mnen, f\u00e4rg\u00e4mnen (karmin), s\u00f6tningsmedel (sukralos, acesulfam K).<\/p>\n<p class=\"subtitle-pl\">Allergiinformation:<\/p>\n<p>Kan inneh\u00e5lla sp\u00e5r av mj\u00f6lk, \u00e4gg, soja och vete (gluten).<\/p>\n<p class=\"subtitle-pl\">Viktig Information:<\/p>\n<p>Denna produkt \u00e4r ett kosttillskott. Anv\u00e4nd denna produkt tillsammans med mat som en del av en h\u00e4lsosam, balanserad kost, inte som ett substitut f\u00f6r s\u00e5dan. Rekommenderas inte f\u00f6r barn, gravida och ammande kvinnor. Avsedd endast f\u00f6r personer \u00f6ver 18 \u00e5r. \u00d6verskrid inte den rekommenderade dagliga dosen.<br \/>\nF\u00f6rvara p\u00e5 en sval, torr plats. Uts\u00e4tt inte f\u00f6r \u00f6verdriven v\u00e4rme, fukt eller solljus. B\u00e4st f\u00f6re datum anges p\u00e5 f\u00f6rpackningen.<\/p>\n<\/div><div class=\"fusion-clearfix\"><\/div><\/div><\/div><div class=\"fusion-layout-column fusion_builder_column fusion-builder-column-4 fusion_builder_column_1_2 1_2 fusion-one-half fusion-column-last\" style=\"--awb-bg-size:cover;width:48%;\"><div class=\"fusion-column-wrapper fusion-flex-column-wrapper-legacy\"><div class=\"fusion-text fusion-text-5\"><p class=\"subtitle-pl\">N\u00c4RINGSINNEH\u00c5LL<\/p>\n<\/div><div class=\"fusion-text fusion-text-6\"><div class=\"table-1\">\n<table class=\"tb\" width=\"100%\">\n<tbody>\n<tr class=\"table-row_border\">\n<td colspan=\"3\"><strong>Portionsstorlek: 2 skopor (6 g)<\/strong><\/td>\n<td colspan=\"2\"><b>6 g<\/b><\/td>\n<td colspan=\"2\"><b>100 g<\/b><\/td>\n<\/tr>\n<tr>\n<td colspan=\"3\">Energiv\u00e4rde<\/td>\n<td colspan=\"2\">85 kJ\/20 kcal<\/td>\n<td colspan=\"2\">1416.1 kJ\/333.2 kcal<\/td>\n<\/tr>\n<tr>\n<td colspan=\"3\">Proteiner<\/td>\n<td colspan=\"2\">5 g<\/td>\n<td colspan=\"2\">83.3 g<\/td>\n<\/tr>\n<tr>\n<td colspan=\"3\">Kolhydrater<\/td>\n<td colspan=\"2\">0 g<\/td>\n<td colspan=\"2\">0 g<\/td>\n<\/tr>\n<tr>\n<td colspan=\"3\">Fetter<\/td>\n<td colspan=\"2\">0 g<\/td>\n<td colspan=\"2\">0 g<\/td>\n<\/tr>\n<tr>\n<td colspan=\"3\">L-Citrullin (fr\u00e5n L-Citrullin och L-Citrullin DL-malat 2:1)<\/td>\n<td colspan=\"2\">5000 mg<\/td>\n<td colspan=\"2\">83333 mg<\/td>\n<\/tr>\n<\/tbody>\n<\/table>\n<\/div>\n<\/div><div class=\"fusion-clearfix\"><\/div><\/div><\/div><\/div><\/div><\/p>\n","protected":false},"excerpt":{"rendered":"","protected":false},"author":1,"featured_media":0,"parent":12497,"menu_order":0,"comment_status":"closed","ping_status":"closed","template":"","meta":{"footnotes":""},"class_list":["post-19952","page","type-page","status-publish","hentry"],"_links":{"self":[{"href":"https:\/\/vikingforce.se\/sv\/wp-json\/wp\/v2\/pages\/19952","targetHints":{"allow":["GET"]}}],"collection":[{"href":"https:\/\/vikingforce.se\/sv\/wp-json\/wp\/v2\/pages"}],"about":[{"href":"https:\/\/vikingforce.se\/sv\/wp-json\/wp\/v2\/types\/page"}],"author":[{"embeddable":true,"href":"https:\/\/vikingforce.se\/sv\/wp-json\/wp\/v2\/users\/1"}],"replies":[{"embeddable":true,"href":"https:\/\/vikingforce.se\/sv\/wp-json\/wp\/v2\/comments?post=19952"}],"version-history":[{"count":10,"href":"https:\/\/vikingforce.se\/sv\/wp-json\/wp\/v2\/pages\/19952\/revisions"}],"predecessor-version":[{"id":23600,"href":"https:\/\/vikingforce.se\/sv\/wp-json\/wp\/v2\/pages\/19952\/revisions\/23600"}],"up":[{"embeddable":true,"href":"https:\/\/vikingforce.se\/sv\/wp-json\/wp\/v2\/pages\/12497"}],"wp:attachment":[{"href":"https:\/\/vikingforce.se\/sv\/wp-json\/wp\/v2\/media?parent=19952"}],"curies":[{"name":"wp","href":"https:\/\/api.w.org\/{rel}","templated":true}]}}