{"id":19749,"date":"2021-09-29T07:39:58","date_gmt":"2021-09-29T07:39:58","guid":{"rendered":"https:\/\/vikingforce.se\/amino-acids\/bcaa-energy\/"},"modified":"2025-05-15T12:40:35","modified_gmt":"2025-05-15T12:40:35","slug":"bcaa-energy","status":"publish","type":"page","link":"https:\/\/vikingforce.se\/sv\/amino-acids\/bcaa-energy\/","title":{"rendered":"BCAA ENERGY"},"content":{"rendered":"<p><div class=\"fusion-fullwidth fullwidth-box fusion-builder-row-1 nonhundred-percent-fullwidth non-hundred-percent-height-scrolling\" style=\"--awb-background-position:center top;--awb-border-color:#f6f6f6;--awb-border-radius-top-left:0px;--awb-border-radius-top-right:0px;--awb-border-radius-bottom-right:0px;--awb-border-radius-bottom-left:0px;--awb-padding-top:1px;--awb-padding-right:0px;--awb-padding-bottom:30px;--awb-padding-left:0px;--awb-background-color:#fff;--awb-border-sizes-top:1px;--awb-border-sizes-bottom:1px;--awb-flex-wrap:wrap;\" ><div class=\"fusion-builder-row fusion-row\"><div class=\"fusion-layout-column fusion_builder_column fusion-builder-column-0 fusion_builder_column_1_2 1_2 fusion-one-half fusion-column-first\" style=\"--awb-bg-size:cover;width:48%; margin-right: 4%;\"><div class=\"fusion-column-wrapper fusion-flex-column-wrapper-legacy\"><div class=\"fusion-sep-clear\"><\/div><div class=\"fusion-separator fusion-full-width-sep\" style=\"margin-left: auto;margin-right: auto;margin-top:60px;width:100%;\"><\/div><div class=\"fusion-sep-clear\"><\/div><div class=\"fusion-text fusion-text-1\"><p><img decoding=\"async\" class=\"aligncenter wp-image-19623 size-fusion-400\" src=\"https:\/\/vikingforce.se\/wp-content\/uploads\/2021\/08\/BCAA-Energy-drink-400x493.jpg\" alt=\"\" width=\"400\" height=\"493\" srcset=\"https:\/\/vikingforce.se\/wp-content\/uploads\/2021\/08\/BCAA-Energy-drink-200x247.jpg 200w, https:\/\/vikingforce.se\/wp-content\/uploads\/2021\/08\/BCAA-Energy-drink-243x300.jpg 243w, https:\/\/vikingforce.se\/wp-content\/uploads\/2021\/08\/BCAA-Energy-drink-400x493.jpg 400w, https:\/\/vikingforce.se\/wp-content\/uploads\/2021\/08\/BCAA-Energy-drink.jpg 600w\" sizes=\"(max-width: 400px) 100vw, 400px\" \/><\/p>\n<\/div><div class=\"fusion-clearfix\"><\/div><\/div><\/div><div class=\"fusion-layout-column fusion_builder_column fusion-builder-column-1 fusion_builder_column_1_2 1_2 fusion-one-half fusion-column-last\" style=\"--awb-bg-size:cover;width:48%;\"><div class=\"fusion-column-wrapper fusion-flex-column-wrapper-legacy\"><div class=\"fusion-title title fusion-title-1 fusion-sep-none fusion-title-text fusion-title-size-one title-wg\" style=\"--awb-margin-bottom:5px;\"><h1 class=\"fusion-title-heading title-heading-left\" style=\"margin:0;\"><div style=\"text-align: center;\">VIKING BCAA ENERGY<\/div><\/h1><\/div><div class=\"fusion-text fusion-text-2\"><p style=\"text-align: center;\">(Kosttillskott)<\/p>\n<\/div><div class=\"fusion-text fusion-text-3\"><\/div><div class=\"fusion-text fusion-text-4\"><p class=\"subtitle-wg\" style=\"text-align: center;\">Nettovikt: 330 ml<\/p>\n<\/div><div class=\"fusion-clearfix\"><\/div><\/div><\/div><\/div><\/div><div class=\"fusion-fullwidth fullwidth-box fusion-builder-row-2 nonhundred-percent-fullwidth non-hundred-percent-height-scrolling\" style=\"--awb-border-color:#f6f6f6;--awb-border-radius-top-left:0px;--awb-border-radius-top-right:0px;--awb-border-radius-bottom-right:0px;--awb-border-radius-bottom-left:0px;--awb-padding-top:10px;--awb-padding-right:0px;--awb-padding-bottom:0px;--awb-padding-left:0px;--awb-background-color:#fff;--awb-border-sizes-top:0px;--awb-border-sizes-bottom:0px;--awb-flex-wrap:wrap;\" ><div class=\"fusion-builder-row fusion-row\"><div class=\"fusion-layout-column fusion_builder_column fusion-builder-column-2 fusion_builder_column_1_1 1_1 fusion-one-full fusion-column-first fusion-column-last\" style=\"--awb-bg-size:cover;\"><div class=\"fusion-column-wrapper fusion-flex-column-wrapper-legacy\"><div class=\"fusion-text fusion-text-5\"><p class=\"subtitle-aa\">Viking BCAA Energy<\/p>\n<p>Kolsyrad energidryck med vitaminer, koffein (106 mg\/330 ml), BCAA (grenade aminosyror) (400 mg\/330 ml) och L-karnitin (2500 mg\/330 ml). Med s\u00f6tningsmedel och ananasarom. Pasteuriserad.<\/p>\n<\/div><div class=\"fusion-clearfix\"><\/div><\/div><\/div><div class=\"fusion-layout-column fusion_builder_column fusion-builder-column-3 fusion_builder_column_1_2 1_2 fusion-one-half fusion-column-first\" style=\"--awb-bg-size:cover;width:48%; margin-right: 4%;\"><div class=\"fusion-column-wrapper fusion-flex-column-wrapper-legacy\"><div class=\"fusion-text fusion-text-6\"><p class=\"subtitle-aa\">Rekommenderad daglig konsumtion:<\/p>\n<p>330 ml<\/p>\n<p class=\"subtitle-aa\">Ingredienser:<\/p>\n<p>vatten, koldioxid, surhetsreglerande medel: citronsyra; L-leucin, L-isoleucin, L-valin; L-karnitin; arom, koffein (0,032%), vitaminer: vitamin C, pantotensyra, vitamin B6, biotin, vitamin B12; s\u00f6tningsmedel: sukralos; stabilisatorer: E414, E445; apelsinterpener.<\/p>\n<p class=\"subtitle-aa\">Viktig information:<\/p>\n<p><b>Inneh\u00e5ller koffein (106 mg\/330 ml)!<\/b> Ej rekommenderad f\u00f6r barn, gravida eller ammande kvinnor, personer k\u00e4nsliga f\u00f6r koffein eller diabetiker (32 mg\/100 ml).<\/p>\n<p>Denna produkt \u00e4r ett kosttillskott. Anv\u00e4nd produkten tillsammans med mat som en del av en h\u00e4lsosam och balanserad kost, inte som ett substitut f\u00f6r s\u00e5dan. F\u00f6rvara utom r\u00e4ckh\u00e5ll f\u00f6r barn. \u00d6verskrid inte den rekommenderade dagliga dosen.<\/p>\n<p>F\u00f6rvara p\u00e5 en sval, torr plats. Uts\u00e4tt inte f\u00f6r \u00f6verdriven v\u00e4rme, fukt eller solljus. B\u00e4st f\u00f6re datum anges p\u00e5 f\u00f6rpackningen.<\/p>\n<\/div><div class=\"fusion-clearfix\"><\/div><\/div><\/div><div class=\"fusion-layout-column fusion_builder_column fusion-builder-column-4 fusion_builder_column_1_2 1_2 fusion-one-half fusion-column-last\" style=\"--awb-bg-size:cover;width:48%;\"><div class=\"fusion-column-wrapper fusion-flex-column-wrapper-legacy\"><div class=\"fusion-text fusion-text-7\"><p class=\"subtitle-aa\">NUTRITION FACTS<\/p>\n<\/div><div class=\"fusion-text fusion-text-8\"><div class=\"table-1\">\n<table class=\"tb\" width=\"100%\">\n<tbody>\n<tr class=\"table-row_border\">\n<td colspan=\"3\"><strong>N\u00e4ringsinneh\u00e5ll per:<\/strong><\/td>\n<td colspan=\"2\"><strong>100 ml<\/strong><\/td>\n<\/tr>\n<tr>\n<td colspan=\"3\">Energi<\/td>\n<td colspan=\"2\">4 kcal \/ 17 kJ<\/td>\n<\/tr>\n<tr>\n<td colspan=\"3\">Fett<\/td>\n<td colspan=\"2\">0 g<\/td>\n<\/tr>\n<tr>\n<td colspan=\"3\">&#8211; Varav m\u00e4ttat fett<\/td>\n<td colspan=\"2\">0 g<\/td>\n<\/tr>\n<tr>\n<td colspan=\"3\">Kolhydrater<\/td>\n<td colspan=\"2\">0 g<\/td>\n<\/tr>\n<tr>\n<td colspan=\"3\">&#8211; Varav sockerarter<\/td>\n<td colspan=\"2\">0 g<\/td>\n<\/tr>\n<tr>\n<td colspan=\"3\">Protein<\/td>\n<td colspan=\"2\">0,75 g<\/td>\n<\/tr>\n<tr>\n<td colspan=\"3\">Salt<\/td>\n<td colspan=\"2\">&lt;0,01 g<\/td>\n<\/tr>\n<tr class=\"table-row_border\">\n<td colspan=\"3\"><\/td>\n<td colspan=\"1\"><strong>100 ml<\/strong><\/td>\n<td colspan=\"1\"><strong>330 ml<\/strong><\/td>\n<\/tr>\n<tr>\n<td colspan=\"3\">Vitamin C<\/td>\n<td colspan=\"1\">24 mg (30% *)<\/td>\n<td colspan=\"1\">80 mg (100% *)<\/td>\n<\/tr>\n<tr>\n<td colspan=\"3\">Pantotensyra<\/td>\n<td colspan=\"1\">1,8 mg (30% *)<\/td>\n<td colspan=\"1\">6 mg (100% *)<\/td>\n<\/tr>\n<tr>\n<td colspan=\"3\">Vitamin B6<\/td>\n<td colspan=\"1\">0,42 mg (30% *)<\/td>\n<td colspan=\"1\">1,4 mg (100% *)<\/td>\n<\/tr>\n<tr>\n<td colspan=\"3\">Biotin<\/td>\n<td colspan=\"1\">15 \u00b5g (30% *)<\/td>\n<td colspan=\"1\">50 \u00b5g (100% *)<\/td>\n<\/tr>\n<tr>\n<td colspan=\"3\">Vitamin B12<\/td>\n<td colspan=\"1\">0,75 \u00b5g (30% *)<\/td>\n<td colspan=\"1\">2,5 \u00b5g (100% *)<\/td>\n<\/tr>\n<tr>\n<td colspan=\"7\">* Dagliga referensintag f\u00f6r vitaminer och mineraler (vuxna)<\/td>\n<\/tr>\n<\/tbody>\n<\/table>\n<\/div>\n<\/div><div class=\"fusion-clearfix\"><\/div><\/div><\/div><\/div><\/div><\/p>\n","protected":false},"excerpt":{"rendered":"","protected":false},"author":1,"featured_media":0,"parent":12370,"menu_order":0,"comment_status":"closed","ping_status":"closed","template":"","meta":{"footnotes":""},"class_list":["post-19749","page","type-page","status-publish","hentry"],"_links":{"self":[{"href":"https:\/\/vikingforce.se\/sv\/wp-json\/wp\/v2\/pages\/19749","targetHints":{"allow":["GET"]}}],"collection":[{"href":"https:\/\/vikingforce.se\/sv\/wp-json\/wp\/v2\/pages"}],"about":[{"href":"https:\/\/vikingforce.se\/sv\/wp-json\/wp\/v2\/types\/page"}],"author":[{"embeddable":true,"href":"https:\/\/vikingforce.se\/sv\/wp-json\/wp\/v2\/users\/1"}],"replies":[{"embeddable":true,"href":"https:\/\/vikingforce.se\/sv\/wp-json\/wp\/v2\/comments?post=19749"}],"version-history":[{"count":9,"href":"https:\/\/vikingforce.se\/sv\/wp-json\/wp\/v2\/pages\/19749\/revisions"}],"predecessor-version":[{"id":23516,"href":"https:\/\/vikingforce.se\/sv\/wp-json\/wp\/v2\/pages\/19749\/revisions\/23516"}],"up":[{"embeddable":true,"href":"https:\/\/vikingforce.se\/sv\/wp-json\/wp\/v2\/pages\/12370"}],"wp:attachment":[{"href":"https:\/\/vikingforce.se\/sv\/wp-json\/wp\/v2\/media?parent=19749"}],"curies":[{"name":"wp","href":"https:\/\/api.w.org\/{rel}","templated":true}]}}