{"id":19651,"date":"2021-08-09T07:11:18","date_gmt":"2021-08-09T07:11:18","guid":{"rendered":"https:\/\/vikingforce.se\/?page_id=19651"},"modified":"2021-08-09T07:18:51","modified_gmt":"2021-08-09T07:18:51","slug":"viking-fury","status":"publish","type":"page","link":"https:\/\/vikingforce.se\/sv\/viking-fury\/","title":{"rendered":"VIKING FURY"},"content":{"rendered":"<p><div class=\"fusion-fullwidth fullwidth-box fusion-builder-row-1 nonhundred-percent-fullwidth non-hundred-percent-height-scrolling\" style=\"--awb-background-position:center top;--awb-border-color:#f6f6f6;--awb-border-radius-top-left:0px;--awb-border-radius-top-right:0px;--awb-border-radius-bottom-right:0px;--awb-border-radius-bottom-left:0px;--awb-padding-top:1px;--awb-padding-right:0px;--awb-padding-bottom:30px;--awb-padding-left:0px;--awb-background-color:#fff;--awb-border-sizes-top:1px;--awb-border-sizes-bottom:1px;--awb-flex-wrap:wrap;\" ><div class=\"fusion-builder-row fusion-row\"><div class=\"fusion-layout-column fusion_builder_column fusion-builder-column-0 fusion_builder_column_1_2 1_2 fusion-one-half fusion-column-first\" style=\"--awb-bg-size:cover;width:48%; margin-right: 4%;\"><div class=\"fusion-column-wrapper fusion-flex-column-wrapper-legacy\"><div class=\"fusion-sep-clear\"><\/div><div class=\"fusion-separator fusion-full-width-sep\" style=\"margin-left: auto;margin-right: auto;margin-top:60px;width:100%;\"><\/div><div class=\"fusion-sep-clear\"><\/div><div class=\"fusion-text fusion-text-1\"><p><a href=\"https:\/\/vikingforce.se\/wp-content\/uploads\/2021\/08\/VIKING-FURY-mockup-final-Current-View.jpg\"><img decoding=\"async\" class=\"size-medium wp-image-19645 aligncenter\" src=\"https:\/\/vikingforce.se\/wp-content\/uploads\/2021\/08\/VIKING-FURY-mockup-final-Current-View-300x300.jpg\" alt=\"\" width=\"300\" height=\"300\" srcset=\"https:\/\/vikingforce.se\/wp-content\/uploads\/2021\/08\/VIKING-FURY-mockup-final-Current-View-66x66.jpg 66w, https:\/\/vikingforce.se\/wp-content\/uploads\/2021\/08\/VIKING-FURY-mockup-final-Current-View-150x150.jpg 150w, https:\/\/vikingforce.se\/wp-content\/uploads\/2021\/08\/VIKING-FURY-mockup-final-Current-View-200x200.jpg 200w, https:\/\/vikingforce.se\/wp-content\/uploads\/2021\/08\/VIKING-FURY-mockup-final-Current-View-300x300.jpg 300w, https:\/\/vikingforce.se\/wp-content\/uploads\/2021\/08\/VIKING-FURY-mockup-final-Current-View-400x400.jpg 400w, https:\/\/vikingforce.se\/wp-content\/uploads\/2021\/08\/VIKING-FURY-mockup-final-Current-View-600x600.jpg 600w, https:\/\/vikingforce.se\/wp-content\/uploads\/2021\/08\/VIKING-FURY-mockup-final-Current-View-768x768.jpg 768w, https:\/\/vikingforce.se\/wp-content\/uploads\/2021\/08\/VIKING-FURY-mockup-final-Current-View-800x800.jpg 800w, https:\/\/vikingforce.se\/wp-content\/uploads\/2021\/08\/VIKING-FURY-mockup-final-Current-View.jpg 1024w\" sizes=\"(max-width: 300px) 100vw, 300px\" \/><\/a><\/p>\n<\/div><div class=\"fusion-clearfix\"><\/div><\/div><\/div><div class=\"fusion-layout-column fusion_builder_column fusion-builder-column-1 fusion_builder_column_1_2 1_2 fusion-one-half fusion-column-last\" style=\"--awb-bg-size:cover;width:48%;\"><div class=\"fusion-column-wrapper fusion-flex-column-wrapper-legacy\"><div class=\"fusion-sep-clear\"><\/div><div class=\"fusion-separator fusion-full-width-sep\" style=\"margin-left: auto;margin-right: auto;margin-top:30px;width:100%;\"><\/div><div class=\"fusion-sep-clear\"><\/div><div class=\"fusion-title title fusion-title-1 fusion-sep-none fusion-title-text fusion-title-size-one title-wg\" style=\"--awb-margin-bottom:5px;\"><h1 class=\"fusion-title-heading title-heading-left\" style=\"margin:0;\"><p style=\"text-align: center;\">VIKING FURY<\/p><\/h1><\/div><div class=\"fusion-sep-clear\"><\/div><div class=\"fusion-separator fusion-full-width-sep\" style=\"margin-left: auto;margin-right: auto;margin-top:25px;width:100%;\"><\/div><div class=\"fusion-sep-clear\"><\/div><div class=\"fusion-text fusion-text-2\"><\/div><div class=\"fusion-sep-clear\"><\/div><div class=\"fusion-separator fusion-full-width-sep\" style=\"margin-left: auto;margin-right: auto;margin-top:10px;width:100%;\"><\/div><div class=\"fusion-sep-clear\"><\/div><div class=\"fusion-text fusion-text-3\"><\/div><div class=\"fusion-text fusion-text-4\"><p class=\"subtitle-wg\" style=\"text-align: center;\">Net Weight: 375 g<\/p>\n<\/div><div class=\"fusion-clearfix\"><\/div><\/div><\/div><\/div><\/div><div class=\"fusion-fullwidth fullwidth-box fusion-builder-row-2 nonhundred-percent-fullwidth non-hundred-percent-height-scrolling\" style=\"--awb-border-color:#f6f6f6;--awb-border-radius-top-left:0px;--awb-border-radius-top-right:0px;--awb-border-radius-bottom-right:0px;--awb-border-radius-bottom-left:0px;--awb-padding-top:10px;--awb-padding-right:0px;--awb-padding-bottom:0px;--awb-padding-left:0px;--awb-background-color:#fff;--awb-border-sizes-top:0px;--awb-border-sizes-bottom:0px;--awb-flex-wrap:wrap;\" ><div class=\"fusion-builder-row fusion-row\"><div class=\"fusion-layout-column fusion_builder_column fusion-builder-column-2 fusion_builder_column_1_1 1_1 fusion-one-full fusion-column-first fusion-column-last\" style=\"--awb-bg-size:cover;\"><div class=\"fusion-column-wrapper fusion-flex-column-wrapper-legacy\"><div class=\"fusion-text fusion-text-5\"><h2>VIKING FURY<\/h2>\n<p><strong>Flavours:Blodapelsin,Skogfrukter,Lychee-Lime.<\/strong><\/p>\n<p>Blodapelsin:<\/p>\n<p>Ingredienser: L-citrullin-dl-malat, beta-alanin, glycerolmonostearat, d-asparaginsyra, L-arginin, L-arginin AKG 2: 1, r\u00f6dbetasaftpulverextrakt, L-ornitin HCl, Betain HCl, taurin, L- tyrosin, isomaltulosa *, f\u00f6rsurningsmedel (citronsyra), antiklumpmedel (kiseldioxid), trinatriumcitrat, klusterdextrin &#x2122; (h\u00f6gf\u00f6rgrenat cykliskt dextrin), smak, vattenfritt koffein, L-teanin, coleus forskohlii rotextrakt (20% forskolin), s\u00f6tningsmedel (sukralos, acesulfamkalium), kaliumklorid, vitamin c (askorbinsyra), magnesiumkarbonat, d-glukuronolakton, f\u00e4rg (paprikaextrakt), cordyceps-svampextrakt (mycelium) (cordyceps sinensis, 10% polysackarider), niacin (nikotinsyra), svartpepparfruktextrakt (piper nigrum, 95% piperin), vitamin b12 (cyanokobalamin). Isomaltulose * (Palatinose &#x2122;) \u00e4r en k\u00e4lla till fruktos och glukos.<\/p>\n<p>Skogfrukter:<\/p>\n<p>Ingredienser: L-citrullin-dl-malat, beta-alanin, glycerolmonostearat, d-asparaginsyra, L-arginin, L-arginin AKG 2: 1, r\u00f6dbetasaftpulverextrakt, L-ornitin HCl, Betain HCl, taurin, L- tyrosin, isomaltulosa *, f\u00f6rsurningsmedel (citronsyra), klumpf\u00f6rebyggande medel (kiseldioxid), trinatriumcitrat, klusterdextrin &#x2122; (h\u00f6gf\u00f6rgrenat cykliskt dextrin), smak\u00e4mnen, vattenfritt koffein, L-teanin, coleus forskohlii rotextrakt (20% forskolin), s\u00f6tningsmedel (sukralos, acesulfamkalium), kaliumklorid, vitamin c (askorbinsyra), magnesiumkarbonat, d-glukuronolakton, cordyceps-svampextrakt (mycelium) (cordyceps sinensis, 10% polysackarider), niacin (nikotinsyra), svart pepparfruktextrakt (piper nigrum, 95% piperin), vitamin b12 (cyanokobalamin). Isomaltulose * (Palatinose &#x2122;) \u00e4r en k\u00e4lla till fruktos och glukos.<\/p>\n<p>Lychee-Lime:<\/p>\n<p>Ingredienser: L-citrullin-dl-malat, beta-alanin, glycerolmonostearat, d-asparaginsyra, L-arginin, L-arginin AKG 2: 1, r\u00f6dbetasaftpulverextrakt, L-ornitin HCl, Betain HCl, taurin, L- tyrosin, isomaltulosa *, f\u00f6rsurande medel (citronsyra), antiklumpmedel (kiseldioxid), trinatriumcitrat, klusterdextrin &#x2122; (h\u00f6gf\u00f6rgrenat cykliskt dextrin), smaker, vattenfritt koffein, L-teanin, coleus forskohlii rotextrakt (20% forskolin), s\u00f6tningsmedel (sukralos, acesulfamkalium), kaliumklorid, vitamin c (askorbinsyra), magnesiumkarbonat, d-glukuronolakton, cordyceps-svampextrakt (mycelium) (cordyceps sinensis, 10% polysackarider), niacin (nikotinsyra), svart pepparfruktextrakt (piper nigrum, 95% piperin), vitamin b12 (cyanokobalamin). Isomaltulose * (Palatinose &#x2122;) \u00e4r en k\u00e4lla till fruktos och glukos.<\/p>\n<p>&nbsp;<\/p>\n<\/div><div class=\"fusion-clearfix\"><\/div><\/div><\/div><div class=\"fusion-layout-column fusion_builder_column fusion-builder-column-3 fusion_builder_column_1_2 1_2 fusion-one-half fusion-column-first\" style=\"--awb-bg-size:cover;width:48%; margin-right: 4%;\"><div class=\"fusion-column-wrapper fusion-flex-column-wrapper-legacy\"><div class=\"fusion-text fusion-text-6\"><p class=\"subtitle-st\"><strong>Riktning f\u00f6r anv\u00e4ndning::<\/strong><\/p>\n<p>En portion \u00e4r en skopa (ca 12,5 g) blandad med 150-200 ml vatten. Konsumera 1-2 portioner (12,5 g &#8211; 25 g) per dag 20-30 minuter f\u00f6re tr\u00e4ning. \u00d6verskrid inte tv\u00e5 portioner inom 24 timmar. B\u00f6rja med \u00bd portion f\u00f6r att testa toleransen. Denna produkt \u00e4r formulerad med ingredienser som absorberar fukt och kan leda till klump i pulvret. Detta \u00e4r normalt och produkten kan konsumeras. Vissa individer kan m\u00e4rka en stickning och rodnad i hudk\u00e4nslan som \u00e4r ofarlig och tillskrivs beta-alanin och nikotinsyra.<\/p>\n<p><strong>Rekommenderat dagligt intag <\/strong>(baserat p\u00e5 en diet med 2000 kalorier)<\/p>\n<p><strong>Allergeninformation:<\/strong><\/p>\n<p>Kan inneh\u00e5lla sp\u00e5r av mj\u00f6lk, soja, \u00e4gg och vete (gluten).<\/p>\n<p><strong>Viktig information:<\/strong><\/p>\n<p>Denna produkt \u00e4r ett kosttillskott. Anv\u00e4nd denna produkt tillsammans med mat som en del av en h\u00e4lsosam, balanserad kost, inte som en ers\u00e4ttning f\u00f6r s\u00e5dana. H\u00f6g koffeinhalt (150 mg \/ 12,5 g serveringsstorlek). Rekommenderas inte f\u00f6r barn, gravida och ammande kvinnor eller personer som \u00e4r k\u00e4nsliga f\u00f6r koffein. Den \u00e4r avsedd f\u00f6r endast 18 \u00e5r eller \u00e4ldre. \u00d6verskrid inte den rekommenderade dagliga dosen.<\/p>\n<p>F\u00f6rvara p\u00e5 en kall och torr plats. Uts\u00e4tt inte f\u00f6r mycket v\u00e4rme, fukt eller solljus. Anv\u00e4nd f\u00f6re utg\u00e5ngsdatum som anges p\u00e5 f\u00f6rpackningen<\/p>\n<\/div><div class=\"fusion-clearfix\"><\/div><\/div><\/div><div class=\"fusion-layout-column fusion_builder_column fusion-builder-column-4 fusion_builder_column_1_2 1_2 fusion-one-half fusion-column-last\" style=\"--awb-bg-size:cover;width:48%;\"><div class=\"fusion-column-wrapper fusion-flex-column-wrapper-legacy\"><div class=\"fusion-text fusion-text-7\"><p class=\"subtitle-st\">NUTRITION FACTS<\/p>\n<\/div><div class=\"fusion-text fusion-text-8\"><table width=\"0\">\n<tbody>\n<tr>\n<td width=\"241\"><strong>N\u00e4ringsinneh\u00e5ll per:<\/strong><\/p>\n<p><strong>Serving Size: 1 scoop (12.5 g)<\/strong><\/p>\n<p><strong>Serveringar per beh\u00e5llare: 30<\/strong><\/td>\n<td width=\"121\"><strong>12.5 g<\/strong><\/td>\n<td width=\"176\"><strong>25 g<\/strong><\/td>\n<td width=\"160\"><strong>100 g<\/strong><\/td>\n<\/tr>\n<tr>\n<td width=\"241\">Energiv\u00e4rde<\/p>\n<p>Proteiner<sup>as free amino acids<\/sup><\/p>\n<p>Kolhydrater<\/p>\n<p>Fetter<\/td>\n<td width=\"121\">79.6 kJ\/19 kcal<\/p>\n<p>2.4 g<\/p>\n<p>0.7 g<\/p>\n<p>0.7 g<\/td>\n<td width=\"176\">159.2 kJ\/37.9 kcal<\/p>\n<p>4.7 g<\/p>\n<p>1.4 g<\/p>\n<p>1.5 g<\/td>\n<td width=\"160\">636.8 kJ\/151.6 kcal<\/p>\n<p>18.9 g<\/p>\n<p>5.6 g<\/p>\n<p>6 g<\/td>\n<\/tr>\n<tr>\n<td width=\"241\"><strong>Pump Complex<\/strong><\/p>\n<p>L- Citruline DL- Malate<\/p>\n<p>Glycerol Monostearate<\/p>\n<p>L-Arginine AKG 2:1<\/p>\n<p>L-Arginine<\/p>\n<p>Beetroot Juice Concentrate<\/p>\n<p>L-Ornithine HCl<\/p>\n<p>Niacin<\/td>\n<td width=\"121\"><strong>5785 mg<\/strong><\/p>\n<p>3000 mg<\/p>\n<p>750 mg<\/p>\n<p>500 mg<\/p>\n<p>500 mg<\/p>\n<p>500 mg<\/p>\n<p>500 mg<\/p>\n<p>35 mg (218.8 %<sup>*<\/sup>)<\/td>\n<td width=\"176\"><strong>11570 mg<\/strong><\/p>\n<p>6000 mg<\/p>\n<p>1500 mg<\/p>\n<p>1000 mg<\/p>\n<p>1000 mg<\/p>\n<p>1000 mg<\/p>\n<p>1000 mg<\/p>\n<p>70 mg (437.5%<sup>*<\/sup>)<\/td>\n<td width=\"160\"><strong>46280 mg<\/strong><\/p>\n<p>24000 mg<\/p>\n<p>6000 mg<\/p>\n<p>4000 mg<\/p>\n<p>4000 mg<\/p>\n<p>4000 mg<\/p>\n<p>4000 mg<\/p>\n<p>280 mg<\/td>\n<\/tr>\n<tr>\n<td width=\"241\"><strong>Strenght &amp; Performance Complex<\/strong><\/p>\n<p>Beta Alanine<\/p>\n<p>Betaine HCL<\/p>\n<p>Vitamin C<\/p>\n<p>Siberian Ginseng root extract<\/td>\n<td width=\"121\"><strong>1895 mg<\/strong><\/p>\n<p>1250 mg<\/p>\n<p>500 mg<\/p>\n<p>120 mg (150 % <sup>*<\/sup>)<\/p>\n<p>25 mg<\/td>\n<td width=\"176\"><strong>3790 mg<\/strong><\/p>\n<p>2500 mg<\/p>\n<p>1000 mg<\/p>\n<p>240 mg (300 % <sup>*<\/sup>)<\/p>\n<p>50 mg<\/td>\n<td width=\"160\"><strong>15160 mg<\/strong><\/p>\n<p>10000 mg<\/p>\n<p>4000 mg<\/p>\n<p>960 mg (1200 % RDA*)<\/p>\n<p>200 mg<\/td>\n<\/tr>\n<tr>\n<td width=\"241\"><strong>Superior Energy Complex<\/strong><\/p>\n<p>Palatinose&#x2122;&amp;\u00a0 Cluster Dextrine&#x2122;<\/p>\n<p>Taurine<\/p>\n<p>D-Glucuronolactone<\/p>\n<p>Vitamin B12<\/td>\n<td width=\"121\"><strong>1250 mg<\/strong><\/p>\n<p>688 mg<\/p>\n<p>500 mg<\/p>\n<p>62.5 mg<\/p>\n<p>0.5 \u00b5g (20 % RDA<sup>*<\/sup>)<\/td>\n<td width=\"176\"><strong>2501 mg<\/strong><\/p>\n<p>1375 mg<\/p>\n<p>1000 mg<\/p>\n<p>125 mg<\/p>\n<p>1 \u00b5g (40 % <sup>*<\/sup>)<\/td>\n<td width=\"160\"><strong>10004 mg<\/strong><\/p>\n<p>5500 mg<\/p>\n<p>4000 mg<\/p>\n<p>500 mg<\/p>\n<p>4 \u00b5g (160 % RDA*)<\/td>\n<\/tr>\n<tr>\n<td width=\"241\"><strong>Focus &amp; Cognition Complex<\/strong><\/p>\n<p>L-Tyrosine<\/p>\n<p>Anhydrous Caffeine<\/p>\n<p>L-Theanine<\/td>\n<td width=\"121\"><strong>800 mg<\/strong><\/p>\n<p>500 mg<\/p>\n<p>150 mg<\/p>\n<p>150 mg<\/td>\n<td width=\"176\"><strong>1600 mg<\/strong><\/p>\n<p>1000 mg<\/p>\n<p>300 mg<\/p>\n<p>300 mg<\/td>\n<td width=\"160\"><strong>6400 mg<\/strong><\/p>\n<p>4000 mg<\/p>\n<p>1200 mg<\/p>\n<p>1200 mg<\/td>\n<\/tr>\n<tr>\n<td width=\"241\"><strong>T&amp;GH Booster Complex <\/strong><\/p>\n<p>D-Aspartic Acid<\/p>\n<p>Coleus Forskohlii root extract<\/td>\n<td width=\"121\"><strong>775 mg<\/strong><\/p>\n<p>625 mg<\/p>\n<p>150 mg<\/td>\n<td width=\"176\">1550 mg<\/p>\n<p>1250 mg<\/p>\n<p>300 mg<\/td>\n<td width=\"160\"><strong>6200 mg<\/strong><\/p>\n<p>5000 mg<\/p>\n<p>1200 mg<\/td>\n<\/tr>\n<tr>\n<td width=\"241\"><strong>Nutrient Absorption Booster<\/strong><\/p>\n<p>Sodium (from Trisodium Citrate)<\/p>\n<p>Potassium\u00a0 (from Potassium Chloride)<\/p>\n<p>Magnesium (from Magnesium Carbonate)<\/p>\n<p>Black peper fruit extract<\/p>\n<p><em>&#8211; of which piperine<\/em><\/td>\n<td width=\"121\"><strong>625.5 mg<\/strong><\/p>\n<p>100 mg<\/p>\n<p>75 mg (3.8 % <sup>*<\/sup>)<\/p>\n<p>22.5 mg (6 % <sup>*<\/sup>)<\/p>\n<p>4 mg<\/p>\n<p><em>3.8 mg<\/em><\/td>\n<td width=\"176\"><strong>1305 mg<\/strong><\/p>\n<p>200 mg<\/p>\n<p>150 mg (7.5 % <sup>*<\/sup>)<\/p>\n<p>45 mg (12 % <sup>*<\/sup>)<\/p>\n<p>7.9 mg<\/p>\n<p><em>7.5 mg<\/em><\/td>\n<td width=\"160\"><strong>5220 mg<\/strong><\/p>\n<p>800 mg<\/p>\n<p>600 mg (30 % RDA<sup>*<\/sup>)<\/p>\n<p>180 mg (48 % RDA<sup>*<\/sup>)<\/p>\n<p>31.6 mg<\/p>\n<p><em>30 mg<\/em><\/td>\n<\/tr>\n<\/tbody>\n<\/table>\n<div class=\"table-1\">\n<p>*% RDA &#8211; rekommenderat dagligt intag (baserat p\u00e5 en diet med 2000 kalorier)<\/p>\n<\/div>\n<\/div><div class=\"fusion-clearfix\"><\/div><\/div><\/div><\/div><\/div><\/p>\n","protected":false},"excerpt":{"rendered":"","protected":false},"author":3,"featured_media":0,"parent":0,"menu_order":0,"comment_status":"closed","ping_status":"closed","template":"","meta":{"footnotes":""},"class_list":["post-19651","page","type-page","status-publish","hentry"],"_links":{"self":[{"href":"https:\/\/vikingforce.se\/sv\/wp-json\/wp\/v2\/pages\/19651","targetHints":{"allow":["GET"]}}],"collection":[{"href":"https:\/\/vikingforce.se\/sv\/wp-json\/wp\/v2\/pages"}],"about":[{"href":"https:\/\/vikingforce.se\/sv\/wp-json\/wp\/v2\/types\/page"}],"author":[{"embeddable":true,"href":"https:\/\/vikingforce.se\/sv\/wp-json\/wp\/v2\/users\/3"}],"replies":[{"embeddable":true,"href":"https:\/\/vikingforce.se\/sv\/wp-json\/wp\/v2\/comments?post=19651"}],"version-history":[{"count":5,"href":"https:\/\/vikingforce.se\/sv\/wp-json\/wp\/v2\/pages\/19651\/revisions"}],"predecessor-version":[{"id":19658,"href":"https:\/\/vikingforce.se\/sv\/wp-json\/wp\/v2\/pages\/19651\/revisions\/19658"}],"wp:attachment":[{"href":"https:\/\/vikingforce.se\/sv\/wp-json\/wp\/v2\/media?parent=19651"}],"curies":[{"name":"wp","href":"https:\/\/api.w.org\/{rel}","templated":true}]}}