{"id":18894,"date":"2020-12-19T13:53:36","date_gmt":"2020-12-19T13:53:36","guid":{"rendered":"https:\/\/vikingforce.se\/beauty-line\/viking-kollagen\/"},"modified":"2025-05-16T10:00:34","modified_gmt":"2025-05-16T10:00:34","slug":"viking-kollagen","status":"publish","type":"page","link":"https:\/\/vikingforce.se\/sv\/beauty-line\/viking-kollagen\/","title":{"rendered":"VIKING KOLLAGEN"},"content":{"rendered":"<p><div class=\"fusion-fullwidth fullwidth-box fusion-builder-row-1 nonhundred-percent-fullwidth non-hundred-percent-height-scrolling\" style=\"--awb-background-position:center top;--awb-border-color:#f6f6f6;--awb-border-radius-top-left:0px;--awb-border-radius-top-right:0px;--awb-border-radius-bottom-right:0px;--awb-border-radius-bottom-left:0px;--awb-padding-top:1px;--awb-padding-right:0px;--awb-padding-bottom:30px;--awb-padding-left:0px;--awb-background-color:#fff;--awb-border-sizes-top:1px;--awb-border-sizes-bottom:1px;--awb-flex-wrap:wrap;\" ><div class=\"fusion-builder-row fusion-row\"><div class=\"fusion-layout-column fusion_builder_column fusion-builder-column-0 fusion_builder_column_1_2 1_2 fusion-one-half fusion-column-first\" style=\"--awb-bg-size:cover;width:48%; margin-right: 4%;\"><div class=\"fusion-column-wrapper fusion-flex-column-wrapper-legacy\"><div class=\"fusion-text fusion-text-1\"><p><a href=\"https:\/\/vikingforce.se\/wp-content\/uploads\/2020\/09\/VIKING-Kollagen-Current-View.jpg\"><img decoding=\"async\" class=\"alignnone size-full wp-image-18517\" src=\"https:\/\/vikingforce.se\/wp-content\/uploads\/2020\/09\/VIKING-Kollagen-Current-View.jpg\" alt=\"\" width=\"2048\" height=\"2048\" srcset=\"https:\/\/vikingforce.se\/wp-content\/uploads\/2020\/09\/VIKING-Kollagen-Current-View-66x66.jpg 66w, https:\/\/vikingforce.se\/wp-content\/uploads\/2020\/09\/VIKING-Kollagen-Current-View-150x150.jpg 150w, https:\/\/vikingforce.se\/wp-content\/uploads\/2020\/09\/VIKING-Kollagen-Current-View-200x200.jpg 200w, https:\/\/vikingforce.se\/wp-content\/uploads\/2020\/09\/VIKING-Kollagen-Current-View-300x300.jpg 300w, https:\/\/vikingforce.se\/wp-content\/uploads\/2020\/09\/VIKING-Kollagen-Current-View-400x400.jpg 400w, https:\/\/vikingforce.se\/wp-content\/uploads\/2020\/09\/VIKING-Kollagen-Current-View-600x600.jpg 600w, https:\/\/vikingforce.se\/wp-content\/uploads\/2020\/09\/VIKING-Kollagen-Current-View-768x768.jpg 768w, https:\/\/vikingforce.se\/wp-content\/uploads\/2020\/09\/VIKING-Kollagen-Current-View-800x800.jpg 800w, https:\/\/vikingforce.se\/wp-content\/uploads\/2020\/09\/VIKING-Kollagen-Current-View-1024x1024.jpg 1024w, https:\/\/vikingforce.se\/wp-content\/uploads\/2020\/09\/VIKING-Kollagen-Current-View-1200x1200.jpg 1200w, https:\/\/vikingforce.se\/wp-content\/uploads\/2020\/09\/VIKING-Kollagen-Current-View-1536x1536.jpg 1536w, https:\/\/vikingforce.se\/wp-content\/uploads\/2020\/09\/VIKING-Kollagen-Current-View.jpg 2048w\" sizes=\"(max-width: 2048px) 100vw, 2048px\" \/><\/a><\/p>\n<\/div><div class=\"fusion-clearfix\"><\/div><\/div><\/div><div class=\"fusion-layout-column fusion_builder_column fusion-builder-column-1 fusion_builder_column_1_2 1_2 fusion-one-half fusion-column-last\" style=\"--awb-bg-size:cover;width:48%;\"><div class=\"fusion-column-wrapper fusion-flex-column-wrapper-legacy\"><div class=\"fusion-title title fusion-title-1 fusion-sep-none fusion-title-text fusion-title-size-one title-wg\" style=\"--awb-margin-bottom:5px;\"><h1 class=\"fusion-title-heading title-heading-left\" style=\"margin:0;\"><b>VIKING KOLLAGE<\/b>N<br \/><\/h1><\/div><div class=\"fusion-text fusion-text-2\"><p style=\"text-align: center;\">(Kosttillskott)<\/p>\n<\/div><div class=\"fusion-text fusion-text-3\"><p><!--<img decoding=\"async\" class=\"size-large wp-image-11808 aligncenter\" src=\"https:\/\/vikingforce.se\/wp-content\/uploads\/2015\/12\/aroma-empire-whey-1024x110.jpg\" alt=\"aroma-empire-whey\" width=\"669\" height=\"72\" srcset=\"https:\/\/vikingforce.se\/wp-content\/uploads\/2015\/12\/aroma-empire-whey-300x32.jpg 300w, https:\/\/vikingforce.se\/wp-content\/uploads\/2015\/12\/aroma-empire-whey-1024x110.jpg 1024w\" sizes=\"(max-width: 669px) 100vw, 669px\" \/>--><\/p>\n<\/div><div class=\"fusion-text fusion-text-4\"><p><!--<img decoding=\"async\" class=\"wp-image-11807 aligncenter\" src=\"https:\/\/vikingforce.se\/wp-content\/uploads\/2015\/12\/serving-empire-whey.jpg\" alt=\"serving-empire-whey\" width=\"147\" height=\"115\" \/>--><\/p>\n<\/div><div class=\"fusion-text fusion-text-5\"><p class=\"subtitle-wg\" style=\"text-align: center;\">Nettovikt : 500 ml<\/p>\n<p class=\"subtitle-wg\" style=\"text-align: center;\">Portioner per beh\u00e5llare: 20<\/p>\n<\/div><div class=\"fusion-clearfix\"><\/div><\/div><\/div><\/div><\/div><div class=\"fusion-fullwidth fullwidth-box fusion-builder-row-2 nonhundred-percent-fullwidth non-hundred-percent-height-scrolling\" style=\"--awb-border-color:#f6f6f6;--awb-border-radius-top-left:0px;--awb-border-radius-top-right:0px;--awb-border-radius-bottom-right:0px;--awb-border-radius-bottom-left:0px;--awb-padding-top:10px;--awb-padding-right:0px;--awb-padding-bottom:0px;--awb-padding-left:0px;--awb-background-color:#fff;--awb-border-sizes-top:0px;--awb-border-sizes-bottom:0px;--awb-flex-wrap:wrap;\" ><div class=\"fusion-builder-row fusion-row\"><div class=\"fusion-layout-column fusion_builder_column fusion-builder-column-2 fusion_builder_column_1_1 1_1 fusion-one-full fusion-column-first fusion-column-last\" style=\"--awb-bg-size:cover;\"><div class=\"fusion-column-wrapper fusion-flex-column-wrapper-legacy\"><div class=\"fusion-text fusion-text-6\"><p class=\"subtitle-b\">VIKING KOLLAGEN<\/p>\n<p>VIKING KOLLAGEN inneh\u00e5ller hydrolyserat kollagen, hyaluronsyra och vitamin C. Kollagen \u00e4r ett av kroppens naturliga proteiner och en del av bindv\u00e4vens struktur. Hyaluronsyra finns naturligt i kroppen och \u00e4r en komponent i bindv\u00e4v.Vitamin C bidrar till normal kollagenbildning, vilket \u00e4r viktigt f\u00f6r hudens och broskets normala funktion. Det bidrar ocks\u00e5 till att skydda cellerna mot oxidativ stress.Produkten \u00e4r i flytande form.<\/p>\n<p>\u2022 Vitamin C bidrar till normal kollagenbildning f\u00f6r hudens normala funktion.<br \/>\n\u2022 V\u00e4labsorberande och sm\u00e4ltbar form.<\/p>\n<p class=\"subtitle-b\">Flavours:<\/p>\n<p>Raspberry, Cola.<\/p>\n<\/div><div class=\"fusion-clearfix\"><\/div><\/div><\/div><div class=\"fusion-layout-column fusion_builder_column fusion-builder-column-3 fusion_builder_column_1_2 1_2 fusion-one-half fusion-column-first\" style=\"--awb-bg-size:cover;width:48%; margin-right: 4%;\"><div class=\"fusion-column-wrapper fusion-flex-column-wrapper-legacy\"><div class=\"fusion-text fusion-text-7\"><p class=\"subtitle-b\">Anv\u00e4ndningsanvisning:<\/p>\n<p>Ta 25 ml upp till 50 ml dagligen, p\u00e5 fastande mage. Skaka v\u00e4l innan anv\u00e4ndning!<\/p>\n<p class=\"subtitle-b\">Ingredienser:<\/p>\n<p>Renat vatten, hydrolyserat kollagen, s\u00f6tningsmedel (Erylite\u00ae Stevia (erytritol, steviolglykosider)), syrningsmedel (citronsyra), aromer, hyaluronsyra, vitamin C (askorbinsyra), f\u00e4rg\u00e4mne (karminekokineal f\u00f6r hallonsmak, karamell f\u00f6r colasmak) , Konserveringsmedel (kaliumsorbat, natriumbensoat).<\/p>\n<p class=\"subtitle-b\">Allergiinformation:<\/p>\n<p>Tillverkad i en anl\u00e4ggning som \u00e4ven bearbetar mj\u00f6lk, \u00e4gg, soja och veteprotein!<\/p>\n<p class=\"subtitle-b\">Viktig information:<\/p>\n<p>Denna produkt \u00e4r ett kosttillskott. Anv\u00e4nd denna produkt tillsammans med mat som en del av en h\u00e4lsosam, balanserad kost, inte som en ers\u00e4ttning f\u00f6r s\u00e5dan. F\u00f6rvara utom r\u00e4ckh\u00e5ll f\u00f6r barn. Ej avsedd f\u00f6r anv\u00e4ndning av gravida eller ammande kvinnor! \u00d6verskrid inte den rekommenderade dagliga dosen.<br \/>\nF\u00f6rvara p\u00e5 en kall och torr plats. Uts\u00e4tt inte f\u00f6r stark v\u00e4rme, fukt eller solljus. B\u00e4st f\u00f6re det utg\u00e5ngsdatum som \u00e4r skrivet p\u00e5 f\u00f6rpackningen.<\/p>\n<\/div><div class=\"fusion-clearfix\"><\/div><\/div><\/div><div class=\"fusion-layout-column fusion_builder_column fusion-builder-column-4 fusion_builder_column_1_2 1_2 fusion-one-half fusion-column-last\" style=\"--awb-bg-size:cover;width:48%;\"><div class=\"fusion-column-wrapper fusion-flex-column-wrapper-legacy\"><div class=\"fusion-text fusion-text-8\"><p class=\"subtitle-b\">N\u00c4RINGSFAKTA<\/p>\n<\/div><div class=\"fusion-text fusion-text-9\"><div class=\"table-1\">\n<table class=\"tb\" width=\"100%\">\n<tbody>\n<tr class=\"table-row_border\">\n<td colspan=\"4\"><strong>N\u00e4ringsfakta**<\/strong><\/td>\n<td style=\"text-align: center;\" colspan=\"3\"><strong>25 ml<\/strong><\/td>\n<td style=\"text-align: center;\" colspan=\"3\"><strong>50 ml<\/strong><\/td>\n<td style=\"text-align: center;\" colspan=\"3\"><strong>100 ml<\/strong><\/td>\n<\/tr>\n<tr>\n<td colspan=\"4\">Energi<\/td>\n<td style=\"text-align: center;\" colspan=\"3\">18,4 kcal\/ 78,2 kJ<\/td>\n<td style=\"text-align: center;\" colspan=\"3\">36,8 kcal\/ 156,4 kJ<\/td>\n<td style=\"text-align: center;\" colspan=\"3\">73,6 kcal\/ 312,8 kJ<\/td>\n<\/tr>\n<tr>\n<td colspan=\"4\">Proteiner<\/td>\n<td style=\"text-align: center;\" colspan=\"3\">4,6 g<\/td>\n<td style=\"text-align: center;\" colspan=\"3\">9,2 g<\/td>\n<td style=\"text-align: center;\" colspan=\"3\">18,4 g<\/td>\n<\/tr>\n<tr>\n<td colspan=\"4\">Kolhydrater<\/td>\n<td style=\"text-align: center;\" colspan=\"3\">0 g<\/td>\n<td style=\"text-align: center;\" colspan=\"3\">0 g<\/td>\n<td style=\"text-align: center;\" colspan=\"3\">0 g<\/td>\n<\/tr>\n<tr>\n<td colspan=\"4\">Fetter<\/td>\n<td style=\"text-align: center;\" colspan=\"3\">0 g<\/td>\n<td style=\"text-align: center;\" colspan=\"3\">0 g<\/td>\n<td style=\"text-align: center;\" colspan=\"3\">0 g<\/td>\n<\/tr>\n<tr>\n<td colspan=\"4\">Hydrolyserat kollagen<\/td>\n<td style=\"text-align: center;\" colspan=\"3\">5000 mg (**)<\/td>\n<td style=\"text-align: center;\" colspan=\"3\">10000 mg (**)<\/td>\n<td style=\"text-align: center;\" colspan=\"3\">20000 mg (**)<\/td>\n<\/tr>\n<tr>\n<td colspan=\"4\">Hyaluronsyra<\/td>\n<td style=\"text-align: center;\" colspan=\"3\">50 mg (**)<\/td>\n<td style=\"text-align: center;\" colspan=\"3\">100 mg (**)<\/td>\n<td style=\"text-align: center;\" colspan=\"3\">200 mg (**)<\/td>\n<\/tr>\n<tr>\n<td colspan=\"4\">Vitamin C<\/td>\n<td style=\"text-align: center;\" colspan=\"3\">40 mg (50 % NRV*)<\/td>\n<td style=\"text-align: center;\" colspan=\"3\">80 mg (100 % NRV*)<\/td>\n<td style=\"text-align: center;\" colspan=\"3\">160 mg (200 % NRV*)<\/td>\n<\/tr>\n<tr>\n<td colspan=\"13\">* NRV- N\u00e4ringsreferensv\u00e4rden<br \/>\n** NRV ej fastst\u00e4llda.<\/td>\n<\/tr>\n<\/tbody>\n<\/table>\n<\/div>\n<\/div><div class=\"fusion-clearfix\"><\/div><\/div><\/div><\/div><\/div><\/p>\n","protected":false},"excerpt":{"rendered":"","protected":false},"author":1,"featured_media":0,"parent":18869,"menu_order":0,"comment_status":"closed","ping_status":"closed","template":"","meta":{"footnotes":""},"class_list":["post-18894","page","type-page","status-publish","hentry"],"_links":{"self":[{"href":"https:\/\/vikingforce.se\/sv\/wp-json\/wp\/v2\/pages\/18894","targetHints":{"allow":["GET"]}}],"collection":[{"href":"https:\/\/vikingforce.se\/sv\/wp-json\/wp\/v2\/pages"}],"about":[{"href":"https:\/\/vikingforce.se\/sv\/wp-json\/wp\/v2\/types\/page"}],"author":[{"embeddable":true,"href":"https:\/\/vikingforce.se\/sv\/wp-json\/wp\/v2\/users\/1"}],"replies":[{"embeddable":true,"href":"https:\/\/vikingforce.se\/sv\/wp-json\/wp\/v2\/comments?post=18894"}],"version-history":[{"count":21,"href":"https:\/\/vikingforce.se\/sv\/wp-json\/wp\/v2\/pages\/18894\/revisions"}],"predecessor-version":[{"id":23555,"href":"https:\/\/vikingforce.se\/sv\/wp-json\/wp\/v2\/pages\/18894\/revisions\/23555"}],"up":[{"embeddable":true,"href":"https:\/\/vikingforce.se\/sv\/wp-json\/wp\/v2\/pages\/18869"}],"wp:attachment":[{"href":"https:\/\/vikingforce.se\/sv\/wp-json\/wp\/v2\/media?parent=18894"}],"curies":[{"name":"wp","href":"https:\/\/api.w.org\/{rel}","templated":true}]}}