{"id":18886,"date":"2020-09-29T13:09:14","date_gmt":"2020-09-29T13:09:14","guid":{"rendered":"https:\/\/vikingforce.se\/beauty-line\/viking-hair-and-nails\/"},"modified":"2025-05-16T09:55:54","modified_gmt":"2025-05-16T09:55:54","slug":"viking-hair-and-nails","status":"publish","type":"page","link":"https:\/\/vikingforce.se\/sv\/beauty-line\/viking-hair-and-nails\/","title":{"rendered":"VIKING HAIR AND NAILS"},"content":{"rendered":"<p><div class=\"fusion-fullwidth fullwidth-box fusion-builder-row-1 nonhundred-percent-fullwidth non-hundred-percent-height-scrolling\" style=\"--awb-background-position:center top;--awb-border-color:#f6f6f6;--awb-border-radius-top-left:0px;--awb-border-radius-top-right:0px;--awb-border-radius-bottom-right:0px;--awb-border-radius-bottom-left:0px;--awb-padding-top:1px;--awb-padding-right:0px;--awb-padding-bottom:30px;--awb-padding-left:0px;--awb-background-color:#fff;--awb-border-sizes-top:1px;--awb-border-sizes-bottom:1px;--awb-flex-wrap:wrap;\" ><div class=\"fusion-builder-row fusion-row\"><div class=\"fusion-layout-column fusion_builder_column fusion-builder-column-0 fusion_builder_column_1_2 1_2 fusion-one-half fusion-column-first\" style=\"--awb-bg-size:cover;width:48%; margin-right: 4%;\"><div class=\"fusion-column-wrapper fusion-flex-column-wrapper-legacy\"><div class=\"fusion-sep-clear\"><\/div><div class=\"fusion-separator fusion-full-width-sep\" style=\"margin-left: auto;margin-right: auto;margin-top:60px;width:100%;\"><\/div><div class=\"fusion-sep-clear\"><\/div><div class=\"fusion-text fusion-text-1\"><p><img decoding=\"async\" class=\"aligncenter wp-image-18505 size-full\" src=\"https:\/\/vikingforce.se\/wp-content\/uploads\/2020\/09\/Hair-Nails-Current-View.jpg\" alt=\"\" width=\"2048\" height=\"2048\" srcset=\"https:\/\/vikingforce.se\/wp-content\/uploads\/2020\/09\/Hair-Nails-Current-View-66x66.jpg 66w, https:\/\/vikingforce.se\/wp-content\/uploads\/2020\/09\/Hair-Nails-Current-View-150x150.jpg 150w, https:\/\/vikingforce.se\/wp-content\/uploads\/2020\/09\/Hair-Nails-Current-View-200x200.jpg 200w, https:\/\/vikingforce.se\/wp-content\/uploads\/2020\/09\/Hair-Nails-Current-View-300x300.jpg 300w, https:\/\/vikingforce.se\/wp-content\/uploads\/2020\/09\/Hair-Nails-Current-View-400x400.jpg 400w, https:\/\/vikingforce.se\/wp-content\/uploads\/2020\/09\/Hair-Nails-Current-View-600x600.jpg 600w, https:\/\/vikingforce.se\/wp-content\/uploads\/2020\/09\/Hair-Nails-Current-View-768x768.jpg 768w, https:\/\/vikingforce.se\/wp-content\/uploads\/2020\/09\/Hair-Nails-Current-View-800x800.jpg 800w, https:\/\/vikingforce.se\/wp-content\/uploads\/2020\/09\/Hair-Nails-Current-View-1024x1024.jpg 1024w, https:\/\/vikingforce.se\/wp-content\/uploads\/2020\/09\/Hair-Nails-Current-View-1200x1200.jpg 1200w, https:\/\/vikingforce.se\/wp-content\/uploads\/2020\/09\/Hair-Nails-Current-View-1536x1536.jpg 1536w, https:\/\/vikingforce.se\/wp-content\/uploads\/2020\/09\/Hair-Nails-Current-View.jpg 2048w\" sizes=\"(max-width: 2048px) 100vw, 2048px\" \/><\/p>\n<\/div><div class=\"fusion-clearfix\"><\/div><\/div><\/div><div class=\"fusion-layout-column fusion_builder_column fusion-builder-column-1 fusion_builder_column_1_2 1_2 fusion-one-half fusion-column-last\" style=\"--awb-bg-size:cover;width:48%;\"><div class=\"fusion-column-wrapper fusion-flex-column-wrapper-legacy\"><div class=\"fusion-title title fusion-title-1 fusion-sep-none fusion-title-text fusion-title-size-one title-wg\" style=\"--awb-margin-bottom:5px;\"><h1 class=\"fusion-title-heading title-heading-left\" style=\"margin:0;\"><span style=\"font-size: var(--h1_typography-font-size); font-style: var(--h1_typography-font-style,normal); font-weight: var(--h1_typography-font-weight); letter-spacing: var(--h1_typography-letter-spacing);\">VIKING HAIR &amp; NAILS<\/span><\/h1><\/div><div class=\"fusion-text fusion-text-2\"><p style=\"text-align: center;\">(Kosttillskott)<\/p>\n<\/div><div class=\"fusion-text fusion-text-3\"><p><!--<img decoding=\"async\" class=\"size-large wp-image-11808 aligncenter\" src=\"https:\/\/vikingforce.se\/wp-content\/uploads\/2015\/12\/aroma-empire-whey-1024x110.jpg\" alt=\"aroma-empire-whey\" width=\"669\" height=\"72\" srcset=\"https:\/\/vikingforce.se\/wp-content\/uploads\/2015\/12\/aroma-empire-whey-300x32.jpg 300w, https:\/\/vikingforce.se\/wp-content\/uploads\/2015\/12\/aroma-empire-whey-1024x110.jpg 1024w\" sizes=\"(max-width: 669px) 100vw, 669px\" \/>--><\/p>\n<\/div><div class=\"fusion-text fusion-text-4\"><p><!--<img decoding=\"async\" class=\"wp-image-11807 aligncenter\" src=\"https:\/\/vikingforce.se\/wp-content\/uploads\/2015\/12\/serving-empire-whey.jpg\" alt=\"serving-empire-whey\" width=\"147\" height=\"115\" \/>--><\/p>\n<\/div><div class=\"fusion-text fusion-text-5\"><p class=\"subtitle-wg\" style=\"text-align: center;\">60 kapslar<\/p>\n<p class=\"subtitle-wg\" style=\"text-align: center;\">Nettovikt: 41.7 g<\/p>\n<\/div><div class=\"fusion-clearfix\"><\/div><\/div><\/div><\/div><\/div><div class=\"fusion-fullwidth fullwidth-box fusion-builder-row-2 nonhundred-percent-fullwidth non-hundred-percent-height-scrolling\" style=\"--awb-border-color:#f6f6f6;--awb-border-radius-top-left:0px;--awb-border-radius-top-right:0px;--awb-border-radius-bottom-right:0px;--awb-border-radius-bottom-left:0px;--awb-padding-top:10px;--awb-padding-right:0px;--awb-padding-bottom:10px;--awb-padding-left:0px;--awb-background-color:#fff;--awb-border-sizes-top:0px;--awb-border-sizes-bottom:0px;--awb-flex-wrap:wrap;\" ><div class=\"fusion-builder-row fusion-row\"><div class=\"fusion-layout-column fusion_builder_column fusion-builder-column-2 fusion_builder_column_1_1 1_1 fusion-one-full fusion-column-first fusion-column-last\" style=\"--awb-bg-size:cover;\"><div class=\"fusion-column-wrapper fusion-flex-column-wrapper-legacy\"><div class=\"fusion-text fusion-text-6\"><p class=\"subtitle-b\">VIKINGS H\u00c5R OCH NAGLAR<\/p>\n<p>B\u00e4ttre h\u00e5r och naglar kan uppn\u00e5s n\u00e4r din kropp kompletteras med de n\u00e4rings\u00e4mnen som du beh\u00f6ver f\u00f6r dessa funktioner. Viking Beauty \u00e4r en speciell kombination av viktiga n\u00e4rings\u00e4mnen, inklusive biotin, kiseldioxid, zink och B-vitaminer. L\u00e4gg till 1 kapsel till din dagliga rutin f\u00f6r att bibeh\u00e5lla friska h\u00e5r och naglar.<br \/>\n\u2022 Zink och biotin bidrar till att underh\u00e5lla normalt h\u00e5r och naglar.<br \/>\n\u2022 Vitamin B2 hj\u00e4lper till att skydda cellerna fr\u00e5n oxidativ stress.<br \/>\n\u2022 Vitamin B12 st\u00f6der normal celldelning.<\/p>\n<\/div><div class=\"fusion-clearfix\"><\/div><\/div><\/div><div class=\"fusion-layout-column fusion_builder_column fusion-builder-column-3 fusion_builder_column_1_2 1_2 fusion-one-half fusion-column-first\" style=\"--awb-bg-size:cover;width:48%; margin-right: 4%;\"><div class=\"fusion-column-wrapper fusion-flex-column-wrapper-legacy\"><div class=\"fusion-text fusion-text-7\"><p class=\"subtitle-b\">Rekommenderade dagliga doser f\u00f6r vuxna:<\/p>\n<p>1 kapsel per dag, helst i samband med m\u00e5ltid. B\u00f6rja m\u00e4rka alla f\u00f6rdelar inom 4 &#8211; 6 m\u00e5nader.<\/p>\n<p class=\"subtitle-b\">\u00d6vriga ingredienser:<\/p>\n<p>Gelatinkapsel (inneh\u00e5ller\u00a0 zinkoxid)<\/p>\n<p class=\"subtitle-b\">Allergiinformation:<\/p>\n<p>Tillverkad i en anl\u00e4ggning som \u00e4ven bearbetar mj\u00f6lk, soja, \u00e4gg och vete (gluten) protein.<\/p>\n<p class=\"subtitle-b\">Viktig information:<\/p>\n<p>Denna produkt \u00e4r ett kosttillskott. Anv\u00e4nd denna produkt tillsammans med mat som en del av en h\u00e4lsosam, balanserad kost, inte som en ers\u00e4ttning f\u00f6r s\u00e5dan. F\u00f6rvara utom r\u00e4ckh\u00e5ll f\u00f6r barn. Ej avsedd f\u00f6r anv\u00e4ndning av gravida eller ammande kvinnor! \u00d6verskrid inte rekommenderad daglig anv\u00e4ndning.<br \/>\nF\u00f6rvara p\u00e5 en sval och torr plats. Uts\u00e4tt inte f\u00f6r stark v\u00e4rme, fukt eller solljus. B\u00e4st f\u00f6re det utg\u00e5ngsdatum som \u00e4r skrivet p\u00e5 f\u00f6rpackningen.<\/p>\n<\/div><div class=\"fusion-clearfix\"><\/div><\/div><\/div><div class=\"fusion-layout-column fusion_builder_column fusion-builder-column-4 fusion_builder_column_1_2 1_2 fusion-one-half fusion-column-last\" style=\"--awb-bg-size:cover;--awb-margin-bottom:0px;width:48%;\"><div class=\"fusion-column-wrapper fusion-flex-column-wrapper-legacy\"><div class=\"fusion-column-content-centered\"><div class=\"fusion-column-content\"><div class=\"fusion-text fusion-text-8\"><p class=\"subtitle-b\">N\u00c4RINGSFAKTA<\/p>\n<\/div><div class=\"fusion-text fusion-text-9\"><div class=\"table-1\">\n<table class=\"tb\" width=\"100%\">\n<tbody>\n<tr class=\"table-row_border\">\n<td colspan=\"3\">Portionsstorlek: 1 kapsel<br \/>\nPortioner per beh\u00e5llare: 60<\/td>\n<td style=\"text-align: center;\" colspan=\"3\"><\/td>\n<td style=\"text-align: center;\" colspan=\"3\"><\/td>\n<\/tr>\n<tr>\n<td colspan=\"3\"><strong>Kompletterande fakta per:<\/strong><\/td>\n<td style=\"text-align: center;\" colspan=\"3\"><strong>1 portion (1 kapsel)<\/strong><\/td>\n<td style=\"text-align: center;\" colspan=\"3\"><strong>% NRV* <\/strong><\/td>\n<\/tr>\n<tr>\n<td colspan=\"3\">Kiseldioxid (kiseldioxid):<\/td>\n<td style=\"text-align: center;\" colspan=\"3\">50 mg<\/td>\n<td style=\"text-align: center;\" colspan=\"3\">**<\/td>\n<\/tr>\n<tr>\n<td colspan=\"3\"><em>&#8211; fr\u00e5n \u00e5kerfr\u00e4ksextrakt<\/em><\/td>\n<td style=\"text-align: center;\" colspan=\"3\">30 mg<\/td>\n<td style=\"text-align: center;\" colspan=\"3\">**<\/td>\n<\/tr>\n<tr>\n<td colspan=\"3\"><em>&#8211; syntetiskt<\/em><\/td>\n<td style=\"text-align: center;\" colspan=\"3\">20 mg<\/td>\n<td style=\"text-align: center;\" colspan=\"3\">**<\/td>\n<\/tr>\n<tr>\n<td colspan=\"3\">Tiamin (vitamin B1)<\/td>\n<td style=\"text-align: center;\" colspan=\"3\">5,5 mg<\/td>\n<td style=\"text-align: center;\" colspan=\"3\">500 %<\/td>\n<\/tr>\n<tr>\n<td colspan=\"3\">Riboflavin (Vitamin B2)<\/td>\n<td style=\"text-align: center;\" colspan=\"3\">6,4 mg<\/td>\n<td style=\"text-align: center;\" colspan=\"3\">450 %<\/td>\n<\/tr>\n<tr>\n<td colspan=\"3\">Niacin (nikotinamid)<\/td>\n<td style=\"text-align: center;\" colspan=\"3\">48 mg<\/td>\n<td style=\"text-align: center;\" colspan=\"3\">300 %<\/td>\n<\/tr>\n<tr>\n<td colspan=\"3\">Vitamin B6 (Pyridoxinhydroklorid)<\/td>\n<td style=\"text-align: center;\" colspan=\"3\">5,6 mg<\/td>\n<td style=\"text-align: center;\" colspan=\"3\">400 %<\/td>\n<\/tr>\n<tr>\n<td colspan=\"3\">Vitamin B12 (cyankobalamin)<\/td>\n<td style=\"text-align: center;\" colspan=\"3\">7,5 \u00b5g<\/td>\n<td style=\"text-align: center;\" colspan=\"3\">300 %<\/td>\n<\/tr>\n<tr>\n<td colspan=\"3\">D-Biotin<\/td>\n<td style=\"text-align: center;\" colspan=\"3\">500 \u00b5g<\/td>\n<td style=\"text-align: center;\" colspan=\"3\">1000 %<\/td>\n<\/tr>\n<tr>\n<td colspan=\"3\">Pantotensyra (kalcium D-pantetonat)<\/td>\n<td style=\"text-align: center;\" colspan=\"3\">21 mg<\/td>\n<td style=\"text-align: center;\" colspan=\"3\">350 %<\/td>\n<\/tr>\n<tr>\n<td colspan=\"3\">Zink (fr\u00e5n zinkcitrat)<\/td>\n<td style=\"text-align: center;\" colspan=\"3\">5 mg<\/td>\n<td style=\"text-align: center;\" colspan=\"3\">50 %<\/td>\n<\/tr>\n<tr>\n<td colspan=\"9\">* NRV &#8211; N\u00e4ringsreferensv\u00e4rde<br \/>\n** Inget EU NRV etablerat.<\/td>\n<\/tr>\n<\/tbody>\n<\/table>\n<\/div>\n<p>&nbsp;<\/p>\n<\/div><\/div><\/div><div class=\"fusion-clearfix\"><\/div><\/div><\/div><\/div><\/div><\/p>\n","protected":false},"excerpt":{"rendered":"","protected":false},"author":1,"featured_media":0,"parent":18869,"menu_order":0,"comment_status":"closed","ping_status":"closed","template":"","meta":{"footnotes":""},"class_list":["post-18886","page","type-page","status-publish","hentry"],"_links":{"self":[{"href":"https:\/\/vikingforce.se\/sv\/wp-json\/wp\/v2\/pages\/18886","targetHints":{"allow":["GET"]}}],"collection":[{"href":"https:\/\/vikingforce.se\/sv\/wp-json\/wp\/v2\/pages"}],"about":[{"href":"https:\/\/vikingforce.se\/sv\/wp-json\/wp\/v2\/types\/page"}],"author":[{"embeddable":true,"href":"https:\/\/vikingforce.se\/sv\/wp-json\/wp\/v2\/users\/1"}],"replies":[{"embeddable":true,"href":"https:\/\/vikingforce.se\/sv\/wp-json\/wp\/v2\/comments?post=18886"}],"version-history":[{"count":16,"href":"https:\/\/vikingforce.se\/sv\/wp-json\/wp\/v2\/pages\/18886\/revisions"}],"predecessor-version":[{"id":23553,"href":"https:\/\/vikingforce.se\/sv\/wp-json\/wp\/v2\/pages\/18886\/revisions\/23553"}],"up":[{"embeddable":true,"href":"https:\/\/vikingforce.se\/sv\/wp-json\/wp\/v2\/pages\/18869"}],"wp:attachment":[{"href":"https:\/\/vikingforce.se\/sv\/wp-json\/wp\/v2\/media?parent=18886"}],"curies":[{"name":"wp","href":"https:\/\/api.w.org\/{rel}","templated":true}]}}