{"id":18878,"date":"2020-12-19T13:47:11","date_gmt":"2020-12-19T13:47:11","guid":{"rendered":"https:\/\/vikingforce.se\/beauty-line\/viking-dream-skin\/"},"modified":"2025-05-16T09:54:24","modified_gmt":"2025-05-16T09:54:24","slug":"viking-dream-skin","status":"publish","type":"page","link":"https:\/\/vikingforce.se\/sv\/beauty-line\/viking-dream-skin\/","title":{"rendered":"VIKING DREAM SKIN"},"content":{"rendered":"<p><div class=\"fusion-fullwidth fullwidth-box fusion-builder-row-1 nonhundred-percent-fullwidth non-hundred-percent-height-scrolling\" style=\"--awb-background-position:center top;--awb-border-color:#f6f6f6;--awb-border-radius-top-left:0px;--awb-border-radius-top-right:0px;--awb-border-radius-bottom-right:0px;--awb-border-radius-bottom-left:0px;--awb-padding-top:1px;--awb-padding-right:0px;--awb-padding-bottom:30px;--awb-padding-left:0px;--awb-background-color:#fff;--awb-border-sizes-top:1px;--awb-border-sizes-bottom:1px;--awb-flex-wrap:wrap;\" ><div class=\"fusion-builder-row fusion-row\"><div class=\"fusion-layout-column fusion_builder_column fusion-builder-column-0 fusion_builder_column_1_2 1_2 fusion-one-half fusion-column-first\" style=\"--awb-bg-size:cover;width:48%; margin-right: 4%;\"><div class=\"fusion-column-wrapper fusion-flex-column-wrapper-legacy\"><div class=\"fusion-sep-clear\"><\/div><div class=\"fusion-separator fusion-full-width-sep\" style=\"margin-left: auto;margin-right: auto;margin-top:60px;width:100%;\"><\/div><div class=\"fusion-sep-clear\"><\/div><div class=\"fusion-text fusion-text-1\"><p><img decoding=\"async\" class=\"aligncenter wp-image-18475 size-full\" src=\"https:\/\/vikingforce.se\/wp-content\/uploads\/2020\/09\/Dream-Skin-Current-View.jpg\" alt=\"\" width=\"2048\" height=\"2048\" srcset=\"https:\/\/vikingforce.se\/wp-content\/uploads\/2020\/09\/Dream-Skin-Current-View-66x66.jpg 66w, https:\/\/vikingforce.se\/wp-content\/uploads\/2020\/09\/Dream-Skin-Current-View-150x150.jpg 150w, https:\/\/vikingforce.se\/wp-content\/uploads\/2020\/09\/Dream-Skin-Current-View-200x200.jpg 200w, https:\/\/vikingforce.se\/wp-content\/uploads\/2020\/09\/Dream-Skin-Current-View-300x300.jpg 300w, https:\/\/vikingforce.se\/wp-content\/uploads\/2020\/09\/Dream-Skin-Current-View-400x400.jpg 400w, https:\/\/vikingforce.se\/wp-content\/uploads\/2020\/09\/Dream-Skin-Current-View-600x600.jpg 600w, https:\/\/vikingforce.se\/wp-content\/uploads\/2020\/09\/Dream-Skin-Current-View-768x768.jpg 768w, https:\/\/vikingforce.se\/wp-content\/uploads\/2020\/09\/Dream-Skin-Current-View-800x800.jpg 800w, https:\/\/vikingforce.se\/wp-content\/uploads\/2020\/09\/Dream-Skin-Current-View-1024x1024.jpg 1024w, https:\/\/vikingforce.se\/wp-content\/uploads\/2020\/09\/Dream-Skin-Current-View-1200x1200.jpg 1200w, https:\/\/vikingforce.se\/wp-content\/uploads\/2020\/09\/Dream-Skin-Current-View-1536x1536.jpg 1536w, https:\/\/vikingforce.se\/wp-content\/uploads\/2020\/09\/Dream-Skin-Current-View.jpg 2048w\" sizes=\"(max-width: 2048px) 100vw, 2048px\" \/><\/p>\n<\/div><div class=\"fusion-clearfix\"><\/div><\/div><\/div><div class=\"fusion-layout-column fusion_builder_column fusion-builder-column-1 fusion_builder_column_1_2 1_2 fusion-one-half fusion-column-last\" style=\"--awb-bg-size:cover;width:48%;\"><div class=\"fusion-column-wrapper fusion-flex-column-wrapper-legacy\"><div class=\"fusion-title title fusion-title-1 fusion-sep-none fusion-title-text fusion-title-size-one title-wg\" style=\"--awb-margin-bottom:5px;\"><h1 class=\"fusion-title-heading title-heading-left\" style=\"margin:0;\">VIKING DREAM SKIN<\/h1><\/div><div class=\"fusion-text fusion-text-2\"><p style=\"text-align: center;\">(Kosttillskott)<\/p>\n<\/div><div class=\"fusion-text fusion-text-3\"><p><!--<img decoding=\"async\" class=\"size-large wp-image-11808 aligncenter\" src=\"https:\/\/vikingforce.se\/wp-content\/uploads\/2015\/12\/aroma-empire-whey-1024x110.jpg\" alt=\"aroma-empire-whey\" width=\"669\" height=\"72\" srcset=\"https:\/\/vikingforce.se\/wp-content\/uploads\/2015\/12\/aroma-empire-whey-300x32.jpg 300w, https:\/\/vikingforce.se\/wp-content\/uploads\/2015\/12\/aroma-empire-whey-1024x110.jpg 1024w\" sizes=\"(max-width: 669px) 100vw, 669px\" \/>--><\/p>\n<\/div><div class=\"fusion-text fusion-text-4\"><p><!--<img decoding=\"async\" class=\"wp-image-11807 aligncenter\" src=\"https:\/\/vikingforce.se\/wp-content\/uploads\/2015\/12\/serving-empire-whey.jpg\" alt=\"serving-empire-whey\" width=\"147\" height=\"115\" \/>--><\/p>\n<\/div><div class=\"fusion-text fusion-text-5\"><p class=\"subtitle-wg\" style=\"text-align: center;\">60 kapslar<\/p>\n<p class=\"subtitle-wg\" style=\"text-align: center;\">Nettovikt : 45 g<\/p>\n<\/div><div class=\"fusion-clearfix\"><\/div><\/div><\/div><\/div><\/div><div class=\"fusion-fullwidth fullwidth-box fusion-builder-row-2 nonhundred-percent-fullwidth non-hundred-percent-height-scrolling\" style=\"--awb-border-color:#f6f6f6;--awb-border-radius-top-left:0px;--awb-border-radius-top-right:0px;--awb-border-radius-bottom-right:0px;--awb-border-radius-bottom-left:0px;--awb-padding-top:10px;--awb-padding-right:0px;--awb-padding-bottom:0px;--awb-padding-left:0px;--awb-background-color:#fff;--awb-border-sizes-top:0px;--awb-border-sizes-bottom:0px;--awb-flex-wrap:wrap;\" ><div class=\"fusion-builder-row fusion-row\"><div class=\"fusion-layout-column fusion_builder_column fusion-builder-column-2 fusion_builder_column_1_1 1_1 fusion-one-full fusion-column-first fusion-column-last\" style=\"--awb-bg-size:cover;\"><div class=\"fusion-column-wrapper fusion-flex-column-wrapper-legacy\"><div class=\"fusion-text fusion-text-6\"><p class=\"subtitle-b\">VIKING DREAM SKIN<\/p>\n<p>Efter 25 \u00e5rs \u00e5lder b\u00f6rjar vi f\u00f6rlora kollagen med en takt av 1,5 % per \u00e5r, d\u00e4rf\u00f6r kan upp till 30 % av v\u00e5rt kollagen vara f\u00f6rlorat vid 45 \u00e5rs \u00e5lder. Kollagen \u00e4r ansvarigt f\u00f6r hudens styrka och elasticitet, och dess gradvisa f\u00f6rlust leder till de rynkor som f\u00f6ljer med \u00e5ldrandet. Viking Dream Skin \u00e4r en speciell kombination av viktiga n\u00e4rings\u00e4mnen, inklusive kollagen, hyaluronsyra och vitamin C, som n\u00e4r huden inifr\u00e5n och d\u00e4rmed f\u00f6rb\u00e4ttrar flexibilitet och kondition.<br \/>\n\u2022 Vitamin C bidrar till normal kollagenbildning f\u00f6r hudens normala funktion;<br \/>\n\u2022 Zink bidrar till att uppr\u00e4tth\u00e5lla normal hud;<br \/>\n\u2022 Hudens \u00e5terfuktning.<\/p>\n<\/div><div class=\"fusion-clearfix\"><\/div><\/div><\/div><div class=\"fusion-layout-column fusion_builder_column fusion-builder-column-3 fusion_builder_column_1_2 1_2 fusion-one-half fusion-column-first\" style=\"--awb-bg-size:cover;width:48%; margin-right: 4%;\"><div class=\"fusion-column-wrapper fusion-flex-column-wrapper-legacy\"><div class=\"fusion-text fusion-text-7\"><p class=\"subtitle-b\">Rekommenderad daglig dos f\u00f6r vuxna (25+):<\/p>\n<p>Ta 1 kapsel dagligen med ett glas vatten. F\u00f6r b\u00e4sta resultat rekommenderas att anv\u00e4nda produkten i minst 12 veckor.<\/p>\n<p class=\"subtitle-b\">\u00d6vriga ingredienser:<\/p>\n<p>gelatinkapsel (inneh\u00e5ller\u00a0 zinkoxid), fyllnadsmedel (maltodextrin).<\/p>\n<p class=\"subtitle-b\">Allergiinformation:<\/p>\n<p>Tillverkad i anl\u00e4ggningar som \u00e4ven hanterar mj\u00f6lk, soja, \u00e4gg och vete (gluten) protein.<\/p>\n<p class=\"subtitle-b\">Viktig information:<\/p>\n<p>Denna produkt \u00e4r ett kosttillskott. Anv\u00e4nd denna produkt i kombination med mat som en del av en h\u00e4lsosam och balanserad kost, inte som en ers\u00e4ttning f\u00f6r s\u00e5dan. F\u00f6rvaras utom r\u00e4ckh\u00e5ll f\u00f6r barn. Ej avsedd f\u00f6r anv\u00e4ndning av gravida eller ammande kvinnor! \u00d6verskrid inte rekommenderad daglig dos.<br \/>\nF\u00f6rvara p\u00e5 en sval och torr plats. Uts\u00e4tt inte f\u00f6r \u00f6verdriven v\u00e4rme, fukt eller solljus. B\u00e4st f\u00f6re utg\u00e5ngsdatum som st\u00e5r p\u00e5 f\u00f6rpackningen.<\/p>\n<\/div><div class=\"fusion-clearfix\"><\/div><\/div><\/div><div class=\"fusion-layout-column fusion_builder_column fusion-builder-column-4 fusion_builder_column_1_2 1_2 fusion-one-half fusion-column-last\" style=\"--awb-bg-size:cover;width:48%;\"><div class=\"fusion-column-wrapper fusion-flex-column-wrapper-legacy\"><div class=\"fusion-text fusion-text-8\"><p class=\"subtitle-b\">N\u00c4RINGSFAKTA<\/p>\n<\/div><div class=\"fusion-text fusion-text-9\"><div class=\"table-1\">\n<table class=\"tb\" width=\"100%\">\n<tbody>\n<tr class=\"table-row_border\">\n<td colspan=\"3\">Portionsstorlek: 1 kapsel<br \/>\nPortioner per beh\u00e5llare: 60<\/td>\n<td style=\"text-align: center;\" colspan=\"3\"><\/td>\n<td style=\"text-align: center;\" colspan=\"3\"><\/td>\n<\/tr>\n<tr>\n<td colspan=\"3\"><strong>Tillskottsfakta per:<\/strong><\/td>\n<td style=\"text-align: center;\" colspan=\"3\"><strong>1 portion (1 kapsel)<\/strong><\/td>\n<td style=\"text-align: center;\" colspan=\"3\"><strong>% EU NRV*<\/strong><\/td>\n<\/tr>\n<tr>\n<td colspan=\"3\">Vitamin C (som L-Askorbinsyra)<\/td>\n<td style=\"text-align: center;\" colspan=\"3\">80 mg<\/td>\n<td style=\"text-align: center;\" colspan=\"3\">100 %<\/td>\n<\/tr>\n<tr>\n<td colspan=\"3\">Zink (fr\u00e5n Zinkcitrat)<\/td>\n<td style=\"text-align: center;\" colspan=\"3\">4 mg<\/td>\n<td style=\"text-align: center;\" colspan=\"3\">40 %<\/td>\n<\/tr>\n<tr>\n<td colspan=\"3\">Hydrolyserat Kollagen<\/td>\n<td style=\"text-align: center;\" colspan=\"3\">370 mg<\/td>\n<td style=\"text-align: center;\" colspan=\"3\">**<\/td>\n<\/tr>\n<tr>\n<td colspan=\"3\">Hyaluronsyra<\/td>\n<td style=\"text-align: center;\" colspan=\"3\">65 mg<\/td>\n<td style=\"text-align: center;\" colspan=\"3\">**<\/td>\n<\/tr>\n<tr>\n<td colspan=\"3\">Polygonum Cuspidatum-extrakt<\/td>\n<td style=\"text-align: center;\" colspan=\"3\">100 mg<\/td>\n<td style=\"text-align: center;\" colspan=\"3\">**<\/td>\n<\/tr>\n<tr>\n<td colspan=\"3\"><em>&#8211; varav resveratrol<\/em><\/td>\n<td style=\"text-align: center;\" colspan=\"3\">50 mg<\/td>\n<td style=\"text-align: center;\" colspan=\"3\">**<\/td>\n<\/tr>\n<tr>\n<td colspan=\"3\">Druvk\u00e4rneextrakt<\/td>\n<td style=\"text-align: center;\" colspan=\"3\">30 mg<\/td>\n<td style=\"text-align: center;\" colspan=\"3\">**<\/td>\n<\/tr>\n<tr>\n<td colspan=\"9\">* NRV &#8211; Referensv\u00e4rde f\u00f6r n\u00e4rings\u00e4mnen<br \/>\n** Inget EU NRV fastst\u00e4llt.<\/td>\n<\/tr>\n<\/tbody>\n<\/table>\n<\/div>\n<p>&nbsp;<\/p>\n<\/div><div class=\"fusion-clearfix\"><\/div><\/div><\/div><\/div><\/div><\/p>\n","protected":false},"excerpt":{"rendered":"","protected":false},"author":1,"featured_media":0,"parent":18869,"menu_order":0,"comment_status":"closed","ping_status":"closed","template":"","meta":{"footnotes":""},"class_list":["post-18878","page","type-page","status-publish","hentry"],"_links":{"self":[{"href":"https:\/\/vikingforce.se\/sv\/wp-json\/wp\/v2\/pages\/18878","targetHints":{"allow":["GET"]}}],"collection":[{"href":"https:\/\/vikingforce.se\/sv\/wp-json\/wp\/v2\/pages"}],"about":[{"href":"https:\/\/vikingforce.se\/sv\/wp-json\/wp\/v2\/types\/page"}],"author":[{"embeddable":true,"href":"https:\/\/vikingforce.se\/sv\/wp-json\/wp\/v2\/users\/1"}],"replies":[{"embeddable":true,"href":"https:\/\/vikingforce.se\/sv\/wp-json\/wp\/v2\/comments?post=18878"}],"version-history":[{"count":9,"href":"https:\/\/vikingforce.se\/sv\/wp-json\/wp\/v2\/pages\/18878\/revisions"}],"predecessor-version":[{"id":23551,"href":"https:\/\/vikingforce.se\/sv\/wp-json\/wp\/v2\/pages\/18878\/revisions\/23551"}],"up":[{"embeddable":true,"href":"https:\/\/vikingforce.se\/sv\/wp-json\/wp\/v2\/pages\/18869"}],"wp:attachment":[{"href":"https:\/\/vikingforce.se\/sv\/wp-json\/wp\/v2\/media?parent=18878"}],"curies":[{"name":"wp","href":"https:\/\/api.w.org\/{rel}","templated":true}]}}