{"id":18811,"date":"2020-12-15T13:41:06","date_gmt":"2020-12-15T13:41:06","guid":{"rendered":"https:\/\/vikingforce.se\/vitamins\/immnunity\/"},"modified":"2025-05-16T15:36:58","modified_gmt":"2025-05-16T15:36:58","slug":"immnunity","status":"publish","type":"page","link":"https:\/\/vikingforce.se\/sv\/vitamins\/immnunity\/","title":{"rendered":"IMMNUNITY"},"content":{"rendered":"<p><div class=\"fusion-fullwidth fullwidth-box fusion-builder-row-1 nonhundred-percent-fullwidth non-hundred-percent-height-scrolling\" style=\"--awb-background-position:center top;--awb-border-color:#f6f6f6;--awb-border-radius-top-left:0px;--awb-border-radius-top-right:0px;--awb-border-radius-bottom-right:0px;--awb-border-radius-bottom-left:0px;--awb-padding-top:1px;--awb-padding-right:0px;--awb-padding-bottom:30px;--awb-padding-left:0px;--awb-background-color:#fff;--awb-border-sizes-top:1px;--awb-border-sizes-bottom:1px;--awb-flex-wrap:wrap;\" ><div class=\"fusion-builder-row fusion-row\"><div class=\"fusion-layout-column fusion_builder_column fusion-builder-column-0 fusion_builder_column_1_2 1_2 fusion-one-half fusion-column-first\" style=\"--awb-bg-size:cover;width:48%; margin-right: 4%;\"><div class=\"fusion-column-wrapper fusion-flex-column-wrapper-legacy\"><div class=\"fusion-sep-clear\"><\/div><div class=\"fusion-separator fusion-full-width-sep\" style=\"margin-left: auto;margin-right: auto;margin-top:60px;width:100%;\"><\/div><div class=\"fusion-sep-clear\"><\/div><div class=\"fusion-text fusion-text-1\"><p><img decoding=\"async\" class=\"aligncenter wp-image-18362 size-full\" src=\"https:\/\/vikingforce.se\/wp-content\/uploads\/2020\/07\/IMMUNITY-BOOSTER.jpg\" alt=\"\" width=\"600\" height=\"741\" srcset=\"https:\/\/vikingforce.se\/wp-content\/uploads\/2020\/07\/IMMUNITY-BOOSTER-200x247.jpg 200w, https:\/\/vikingforce.se\/wp-content\/uploads\/2020\/07\/IMMUNITY-BOOSTER-243x300.jpg 243w, https:\/\/vikingforce.se\/wp-content\/uploads\/2020\/07\/IMMUNITY-BOOSTER-400x494.jpg 400w, https:\/\/vikingforce.se\/wp-content\/uploads\/2020\/07\/IMMUNITY-BOOSTER.jpg 600w\" sizes=\"(max-width: 600px) 100vw, 600px\" \/><\/p>\n<\/div><div class=\"fusion-clearfix\"><\/div><\/div><\/div><div class=\"fusion-layout-column fusion_builder_column fusion-builder-column-1 fusion_builder_column_1_2 1_2 fusion-one-half fusion-column-last\" style=\"--awb-bg-size:cover;width:48%;\"><div class=\"fusion-column-wrapper fusion-flex-column-wrapper-legacy\"><div class=\"fusion-title title fusion-title-1 fusion-sep-none fusion-title-text fusion-title-size-one title-wg\" style=\"--awb-margin-bottom:5px;\"><h1 class=\"fusion-title-heading title-heading-left\" style=\"margin:0;\"><div style=\"text-align: center;\"><span style=\"font-size: var(--h1_typography-font-size); font-style: var(--h1_typography-font-style,normal); font-weight: var(--h1_typography-font-weight); letter-spacing: var(--h1_typography-letter-spacing);\">VIKING IMMNUNITY BOOSTER<\/span><\/div><\/h1><\/div><div class=\"fusion-text fusion-text-2\"><p style=\"text-align: center;\">(Kosttillskott)<\/p>\n<\/div><div class=\"fusion-text fusion-text-3\"><p><!--<img decoding=\"async\" class=\"size-large wp-image-11808 aligncenter\" src=\"https:\/\/vikingforce.se\/wp-content\/uploads\/2015\/12\/aroma-empire-whey-1024x110.jpg\" alt=\"aroma-empire-whey\" width=\"669\" height=\"72\" srcset=\"https:\/\/vikingforce.se\/wp-content\/uploads\/2015\/12\/aroma-empire-whey-300x32.jpg 300w, https:\/\/vikingforce.se\/wp-content\/uploads\/2015\/12\/aroma-empire-whey-1024x110.jpg 1024w\" sizes=\"(max-width: 669px) 100vw, 669px\" \/>--><\/p>\n<\/div><div class=\"fusion-text fusion-text-4\"><p><!--<img decoding=\"async\" class=\"wp-image-11807 aligncenter\" src=\"https:\/\/vikingforce.se\/wp-content\/uploads\/2015\/12\/serving-empire-whey.jpg\" alt=\"serving-empire-whey\" width=\"147\" height=\"115\" \/>--><\/p>\n<\/div><div class=\"fusion-text fusion-text-5\"><p class=\"subtitle-wg\" style=\"text-align: center;\">Nettovikt: 55.2 g<\/p>\n<p class=\"subtitle-wg\" style=\"text-align: center;\">60 Kapslar<\/p>\n<\/div><div class=\"fusion-clearfix\"><\/div><\/div><\/div><\/div><\/div><div class=\"fusion-fullwidth fullwidth-box fusion-builder-row-2 nonhundred-percent-fullwidth non-hundred-percent-height-scrolling\" style=\"--awb-border-color:#f6f6f6;--awb-border-radius-top-left:0px;--awb-border-radius-top-right:0px;--awb-border-radius-bottom-right:0px;--awb-border-radius-bottom-left:0px;--awb-padding-top:10px;--awb-padding-right:0px;--awb-padding-bottom:0px;--awb-padding-left:0px;--awb-background-color:#fff;--awb-border-sizes-top:0px;--awb-border-sizes-bottom:0px;--awb-flex-wrap:wrap;\" ><div class=\"fusion-builder-row fusion-row\"><div class=\"fusion-layout-column fusion_builder_column fusion-builder-column-2 fusion_builder_column_1_1 1_1 fusion-one-full fusion-column-first fusion-column-last\" style=\"--awb-bg-size:cover;\"><div class=\"fusion-column-wrapper fusion-flex-column-wrapper-legacy\"><div class=\"fusion-text fusion-text-6\"><p class=\"subtitle-vit\">VIKING IMMUNITET<\/p>\n<p>\u2022 St\u00e4rker ditt immunsystem<br \/>\n\u2022 Synergiisk formel<br \/>\n\u2022 Allm\u00e4n h\u00e4lsost\u00f6d<\/p>\n<\/div><div class=\"fusion-clearfix\"><\/div><\/div><\/div><div class=\"fusion-layout-column fusion_builder_column fusion-builder-column-3 fusion_builder_column_1_2 1_2 fusion-one-half fusion-column-first\" style=\"--awb-bg-size:cover;width:48%; margin-right: 4%;\"><div class=\"fusion-column-wrapper fusion-flex-column-wrapper-legacy\"><div class=\"fusion-text fusion-text-7\"><p class=\"subtitle-vit\">Anv\u00e4ndningsinstruktioner:<\/p>\n<p>Ta 2 kapslar dagligen med mat.<\/p>\n<p class=\"subtitle-vit\">Andra ingredienser:<\/p>\n<p>Antiklumpningsmedel (magnesiumstearat), gelatinkapsel (inneh\u00e5ller\u00a0 zinkoxid).<\/p>\n<p class=\"subtitle-vit\">Allergiinformation:<\/p>\n<p>Kan inneh\u00e5lla sp\u00e5r av mj\u00f6lk, soja, \u00e4gg och vete (gluten).<\/p>\n<p class=\"subtitle-vit\">Viktig information:<\/p>\n<p>Denna produkt \u00e4r ett kosttillskott. Anv\u00e4nd produkten i samband med mat som en del av en h\u00e4lsosam och balanserad kost, inte som ett substitut f\u00f6r s\u00e5dan. F\u00f6rvaras o\u00e5tkomligt f\u00f6r barn. Inte avsedd f\u00f6r anv\u00e4ndning av gravida eller ammande kvinnor! \u00d6verskrid inte den rekommenderade dagliga dosen. F\u00f6rvara i en sval, torr plats. Uts\u00e4tt inte f\u00f6r \u00f6verdriven v\u00e4rme, fuktighet eller solljus. b\u00e4st f\u00f6re utg\u00e5ngsdatumet som anges p\u00e5 f\u00f6rpackningen.<\/p>\n<\/div><div class=\"fusion-clearfix\"><\/div><\/div><\/div><div class=\"fusion-layout-column fusion_builder_column fusion-builder-column-4 fusion_builder_column_1_2 1_2 fusion-one-half fusion-column-last\" style=\"--awb-bg-size:cover;width:48%;\"><div class=\"fusion-column-wrapper fusion-flex-column-wrapper-legacy\"><div class=\"fusion-text fusion-text-8\"><p class=\"subtitle-vit\">N\u00c4RINGSINNEH\u00c5LL<\/p>\n<\/div><div class=\"fusion-text fusion-text-9\"><div class=\"table-1\">\n<table class=\"tb\" width=\"100%\">\n<tbody>\n<tr class=\"table-row_border\">\n<td colspan=\"6\">Serveringsstorlek: 2 kapslar<\/td>\n<td style=\"text-align: center;\" colspan=\"4\">Serveringar per f\u00f6rpackning: 30<\/td>\n<\/tr>\n<tr>\n<td colspan=\"6\"><strong>N\u00e4ringsinneh\u00e5ll per:<\/strong><\/td>\n<td style=\"text-align: center;\" colspan=\"4\"><strong>1 servering (2 kapslar)<\/strong><\/td>\n<\/tr>\n<tr>\n<td colspan=\"6\">Zink (som zinkcitrat)<\/td>\n<td colspan=\"4\" style=\"text-align: center;\">6 mg (60 %*)<\/td>\n<\/tr>\n<tr>\n<td colspan=\"6\">C-vitamin (som askorbinsyra)<\/td>\n<td style=\"text-align: center;\" colspan=\"4\">900 mg (1125 %*)<\/td>\n<\/tr>\n<tr>\n<td colspan=\"6\">N-Acetyl N-Cystein<\/td>\n<td style=\"text-align: center;\" colspan=\"4\">250 mg<\/td>\n<\/tr>\n<tr>\n<td colspan=\"6\">Rotextrakt av ingef\u00e4ra (Zingiber officinale, 5% gingeroler)<\/td>\n<td style=\"text-align: center;\" colspan=\"4\">100 mg<\/td>\n<\/tr>\n<tr>\n<td colspan=\"6\">Extrakt av gr\u00f6nt teblad (Camellia Sinensis 50% polyfenoler)<\/td>\n<td style=\"text-align: center;\" colspan=\"4\">100 mg<\/td>\n<\/tr>\n<tr>\n<td colspan=\"6\">Pulverextrakt av reishi-svamp (Ganoderma Lucidum)<\/td>\n<td style=\"text-align: center;\" colspan=\"4\">100 mg<\/td>\n<\/tr>\n<tr>\n<td colspan=\"6\">Selen (som selenj\u00e4st)<\/td>\n<td style=\"text-align: center;\" colspan=\"4\">30 \u00b5g (54,5 %*)<\/td>\n<\/tr>\n<tr>\n<td colspan=\"6\">D-vitamin3 (som kolekalciferol)<\/td>\n<td style=\"text-align: center;\" colspan=\"4\">15 \u00b5g motsvarande 600 IE (300 %*)<\/td>\n<\/tr>\n<tr>\n<td colspan=\"9\">*NRVs &#8211; N\u00e4ringsreferensv\u00e4rden<\/td>\n<\/tr>\n<\/tbody>\n<\/table>\n<\/div>\n<\/div><div class=\"fusion-clearfix\"><\/div><\/div><\/div><\/div><\/div><\/p>\n","protected":false},"excerpt":{"rendered":"","protected":false},"author":1,"featured_media":0,"parent":12511,"menu_order":0,"comment_status":"closed","ping_status":"closed","template":"","meta":{"footnotes":""},"class_list":["post-18811","page","type-page","status-publish","hentry"],"_links":{"self":[{"href":"https:\/\/vikingforce.se\/sv\/wp-json\/wp\/v2\/pages\/18811","targetHints":{"allow":["GET"]}}],"collection":[{"href":"https:\/\/vikingforce.se\/sv\/wp-json\/wp\/v2\/pages"}],"about":[{"href":"https:\/\/vikingforce.se\/sv\/wp-json\/wp\/v2\/types\/page"}],"author":[{"embeddable":true,"href":"https:\/\/vikingforce.se\/sv\/wp-json\/wp\/v2\/users\/1"}],"replies":[{"embeddable":true,"href":"https:\/\/vikingforce.se\/sv\/wp-json\/wp\/v2\/comments?post=18811"}],"version-history":[{"count":13,"href":"https:\/\/vikingforce.se\/sv\/wp-json\/wp\/v2\/pages\/18811\/revisions"}],"predecessor-version":[{"id":23640,"href":"https:\/\/vikingforce.se\/sv\/wp-json\/wp\/v2\/pages\/18811\/revisions\/23640"}],"up":[{"embeddable":true,"href":"https:\/\/vikingforce.se\/sv\/wp-json\/wp\/v2\/pages\/12511"}],"wp:attachment":[{"href":"https:\/\/vikingforce.se\/sv\/wp-json\/wp\/v2\/media?parent=18811"}],"curies":[{"name":"wp","href":"https:\/\/api.w.org\/{rel}","templated":true}]}}