{"id":18786,"date":"2020-12-15T13:29:54","date_gmt":"2020-12-15T13:29:54","guid":{"rendered":"https:\/\/vikingforce.se\/vitamins\/vitamin-d3\/"},"modified":"2025-05-16T15:41:29","modified_gmt":"2025-05-16T15:41:29","slug":"vitamin-d3","status":"publish","type":"page","link":"https:\/\/vikingforce.se\/sv\/vitamins\/vitamin-d3\/","title":{"rendered":"VITAMIN D3"},"content":{"rendered":"<p><div class=\"fusion-fullwidth fullwidth-box fusion-builder-row-1 nonhundred-percent-fullwidth non-hundred-percent-height-scrolling\" style=\"--awb-background-position:center top;--awb-border-color:#f6f6f6;--awb-border-radius-top-left:0px;--awb-border-radius-top-right:0px;--awb-border-radius-bottom-right:0px;--awb-border-radius-bottom-left:0px;--awb-padding-top:1px;--awb-padding-right:0px;--awb-padding-bottom:30px;--awb-padding-left:0px;--awb-background-color:#fff;--awb-border-sizes-top:1px;--awb-border-sizes-bottom:1px;--awb-flex-wrap:wrap;\" ><div class=\"fusion-builder-row fusion-row\"><div class=\"fusion-layout-column fusion_builder_column fusion-builder-column-0 fusion_builder_column_1_2 1_2 fusion-one-half fusion-column-first\" style=\"--awb-bg-size:cover;width:48%; margin-right: 4%;\"><div class=\"fusion-column-wrapper fusion-flex-column-wrapper-legacy\"><div class=\"fusion-sep-clear\"><\/div><div class=\"fusion-separator fusion-full-width-sep\" style=\"margin-left: auto;margin-right: auto;margin-top:60px;width:100%;\"><\/div><div class=\"fusion-sep-clear\"><\/div><div class=\"fusion-text fusion-text-1\"><p><img decoding=\"async\" class=\"aligncenter wp-image-18332 size-full\" src=\"https:\/\/vikingforce.se\/wp-content\/uploads\/2020\/07\/vitaminD3.jpg\" alt=\"\" width=\"600\" height=\"741\" srcset=\"https:\/\/vikingforce.se\/wp-content\/uploads\/2020\/07\/vitaminD3-200x247.jpg 200w, https:\/\/vikingforce.se\/wp-content\/uploads\/2020\/07\/vitaminD3-243x300.jpg 243w, https:\/\/vikingforce.se\/wp-content\/uploads\/2020\/07\/vitaminD3-400x494.jpg 400w, https:\/\/vikingforce.se\/wp-content\/uploads\/2020\/07\/vitaminD3.jpg 600w\" sizes=\"(max-width: 600px) 100vw, 600px\" \/><\/p>\n<p><!--<img decoding=\"async\" class=\"wp-image-14169 size-full aligncenter\" src=\"https:\/\/vikingforce.se\/wp-content\/uploads\/2020\/07\/BREAKFAST-MEAL.jpg\" alt=\"\" width=\"600\" height=\"741\" \/>--><\/p>\n<\/div><div class=\"fusion-clearfix\"><\/div><\/div><\/div><div class=\"fusion-layout-column fusion_builder_column fusion-builder-column-1 fusion_builder_column_1_2 1_2 fusion-one-half fusion-column-last\" style=\"--awb-bg-size:cover;width:48%;\"><div class=\"fusion-column-wrapper fusion-flex-column-wrapper-legacy\"><div class=\"fusion-title title fusion-title-1 fusion-sep-none fusion-title-text fusion-title-size-one title-wg\" style=\"--awb-margin-bottom:5px;\"><h1 class=\"fusion-title-heading title-heading-left\" style=\"margin:0;\"><div style=\"text-align: center;\">VIKING VITAMIN D3<\/div><\/h1><\/div><div class=\"fusion-text fusion-text-2\"><p style=\"text-align: center;\">(Kosttillskott)<\/p>\n<\/div><div class=\"fusion-text fusion-text-3\"><p><!--<img decoding=\"async\" class=\"size-large wp-image-11808 aligncenter\" src=\"https:\/\/vikingforce.se\/wp-content\/uploads\/2015\/12\/aroma-empire-whey-1024x110.jpg\" alt=\"aroma-empire-whey\" width=\"669\" height=\"72\" srcset=\"https:\/\/vikingforce.se\/wp-content\/uploads\/2015\/12\/aroma-empire-whey-300x32.jpg 300w, https:\/\/vikingforce.se\/wp-content\/uploads\/2015\/12\/aroma-empire-whey-1024x110.jpg 1024w\" sizes=\"(max-width: 669px) 100vw, 669px\" \/>--><\/p>\n<\/div><div class=\"fusion-text fusion-text-4\"><p><!--<img decoding=\"async\" class=\"wp-image-11807 aligncenter\" src=\"https:\/\/vikingforce.se\/wp-content\/uploads\/2015\/12\/serving-empire-whey.jpg\" alt=\"serving-empire-whey\" width=\"147\" height=\"115\" \/>--><\/p>\n<\/div><div class=\"fusion-text fusion-text-5\"><p style=\"text-align: center;\"><strong>Nettovikt: 37,4 g<\/strong><\/p>\n<p style=\"text-align: center;\"><strong>90 kapslar<\/strong><\/p>\n<\/div><div class=\"fusion-clearfix\"><\/div><\/div><\/div><\/div><\/div><div class=\"fusion-fullwidth fullwidth-box fusion-builder-row-2 nonhundred-percent-fullwidth non-hundred-percent-height-scrolling\" style=\"--awb-border-color:#f6f6f6;--awb-border-radius-top-left:0px;--awb-border-radius-top-right:0px;--awb-border-radius-bottom-right:0px;--awb-border-radius-bottom-left:0px;--awb-padding-top:10px;--awb-padding-right:0px;--awb-padding-bottom:0px;--awb-padding-left:0px;--awb-background-color:#fff;--awb-border-sizes-top:0px;--awb-border-sizes-bottom:0px;--awb-flex-wrap:wrap;\" ><div class=\"fusion-builder-row fusion-row\"><div class=\"fusion-layout-column fusion_builder_column fusion-builder-column-2 fusion_builder_column_1_1 1_1 fusion-one-full fusion-column-first fusion-column-last\" style=\"--awb-bg-size:cover;\"><div class=\"fusion-column-wrapper fusion-flex-column-wrapper-legacy\"><div class=\"fusion-text fusion-text-6\"><p class=\"subtitle-vit\">Viking Vitamin D3<\/p>\n<p>Viking Vitamin D3 4000 IE erbjuder en potent dos av 4000 IE vitamin D i form av kolekalciferol, den naturliga formen av vitamin D, som f\u00f6redras f\u00f6r optimal absorption. Vitamin D (ocks\u00e5 k\u00e4nt som &#8217;Solens Vitamin&#8217;) erh\u00e5lls normalt fr\u00e5n kosten eller produceras av huden fr\u00e5n den ultravioletta energin fr\u00e5n solen. Eftersom fler m\u00e4nniskor undviker solen blir D-vitamin-tillskott \u00e4nnu viktigare f\u00f6r att s\u00e4kerst\u00e4lla att kroppen f\u00e5r tillr\u00e4ckligt med D-vitamin.<\/p>\n<p>Enligt EFSA (Europeiska myndigheten f\u00f6r livsmedelss\u00e4kerhet) bidrar vitamin D till:<\/p>\n<ul>\n<li>Normal absorption\/anv\u00e4ndning av kalcium och fosfor;<\/li>\n<li>Bibeh\u00e5llandet av normal benstomme, t\u00e4nder och muskelfunktion;<\/li>\n<li>Den normala funktionen av immunsystemet.<\/li>\n<\/ul>\n<\/div><div class=\"fusion-clearfix\"><\/div><\/div><\/div><div class=\"fusion-layout-column fusion_builder_column fusion-builder-column-3 fusion_builder_column_1_2 1_2 fusion-one-half fusion-column-first\" style=\"--awb-bg-size:cover;width:48%; margin-right: 4%;\"><div class=\"fusion-column-wrapper fusion-flex-column-wrapper-legacy\"><div class=\"fusion-text fusion-text-7\"><p class=\"subtitle-vit\">Direction for use:<\/p>\n<p>Ta 1 kapsel dagligen med m\u00e5ltider.<\/p>\n<p><!--\n\n\n\n\n<p class=\"subtitle-p\">Ingredients:<\/p>\n\n\n\n\n--><\/p>\n<p class=\"subtitle-vit\">Allergiinformation:<\/p>\n<p>Kan inneh\u00e5lla sp\u00e5r av mj\u00f6lk, soja, \u00e4gg och vete (gluten).<\/p>\n<p class=\"subtitle-vit\">Viktig information:<\/p>\n<p>Den h\u00e4r produkten \u00e4r ett kosttillskott. Anv\u00e4nd denna produkt tillsammans med mat som en del av en h\u00e4lsosam och balanserad kost, inte som ett substitut f\u00f6r s\u00e5dan. F\u00f6rvara utom r\u00e4ckh\u00e5ll f\u00f6r barn. Inte avsedd f\u00f6r anv\u00e4ndning av gravida eller ammande kvinnor! \u00d6verskrid inte den rekommenderade dagliga dosen. F\u00f6rvara p\u00e5 en sval, torr plats. Uts\u00e4tt inte f\u00f6r \u00f6verdriven v\u00e4rme, fuktighet eller solljus. Anv\u00e4nd f\u00f6re det utg\u00e5ngsdatum som anges p\u00e5 f\u00f6rpackningen.<\/p>\n<p><b><span style=\"color: #7eb33f;\">Andra ingredienser:<\/span> <\/b>Fyllnadsmedel (maltodextrin), kapselskal (gelatin (inneh\u00e5ller zinkoxid))<\/p>\n<\/div><div class=\"fusion-clearfix\"><\/div><\/div><\/div><div class=\"fusion-layout-column fusion_builder_column fusion-builder-column-4 fusion_builder_column_1_2 1_2 fusion-one-half fusion-column-last\" style=\"--awb-bg-size:cover;width:48%;\"><div class=\"fusion-column-wrapper fusion-flex-column-wrapper-legacy\"><div class=\"fusion-text fusion-text-8\"><p class=\"subtitle-vit\">N\u00c4RINGSINNEH\u00c5LL<\/p>\n<\/div><div class=\"fusion-text fusion-text-9\"><div class=\"table-1\">\n<table class=\"tb\" width=\"100%\">\n<tbody>\n<tr class=\"table-row_border\">\n<td colspan=\"3\">Portionstorlek: 1 kapsel<\/td>\n<td style=\"text-align: center;\" colspan=\"6\">Portioner per f\u00f6rpackning: 90<\/td>\n<\/tr>\n<tr>\n<td colspan=\"3\"><strong>N\u00e4ringsinneh\u00e5ll per portion:<\/strong><\/td>\n<td style=\"text-align: center;\" colspan=\"6\"><strong>1 kapsel<\/strong><\/td>\n<\/tr>\n<tr>\n<td colspan=\"3\">Vitamin D3 (som kolekalciferol)<\/td>\n<td style=\"text-align: center;\" colspan=\"6\">100 \u00b5g motsvarande 4000 IE (2000 % *)<\/td>\n<\/tr>\n<tr>\n<td colspan=\"7\">*NRV &#8211; N\u00e4ringsreferensv\u00e4rden<\/td>\n<\/tr>\n<\/tbody>\n<\/table>\n<\/div>\n<\/div><div class=\"fusion-clearfix\"><\/div><\/div><\/div><\/div><\/div><\/p>\n","protected":false},"excerpt":{"rendered":"","protected":false},"author":1,"featured_media":0,"parent":12511,"menu_order":0,"comment_status":"closed","ping_status":"closed","template":"","meta":{"footnotes":""},"class_list":["post-18786","page","type-page","status-publish","hentry"],"_links":{"self":[{"href":"https:\/\/vikingforce.se\/sv\/wp-json\/wp\/v2\/pages\/18786","targetHints":{"allow":["GET"]}}],"collection":[{"href":"https:\/\/vikingforce.se\/sv\/wp-json\/wp\/v2\/pages"}],"about":[{"href":"https:\/\/vikingforce.se\/sv\/wp-json\/wp\/v2\/types\/page"}],"author":[{"embeddable":true,"href":"https:\/\/vikingforce.se\/sv\/wp-json\/wp\/v2\/users\/1"}],"replies":[{"embeddable":true,"href":"https:\/\/vikingforce.se\/sv\/wp-json\/wp\/v2\/comments?post=18786"}],"version-history":[{"count":8,"href":"https:\/\/vikingforce.se\/sv\/wp-json\/wp\/v2\/pages\/18786\/revisions"}],"predecessor-version":[{"id":23642,"href":"https:\/\/vikingforce.se\/sv\/wp-json\/wp\/v2\/pages\/18786\/revisions\/23642"}],"up":[{"embeddable":true,"href":"https:\/\/vikingforce.se\/sv\/wp-json\/wp\/v2\/pages\/12511"}],"wp:attachment":[{"href":"https:\/\/vikingforce.se\/sv\/wp-json\/wp\/v2\/media?parent=18786"}],"curies":[{"name":"wp","href":"https:\/\/api.w.org\/{rel}","templated":true}]}}