{"id":18680,"date":"2020-12-13T11:27:44","date_gmt":"2020-12-13T11:27:44","guid":{"rendered":"https:\/\/vikingforce.se\/amino-acids\/amino-whey\/"},"modified":"2025-05-15T12:46:05","modified_gmt":"2025-05-15T12:46:05","slug":"amino-whey","status":"publish","type":"page","link":"https:\/\/vikingforce.se\/sv\/amino-acids\/amino-whey\/","title":{"rendered":"Amino Whey"},"content":{"rendered":"<p><div class=\"fusion-fullwidth fullwidth-box fusion-builder-row-1 nonhundred-percent-fullwidth non-hundred-percent-height-scrolling\" style=\"--awb-background-position:center top;--awb-border-color:#f6f6f6;--awb-border-radius-top-left:0px;--awb-border-radius-top-right:0px;--awb-border-radius-bottom-right:0px;--awb-border-radius-bottom-left:0px;--awb-padding-top:1px;--awb-padding-right:0px;--awb-padding-bottom:30px;--awb-padding-left:0px;--awb-background-color:#fff;--awb-border-sizes-top:1px;--awb-border-sizes-bottom:1px;--awb-flex-wrap:wrap;\" ><div class=\"fusion-builder-row fusion-row\"><div class=\"fusion-layout-column fusion_builder_column fusion-builder-column-0 fusion_builder_column_1_2 1_2 fusion-one-half fusion-column-first\" style=\"--awb-bg-size:cover;width:48%; margin-right: 4%;\"><div class=\"fusion-column-wrapper fusion-flex-column-wrapper-legacy\"><div class=\"fusion-text fusion-text-1\"><p><img decoding=\"async\" class=\"large aligncenter wp-image-18319 size-fusion-400\" src=\"https:\/\/vikingforce.se\/wp-content\/uploads\/2020\/07\/VIKING-AMINO-WHEY-400x600.jpg\" alt=\"\" width=\"400\" height=\"600\" srcset=\"https:\/\/vikingforce.se\/wp-content\/uploads\/2020\/07\/VIKING-AMINO-WHEY-200x300.jpg 200w, https:\/\/vikingforce.se\/wp-content\/uploads\/2020\/07\/VIKING-AMINO-WHEY-400x600.jpg 400w, https:\/\/vikingforce.se\/wp-content\/uploads\/2020\/07\/VIKING-AMINO-WHEY-600x900.jpg 600w, https:\/\/vikingforce.se\/wp-content\/uploads\/2020\/07\/VIKING-AMINO-WHEY-683x1024.jpg 683w, https:\/\/vikingforce.se\/wp-content\/uploads\/2020\/07\/VIKING-AMINO-WHEY-768x1152.jpg 768w, https:\/\/vikingforce.se\/wp-content\/uploads\/2020\/07\/VIKING-AMINO-WHEY-800x1200.jpg 800w, https:\/\/vikingforce.se\/wp-content\/uploads\/2020\/07\/VIKING-AMINO-WHEY-1024x1536.jpg 1024w, https:\/\/vikingforce.se\/wp-content\/uploads\/2020\/07\/VIKING-AMINO-WHEY-1200x1800.jpg 1200w, https:\/\/vikingforce.se\/wp-content\/uploads\/2020\/07\/VIKING-AMINO-WHEY-1365x2048.jpg 1365w, https:\/\/vikingforce.se\/wp-content\/uploads\/2020\/07\/VIKING-AMINO-WHEY-scaled.jpg 1707w\" sizes=\"(max-width: 400px) 100vw, 400px\" \/><\/p>\n<\/div><div class=\"fusion-clearfix\"><\/div><\/div><\/div><div class=\"fusion-layout-column fusion_builder_column fusion-builder-column-1 fusion_builder_column_1_2 1_2 fusion-one-half fusion-column-last\" style=\"--awb-bg-size:cover;width:48%;\"><div class=\"fusion-column-wrapper fusion-flex-column-wrapper-legacy\"><div class=\"fusion-title title fusion-title-1 fusion-sep-none fusion-title-text fusion-title-size-one title-wg\" style=\"--awb-margin-bottom:5px;\"><h1 class=\"fusion-title-heading title-heading-left\" style=\"margin:0;\"><div style=\"text-align: center;\">VIKING AMINO WHEY<\/div><\/h1><\/div><div class=\"fusion-text fusion-text-2\"><p style=\"text-align: center;\">(Kosttillskott)<\/p>\n<\/div><div class=\"fusion-text fusion-text-3\"><p><!--<img decoding=\"async\" class=\"wp-image-13848 size-medium aligncenter\" src=\"https:\/\/vikingforce.se\/wp-content\/uploads\/2017\/03\/pills-300x96.jpg\" alt=\"\" width=\"300\" height=\"96\" srcset=\"https:\/\/vikingforce.se\/wp-content\/uploads\/2017\/03\/pills-300x96.jpg 300w, https:\/\/vikingforce.se\/wp-content\/uploads\/2017\/03\/pills.jpg 467w\" sizes=\"(max-width: 300px) 100vw, 300px\" \/>--><\/p>\n<\/div><div class=\"fusion-text fusion-text-4\"><p><!--<img decoding=\"async\" class=\"wp-image-11929 aligncenter\" src=\"https:\/\/vikingforce.se\/wp-content\/uploads\/2015\/12\/serving-amino2.jpg\" alt=\"serving-amino2\" width=\"151\" height=\"115\" \/>--><\/p>\n<\/div><div class=\"fusion-text fusion-text-5\"><p class=\"subtitle-wg\" style=\"text-align: center;\">Nettovikt: 450 g<\/p>\n<p class=\"subtitle-wg\" style=\"text-align: center;\">300 Tabletter<\/p>\n<\/div><div class=\"fusion-clearfix\"><\/div><\/div><\/div><\/div><\/div><div class=\"fusion-fullwidth fullwidth-box fusion-builder-row-2 nonhundred-percent-fullwidth non-hundred-percent-height-scrolling\" style=\"--awb-border-color:#f6f6f6;--awb-border-radius-top-left:0px;--awb-border-radius-top-right:0px;--awb-border-radius-bottom-right:0px;--awb-border-radius-bottom-left:0px;--awb-padding-top:10px;--awb-padding-right:0px;--awb-padding-bottom:0px;--awb-padding-left:0px;--awb-background-color:#fff;--awb-border-sizes-top:0px;--awb-border-sizes-bottom:0px;--awb-flex-wrap:wrap;\" ><div class=\"fusion-builder-row fusion-row\"><div class=\"fusion-layout-column fusion_builder_column fusion-builder-column-2 fusion_builder_column_1_1 1_1 fusion-one-full fusion-column-first fusion-column-last\" style=\"--awb-bg-size:cover;\"><div class=\"fusion-column-wrapper fusion-flex-column-wrapper-legacy\"><div class=\"fusion-text fusion-text-6\"><p class=\"subtitle-aa\">Viking Amino Whey<\/p>\n<p>Viking Amino Whey levererar ett komplett utbud av essentiella och icke-essentiella aminosyror i form av l\u00e4ckra tuggtabletter. Viking Amino Whey kommer fr\u00e5n en blandning av vassleprotein och vasslepeptider och \u00e4r berikad med ytterligare grenkedjiga aminosyror f\u00f6r att ge dig 3 g protein\/portion.<\/p>\n<p>\u2022 300 l\u00e4ckra tuggtabletter.<br \/>\n\u2022 Taget fr\u00e5n h\u00f6gkvalitativt vassleprotein.<br \/>\n\u2022 Komplett och optimalt aminogram.<\/p>\n<\/div><div class=\"fusion-clearfix\"><\/div><\/div><\/div><div class=\"fusion-layout-column fusion_builder_column fusion-builder-column-3 fusion_builder_column_1_2 1_2 fusion-one-half fusion-column-first\" style=\"--awb-bg-size:cover;width:48%; margin-right: 4%;\"><div class=\"fusion-column-wrapper fusion-flex-column-wrapper-legacy\"><div class=\"fusion-text fusion-text-7\"><p class=\"subtitle-aa\">Smaker:<\/p>\n<p style=\"color: #747474;\">Choklad<\/p>\n<p class=\"subtitle-aa\">Anv\u00e4ndningsriktning:<\/p>\n<p>Ta 1 portion (3 tabletter) 1 till 3 g\u00e5nger dagligen. Konsumera mellan m\u00e5ltiderna, 30-45 minuter f\u00f6re tr\u00e4ning och\/eller direkt efter tr\u00e4ning.<\/p>\n<p class=\"subtitle-aa\">Ingredienser:<\/p>\n<p><u>vassle<\/u> pulver, <u>vassle<\/u> proteinkoncentrat, enzymhydrolyserat <u> vassle <\/u> proteinisolat, kakaopulver med l\u00e5g fetthalt (f\u00f6r chokladsmak), BCAA &#8211; grenad kedjeaminosyror (L-leucin, L-valin, L-isoleucin), bulkmedel (mikrokristallin cellulosa, dikalciumfosfat), antiklumpningsmedel (magnesiumstearat, kiseldioxid, hydrerad bomullsfr\u00f6olja), smak\u00e4mnen, s\u00f6tningsmedel (sukralos, acesulfam) kalium), bel\u00e4ggningar (polyvinylalkohol, polyetylenglykol, talk).<\/p>\n<p class=\"subtitle-aa\">Allergiinformation:<\/p>\n<p>Kan inneh\u00e5lla sp\u00e5r av soja, \u00e4gg och vete (gluten).<\/p>\n<p class=\"subtitle-aa\">Viktig information:<\/p>\n<p>Denna produkt \u00e4r ett kosttillskott. Anv\u00e4nd denna produkt tillsammans med mat som en del av en h\u00e4lsosam, balanserad kost, inte som en ers\u00e4ttning f\u00f6r s\u00e5dan. F\u00f6rvara utom r\u00e4ckh\u00e5ll f\u00f6r barn. Ej avsedd f\u00f6r anv\u00e4ndning av gravida eller ammande kvinnor! \u00d6verskrid inte den rekommenderade dagliga dosen.<\/p>\n<p>F\u00f6rvara p\u00e5 en sval, torr plats. Uts\u00e4tt inte f\u00f6r stark v\u00e4rme, fukt eller solljus. B\u00e4st f\u00f6re utg\u00e5ngsdatumet som st\u00e5r p\u00e5 f\u00f6rpackningen.<\/p>\n<\/div><div class=\"fusion-clearfix\"><\/div><\/div><\/div><div class=\"fusion-layout-column fusion_builder_column fusion-builder-column-4 fusion_builder_column_1_2 1_2 fusion-one-half fusion-column-last\" style=\"--awb-bg-size:cover;width:48%;\"><div class=\"fusion-column-wrapper fusion-flex-column-wrapper-legacy\"><div class=\"fusion-text fusion-text-8\"><p class=\"subtitle-aa\">N\u00c4RINGSINNEH\u00c5LL<\/p>\n<\/div><div class=\"fusion-text fusion-text-9\"><div class=\"table-1\">\n<table class=\"tb\" style=\"height: 477px;\" width=\"916\">\n<tbody>\n<tr class=\"table-row_border\">\n<td colspan=\"5\"><strong>N\u00e4ringsinneh\u00e5ll<\/strong><br \/>\nPortioner per f\u00f6rpackning: 100<\/td>\n<td colspan=\"5\"><strong>1 portion (3 tabletter 4,5 g)<\/strong><\/td>\n<td colspan=\"5\"><strong>100g<\/strong><\/td>\n<\/tr>\n<tr>\n<td colspan=\"5\">Energiv\u00e4rde<\/td>\n<td colspan=\"5\">20 kcal \/ 85 kJ<\/td>\n<td colspan=\"5\">444,4 kcal \/ 1888,9 kJ<\/td>\n<\/tr>\n<tr>\n<td colspan=\"5\">Proteiner<\/td>\n<td colspan=\"5\">3 g<\/td>\n<td colspan=\"5\">66,7 g<\/td>\n<\/tr>\n<tr>\n<td colspan=\"5\">Kolhydrater<\/td>\n<td colspan=\"5\">2 g<\/td>\n<td colspan=\"5\">44,4 g<\/td>\n<\/tr>\n<tr>\n<td colspan=\"5\">Fett<\/td>\n<td colspan=\"5\">0 g<\/td>\n<td colspan=\"5\">0 g<\/td>\n<\/tr>\n<tr>\n<td colspan=\"15\"><strong>Typisk aminosyraprofil per 100 g<\/strong><\/td>\n<\/tr>\n<tr>\n<td colspan=\"3\">Leucin<\/td>\n<td colspan=\"2\">4650 mg<\/td>\n<td colspan=\"5\">Treonin<\/td>\n<td colspan=\"5\">3475 mg<\/td>\n<\/tr>\n<tr>\n<td colspan=\"3\">Isoleucin<\/td>\n<td colspan=\"2\">2400 mg<\/td>\n<td colspan=\"5\">Alanin<\/td>\n<td colspan=\"5\">2555 mg<\/td>\n<\/tr>\n<tr>\n<td colspan=\"3\">Valin<\/td>\n<td colspan=\"2\">2370 mg<\/td>\n<td colspan=\"5\">Prolin<\/td>\n<td colspan=\"5\">2825 mg<\/td>\n<\/tr>\n<tr>\n<td colspan=\"3\">Asparaginsyra<\/td>\n<td colspan=\"2\">5525 mg<\/td>\n<td colspan=\"5\">Tyrosin<\/td>\n<td colspan=\"5\">1365 mg<\/td>\n<\/tr>\n<tr>\n<td colspan=\"3\">Glutaminsyra<\/td>\n<td colspan=\"2\">8050 mg<\/td>\n<td colspan=\"5\">Metionin<\/td>\n<td colspan=\"5\">1070 mg<\/td>\n<\/tr>\n<tr>\n<td colspan=\"3\">Serin<\/td>\n<td colspan=\"2\">2530 mg<\/td>\n<td colspan=\"5\">Cystein<\/td>\n<td colspan=\"5\">1165 mg<\/td>\n<\/tr>\n<tr>\n<td colspan=\"3\">Glycin<\/td>\n<td colspan=\"2\">820 mg<\/td>\n<td colspan=\"5\">Fenylalanin<\/td>\n<td colspan=\"5\">1460 mg<\/td>\n<\/tr>\n<tr>\n<td colspan=\"3\">Histidin<\/td>\n<td colspan=\"2\">710 mg<\/td>\n<td colspan=\"5\">Lysin<\/td>\n<td colspan=\"5\">4360 mg<\/td>\n<\/tr>\n<tr>\n<td colspan=\"3\">Arginin<\/td>\n<td colspan=\"2\">925 mg<\/td>\n<td colspan=\"5\">Tryptofan<\/td>\n<td colspan=\"5\">950 mg<\/td>\n<\/tr>\n<\/tbody>\n<\/table>\n<\/div>\n<\/div><div class=\"fusion-clearfix\"><\/div><\/div><\/div><\/div><\/div><\/p>\n","protected":false},"excerpt":{"rendered":"","protected":false},"author":1,"featured_media":0,"parent":12370,"menu_order":0,"comment_status":"closed","ping_status":"closed","template":"","meta":{"footnotes":""},"class_list":["post-18680","page","type-page","status-publish","hentry"],"_links":{"self":[{"href":"https:\/\/vikingforce.se\/sv\/wp-json\/wp\/v2\/pages\/18680","targetHints":{"allow":["GET"]}}],"collection":[{"href":"https:\/\/vikingforce.se\/sv\/wp-json\/wp\/v2\/pages"}],"about":[{"href":"https:\/\/vikingforce.se\/sv\/wp-json\/wp\/v2\/types\/page"}],"author":[{"embeddable":true,"href":"https:\/\/vikingforce.se\/sv\/wp-json\/wp\/v2\/users\/1"}],"replies":[{"embeddable":true,"href":"https:\/\/vikingforce.se\/sv\/wp-json\/wp\/v2\/comments?post=18680"}],"version-history":[{"count":13,"href":"https:\/\/vikingforce.se\/sv\/wp-json\/wp\/v2\/pages\/18680\/revisions"}],"predecessor-version":[{"id":23518,"href":"https:\/\/vikingforce.se\/sv\/wp-json\/wp\/v2\/pages\/18680\/revisions\/23518"}],"up":[{"embeddable":true,"href":"https:\/\/vikingforce.se\/sv\/wp-json\/wp\/v2\/pages\/12370"}],"wp:attachment":[{"href":"https:\/\/vikingforce.se\/sv\/wp-json\/wp\/v2\/media?parent=18680"}],"curies":[{"name":"wp","href":"https:\/\/api.w.org\/{rel}","templated":true}]}}