{"id":18668,"date":"2020-12-13T11:18:00","date_gmt":"2020-12-13T11:18:00","guid":{"rendered":"https:\/\/vikingforce.se\/weight-gainers\/hyper-gainer\/"},"modified":"2025-05-16T17:05:38","modified_gmt":"2025-05-16T17:05:38","slug":"hyper-gainer","status":"publish","type":"page","link":"https:\/\/vikingforce.se\/sv\/weight-gainers\/hyper-gainer\/","title":{"rendered":"HYPER GAINER"},"content":{"rendered":"<p><div class=\"fusion-fullwidth fullwidth-box fusion-builder-row-1 nonhundred-percent-fullwidth non-hundred-percent-height-scrolling\" style=\"--awb-background-position:center top;--awb-border-color:#f6f6f6;--awb-border-radius-top-left:0px;--awb-border-radius-top-right:0px;--awb-border-radius-bottom-right:0px;--awb-border-radius-bottom-left:0px;--awb-padding-top:1px;--awb-padding-right:0px;--awb-padding-bottom:30px;--awb-padding-left:0px;--awb-background-color:#fff;--awb-border-sizes-top:1px;--awb-border-sizes-bottom:1px;--awb-flex-wrap:wrap;\" ><div class=\"fusion-builder-row fusion-row\"><div class=\"fusion-layout-column fusion_builder_column fusion-builder-column-0 fusion_builder_column_1_2 1_2 fusion-one-half fusion-column-first\" style=\"--awb-bg-size:cover;width:48%; margin-right: 4%;\"><div class=\"fusion-column-wrapper fusion-flex-column-wrapper-legacy\"><div class=\"fusion-sep-clear\"><\/div><div class=\"fusion-separator fusion-full-width-sep\" style=\"margin-left: auto;margin-right: auto;margin-top:60px;width:100%;\"><\/div><div class=\"fusion-sep-clear\"><\/div><div class=\"fusion-text fusion-text-1\"><p><a href=\"https:\/\/vikingforce.se\/wp-content\/uploads\/2023\/06\/VIKING-Hyper-Gainer-vanilla-Current-View-1200x1200.png\"><img decoding=\"async\" class=\"alignnone wp-image-20873 size-fusion-1200\" src=\"https:\/\/vikingforce.se\/wp-content\/uploads\/2023\/06\/VIKING-Hyper-Gainer-vanilla-Current-View-1200x1200.png\" alt=\"\" width=\"1200\" height=\"1200\" srcset=\"https:\/\/vikingforce.se\/wp-content\/uploads\/2023\/06\/VIKING-Hyper-Gainer-vanilla-Current-View-66x66.png 66w, https:\/\/vikingforce.se\/wp-content\/uploads\/2023\/06\/VIKING-Hyper-Gainer-vanilla-Current-View-150x150.png 150w, https:\/\/vikingforce.se\/wp-content\/uploads\/2023\/06\/VIKING-Hyper-Gainer-vanilla-Current-View-200x200.png 200w, https:\/\/vikingforce.se\/wp-content\/uploads\/2023\/06\/VIKING-Hyper-Gainer-vanilla-Current-View-300x300.png 300w, https:\/\/vikingforce.se\/wp-content\/uploads\/2023\/06\/VIKING-Hyper-Gainer-vanilla-Current-View-400x400.png 400w, https:\/\/vikingforce.se\/wp-content\/uploads\/2023\/06\/VIKING-Hyper-Gainer-vanilla-Current-View-600x600.png 600w, https:\/\/vikingforce.se\/wp-content\/uploads\/2023\/06\/VIKING-Hyper-Gainer-vanilla-Current-View-768x768.png 768w, https:\/\/vikingforce.se\/wp-content\/uploads\/2023\/06\/VIKING-Hyper-Gainer-vanilla-Current-View-800x800.png 800w, https:\/\/vikingforce.se\/wp-content\/uploads\/2023\/06\/VIKING-Hyper-Gainer-vanilla-Current-View-1024x1024.png 1024w, https:\/\/vikingforce.se\/wp-content\/uploads\/2023\/06\/VIKING-Hyper-Gainer-vanilla-Current-View-1200x1200.png 1200w, https:\/\/vikingforce.se\/wp-content\/uploads\/2023\/06\/VIKING-Hyper-Gainer-vanilla-Current-View.png 1500w\" sizes=\"(max-width: 1200px) 100vw, 1200px\" \/><\/a><\/p>\n<\/div><div class=\"fusion-clearfix\"><\/div><\/div><\/div><div class=\"fusion-layout-column fusion_builder_column fusion-builder-column-1 fusion_builder_column_1_2 1_2 fusion-one-half fusion-column-last\" style=\"--awb-bg-size:cover;width:48%;\"><div class=\"fusion-column-wrapper fusion-flex-column-wrapper-legacy\"><div class=\"fusion-sep-clear\"><\/div><div class=\"fusion-separator fusion-full-width-sep\" style=\"margin-left: auto;margin-right: auto;margin-top:30px;width:100%;\"><\/div><div class=\"fusion-sep-clear\"><\/div><div class=\"fusion-title title fusion-title-1 fusion-sep-none fusion-title-text fusion-title-size-one title-wg\" style=\"--awb-margin-bottom:5px;\"><h1 class=\"fusion-title-heading title-heading-left\" style=\"margin:0;\"><div style=\"text-align: center;\"><span style=\"font-size: var(--h1_typography-font-size); font-style: var(--h1_typography-font-style,normal); font-weight: var(--h1_typography-font-weight); letter-spacing: var(--h1_typography-letter-spacing);\">VIKING HYPER GAINER<\/span><\/div><\/h1><\/div><div class=\"fusion-text fusion-text-2\"><p style=\"text-align: center;\">(Kosttillskott)<\/p>\n<\/div><div class=\"fusion-text fusion-text-3\"><p class=\"subtitle-wg\" style=\"text-align: center;\">Nettovikt: 12 lbs (5.45 kg)<\/p>\n<p class=\"subtitle-wg\" style=\"text-align: center;\">Portioner\/Beh\u00e5llare: 18<\/p>\n<\/div><div class=\"fusion-clearfix\"><\/div><\/div><\/div><\/div><\/div><div class=\"fusion-fullwidth fullwidth-box fusion-builder-row-2 nonhundred-percent-fullwidth non-hundred-percent-height-scrolling\" style=\"--awb-border-color:#f6f6f6;--awb-border-radius-top-left:0px;--awb-border-radius-top-right:0px;--awb-border-radius-bottom-right:0px;--awb-border-radius-bottom-left:0px;--awb-padding-top:10px;--awb-padding-right:0px;--awb-padding-bottom:0px;--awb-padding-left:0px;--awb-background-color:#fff;--awb-border-sizes-top:0px;--awb-border-sizes-bottom:0px;--awb-flex-wrap:wrap;\" ><div class=\"fusion-builder-row fusion-row\"><div class=\"fusion-layout-column fusion_builder_column fusion-builder-column-2 fusion_builder_column_1_1 1_1 fusion-one-full fusion-column-first fusion-column-last\" style=\"--awb-bg-size:cover;\"><div class=\"fusion-column-wrapper fusion-flex-column-wrapper-legacy\"><div class=\"fusion-text fusion-text-4\"><p class=\"subtitle-wg\">Smaker:<\/p>\n<p>choklad, vanilj, banan.<\/p>\n<\/div><div class=\"fusion-clearfix\"><\/div><\/div><\/div><div class=\"fusion-layout-column fusion_builder_column fusion-builder-column-3 fusion_builder_column_1_2 1_2 fusion-one-half fusion-column-first\" style=\"--awb-bg-size:cover;width:48%; margin-right: 4%;\"><div class=\"fusion-column-wrapper fusion-flex-column-wrapper-legacy\"><div class=\"fusion-text fusion-text-5\"><p class=\"subtitle-wg\">Anv\u00e4ndningsinstruktioner:<\/p>\n<p>B\u00f6rja med att l\u00e4gga till tre skopor (150 g) i 375 &#8211; 450 ml kallt vatten eller helmj\u00f6lk, och g\u00e5 sedan vidare till sex skopor (300 g) med 750-900 ml kallt vatten eller helmj\u00f6lk (f\u00f6rdelat p\u00e5 tv\u00e5 shakers) efter en vecka. Ta en till tv\u00e5 g\u00e5nger dagligen. F\u00f6r b\u00e4sta resultat b\u00f6r Viking Hyper Gainer kombineras med en l\u00e4mplig kostplan f\u00f6r muskeltillv\u00e4xt och f\u00f6ljas av ett styrketr\u00e4ningsprogram.<\/p>\n<p class=\"subtitle-wg\">Ingredienser:<\/p>\n<p>Hyper CarbMix (maltodextrin, dextrosmonohydrat, vaxig majst\u00e4rkelse, fruktos), Hyper ProteinMix (vassleproteinkoncentrat, vassleproteinisolat, sojaproteinisolerat, skummj\u00f6lkspulver, kalciumcaseinat, mj\u00f6lkprotein-koncentrat), kakao med l\u00e5g fetthalt (f\u00f6r choklad och kaffe smak), klumpf\u00f6rebyggande medel (trikalciumfosfat, kiseldioxid), smak\u00e4mnen, Hyper CreaMix (kreatinmonohydrat, di-kreatinmalat, dextrosmonohydrat), Hyper AnabolMix (taurin, BCAA:er (leucin, isoleucin och valin), kalcium-HMB, Avena Sativa (f\u00f6rh\u00e5llandet 10:1)), MCT-olja (mediumkedjiga triglycerider kokosn\u00f6tolja), Hyper VoluMix (glycin, beta-alanin), Hyper GlutaMix (L-glutamin, L-glutamin AKG 1:1), Hyper VitaminMix (askorbinsyra, betakaroten, Dl-alfa-tokoferylacetat, kolekalciferol, niacinamid, D-kalcium Pantotenat, cyanokobalamin, riboflavin, pyridoxin HCl, tiaminmononitrat, folsyra, biotin), s\u00f6tningsmedel (sukralos, acesulfam K), kromklorid.<\/p>\n<p class=\"subtitle-wg\">Allergiinformation:<\/p>\n<p>Inneh\u00e5ller mj\u00f6lkkomponenter. Kan inneh\u00e5lla sp\u00e5r av \u00e4gg och vete (gluten).<\/p>\n<p class=\"subtitle-wg\">Viktig information:<\/p>\n<p>Denna produkt \u00e4r ett kosttillskott. Anv\u00e4nd produkten tillsammans med mat som en del av en h\u00e4lsosam och balanserad kost, inte som ett substitut f\u00f6r s\u00e5dan. F\u00f6rvara utom r\u00e4ckh\u00e5ll f\u00f6r barn. Endast avsedd f\u00f6r personer \u00f6ver 18 \u00e5r. Inte avsedd f\u00f6r anv\u00e4ndning av gravida eller ammande kvinnor! \u00d6verskrid inte den rekommenderade dagliga dosen.<br \/>\nF\u00f6rvara p\u00e5 en sval, torr plats. Uts\u00e4tt inte f\u00f6r \u00f6verdriven v\u00e4rme, fukt eller solljus. B\u00e4st f\u00f6re datumet skrivet p\u00e5 f\u00f6rpackningen.<\/p>\n<\/div><div class=\"fusion-clearfix\"><\/div><\/div><\/div><div class=\"fusion-layout-column fusion_builder_column fusion-builder-column-4 fusion_builder_column_1_2 1_2 fusion-one-half fusion-column-last\" style=\"--awb-bg-size:cover;width:48%;\"><div class=\"fusion-column-wrapper fusion-flex-column-wrapper-legacy\"><div class=\"fusion-text fusion-text-6\"><p class=\"subtitle-wg\">N\u00c4RINGSINNEH\u00c5LL<\/p>\n<\/div><div class=\"fusion-text fusion-text-7\"><div class=\"table-1\">\n<table class=\"tb\" width=\"100%\">\n<tbody>\n<tr class=\"table-row_border\">\n<td colspan=\"3\"><strong>**N\u00e4ringsinneh\u00e5ll per:<\/strong><\/p>\n<p><em>Portioner per beh\u00e5llare: 18<\/em><br \/>\nServeringsstorlek: 6 r\u00e5ga skopor (300g)<br \/>\nN\u00e4ringsinformation kan variera n\u00e5got mellan olika smaker.<\/td>\n<td style=\"text-align: center;\" colspan=\"6\"><strong>300 g<\/strong><\/td>\n<td style=\"text-align: center;\" colspan=\"6\"><strong>100 g<\/strong><\/td>\n<\/tr>\n<tr>\n<td colspan=\"3\">Energi<\/td>\n<td style=\"text-align: center;\" colspan=\"6\">4661,1 kJ \/ 1096,9 kcal<\/td>\n<td style=\"text-align: center;\" colspan=\"6\">1553,7 kJ \/ 365,6 kcal<\/td>\n<\/tr>\n<tr>\n<td colspan=\"3\">Proteiner<\/td>\n<td style=\"text-align: center;\" colspan=\"6\">50 g<\/td>\n<td style=\"text-align: center;\" colspan=\"6\">16,7 g<\/td>\n<\/tr>\n<tr>\n<td colspan=\"3\">Kolhydrater<\/td>\n<td style=\"text-align: center;\" colspan=\"6\">223 g<\/td>\n<td style=\"text-align: center;\" colspan=\"6\">74,3 g<\/td>\n<\/tr>\n<tr>\n<td colspan=\"3\">Totalt fett<\/td>\n<td style=\"text-align: center;\" colspan=\"6\">0,5 g<\/td>\n<td style=\"text-align: center;\" colspan=\"6\">0,2 g<\/td>\n<\/tr>\n<tr>\n<td colspan=\"3\">Natrium<\/td>\n<td style=\"text-align: center;\" colspan=\"6\">290 mg<\/td>\n<td style=\"text-align: center;\" colspan=\"6\">97 mg<\/td>\n<\/tr>\n<tr>\n<td colspan=\"3\">Kalium<\/td>\n<td style=\"text-align: center;\" colspan=\"6\">195 mg (9,8 %*)<\/td>\n<td style=\"text-align: center;\" colspan=\"6\">65 mg (3,3 %*)<\/td>\n<\/tr>\n<tr>\n<td colspan=\"3\">Kalcium<\/td>\n<td style=\"text-align: center;\" colspan=\"6\">800 mg (100 %*)<\/td>\n<td style=\"text-align: center;\" colspan=\"6\">266 mg (33,3 %*)<\/td>\n<\/tr>\n<tr>\n<td colspan=\"3\">Fosfor<\/td>\n<td style=\"text-align: center;\" colspan=\"6\">500 mg (71,4 %*)<\/td>\n<td style=\"text-align: center;\" colspan=\"6\">166 mg (24 %*)<\/td>\n<\/tr>\n<tr>\n<td colspan=\"3\">Vitamin A<\/td>\n<td style=\"text-align: center;\" colspan=\"6\">360 \u00b5g (45 %*)<\/td>\n<td style=\"text-align: center;\" colspan=\"6\">120 \u00b5g (15 %*)<\/td>\n<\/tr>\n<tr>\n<td colspan=\"3\">C-vitamin<\/td>\n<td style=\"text-align: center;\" colspan=\"6\">36 mg (45 %*)<\/td>\n<td style=\"text-align: center;\" colspan=\"6\">12 mg (15 %*)<\/td>\n<\/tr>\n<tr>\n<td colspan=\"3\">Vitamin D<\/td>\n<td colspan=\"6\">2,25 \u00b5g (45 %*)<\/td>\n<td colspan=\"6\">0,75 \u00b5g (15 %*)<\/td>\n<\/tr>\n<tr>\n<td colspan=\"3\">Vitamin E<\/td>\n<td colspan=\"6\">5,4 mg (45 %*)<\/td>\n<td colspan=\"6\">1,8 mg (15 %*)<\/td>\n<\/tr>\n<tr>\n<td colspan=\"3\">Tiamin<\/td>\n<td colspan=\"6\">0,5 mg (45 %*)<\/td>\n<td colspan=\"6\">0,2 mg (15 %*)<\/td>\n<\/tr>\n<tr>\n<td colspan=\"3\">Riboflavin<\/td>\n<td colspan=\"6\">0,6 mg (45 %*)<\/td>\n<td colspan=\"6\">0,2 mg (15 %*)<\/td>\n<\/tr>\n<tr>\n<td colspan=\"3\">Niacin<\/td>\n<td colspan=\"6\">7,2 mg (45 %*)<\/td>\n<td colspan=\"6\">2,4 mg (15 %*)<\/td>\n<\/tr>\n<tr>\n<td colspan=\"3\">Vitamin B6<\/td>\n<td colspan=\"6\">0,6 mg (45 %*)<\/td>\n<td colspan=\"6\">0,2 mg (15 %*)<\/td>\n<\/tr>\n<tr>\n<td colspan=\"3\">Folsyra<\/td>\n<td colspan=\"6\">90 \u00b5g (45 %*)<\/td>\n<td colspan=\"6\">30 \u00b5g (15 %*)<\/td>\n<\/tr>\n<tr>\n<td colspan=\"3\">Vitamin B12<\/td>\n<td colspan=\"6\">1,1 \u00b5g (45 %*)<\/td>\n<td colspan=\"6\">0,4 \u00b5g (15 %*)<\/td>\n<\/tr>\n<tr>\n<td colspan=\"3\">Biotin<\/td>\n<td colspan=\"6\">22,5 \u00b5g (45 %*)<\/td>\n<td colspan=\"6\">7,5 \u00b5g (15 %*)<\/td>\n<\/tr>\n<tr>\n<td colspan=\"3\">Pantotensyra<\/td>\n<td colspan=\"6\">2,7 mg (45 %*)<\/td>\n<td colspan=\"6\">0,9 mg (15 %*)<\/td>\n<\/tr>\n<tr>\n<td colspan=\"3\"><strong>Hyper Gainer Blend<\/strong><\/td>\n<td colspan=\"6\">30 g<\/td>\n<td colspan=\"6\"><\/td>\n<\/tr>\n<tr>\n<td colspan=\"3\">Hyper CreaMix &#8211; Kreatinmonohydrat, Di-Creatine Malate, Dextrosmonohydrat<br \/>\n&#8211; varav kreatin<\/td>\n<td colspan=\"6\">4,5 g<\/td>\n<td colspan=\"6\"><\/td>\n<\/tr>\n<tr>\n<td colspan=\"3\">Hyper AnabolMix &#8211; Taurin, BCAA (leucin, isoleucin och valin), Kalcium &#8211; HMB, Avena Sativa<\/td>\n<td colspan=\"6\"><\/td>\n<td colspan=\"6\"><\/td>\n<\/tr>\n<tr>\n<td colspan=\"3\">Hyper VoluMix &#8211; Glycin, Beta Alanine<\/td>\n<td colspan=\"6\"><\/td>\n<td colspan=\"6\"><\/td>\n<\/tr>\n<tr>\n<td colspan=\"3\">Hyper GlutaMix &#8211; L-Glutamin, L-Glutamin AKG 1:1<\/td>\n<td colspan=\"6\"><\/td>\n<td colspan=\"6\"><\/td>\n<\/tr>\n<tr>\n<td colspan=\"3\">Hyper VitaminMix<\/td>\n<td colspan=\"6\"><\/td>\n<td colspan=\"6\"><\/td>\n<\/tr>\n<tr>\n<td colspan=\"15\">**N\u00e4ringsinformation kan variera n\u00e5got mellan smaker.<br \/>\n* NRVs &#8211; N\u00e4ringsreferensv\u00e4rden<\/td>\n<\/tr>\n<\/tbody>\n<\/table>\n<\/div>\n<\/div><div class=\"fusion-clearfix\"><\/div><\/div><\/div><\/div><\/div><\/p>\n","protected":false},"excerpt":{"rendered":"","protected":false},"author":1,"featured_media":0,"parent":12514,"menu_order":0,"comment_status":"closed","ping_status":"closed","template":"","meta":{"footnotes":""},"class_list":["post-18668","page","type-page","status-publish","hentry"],"_links":{"self":[{"href":"https:\/\/vikingforce.se\/sv\/wp-json\/wp\/v2\/pages\/18668","targetHints":{"allow":["GET"]}}],"collection":[{"href":"https:\/\/vikingforce.se\/sv\/wp-json\/wp\/v2\/pages"}],"about":[{"href":"https:\/\/vikingforce.se\/sv\/wp-json\/wp\/v2\/types\/page"}],"author":[{"embeddable":true,"href":"https:\/\/vikingforce.se\/sv\/wp-json\/wp\/v2\/users\/1"}],"replies":[{"embeddable":true,"href":"https:\/\/vikingforce.se\/sv\/wp-json\/wp\/v2\/comments?post=18668"}],"version-history":[{"count":14,"href":"https:\/\/vikingforce.se\/sv\/wp-json\/wp\/v2\/pages\/18668\/revisions"}],"predecessor-version":[{"id":23676,"href":"https:\/\/vikingforce.se\/sv\/wp-json\/wp\/v2\/pages\/18668\/revisions\/23676"}],"up":[{"embeddable":true,"href":"https:\/\/vikingforce.se\/sv\/wp-json\/wp\/v2\/pages\/12514"}],"wp:attachment":[{"href":"https:\/\/vikingforce.se\/sv\/wp-json\/wp\/v2\/media?parent=18668"}],"curies":[{"name":"wp","href":"https:\/\/api.w.org\/{rel}","templated":true}]}}