{"id":18626,"date":"2020-12-05T11:55:57","date_gmt":"2020-12-05T11:55:57","guid":{"rendered":"https:\/\/vikingforce.se\/proteins\/viking-breakfast-meal\/"},"modified":"2025-05-16T14:52:36","modified_gmt":"2025-05-16T14:52:36","slug":"viking-breakfast-meal","status":"publish","type":"page","link":"https:\/\/vikingforce.se\/sv\/proteins\/viking-breakfast-meal\/","title":{"rendered":"VIKING BREAKFAST MEAL"},"content":{"rendered":"<p><div class=\"fusion-fullwidth fullwidth-box fusion-builder-row-1 nonhundred-percent-fullwidth non-hundred-percent-height-scrolling\" style=\"--awb-background-position:center top;--awb-border-color:#f6f6f6;--awb-border-radius-top-left:0px;--awb-border-radius-top-right:0px;--awb-border-radius-bottom-right:0px;--awb-border-radius-bottom-left:0px;--awb-padding-top:1px;--awb-padding-right:0px;--awb-padding-bottom:30px;--awb-padding-left:0px;--awb-background-color:#fff;--awb-border-sizes-top:1px;--awb-border-sizes-bottom:1px;--awb-flex-wrap:wrap;\" ><div class=\"fusion-builder-row fusion-row\"><div class=\"fusion-layout-column fusion_builder_column fusion-builder-column-0 fusion_builder_column_1_2 1_2 fusion-one-half fusion-column-first\" style=\"--awb-bg-size:cover;width:48%; margin-right: 4%;\"><div class=\"fusion-column-wrapper fusion-flex-column-wrapper-legacy\"><div class=\"fusion-sep-clear\"><\/div><div class=\"fusion-separator fusion-full-width-sep\" style=\"margin-left: auto;margin-right: auto;margin-top:60px;width:100%;\"><\/div><div class=\"fusion-sep-clear\"><\/div><div class=\"fusion-text fusion-text-1\"><p><img decoding=\"async\" class=\"wp-image-14169 size-full aligncenter\" src=\"https:\/\/vikingforce.se\/wp-content\/uploads\/2020\/07\/BREAKFAST-MEAL.jpg\" alt=\"\" width=\"600\" height=\"741\" \/><\/p>\n<\/div><div class=\"fusion-clearfix\"><\/div><\/div><\/div><div class=\"fusion-layout-column fusion_builder_column fusion-builder-column-1 fusion_builder_column_1_2 1_2 fusion-one-half fusion-column-last\" style=\"--awb-bg-size:cover;width:48%;\"><div class=\"fusion-column-wrapper fusion-flex-column-wrapper-legacy\"><div class=\"fusion-title title fusion-title-1 fusion-sep-none fusion-title-text fusion-title-size-one title-wg\" style=\"--awb-margin-bottom:5px;\"><h1 class=\"fusion-title-heading title-heading-left\" style=\"margin:0;\"><div style=\"text-align: center;\"><span style=\"font-size: var(--h1_typography-font-size); font-style: var(--h1_typography-font-style,normal); font-weight: var(--h1_typography-font-weight); letter-spacing: var(--h1_typography-letter-spacing);\">VIKING BREAKFAST MEAL<\/span><\/div><\/h1><\/div><div class=\"fusion-text fusion-text-2\"><p style=\"text-align: center;\">(Kosttillskott)<\/p>\n<\/div><div class=\"fusion-text fusion-text-3\"><p><!--<img decoding=\"async\" class=\"size-large wp-image-11808 aligncenter\" src=\"https:\/\/vikingforce.se\/wp-content\/uploads\/2015\/12\/aroma-empire-whey-1024x110.jpg\" alt=\"aroma-empire-whey\" width=\"669\" height=\"72\" srcset=\"https:\/\/vikingforce.se\/wp-content\/uploads\/2015\/12\/aroma-empire-whey-300x32.jpg 300w, https:\/\/vikingforce.se\/wp-content\/uploads\/2015\/12\/aroma-empire-whey-1024x110.jpg 1024w\" sizes=\"(max-width: 669px) 100vw, 669px\" \/>--><\/p>\n<\/div><div class=\"fusion-text fusion-text-4\"><p><!--<img decoding=\"async\" class=\"wp-image-11807 aligncenter\" src=\"https:\/\/vikingforce.se\/wp-content\/uploads\/2015\/12\/serving-empire-whey.jpg\" alt=\"serving-empire-whey\" width=\"147\" height=\"115\" \/>--><\/p>\n<\/div><div class=\"fusion-text fusion-text-5\"><p class=\"subtitle-wg\" style=\"text-align: center;\">Nettovikt: 300 g<\/p>\n<p class=\"subtitle-wg\" style=\"text-align: center;\">Portioner\/Beh\u00e5llare: 30<\/p>\n<\/div><div class=\"fusion-clearfix\"><\/div><\/div><\/div><\/div><\/div><div class=\"fusion-fullwidth fullwidth-box fusion-builder-row-2 nonhundred-percent-fullwidth non-hundred-percent-height-scrolling\" style=\"--awb-border-color:#f6f6f6;--awb-border-radius-top-left:0px;--awb-border-radius-top-right:0px;--awb-border-radius-bottom-right:0px;--awb-border-radius-bottom-left:0px;--awb-padding-top:10px;--awb-padding-right:0px;--awb-padding-bottom:0px;--awb-padding-left:0px;--awb-background-color:#fff;--awb-border-sizes-top:0px;--awb-border-sizes-bottom:0px;--awb-flex-wrap:wrap;\" ><div class=\"fusion-builder-row fusion-row\"><div class=\"fusion-layout-column fusion_builder_column fusion-builder-column-2 fusion_builder_column_1_1 1_1 fusion-one-full fusion-column-first fusion-column-last\" style=\"--awb-bg-size:cover;\"><div class=\"fusion-column-wrapper fusion-flex-column-wrapper-legacy\"><div class=\"fusion-text fusion-text-6\"><p class=\"subtitle-p\">Viking Breakfast Meal<\/p>\n<p>Tillsatt guarana och magnesium.<\/p>\n<p class=\"subtitle-p\">Smaker:<\/p>\n<p>Choklad, vanilj.<\/p>\n<\/div><div class=\"fusion-clearfix\"><\/div><\/div><\/div><div class=\"fusion-layout-column fusion_builder_column fusion-builder-column-3 fusion_builder_column_1_2 1_2 fusion-one-half fusion-column-first\" style=\"--awb-bg-size:cover;width:48%; margin-right: 4%;\"><div class=\"fusion-column-wrapper fusion-flex-column-wrapper-legacy\"><div class=\"fusion-text fusion-text-7\"><p class=\"subtitle-p\">Anv\u00e4ndningsanvisning:<\/p>\n<p>Skaka v\u00e4l innan anv\u00e4ndning. L\u00f6s 100 g (ca 2 \u00bd skopor) i 300 ml vatten eller mj\u00f6lk och drick en g\u00e5ng om dagen, p\u00e5 morgonen.<\/p>\n<p class=\"subtitle-p\">Ingredienser:<\/p>\n<p>Maltodextrin, <strong>havremj\u00f6l<\/strong>, ultrafiltrerat <strong>vassleproteinkoncentrat<\/strong>, <strong>havreflingor<\/strong>, modifierade f\u00f6rtjockningsmedel (potatisst\u00e4rkelse, xantangummi), kakao (f\u00f6r chokladsmak), kokosoljapulver (inneh\u00e5ller mj\u00f6lkprotein), chokladbitar, aromer, trimagnesiumcitrat, natriumklorid , s\u00f6tningsmedel (sukralos), guaranafr\u00f6extrakt (Paulinia Kupana Kunth. 22 % koffein).<\/p>\n<p class=\"subtitle-p\">Allergiinformation:<\/p>\n<p>Inneh\u00e5ller mj\u00f6lk och gluten. Kan inneh\u00e5lla sp\u00e5r av \u00e4gg och soja.<\/p>\n<p class=\"subtitle-p\">Viktig information:<\/p>\n<p>Denna produkt \u00e4r ett kosttillskott. Anv\u00e4nd denna produkt tillsammans med mat som en del av en h\u00e4lsosam, balanserad kost, inte som en ers\u00e4ttning f\u00f6r s\u00e5dan. F\u00f6rvara utom r\u00e4ckh\u00e5ll f\u00f6r barn. Inte avsedd f\u00f6r anv\u00e4ndning av barn eller gravida eller ammande kvinnor! \u00d6verskrid inte den rekommenderade dagliga dosen.<\/p>\n<p>F\u00f6rvara p\u00e5 en kall och torr plats. Uts\u00e4tt inte f\u00f6r stark v\u00e4rme, fukt eller solljus. b\u00e4st f\u00f6re det utg\u00e5ngsdatum som \u00e4r skrivet p\u00e5 f\u00f6rpackningen.<\/p>\n<\/div><div class=\"fusion-clearfix\"><\/div><\/div><\/div><div class=\"fusion-layout-column fusion_builder_column fusion-builder-column-4 fusion_builder_column_1_2 1_2 fusion-one-half fusion-column-last\" style=\"--awb-bg-size:cover;width:48%;\"><div class=\"fusion-column-wrapper fusion-flex-column-wrapper-legacy\"><div class=\"fusion-text fusion-text-8\"><p class=\"subtitle-p\">N\u00c4RINGSINNEH\u00c5LL<\/p>\n<\/div><div class=\"fusion-text fusion-text-9\"><div class=\"table-1\">\n<table class=\"tb\" width=\"100%\">\n<tbody>\n<tr class=\"table-row_border\">\n<td colspan=\"3\"><strong>**N\u00e4ringsinneh\u00e5ll<\/strong><\/td>\n<td style=\"text-align: center;\" colspan=\"6\"><strong>100 g<\/strong><\/td>\n<\/tr>\n<tr>\n<td colspan=\"3\">Energi<\/td>\n<td style=\"text-align: center;\" colspan=\"6\">336,3 kcal \/ 1419,3 kJ<\/td>\n<\/tr>\n<tr>\n<td colspan=\"3\">Proteiner<\/td>\n<td style=\"text-align: center;\" colspan=\"6\">21,2 g<\/td>\n<\/tr>\n<tr>\n<td colspan=\"3\">Kolhydrater<\/td>\n<td style=\"text-align: center;\" colspan=\"6\">46,4 g<\/td>\n<\/tr>\n<tr>\n<td colspan=\"3\"><em>-Sockrar<\/em><\/td>\n<td style=\"text-align: center;\" colspan=\"6\">3,3 g<\/td>\n<\/tr>\n<tr>\n<td colspan=\"3\">Totalt fett<\/td>\n<td style=\"text-align: center;\" colspan=\"6\">6,5 g<\/td>\n<\/tr>\n<tr>\n<td colspan=\"3\"><em style=\"font-family: inherit; font-size: inherit;\">-M\u00e4ttade fettsyror<\/em><\/td>\n<td style=\"text-align: center;\" colspan=\"6\">3,4 g<\/td>\n<\/tr>\n<tr>\n<td colspan=\"3\">Fibrer<\/td>\n<td style=\"text-align: center;\" colspan=\"6\">3,7 g<\/td>\n<\/tr>\n<tr>\n<td colspan=\"3\">Natrium<\/td>\n<td style=\"text-align: center;\" colspan=\"6\">0,18 g<\/td>\n<\/tr>\n<tr>\n<td colspan=\"3\">Magnesium<\/td>\n<td colspan=\"2\">120 mg<\/td>\n<td colspan=\"2\">32 %*<\/td>\n<\/tr>\n<tr>\n<td colspan=\"3\">Kalcium<\/td>\n<td colspan=\"2\">134 mg<\/td>\n<td colspan=\"2\">16,8 %*<\/td>\n<\/tr>\n<tr>\n<td colspan=\"3\">Fosfor<\/td>\n<td colspan=\"2\">120 mg<\/td>\n<td colspan=\"2\">17,1 %*<\/td>\n<\/tr>\n<tr>\n<td colspan=\"3\">Kalium<\/td>\n<td colspan=\"2\">322 mg<\/td>\n<td colspan=\"2\">16,1 %*<\/td>\n<\/tr>\n<tr>\n<td colspan=\"3\">Guaranextrakt<\/td>\n<td style=\"text-align: center;\" colspan=\"6\">100 mg<\/td>\n<\/tr>\n<tr>\n<td colspan=\"3\"><em> -Koffein<\/em><\/td>\n<td style=\"text-align: center;\" colspan=\"6\">22 mg<\/td>\n<\/tr>\n<tr>\n<td colspan=\"7\">* NRV &#8211; N\u00e4ringsreferensv\u00e4rden (baserat p\u00e5 en diet med 2 000 kalorier)<br \/>\n**N\u00e4ringsinformation kan variera n\u00e5got mellan smaker.<\/td>\n<\/tr>\n<\/tbody>\n<\/table>\n<\/div>\n<\/div><div class=\"fusion-clearfix\"><\/div><\/div><\/div><\/div><\/div><\/p>\n","protected":false},"excerpt":{"rendered":"","protected":false},"author":1,"featured_media":0,"parent":12490,"menu_order":0,"comment_status":"closed","ping_status":"closed","template":"","meta":{"footnotes":""},"class_list":["post-18626","page","type-page","status-publish","hentry"],"_links":{"self":[{"href":"https:\/\/vikingforce.se\/sv\/wp-json\/wp\/v2\/pages\/18626","targetHints":{"allow":["GET"]}}],"collection":[{"href":"https:\/\/vikingforce.se\/sv\/wp-json\/wp\/v2\/pages"}],"about":[{"href":"https:\/\/vikingforce.se\/sv\/wp-json\/wp\/v2\/types\/page"}],"author":[{"embeddable":true,"href":"https:\/\/vikingforce.se\/sv\/wp-json\/wp\/v2\/users\/1"}],"replies":[{"embeddable":true,"href":"https:\/\/vikingforce.se\/sv\/wp-json\/wp\/v2\/comments?post=18626"}],"version-history":[{"count":11,"href":"https:\/\/vikingforce.se\/sv\/wp-json\/wp\/v2\/pages\/18626\/revisions"}],"predecessor-version":[{"id":23595,"href":"https:\/\/vikingforce.se\/sv\/wp-json\/wp\/v2\/pages\/18626\/revisions\/23595"}],"up":[{"embeddable":true,"href":"https:\/\/vikingforce.se\/sv\/wp-json\/wp\/v2\/pages\/12490"}],"wp:attachment":[{"href":"https:\/\/vikingforce.se\/sv\/wp-json\/wp\/v2\/media?parent=18626"}],"curies":[{"name":"wp","href":"https:\/\/api.w.org\/{rel}","templated":true}]}}