{"id":18274,"date":"2020-02-12T13:42:07","date_gmt":"2020-02-12T13:42:07","guid":{"rendered":"http:\/\/vikingforce.se\/vitamins\/omega-3\/"},"modified":"2025-05-16T15:59:20","modified_gmt":"2025-05-16T15:59:20","slug":"omega-3","status":"publish","type":"page","link":"https:\/\/vikingforce.se\/sv\/vitamins\/omega-3\/","title":{"rendered":"OMEGA 3"},"content":{"rendered":"<p><div class=\"fusion-fullwidth fullwidth-box fusion-builder-row-1 nonhundred-percent-fullwidth non-hundred-percent-height-scrolling\" style=\"--awb-background-position:left top;--awb-border-radius-top-left:0px;--awb-border-radius-top-right:0px;--awb-border-radius-bottom-right:0px;--awb-border-radius-bottom-left:0px;--awb-padding-top:20px;--awb-padding-bottom:20px;--awb-border-sizes-top:0px;--awb-border-sizes-bottom:0px;--awb-flex-wrap:wrap;\" ><div class=\"fusion-builder-row fusion-row\"><div class=\"fusion-layout-column fusion_builder_column fusion-builder-column-0 fusion_builder_column_1_2 1_2 fusion-one-half fusion-column-first\" style=\"--awb-bg-size:cover;width:48%; margin-right: 4%;\"><div class=\"fusion-column-wrapper fusion-flex-column-wrapper-legacy\"><div class=\"fusion-sep-clear\"><\/div><div class=\"fusion-separator fusion-full-width-sep\" style=\"margin-left: auto;margin-right: auto;width:100%;\"><\/div><div class=\"fusion-sep-clear\"><\/div><div class=\"fusion-text fusion-text-1\"><p><img decoding=\"async\" class=\"alignnone size-full wp-image-18230\" src=\"https:\/\/vikingforce.se\/wp-content\/uploads\/2020\/02\/OMEGA.jpg\" alt=\"\" width=\"763\" height=\"676\" \/><\/p>\n<\/div><div class=\"fusion-clearfix\"><\/div><\/div><\/div><div class=\"fusion-layout-column fusion_builder_column fusion-builder-column-1 fusion_builder_column_1_2 1_2 fusion-one-half fusion-column-last\" style=\"--awb-bg-size:cover;width:48%;\"><div class=\"fusion-column-wrapper fusion-flex-column-wrapper-legacy\"><div class=\"fusion-title title fusion-title-1 fusion-sep-none fusion-title-text fusion-title-size-one title-wg\" style=\"--awb-margin-top:50px;--awb-margin-bottom:5px;\"><h1 class=\"fusion-title-heading title-heading-left\" style=\"margin:0;\"><div style=\"text-align: center;\"><span style=\"font-size: var(--h1_typography-font-size); font-style: var(--h1_typography-font-style,normal); font-weight: var(--h1_typography-font-weight); letter-spacing: var(--h1_typography-letter-spacing); background-color: rgba(255, 255, 255, 0);\">VIKING OMEGA 3<\/span><\/div><\/h1><\/div><div class=\"fusion-text fusion-text-2\"><p style=\"text-align: center;\">(Kosttillskott)<\/p>\n<\/div><div class=\"fusion-text fusion-text-3\"><p><!--<img decoding=\"async\" class=\"size-medium wp-image-13848 aligncenter\" src=\"https:\/\/vikingforce.se\/wp-content\/uploads\/2017\/03\/pills-300x96.jpg\" alt=\"pills\" width=\"300\" height=\"96\" srcset=\"https:\/\/vikingforce.se\/wp-content\/uploads\/2017\/03\/pills-300x96.jpg 300w, https:\/\/vikingforce.se\/wp-content\/uploads\/2017\/03\/pills.jpg 467w\" sizes=\"(max-width: 300px) 100vw, 300px\" \/>--><\/p>\n<\/div><div class=\"fusion-text fusion-text-4\"><p class=\"subtitle-wg\" style=\"text-align: center;\">Nettovikt: 161 g<\/p>\n<p class=\"subtitle-wg\" style=\"text-align: center;\">120 Mjuka kapslar<\/p>\n<\/div><div class=\"fusion-clearfix\"><\/div><\/div><\/div><\/div><\/div><div class=\"fusion-fullwidth fullwidth-box fusion-builder-row-2 nonhundred-percent-fullwidth non-hundred-percent-height-scrolling\" style=\"--awb-background-position:left top;--awb-border-radius-top-left:0px;--awb-border-radius-top-right:0px;--awb-border-radius-bottom-right:0px;--awb-border-radius-bottom-left:0px;--awb-padding-top:20px;--awb-padding-bottom:20px;--awb-border-sizes-top:0px;--awb-border-sizes-bottom:0px;--awb-flex-wrap:wrap;\" ><div class=\"fusion-builder-row fusion-row\"><div class=\"fusion-layout-column fusion_builder_column fusion-builder-column-2 fusion_builder_column_1_1 1_1 fusion-one-full fusion-column-first fusion-column-last\" style=\"--awb-bg-size:cover;\"><div class=\"fusion-column-wrapper fusion-flex-column-wrapper-legacy\"><div class=\"fusion-text fusion-text-5\"><p class=\"subtitle-vit\">VIKING OMEGA 3<\/p>\n<p><strong>VIKING OMEGA 3<\/strong> inneh\u00e5ller om\u00e4ttade fettsyror i form av eikosapentaensyra (EPA) och dokosahexaensyra (DHA). Dessa anv\u00e4nds av kroppen f\u00f6r processer som hj\u00e4rnfunktion, tillv\u00e4xt och utveckling. \u00c4ven om du kanske kan f\u00e5 tillr\u00e4ckligt med Omega-3 genom kosten ensam, kan tillskott med <strong>Viking Omega 3<\/strong> hj\u00e4lpa dig att uppn\u00e5 tillr\u00e4ckliga m\u00e4ngder av EPA och DHA f\u00f6r att fr\u00e4mja allm\u00e4n h\u00e4lsa p\u00e5 m\u00e5nga betydelsefulla s\u00e4tt.<\/p>\n<p>EFSA (Europeiska myndigheten f\u00f6r livsmedelss\u00e4kerhet) bekr\u00e4ftar att DHA har en positiv effekt p\u00e5 hj\u00e4rnans funktion vid alla \u00e5ldersniv\u00e5er. Det finns ett tydligt orsakssamband mellan DHA-konsumtion och hj\u00e4rnfunktion.*<br \/>\n* Europeiska myndigheten f\u00f6r livsmedelss\u00e4kerhet EFSA, vetenskapliga yttranden 1734\/2010.<\/p>\n<p>\u2022 DHA bidrar till att bibeh\u00e5lla normal hj\u00e4rnfunktion.<br \/>\n\u2022 DHA bidrar till att bibeh\u00e5lla normal syn.<br \/>\n\u2022 EPA och DHA bidrar till hj\u00e4rtats normala funktion.<\/p>\n<\/div><div class=\"fusion-clearfix\"><\/div><\/div><\/div><\/div><\/div><div class=\"fusion-fullwidth fullwidth-box fusion-builder-row-3 hundred-percent-fullwidth non-hundred-percent-height-scrolling\" style=\"--awb-border-radius-top-left:0px;--awb-border-radius-top-right:0px;--awb-border-radius-bottom-right:0px;--awb-border-radius-bottom-left:0px;--awb-overflow:visible;--awb-flex-wrap:wrap;\" ><div class=\"fusion-builder-row fusion-row\"><div class=\"fusion-layout-column fusion_builder_column fusion-builder-column-3 fusion_builder_column_1_2 1_2 fusion-one-half fusion-column-first\" style=\"--awb-bg-size:cover;width:48%; margin-right: 4%;\"><div class=\"fusion-column-wrapper fusion-flex-column-wrapper-legacy\"><div class=\"fusion-text fusion-text-6\"><p class=\"subtitle-vit\">BRUKSANVISNING:<\/p>\n<p>Ta 1 kapsel 3 g\u00e5nger dagligen, helst i samband med m\u00e5ltid och med tillr\u00e4cklig m\u00e4ngd v\u00e4tska. En behandling p\u00e5 3 m\u00e5nader rekommenderas med 3 kapslar per dag, f\u00f6ljt av en m\u00e5nads uppeh\u00e5ll.<\/p>\n<p class=\"subtitle-vit\">ALLERGIINFORMATION:<\/p>\n<p>Undvik denna produkt om du \u00e4r allergisk mot fisk.<\/p>\n<p class=\"subtitle-vit\">VIKTIG INFORMATION:<\/p>\n<p>Denna produkt \u00e4r ett kosttillskott. Anv\u00e4nd produkten tillsammans med mat som en del av en h\u00e4lsosam och balanserad kost, inte som ers\u00e4ttning f\u00f6r s\u00e5dan. F\u00f6rvaras o\u00e5tkomligt f\u00f6r barn. \u00d6verskrid inte den rekommenderade dagliga dosen. Omega-3 har en l\u00e4tt blodf\u00f6rtunnande effekt, vilket b\u00f6r beaktas av gravida och ammande kvinnor samt av personer som anv\u00e4nder blodf\u00f6rtunnande medicin! R\u00e5dfr\u00e5ga din l\u00e4kare f\u00f6re anv\u00e4ndning! Ibland kan obehagliga mag-tarmsymtom uppst\u00e5 (illam\u00e5ende, uppst\u00f6tningar med fisksmak, diarr\u00e9).<\/p>\n<p>F\u00f6rvaras svalt och torrt. Uts\u00e4tt inte f\u00f6r \u00f6verdriven v\u00e4rme, fukt eller solljus. B\u00e4st f\u00f6re utg\u00e5ngsdatumet som anges p\u00e5 f\u00f6rpackningen.<\/p>\n<\/div><div class=\"fusion-text fusion-text-7\"><p class=\"subtitle-vit\">INGREDIENSER:<\/p>\n<p><u>Fisk<\/u>olja, EPA (eikosapentaensyra), DHA (dokosahexaensyra), Vitamin E (alfa-tokoferylacetat)<\/p>\n<p class=\"subtitle-vit\">\u00d6VRIGA INGREDIENSER:<\/p>\n<p>Gelatin, glycerin, vatten.<\/p>\n<\/div><div class=\"fusion-clearfix\"><\/div><\/div><\/div><div class=\"fusion-layout-column fusion_builder_column fusion-builder-column-4 fusion_builder_column_1_2 1_2 fusion-one-half fusion-column-last\" style=\"--awb-bg-size:cover;width:48%;\"><div class=\"fusion-column-wrapper fusion-flex-column-wrapper-legacy\"><div class=\"fusion-text fusion-text-8\"><p class=\"subtitle-vit\">N\u00c4RINGSINNEH\u00c5LL<\/p>\n<\/div><div class=\"fusion-text fusion-text-9\"><div class=\"table-1\">\n<table class=\"tb\" width=\"100%\">\n<tbody>\n<tr>\n<td colspan=\"3\">Serveringsstorlek: 1 kapsel<\/td>\n<td colspan=\"4\">Serveringar per beh\u00e5llare: 120<\/td>\n<\/tr>\n<tr class=\"table-row_border\">\n<td colspan=\"3\"><strong>N\u00e4ringsinneh\u00e5ll per:<\/strong><\/td>\n<td colspan=\"2\"><strong>1 Servering (1 kapsel)<\/strong><\/td>\n<td colspan=\"2\"><strong>3 kapslar<\/strong><\/td>\n<\/tr>\n<tr>\n<td colspan=\"3\"><b>Fisk<\/b>olja<\/td>\n<td colspan=\"2\">1000 mg<\/td>\n<td colspan=\"2\">3000 mg<\/td>\n<\/tr>\n<tr>\n<td colspan=\"3\">Varav Omega 3<\/td>\n<td colspan=\"2\">300 mg<\/td>\n<td colspan=\"2\">900 mg<\/td>\n<\/tr>\n<tr>\n<td colspan=\"3\">&#8211; EPA (eikosapentaensyra)<\/td>\n<td colspan=\"2\">180 mg<\/td>\n<td colspan=\"2\">540 mg<\/td>\n<\/tr>\n<tr>\n<td colspan=\"3\">&#8211; DHA (dokosahexaensyra)<\/td>\n<td colspan=\"2\">120 mg<\/td>\n<td colspan=\"2\">360 mg<\/td>\n<\/tr>\n<tr>\n<td colspan=\"3\">Vitamin E (DL-alfa-tokoferolacetat)<\/td>\n<td colspan=\"2\">3 mg (25 %*)<\/td>\n<td colspan=\"2\">9 mg (75 %*)<\/td>\n<\/tr>\n<tr>\n<td colspan=\"7\">*NRV &#8211; N\u00e4ringreferensv\u00e4rden<\/td>\n<\/tr>\n<\/tbody>\n<\/table>\n<\/div>\n<\/div><div class=\"fusion-clearfix\"><\/div><\/div><\/div><\/div><\/div><\/p>\n","protected":false},"excerpt":{"rendered":"","protected":false},"author":1,"featured_media":0,"parent":12511,"menu_order":0,"comment_status":"closed","ping_status":"closed","template":"","meta":{"footnotes":""},"class_list":["post-18274","page","type-page","status-publish","hentry"],"_links":{"self":[{"href":"https:\/\/vikingforce.se\/sv\/wp-json\/wp\/v2\/pages\/18274","targetHints":{"allow":["GET"]}}],"collection":[{"href":"https:\/\/vikingforce.se\/sv\/wp-json\/wp\/v2\/pages"}],"about":[{"href":"https:\/\/vikingforce.se\/sv\/wp-json\/wp\/v2\/types\/page"}],"author":[{"embeddable":true,"href":"https:\/\/vikingforce.se\/sv\/wp-json\/wp\/v2\/users\/1"}],"replies":[{"embeddable":true,"href":"https:\/\/vikingforce.se\/sv\/wp-json\/wp\/v2\/comments?post=18274"}],"version-history":[{"count":8,"href":"https:\/\/vikingforce.se\/sv\/wp-json\/wp\/v2\/pages\/18274\/revisions"}],"predecessor-version":[{"id":23654,"href":"https:\/\/vikingforce.se\/sv\/wp-json\/wp\/v2\/pages\/18274\/revisions\/23654"}],"up":[{"embeddable":true,"href":"https:\/\/vikingforce.se\/sv\/wp-json\/wp\/v2\/pages\/12511"}],"wp:attachment":[{"href":"https:\/\/vikingforce.se\/sv\/wp-json\/wp\/v2\/media?parent=18274"}],"curies":[{"name":"wp","href":"https:\/\/api.w.org\/{rel}","templated":true}]}}