{"id":17844,"date":"2019-12-17T10:05:15","date_gmt":"2019-12-17T10:05:15","guid":{"rendered":"http:\/\/vikingforce.se\/pump-line\/pump-plus\/"},"modified":"2025-05-16T14:56:15","modified_gmt":"2025-05-16T14:56:15","slug":"pump-plus","status":"publish","type":"page","link":"https:\/\/vikingforce.se\/sv\/pump-line\/pump-plus\/","title":{"rendered":"Pump Plus"},"content":{"rendered":"<p><div class=\"fusion-fullwidth fullwidth-box fusion-builder-row-1 nonhundred-percent-fullwidth non-hundred-percent-height-scrolling\" style=\"--awb-background-position:center top;--awb-border-color:#f6f6f6;--awb-border-radius-top-left:0px;--awb-border-radius-top-right:0px;--awb-border-radius-bottom-right:0px;--awb-border-radius-bottom-left:0px;--awb-padding-top:1px;--awb-padding-right:0px;--awb-padding-bottom:30px;--awb-padding-left:0px;--awb-background-color:#fff;--awb-border-sizes-top:1px;--awb-border-sizes-bottom:1px;--awb-flex-wrap:wrap;\" ><div class=\"fusion-builder-row fusion-row\"><div class=\"fusion-layout-column fusion_builder_column fusion-builder-column-0 fusion_builder_column_1_2 1_2 fusion-one-half fusion-column-first\" style=\"--awb-bg-size:cover;width:48%; margin-right: 4%;\"><div class=\"fusion-column-wrapper fusion-flex-column-wrapper-legacy\"><div class=\"fusion-sep-clear\"><\/div><div class=\"fusion-separator fusion-full-width-sep\" style=\"margin-left: auto;margin-right: auto;margin-top:60px;width:100%;\"><\/div><div class=\"fusion-sep-clear\"><\/div><div class=\"fusion-text fusion-text-1\"><p><img decoding=\"async\" class=\" wp-image-16307 aligncenter\" src=\"https:\/\/vikingforce.se\/wp-content\/uploads\/2019\/10\/PUMP-PLUS.jpg\" alt=\"\" width=\"835\" height=\"1252\" srcset=\"https:\/\/vikingforce.se\/wp-content\/uploads\/2019\/10\/PUMP-PLUS-200x300.jpg 200w, https:\/\/vikingforce.se\/wp-content\/uploads\/2019\/10\/PUMP-PLUS-400x600.jpg 400w, https:\/\/vikingforce.se\/wp-content\/uploads\/2019\/10\/PUMP-PLUS-600x900.jpg 600w, https:\/\/vikingforce.se\/wp-content\/uploads\/2019\/10\/PUMP-PLUS-683x1024.jpg 683w, https:\/\/vikingforce.se\/wp-content\/uploads\/2019\/10\/PUMP-PLUS-768x1152.jpg 768w, https:\/\/vikingforce.se\/wp-content\/uploads\/2019\/10\/PUMP-PLUS-800x1200.jpg 800w, https:\/\/vikingforce.se\/wp-content\/uploads\/2019\/10\/PUMP-PLUS-1200x1800.jpg 1200w, https:\/\/vikingforce.se\/wp-content\/uploads\/2019\/10\/PUMP-PLUS.jpg 3168w\" sizes=\"(max-width: 835px) 100vw, 835px\" \/><\/p>\n<\/div><div class=\"fusion-clearfix\"><\/div><\/div><\/div><div class=\"fusion-layout-column fusion_builder_column fusion-builder-column-1 fusion_builder_column_1_2 1_2 fusion-one-half fusion-column-last\" style=\"--awb-bg-size:cover;width:48%;\"><div class=\"fusion-column-wrapper fusion-flex-column-wrapper-legacy\"><div class=\"fusion-title title fusion-title-1 fusion-sep-none fusion-title-text fusion-title-size-one title-wg\" style=\"--awb-margin-bottom:5px;\"><h1 class=\"fusion-title-heading title-heading-left\" style=\"margin:0;\"><p style=\"text-align: center;\">VIKING PUMP PLUS<\/p><\/h1><\/div><div class=\"fusion-text fusion-text-2\"><p style=\"text-align: center;\">(Kosttillskott)<\/p>\n<\/div><div class=\"fusion-text fusion-text-3\"><\/div><div class=\"fusion-text fusion-text-4\"><p class=\"subtitle-wg\" style=\"text-align: center;\">Nettovikt: 400 g<\/p>\n<p class=\"subtitle-wg\" style=\"text-align: center;\">Portioner\/Beh\u00e5llare: 32<\/p>\n<\/div><div class=\"fusion-clearfix\"><\/div><\/div><\/div><\/div><\/div><div class=\"fusion-fullwidth fullwidth-box fusion-builder-row-2 nonhundred-percent-fullwidth non-hundred-percent-height-scrolling\" style=\"--awb-border-color:#f6f6f6;--awb-border-radius-top-left:0px;--awb-border-radius-top-right:0px;--awb-border-radius-bottom-right:0px;--awb-border-radius-bottom-left:0px;--awb-padding-top:10px;--awb-padding-right:0px;--awb-padding-bottom:0px;--awb-padding-left:0px;--awb-background-color:#fff;--awb-border-sizes-top:0px;--awb-border-sizes-bottom:0px;--awb-flex-wrap:wrap;\" ><div class=\"fusion-builder-row fusion-row\"><div class=\"fusion-layout-column fusion_builder_column fusion-builder-column-2 fusion_builder_column_1_1 1_1 fusion-one-full fusion-column-first fusion-column-last\" style=\"--awb-bg-size:cover;\"><div class=\"fusion-column-wrapper fusion-flex-column-wrapper-legacy\"><div class=\"fusion-text fusion-text-5\"><p class=\"subtitle-pl\">Viking Pump Plus<\/p>\n<p>Det \u00e4r en formula som anv\u00e4nder premiumingredienser och har en uppfriskande smak.<br \/>\nDetta tillskott \u00e4r perfekt f\u00f6r dem som vill ha ingredienser av h\u00f6gsta kvalitet.<\/p>\n<\/div><div class=\"fusion-clearfix\"><\/div><\/div><\/div><div class=\"fusion-layout-column fusion_builder_column fusion-builder-column-3 fusion_builder_column_1_2 1_2 fusion-one-half fusion-column-first\" style=\"--awb-bg-size:cover;width:48%; margin-right: 4%;\"><div class=\"fusion-column-wrapper fusion-flex-column-wrapper-legacy\"><div class=\"fusion-text fusion-text-6\"><p class=\"subtitle-pl\">Smaker: <span style=\"color: #747474; font-weight: normal;\">Apelsin<\/span><\/p>\n<p class=\"subtitle-pl\">Bruksanvisning:<\/p>\n<p>Blanda 1 r\u00e5gad skopa (ca 12,5 g) med 2-3 dl vatten. F\u00f6r b\u00e4sta resultat ta 1 portion 15 minuter f\u00f6re tr\u00e4ning.<\/p>\n<p class=\"subtitle-pl\">Ingredienser:<\/p>\n<p>L-arginin, beta-alanin, taurin, L-tyrosin, vattenfri koffein, niacin (nikotinamid), svartpepparextrakt (<em>piper nigrum<\/em>,95% ), vitamin B1 (tiaminmononitrat), vitamin B6 (pyridoxinhydroklorid), vitamin B2 (riboflavin).<\/p>\n<p><strong><span style=\"color: #b51e6f;\">\u00d6vriga ingredienser:<\/span> <\/strong>maltodextrin, surhetsreglerande medel (citronsyra), klumpf\u00f6rebyggande medel (trikalciumfosfat, kiseloxid); aromer, s\u00f6tningsmedel (sukralos, acesulfam K), f\u00e4rg\u00e4mne (paprikaextrakt).<\/p>\n<p class=\"subtitle-pl\">Allergiinformation:<\/p>\n<p>Kan inneh\u00e5lla sp\u00e5r av mj\u00f6lk, soja, \u00e4gg och vete (gluten).<\/p>\n<p class=\"subtitle-pl\">Viktig information:<\/p>\n<p><span style=\"color: var(--body_typography-color); font-family: var(--body_typography-font-family); font-size: var(--body_typography-font-size); font-style: var(--body_typography-font-style,normal); letter-spacing: var(--body_typography-letter-spacing);\"><b>Inneh\u00e5ller koffein (80 mg\/portion)!<\/b><\/span><\/p>\n<p><span style=\"color: var(--body_typography-color); font-family: var(--body_typography-font-family); font-size: var(--body_typography-font-size); font-style: var(--body_typography-font-style,normal); font-weight: var(--body_typography-font-weight); letter-spacing: var(--body_typography-letter-spacing);\">Denna produkt \u00e4r ett kosttillskott. Anv\u00e4nd denna produkt i kombination med mat som en del av en h\u00e4lsosam, balanserad kost, inte som en ers\u00e4ttning f\u00f6r s\u00e5dan. F\u00f6rvara utom r\u00e4ckh\u00e5ll f\u00f6r barn. Den \u00e4r endast avsedd f\u00f6r personer \u00f6ver 18 \u00e5r. Inte avsedd f\u00f6r gravida eller ammande kvinnor! \u00d6verskrid inte den rekommenderade dagliga dosen.<\/span><\/p>\n<p>F\u00f6rvara p\u00e5 en sval, torr plats. Uts\u00e4tt inte f\u00f6r \u00f6verdriven v\u00e4rme, fukt eller solljus. B\u00e4st f\u00f6re utg\u00e5ngsdatumet p\u00e5 f\u00f6rpackningen.<\/p>\n<\/div><div class=\"fusion-clearfix\"><\/div><\/div><\/div><div class=\"fusion-layout-column fusion_builder_column fusion-builder-column-4 fusion_builder_column_1_2 1_2 fusion-one-half fusion-column-last\" style=\"--awb-bg-size:cover;width:48%;\"><div class=\"fusion-column-wrapper fusion-flex-column-wrapper-legacy\"><div class=\"fusion-text fusion-text-7\"><p class=\"subtitle-pl\">N\u00c4RINGSINNEH\u00c5LL<\/p>\n<\/div><div class=\"fusion-text fusion-text-8\"><div class=\"table-1\">\n<table class=\"tb\" style=\"height: 559px;\" width=\"513\">\n<tbody>\n<tr class=\"table-row_border\">\n<td colspan=\"3\"><strong>N\u00e4ringsinneh\u00e5ll per:<\/strong><\/td>\n<td colspan=\"2\">1 portion (12.5 g)<\/td>\n<td colspan=\"2\">100 g<\/td>\n<\/tr>\n<tr>\n<td colspan=\"3\">Energi<\/td>\n<td colspan=\"2\">33.7 kcal \/ 143.2 kJ<\/td>\n<td colspan=\"2\">269.6 kcal \/ 1145.8 kJ<\/td>\n<\/tr>\n<tr>\n<td colspan=\"3\">Proteiner (fria aminosyror)<\/td>\n<td colspan=\"2\">5.5 g<\/td>\n<td colspan=\"2\">44 g<\/td>\n<\/tr>\n<tr>\n<td colspan=\"3\">Kolhydrater<\/td>\n<td colspan=\"2\">2.3 g<\/td>\n<td colspan=\"2\">18.6 g<\/td>\n<\/tr>\n<tr>\n<td colspan=\"3\">varav socker<\/td>\n<td colspan=\"2\">0.1 g<\/td>\n<td colspan=\"2\">1.4 g<\/td>\n<\/tr>\n<tr>\n<td colspan=\"3\">Fett<\/td>\n<td colspan=\"2\">0 g<\/td>\n<td colspan=\"2\">0 g<\/td>\n<\/tr>\n<tr>\n<td colspan=\"3\">varav m\u00e4ttat fett<\/td>\n<td colspan=\"2\">0 g<\/td>\n<td colspan=\"2\">0 g<\/td>\n<\/tr>\n<tr>\n<td colspan=\"3\">Natrium<\/td>\n<td colspan=\"2\">0 g<\/td>\n<td colspan=\"2\">0 g<\/td>\n<\/tr>\n<tr>\n<td colspan=\"3\">L-Arginin<\/td>\n<td colspan=\"2\">5000 mg<\/td>\n<td colspan=\"2\">40000 mg<\/td>\n<\/tr>\n<tr>\n<td colspan=\"3\">Beta Alanin<\/td>\n<td colspan=\"2\">2000 mg<\/td>\n<td colspan=\"2\">8000 mg<\/td>\n<\/tr>\n<tr>\n<td colspan=\"3\">Taurin<\/td>\n<td colspan=\"2\">500 mg<\/td>\n<td colspan=\"2\">4000 mg<\/td>\n<\/tr>\n<tr>\n<td colspan=\"3\">L-Tyrosin<\/td>\n<td colspan=\"2\">500 mg<\/td>\n<td colspan=\"2\">4000 mg<\/td>\n<\/tr>\n<tr>\n<td colspan=\"3\">Koffein<\/td>\n<td colspan=\"2\">80 mg<\/td>\n<td colspan=\"2\">640 mg<\/td>\n<\/tr>\n<tr>\n<td colspan=\"3\">Svartpepparextrakt<\/td>\n<td colspan=\"2\">5.3 mg<\/td>\n<td colspan=\"2\">42.1 mg<\/td>\n<\/tr>\n<tr>\n<td colspan=\"3\">varav piperin<\/td>\n<td colspan=\"2\">5 mg<\/td>\n<td colspan=\"2\">40 mg<\/td>\n<\/tr>\n<tr>\n<td colspan=\"3\">Niacin<\/td>\n<td colspan=\"2\">8 mg (50 % *)<\/td>\n<td colspan=\"2\">64 mg (400 % *)<\/td>\n<\/tr>\n<tr>\n<td colspan=\"3\">Vitamin B6<\/td>\n<td colspan=\"2\">1 mg (71.4 % % *)<\/td>\n<td colspan=\"2\">8 mg (571.4 % *)<\/td>\n<\/tr>\n<tr>\n<td colspan=\"3\">Tiamin<\/td>\n<td colspan=\"2\">2 mg (181.8 % *)<\/td>\n<td colspan=\"2\">16 mg (1454.5 % *)<\/td>\n<\/tr>\n<tr>\n<td colspan=\"3\">Riboflavin<\/td>\n<td colspan=\"2\">1 mg (71.4 % % *)<\/td>\n<td colspan=\"2\">8 mg (571.4 % *)<\/td>\n<\/tr>\n<tr>\n<td colspan=\"7\"> *NRV &#8211; N\u00e4ringsreferensv\u00e4rden (baserat p\u00e5 en diet med 2 000 kalorier)<\/td>\n<\/tr>\n<\/tbody>\n<\/table>\n<\/div>\n<\/div><div class=\"fusion-clearfix\"><\/div><\/div><\/div><\/div><\/div><\/p>\n","protected":false},"excerpt":{"rendered":"","protected":false},"author":1,"featured_media":0,"parent":12497,"menu_order":0,"comment_status":"closed","ping_status":"closed","template":"","meta":{"footnotes":""},"class_list":["post-17844","page","type-page","status-publish","hentry"],"_links":{"self":[{"href":"https:\/\/vikingforce.se\/sv\/wp-json\/wp\/v2\/pages\/17844","targetHints":{"allow":["GET"]}}],"collection":[{"href":"https:\/\/vikingforce.se\/sv\/wp-json\/wp\/v2\/pages"}],"about":[{"href":"https:\/\/vikingforce.se\/sv\/wp-json\/wp\/v2\/types\/page"}],"author":[{"embeddable":true,"href":"https:\/\/vikingforce.se\/sv\/wp-json\/wp\/v2\/users\/1"}],"replies":[{"embeddable":true,"href":"https:\/\/vikingforce.se\/sv\/wp-json\/wp\/v2\/comments?post=17844"}],"version-history":[{"count":40,"href":"https:\/\/vikingforce.se\/sv\/wp-json\/wp\/v2\/pages\/17844\/revisions"}],"predecessor-version":[{"id":23602,"href":"https:\/\/vikingforce.se\/sv\/wp-json\/wp\/v2\/pages\/17844\/revisions\/23602"}],"up":[{"embeddable":true,"href":"https:\/\/vikingforce.se\/sv\/wp-json\/wp\/v2\/pages\/12497"}],"wp:attachment":[{"href":"https:\/\/vikingforce.se\/sv\/wp-json\/wp\/v2\/media?parent=17844"}],"curies":[{"name":"wp","href":"https:\/\/api.w.org\/{rel}","templated":true}]}}