{"id":17753,"date":"2019-12-17T08:20:06","date_gmt":"2019-12-17T08:20:06","guid":{"rendered":"http:\/\/vikingforce.se\/cla-softgel\/"},"modified":"2025-05-16T10:52:37","modified_gmt":"2025-05-16T10:52:37","slug":"cla-softgel","status":"publish","type":"page","link":"https:\/\/vikingforce.se\/sv\/fat-burners\/cla-softgel\/","title":{"rendered":"CLA softgel"},"content":{"rendered":"<p><div class=\"fusion-fullwidth fullwidth-box fusion-builder-row-1 nonhundred-percent-fullwidth non-hundred-percent-height-scrolling\" style=\"--awb-background-position:center top;--awb-border-color:#f6f6f6;--awb-border-radius-top-left:0px;--awb-border-radius-top-right:0px;--awb-border-radius-bottom-right:0px;--awb-border-radius-bottom-left:0px;--awb-padding-top:1px;--awb-padding-right:0px;--awb-padding-bottom:30px;--awb-padding-left:0px;--awb-background-color:#fff;--awb-border-sizes-top:1px;--awb-border-sizes-bottom:1px;--awb-flex-wrap:wrap;\" ><div class=\"fusion-builder-row fusion-row\"><div class=\"fusion-layout-column fusion_builder_column fusion-builder-column-0 fusion_builder_column_1_2 1_2 fusion-one-half fusion-column-first\" style=\"--awb-bg-size:cover;width:48%; margin-right: 4%;\"><div class=\"fusion-column-wrapper fusion-flex-column-wrapper-legacy\"><div class=\"fusion-sep-clear\"><\/div><div class=\"fusion-separator fusion-full-width-sep\" style=\"margin-left: auto;margin-right: auto;margin-top:60px;width:100%;\"><\/div><div class=\"fusion-sep-clear\"><\/div><div class=\"fusion-text fusion-text-1\"><p><img decoding=\"async\" class=\"wp-image-14090 size-full aligncenter\" src=\"https:\/\/vikingforce.se\/wp-content\/uploads\/2017\/03\/softgels-CLA1.jpg\" alt=\"\" width=\"600\" height=\"740\" srcset=\"https:\/\/vikingforce.se\/wp-content\/uploads\/2017\/03\/softgels-CLA1-243x300.jpg 243w, https:\/\/vikingforce.se\/wp-content\/uploads\/2017\/03\/softgels-CLA1.jpg 600w\" sizes=\"(max-width: 600px) 100vw, 600px\" \/><\/p>\n<\/div><div class=\"fusion-clearfix\"><\/div><\/div><\/div><div class=\"fusion-layout-column fusion_builder_column fusion-builder-column-1 fusion_builder_column_1_2 1_2 fusion-one-half fusion-column-last\" style=\"--awb-bg-size:cover;width:48%;\"><div class=\"fusion-column-wrapper fusion-flex-column-wrapper-legacy\"><div class=\"fusion-text fusion-text-2\"><div class=\"fusion-title title fusion-title-size-one title-wg\" style=\"margin-bottom: 30px;\">\n<h1 class=\"title-heading-left\" style=\"text-align: center;\" data-fontsize=\"42\" data-lineheight=\"40\">VIKING CLA SOFTGEL<\/h1>\n<div class=\"title-sep-container\"><\/div>\n<\/div>\n<\/div><div class=\"fusion-text fusion-text-3\"><p style=\"text-align: center;\">(Kosttillskott)<\/p>\n<\/div><div class=\"fusion-text fusion-text-4\"><p class=\"subtitle-wg\" style=\"text-align: center;\">Nettovikt: 168 g<\/p>\n<p class=\"subtitle-wg\" style=\"text-align: center;\">120 Softgel-kapslar<\/p>\n<\/div><div class=\"fusion-clearfix\"><\/div><\/div><\/div><\/div><\/div><div class=\"fusion-fullwidth fullwidth-box fusion-builder-row-2 nonhundred-percent-fullwidth non-hundred-percent-height-scrolling\" style=\"--awb-border-color:#f6f6f6;--awb-border-radius-top-left:0px;--awb-border-radius-top-right:0px;--awb-border-radius-bottom-right:0px;--awb-border-radius-bottom-left:0px;--awb-padding-top:10px;--awb-padding-right:0px;--awb-padding-bottom:0px;--awb-padding-left:0px;--awb-background-color:#fff;--awb-border-sizes-top:0px;--awb-border-sizes-bottom:0px;--awb-flex-wrap:wrap;\" ><div class=\"fusion-builder-row fusion-row\"><div class=\"fusion-layout-column fusion_builder_column fusion-builder-column-2 fusion_builder_column_1_1 1_1 fusion-one-full fusion-column-first fusion-column-last\" style=\"--awb-bg-size:cover;\"><div class=\"fusion-column-wrapper fusion-flex-column-wrapper-legacy\"><div class=\"fusion-text fusion-text-5\"><p class=\"subtitle-fb\">CLA-softgel<\/p>\n<p>CLA \u00e4r en naturligt f\u00f6rekommande f\u00f6rening som finns i m\u00e5nga livsmedel. Dock, \u00e4ven om den finns i naturliga k\u00e4llor, \u00e4r dessa i relativt sm\u00e5 m\u00e4ngder, vilket inneb\u00e4r att VIKING CLA kan erbjuda dig ett ytterligare tillskott av vad som \u00e4r en nyckelkomponent i viktminskningsprogrammet.<\/p>\n<ul>\n<li>Naturligt CLA<\/li>\n<li>H\u00f6g dos 1000 mg per kapsel<\/li>\n<li>L\u00e4ttabsorberbara kapslar<\/li>\n<\/ul>\n<\/div><div class=\"fusion-clearfix\"><\/div><\/div><\/div><div class=\"fusion-layout-column fusion_builder_column fusion-builder-column-3 fusion_builder_column_1_2 1_2 fusion-one-half fusion-column-first\" style=\"--awb-bg-size:cover;width:48%; margin-right: 4%;\"><div class=\"fusion-column-wrapper fusion-flex-column-wrapper-legacy\"><div class=\"fusion-text fusion-text-6\"><p class=\"subtitle-fb\">Anv\u00e4ndningsinstruktioner:<\/p>\n<p><span style=\"font-weight: 400;\">Ta 1 kapsel 3 g\u00e5nger dagligen. B\u00e4st intagen med mat.<\/span><\/p>\n<p class=\"subtitle-fb\">Ingredienser:<\/p>\n<p>Konjugerad linolsyra (CLA (80 % isomerer)).<\/p>\n<p>Andra ingredienser: (gelatin, glycerin, vatten)<\/p>\n<p class=\"subtitle-fb\">Allergiinformation:<\/p>\n<p><span style=\"font-weight: 400;\">Produkten inneh\u00e5ller inte potentiellt allergiframkallande \u00e4mnen.<\/span><\/p>\n<\/div><div class=\"fusion-clearfix\"><\/div><\/div><\/div><div class=\"fusion-layout-column fusion_builder_column fusion-builder-column-4 fusion_builder_column_1_2 1_2 fusion-one-half fusion-column-last\" style=\"--awb-bg-size:cover;width:48%;\"><div class=\"fusion-column-wrapper fusion-flex-column-wrapper-legacy\"><div class=\"fusion-text fusion-text-7\"><p class=\"subtitle-fb\">Viktig information:<\/p>\n<p>Denna produkt \u00e4r ett kosttillskott. Anv\u00e4nd denna produkt i samband med mat som en del av en h\u00e4lsosam och balanserad kost, inte som ett substitut f\u00f6r s\u00e5dan. F\u00f6rvaras o\u00e5tkomligt f\u00f6r sm\u00e5 barn. Inte avsedd f\u00f6r anv\u00e4ndning av gravida eller ammande kvinnor! \u00d6verskrid inte den rekommenderade dagliga dosen. F\u00f6rvaras svalt och torrt. Uts\u00e4tt inte f\u00f6r \u00f6verdriven v\u00e4rme, fuktighet eller solljus. B\u00e4st f\u00f6re det angivna utg\u00e5ngsdatumet p\u00e5 f\u00f6rpackningen.<\/p>\n<\/div><div class=\"fusion-text fusion-text-8\"><p class=\"subtitle-fb\">N\u00c4RINGSV\u00c4RDE<\/p>\n<\/div><div class=\"fusion-text fusion-text-9\"><div class=\"table-1\">\n<table class=\"tb\" style=\"height: 191px;\" width=\"534\">\n<tbody>\n<tr class=\"table-row_border\">\n<td style=\"text-align: center;\">Portionsstorlek: 1 kapsel<\/td>\n<td style=\"text-align: center;\" colspan=\"2\">Portioner per beh\u00e5llare: 120<\/td>\n<\/tr>\n<tr class=\"table-row_border\">\n<td><strong>N\u00e4ringsinneh\u00e5ll per:<\/strong><\/td>\n<td>1 portion (1 kapsel)<\/td>\n<td>3 portioner<\/td>\n<\/tr>\n<tr>\n<td>CLA 80 % (konjugerad linolsyra)<\/p>\n<p>&#8211; varav 80 % \u00e4r isomerer<\/p>\n<p>&#8211; varav cis-9,trans-11 isomerer<\/p>\n<p>&#8211; varav cis-12,trans-10 isomerer<\/p>\n<p>&#8211; varav andra isomerer<\/td>\n<td>1000 mg<\/p>\n<p>800 mg<\/p>\n<p>380 mg<\/p>\n<p>380 mg<\/p>\n<p>40 mg<\/td>\n<td>3000 mg<\/p>\n<p>2400 mg<\/p>\n<p>1140 mg<\/p>\n<p>1140 mg<\/p>\n<p>120 mg<\/td>\n<\/tr>\n<\/tbody>\n<\/table>\n<\/div>\n<\/div><div class=\"fusion-clearfix\"><\/div><\/div><\/div><\/div><\/div><\/p>\n","protected":false},"excerpt":{"rendered":"","protected":false},"author":1,"featured_media":0,"parent":12435,"menu_order":0,"comment_status":"closed","ping_status":"closed","template":"","meta":{"footnotes":""},"class_list":["post-17753","page","type-page","status-publish","hentry"],"_links":{"self":[{"href":"https:\/\/vikingforce.se\/sv\/wp-json\/wp\/v2\/pages\/17753","targetHints":{"allow":["GET"]}}],"collection":[{"href":"https:\/\/vikingforce.se\/sv\/wp-json\/wp\/v2\/pages"}],"about":[{"href":"https:\/\/vikingforce.se\/sv\/wp-json\/wp\/v2\/types\/page"}],"author":[{"embeddable":true,"href":"https:\/\/vikingforce.se\/sv\/wp-json\/wp\/v2\/users\/1"}],"replies":[{"embeddable":true,"href":"https:\/\/vikingforce.se\/sv\/wp-json\/wp\/v2\/comments?post=17753"}],"version-history":[{"count":7,"href":"https:\/\/vikingforce.se\/sv\/wp-json\/wp\/v2\/pages\/17753\/revisions"}],"predecessor-version":[{"id":23572,"href":"https:\/\/vikingforce.se\/sv\/wp-json\/wp\/v2\/pages\/17753\/revisions\/23572"}],"up":[{"embeddable":true,"href":"https:\/\/vikingforce.se\/sv\/wp-json\/wp\/v2\/pages\/12435"}],"wp:attachment":[{"href":"https:\/\/vikingforce.se\/sv\/wp-json\/wp\/v2\/media?parent=17753"}],"curies":[{"name":"wp","href":"https:\/\/api.w.org\/{rel}","templated":true}]}}