{"id":16108,"date":"2019-06-27T07:51:10","date_gmt":"2019-06-27T07:51:10","guid":{"rendered":"http:\/\/vikingforce.se\/?page_id=16108"},"modified":"2025-05-16T16:23:02","modified_gmt":"2025-05-16T16:23:02","slug":"empire-gainer","status":"publish","type":"page","link":"https:\/\/vikingforce.se\/sv\/weight-gainers\/empire-gainer\/","title":{"rendered":"Empire Gainer"},"content":{"rendered":"<p><div class=\"fusion-fullwidth fullwidth-box fusion-builder-row-1 nonhundred-percent-fullwidth non-hundred-percent-height-scrolling\" style=\"--awb-background-position:center top;--awb-border-color:#f6f6f6;--awb-border-radius-top-left:0px;--awb-border-radius-top-right:0px;--awb-border-radius-bottom-right:0px;--awb-border-radius-bottom-left:0px;--awb-padding-top:1px;--awb-padding-right:0px;--awb-padding-bottom:30px;--awb-padding-left:0px;--awb-background-color:#fff;--awb-border-sizes-top:1px;--awb-border-sizes-bottom:1px;--awb-flex-wrap:wrap;\" ><div class=\"fusion-builder-row fusion-row\"><div class=\"fusion-layout-column fusion_builder_column fusion-builder-column-0 fusion_builder_column_1_2 1_2 fusion-one-half fusion-column-first\" style=\"--awb-bg-size:cover;width:48%; margin-right: 4%;\"><div class=\"fusion-column-wrapper fusion-flex-column-wrapper-legacy\"><div class=\"fusion-text fusion-text-1\"><p><a href=\"http:\/\/vikingforce.se\/wp-content\/uploads\/2019\/06\/Empire-gainer2.jpg\"><img decoding=\"async\" class=\"wp-image-16133 aligncenter\" src=\"http:\/\/vikingforce.se\/wp-content\/uploads\/2019\/06\/Empire-gainer2.jpg\" alt=\"\" width=\"380\" height=\"541\" srcset=\"https:\/\/vikingforce.se\/wp-content\/uploads\/2019\/06\/Empire-gainer2-200x284.jpg 200w, https:\/\/vikingforce.se\/wp-content\/uploads\/2019\/06\/Empire-gainer2-211x300.jpg 211w, https:\/\/vikingforce.se\/wp-content\/uploads\/2019\/06\/Empire-gainer2-400x569.jpg 400w, https:\/\/vikingforce.se\/wp-content\/uploads\/2019\/06\/Empire-gainer2-600x853.jpg 600w, https:\/\/vikingforce.se\/wp-content\/uploads\/2019\/06\/Empire-gainer2-720x1024.jpg 720w, https:\/\/vikingforce.se\/wp-content\/uploads\/2019\/06\/Empire-gainer2-768x1092.jpg 768w, https:\/\/vikingforce.se\/wp-content\/uploads\/2019\/06\/Empire-gainer2-800x1138.jpg 800w, https:\/\/vikingforce.se\/wp-content\/uploads\/2019\/06\/Empire-gainer2-1200x1707.jpg 1200w, https:\/\/vikingforce.se\/wp-content\/uploads\/2019\/06\/Empire-gainer2.jpg 2814w\" sizes=\"(max-width: 380px) 100vw, 380px\" \/><\/a><\/p>\n<\/div><div class=\"fusion-clearfix\"><\/div><\/div><\/div><div class=\"fusion-layout-column fusion_builder_column fusion-builder-column-1 fusion_builder_column_1_2 1_2 fusion-one-half fusion-column-last\" style=\"--awb-bg-size:cover;width:48%;\"><div class=\"fusion-column-wrapper fusion-flex-column-wrapper-legacy\"><div class=\"fusion-sep-clear\"><\/div><div class=\"fusion-separator fusion-full-width-sep\" style=\"margin-left: auto;margin-right: auto;margin-top:30px;width:100%;\"><\/div><div class=\"fusion-sep-clear\"><\/div><div class=\"fusion-title title fusion-title-1 fusion-sep-none fusion-title-text fusion-title-size-one title-wg\" style=\"--awb-margin-bottom:5px;\"><h1 class=\"fusion-title-heading title-heading-left\" style=\"margin:0;\"><p style=\"text-align: center;\">VIKING EMPIRE GAINER<\/p><\/h1><\/div><div class=\"fusion-text fusion-text-2\"><p style=\"text-align: center;\">(Kosttillskott)<\/p>\n<\/div><div class=\"fusion-text fusion-text-3\"><p class=\"subtitle-wg\" style=\"text-align: center;\">Nettovikt: 4lb (1800 g)<\/p>\n<p class=\"subtitle-wg\" style=\"text-align: center;\">Portioner\/Beh\u00e5llare:40<\/p>\n<\/div><div class=\"fusion-clearfix\"><\/div><\/div><\/div><\/div><\/div><div class=\"fusion-fullwidth fullwidth-box fusion-builder-row-2 nonhundred-percent-fullwidth non-hundred-percent-height-scrolling\" style=\"--awb-border-color:#f6f6f6;--awb-border-radius-top-left:0px;--awb-border-radius-top-right:0px;--awb-border-radius-bottom-right:0px;--awb-border-radius-bottom-left:0px;--awb-padding-top:10px;--awb-padding-right:0px;--awb-padding-bottom:0px;--awb-padding-left:0px;--awb-background-color:#fff;--awb-border-sizes-top:0px;--awb-border-sizes-bottom:0px;--awb-flex-wrap:wrap;\" ><div class=\"fusion-builder-row fusion-row\"><div class=\"fusion-layout-column fusion_builder_column fusion-builder-column-2 fusion_builder_column_1_1 1_1 fusion-one-full fusion-column-first fusion-column-last\" style=\"--awb-bg-size:cover;\"><div class=\"fusion-column-wrapper fusion-flex-column-wrapper-legacy\"><div class=\"fusion-text fusion-text-4\"><p class=\"subtitle-wg\">Viking Empire Gainer<\/p>\n<p><strong>Smaker:<\/strong> choklad, kaffe, kokosn\u00f6t, b\u00e4r.<\/p>\n<\/div><div class=\"fusion-clearfix\"><\/div><\/div><\/div><div class=\"fusion-layout-column fusion_builder_column fusion-builder-column-3 fusion_builder_column_1_2 1_2 fusion-one-half fusion-column-first\" style=\"--awb-bg-size:cover;width:48%; margin-right: 4%;\"><div class=\"fusion-column-wrapper fusion-flex-column-wrapper-legacy\"><div class=\"fusion-text fusion-text-5\"><p class=\"subtitle-wg\">Anv\u00e4ndningsriktning:<\/p>\n<p>Blanda 1 skopa (~ 45 g) med 2 dl vatten eller mj\u00f6lk och skaka i 30 sekunder. Ta 1 ~ 2 skopor efter tr\u00e4ningen och som mellanm\u00e5l om du har ett stort energibehov.<\/p>\n<p class=\"subtitle-wg\">Ingredienser:<\/p>\n<p>Maltodextrin, proteinblandning (vassleproteinkoncentrat, skummj\u00f6lkspulver), dextrosmonohydrat, kakaopulver med l\u00e5g fetthalt &#8211;<br \/>\n<strong>f\u00f6r choklad-<\/strong> och kaffesmak, antikroppmedel (trikalciumfosfat, sillikondioxid), smaker, tjockare medel (xantangummi),<br \/>\ns\u00f6tningsmedel (sukralos, acesulfam-k), f\u00e4rger (karminekokineal &#8211; f\u00f6r b\u00e4r och persikasmak).<\/p>\n<p class=\"subtitle-wg\">Allergiinformation:<\/p>\n<p>Inneh\u00e5ller mj\u00f6lkkomponenter. Kan inneh\u00e5lla sp\u00e5r av soja, \u00e4gg och vete (gluten).<\/p>\n<p class=\"subtitle-wg\"><strong>Viktig information:<\/strong><\/p>\n<p>Denna produkt \u00e4r ett kosttillskott. Anv\u00e4nd den h\u00e4r produkten tillsammans med mat som en del av en h\u00e4lsosam, balanserad diet,<br \/>\ninte som en ers\u00e4ttning f\u00f6r en s\u00e5dan. F\u00f6rvara utom r\u00e4ckh\u00e5ll f\u00f6r barn. Den \u00e4r avsedd f\u00f6r endast 18 \u00e5r eller \u00e4ldre. Inte avsedd<br \/>\nf\u00f6r anv\u00e4ndning av gravida eller ammande kvinnor! \u00d6verskrid inte den rekommenderade dagliga dosen.<br \/>\nF\u00f6rvara p\u00e5 en kall och torr plats. Uts\u00e4tt inte f\u00f6r \u00f6verdriven v\u00e4rme, fukt eller solljus. B\u00e4st f\u00f6re utg\u00e5ngsdatum skrivet p\u00e5<br \/>\nf\u00f6rpackningen.<\/p>\n<\/div><div class=\"fusion-clearfix\"><\/div><\/div><\/div><div class=\"fusion-layout-column fusion_builder_column fusion-builder-column-4 fusion_builder_column_1_2 1_2 fusion-one-half fusion-column-last\" style=\"--awb-bg-size:cover;width:48%;\"><div class=\"fusion-column-wrapper fusion-flex-column-wrapper-legacy\"><div class=\"fusion-clearfix\"><\/div><\/div><\/div><\/div><\/div><div class=\"fusion-fullwidth fullwidth-box fusion-builder-row-3 nonhundred-percent-fullwidth non-hundred-percent-height-scrolling\" style=\"--awb-border-color:#f6f6f6;--awb-border-radius-top-left:0px;--awb-border-radius-top-right:0px;--awb-border-radius-bottom-right:0px;--awb-border-radius-bottom-left:0px;--awb-padding-top:10px;--awb-padding-right:0px;--awb-padding-bottom:0px;--awb-padding-left:0px;--awb-background-color:#fff;--awb-border-sizes-top:0px;--awb-border-sizes-bottom:0px;--awb-flex-wrap:wrap;\" ><div class=\"fusion-builder-row fusion-row\"><div class=\"fusion-layout-column fusion_builder_column fusion-builder-column-5 fusion_builder_column_1_1 1_1 fusion-one-full fusion-column-first fusion-column-last fusion-column-no-min-height\" style=\"--awb-bg-size:cover;--awb-margin-bottom:0px;\"><div class=\"fusion-column-wrapper fusion-flex-column-wrapper-legacy\"><div class=\"fusion-text fusion-text-6\"><p class=\"subtitle-wg\">N\u00c4RINGSINNEH\u00c5LL<\/p>\n<\/div><div class=\"fusion-clearfix\"><\/div><\/div><\/div><div class=\"fusion-layout-column fusion_builder_column fusion-builder-column-6 fusion_builder_column_2_3 2_3 fusion-two-third fusion-column-first\" style=\"--awb-bg-size:cover;width:65.3333%; margin-right: 4%;\"><div class=\"fusion-column-wrapper fusion-flex-column-wrapper-legacy\"><div class=\"fusion-text fusion-text-7\"><div class=\"table-1\">\n<table class=\"tb\" style=\"height: 540px;\" width=\"836\">\n<tbody>\n<tr>\n<th><strong><b>**N\u00e4ringsinneh\u00e5ll per:<b><\/b><\/b><\/strong><\/p>\n<p><strong><em>Portioner per beh\u00e5llare: 40<\/em><\/strong><\/th>\n<th><b>45 g<\/b><\/th>\n<th><b>90 g<\/b><\/th>\n<th><b>100 g<\/b><\/th>\n<\/tr>\n<tr>\n<td>Energiinneh\u00e5ll<\/td>\n<td>663.3kJ\/156.3kcal<\/td>\n<td>1326.6kJ\/312.7kcal<\/td>\n<td>1474kJ\/347.4kcal<\/td>\n<\/tr>\n<tr>\n<td>Protein<\/td>\n<td>8 g<\/td>\n<td>16.1 g<\/td>\n<td>18 g<\/td>\n<\/tr>\n<tr>\n<td>Kolhydrater<\/td>\n<td>29.2 g<\/td>\n<td>58.52 g<\/td>\n<td>65 g<\/td>\n<\/tr>\n<tr>\n<td>&#8211; Varav socker<\/td>\n<td>23.9 g<\/td>\n<td>47.85 g<\/td>\n<td>53 g<\/td>\n<\/tr>\n<tr>\n<td>Fett<\/td>\n<td>0.6 g<\/td>\n<td>1.22 g<\/td>\n<td>1.3 g<\/td>\n<\/tr>\n<tr>\n<td>&#8211; Varav m\u00e4ttat fett<\/td>\n<td>0.34 g<\/td>\n<td>0.68 g<\/td>\n<td>0.75 g<\/td>\n<\/tr>\n<tr>\n<td>Kostfiber<\/td>\n<td>0.77 g<\/td>\n<td>1.57 g<\/td>\n<td>1.73 g<\/td>\n<\/tr>\n<tr>\n<td>Natrium<\/td>\n<td>0.019 g<\/td>\n<td>0.0.39 g<\/td>\n<td>0.043 g<\/td>\n<\/tr>\n<tr>\n<td>Kreatinmonohydrat<\/td>\n<td>540 mg<\/td>\n<td>1080 mg<\/td>\n<td>1200 mg<\/td>\n<\/tr>\n<tr>\n<td>HMB kalcium p-hydroxi-p-metylbutyrat<\/td>\n<td>540 mg<\/td>\n<td>1080 mg<\/td>\n<td>1200 mg<\/td>\n<\/tr>\n<tr>\n<td>Taurin<\/td>\n<td>45 mg<\/td>\n<td>90 mg<\/td>\n<td>100 mg<\/td>\n<\/tr>\n<tr>\n<td>Kalcium<\/td>\n<td>303mg(37.88%*)<\/td>\n<td>606 mg(75.77%*)<\/td>\n<td>673 mg(84.19%*)<\/td>\n<\/tr>\n<tr>\n<td>Kalium<\/td>\n<td>194mg(9.7%*)<\/td>\n<td>388mg(19.4%*)<\/td>\n<td>431 mg(21.6%*)<\/td>\n<\/tr>\n<tr>\n<td>Magnesium<\/td>\n<td>91.8mg(24.5%*)<\/td>\n<td>186.6mg(49%*)<\/td>\n<td>204 mg(54.4%*)<\/td>\n<\/tr>\n<tr>\n<td>Fosfor<\/td>\n<td>62.6mg(9%*)<\/td>\n<td>125mg(17.9%*)<\/td>\n<td>139mg(19.9%*)<\/td>\n<\/tr>\n<tr>\n<td>Zink<\/td>\n<td>3.6 mg(36.2%*)<\/td>\n<td>7.25mg(72.54%*)<\/td>\n<td>8.06 mg(80.6%*)<\/td>\n<\/tr>\n<tr>\n<td>Tiamin (vitamin B1)<\/td>\n<td>0.45 mg(32.1%*)<\/td>\n<td>0.9mg(64.28%*)<\/td>\n<td>1mg(90.9%*)<\/td>\n<\/tr>\n<tr>\n<td>Riboflavin (vitamin B2)<\/td>\n<td>0.45mg(32.1%*)<\/td>\n<td>0.9mg(64.28%*)<\/td>\n<td>1mg(71.42%*)<\/td>\n<\/tr>\n<tr>\n<td>Niacin (vitamin B3)<\/td>\n<td>2.7mg(16.8%*)<\/td>\n<td>5.4 mg(33.75%*)<\/td>\n<td>6 mg(37.5%*)<\/td>\n<\/tr>\n<tr>\n<td>Pantotensyra (vitamin B5)<\/td>\n<td>1.08mg(18%*)<\/td>\n<td>2.16 mg(36%*)<\/td>\n<td>2.4 mg(40%*)<\/td>\n<\/tr>\n<tr>\n<td>Pyridoxinhydroklorid (vitamin B6)<\/td>\n<td>0.45mg(32.14%*)<\/td>\n<td>0.9mg(64.28%*)<\/td>\n<td>1 mg(71.4%*)<\/td>\n<\/tr>\n<\/tbody>\n<\/table>\n<\/div>\n<\/div><div class=\"fusion-clearfix\"><\/div><\/div><\/div><div class=\"fusion-layout-column fusion_builder_column fusion-builder-column-7 fusion_builder_column_1_2 1_2 fusion-one-half fusion-column-last\" style=\"--awb-bg-size:cover;\"><div class=\"fusion-column-wrapper fusion-flex-column-wrapper-legacy\"><div class=\"fusion-text fusion-text-8\"><div class=\"table-1\">\n<table class=\"tb\" style=\"height: 527px;\" width=\"917\">\n<tbody>\n<tr>\n<th><strong><b>Aminosyraprofil<\/b><\/strong><\/th>\n<th>45 g<\/th>\n<th>90 g<\/th>\n<th>100 g<\/th>\n<\/tr>\n<tr>\n<td>Leucin<\/td>\n<td>820 mg<\/td>\n<td>1640 mg<\/td>\n<td>1829 mg<\/td>\n<\/tr>\n<tr>\n<td>Isoleucin<\/td>\n<td>482 mg<\/td>\n<td>963 mg<\/td>\n<td>1075 mg<\/td>\n<\/tr>\n<tr>\n<td>Valin<\/td>\n<td>471 mg<\/td>\n<td>943 mg<\/td>\n<td>1053 mg<\/td>\n<\/tr>\n<tr>\n<td>Asparaginsyra<\/td>\n<td>812 mg<\/td>\n<td>1624 mg<\/td>\n<td>1806 mg<\/td>\n<\/tr>\n<tr>\n<td>Glutaminsyra<\/td>\n<td>1442 mg<\/td>\n<td>2885 mg<\/td>\n<td>3225 mg<\/td>\n<\/tr>\n<tr>\n<td>Serin<\/td>\n<td>389 mg<\/td>\n<td>778 mg<\/td>\n<td>869 mg<\/td>\n<\/tr>\n<tr>\n<td>Glycin<\/td>\n<td>154 mg<\/td>\n<td>307 mg<\/td>\n<td>343 mg<\/td>\n<\/tr>\n<tr>\n<td>Histidin<\/td>\n<td>161 mg<\/td>\n<td>322 mg<\/td>\n<td>360 mg<\/td>\n<\/tr>\n<tr>\n<td>Arginin<\/td>\n<td>202 mg<\/td>\n<td>404 mg<\/td>\n<td>453 mg<\/td>\n<\/tr>\n<tr>\n<td>Treonin<\/td>\n<td>512 mg<\/td>\n<td>1025 mg<\/td>\n<td>1129 mg<\/td>\n<\/tr>\n<tr>\n<td>Alanin<\/td>\n<td>377 mg<\/td>\n<td>754 mg<\/td>\n<td>839 mg<\/td>\n<\/tr>\n<tr>\n<td>Prolin<\/td>\n<td>513 mg<\/td>\n<td>1026 mg<\/td>\n<td>1152 mg<\/td>\n<\/tr>\n<tr>\n<td>Tyrosin<\/td>\n<td>263 mg<\/td>\n<td>506 mg<\/td>\n<td>568 mg<\/td>\n<\/tr>\n<tr>\n<td>Metionin<\/td>\n<td>179 mg<\/td>\n<td>359 mg<\/td>\n<td>402 mg<\/td>\n<\/tr>\n<tr>\n<td>Cystin<\/td>\n<td>170 mg<\/td>\n<td>340 mg<\/td>\n<td>376 mg<\/td>\n<\/tr>\n<tr>\n<td>Fenylalanin<\/td>\n<td>272 mg<\/td>\n<td>543 mg<\/td>\n<td>609 mg<\/td>\n<\/tr>\n<tr>\n<td>Lysin<\/td>\n<td>712 mg<\/td>\n<td>1424 mg<\/td>\n<td>1587 mg<\/td>\n<\/tr>\n<tr>\n<td>Tryptofan<\/td>\n<td>139 mg<\/td>\n<td>278 mg<\/td>\n<td>310 mg<\/td>\n<\/tr>\n<tr>\n<td colspan=\"5\">**N\u00e4ringsinformationen kan variera n\u00e5got mellan smaker.<\/p>\n<p>* NRV &#8211; N\u00e4ringsreferensv\u00e4rden<\/td>\n<\/tr>\n<\/tbody>\n<\/table>\n<\/div>\n<\/div><div class=\"fusion-clearfix\"><\/div><\/div><\/div><\/div><\/div><\/p>\n","protected":false},"excerpt":{"rendered":"","protected":false},"author":1,"featured_media":0,"parent":12514,"menu_order":0,"comment_status":"closed","ping_status":"closed","template":"","meta":{"footnotes":""},"class_list":["post-16108","page","type-page","status-publish","hentry"],"_links":{"self":[{"href":"https:\/\/vikingforce.se\/sv\/wp-json\/wp\/v2\/pages\/16108","targetHints":{"allow":["GET"]}}],"collection":[{"href":"https:\/\/vikingforce.se\/sv\/wp-json\/wp\/v2\/pages"}],"about":[{"href":"https:\/\/vikingforce.se\/sv\/wp-json\/wp\/v2\/types\/page"}],"author":[{"embeddable":true,"href":"https:\/\/vikingforce.se\/sv\/wp-json\/wp\/v2\/users\/1"}],"replies":[{"embeddable":true,"href":"https:\/\/vikingforce.se\/sv\/wp-json\/wp\/v2\/comments?post=16108"}],"version-history":[{"count":21,"href":"https:\/\/vikingforce.se\/sv\/wp-json\/wp\/v2\/pages\/16108\/revisions"}],"predecessor-version":[{"id":23667,"href":"https:\/\/vikingforce.se\/sv\/wp-json\/wp\/v2\/pages\/16108\/revisions\/23667"}],"up":[{"embeddable":true,"href":"https:\/\/vikingforce.se\/sv\/wp-json\/wp\/v2\/pages\/12514"}],"wp:attachment":[{"href":"https:\/\/vikingforce.se\/sv\/wp-json\/wp\/v2\/media?parent=16108"}],"curies":[{"name":"wp","href":"https:\/\/api.w.org\/{rel}","templated":true}]}}