{"id":16079,"date":"2019-05-12T11:14:11","date_gmt":"2019-05-12T11:14:11","guid":{"rendered":"http:\/\/vikingforce.se\/eaapowder\/"},"modified":"2025-05-16T08:49:56","modified_gmt":"2025-05-16T08:49:56","slug":"eaapowder","status":"publish","type":"page","link":"https:\/\/vikingforce.se\/sv\/amino-acids\/eaapowder\/","title":{"rendered":"EAA Powder"},"content":{"rendered":"<p><div class=\"fusion-fullwidth fullwidth-box fusion-builder-row-1 nonhundred-percent-fullwidth non-hundred-percent-height-scrolling\" style=\"--awb-background-position:center top;--awb-border-color:#f6f6f6;--awb-border-radius-top-left:0px;--awb-border-radius-top-right:0px;--awb-border-radius-bottom-right:0px;--awb-border-radius-bottom-left:0px;--awb-padding-top:1px;--awb-padding-right:0px;--awb-padding-bottom:30px;--awb-padding-left:0px;--awb-background-color:#fff;--awb-border-sizes-top:1px;--awb-border-sizes-bottom:1px;--awb-flex-wrap:wrap;\" ><div class=\"fusion-builder-row fusion-row\"><div class=\"fusion-layout-column fusion_builder_column fusion-builder-column-0 fusion_builder_column_1_2 1_2 fusion-one-half fusion-column-first\" style=\"--awb-bg-size:cover;width:48%; margin-right: 4%;\"><div class=\"fusion-column-wrapper fusion-flex-column-wrapper-legacy\"><div class=\"fusion-sep-clear\"><\/div><div class=\"fusion-separator fusion-full-width-sep\" style=\"margin-left: auto;margin-right: auto;margin-top:60px;width:100%;\"><\/div><div class=\"fusion-sep-clear\"><\/div><div class=\"fusion-text fusion-text-1\"><p><img decoding=\"async\" class=\"wp-image-15770 aligncenter\" src=\"http:\/\/vikingforce.se\/wp-content\/uploads\/2019\/05\/eaa-POWDER.jpg\" alt=\"\" width=\"551\" height=\"827\" srcset=\"https:\/\/vikingforce.se\/wp-content\/uploads\/2019\/05\/eaa-POWDER-200x300.jpg 200w, https:\/\/vikingforce.se\/wp-content\/uploads\/2019\/05\/eaa-POWDER-400x600.jpg 400w, https:\/\/vikingforce.se\/wp-content\/uploads\/2019\/05\/eaa-POWDER-600x900.jpg 600w, https:\/\/vikingforce.se\/wp-content\/uploads\/2019\/05\/eaa-POWDER-683x1024.jpg 683w, https:\/\/vikingforce.se\/wp-content\/uploads\/2019\/05\/eaa-POWDER-768x1152.jpg 768w, https:\/\/vikingforce.se\/wp-content\/uploads\/2019\/05\/eaa-POWDER-800x1200.jpg 800w, https:\/\/vikingforce.se\/wp-content\/uploads\/2019\/05\/eaa-POWDER-1200x1800.jpg 1200w, https:\/\/vikingforce.se\/wp-content\/uploads\/2019\/05\/eaa-POWDER.jpg 3168w\" sizes=\"(max-width: 551px) 100vw, 551px\" \/><\/p>\n<\/div><div class=\"fusion-clearfix\"><\/div><\/div><\/div><div class=\"fusion-layout-column fusion_builder_column fusion-builder-column-1 fusion_builder_column_1_2 1_2 fusion-one-half fusion-column-last\" style=\"--awb-bg-size:cover;width:48%;\"><div class=\"fusion-column-wrapper fusion-flex-column-wrapper-legacy\"><div class=\"fusion-sep-clear\"><\/div><div class=\"fusion-separator fusion-full-width-sep\" style=\"margin-left: auto;margin-right: auto;margin-top:30px;width:100%;\"><\/div><div class=\"fusion-sep-clear\"><\/div><div class=\"fusion-title title fusion-title-1 fusion-sep-none fusion-title-text fusion-title-size-one title-wg\" style=\"--awb-margin-bottom:5px;\"><h1 class=\"fusion-title-heading title-heading-left\" style=\"margin:0;\"><strong>VIKING ESSENTIAL AMINO ACIDS POWDER<\/strong><\/h1><\/div><div class=\"fusion-text fusion-text-2\"><p style=\"text-align: center;\">(Kosttillskott)<\/p>\n<\/div><div class=\"fusion-sep-clear\"><\/div><div class=\"fusion-separator fusion-full-width-sep\" style=\"margin-left: auto;margin-right: auto;margin-top:30px;width:100%;\"><\/div><div class=\"fusion-sep-clear\"><\/div><div class=\"fusion-text fusion-text-3\"><p class=\"subtitle-wg\" style=\"text-align: center;\">Nettovikt:<strong>\u00a0<\/strong>300 g<\/p>\n<p class=\"subtitle-wg\" style=\"text-align: center;\">Portioner per f\u00f6rpackning: 25<\/p>\n<\/div><div class=\"fusion-clearfix\"><\/div><\/div><\/div><\/div><\/div><div class=\"fusion-fullwidth fullwidth-box fusion-builder-row-2 nonhundred-percent-fullwidth non-hundred-percent-height-scrolling\" style=\"--awb-border-color:#f6f6f6;--awb-border-radius-top-left:0px;--awb-border-radius-top-right:0px;--awb-border-radius-bottom-right:0px;--awb-border-radius-bottom-left:0px;--awb-padding-top:10px;--awb-padding-right:0px;--awb-padding-bottom:0px;--awb-padding-left:0px;--awb-background-color:#fff;--awb-border-sizes-top:0px;--awb-border-sizes-bottom:0px;--awb-flex-wrap:wrap;\" ><div class=\"fusion-builder-row fusion-row\"><div class=\"fusion-layout-column fusion_builder_column fusion-builder-column-2 fusion_builder_column_1_2 1_2 fusion-one-half fusion-column-first\" style=\"--awb-bg-size:cover;width:48%; margin-right: 4%;\"><div class=\"fusion-column-wrapper fusion-flex-column-wrapper-legacy\"><div class=\"fusion-text fusion-text-4\"><p class=\"subtitle-aa\">VIKING V\u00c4SENTLIGA AMINOSYRAPULVER<\/p>\n<p><strong>Smaker:<\/strong> bj\u00f6rnb\u00e4r, vattenmelon, citron-lime, persika-iste, cola, kiwi.<\/p>\n<\/div><div class=\"fusion-text fusion-text-5\"><p class=\"subtitle-aa\">BRUKSANVISNING:<\/p>\n<p>Blanda en portion (1 skopa = 12 g) med 3-5 dl kallt vatten, ta 2 portioner mellan m\u00e5ltider, f\u00f6re, under eller efter tr\u00e4ning eller n\u00e4r som helst du \u00f6nskar.<\/p>\n<p><strong>Ingredienser:<\/strong><\/p>\n<ul>\n<li><strong>f\u00f6r bj\u00f6rnb\u00e4rssmak<\/strong><\/li>\n<\/ul>\n<p>Maltodextrin, L-lysin HCl, L-leucin, L-valin, L-isoleucin, L-treonin, surhetsreglerande medel (citronsyra, \u00e4ppelsyra), L-tryptofan, L-fenylalanin, L-metionin, bj\u00f6rnb\u00e4rssmak, s\u00f6tningsmedel (sukralos, acesulfam K), f\u00e4rg\u00e4mne (karmin), pyridoxinhydroklorid (vitamin B6), cyanokobalamin (vitamin B12).<\/p>\n<ul>\n<li><strong>f\u00f6r vattenmelonsmak<\/strong><\/li>\n<\/ul>\n<p>Maltodextrin, L-lysin HCl, L-leucin, L-valin, L-isoleucin, L-treonin, surhetsreglerande medel (citronsyra, \u00e4ppelsyra), L-tryptofan, L-fenylalanin, L-metionin, vattenmelonsmak, s\u00f6tningsmedel (sukralos, acesulfam K), f\u00e4rg\u00e4mne (karmin), pyridoxinhydroklorid (vitamin B6), cyanokobalamin (vitamin B12).<\/p>\n<ul>\n<li><strong>f\u00f6r citron-limesmak<\/strong><\/li>\n<\/ul>\n<p>Maltodextrin, L-lysin HCl, L-leucin, L-valin, L-isoleucin, L-treonin, surhetsreglerande medel (citronsyra, \u00e4ppelsyra), L-tryptofan, L-fenylalanin, L-metionin, smak\u00e4mnen (citron, lime), s\u00f6tningsmedel (sukralos, acesulfam K), f\u00e4rg\u00e4mne (kopparklorofyllin), pyridoxinhydroklorid (vitamin B6), cyanokobalamin (vitamin B12).<\/p>\n<ul>\n<li><strong>f\u00f6r persika-iste smak<\/strong><\/li>\n<\/ul>\n<p>Maltodextrin, L-lysin HCl, L-leucin, L-valin, L-isoleucin, L-treonin, surhetsreglerande medel (citronsyra, \u00e4ppelsyra), L-tryptofan, L-fenylalanin, L-metionin, smak\u00e4mnen (persika, aprikos, svart te), s\u00f6tningsmedel (sukralos, acesulfam K), f\u00e4rg\u00e4mnen (karmin, riboflavin), pyridoxinhydroklorid (vitamin B6), cyanokobalamin (vitamin B12).<\/p>\n<ul>\n<li><strong>f\u00f6r colasmak<\/strong><\/li>\n<\/ul>\n<p>Maltodextrin, L-lysin HCl, L-leucin, L-valin, L-isoleucin, L-treonin, surhetsreglerande medel (citronsyra, \u00e4ppelsyra), L-tryptofan, L-fenylalanin, L-metionin, colasmak, s\u00f6tningsmedel (sukralos, acesulfam K), f\u00e4rg\u00e4mne (karamell), pyridoxinhydroklorid (vitamin B6), cyanokobalamin (vitamin B12).<\/p>\n<ul>\n<li><strong>f\u00f6r kiwismak<\/strong><\/li>\n<\/ul>\n<p>Maltodextrin, L-lysin HCl, L-leucin, L-valin, L-isoleucin, L-treonin, surhetsreglerande medel (citronsyra, \u00e4ppelsyra), L-tryptofan, L-fenylalanin, L-metionin, kiwismak, s\u00f6tningsmedel (sukralos, acesulfam K), f\u00e4rg\u00e4mne (kopparklorofyllin), pyridoxinhydroklorid (vitamin B6), cyanokobalamin (vitamin B12).<\/p>\n<p class=\"subtitle-aa\">ALLERGIINFORMATION:<\/p>\n<p>Kan inneh\u00e5lla sp\u00e5r av mj\u00f6lk, soja, \u00e4gg och vete (gluten).<\/p>\n<p class=\"subtitle-aa\">VIKTIG INFORMATION:<\/p>\n<p>Denna produkt \u00e4r ett kosttillskott. Anv\u00e4nd denna produkt i kombination med mat som en del av en h\u00e4lsosam och balanserad diet, inte som en ers\u00e4ttning f\u00f6r s\u00e5dan. F\u00f6rvaras o\u00e5tkomligt f\u00f6r barn. Inte avsedd f\u00f6r anv\u00e4ndning av gravida eller ammande kvinnor! \u00d6verskrid inte den rekommenderade dagliga dosen.<\/p>\n<p>F\u00f6rvara p\u00e5 en sval, torr plats. Uts\u00e4tt inte f\u00f6r \u00f6verdriven v\u00e4rme, fukt eller solljus. B\u00e4st f\u00f6re utg\u00e5ngsdatum som anges p\u00e5 f\u00f6rpackningen.<\/p>\n<\/div><div class=\"fusion-clearfix\"><\/div><\/div><\/div><div class=\"fusion-layout-column fusion_builder_column fusion-builder-column-3 fusion_builder_column_1_2 1_2 fusion-one-half fusion-column-last\" style=\"--awb-bg-size:cover;width:48%;\"><div class=\"fusion-column-wrapper fusion-flex-column-wrapper-legacy\"><div class=\"fusion-text fusion-text-6\"><p class=\"subtitle-aa\">N\u00c4RINGSINNEH\u00c5LL<\/p>\n<\/div><div class=\"fusion-text fusion-text-7\"><div class=\"table-1\">\n<table class=\"tb\" width=\"100%\">\n<tbody>\n<tr class=\"table-row_border\">\n<td colspan=\"3\">**<strong>N\u00e4ringsinneh\u00e5ll per:<\/strong><br \/>\nPortioner per f\u00f6rpackning: 25<\/td>\n<td colspan=\"2\"><strong>1 portion (12 g)<\/strong><\/td>\n<td colspan=\"2\"><strong>100 g<\/strong><\/td>\n<\/tr>\n<tr>\n<td colspan=\"3\">Energi<\/td>\n<td colspan=\"2\">180,3 kJ \/ 42,4 kcal<\/td>\n<td colspan=\"2\">1502,8 kJ \/ 353,6 kcal<\/td>\n<\/tr>\n<tr>\n<td colspan=\"3\">Proteiner (som fria aminosyror)<\/td>\n<td colspan=\"2\">5 g<\/td>\n<td colspan=\"2\">42 g<\/td>\n<\/tr>\n<tr>\n<td colspan=\"3\">Kolhydrater<\/td>\n<td colspan=\"2\">5,6 g<\/td>\n<td colspan=\"2\">46,4 g<\/td>\n<\/tr>\n<tr>\n<td colspan=\"3\">&#8211; varav sockerarter<\/td>\n<td colspan=\"2\">0,4 g<\/td>\n<td colspan=\"2\">3,5 g<\/td>\n<\/tr>\n<tr>\n<td colspan=\"3\">Fett<\/td>\n<td colspan=\"2\">0 g<\/td>\n<td colspan=\"2\">0 g<\/td>\n<\/tr>\n<tr>\n<td colspan=\"3\">&#8211; varav m\u00e4ttat fett<\/td>\n<td colspan=\"2\">0 g<\/td>\n<td colspan=\"2\">0 g<\/td>\n<\/tr>\n<tr>\n<td colspan=\"3\">Kostfiber<\/td>\n<td colspan=\"2\">0 g<\/td>\n<td colspan=\"2\">0 g<\/td>\n<\/tr>\n<tr>\n<td colspan=\"3\">Natrium<\/td>\n<td colspan=\"2\">0 g<\/td>\n<td colspan=\"2\">0 g<\/td>\n<\/tr>\n<tr>\n<td colspan=\"3\">Vitamin B6<\/td>\n<td colspan=\"2\">1,3 mg (92,9%*)<\/td>\n<td colspan=\"2\">11 mg (785,7%*)<\/td>\n<\/tr>\n<tr>\n<td colspan=\"3\">Vitamin B12<\/td>\n<td colspan=\"2\">1,2 \u00b5g (48,0%*)<\/td>\n<td colspan=\"2\">9,6 \u00b5g (384,0%*)<\/td>\n<\/tr>\n<tr>\n<td colspan=\"3\">L-lysin HCl<\/td>\n<td colspan=\"2\">966 mg<\/td>\n<td colspan=\"2\">8053 mg<\/td>\n<\/tr>\n<tr>\n<td colspan=\"3\">L-Leucin (BCAA)<\/td>\n<td colspan=\"2\">934 mg<\/td>\n<td colspan=\"2\">7780 mg<\/td>\n<\/tr>\n<tr>\n<td colspan=\"3\">L-Valin (BCAA)<\/td>\n<td colspan=\"2\">467 mg<\/td>\n<td colspan=\"2\">3890 mg<\/td>\n<\/tr>\n<tr>\n<td colspan=\"3\">L-Isoleucin (BCAA)<\/td>\n<td colspan=\"2\">467 mg<\/td>\n<td colspan=\"2\">3890 mg<\/td>\n<\/tr>\n<tr>\n<td colspan=\"3\">L-treonin<\/td>\n<td colspan=\"2\">858 mg<\/td>\n<td colspan=\"2\">7148 mg<\/td>\n<\/tr>\n<tr>\n<td colspan=\"3\">L-tryptofan<\/td>\n<td colspan=\"2\">457 mg<\/td>\n<td colspan=\"2\">3812 mg<\/td>\n<\/tr>\n<tr>\n<td colspan=\"3\">L-fenylalanin<\/td>\n<td colspan=\"2\">450 mg<\/td>\n<td colspan=\"2\">3755 mg<\/td>\n<\/tr>\n<tr>\n<td colspan=\"3\">L-metionin<\/td>\n<td colspan=\"2\">440 mg<\/td>\n<td colspan=\"2\">3669 mg<\/td>\n<\/tr>\n<tr>\n<td colspan=\"7\">** N\u00e4ringsinformationen kan variera n\u00e5got mellan smakerna.<br \/>\n* NRVs &#8211; N\u00e4ringsreferensv\u00e4rden<\/td>\n<\/tr>\n<\/tbody>\n<\/table>\n<\/div>\n<\/div><div class=\"fusion-clearfix\"><\/div><\/div><\/div><\/div><\/div><\/p>\n","protected":false},"excerpt":{"rendered":"","protected":false},"author":1,"featured_media":0,"parent":12370,"menu_order":0,"comment_status":"closed","ping_status":"closed","template":"","meta":{"footnotes":""},"class_list":["post-16079","page","type-page","status-publish","hentry"],"_links":{"self":[{"href":"https:\/\/vikingforce.se\/sv\/wp-json\/wp\/v2\/pages\/16079","targetHints":{"allow":["GET"]}}],"collection":[{"href":"https:\/\/vikingforce.se\/sv\/wp-json\/wp\/v2\/pages"}],"about":[{"href":"https:\/\/vikingforce.se\/sv\/wp-json\/wp\/v2\/types\/page"}],"author":[{"embeddable":true,"href":"https:\/\/vikingforce.se\/sv\/wp-json\/wp\/v2\/users\/1"}],"replies":[{"embeddable":true,"href":"https:\/\/vikingforce.se\/sv\/wp-json\/wp\/v2\/comments?post=16079"}],"version-history":[{"count":14,"href":"https:\/\/vikingforce.se\/sv\/wp-json\/wp\/v2\/pages\/16079\/revisions"}],"predecessor-version":[{"id":23522,"href":"https:\/\/vikingforce.se\/sv\/wp-json\/wp\/v2\/pages\/16079\/revisions\/23522"}],"up":[{"embeddable":true,"href":"https:\/\/vikingforce.se\/sv\/wp-json\/wp\/v2\/pages\/12370"}],"wp:attachment":[{"href":"https:\/\/vikingforce.se\/sv\/wp-json\/wp\/v2\/media?parent=16079"}],"curies":[{"name":"wp","href":"https:\/\/api.w.org\/{rel}","templated":true}]}}