{"id":16037,"date":"2019-02-28T08:32:23","date_gmt":"2019-02-28T08:32:23","guid":{"rendered":"http:\/\/vikingforce.se\/carnitine-liquid200\/"},"modified":"2025-05-16T10:44:32","modified_gmt":"2025-05-16T10:44:32","slug":"carnitine-liquid200","status":"publish","type":"page","link":"https:\/\/vikingforce.se\/sv\/fat-burners\/carnitine-liquid200\/","title":{"rendered":"Carnitine Liquid 200000"},"content":{"rendered":"<p><div class=\"fusion-fullwidth fullwidth-box fusion-builder-row-1 nonhundred-percent-fullwidth non-hundred-percent-height-scrolling\" style=\"--awb-background-position:center top;--awb-border-color:#f6f6f6;--awb-border-radius-top-left:0px;--awb-border-radius-top-right:0px;--awb-border-radius-bottom-right:0px;--awb-border-radius-bottom-left:0px;--awb-padding-top:1px;--awb-padding-right:0px;--awb-padding-bottom:30px;--awb-padding-left:0px;--awb-background-color:#fff;--awb-border-sizes-top:1px;--awb-border-sizes-bottom:1px;--awb-flex-wrap:wrap;\" ><div class=\"fusion-builder-row fusion-row\"><div class=\"fusion-layout-column fusion_builder_column fusion-builder-column-0 fusion_builder_column_1_2 1_2 fusion-one-half fusion-column-first\" style=\"--awb-bg-size:cover;width:48%; margin-right: 4%;\"><div class=\"fusion-column-wrapper fusion-flex-column-wrapper-legacy\"><div class=\"fusion-sep-clear\"><\/div><div class=\"fusion-separator fusion-full-width-sep\" style=\"margin-left: auto;margin-right: auto;margin-top:60px;width:100%;\"><\/div><div class=\"fusion-sep-clear\"><\/div><div class=\"fusion-text fusion-text-1\"><p><img decoding=\"async\" class=\"wp-image-15678 aligncenter\" src=\"http:\/\/vikingforce.se\/wp-content\/uploads\/2015\/12\/VIKING-FORCE-CATALOG-166.jpg\" alt=\"\" width=\"263\" height=\"471\" srcset=\"https:\/\/vikingforce.se\/wp-content\/uploads\/2015\/12\/VIKING-FORCE-CATALOG-166-167x300.jpg 167w, https:\/\/vikingforce.se\/wp-content\/uploads\/2015\/12\/VIKING-FORCE-CATALOG-166-200x359.jpg 200w, https:\/\/vikingforce.se\/wp-content\/uploads\/2015\/12\/VIKING-FORCE-CATALOG-166-400x717.jpg 400w, https:\/\/vikingforce.se\/wp-content\/uploads\/2015\/12\/VIKING-FORCE-CATALOG-166-571x1024.jpg 571w, https:\/\/vikingforce.se\/wp-content\/uploads\/2015\/12\/VIKING-FORCE-CATALOG-166-600x1076.jpg 600w, https:\/\/vikingforce.se\/wp-content\/uploads\/2015\/12\/VIKING-FORCE-CATALOG-166.jpg 692w\" sizes=\"(max-width: 263px) 100vw, 263px\" \/><\/p>\n<\/div><div class=\"fusion-clearfix\"><\/div><\/div><\/div><div class=\"fusion-layout-column fusion_builder_column fusion-builder-column-1 fusion_builder_column_1_2 1_2 fusion-one-half fusion-column-last\" style=\"--awb-bg-size:cover;width:48%;\"><div class=\"fusion-column-wrapper fusion-flex-column-wrapper-legacy\"><div class=\"fusion-sep-clear\"><\/div><div class=\"fusion-separator fusion-full-width-sep\" style=\"margin-left: auto;margin-right: auto;margin-top:30px;width:100%;\"><\/div><div class=\"fusion-sep-clear\"><\/div><div class=\"fusion-title title fusion-title-1 fusion-sep-none fusion-title-text fusion-title-size-one title-wg\" style=\"--awb-margin-bottom:5px;\"><h1 class=\"fusion-title-heading title-heading-left\" style=\"margin:0;\"><p style=\"text-align: center;\">VIKING CARNITINE CHROMIUM 200000<\/p><\/h1><\/div><div class=\"fusion-text fusion-text-2\"><p style=\"text-align: center;\">(Kosttillskott)<\/p>\n<\/div><div class=\"fusion-text fusion-text-3\"><p style=\"text-align: center;\"><strong>Nettovikt : 1000 ml<\/strong><\/p>\n<\/div><div class=\"fusion-clearfix\"><\/div><\/div><\/div><\/div><\/div><div class=\"fusion-fullwidth fullwidth-box fusion-builder-row-2 nonhundred-percent-fullwidth non-hundred-percent-height-scrolling\" style=\"--awb-border-color:#f6f6f6;--awb-border-radius-top-left:0px;--awb-border-radius-top-right:0px;--awb-border-radius-bottom-right:0px;--awb-border-radius-bottom-left:0px;--awb-padding-top:10px;--awb-padding-right:0px;--awb-padding-bottom:0px;--awb-padding-left:0px;--awb-background-color:#fff;--awb-border-sizes-top:0px;--awb-border-sizes-bottom:0px;--awb-flex-wrap:wrap;\" ><div class=\"fusion-builder-row fusion-row\"><div class=\"fusion-layout-column fusion_builder_column fusion-builder-column-2 fusion_builder_column_1_2 1_2 fusion-one-half fusion-column-first\" style=\"--awb-bg-size:cover;width:48%; margin-right: 4%;\"><div class=\"fusion-column-wrapper fusion-flex-column-wrapper-legacy\"><div class=\"fusion-text fusion-text-4\"><p class=\"subtitle-fb\">Riktning f\u00f6r anv\u00e4ndning:<\/p>\n<p>Ta 7,5 ml, 30-60 minuter innan du tr\u00e4nar med din m\u00e5ltid och \/ eller din m\u00e5ltid efter tr\u00e4ningen. Ta inte p\u00e5 tom mage.<\/p>\n<p class=\"subtitle-fb\">Ingredienser:<\/p>\n<p>Renat vatten, L-karnitin, surg\u00f6rare (citronsyra), smaker, s\u00f6tningsmedel (sukralos, acesulfam K), konserveringsmedel (kaliumsorbat, natriumbensoat), kalcium-D-pantetonat (vitamin B5), tiaminmononitrat (vitamin B1), riboflavin ( vitamin B2), krompikolinat.<\/p>\n<p class=\"subtitle-fb\">Allergiinformation:<\/p>\n<p>Produkten kan inneh\u00e5lla sp\u00e5r av soja, mj\u00f6lk, \u00e4gg eller veteprotein.<\/p>\n<p style=\"color: #e31d26;\"><b>Viktig information: <\/b><\/p>\n<p>Denna produkt \u00e4r ett kosttillskott. Anv\u00e4nd denna produkt tillsammans med mat som en del av en h\u00e4lsosam, balanserad kost, inte som en ers\u00e4ttning f\u00f6r s\u00e5dan. F\u00f6rvaras o\u00e5tkomligt f\u00f6r barn. Inte avsedd f\u00f6r anv\u00e4ndning av gravida eller ammande kvinnor! \u00d6verskrid inte den rekommenderade dagliga dosen. F\u00f6rvara p\u00e5 en sval, torr plats. Uts\u00e4tt inte f\u00f6r \u00f6verdriven v\u00e4rme, fukt eller solljus. B\u00e4st f\u00f6re utg\u00e5ngsdatumet som \u00e4r skrivet p\u00e5 f\u00f6rpackningen.<\/p>\n<\/div><div class=\"fusion-clearfix\"><\/div><\/div><\/div><div class=\"fusion-layout-column fusion_builder_column fusion-builder-column-3 fusion_builder_column_1_2 1_2 fusion-one-half fusion-column-last\" style=\"--awb-bg-size:cover;width:48%;\"><div class=\"fusion-column-wrapper fusion-flex-column-wrapper-legacy\"><div class=\"fusion-text fusion-text-5\"><p class=\"subtitle-fb\">N\u00c4RINGSINNEH\u00c5LL<\/p>\n<\/div><div class=\"fusion-text fusion-text-6\"><div class=\"table-1\">\n<table class=\"tb\" width=\"100%\">\n<tbody>\n<tr class=\"table-row_border\">\n<td colspan=\"3\"><strong>Nutritional content per:<\/strong><\/td>\n<td style=\"text-align: center;\" colspan=\"2\">1 serving (7,5 ml)<\/td>\n<td style=\"text-align: center;\" colspan=\"2\">100 ml<\/td>\n<\/tr>\n<tr>\n<td colspan=\"3\">L-Carnitine<\/td>\n<td style=\"text-align: center;\" colspan=\"2\">1500 mg<\/td>\n<td style=\"text-align: center;\" colspan=\"2\">200000 mg<\/td>\n<\/tr>\n<tr>\n<td colspan=\"3\">Chromium<\/td>\n<td colspan=\"1\">20\u00b5g<\/td>\n<td colspan=\"1\">(50 %*)<\/td>\n<td colspan=\"1\">267 \u00b5g<\/td>\n<td colspan=\"1\">(667 %*)<\/td>\n<\/tr>\n<tr>\n<td colspan=\"3\">Vitamin B5<\/td>\n<td colspan=\"1\">3 mg<\/td>\n<td colspan=\"1\">(50 %*)<\/td>\n<td colspan=\"1\">40 mg<\/td>\n<td colspan=\"1\">(667 %*)<\/td>\n<\/tr>\n<tr>\n<td colspan=\"3\">Vitamin B1<\/td>\n<td colspan=\"1\">2 mg<\/td>\n<td colspan=\"1\">(181.8%*)<\/td>\n<td colspan=\"1\">27mg<\/td>\n<td colspan=\"1\">(2425%*)<\/td>\n<\/tr>\n<tr>\n<td colspan=\"3\">Vitamin B2<\/td>\n<td colspan=\"1\">1 mg<\/td>\n<td colspan=\"1\">(71.4%*)<\/td>\n<td colspan=\"1\">13mg<\/td>\n<td colspan=\"1\">(952%*)<\/td>\n<\/tr>\n<tr>\n<td colspan=\"7\">*NRV \u2013 N\u00e4ringsreferensv\u00e4rden<\/td>\n<\/tr>\n<\/tbody>\n<\/table>\n<\/div>\n<\/div><div class=\"fusion-clearfix\"><\/div><\/div><\/div><\/div><\/div><\/p>\n","protected":false},"excerpt":{"rendered":"","protected":false},"author":1,"featured_media":0,"parent":12435,"menu_order":0,"comment_status":"closed","ping_status":"closed","template":"","meta":{"footnotes":""},"class_list":["post-16037","page","type-page","status-publish","hentry"],"_links":{"self":[{"href":"https:\/\/vikingforce.se\/sv\/wp-json\/wp\/v2\/pages\/16037","targetHints":{"allow":["GET"]}}],"collection":[{"href":"https:\/\/vikingforce.se\/sv\/wp-json\/wp\/v2\/pages"}],"about":[{"href":"https:\/\/vikingforce.se\/sv\/wp-json\/wp\/v2\/types\/page"}],"author":[{"embeddable":true,"href":"https:\/\/vikingforce.se\/sv\/wp-json\/wp\/v2\/users\/1"}],"replies":[{"embeddable":true,"href":"https:\/\/vikingforce.se\/sv\/wp-json\/wp\/v2\/comments?post=16037"}],"version-history":[{"count":9,"href":"https:\/\/vikingforce.se\/sv\/wp-json\/wp\/v2\/pages\/16037\/revisions"}],"predecessor-version":[{"id":23566,"href":"https:\/\/vikingforce.se\/sv\/wp-json\/wp\/v2\/pages\/16037\/revisions\/23566"}],"up":[{"embeddable":true,"href":"https:\/\/vikingforce.se\/sv\/wp-json\/wp\/v2\/pages\/12435"}],"wp:attachment":[{"href":"https:\/\/vikingforce.se\/sv\/wp-json\/wp\/v2\/media?parent=16037"}],"curies":[{"name":"wp","href":"https:\/\/api.w.org\/{rel}","templated":true}]}}