{"id":15950,"date":"2018-03-27T11:24:07","date_gmt":"2018-03-27T11:24:07","guid":{"rendered":"http:\/\/vikingforce.se\/weight-gainers\/animalmass\/"},"modified":"2025-05-16T16:20:42","modified_gmt":"2025-05-16T16:20:42","slug":"animalmass","status":"publish","type":"page","link":"https:\/\/vikingforce.se\/sv\/weight-gainers\/animalmass\/","title":{"rendered":"AnimalMass"},"content":{"rendered":"<p><div class=\"fusion-fullwidth fullwidth-box fusion-builder-row-1 nonhundred-percent-fullwidth non-hundred-percent-height-scrolling\" style=\"--awb-background-position:center top;--awb-border-color:#f6f6f6;--awb-border-radius-top-left:0px;--awb-border-radius-top-right:0px;--awb-border-radius-bottom-right:0px;--awb-border-radius-bottom-left:0px;--awb-padding-top:1px;--awb-padding-right:0px;--awb-padding-bottom:30px;--awb-padding-left:0px;--awb-background-color:#fff;--awb-border-sizes-top:1px;--awb-border-sizes-bottom:1px;--awb-flex-wrap:wrap;\" ><div class=\"fusion-builder-row fusion-row\"><div class=\"fusion-layout-column fusion_builder_column fusion-builder-column-0 fusion_builder_column_1_2 1_2 fusion-one-half fusion-column-first\" style=\"--awb-bg-size:cover;width:48%; margin-right: 4%;\"><div class=\"fusion-column-wrapper fusion-flex-column-wrapper-legacy\"><div class=\"fusion-text fusion-text-1\"><p><img decoding=\"async\" class=\"alignnone wp-image-15436 size-full\" src=\"https:\/\/vikingforce.se\/wp-content\/uploads\/2018\/03\/Viking-Animal-Mass-e1522741047645.jpg\" alt=\"\" width=\"3766\" height=\"3836\" srcset=\"https:\/\/vikingforce.se\/wp-content\/uploads\/2018\/03\/Viking-Animal-Mass-e1522741047645-66x66.jpg 66w, https:\/\/vikingforce.se\/wp-content\/uploads\/2018\/03\/Viking-Animal-Mass-e1522741047645-200x204.jpg 200w, https:\/\/vikingforce.se\/wp-content\/uploads\/2018\/03\/Viking-Animal-Mass-e1522741047645-295x300.jpg 295w, https:\/\/vikingforce.se\/wp-content\/uploads\/2018\/03\/Viking-Animal-Mass-e1522741047645-400x407.jpg 400w, https:\/\/vikingforce.se\/wp-content\/uploads\/2018\/03\/Viking-Animal-Mass-e1522741047645-600x611.jpg 600w, https:\/\/vikingforce.se\/wp-content\/uploads\/2018\/03\/Viking-Animal-Mass-e1522741047645-768x782.jpg 768w, https:\/\/vikingforce.se\/wp-content\/uploads\/2018\/03\/Viking-Animal-Mass-e1522741047645-800x815.jpg 800w, https:\/\/vikingforce.se\/wp-content\/uploads\/2018\/03\/Viking-Animal-Mass-e1522741047645-1005x1024.jpg 1005w, https:\/\/vikingforce.se\/wp-content\/uploads\/2018\/03\/Viking-Animal-Mass-e1522741047645-1200x1222.jpg 1200w, https:\/\/vikingforce.se\/wp-content\/uploads\/2018\/03\/Viking-Animal-Mass-e1522741047645.jpg 3766w\" sizes=\"(max-width: 3766px) 100vw, 3766px\" \/><\/p>\n<\/div><div class=\"fusion-clearfix\"><\/div><\/div><\/div><div class=\"fusion-layout-column fusion_builder_column fusion-builder-column-1 fusion_builder_column_1_2 1_2 fusion-one-half fusion-column-last\" style=\"--awb-bg-size:cover;width:48%;\"><div class=\"fusion-column-wrapper fusion-flex-column-wrapper-legacy\"><div class=\"fusion-title title fusion-title-1 fusion-sep-none fusion-title-text fusion-title-size-one title-wg\" style=\"--awb-margin-bottom:5px;\"><h1 class=\"fusion-title-heading title-heading-left\" style=\"margin:0;\"><p style=\"text-align: center;\">VIKING ANIMAL MASS<\/p><\/h1><\/div><div class=\"fusion-text fusion-text-2\"><p style=\"text-align: center;\">(Kosttillskott)<\/p>\n<\/div><div class=\"fusion-text fusion-text-3\"><h2 style=\"text-align: center;\"><\/h2>\n<h2 style=\"text-align: center;\"><strong>Nettovikt: 6800 g (15 LBS)<\/strong><\/h2>\n<\/div><div class=\"fusion-sep-clear\"><\/div><div class=\"fusion-separator fusion-full-width-sep\" style=\"margin-left: auto;margin-right: auto;margin-top:10px;width:100%;\"><\/div><div class=\"fusion-sep-clear\"><\/div><div class=\"fusion-clearfix\"><\/div><\/div><\/div><\/div><\/div><div class=\"fusion-fullwidth fullwidth-box fusion-builder-row-2 nonhundred-percent-fullwidth non-hundred-percent-height-scrolling\" style=\"--awb-border-color:#f6f6f6;--awb-border-radius-top-left:0px;--awb-border-radius-top-right:0px;--awb-border-radius-bottom-right:0px;--awb-border-radius-bottom-left:0px;--awb-padding-top:10px;--awb-padding-right:0px;--awb-padding-bottom:0px;--awb-padding-left:0px;--awb-background-color:#fff;--awb-border-sizes-top:0px;--awb-border-sizes-bottom:0px;--awb-flex-wrap:wrap;\" ><div class=\"fusion-builder-row fusion-row\"><div class=\"fusion-layout-column fusion_builder_column fusion-builder-column-2 fusion_builder_column_1_1 1_1 fusion-one-full fusion-column-first fusion-column-last\" style=\"--awb-bg-size:cover;\"><div class=\"fusion-column-wrapper fusion-flex-column-wrapper-legacy\"><div class=\"fusion-text fusion-text-4\"><p class=\"subtitle-wg\">Viking Animal Mass<\/p>\n<p>\n\u00c4r en komplett gainer och \u00e5terh\u00e4mtningsprodukt som inneh\u00e5ller en komplex kombination av proteiner och snabbabsorberande kolhydrater som snabbt hj\u00e4lper till att fylla dina muskler med ny energi. Den \u00e4r \u00e4ven berikad med vitaminer och mineraler f\u00f6r att s\u00e4kerst\u00e4lla kroppens maximala funktion.<br \/>\nEtt kontinuerligt intag av protein, i kombination med h\u00e5rd tr\u00e4ning, bidrar till uppbyggnaden av ny muskelmassa.\n<\/p>\n<ul>\n<li>Mycket h\u00f6gt proteininneh\u00e5ll<\/li>\n<li>Snabbt absorberande kolhydrater<\/li>\n<li>Berikad med vitaminer och mineraler<\/li>\n<\/ul>\n<\/div><div class=\"fusion-text fusion-text-5 awb-text-cols fusion-text-columns-2\" style=\"--awb-columns:2;--awb-column-spacing:2em;--awb-column-min-width:100px;\"><p style=\"text-align: center;\">(Kosttillskott)<\/p>\n<\/div><div class=\"fusion-clearfix\"><\/div><\/div><\/div><div class=\"fusion-layout-column fusion_builder_column fusion-builder-column-3 fusion_builder_column_1_2 1_2 fusion-one-half fusion-column-first\" style=\"--awb-bg-size:cover;width:48%; margin-right: 4%;\"><div class=\"fusion-column-wrapper fusion-flex-column-wrapper-legacy\"><div class=\"fusion-text fusion-text-6\"><p class=\"subtitle-wg\">Smaker: <span style=\"font-weight: normal; color: #747474;\">choklad, kaffe, vanilj, banan, kokos, jordgubb, k\u00f6rsb\u00e4r, bl\u00e5b\u00e4r, persika, ananas, \u00e4pple.<\/span><\/p>\n<p class=\"subtitle-wg\">Bruksanvisning:<\/p>\n<p>Blanda 2 skopor (100 g) med 4 dl vatten eller mj\u00f6lk och skaka i 30 sekunder. Ta en portion efter tr\u00e4ning och som mellanm\u00e5l om du har ett h\u00f6gt energibehov.<\/p>\n<p><span style=\"color: #050607; font-weight: bold; font-family: var(--body_typography-font-family); font-size: var(--body_typography-font-size); font-style: var(--body_typography-font-style,normal); letter-spacing: var(--body_typography-letter-spacing);\">Allergiinformation:<\/span><\/p>\n<p>Inneh\u00e5ller mj\u00f6lk och sojalecitin. Kan inneh\u00e5lla sp\u00e5r av \u00e4gg och vete (gluten).<\/p>\n<p class=\"subtitle-wg\">Viktig information:<\/p>\n<p>Denna produkt \u00e4r ett kosttillskott. Anv\u00e4nd denna produkt tillsammans med mat som en del av en h\u00e4lsosam, balanserad kost, inte som ers\u00e4ttning f\u00f6r s\u00e5dan. F\u00f6rvaras utom r\u00e4ckh\u00e5ll f\u00f6r barn. Produkten \u00e4r inte avsedd f\u00f6r barn eller gravida\/ammande kvinnor! \u00d6verskrid inte det rekommenderade dagliga intaget.<br \/>\nF\u00f6rvara p\u00e5 en sval, torr plats. Uts\u00e4tt inte f\u00f6r \u00f6verdriven v\u00e4rme, fukt eller solljus. B\u00e4st f\u00f6re det datum som anges p\u00e5 f\u00f6rpackningen.<\/p>\n<\/div><div class=\"fusion-clearfix\"><\/div><\/div><\/div><div class=\"fusion-layout-column fusion_builder_column fusion-builder-column-4 fusion_builder_column_1_2 1_2 fusion-one-half fusion-column-last\" style=\"--awb-bg-size:cover;width:48%;\"><div class=\"fusion-column-wrapper fusion-flex-column-wrapper-legacy\"><div class=\"fusion-text fusion-text-7\"><h2>Ingredienser:<\/h2>\n<ul>\n<li><strong>F\u00f6r chokladsmak<\/strong><br \/>\nMaltodextrin, proteinblandning (vassleproteinkoncentrat, skummj\u00f6lkspulver, mj\u00f6lkproteinkoncentrat, kalciumkaseinat, \u00e4ggalbumin), fettfattigt kakaopulver (inneh\u00e5ller emulgeringsmedel: sojalecitin), kreatinmonohydrat, taurin, dextrosmonohydrat, chokladsmak, s\u00f6tningsmedel (sukralos, acesulfam K), vitaminer och mineraler (kalciumkarbonat, askorbinsyra, nikotinamid &#8211; vitamin B3, kalcium D-pantotenat &#8211; vitamin B5, riboflavin &#8211; vitamin B2, pyridoxinhydroklorid &#8211; vitamin B6, riboflavin &#8211; vitamin B2, tiaminmononitrat &#8211; vitamin B1, cyanokobalamin &#8211; vitamin B12, pteroylmonoglutaminsyra &#8211; vitamin B9).<\/li>\n<li><strong>F\u00f6r kaffesmak<\/strong><br \/>\nMaltodextrin, proteinblandning (vassleproteinkoncentrat, skummj\u00f6lkspulver, mj\u00f6lkproteinkoncentrat, kalciumkaseinat, \u00e4ggalbumin), fettfattigt kakaopulver, kreatinmonohydrat, taurin, dextrosmonohydrat, kaffesmak, s\u00f6tningsmedel (sukralos, acesulfam K), vitaminer och mineraler (kalciumkarbonat, askorbinsyra, nikotinamid &#8211; vitamin B3, kalcium D-pantotenat &#8211; vitamin B5, riboflavin &#8211; vitamin B2, pyridoxinhydroklorid &#8211; vitamin B6, riboflavin &#8211; vitamin B2, tiaminmononitrat &#8211; vitamin B1, cyanokobalamin &#8211; vitamin B12, pteroylmonoglutaminsyra &#8211; vitamin B9).<\/li>\n<li><strong>F\u00f6r vaniljsmak<\/strong><br \/>\nMaltodextrin, proteinblandning (vassleproteinkoncentrat, skummj\u00f6lkspulver, mj\u00f6lkproteinkoncentrat, kalciumkaseinat, \u00e4ggalbumin), kreatinmonohydrat, taurin, dextrosmonohydrat, vaniljsmak, s\u00f6tningsmedel (sukralos, acesulfam K), vitaminer och mineraler (kalciumkarbonat, askorbinsyra, nikotinamid &#8211; vitamin B3, kalcium D-pantotenat &#8211; vitamin B5, riboflavin &#8211; vitamin B2, pyridoxinhydroklorid &#8211; vitamin B6, riboflavin &#8211; vitamin B2, tiaminmononitrat &#8211; vitamin B1, cyanokobalamin &#8211; vitamin B12, pteroylmonoglutaminsyra &#8211; vitamin B9).<\/li>\n<li><strong>F\u00f6r banansmak<\/strong><br \/>\nMaltodextrin, proteinblandning (vassleproteinkoncentrat, skummj\u00f6lkspulver, mj\u00f6lkproteinkoncentrat, kalciumkaseinat, \u00e4ggalbumin), kreatinmonohydrat, taurin, dextrosmonohydrat, banansmak, s\u00f6tningsmedel (sukralos, acesulfam K), vitaminer och mineraler (kalciumkarbonat, askorbinsyra, nikotinamid &#8211; vitamin B3, kalcium D-pantotenat &#8211; vitamin B5, riboflavin &#8211; vitamin B2, pyridoxinhydroklorid &#8211; vitamin B6, riboflavin &#8211; vitamin B2, tiaminmononitrat &#8211; vitamin B1, cyanokobalamin &#8211; vitamin B12, pteroylmonoglutaminsyra &#8211; vitamin B9).<\/li>\n<li><strong>F\u00f6r k\u00f6rsb\u00e4rssmak<\/strong><br \/>\nMaltodextrin, proteinblandning (vassleproteinkoncentrat, skummj\u00f6lkspulver, mj\u00f6lkproteinkoncentrat, kalciumkaseinat, \u00e4ggalbumin), kreatinmonohydrat, taurin, dextrosmonohydrat, k\u00f6rsb\u00e4rssmak, s\u00f6tningsmedel (sukralos, acesulfam K), vitaminer och mineraler (kalciumkarbonat, askorbinsyra, nikotinamid &#8211; vitamin B3, kalcium D-pantotenat &#8211; vitamin B5, riboflavin &#8211; vitamin B2, pyridoxinhydroklorid &#8211; vitamin B6, riboflavin &#8211; vitamin B2, tiaminmononitrat &#8211; vitamin B1, cyanokobalamin &#8211; vitamin B12, pteroylmonoglutaminsyra &#8211; vitamin B9), f\u00e4rg\u00e4mne (karmin).<\/li>\n<li><strong>F\u00f6r bl\u00e5b\u00e4rssmak<\/strong><br \/>\nMaltodextrin, proteinblandning (vassleproteinkoncentrat, skummj\u00f6lkspulver, mj\u00f6lkproteinkoncentrat, kalciumkaseinat, \u00e4ggalbumin), kreatinmonohydrat, taurin, dextrosmonohydrat, bl\u00e5b\u00e4rssmak, s\u00f6tningsmedel (sukralos, acesulfam K), vitaminer och mineraler (kalciumkarbonat, askorbinsyra, nikotinamid &#8211; vitamin B3, kalcium D-pantotenat &#8211; vitamin B5, riboflavin &#8211; vitamin B2, pyridoxinhydroklorid &#8211; vitamin B6, riboflavin &#8211; vitamin B2, tiaminmononitrat &#8211; vitamin B1, cyanokobalamin &#8211; vitamin B12, pteroylmonoglutaminsyra &#8211; vitamin B9), f\u00e4rg\u00e4mne (karmin).<\/li>\n<li><strong>F\u00f6r persikosmak<\/strong><br \/>\nMaltodextrin, proteinblandning (vassleproteinkoncentrat, skummj\u00f6lkspulver, mj\u00f6lkproteinkoncentrat, kalciumkaseinat, \u00e4ggalbumin), kreatinmonohydrat, taurin, dextrosmonohydrat, persikosmak, s\u00f6tningsmedel (sukralos, acesulfam K), vitaminer och mineraler (kalciumkarbonat, askorbinsyra, nikotinamid &#8211; vitamin B3, kalcium D-pantotenat &#8211; vitamin B5, riboflavin &#8211; vitamin B2, pyridoxinhydroklorid &#8211; vitamin B6, riboflavin &#8211; vitamin B2, tiaminmononitrat &#8211; vitamin B1, cyanokobalamin &#8211; vitamin B12, pteroylmonoglutaminsyra &#8211; vitamin B9), f\u00e4rg\u00e4mne (karmin, riboflavin).<\/li>\n<li><strong>F\u00f6r ananassmak<\/strong><br \/>\nMaltodextrin, proteinblandning (vassleproteinkoncentrat, skummj\u00f6lkspulver, mj\u00f6lkproteinkoncentrat, kalciumkaseinat, \u00e4ggalbumin), kreatinmonohydrat, taurin, dextrosmonohydrat, ananassmak, s\u00f6tningsmedel (sukralos, acesulfam K), vitaminer och mineraler (kalciumkarbonat, askorbinsyra, nikotinamid &#8211; vitamin B3, kalcium D-pantotenat &#8211; vitamin B5, riboflavin &#8211; vitamin B2, pyridoxinhydroklorid &#8211; vitamin B6, riboflavin &#8211; vitamin B2, tiaminmononitrat &#8211; vitamin B1, cyanokobalamin &#8211; vitamin B12, pteroylmonoglutaminsyra &#8211; vitamin B9), f\u00e4rg\u00e4mne (riboflavin).<\/li>\n<li><strong>F\u00f6r kokossmak<\/strong><br \/>\nMaltodextrin, proteinblandning (vassleproteinkoncentrat, skummj\u00f6lkspulver, mj\u00f6lkproteinkoncentrat, kalciumkaseinat, \u00e4ggalbumin), kreatinmonohydrat, taurin, dextrosmonohydrat, kokossmak, s\u00f6tningsmedel (sukralos, acesulfam K), vitaminer och mineraler (kalciumkarbonat, askorbinsyra, nikotinamid &#8211; vitamin B3, kalcium D-pantotenat &#8211; vitamin B5, riboflavin &#8211; vitamin B2, pyridoxinhydroklorid &#8211; vitamin B6, riboflavin &#8211; vitamin B2, tiaminmononitrat &#8211; vitamin B1, cyanokobalamin &#8211; vitamin B12, pteroylmonoglutaminsyra &#8211; vitamin B9).<\/li>\n<li><strong>F\u00f6r jordgubbssmak<\/strong><br \/>\nMaltodextrin, proteinblandning (vassleproteinkoncentrat, skummj\u00f6lkspulver, mj\u00f6lkproteinkoncentrat, kalciumkaseinat, \u00e4ggalbumin), kreatinmonohydrat, taurin, dextrosmonohydrat, jordgubbssmak, s\u00f6tningsmedel (sukralos, acesulfam K), vitaminer och mineraler (kalciumkarbonat, askorbinsyra, nikotinamid &#8211; vitamin B3, kalcium D-pantotenat &#8211; vitamin B5, riboflavin &#8211; vitamin B2, pyridoxinhydroklorid &#8211; vitamin B6, riboflavin &#8211; vitamin B2, tiaminmononitrat &#8211; vitamin B1, cyanokobalamin &#8211; vitamin B12, pteroylmonoglutaminsyra &#8211; vitamin B9), f\u00e4rg\u00e4mne (karmin).<\/li>\n<li><strong>F\u00f6r \u00e4ppelsmak<\/strong><br \/>\nMaltodextrin, proteinblandning (vassleproteinkoncentrat, skummj\u00f6lkspulver, mj\u00f6lkproteinkoncentrat, kalciumkaseinat, \u00e4ggalbumin), kreatinmonohydrat, taurin, dextrosmonohydrat, \u00e4ppelsmak, s\u00f6tningsmedel (sukralos, acesulfam K), vitaminer och mineraler (kalciumkarbonat, askorbinsyra, nikotinamid &#8211; vitamin B3, kalcium D-pantotenat &#8211; vitamin B5, riboflavin &#8211; vitamin B2, pyridoxinhydroklorid &#8211; vitamin B6, riboflavin &#8211; vitamin B2, tiaminmononitrat &#8211; vitamin B1, cyanokobalamin &#8211; vitamin B12, pteroylmonoglutaminsyra &#8211; vitamin B9), f\u00e4rg\u00e4mne (kopparklorofyllin).<\/li>\n<\/ul>\n<\/div><div class=\"fusion-clearfix\"><\/div><\/div><\/div><\/div><\/div><div class=\"fusion-fullwidth fullwidth-box fusion-builder-row-3 nonhundred-percent-fullwidth non-hundred-percent-height-scrolling\" style=\"--awb-border-color:#f6f6f6;--awb-border-radius-top-left:0px;--awb-border-radius-top-right:0px;--awb-border-radius-bottom-right:0px;--awb-border-radius-bottom-left:0px;--awb-padding-top:10px;--awb-padding-right:0px;--awb-padding-bottom:0px;--awb-padding-left:0px;--awb-background-color:#fff;--awb-border-sizes-top:0px;--awb-border-sizes-bottom:0px;--awb-flex-wrap:wrap;\" ><div class=\"fusion-builder-row fusion-row\"><div class=\"fusion-layout-column fusion_builder_column fusion-builder-column-5 fusion_builder_column_1_1 1_1 fusion-one-full fusion-column-first fusion-column-last fusion-column-no-min-height\" style=\"--awb-bg-size:cover;--awb-margin-bottom:0px;\"><div class=\"fusion-column-wrapper fusion-flex-column-wrapper-legacy\"><div class=\"fusion-text fusion-text-8\"><p class=\"subtitle-wg\">N\u00c4RINGSFAKTA<\/p>\n<\/div><div class=\"fusion-clearfix\"><\/div><\/div><\/div><div class=\"fusion-layout-column fusion_builder_column fusion-builder-column-6 fusion_builder_column_1_2 1_2 fusion-one-half fusion-column-first\" style=\"--awb-bg-size:cover;width:48%; margin-right: 4%;\"><div class=\"fusion-column-wrapper fusion-flex-column-wrapper-legacy\"><div class=\"fusion-text fusion-text-9\"><div class=\"table-1\">\n<table class=\"tb\" width=\"100%\">\n<tbody>\n<tr>\n<td colspan=\"3\"><strong>**N\u00e4ringsinneh\u00e5ll per:<\/strong><\/td>\n<td colspan=\"2\">100 g<\/td>\n<\/tr>\n<tr>\n<td colspan=\"3\">Energi<\/td>\n<td colspan=\"2\">1585,5 kJ \/ 373,5 kcal<\/td>\n<\/tr>\n<tr>\n<td colspan=\"3\">Proteiner<\/td>\n<td colspan=\"2\">20 g<\/td>\n<\/tr>\n<tr>\n<td colspan=\"3\">Kolhydrater<\/td>\n<td colspan=\"2\">55,5 g<\/td>\n<\/tr>\n<tr>\n<td colspan=\"3\">varav sockerarter<\/td>\n<td colspan=\"2\">5,5 g<\/td>\n<\/tr>\n<tr>\n<td colspan=\"3\">Fett<\/td>\n<td colspan=\"2\">1,1 g<\/td>\n<\/tr>\n<tr>\n<td colspan=\"3\">varav m\u00e4ttat fett<\/td>\n<td colspan=\"2\">0,6 g<\/td>\n<\/tr>\n<tr>\n<td colspan=\"3\">Kostfiber<\/td>\n<td colspan=\"2\">0,8 g<\/td>\n<\/tr>\n<tr>\n<td colspan=\"3\">Natrium<\/td>\n<td colspan=\"2\">0,6 g<\/td>\n<\/tr>\n<tr>\n<td colspan=\"3\">Kalcium<\/td>\n<td colspan=\"2\">240 mg (30 % *)<\/td>\n<\/tr>\n<tr>\n<td colspan=\"3\">Fosfor<\/td>\n<td colspan=\"2\">497 mg (71 % *)<\/td>\n<\/tr>\n<tr>\n<td colspan=\"3\">Magnesium<\/td>\n<td colspan=\"2\">170 mg (45,3 % *)<\/td>\n<\/tr>\n<tr>\n<td colspan=\"3\">Vitamin C<\/td>\n<td colspan=\"2\">80 mg (100 %*)<\/td>\n<\/tr>\n<tr>\n<td colspan=\"3\">Vitamin B3<\/td>\n<td colspan=\"2\">16 mg (100 %*)<\/td>\n<\/tr>\n<tr>\n<td colspan=\"3\">Vitamin B5<\/td>\n<td colspan=\"2\">6 mg (100 %*)<\/td>\n<\/tr>\n<tr>\n<td colspan=\"3\">Vitamin B6<\/td>\n<td colspan=\"2\">2 mg (142,3 %*)<\/td>\n<\/tr>\n<tr>\n<td colspan=\"3\">Vitamin B1<\/td>\n<td colspan=\"2\">1,4 mg (127,3 %*)<\/td>\n<\/tr>\n<tr>\n<td colspan=\"3\">Vitamin B9<\/td>\n<td colspan=\"2\">190 \u00b5g (95 %*)<\/td>\n<\/tr>\n<tr>\n<td colspan=\"3\">Vitamin B12<\/td>\n<td colspan=\"2\">1 \u00b5g (40 %*)<\/td>\n<\/tr>\n<tr>\n<td colspan=\"3\">Kreatinmonohydrat<\/td>\n<td colspan=\"2\">2500 mg<\/td>\n<\/tr>\n<tr>\n<td colspan=\"3\">Taurin<\/td>\n<td colspan=\"2\">500 mg<\/td>\n<\/tr>\n<tr>\n<td colspan=\"3\">L-Glutamin<\/td>\n<td colspan=\"2\">500 mg<\/td>\n<\/tr>\n<tr>\n<td colspan=\"3\">BCAA\u2019s 4:1:1<\/td>\n<td colspan=\"2\">500 mg<\/td>\n<\/tr>\n<tr>\n<td colspan=\"5\">* *N\u00e4ringsinformationen kan variera n\u00e5got mellan smaker.<br \/>\n*NRV &#8211; N\u00e4ringsreferensv\u00e4rden<\/td>\n<\/tr>\n<\/tbody>\n<\/table>\n<\/div>\n<\/div><div class=\"fusion-clearfix\"><\/div><\/div><\/div><div class=\"fusion-layout-column fusion_builder_column fusion-builder-column-7 fusion_builder_column_1_2 1_2 fusion-one-half fusion-column-last\" style=\"--awb-bg-size:cover;width:48%;\"><div class=\"fusion-column-wrapper fusion-flex-column-wrapper-legacy\"><div class=\"fusion-text fusion-text-10\"><div class=\"table-1\">\n<table class=\"tb\" width=\"100%\">\n<tbody>\n<tr>\n<td><strong>Aminosyraprofil<\/strong><\/td>\n<td>100 g<\/td>\n<\/tr>\n<tr>\n<td>Kreatinmonohydrat<\/td>\n<td>2500 mg<\/td>\n<\/tr>\n<tr>\n<td>Taurin<\/td>\n<td>500 mg<\/td>\n<\/tr>\n<tr>\n<td>Leucin<\/td>\n<td>3317 mg<\/td>\n<\/tr>\n<tr>\n<td>Isoleucin<\/td>\n<td>2007 mg<\/td>\n<\/tr>\n<tr>\n<td>Valin<\/td>\n<td>2188 mg<\/td>\n<\/tr>\n<tr>\n<td>Aspartinsyra<\/td>\n<td>2691 mg<\/td>\n<\/tr>\n<tr>\n<td>Glutaminsyra<\/td>\n<td>6845 mg<\/td>\n<\/tr>\n<tr>\n<td>Serin<\/td>\n<td>1815 mg<\/td>\n<\/tr>\n<tr>\n<td>Glycin<\/td>\n<td>696 mg<\/td>\n<\/tr>\n<tr>\n<td>Histidin<\/td>\n<td>871 mg<\/td>\n<\/tr>\n<tr>\n<td>Arginin<\/td>\n<td>1164 mg<\/td>\n<\/tr>\n<tr>\n<td>Treonin<\/td>\n<td>1647 mg<\/td>\n<\/tr>\n<tr>\n<td>Alanin<\/td>\n<td>1218 mg<\/td>\n<\/tr>\n<tr>\n<td>Prolin<\/td>\n<td>3050 mg<\/td>\n<\/tr>\n<tr>\n<td>Tyrosin<\/td>\n<td>1531 mg<\/td>\n<\/tr>\n<tr>\n<td>Metionin<\/td>\n<td>868 mg<\/td>\n<\/tr>\n<tr>\n<td>Cystin<\/td>\n<td>375 mg<\/td>\n<\/tr>\n<tr>\n<td>Fenylalanin<\/td>\n<td>1535 mg<\/td>\n<\/tr>\n<tr>\n<td>Lysin<\/td>\n<td>2709 mg<\/td>\n<\/tr>\n<tr>\n<td>Triptofan<\/td>\n<td>472 mg<\/td>\n<\/tr>\n<\/tbody>\n<\/table>\n<\/div>\n<\/div><div class=\"fusion-clearfix\"><\/div><\/div><\/div><\/div><\/div><\/p>\n","protected":false},"excerpt":{"rendered":"","protected":false},"author":1,"featured_media":0,"parent":12514,"menu_order":0,"comment_status":"closed","ping_status":"closed","template":"","meta":{"footnotes":""},"class_list":["post-15950","page","type-page","status-publish","hentry"],"_links":{"self":[{"href":"https:\/\/vikingforce.se\/sv\/wp-json\/wp\/v2\/pages\/15950","targetHints":{"allow":["GET"]}}],"collection":[{"href":"https:\/\/vikingforce.se\/sv\/wp-json\/wp\/v2\/pages"}],"about":[{"href":"https:\/\/vikingforce.se\/sv\/wp-json\/wp\/v2\/types\/page"}],"author":[{"embeddable":true,"href":"https:\/\/vikingforce.se\/sv\/wp-json\/wp\/v2\/users\/1"}],"replies":[{"embeddable":true,"href":"https:\/\/vikingforce.se\/sv\/wp-json\/wp\/v2\/comments?post=15950"}],"version-history":[{"count":12,"href":"https:\/\/vikingforce.se\/sv\/wp-json\/wp\/v2\/pages\/15950\/revisions"}],"predecessor-version":[{"id":23663,"href":"https:\/\/vikingforce.se\/sv\/wp-json\/wp\/v2\/pages\/15950\/revisions\/23663"}],"up":[{"embeddable":true,"href":"https:\/\/vikingforce.se\/sv\/wp-json\/wp\/v2\/pages\/12514"}],"wp:attachment":[{"href":"https:\/\/vikingforce.se\/sv\/wp-json\/wp\/v2\/media?parent=15950"}],"curies":[{"name":"wp","href":"https:\/\/api.w.org\/{rel}","templated":true}]}}