{"id":15947,"date":"2018-08-07T12:28:12","date_gmt":"2018-08-07T12:28:12","guid":{"rendered":"http:\/\/vikingforce.se\/weight-gainers\/animal-mass1\/"},"modified":"2025-05-16T16:21:48","modified_gmt":"2025-05-16T16:21:48","slug":"animal-mass1","status":"publish","type":"page","link":"https:\/\/vikingforce.se\/sv\/weight-gainers\/animal-mass1\/","title":{"rendered":"AnimalMass"},"content":{"rendered":"<p><div class=\"fusion-fullwidth fullwidth-box fusion-builder-row-1 nonhundred-percent-fullwidth non-hundred-percent-height-scrolling\" style=\"--awb-background-position:center top;--awb-border-color:#f6f6f6;--awb-border-radius-top-left:0px;--awb-border-radius-top-right:0px;--awb-border-radius-bottom-right:0px;--awb-border-radius-bottom-left:0px;--awb-padding-top:1px;--awb-padding-right:0px;--awb-padding-bottom:30px;--awb-padding-left:0px;--awb-background-color:#fff;--awb-border-sizes-top:1px;--awb-border-sizes-bottom:1px;--awb-flex-wrap:wrap;\" ><div class=\"fusion-builder-row fusion-row\"><div class=\"fusion-layout-column fusion_builder_column fusion-builder-column-0 fusion_builder_column_1_2 1_2 fusion-one-half fusion-column-first\" style=\"--awb-bg-size:cover;width:48%; margin-right: 4%;\"><div class=\"fusion-column-wrapper fusion-flex-column-wrapper-legacy\"><div class=\"fusion-text fusion-text-1\"><p><img decoding=\"async\" class=\"alignnone wp-image-15611\" src=\"https:\/\/vikingforce.se\/wp-content\/uploads\/2018\/08\/viking_ANIMAL-MASS-bottle.png\" alt=\"\" width=\"665\" height=\"970\" srcset=\"https:\/\/vikingforce.se\/wp-content\/uploads\/2018\/08\/viking_ANIMAL-MASS-bottle-200x292.png 200w, https:\/\/vikingforce.se\/wp-content\/uploads\/2018\/08\/viking_ANIMAL-MASS-bottle-206x300.png 206w, https:\/\/vikingforce.se\/wp-content\/uploads\/2018\/08\/viking_ANIMAL-MASS-bottle-400x584.png 400w, https:\/\/vikingforce.se\/wp-content\/uploads\/2018\/08\/viking_ANIMAL-MASS-bottle-600x876.png 600w, https:\/\/vikingforce.se\/wp-content\/uploads\/2018\/08\/viking_ANIMAL-MASS-bottle-701x1024.png 701w, https:\/\/vikingforce.se\/wp-content\/uploads\/2018\/08\/viking_ANIMAL-MASS-bottle-768x1121.png 768w, https:\/\/vikingforce.se\/wp-content\/uploads\/2018\/08\/viking_ANIMAL-MASS-bottle-800x1168.png 800w, https:\/\/vikingforce.se\/wp-content\/uploads\/2018\/08\/viking_ANIMAL-MASS-bottle-1200x1752.png 1200w, https:\/\/vikingforce.se\/wp-content\/uploads\/2018\/08\/viking_ANIMAL-MASS-bottle.png 1703w\" sizes=\"(max-width: 665px) 100vw, 665px\" \/><\/p>\n<\/div><div class=\"fusion-clearfix\"><\/div><\/div><\/div><div class=\"fusion-layout-column fusion_builder_column fusion-builder-column-1 fusion_builder_column_1_2 1_2 fusion-one-half fusion-column-last\" style=\"--awb-bg-size:cover;width:48%;\"><div class=\"fusion-column-wrapper fusion-flex-column-wrapper-legacy\"><div class=\"fusion-sep-clear\"><\/div><div class=\"fusion-separator fusion-full-width-sep\" style=\"margin-left: auto;margin-right: auto;margin-top:30px;width:100%;\"><\/div><div class=\"fusion-sep-clear\"><\/div><div class=\"fusion-title title fusion-title-1 fusion-sep-none fusion-title-text fusion-title-size-one title-wg\" style=\"--awb-margin-bottom:5px;\"><h1 class=\"fusion-title-heading title-heading-left\" style=\"margin:0;\"><p style=\"text-align: center;\">VIKING ANIMAL MASS<\/p><\/h1><\/div><div class=\"fusion-text fusion-text-2\"><p style=\"text-align: center;\">(Kosttillskott)<\/p>\n<\/div><div class=\"fusion-text fusion-text-3\"><h2 style=\"text-align: center;\"><\/h2>\n<h2 style=\"text-align: center;\"><strong>Nettovikt : 3.3 lbs<\/strong><\/h2>\n<p style=\"text-align: center;\"><strong>Portioner\/Beh\u00e5llare: 15<\/strong><\/p>\n<\/div><div class=\"fusion-sep-clear\"><\/div><div class=\"fusion-separator fusion-full-width-sep\" style=\"margin-left: auto;margin-right: auto;margin-top:10px;width:100%;\"><\/div><div class=\"fusion-sep-clear\"><\/div><div class=\"fusion-clearfix\"><\/div><\/div><\/div><\/div><\/div><div class=\"fusion-fullwidth fullwidth-box fusion-builder-row-2 nonhundred-percent-fullwidth non-hundred-percent-height-scrolling\" style=\"--awb-border-radius-top-left:0px;--awb-border-radius-top-right:0px;--awb-border-radius-bottom-right:0px;--awb-border-radius-bottom-left:0px;--awb-flex-wrap:wrap;\" ><div class=\"fusion-builder-row fusion-row\"><div class=\"fusion-layout-column fusion_builder_column fusion-builder-column-2 fusion_builder_column_1_1 1_1 fusion-one-full fusion-column-first fusion-column-last\" style=\"--awb-bg-size:cover;\"><div class=\"fusion-column-wrapper fusion-column-has-shadow fusion-flex-column-wrapper-legacy\"><div class=\"fusion-text fusion-text-4\"><p style=\"text-align: center;\"><b style=\"color: #000000; font-size: 18px;\" data-fusion-font=\"true\">Ingredienser<\/b><\/p>\n<\/div><div class=\"fusion-clearfix\"><\/div><\/div><\/div><\/div><\/div><div class=\"fusion-fullwidth fullwidth-box fusion-builder-row-3 nonhundred-percent-fullwidth non-hundred-percent-height-scrolling\" style=\"--awb-border-color:#f6f6f6;--awb-border-radius-top-left:0px;--awb-border-radius-top-right:0px;--awb-border-radius-bottom-right:0px;--awb-border-radius-bottom-left:0px;--awb-padding-top:0px;--awb-padding-right:0px;--awb-padding-bottom:0px;--awb-padding-left:0px;--awb-background-color:#fff;--awb-border-sizes-top:0px;--awb-border-sizes-bottom:0px;--awb-flex-wrap:wrap;\" ><div class=\"fusion-builder-row fusion-row\"><div class=\"fusion-layout-column fusion_builder_column fusion-builder-column-3 fusion_builder_column_1_2 1_2 fusion-one-half fusion-column-first\" style=\"--awb-bg-size:cover;width:48%; margin-right: 4%;\"><div class=\"fusion-column-wrapper fusion-flex-column-wrapper-legacy\"><div class=\"fusion-text fusion-text-5\"><p>&#8211; <b>f\u00f6r chokladsmak<\/b><\/p>\n<p>Maltodextrin, proteinkr\u00e4m (<u>vassle<\/u>protein koncentrat, skummad <u>mj\u00f6lk<\/u> pulver, <u>mj\u00f6lk<\/u> protein koncentrat, kalcium <u>kaseinat<\/u>, <u>\u00e4gg<\/u> albumin), l\u00e5gfet kakao pulver (inneh\u00e5ller emulgeringsmedel: <u>soja<\/u> lecitin), kreatinmonohydrat, taurin, dextros monohydrat, chokladsmak, s\u00f6tningsmedel (sukralos, acesulfamkalium), vitaminer och mineraler (kalciumkarbonat, askorbinsyra, nikotinamid &#8211; vitamin B3, kalcium D-pantotenat &#8211; vitamin B5, riboflavin-vitamin B2, pyridoxinhydroklorid &#8211; vitamin B6, riboflavin &#8211; vitamin B2, tiaminmononitrat &#8211; vitamin B1, cyanokobalamin &#8211; vitamin B12, pteroylmonoglutaminsyra &#8211; Vitamin B9).<\/p>\n<p>&#8211; <b>f\u00f6r kaffesmak<\/b><\/p>\n<p>Maltodextrin, proteinkr\u00e4m (<u>vassle<\/u>protein koncentrat, skummad <u>mj\u00f6lk<\/u> pulver, <u>mj\u00f6lk<\/u> protein koncentrat, kalcium <u>kaseinat<\/u>, <u>\u00e4gg<\/u> albumin), l\u00e5gfet kakao pulver, kreatinmonohydrat, taurin, dextros monohydrat, kaffesmak, s\u00f6tningsmedel (sukralos, acesulfamkalium), vitaminer och mineraler (kalciumkarbonat, askorbinsyra, nikotinamid &#8211; vitamin B3, kalcium D-pantotenat &#8211; vitamin B5, riboflavin-vitamin B2, pyridoxinhydroklorid &#8211; vitamin B6, riboflavin &#8211; vitamin B2, tiaminmononitrat &#8211; vitamin B1, cyanokobalamin &#8211; vitamin B12, pteroylmonoglutaminsyra &#8211; Vitamin B9).<\/p>\n<p>&#8211; <b>f\u00f6r vaniljsmak<\/b><\/p>\n<p>Maltodextrin, proteinkr\u00e4m (<u>vassle<\/u>protein koncentrat, skummad <u>mj\u00f6lk<\/u> pulver, <u>mj\u00f6lk<\/u> protein koncentrat, kalcium <u>kaseinat<\/u>, <u>\u00e4gg<\/u> albumin), kreatinmonohydrat, taurin, dextros monohydrat, vaniljsmak, s\u00f6tningsmedel (sukralos, acesulfamkalium), vitaminer och mineraler (kalciumkarbonat, askorbinsyra, nikotinamid &#8211; vitamin B3, kalcium D-pantotenat &#8211; vitamin B5, riboflavin-vitamin B2, pyridoxinhydroklorid &#8211; vitamin B6, riboflavin &#8211; vitamin B2, tiaminmononitrat &#8211; vitamin B1, cyanokobalamin &#8211; vitamin B12, pteroylmonoglutaminsyra &#8211; Vitamin B9).<\/p>\n<p>&#8211; <b>f\u00f6r persikosmak<\/b><\/p>\n<p>Maltodextrin, proteinkr\u00e4m (<u>vassle<\/u>protein koncentrat, skummad <u>mj\u00f6lk<\/u> pulver, <u>mj\u00f6lk<\/u> protein koncentrat, kalcium <u>kaseinat<\/u>, <u>\u00e4gg<\/u> albumin), kreatinmonohydrat, taurin, dextros monohydrat, persikosmak, s\u00f6tningsmedel (sukralos, acesulfamkalium), vitaminer och mineraler (kalciumkarbonat, askorbinsyra, nikotinamid &#8211; vitamin B3, kalcium D-pantotenat &#8211; vitamin B5, riboflavin-vitamin B2, pyridoxinhydroklorid &#8211; vitamin B6, riboflavin &#8211; vitamin B2, tiaminmononitrat &#8211; vitamin B1, cyanokobalamin &#8211; vitamin B12, pteroylmonoglutaminsyra &#8211; Vitamin B9), f\u00e4rg\u00e4mne (karmin, riboflavin).<\/p>\n<p>&#8211; <b>f\u00f6r ananassmak<\/b><\/p>\n<p>Maltodextrin, proteinkr\u00e4m (<u>vassle<\/u>protein koncentrat, skummad <u>mj\u00f6lk<\/u> pulver, <u>mj\u00f6lk<\/u> protein koncentrat, kalcium <u>kaseinat<\/u>, <u>\u00e4gg<\/u> albumin), kreatinmonohydrat, taurin, dextros monohydrat, ananassmak, s\u00f6tningsmedel (sukralos, acesulfamkalium), vitaminer och mineraler (kalciumkarbonat, askorbinsyra, nikotinamid &#8211; vitamin B3, kalcium D-pantotenat &#8211; vitamin B5, riboflavin-vitamin B2, pyridoxinhydroklorid &#8211; vitamin B6, riboflavin &#8211; vitamin B2, tiaminmononitrat &#8211; vitamin B1, cyanokobalamin &#8211; vitamin B12, pteroylmonoglutaminsyra &#8211; Vitamin B9), f\u00e4rg\u00e4mne (riboflavin).<\/p>\n<p>&#8211; <b>f\u00f6r \u00e4ppelsmak<\/b><\/p>\n<p>Maltodextrin, proteinkr\u00e4m (<u>vassle<\/u>protein koncentrat, skummad <u>mj\u00f6lk<\/u> pulver, <u>mj\u00f6lk<\/u> protein koncentrat, kalcium <u>kaseinat<\/u>, <u>\u00e4gg<\/u> albumin), kreatinmonohydrat, taurin, dextros monohydrat, \u00e4ppelsmak, s\u00f6tningsmedel (sukralos, acesulfamkalium), vitaminer och mineraler (kalciumkarbonat, askorbinsyra, nikotinamid &#8211; vitamin B3, kalcium D-pantotenat &#8211; vitamin B5, riboflavin-vitamin B2, pyridoxinhydroklorid &#8211; vitamin B6, riboflavin &#8211; vitamin B2, tiaminmononitrat &#8211; vitamin B1, cyanokobalamin &#8211; vitamin B12, pteroylmonoglutaminsyra &#8211; Vitamin B9), f\u00e4rg\u00e4mne (kopparklorofyllin).<\/p>\n<\/div><div class=\"fusion-clearfix\"><\/div><\/div><\/div><div class=\"fusion-layout-column fusion_builder_column fusion-builder-column-4 fusion_builder_column_1_2 1_2 fusion-one-half fusion-column-last\" style=\"--awb-bg-size:cover;width:48%;\"><div class=\"fusion-column-wrapper fusion-flex-column-wrapper-legacy\"><div class=\"fusion-text fusion-text-6\"><\/div><div class=\"fusion-text fusion-text-7\"><p class=\"subtitle-wg\">\n<\/div><div class=\"fusion-text fusion-text-8\"><p>&#8211; <b>f\u00f6r banansmak<\/b><\/p>\n<p>Maltodextrin, proteinkr\u00e4m (<u>vassle<\/u>protein koncentrat, skummj\u00f6lkspulver, <u>mj\u00f6lk<\/u> protein koncentrat, kalcium <u>kaseinat<\/u>, <u>\u00e4gg<\/u>albumin), kreatinmonohydrat, taurin, dextrosmonohydrat, banansmak, s\u00f6tningsmedel (sukralos, acesulfamkalium), vitaminer och mineraler (kalciumkarbonat, askorbinsyra, nikotinamid &#8211; vitamin B3, kalcium D-pantotenat &#8211; vitamin B5, riboflavin &#8211; vitamin B2, pyridoxinhydroklorid &#8211; vitamin B6, riboflavin &#8211; vitamin B2, tiaminmononitrat &#8211; vitamin B1, cyanokobalamin &#8211; vitamin B12, pteroylmonoglutaminsyra &#8211; Vitamin B9).<\/p>\n<p>&#8211; <b>f\u00f6r kokossmak<\/b><\/p>\n<p>Maltodextrin, proteinkr\u00e4m (<u>vassle<\/u>protein koncentrat, skummj\u00f6lkspulver, <u>mj\u00f6lk<\/u> protein koncentrat, kalcium <u>kaseinat<\/u>, <u>\u00e4gg<\/u>albumin), kreatinmonohydrat, taurin, dextrosmonohydrat, kokossmak, s\u00f6tningsmedel (sukralos, acesulfamkalium), vitaminer och mineraler (kalciumkarbonat, askorbinsyra, nikotinamid &#8211; vitamin B3, kalcium D-pantotenat &#8211; vitamin B5, riboflavin &#8211; vitamin B2, pyridoxinhydroklorid &#8211; vitamin B6, riboflavin &#8211; vitamin B2, tiaminmononitrat &#8211; vitamin B1, cyanokobalamin &#8211; vitamin B12, pteroylmonoglutaminsyra &#8211; Vitamin B9).<\/p>\n<p>&#8211; <b>f\u00f6r jordgubbssmak<\/b><\/p>\n<p>Maltodextrin, proteinkr\u00e4m (<u>vassle<\/u>protein koncentrat, skummj\u00f6lkspulver, <u>mj\u00f6lk<\/u> protein koncentrat, kalcium <u>kaseinat<\/u>, <u>\u00e4gg<\/u>albumin), kreatinmonohydrat, taurin, dextrosmonohydrat, jordgubbssmak, s\u00f6tningsmedel (sukralos, acesulfamkalium), vitaminer och mineraler (kalciumkarbonat, askorbinsyra, nikotinamid &#8211; vitamin B3, kalcium D-pantotenat &#8211; vitamin B5, riboflavin &#8211; vitamin B2, pyridoxinhydroklorid &#8211; vitamin B6, riboflavin &#8211; vitamin B2, tiaminmononitrat &#8211; vitamin B1, cyanokobalamin &#8211; vitamin B12, pteroylmonoglutaminsyra &#8211; Vitamin B9), f\u00e4rg\u00e4mne (karmosin).<\/p>\n<p>&#8211; <b>f\u00f6r k\u00f6rsb\u00e4rssmak<\/b><\/p>\n<p>Maltodextrin, proteinkr\u00e4m (<u>vassle<\/u>protein koncentrat, skummj\u00f6lkspulver, <u>mj\u00f6lk<\/u> protein koncentrat, kalcium <u>kaseinat<\/u>, <u>\u00e4gg<\/u>albumin), kreatinmonohydrat, taurin, dextrosmonohydrat, k\u00f6rsb\u00e4rssmak, s\u00f6tningsmedel (sukralos, acesulfamkalium), vitaminer och mineraler (kalciumkarbonat, askorbinsyra, nikotinamid &#8211; vitamin B3, kalcium D-pantotenat &#8211; vitamin B5, riboflavin &#8211; vitamin B2, pyridoxinhydroklorid &#8211; vitamin B6, riboflavin &#8211; vitamin B2, tiaminmononitrat &#8211; vitamin B1, cyanokobalamin &#8211; vitamin B12, pteroylmonoglutaminsyra &#8211; Vitamin B9), f\u00e4rg\u00e4mne (karmosin).<\/p>\n<p>&#8211; <b>f\u00f6r bl\u00e5b\u00e4rssmak<\/b><\/p>\n<p>Maltodextrin, proteinkr\u00e4m (<u>vassle<\/u>protein koncentrat, skummj\u00f6lkspulver, <u>mj\u00f6lk<\/u> protein koncentrat, kalcium <u>kaseinat<\/u>, <u>\u00e4gg<\/u>albumin), kreatinmonohydrat, taurin, dextrosmonohydrat, bl\u00e5b\u00e4rssmak, s\u00f6tningsmedel (sukralos, acesulfamkalium), vitaminer och mineraler (kalciumkarbonat, askorbinsyra, nikotinamid &#8211; vitamin B3, kalcium D-pantotenat &#8211; vitamin B5, riboflavin &#8211; vitamin B2, pyridoxinhydroklorid &#8211; vitamin B6, riboflavin &#8211; vitamin B2, tiaminmononitrat &#8211; vitamin B1, cyanokobalamin &#8211; vitamin B12, pteroylmonoglutaminsyra &#8211; Vitamin B9), f\u00e4rg\u00e4mne (karmosin).<\/p>\n<\/div><div class=\"fusion-clearfix\"><\/div><\/div><\/div><div class=\"fusion-layout-column fusion_builder_column fusion-builder-column-5 fusion_builder_column_1_2 1_2 fusion-one-half fusion-column-first\" style=\"--awb-bg-size:cover;width:48%; margin-right: 4%;\"><div class=\"fusion-column-wrapper fusion-flex-column-wrapper-legacy\"><div class=\"fusion-text fusion-text-9\"><p><b style=\"color: #000000;\">Smaker:<\/b><\/p>\n<p>choklad, kaffe, vanilj, banan, kokosn\u00f6t, jordgubbe, k\u00f6rsb\u00e4r, bl\u00e5b\u00e4r, persika, ananas, \u00e4pple.<\/p>\n<p><b style=\"color: #000000;\">Anv\u00e4ndningsriktning:<\/b><\/p>\n<p>Blanda 2 runda skopor (~100 g) med 4 dl vatten eller mj\u00f6lk och skaka i 30 sekunder. Ta en portion efter tr\u00e4ningen och som mellanm\u00e5l om du har ett h\u00f6gt energibehov.<\/p>\n<\/div><div class=\"fusion-clearfix\"><\/div><\/div><\/div><div class=\"fusion-layout-column fusion_builder_column fusion-builder-column-6 fusion_builder_column_1_2 1_2 fusion-one-half fusion-column-last\" style=\"--awb-bg-size:cover;--awb-margin-bottom:3px;width:48%;\"><div class=\"fusion-column-wrapper fusion-column-has-shadow fusion-flex-column-wrapper-legacy\"><div class=\"fusion-text fusion-text-10\"><p><b style=\"color: #000000;\">Allergiinformation:<\/b><\/p>\n<p>Inneh\u00e5ller mj\u00f6lk, soja och \u00e4ggkomponenter. Kan inneh\u00e5lla sp\u00e5r av vete (gluten).<\/p>\n<p><b style=\"color: #000000;\">Viktig information:<\/b><\/p>\n<p>Den h\u00e4r produkten \u00e4r ett kosttillskott. Anv\u00e4nd denna produkt i kombination med mat som en del av en h\u00e4lsosam och balanserad kost, inte som ers\u00e4ttning f\u00f6r s\u00e5dan. F\u00f6rvara utom r\u00e4ckh\u00e5ll f\u00f6r barn. Den \u00e4r avsedd endast f\u00f6r personer \u00f6ver 18 \u00e5r. Inte avsedd f\u00f6r anv\u00e4ndning av gravida eller ammande kvinnor! \u00d6verskrid inte den rekommenderade dagliga dosen.<\/p>\n<p>F\u00f6rvara p\u00e5 en sval, torr plats. Uts\u00e4tt inte f\u00f6r \u00f6verdriven v\u00e4rme, fuktighet eller solljus. B\u00e4st f\u00f6re datumet som \u00e4r angivet p\u00e5 f\u00f6rpackningen.<\/p>\n<\/div><div class=\"fusion-clearfix\"><\/div><\/div><\/div><\/div><\/div><div class=\"fusion-fullwidth fullwidth-box fusion-builder-row-4 nonhundred-percent-fullwidth non-hundred-percent-height-scrolling\" style=\"--awb-border-color:#f6f6f6;--awb-border-radius-top-left:0px;--awb-border-radius-top-right:0px;--awb-border-radius-bottom-right:0px;--awb-border-radius-bottom-left:0px;--awb-padding-top:10px;--awb-padding-right:0px;--awb-padding-bottom:0px;--awb-padding-left:0px;--awb-background-color:#fff;--awb-border-sizes-top:0px;--awb-border-sizes-bottom:0px;--awb-flex-wrap:wrap;\" ><div class=\"fusion-builder-row fusion-row\"><div class=\"fusion-layout-column fusion_builder_column fusion-builder-column-7 fusion_builder_column_1_1 1_1 fusion-one-full fusion-column-first fusion-column-last fusion-column-no-min-height\" style=\"--awb-bg-size:cover;--awb-margin-bottom:0px;\"><div class=\"fusion-column-wrapper fusion-flex-column-wrapper-legacy\"><div class=\"fusion-text fusion-text-11\"><p class=\"subtitle-wg\">N\u00c4RINGSINNEH\u00c5LL<\/p>\n<\/div><div class=\"fusion-clearfix\"><\/div><\/div><\/div><div class=\"fusion-layout-column fusion_builder_column fusion-builder-column-8 fusion_builder_column_1_2 1_2 fusion-one-half fusion-column-first\" style=\"--awb-bg-size:cover;width:48%; margin-right: 4%;\"><div class=\"fusion-column-wrapper fusion-flex-column-wrapper-legacy\"><div class=\"fusion-text fusion-text-12\"><div class=\"table-1\">\n<table class=\"tb\" width=\"100%\">\n<tbody>\n<tr>\n<td colspan=\"3\"><strong>N\u00e4ringsinneh\u00e5ll per:<\/strong><\/td>\n<td colspan=\"2\"><b>100 g<\/b><\/td>\n<\/tr>\n<tr>\n<td colspan=\"3\">Energi<\/td>\n<td colspan=\"2\">1534,7 kJ \/ 361,5 kcal<\/td>\n<\/tr>\n<tr>\n<td colspan=\"3\">Proteiner<\/td>\n<td colspan=\"2\">20 g<\/td>\n<\/tr>\n<tr>\n<td colspan=\"3\">Kolhydrater<\/td>\n<td colspan=\"2\">67,6 g<\/td>\n<\/tr>\n<tr>\n<td colspan=\"3\">varav socker<\/td>\n<td colspan=\"2\">20 g<\/td>\n<\/tr>\n<tr>\n<td colspan=\"3\">Fett<\/td>\n<td colspan=\"2\">1,1 g<\/td>\n<\/tr>\n<tr>\n<td colspan=\"3\">varav m\u00e4ttat fett<\/td>\n<td colspan=\"2\">0,6 g<\/td>\n<\/tr>\n<tr>\n<td colspan=\"3\">Kostfiber<\/td>\n<td colspan=\"2\">0,6 g<\/td>\n<\/tr>\n<tr>\n<td colspan=\"3\">Natrium<\/td>\n<td colspan=\"2\">0,1 g<\/td>\n<\/tr>\n<tr>\n<td colspan=\"3\">Kalcium<\/td>\n<td colspan=\"2\">240 mg (30 % *)<\/td>\n<\/tr>\n<tr>\n<td colspan=\"3\">Vitamin C<\/td>\n<td colspan=\"2\">80 mg (100 %*)<\/td>\n<\/tr>\n<tr>\n<td colspan=\"3\">Vitamin B3<\/td>\n<td colspan=\"2\">16 mg (100 %*)<\/td>\n<\/tr>\n<tr>\n<td colspan=\"3\">Vitamin B5<\/td>\n<td colspan=\"2\">6 mg (100 %*)<\/td>\n<\/tr>\n<tr>\n<td colspan=\"3\">Vitamin B2<\/td>\n<td colspan=\"2\">1,4 mg (100 %*)<\/td>\n<\/tr>\n<tr>\n<td colspan=\"3\">Vitamin B6<\/td>\n<td colspan=\"2\">1,4 mg (100 %*)<\/td>\n<\/tr>\n<tr>\n<td colspan=\"3\">Vitamin B1<\/td>\n<td colspan=\"2\">1,1 mg (100 %*)<\/td>\n<\/tr>\n<tr>\n<td colspan=\"3\">Vitamin B9<\/td>\n<td colspan=\"2\">190 \u00b5g (95 %*)<\/td>\n<\/tr>\n<tr>\n<td colspan=\"3\">Vitamin B12<\/td>\n<td colspan=\"2\">2,5 \u00b5g (100 %*)<\/td>\n<\/tr>\n<tr>\n<td colspan=\"3\">Kreatinmonohydrat<\/td>\n<td colspan=\"2\">2500 mg<\/td>\n<\/tr>\n<tr>\n<td colspan=\"3\">Taurin<\/td>\n<td colspan=\"2\">500 mg<\/td>\n<\/tr>\n<\/tbody>\n<\/table>\n<\/div>\n<\/div><div class=\"fusion-clearfix\"><\/div><\/div><\/div><div class=\"fusion-layout-column fusion_builder_column fusion-builder-column-9 fusion_builder_column_1_2 1_2 fusion-one-half fusion-column-last\" style=\"--awb-bg-size:cover;width:48%;\"><div class=\"fusion-column-wrapper fusion-flex-column-wrapper-legacy\"><div class=\"fusion-text fusion-text-13\"><div class=\"table-1\">\n<table class=\"tb\" width=\"100%\">\n<tbody>\n<tr>\n<td>Leucin<\/td>\n<td>2087 mg<\/td>\n<\/tr>\n<tr>\n<td>Isoleucin<\/td>\n<td>1324 mg<\/td>\n<\/tr>\n<tr>\n<td>Valin<\/td>\n<td>1315 mg<\/td>\n<\/tr>\n<tr>\n<td>Asparaginsyra<\/td>\n<td>2188 mg<\/td>\n<\/tr>\n<tr>\n<td>Glutaminsyra<\/td>\n<td>3463 mg<\/td>\n<\/tr>\n<tr>\n<td>Serin<\/td>\n<td>823 mg<\/td>\n<\/tr>\n<tr>\n<td>Glycin<\/td>\n<td>390 mg<\/td>\n<\/tr>\n<tr>\n<td>Histidin<\/td>\n<td>346 mg<\/td>\n<\/tr>\n<tr>\n<td>Arginin<\/td>\n<td>576 mg<\/td>\n<\/tr>\n<tr>\n<td>Treonin<\/td>\n<td>1170 mg<\/td>\n<\/tr>\n<tr>\n<td>Alanin<\/td>\n<td>916 mg<\/td>\n<\/tr>\n<tr>\n<td>Prolin<\/td>\n<td>1241 mg<\/td>\n<\/tr>\n<tr>\n<td>Tyrosin<\/td>\n<td>620 mg<\/td>\n<\/tr>\n<tr>\n<td>Metionin<\/td>\n<td>429 mg<\/td>\n<\/tr>\n<tr>\n<td>Cystein<\/td>\n<td>479 mg<\/td>\n<\/tr>\n<tr>\n<td>Fenylalanin<\/td>\n<td>719 mg<\/td>\n<\/tr>\n<tr>\n<td>Lysin<\/td>\n<td>1623 mg<\/td>\n<\/tr>\n<tr>\n<td>Tryptofan<\/td>\n<td>365 mg<\/td>\n<\/tr>\n<tr>\n<td colspan=\"4\">**N\u00e4ringsinformationen kan variera n\u00e5got mellan smaker.<br \/>* NRVs- N\u00e4ringsreferensv\u00e4rden<\/td>\n<\/tr>\n<\/tbody>\n<\/table>\n<\/div>\n<\/div><div class=\"fusion-clearfix\"><\/div><\/div><\/div><\/div><\/div><\/p>\n","protected":false},"excerpt":{"rendered":"","protected":false},"author":1,"featured_media":0,"parent":12514,"menu_order":0,"comment_status":"closed","ping_status":"closed","template":"","meta":{"footnotes":""},"class_list":["post-15947","page","type-page","status-publish","hentry"],"_links":{"self":[{"href":"https:\/\/vikingforce.se\/sv\/wp-json\/wp\/v2\/pages\/15947","targetHints":{"allow":["GET"]}}],"collection":[{"href":"https:\/\/vikingforce.se\/sv\/wp-json\/wp\/v2\/pages"}],"about":[{"href":"https:\/\/vikingforce.se\/sv\/wp-json\/wp\/v2\/types\/page"}],"author":[{"embeddable":true,"href":"https:\/\/vikingforce.se\/sv\/wp-json\/wp\/v2\/users\/1"}],"replies":[{"embeddable":true,"href":"https:\/\/vikingforce.se\/sv\/wp-json\/wp\/v2\/comments?post=15947"}],"version-history":[{"count":10,"href":"https:\/\/vikingforce.se\/sv\/wp-json\/wp\/v2\/pages\/15947\/revisions"}],"predecessor-version":[{"id":23665,"href":"https:\/\/vikingforce.se\/sv\/wp-json\/wp\/v2\/pages\/15947\/revisions\/23665"}],"up":[{"embeddable":true,"href":"https:\/\/vikingforce.se\/sv\/wp-json\/wp\/v2\/pages\/12514"}],"wp:attachment":[{"href":"https:\/\/vikingforce.se\/sv\/wp-json\/wp\/v2\/media?parent=15947"}],"curies":[{"name":"wp","href":"https:\/\/api.w.org\/{rel}","templated":true}]}}