{"id":15937,"date":"2018-07-25T11:33:19","date_gmt":"2018-07-25T11:33:19","guid":{"rendered":"http:\/\/vikingforce.se\/testosteronbooster\/"},"modified":"2025-05-16T15:22:16","modified_gmt":"2025-05-16T15:22:16","slug":"testbooster","status":"publish","type":"page","link":"https:\/\/vikingforce.se\/sv\/stimulators\/testbooster\/","title":{"rendered":"TESTOSTERONE BOOSTER"},"content":{"rendered":"<p><div class=\"fusion-fullwidth fullwidth-box fusion-builder-row-1 nonhundred-percent-fullwidth non-hundred-percent-height-scrolling\" style=\"--awb-background-position:center top;--awb-border-color:#f6f6f6;--awb-border-radius-top-left:0px;--awb-border-radius-top-right:0px;--awb-border-radius-bottom-right:0px;--awb-border-radius-bottom-left:0px;--awb-padding-top:1px;--awb-padding-right:0px;--awb-padding-bottom:30px;--awb-padding-left:0px;--awb-background-color:#fff;--awb-border-sizes-top:1px;--awb-border-sizes-bottom:1px;--awb-flex-wrap:wrap;\" ><div class=\"fusion-builder-row fusion-row\"><div class=\"fusion-layout-column fusion_builder_column fusion-builder-column-0 fusion_builder_column_1_2 1_2 fusion-one-half fusion-column-first\" style=\"--awb-bg-size:cover;width:48%; margin-right: 4%;\"><div class=\"fusion-column-wrapper fusion-flex-column-wrapper-legacy\"><div class=\"fusion-sep-clear\"><\/div><div class=\"fusion-separator fusion-full-width-sep\" style=\"margin-left: auto;margin-right: auto;margin-top:60px;width:100%;\"><\/div><div class=\"fusion-sep-clear\"><\/div><div class=\"fusion-text fusion-text-1\"><p><a href=\"https:\/\/vikingforce.se\/wp-content\/uploads\/2015\/12\/testosterone-booster.jpg\"><img decoding=\"async\" class=\"alignnone size-full wp-image-15571\" src=\"https:\/\/vikingforce.se\/wp-content\/uploads\/2015\/12\/testosterone-booster.jpg\" alt=\"\" width=\"600\" height=\"740\" srcset=\"https:\/\/vikingforce.se\/wp-content\/uploads\/2015\/12\/testosterone-booster-200x247.jpg 200w, https:\/\/vikingforce.se\/wp-content\/uploads\/2015\/12\/testosterone-booster-243x300.jpg 243w, https:\/\/vikingforce.se\/wp-content\/uploads\/2015\/12\/testosterone-booster-400x493.jpg 400w, https:\/\/vikingforce.se\/wp-content\/uploads\/2015\/12\/testosterone-booster.jpg 600w\" sizes=\"(max-width: 600px) 100vw, 600px\" \/><\/a><\/p>\n<\/div><div class=\"fusion-clearfix\"><\/div><\/div><\/div><div class=\"fusion-layout-column fusion_builder_column fusion-builder-column-1 fusion_builder_column_1_2 1_2 fusion-one-half fusion-column-last\" style=\"--awb-bg-size:cover;width:48%;\"><div class=\"fusion-column-wrapper fusion-flex-column-wrapper-legacy\"><div class=\"fusion-title title fusion-title-1 fusion-sep-none fusion-title-text fusion-title-size-one title-wg\" style=\"--awb-margin-bottom:5px;\"><h1 class=\"fusion-title-heading title-heading-left\" style=\"margin:0;\"><div style=\"text-align: center;\"><span style=\"font-size: var(--h1_typography-font-size); font-style: var(--h1_typography-font-style,normal); font-weight: var(--h1_typography-font-weight); letter-spacing: var(--h1_typography-letter-spacing);\">VIKING TESTOSTERONE BOOSTER<\/span><\/div><\/h1><\/div><div class=\"fusion-text fusion-text-2\"><p style=\"text-align: center;\">(Kosttillskott)<\/p>\n<\/div><div class=\"fusion-sep-clear\"><\/div><div class=\"fusion-separator fusion-full-width-sep\" style=\"margin-left: auto;margin-right: auto;margin-top:10px;width:100%;\"><\/div><div class=\"fusion-sep-clear\"><\/div><div class=\"fusion-text fusion-text-3\"><\/div><div class=\"fusion-text fusion-text-4\"><p class=\"subtitle-wg\" style=\"text-align: center;\">Nettovikt: 127.2 g<\/p>\n<p class=\"subtitle-wg\" style=\"text-align: center;\">120 Kapslar<\/p>\n<\/div><div class=\"fusion-clearfix\"><\/div><\/div><\/div><\/div><\/div><div class=\"fusion-fullwidth fullwidth-box fusion-builder-row-2 nonhundred-percent-fullwidth non-hundred-percent-height-scrolling\" style=\"--awb-border-color:#f6f6f6;--awb-border-radius-top-left:0px;--awb-border-radius-top-right:0px;--awb-border-radius-bottom-right:0px;--awb-border-radius-bottom-left:0px;--awb-padding-top:10px;--awb-padding-right:0px;--awb-padding-bottom:0px;--awb-padding-left:0px;--awb-background-color:#fff;--awb-border-sizes-top:0px;--awb-border-sizes-bottom:0px;--awb-flex-wrap:wrap;\" ><div class=\"fusion-builder-row fusion-row\"><div class=\"fusion-layout-column fusion_builder_column fusion-builder-column-2 fusion_builder_column_1_1 1_1 fusion-one-full fusion-column-first fusion-column-last\" style=\"--awb-bg-size:cover;\"><div class=\"fusion-column-wrapper fusion-flex-column-wrapper-legacy\"><div class=\"fusion-text fusion-text-5\"><p class=\"subtitle-st\">Viking Testosteron Booster<\/p>\n<p>Upplev de uppfriskande effekterna av v\u00e5r testosteronboost, som utnyttjar de synergistiska egenskaperna hos ett brett spektrum av f\u00f6reningar f\u00f6r att indirekt st\u00f6dja naturliga testosteronniv\u00e5er och vitalisera kroppen.<\/p>\n<p>V\u00e5r formel inkluderar:<\/p>\n<p>\u2022 <b>Tribulus terrestris och Fenugreek Extracts<\/b>: Rika p\u00e5 naturliga saponiner, dessa extrakt st\u00f6djer kroppens naturliga niv\u00e5er av testosteron, vilket hj\u00e4lper till med \u00f6kad libido, muskelmassa och \u00f6kad muskelstyrka.<\/p>\n<p>\u2022 <b>L-Arginine:<\/b> Denna aminosyra fr\u00e4mjar bildandet av kv\u00e4veoxid, vilket hj\u00e4lper till att dilatera, slappna av och bibeh\u00e5lla elasticiteten hos blodk\u00e4rlen, vilket d\u00e4rigenom st\u00f6djer f\u00f6rb\u00e4ttrad b\u00e4ckenomlopp.<\/p>\n<p>\u2022 <b>Rhodiola Rosea:<\/b> K\u00e4nd f\u00f6r sina adaptogena egenskaper, hj\u00e4lper Rhodiola Rosea till att bibeh\u00e5lla fysisk och mental prestation under stressperioder, vilket fr\u00e4mjar koncentration och uth\u00e5llighet.<\/p>\n<p>\u2022 <b>Vitamin B6:<\/b> Bidrar till regleringen av hormonell aktivitet, vilket st\u00f6der \u00f6vergripande hormonell balans.<\/p>\n<p>\u2022 <b>Vitamin D:<\/b> Spelar en avg\u00f6rande roll i processen f\u00f6r celluppdelning, vilket hj\u00e4lper till med \u00f6vergripande cellh\u00e4lsa.<\/p>\n<p>\u2022 <b>Zinc:<\/b> Viktigt f\u00f6r normal fertilitet och reproduktion, hj\u00e4lper \u00e4ven Zinc till att bibeh\u00e5lla normala testosteronniv\u00e5er i blodet.<\/p>\n<p>\u2022 <b>Piperine<\/b>: En bioaktiv f\u00f6rening som f\u00f6rb\u00e4ttrar absorptionen av olika n\u00e4rings\u00e4mnen, vilket s\u00e4kerst\u00e4ller maximal effektivitet av tillskottet.<\/p>\n<p>Denna omfattande blandning \u00e4r utformad f\u00f6r att st\u00f6dja kroppens naturliga processer, vilket hj\u00e4lper dig att uppn\u00e5 optimal prestanda och v\u00e4lbefinnande.<\/p>\n<\/div><div class=\"fusion-clearfix\"><\/div><\/div><\/div><div class=\"fusion-layout-column fusion_builder_column fusion-builder-column-3 fusion_builder_column_1_2 1_2 fusion-one-half fusion-column-first\" style=\"--awb-bg-size:cover;width:48%; margin-right: 4%;\"><div class=\"fusion-column-wrapper fusion-flex-column-wrapper-legacy\"><div class=\"fusion-text fusion-text-6\"><p class=\"subtitle-st\">Anv\u00e4ndningsriktning:<\/p>\n<p>Som ett kosttillskott, ta 3 kapslar dagligen f\u00f6re s\u00f6mnen med vatten, p\u00e5 tom mage, minst 30 minuter efter den sista m\u00e5ltiden. Anv\u00e4nd kontinuerligt i upp till 8 veckor f\u00f6ljt av 2 veckors vila.<\/p>\n<p class=\"subtitle-st\">Andra ingredienser:<\/p>\n<p>Kapselh\u00f6lje (gelatin, zinkoxid).<\/p>\n<p class=\"subtitle-st\">Allergiinformation:<\/p>\n<p>Kan inneh\u00e5lla sp\u00e5r av mj\u00f6lk, soja, \u00e4gg och vete (gluten).<\/p>\n<p class=\"subtitle-st\">Viktig information:<\/p>\n<p>Detta produkt \u00e4r ett kosttillskott. Anv\u00e4nd denna produkt tillsammans med mat som en del av en h\u00e4lsosam och balanserad kost, inte som ett substitut f\u00f6r s\u00e5dan. F\u00f6rvara utom r\u00e4ckh\u00e5ll f\u00f6r barn. Inte avsedd f\u00f6r anv\u00e4ndning av gravida eller ammande kvinnor! \u00d6verskrid inte den rekommenderade dagliga dosen.<\/p>\n<p>F\u00f6rvara p\u00e5 en sval, torr plats. Uts\u00e4tt inte f\u00f6r \u00f6verdriven v\u00e4rme, fukt eller solljus. B\u00e4st f\u00f6re utg\u00e5ngsdatum som anges p\u00e5 f\u00f6rpackningen<\/p>\n<\/div><div class=\"fusion-clearfix\"><\/div><\/div><\/div><div class=\"fusion-layout-column fusion_builder_column fusion-builder-column-4 fusion_builder_column_1_2 1_2 fusion-one-half fusion-column-last\" style=\"--awb-bg-size:cover;width:48%;\"><div class=\"fusion-column-wrapper fusion-flex-column-wrapper-legacy\"><div class=\"fusion-text fusion-text-7\"><p class=\"subtitle-st\">N\u00c4RINGSINNEH\u00c5LL<\/p>\n<\/div><div class=\"fusion-text fusion-text-8\"><div class=\"table-1\">\n<table class=\"tb\" style=\"height: 796px;\" width=\"537\">\n<tbody>\n<tr class=\"table-row_border\">\n<td colspan=\"3\"><strong>N\u00e4ringsinneh\u00e5ll per:<\/strong><\/td>\n<td colspan=\"2\">1 portion (3 kapslar)<\/td>\n<\/tr>\n<tr>\n<td colspan=\"3\">Testosteronf\u00f6rst\u00e4rkarblandning:<br \/>Tribulus Terrestris (fruktextrakt) (60 % saponiner), D-asparaginsyra, Fenugreek (fr\u00f6extrakt) (Trigonella foenum-graecum L.),<\/td>\n<td colspan=\"2\">1500 mg<\/td>\n<\/tr>\n<tr>\n<td colspan=\"3\">HGH-st\u00f6d:<br \/>L-argininbas, L-argininaspartat<\/td>\n<td colspan=\"2\">850 mg<\/td>\n<\/tr>\n<tr>\n<td colspan=\"3\">Revitaliserande blandning:<br \/>Rhodiola Rosea (rotexttrakt) (3 % rosaviner, 1 % salidrosider), Trans-resveratrol (fr\u00e5n Polygonum Cuspidatum)<\/td>\n<td colspan=\"2\">300 mg<\/td>\n<\/tr>\n<tr>\n<td colspan=\"3\">Testo Absorption Agent:<br \/>Piperin (fr\u00e5n svartpepparextrakt) (Piper nigrum L.)<\/td>\n<td colspan=\"2\">3 mg<\/td>\n<\/tr>\n<tr>\n<td colspan=\"3\">Zink (fr\u00e5n zinkcitrat)<\/td>\n<td colspan=\"2\">15 mg (150 %*)<\/td>\n<\/tr>\n<tr>\n<td colspan=\"3\">Vitamin B6 (som pyridoxinhydroklorid)<\/td>\n<td colspan=\"2\">4,2 mg (300 %*)<\/td>\n<\/tr>\n<tr>\n<td colspan=\"3\">Vitamin D3 (som kolekalciferol)<\/td>\n<td colspan=\"2\">7,5 \u00b5g (150 %*)<\/td>\n<\/tr>\n<tr>\n<td colspan=\"5\">* NRVs &#8211; N\u00e4ringsreferensv\u00e4rden (baserat p\u00e5 en diet med 2 000 kalorier)<\/td>\n<\/tr>\n<\/tbody>\n<\/table>\n<\/div>\n<\/div><div class=\"fusion-clearfix\"><\/div><\/div><\/div><\/div><\/div><\/p>\n","protected":false},"excerpt":{"rendered":"","protected":false},"author":1,"featured_media":0,"parent":12506,"menu_order":0,"comment_status":"closed","ping_status":"closed","template":"","meta":{"footnotes":""},"class_list":["post-15937","page","type-page","status-publish","hentry"],"_links":{"self":[{"href":"https:\/\/vikingforce.se\/sv\/wp-json\/wp\/v2\/pages\/15937","targetHints":{"allow":["GET"]}}],"collection":[{"href":"https:\/\/vikingforce.se\/sv\/wp-json\/wp\/v2\/pages"}],"about":[{"href":"https:\/\/vikingforce.se\/sv\/wp-json\/wp\/v2\/types\/page"}],"author":[{"embeddable":true,"href":"https:\/\/vikingforce.se\/sv\/wp-json\/wp\/v2\/users\/1"}],"replies":[{"embeddable":true,"href":"https:\/\/vikingforce.se\/sv\/wp-json\/wp\/v2\/comments?post=15937"}],"version-history":[{"count":13,"href":"https:\/\/vikingforce.se\/sv\/wp-json\/wp\/v2\/pages\/15937\/revisions"}],"predecessor-version":[{"id":23627,"href":"https:\/\/vikingforce.se\/sv\/wp-json\/wp\/v2\/pages\/15937\/revisions\/23627"}],"up":[{"embeddable":true,"href":"https:\/\/vikingforce.se\/sv\/wp-json\/wp\/v2\/pages\/12506"}],"wp:attachment":[{"href":"https:\/\/vikingforce.se\/sv\/wp-json\/wp\/v2\/media?parent=15937"}],"curies":[{"name":"wp","href":"https:\/\/api.w.org\/{rel}","templated":true}]}}