{"id":15924,"date":"2019-05-13T12:24:49","date_gmt":"2019-05-13T12:24:49","guid":{"rendered":"http:\/\/vikingforce.se\/magnesium\/"},"modified":"2025-05-16T15:47:28","modified_gmt":"2025-05-16T15:47:28","slug":"mag","status":"publish","type":"page","link":"https:\/\/vikingforce.se\/sv\/vitamins\/mag\/","title":{"rendered":"MAGNESIUM"},"content":{"rendered":"<p><div class=\"fusion-fullwidth fullwidth-box fusion-builder-row-1 nonhundred-percent-fullwidth non-hundred-percent-height-scrolling\" style=\"--awb-background-position:left top;--awb-border-radius-top-left:0px;--awb-border-radius-top-right:0px;--awb-border-radius-bottom-right:0px;--awb-border-radius-bottom-left:0px;--awb-padding-top:20px;--awb-padding-bottom:20px;--awb-border-sizes-top:0px;--awb-border-sizes-bottom:0px;--awb-flex-wrap:wrap;\" ><div class=\"fusion-builder-row fusion-row\"><div class=\"fusion-layout-column fusion_builder_column fusion-builder-column-0 fusion_builder_column_1_2 1_2 fusion-one-half fusion-column-first\" style=\"--awb-bg-size:cover;width:48%; margin-right: 4%;\"><div class=\"fusion-column-wrapper fusion-flex-column-wrapper-legacy\"><div class=\"fusion-sep-clear\"><\/div><div class=\"fusion-separator fusion-full-width-sep\" style=\"margin-left: auto;margin-right: auto;width:100%;\"><\/div><div class=\"fusion-sep-clear\"><\/div><div class=\"fusion-text fusion-text-1\"><p><img decoding=\"async\" class=\"wp-image-15782 aligncenter\" src=\"https:\/\/vikingforce.se\/wp-content\/uploads\/2019\/05\/Pro-Magnesium-Flacon.jpg\" alt=\"\" width=\"663\" height=\"663\" srcset=\"https:\/\/vikingforce.se\/wp-content\/uploads\/2019\/05\/Pro-Magnesium-Flacon-66x66.jpg 66w, https:\/\/vikingforce.se\/wp-content\/uploads\/2019\/05\/Pro-Magnesium-Flacon-150x150.jpg 150w, https:\/\/vikingforce.se\/wp-content\/uploads\/2019\/05\/Pro-Magnesium-Flacon-200x200.jpg 200w, https:\/\/vikingforce.se\/wp-content\/uploads\/2019\/05\/Pro-Magnesium-Flacon-300x300.jpg 300w, https:\/\/vikingforce.se\/wp-content\/uploads\/2019\/05\/Pro-Magnesium-Flacon-400x400.jpg 400w, https:\/\/vikingforce.se\/wp-content\/uploads\/2019\/05\/Pro-Magnesium-Flacon-600x600.jpg 600w, https:\/\/vikingforce.se\/wp-content\/uploads\/2019\/05\/Pro-Magnesium-Flacon-768x768.jpg 768w, https:\/\/vikingforce.se\/wp-content\/uploads\/2019\/05\/Pro-Magnesium-Flacon-800x800.jpg 800w, https:\/\/vikingforce.se\/wp-content\/uploads\/2019\/05\/Pro-Magnesium-Flacon-1024x1024.jpg 1024w, https:\/\/vikingforce.se\/wp-content\/uploads\/2019\/05\/Pro-Magnesium-Flacon-1200x1200.jpg 1200w, https:\/\/vikingforce.se\/wp-content\/uploads\/2019\/05\/Pro-Magnesium-Flacon.jpg 2362w\" sizes=\"(max-width: 663px) 100vw, 663px\" \/><\/p>\n<\/div><div class=\"fusion-clearfix\"><\/div><\/div><\/div><div class=\"fusion-layout-column fusion_builder_column fusion-builder-column-1 fusion_builder_column_1_2 1_2 fusion-one-half fusion-column-last\" style=\"--awb-bg-size:cover;width:48%;\"><div class=\"fusion-column-wrapper fusion-flex-column-wrapper-legacy\"><div class=\"fusion-sep-clear\"><\/div><div class=\"fusion-separator fusion-full-width-sep\" style=\"margin-left: auto;margin-right: auto;margin-top:30px;width:100%;\"><\/div><div class=\"fusion-sep-clear\"><\/div><div class=\"fusion-title title fusion-title-1 fusion-sep-none fusion-title-text fusion-title-size-one title-wg\" style=\"--awb-margin-bottom:5px;\"><h1 class=\"fusion-title-heading title-heading-left\" style=\"margin:0;\"><p style=\"text-align: center;\">VIKING MAGNESIUM<\/p><\/h1><\/div><div class=\"fusion-text fusion-text-2\"><p style=\"text-align: center;\">(Kosttillskott)<\/p>\n<\/div><div class=\"fusion-text fusion-text-3\"><p class=\"subtitle-wg\" style=\"text-align: center;\">Nettovikt: 200ml<\/p>\n<\/div><div class=\"fusion-clearfix\"><\/div><\/div><\/div><\/div><\/div><div class=\"fusion-fullwidth fullwidth-box fusion-builder-row-2 nonhundred-percent-fullwidth non-hundred-percent-height-scrolling\" style=\"--awb-background-position:left top;--awb-border-radius-top-left:0px;--awb-border-radius-top-right:0px;--awb-border-radius-bottom-right:0px;--awb-border-radius-bottom-left:0px;--awb-padding-top:20px;--awb-padding-bottom:20px;--awb-border-sizes-top:0px;--awb-border-sizes-bottom:0px;--awb-flex-wrap:wrap;\" ><div class=\"fusion-builder-row fusion-row\"><div class=\"fusion-layout-column fusion_builder_column fusion-builder-column-2 fusion_builder_column_1_1 1_1 fusion-one-full fusion-column-first fusion-column-last\" style=\"--awb-bg-size:cover;\"><div class=\"fusion-column-wrapper fusion-flex-column-wrapper-legacy\"><div class=\"fusion-text fusion-text-4\"><p class=\"subtitle-vit\">VIKING MAGNESIUM OLJA<\/p>\n<p>Anv\u00e4nder endast \u00e4kta Zechstein\u2122 magnesiumklorid, den renaste och mest naturliga k\u00e4llan till magnesiumklorid i v\u00e4rlden, utvunnen i bevarat tillst\u00e5nd fr\u00e5n botten av Zechstein-havet. Inga tillsatta ingredienser f\u00f6rekommer, f\u00f6rutom de som naturligt finns i de underjordiska avlagringarna fr\u00e5n denna rena k\u00e4lla.<\/p>\n<\/div><div class=\"fusion-clearfix\"><\/div><\/div><\/div><\/div><\/div><div class=\"fusion-fullwidth fullwidth-box fusion-builder-row-3 hundred-percent-fullwidth non-hundred-percent-height-scrolling\" style=\"--awb-border-radius-top-left:0px;--awb-border-radius-top-right:0px;--awb-border-radius-bottom-right:0px;--awb-border-radius-bottom-left:0px;--awb-overflow:visible;--awb-flex-wrap:wrap;\" ><div class=\"fusion-builder-row fusion-row\"><div class=\"fusion-layout-column fusion_builder_column fusion-builder-column-3 fusion_builder_column_1_2 1_2 fusion-one-half fusion-column-first\" style=\"--awb-bg-size:cover;width:48%; margin-right: 4%;\"><div class=\"fusion-column-wrapper fusion-flex-column-wrapper-legacy\"><div class=\"fusion-text fusion-text-5\"><p class=\"subtitle-vit\">Bruksanvisning:<\/p>\n<p>\u2022 Spraya direkt p\u00e5 huden (armar, ben, rygg, mage eller sm\u00e4rtomr\u00e5de) och massera f\u00f6rsiktigt tills det absorberats helt;<\/p>\n<p>\u2022 F\u00f6r maximal effekt rekommenderas att anv\u00e4nda produkten direkt efter dusch eller bad, eftersom porerna \u00e4r \u00f6ppna och detta bidrar till b\u00e4ttre upptag av magnesium;<\/p>\n<p>\u2022 Applicera upp till 20 sprayningar per dag (motsvarande 260 mg rent magnesium).<\/p>\n<\/div><div class=\"fusion-text fusion-text-6\"><p class=\"subtitle-vit\">F\u00f6rvaringsanvisningar:<\/p>\n<p>F\u00f6rvara produkten torrt i rumstemperatur, utom r\u00e4ckh\u00e5ll f\u00f6r sm\u00e5 barn. Anv\u00e4nds f\u00f6re utg\u00e5ngsdatumet som anges p\u00e5 f\u00f6rpackningen.<\/p>\n<\/div><div class=\"fusion-clearfix\"><\/div><\/div><\/div><div class=\"fusion-layout-column fusion_builder_column fusion-builder-column-4 fusion_builder_column_1_2 1_2 fusion-one-half fusion-column-last\" style=\"--awb-bg-size:cover;width:48%;\"><div class=\"fusion-column-wrapper fusion-flex-column-wrapper-legacy\"><div class=\"fusion-text fusion-text-7\"><p class=\"subtitle-vit\">N\u00c4RINGSFAKTA<\/p>\n<\/div><div class=\"fusion-text fusion-text-8\"><p class=\"subtitle-vit\">Ingredienser (INCI):<\/p>\n<p>Aqua, Magnesiumklorid (31%).<\/p>\n<p class=\"subtitle-vit\">F\u00f6rsiktighets\u00e5tg\u00e4rder:<\/p>\n<p>\u2022 Undvik kontakt med \u00f6gonen;<br \/>\n\u2022 Vid obehag eller om du har k\u00e4nslig hud, sp\u00e4d kompositionen med lite vatten<\/p>\n<\/div><div class=\"fusion-clearfix\"><\/div><\/div><\/div><\/div><\/div><\/p>\n","protected":false},"excerpt":{"rendered":"","protected":false},"author":1,"featured_media":0,"parent":12511,"menu_order":0,"comment_status":"closed","ping_status":"closed","template":"","meta":{"footnotes":""},"class_list":["post-15924","page","type-page","status-publish","hentry"],"_links":{"self":[{"href":"https:\/\/vikingforce.se\/sv\/wp-json\/wp\/v2\/pages\/15924","targetHints":{"allow":["GET"]}}],"collection":[{"href":"https:\/\/vikingforce.se\/sv\/wp-json\/wp\/v2\/pages"}],"about":[{"href":"https:\/\/vikingforce.se\/sv\/wp-json\/wp\/v2\/types\/page"}],"author":[{"embeddable":true,"href":"https:\/\/vikingforce.se\/sv\/wp-json\/wp\/v2\/users\/1"}],"replies":[{"embeddable":true,"href":"https:\/\/vikingforce.se\/sv\/wp-json\/wp\/v2\/comments?post=15924"}],"version-history":[{"count":8,"href":"https:\/\/vikingforce.se\/sv\/wp-json\/wp\/v2\/pages\/15924\/revisions"}],"predecessor-version":[{"id":23645,"href":"https:\/\/vikingforce.se\/sv\/wp-json\/wp\/v2\/pages\/15924\/revisions\/23645"}],"up":[{"embeddable":true,"href":"https:\/\/vikingforce.se\/sv\/wp-json\/wp\/v2\/pages\/12511"}],"wp:attachment":[{"href":"https:\/\/vikingforce.se\/sv\/wp-json\/wp\/v2\/media?parent=15924"}],"curies":[{"name":"wp","href":"https:\/\/api.w.org\/{rel}","templated":true}]}}