{"id":15884,"date":"2019-05-12T10:23:08","date_gmt":"2019-05-12T10:23:08","guid":{"rendered":"http:\/\/vikingforce.se\/bcaapowder\/"},"modified":"2025-05-16T08:53:54","modified_gmt":"2025-05-16T08:53:54","slug":"bcaapowder","status":"publish","type":"page","link":"https:\/\/vikingforce.se\/sv\/amino-acids\/bcaapowder\/","title":{"rendered":"BCAA Powder"},"content":{"rendered":"<p><div class=\"fusion-fullwidth fullwidth-box fusion-builder-row-1 nonhundred-percent-fullwidth non-hundred-percent-height-scrolling\" style=\"--awb-background-position:center top;--awb-border-color:#f6f6f6;--awb-border-radius-top-left:0px;--awb-border-radius-top-right:0px;--awb-border-radius-bottom-right:0px;--awb-border-radius-bottom-left:0px;--awb-padding-top:1px;--awb-padding-right:0px;--awb-padding-bottom:30px;--awb-padding-left:0px;--awb-background-color:#fff;--awb-border-sizes-top:1px;--awb-border-sizes-bottom:1px;--awb-flex-wrap:wrap;\" ><div class=\"fusion-builder-row fusion-row\"><div class=\"fusion-layout-column fusion_builder_column fusion-builder-column-0 fusion_builder_column_1_2 1_2 fusion-one-half fusion-column-first\" style=\"--awb-bg-size:cover;width:48%; margin-right: 4%;\"><div class=\"fusion-column-wrapper fusion-flex-column-wrapper-legacy\"><div class=\"fusion-sep-clear\"><\/div><div class=\"fusion-separator fusion-full-width-sep\" style=\"margin-left: auto;margin-right: auto;margin-top:60px;width:100%;\"><\/div><div class=\"fusion-sep-clear\"><\/div><div class=\"fusion-text fusion-text-1\"><p><img decoding=\"async\" class=\"wp-image-15751 aligncenter\" src=\"https:\/\/vikingforce.se\/wp-content\/uploads\/2019\/05\/BCAA-POWDER.jpg\" alt=\"\" width=\"831\" height=\"1247\" srcset=\"https:\/\/vikingforce.se\/wp-content\/uploads\/2019\/05\/BCAA-POWDER-200x300.jpg 200w, https:\/\/vikingforce.se\/wp-content\/uploads\/2019\/05\/BCAA-POWDER-400x600.jpg 400w, https:\/\/vikingforce.se\/wp-content\/uploads\/2019\/05\/BCAA-POWDER-600x900.jpg 600w, https:\/\/vikingforce.se\/wp-content\/uploads\/2019\/05\/BCAA-POWDER-683x1024.jpg 683w, https:\/\/vikingforce.se\/wp-content\/uploads\/2019\/05\/BCAA-POWDER-768x1152.jpg 768w, https:\/\/vikingforce.se\/wp-content\/uploads\/2019\/05\/BCAA-POWDER-800x1200.jpg 800w, https:\/\/vikingforce.se\/wp-content\/uploads\/2019\/05\/BCAA-POWDER-1200x1800.jpg 1200w, https:\/\/vikingforce.se\/wp-content\/uploads\/2019\/05\/BCAA-POWDER.jpg 3168w\" sizes=\"(max-width: 831px) 100vw, 831px\" \/><\/p>\n<\/div><div class=\"fusion-clearfix\"><\/div><\/div><\/div><div class=\"fusion-layout-column fusion_builder_column fusion-builder-column-1 fusion_builder_column_1_2 1_2 fusion-one-half fusion-column-last\" style=\"--awb-bg-size:cover;width:48%;\"><div class=\"fusion-column-wrapper fusion-flex-column-wrapper-legacy\"><div class=\"fusion-sep-clear\"><\/div><div class=\"fusion-separator fusion-full-width-sep\" style=\"margin-left: auto;margin-right: auto;margin-top:30px;width:100%;\"><\/div><div class=\"fusion-sep-clear\"><\/div><div class=\"fusion-title title fusion-title-1 fusion-sep-none fusion-title-text fusion-title-size-one title-wg\" style=\"--awb-margin-bottom:5px;\"><h1 class=\"fusion-title-heading title-heading-left\" style=\"margin:0;\"><p style=\"text-align: center;\">VIKING BCAA POWDER<\/p><\/h1><\/div><div class=\"fusion-text fusion-text-2\"><p style=\"text-align: center;\">(Kosttillskott)<\/p>\n<\/div><div class=\"fusion-text fusion-text-3\"><p class=\"subtitle-wg\" style=\"text-align: center;\">Nettovikt:<strong>\u00a0<\/strong>300 g<\/p>\n<\/div><div class=\"fusion-clearfix\"><\/div><\/div><\/div><\/div><\/div><div class=\"fusion-fullwidth fullwidth-box fusion-builder-row-2 nonhundred-percent-fullwidth non-hundred-percent-height-scrolling\" style=\"--awb-border-color:#f6f6f6;--awb-border-radius-top-left:0px;--awb-border-radius-top-right:0px;--awb-border-radius-bottom-right:0px;--awb-border-radius-bottom-left:0px;--awb-padding-top:10px;--awb-padding-right:0px;--awb-padding-bottom:0px;--awb-padding-left:0px;--awb-background-color:#fff;--awb-border-sizes-top:0px;--awb-border-sizes-bottom:0px;--awb-flex-wrap:wrap;\" ><div class=\"fusion-builder-row fusion-row\"><div class=\"fusion-layout-column fusion_builder_column fusion-builder-column-2 fusion_builder_column_1_1 1_1 fusion-one-full fusion-column-first fusion-column-last\" style=\"--awb-bg-size:cover;\"><div class=\"fusion-column-wrapper fusion-flex-column-wrapper-legacy\"><div class=\"fusion-text fusion-text-4\"><p class=\"subtitle-aa\">Viking BCAA POWDER<\/p>\n<p class=\"subtitle-aa\">Smaker :<\/p>\n<p>p\u00e4ron, vildb\u00e4r, gurka-lime, persika-is-te, vattenmelon, cola, kiwi (kiwi\/p\u00e4ron), pin\u00e3colada<\/p>\n<\/div><div class=\"fusion-clearfix\"><\/div><\/div><\/div><div class=\"fusion-layout-column fusion_builder_column fusion-builder-column-3 fusion_builder_column_1_2 1_2 fusion-one-half fusion-column-first\" style=\"--awb-bg-size:cover;width:48%; margin-right: 4%;\"><div class=\"fusion-column-wrapper fusion-flex-column-wrapper-legacy\"><div class=\"fusion-text fusion-text-5\"><p class=\"subtitle-aa\">Anv\u00e4ndningsanvisning:<\/p>\n<p>Blanda en portion (2 skopor = 12 g) med 3-5 dl kallt vatten, ta 2 portioner mellan m\u00e5ltiderna, f\u00f6re, under eller efter ditt tr\u00e4ningspass eller n\u00e4r du vill.<\/p>\n<p class=\"subtitle-aa\">Ingredienser:<\/p>\n<p>Aminosyror med grenar: L-leucin, L-isoleucin, L-valin i f\u00f6rh\u00e5llandet 2:1:1, maltodextrin, inulin, surhetsmedel (citronsyra), smak\u00e4mnen, s\u00f6tningsmedel (acesulfamkalium, sukralos), f\u00e4rg\u00e4mnen (kopparklorofylin &#8211; f\u00f6r smaker av p\u00e4ron, gurka-lime och kiwi, karmin f\u00f6r vildb\u00e4r, persika &#8211; iste och vattenmelon smaker, riboflavin f\u00f6r persika &#8211; iste smaker, kola f\u00f6r cola smak).<\/p>\n<p class=\"subtitle-aa\">Allergiinformation:<\/p>\n<p>Kan inneh\u00e5lla sp\u00e5r av mj\u00f6lk, soja, \u00e4gg och vete (gluten).<\/p>\n<p class=\"subtitle-aa\">Viktig information:<\/p>\n<p>Denna produkt \u00e4r ett kosttillskott. Anv\u00e4nd denna produkt tillsammans med mat som en del av en h\u00e4lsosam, balanserad kost, inte som en ers\u00e4ttning f\u00f6r s\u00e5dan. F\u00f6rvara utom r\u00e4ckh\u00e5ll f\u00f6r barn. Ej avsedd f\u00f6r anv\u00e4ndning av gravida eller ammande kvinnor! \u00d6verskrid inte den rekommenderade dagliga dosen.<\/p>\n<p>F\u00f6rvara p\u00e5 en kall och torr plats. Uts\u00e4tt inte f\u00f6r stark v\u00e4rme, fukt eller solljus. Anv\u00e4nds f\u00f6re det utg\u00e5ngsdatum som \u00e4r skrivet p\u00e5 f\u00f6rpackningen<\/p>\n<\/div><div class=\"fusion-clearfix\"><\/div><\/div><\/div><div class=\"fusion-layout-column fusion_builder_column fusion-builder-column-4 fusion_builder_column_3_4 3_4 fusion-three-fourth fusion-column-last\" style=\"--awb-bg-size:cover;\"><div class=\"fusion-column-wrapper fusion-flex-column-wrapper-legacy\"><div class=\"fusion-text fusion-text-6\"><p class=\"subtitle-aa\">N\u00c4RINGSINNEH\u00c5LL<\/p>\n<\/div><div class=\"fusion-text fusion-text-7\"><div class=\"table-1\">\n<table class=\"tb\" width=\"100%\">\n<tbody>\n<tr class=\"table-row_border\">\n<td colspan=\"3\"><strong>N\u00e4ringsinneh\u00e5ll per:<\/strong><\/td>\n<td colspan=\"2\"><strong>1 portion (12 g)<\/strong><\/td>\n<td colspan=\"2\"><strong>100 g<\/strong><\/td>\n<\/tr>\n<tr>\n<td colspan=\"3\">Energi<\/td>\n<td colspan=\"2\">135,5 kJ \/ 32 kcal<\/td>\n<td colspan=\"2\">1355 kJ \/ 320 kcal<\/td>\n<\/tr>\n<tr>\n<td colspan=\"3\">Proteiner (som fria aminosyror)<\/td>\n<td colspan=\"2\">5 g<\/td>\n<td colspan=\"2\">41,7 g<\/td>\n<\/tr>\n<tr>\n<td colspan=\"3\">Kolhydrater<\/td>\n<td colspan=\"2\">3,3 g<\/td>\n<td colspan=\"2\">33,3 g<\/td>\n<\/tr>\n<tr>\n<td colspan=\"3\">varav sockerarter<\/td>\n<td colspan=\"2\">0,3 g<\/td>\n<td colspan=\"2\">2,5 g<\/td>\n<\/tr>\n<tr>\n<td colspan=\"3\">Fett<\/td>\n<td colspan=\"2\">0 g<\/td>\n<td colspan=\"2\">0 g<\/td>\n<\/tr>\n<tr>\n<td colspan=\"3\">varav m\u00e4ttad<\/td>\n<td colspan=\"2\">0 g<\/td>\n<td colspan=\"2\">0 g<\/td>\n<\/tr>\n<tr>\n<td colspan=\"3\">Kostfiber<\/td>\n<td colspan=\"2\">1,2 g<\/td>\n<td colspan=\"2\">10 g<\/td>\n<\/tr>\n<tr>\n<td colspan=\"3\">Natrium<\/td>\n<td colspan=\"2\">0 g<\/td>\n<td colspan=\"2\">0 g<\/td>\n<\/tr>\n<tr>\n<td colspan=\"3\">BCAA 2:1:1<\/td>\n<td colspan=\"2\">5000 mg<\/td>\n<td colspan=\"2\">41,7 g<\/td>\n<\/tr>\n<tr>\n<td colspan=\"3\">L-Leucin<\/td>\n<td colspan=\"2\">4286 mg<\/td>\n<td colspan=\"2\">35,7 g<\/td>\n<\/tr>\n<tr>\n<td colspan=\"3\">L-Valine<\/td>\n<td colspan=\"2\">357 mg<\/td>\n<td colspan=\"2\">3 g<\/td>\n<\/tr>\n<tr>\n<td colspan=\"3\">L-Isoleucin<\/td>\n<td colspan=\"2\">357 mg<\/td>\n<td colspan=\"2\">3 g<\/td>\n<\/tr>\n<\/tbody>\n<\/table>\n<\/div>\n<\/div><div class=\"fusion-clearfix\"><\/div><\/div><\/div><\/div><\/div><\/p>\n","protected":false},"excerpt":{"rendered":"","protected":false},"author":1,"featured_media":0,"parent":12370,"menu_order":0,"comment_status":"closed","ping_status":"closed","template":"","meta":{"footnotes":""},"class_list":["post-15884","page","type-page","status-publish","hentry"],"_links":{"self":[{"href":"https:\/\/vikingforce.se\/sv\/wp-json\/wp\/v2\/pages\/15884","targetHints":{"allow":["GET"]}}],"collection":[{"href":"https:\/\/vikingforce.se\/sv\/wp-json\/wp\/v2\/pages"}],"about":[{"href":"https:\/\/vikingforce.se\/sv\/wp-json\/wp\/v2\/types\/page"}],"author":[{"embeddable":true,"href":"https:\/\/vikingforce.se\/sv\/wp-json\/wp\/v2\/users\/1"}],"replies":[{"embeddable":true,"href":"https:\/\/vikingforce.se\/sv\/wp-json\/wp\/v2\/comments?post=15884"}],"version-history":[{"count":13,"href":"https:\/\/vikingforce.se\/sv\/wp-json\/wp\/v2\/pages\/15884\/revisions"}],"predecessor-version":[{"id":23523,"href":"https:\/\/vikingforce.se\/sv\/wp-json\/wp\/v2\/pages\/15884\/revisions\/23523"}],"up":[{"embeddable":true,"href":"https:\/\/vikingforce.se\/sv\/wp-json\/wp\/v2\/pages\/12370"}],"wp:attachment":[{"href":"https:\/\/vikingforce.se\/sv\/wp-json\/wp\/v2\/media?parent=15884"}],"curies":[{"name":"wp","href":"https:\/\/api.w.org\/{rel}","templated":true}]}}