{"id":15881,"date":"2018-08-07T11:40:02","date_gmt":"2018-08-07T11:40:02","guid":{"rendered":"http:\/\/vikingforce.se\/animal-whey1\/"},"modified":"2025-05-16T14:27:06","modified_gmt":"2025-05-16T14:27:06","slug":"animal-whey1","status":"publish","type":"page","link":"https:\/\/vikingforce.se\/sv\/proteins\/animal-whey1\/","title":{"rendered":"Animal Whey bottle"},"content":{"rendered":"<p><div class=\"fusion-fullwidth fullwidth-box fusion-builder-row-1 nonhundred-percent-fullwidth non-hundred-percent-height-scrolling\" style=\"--awb-background-position:center top;--awb-border-color:#f6f6f6;--awb-border-radius-top-left:0px;--awb-border-radius-top-right:0px;--awb-border-radius-bottom-right:0px;--awb-border-radius-bottom-left:0px;--awb-padding-top:1px;--awb-padding-right:0px;--awb-padding-bottom:30px;--awb-padding-left:0px;--awb-background-color:#fff;--awb-border-sizes-top:1px;--awb-border-sizes-bottom:1px;--awb-flex-wrap:wrap;\" ><div class=\"fusion-builder-row fusion-row\"><div class=\"fusion-layout-column fusion_builder_column fusion-builder-column-0 fusion_builder_column_1_2 1_2 fusion-one-half fusion-column-first\" style=\"--awb-bg-size:cover;width:48%; margin-right: 4%;\"><div class=\"fusion-column-wrapper fusion-flex-column-wrapper-legacy\"><div class=\"fusion-sep-clear\"><\/div><div class=\"fusion-separator fusion-full-width-sep\" style=\"margin-left: auto;margin-right: auto;margin-top:60px;width:100%;\"><\/div><div class=\"fusion-sep-clear\"><\/div><div class=\"fusion-text fusion-text-1\"><p><img decoding=\"async\" class=\"alignnone wp-image-15596\" src=\"https:\/\/vikingforce.se\/wp-content\/uploads\/2018\/08\/viking_ANIMAL-WHEY-bottlecopy.png\" alt=\"\" width=\"890\" height=\"1264\" srcset=\"https:\/\/vikingforce.se\/wp-content\/uploads\/2018\/08\/viking_ANIMAL-WHEY-bottlecopy-200x284.png 200w, https:\/\/vikingforce.se\/wp-content\/uploads\/2018\/08\/viking_ANIMAL-WHEY-bottlecopy-211x300.png 211w, https:\/\/vikingforce.se\/wp-content\/uploads\/2018\/08\/viking_ANIMAL-WHEY-bottlecopy-400x568.png 400w, https:\/\/vikingforce.se\/wp-content\/uploads\/2018\/08\/viking_ANIMAL-WHEY-bottlecopy-600x852.png 600w, https:\/\/vikingforce.se\/wp-content\/uploads\/2018\/08\/viking_ANIMAL-WHEY-bottlecopy-721x1024.png 721w, https:\/\/vikingforce.se\/wp-content\/uploads\/2018\/08\/viking_ANIMAL-WHEY-bottlecopy-768x1091.png 768w, https:\/\/vikingforce.se\/wp-content\/uploads\/2018\/08\/viking_ANIMAL-WHEY-bottlecopy-800x1136.png 800w, https:\/\/vikingforce.se\/wp-content\/uploads\/2018\/08\/viking_ANIMAL-WHEY-bottlecopy-1200x1704.png 1200w, https:\/\/vikingforce.se\/wp-content\/uploads\/2018\/08\/viking_ANIMAL-WHEY-bottlecopy.png 1655w\" sizes=\"(max-width: 890px) 100vw, 890px\" \/><\/p>\n<\/div><div class=\"fusion-clearfix\"><\/div><\/div><\/div><div class=\"fusion-layout-column fusion_builder_column fusion-builder-column-1 fusion_builder_column_1_2 1_2 fusion-one-half fusion-column-last\" style=\"--awb-bg-size:cover;width:48%;\"><div class=\"fusion-column-wrapper fusion-flex-column-wrapper-legacy\"><div class=\"fusion-title title fusion-title-1 fusion-sep-none fusion-title-text fusion-title-size-one title-wg\" style=\"--awb-margin-bottom:5px;\"><h1 class=\"fusion-title-heading title-heading-left\" style=\"margin:0;\"><p style=\"text-align: center;\">VIKING ANIMAL WHEY<\/p><\/h1><\/div><div class=\"fusion-text fusion-text-2\"><p style=\"text-align: center;\">(Kosttillskott)<\/p>\n<\/div><div class=\"fusion-text fusion-text-3\"><h2 style=\"text-align: center;\"><strong>Nettovikt: 2,2 lbs<\/strong><\/h2>\n<p style=\"text-align: center;\"><strong style=\"color: rgb(0, 0, 0);\">Portioner \/Beh\u00e5llare: 33<\/strong><\/p>\n<\/div><div class=\"fusion-sep-clear\"><\/div><div class=\"fusion-separator fusion-full-width-sep\" style=\"margin-left: auto;margin-right: auto;margin-top:10px;width:100%;\"><\/div><div class=\"fusion-sep-clear\"><\/div><div class=\"fusion-clearfix\"><\/div><\/div><\/div><\/div><\/div><div class=\"fusion-fullwidth fullwidth-box fusion-builder-row-2 nonhundred-percent-fullwidth non-hundred-percent-height-scrolling\" style=\"--awb-border-color:#f6f6f6;--awb-border-radius-top-left:0px;--awb-border-radius-top-right:0px;--awb-border-radius-bottom-right:0px;--awb-border-radius-bottom-left:0px;--awb-padding-top:0px;--awb-padding-right:0px;--awb-padding-bottom:0px;--awb-padding-left:0px;--awb-background-color:#fff;--awb-border-sizes-top:0px;--awb-border-sizes-bottom:0px;--awb-flex-wrap:wrap;\" ><div class=\"fusion-builder-row fusion-row\"><div class=\"fusion-layout-column fusion_builder_column fusion-builder-column-2 fusion_builder_column_2_3 2_3 fusion-two-third fusion-column-first\" style=\"--awb-bg-size:cover;width:65.3333%; margin-right: 4%;\"><div class=\"fusion-column-wrapper fusion-flex-column-wrapper-legacy\"><div class=\"fusion-text fusion-text-4\"><p class=\"subtitle-spe\">Smaker : <span style=\"font-weight: normal; color: #747474;\">Choklad, Kokos, Kaffe, Ananas, Jordgubb<\/span><\/p>\n<p class=\"subtitle-spe\">Bruksanvisning:<\/p>\n<p>Blanda en portion (1 skopa, 30 g) med 2 dl vatten eller mj\u00f6lk och skaka i 30 sekunder. Flera drycker kan tas vid behov som ett mellanm\u00e5l f\u00f6re tr\u00e4ning, efter tr\u00e4ning eller som ett proteintillskott till m\u00e5ltider.<\/p>\n<p class=\"subtitle-spe\">Ingredienser:<\/p>\n<p><strong>V<u>assle<\/u><\/strong>proteinkoncentrat, fettreducerat kakaopulver (inneh\u00e5ller emulgeringsmedel: <strong>soja<\/strong>lecitin) \u2013 f\u00f6r chokladsmak, vitaminer och mineraler (natriumcitrat, natriumklorid, kaliumklorid, kalciumcitrat, askorbinsyra \u2013 vitamin C, magnesiumkarbonat, nikotinamid \u2013 vitamin B3, kalcium D-pantotenat \u2013 vitamin B5, pyridoxinhydroklorid \u2013 vitamin B6, tiaminmononitrat \u2013 vitamin B1, cyanokobalamin \u2013 vitamin B12, pteroylmonoglutaminsyra \u2013 vitamin B9), aromer, f\u00f6rtjockningsmedel (xantangummi), s\u00f6tningsmedel (sukralos, acesulfam K), f\u00e4rg\u00e4mnen (karmin \u2013 f\u00f6r jordgubbssmak).<\/p>\n<p class=\"subtitle-spe\">Allergiinformation:<\/p>\n<p>Inneh\u00e5ller mj\u00f6lk- och sojalecitinkomponenter. Kan inneh\u00e5lla sp\u00e5r av \u00e4gg och vete (gluten).<\/p>\n<p class=\"subtitle-spe\">Viktig information:<\/p>\n<p>Denna produkt \u00e4r ett kosttillskott. Anv\u00e4nd denna produkt tillsammans med mat som en del av en h\u00e4lsosam, balanserad kost och inte som ers\u00e4ttning f\u00f6r s\u00e5dan. F\u00f6rvaras utom r\u00e4ckh\u00e5ll f\u00f6r barn. Produkten \u00e4r inte avsedd f\u00f6r barn samt gravida eller ammande kvinnor! \u00d6verskrid inte den rekommenderade dagliga dosen.<\/p>\n<p>F\u00f6rvaras p\u00e5 en sval, torr plats. Uts\u00e4tt inte f\u00f6r \u00f6verdriven v\u00e4rme, fukt eller solljus. Anv\u00e4nd f\u00f6re utg\u00e5ngsdatumet som st\u00e5r p\u00e5 f\u00f6rpackningen.<\/p>\n<\/div><div class=\"fusion-clearfix\"><\/div><\/div><\/div><\/div><\/div><div class=\"fusion-fullwidth fullwidth-box fusion-builder-row-3 nonhundred-percent-fullwidth non-hundred-percent-height-scrolling\" style=\"--awb-border-color:#f6f6f6;--awb-border-radius-top-left:0px;--awb-border-radius-top-right:0px;--awb-border-radius-bottom-right:0px;--awb-border-radius-bottom-left:0px;--awb-padding-top:10px;--awb-padding-right:0px;--awb-padding-bottom:0px;--awb-padding-left:0px;--awb-background-color:#fff;--awb-border-sizes-top:0px;--awb-border-sizes-bottom:0px;--awb-flex-wrap:wrap;\" ><div class=\"fusion-builder-row fusion-row\"><div class=\"fusion-layout-column fusion_builder_column fusion-builder-column-3 fusion_builder_column_1_1 1_1 fusion-one-full fusion-column-first fusion-column-last\" style=\"--awb-bg-size:cover;\"><div class=\"fusion-column-wrapper fusion-flex-column-wrapper-legacy\"><div class=\"fusion-text fusion-text-5\"><p style=\"text-align: left;\"><span style=\"color: rgb(99, 187, 198);\"><b>N\u00e4ringsfakta<\/b><\/span><\/p>\n<\/div><div class=\"fusion-clearfix\"><\/div><\/div><\/div><div class=\"fusion-layout-column fusion_builder_column fusion-builder-column-4 fusion_builder_column_1_2 1_2 fusion-one-half fusion-column-first\" style=\"--awb-bg-size:cover;width:50%;width:calc(50% - ( ( 4% ) * 0.5 ) );margin-right: 4%;\"><div class=\"fusion-column-wrapper fusion-column-has-shadow fusion-flex-column-wrapper-legacy\"><div class=\"fusion-text fusion-text-6\"><div class=\"table-1\">\n<table class=\"tb\" style=\"height: 744px;\" width=\"477\">\n<tbody>\n<tr class=\"table-row_border\">\n<td colspan=\"3\"><strong>**N\u00e4ringsinneh\u00e5ll per:<\/strong><\/td>\n<td colspan=\"2\"><b>30 g<\/b><\/td>\n<td colspan=\"2\"><b>100 g<\/b><\/td>\n<\/tr>\n<tr>\n<td colspan=\"3\">Energiv\u00e4rde<\/td>\n<td colspan=\"2\">490.6 kJ \/<\/p>\n<p><span style=\"font-family: inherit; font-size: inherit;\">116 kcal<\/span><\/p>\n<\/td>\n<td colspan=\"2\">1635.3 kJ \/<\/p>\n<p>386.8 kcal<\/p>\n<\/td>\n<\/tr>\n<tr>\n<td colspan=\"3\">Proteiner<\/td>\n<td colspan=\"2\">23.8 g<\/td>\n<td colspan=\"2\">79.4 g<\/td>\n<\/tr>\n<tr>\n<td colspan=\"3\">Kolhydrater<\/td>\n<td colspan=\"2\">1.6 g<\/td>\n<td colspan=\"2\">5.3 g<\/td>\n<\/tr>\n<tr>\n<td colspan=\"3\">varav Sockerarter<\/td>\n<td colspan=\"2\">1.6 g<\/td>\n<td colspan=\"2\">5.3 g<\/td>\n<\/tr>\n<tr>\n<td colspan=\"3\">Fett<\/td>\n<td colspan=\"2\">1.7 g<\/td>\n<td colspan=\"2\">5.8 g<\/td>\n<\/tr>\n<tr>\n<td colspan=\"3\">varav m\u00e4ttat fett<\/td>\n<td colspan=\"2\">1.2 g<\/td>\n<td colspan=\"2\">4.1 g<\/td>\n<\/tr>\n<tr>\n<td colspan=\"3\">Kostfiber<\/td>\n<td colspan=\"2\">0.06 g<\/td>\n<td colspan=\"2\">0.2 g<\/td>\n<\/tr>\n<tr>\n<td colspan=\"3\">Natrium<\/td>\n<td colspan=\"2\">0.12 g<\/td>\n<td colspan=\"2\">0.4 g<\/td>\n<\/tr>\n<tr>\n<td colspan=\"3\">Kalcium<\/td>\n<td colspan=\"2\">146 mg (18.6% *)<\/td>\n<td colspan=\"2\">495 mg (62 % *)<\/td>\n<\/tr>\n<tr>\n<td colspan=\"3\">Fosfor<\/td>\n<td colspan=\"2\">104 mg (14.9 % *)<\/td>\n<td colspan=\"2\">346 mg (49.5 % *)<\/td>\n<\/tr>\n<tr>\n<td colspan=\"3\">Magnesium<\/td>\n<td colspan=\"2\">87 mg (23.2 % *)<\/td>\n<td colspan=\"2\">290 mg (77.4 % *)<\/td>\n<\/tr>\n<tr>\n<td colspan=\"3\">Vitamin C<\/td>\n<td colspan=\"2\">40 mg (50 %*)<\/td>\n<td colspan=\"2\">132 mg (165 %*)<\/td>\n<\/tr>\n<tr>\n<td colspan=\"3\">Vitamin B3<\/td>\n<td colspan=\"2\">8 mg (50 %*)<\/td>\n<td colspan=\"2\">26.4 mg (165 %*)<\/td>\n<\/tr>\n<tr>\n<td colspan=\"3\">Vitamin B5<\/td>\n<td colspan=\"2\">3 mg (50 %*)<\/td>\n<td colspan=\"2\">9.9 mg (165 %*)<\/td>\n<\/tr>\n<tr>\n<td colspan=\"3\">Vitamin B6<\/td>\n<td colspan=\"2\">1 mg (70.4 %*)<\/td>\n<td colspan=\"2\">3.3 mg (234.8 %*)<\/td>\n<\/tr>\n<tr>\n<td colspan=\"3\">Vitamin B1<\/td>\n<td colspan=\"2\">0.7 mg (63 %*)<\/td>\n<td colspan=\"2\">2.3 mg (210 %*)<\/td>\n<\/tr>\n<tr>\n<td colspan=\"3\">Vitamin B9<\/td>\n<td colspan=\"2\">94 \u00b5g (47 %*)<\/td>\n<td colspan=\"2\">313 \u00b5g (156.8 %*)<\/td>\n<\/tr>\n<tr>\n<td colspan=\"3\">Vitamin B12<\/td>\n<td colspan=\"2\">0.5 \u00b5g (20.4 %*)<\/td>\n<td colspan=\"2\">1.7 \u00b5g (68 %*)<\/td>\n<\/tr>\n<\/tbody>\n<\/table>\n<\/div>\n<\/div><div class=\"fusion-clearfix\"><\/div><\/div><\/div><div class=\"fusion-layout-column fusion_builder_column fusion-builder-column-5 fusion_builder_column_1_2 1_2 fusion-one-half fusion-column-last\" style=\"--awb-bg-size:cover;width:50%;width:calc(50% - ( ( 4% ) * 0.5 ) );\"><div class=\"fusion-column-wrapper fusion-column-has-shadow fusion-flex-column-wrapper-legacy\"><div class=\"fusion-text fusion-text-7\"><div class=\"table-1\">\n<table class=\"tb\" style=\"height: 589px;\" width=\"451\">\n<tbody>\n<tr>\n<td><strong>Aminosyraprofil<\/strong><\/td>\n<td><\/td>\n<td><\/td>\n<\/tr>\n<tr>\n<td>Leucin<\/td>\n<td>2537 mg<\/td>\n<td>8456 mg<\/td>\n<\/tr>\n<tr>\n<td>Isoleucin<\/td>\n<td>1619 mg<\/td>\n<td>5396 mg<\/td>\n<\/tr>\n<tr>\n<td>Valin<\/td>\n<td>1570 mg<\/td>\n<td>5234 mg<\/td>\n<\/tr>\n<tr>\n<td>Asparaginsyra<\/td>\n<td>2803 mg<\/td>\n<td>9343 mg<\/td>\n<\/tr>\n<tr>\n<td>Glutaminsyra<\/td>\n<td>3962 mg<\/td>\n<td>13207 mg<\/td>\n<\/tr>\n<tr>\n<td>Serin<\/td>\n<td>918 mg<\/td>\n<td>3060 mg<\/td>\n<\/tr>\n<tr>\n<td>Glycin<\/td>\n<td>459 mg<\/td>\n<td>1530 mg<\/td>\n<\/tr>\n<tr>\n<td>Histidin<\/td>\n<td>363 mg<\/td>\n<td>1210 mg<\/td>\n<\/tr>\n<tr>\n<td>Arginin<\/td>\n<td>653 mg<\/td>\n<td>2176 mg<\/td>\n<\/tr>\n<tr>\n<td>Treonin<\/td>\n<td>1474 mg<\/td>\n<td>4912 mg<\/td>\n<\/tr>\n<tr>\n<td>Alanin<\/td>\n<td>1160 mg<\/td>\n<td>3865 mg<\/td>\n<\/tr>\n<tr>\n<td>Prolin<\/td>\n<td>1305 mg<\/td>\n<td>4349 mg<\/td>\n<\/tr>\n<tr>\n<td>Tyrosin<\/td>\n<td>653 mg<\/td>\n<td>2176 mg<\/td>\n<\/tr>\n<tr>\n<td>Metionin<\/td>\n<td>483 mg<\/td>\n<td>1611 mg<\/td>\n<\/tr>\n<tr>\n<td>Cystin<\/td>\n<td>653 mg<\/td>\n<td>2176 mg<\/td>\n<\/tr>\n<tr>\n<td>Tryptofan<\/td>\n<td>469 mg<\/td>\n<td>1563 mg<\/td>\n<\/tr>\n<tr>\n<td>Fenylalanin<\/td>\n<td>794 mg<\/td>\n<td>2646 mg<\/td>\n<\/tr>\n<tr>\n<td>Lysin<\/td>\n<td>1957 mg<\/td>\n<td>6523 mg<\/td>\n<\/tr>\n<tr>\n<td colspan=\"3\">\n          **N\u00e4ringsinneh\u00e5ll kan variera n\u00e5got mellan olika smaker.<br \/>\n          *NRV &#8211; Referensv\u00e4rden f\u00f6r n\u00e4rings\u00e4mnen\n        <\/td>\n<\/tr>\n<\/tbody>\n<\/table>\n<\/div>\n<\/div><div class=\"fusion-clearfix\"><\/div><\/div><\/div><\/div><\/div><\/p>\n","protected":false},"excerpt":{"rendered":"","protected":false},"author":1,"featured_media":0,"parent":12490,"menu_order":0,"comment_status":"closed","ping_status":"closed","template":"","meta":{"footnotes":""},"class_list":["post-15881","page","type-page","status-publish","hentry"],"_links":{"self":[{"href":"https:\/\/vikingforce.se\/sv\/wp-json\/wp\/v2\/pages\/15881","targetHints":{"allow":["GET"]}}],"collection":[{"href":"https:\/\/vikingforce.se\/sv\/wp-json\/wp\/v2\/pages"}],"about":[{"href":"https:\/\/vikingforce.se\/sv\/wp-json\/wp\/v2\/types\/page"}],"author":[{"embeddable":true,"href":"https:\/\/vikingforce.se\/sv\/wp-json\/wp\/v2\/users\/1"}],"replies":[{"embeddable":true,"href":"https:\/\/vikingforce.se\/sv\/wp-json\/wp\/v2\/comments?post=15881"}],"version-history":[{"count":16,"href":"https:\/\/vikingforce.se\/sv\/wp-json\/wp\/v2\/pages\/15881\/revisions"}],"predecessor-version":[{"id":23580,"href":"https:\/\/vikingforce.se\/sv\/wp-json\/wp\/v2\/pages\/15881\/revisions\/23580"}],"up":[{"embeddable":true,"href":"https:\/\/vikingforce.se\/sv\/wp-json\/wp\/v2\/pages\/12490"}],"wp:attachment":[{"href":"https:\/\/vikingforce.se\/sv\/wp-json\/wp\/v2\/media?parent=15881"}],"curies":[{"name":"wp","href":"https:\/\/api.w.org\/{rel}","templated":true}]}}