{"id":15872,"date":"2018-03-27T10:34:02","date_gmt":"2018-03-27T10:34:02","guid":{"rendered":"http:\/\/vikingforce.se\/animal-whey\/"},"modified":"2025-05-16T14:30:38","modified_gmt":"2025-05-16T14:30:38","slug":"animal-whey","status":"publish","type":"page","link":"https:\/\/vikingforce.se\/sv\/proteins\/animal-whey\/","title":{"rendered":"Animal Whey"},"content":{"rendered":"<p><div class=\"fusion-fullwidth fullwidth-box fusion-builder-row-1 nonhundred-percent-fullwidth non-hundred-percent-height-scrolling\" style=\"--awb-background-position:center top;--awb-border-color:#f6f6f6;--awb-border-radius-top-left:0px;--awb-border-radius-top-right:0px;--awb-border-radius-bottom-right:0px;--awb-border-radius-bottom-left:0px;--awb-padding-top:1px;--awb-padding-right:0px;--awb-padding-bottom:30px;--awb-padding-left:0px;--awb-background-color:#fff;--awb-border-sizes-top:1px;--awb-border-sizes-bottom:1px;--awb-flex-wrap:wrap;\" ><div class=\"fusion-builder-row fusion-row\"><div class=\"fusion-layout-column fusion_builder_column fusion-builder-column-0 fusion_builder_column_1_2 1_2 fusion-one-half fusion-column-first\" style=\"--awb-bg-size:cover;width:48%; margin-right: 4%;\"><div class=\"fusion-column-wrapper fusion-flex-column-wrapper-legacy\"><div class=\"fusion-sep-clear\"><\/div><div class=\"fusion-separator fusion-full-width-sep\" style=\"margin-left: auto;margin-right: auto;margin-top:60px;width:100%;\"><\/div><div class=\"fusion-sep-clear\"><\/div><div class=\"fusion-text fusion-text-1\"><p style=\"text-align: center;\"><img decoding=\"async\" class=\"wp-image-15439 size-full alignleft\" src=\"https:\/\/vikingforce.se\/wp-content\/uploads\/2018\/03\/Viking-Animal-Whey-1-e1522742243177.jpg\" alt=\"\" width=\"3146\" height=\"3118\" srcset=\"https:\/\/vikingforce.se\/wp-content\/uploads\/2018\/03\/Viking-Animal-Whey-1-e1522742243177-66x66.jpg 66w, https:\/\/vikingforce.se\/wp-content\/uploads\/2018\/03\/Viking-Animal-Whey-1-e1522742243177-150x150.jpg 150w, https:\/\/vikingforce.se\/wp-content\/uploads\/2018\/03\/Viking-Animal-Whey-1-e1522742243177-200x198.jpg 200w, https:\/\/vikingforce.se\/wp-content\/uploads\/2018\/03\/Viking-Animal-Whey-1-e1522742243177-300x297.jpg 300w, https:\/\/vikingforce.se\/wp-content\/uploads\/2018\/03\/Viking-Animal-Whey-1-e1522742243177-400x396.jpg 400w, https:\/\/vikingforce.se\/wp-content\/uploads\/2018\/03\/Viking-Animal-Whey-1-e1522742243177-600x595.jpg 600w, https:\/\/vikingforce.se\/wp-content\/uploads\/2018\/03\/Viking-Animal-Whey-1-e1522742243177-768x761.jpg 768w, https:\/\/vikingforce.se\/wp-content\/uploads\/2018\/03\/Viking-Animal-Whey-1-e1522742243177-800x793.jpg 800w, https:\/\/vikingforce.se\/wp-content\/uploads\/2018\/03\/Viking-Animal-Whey-1-e1522742243177-1024x1015.jpg 1024w, https:\/\/vikingforce.se\/wp-content\/uploads\/2018\/03\/Viking-Animal-Whey-1-e1522742243177-1200x1189.jpg 1200w, https:\/\/vikingforce.se\/wp-content\/uploads\/2018\/03\/Viking-Animal-Whey-1-e1522742243177.jpg 3146w\" sizes=\"(max-width: 3146px) 100vw, 3146px\" \/><\/p>\n<\/div><div class=\"fusion-clearfix\"><\/div><\/div><\/div><div class=\"fusion-layout-column fusion_builder_column fusion-builder-column-1 fusion_builder_column_1_2 1_2 fusion-one-half fusion-column-last\" style=\"--awb-bg-size:cover;width:48%;\"><div class=\"fusion-column-wrapper fusion-flex-column-wrapper-legacy\"><div class=\"fusion-title title fusion-title-1 fusion-sep-none fusion-title-text fusion-title-size-one title-wg\" style=\"--awb-margin-bottom:5px;\"><h1 class=\"fusion-title-heading title-heading-left\" style=\"margin:0;\"><p style=\"text-align: center;\">VIKING ANIMAL WHEY<\/p><\/h1><\/div><div class=\"fusion-text fusion-text-2\"><p style=\"text-align: center;\">(Kosttillskott)<\/p>\n<\/div><div class=\"fusion-sep-clear\"><\/div><div class=\"fusion-separator fusion-full-width-sep\" style=\"margin-left: auto;margin-right: auto;margin-top:10px;width:100%;\"><\/div><div class=\"fusion-sep-clear\"><\/div><div class=\"fusion-text fusion-text-3\"><p class=\"subtitle-wg\" style=\"text-align: center;\">Nettovikt: 10 lbs<\/p>\n<p class=\"subtitle-wg\" style=\"text-align: center;\">Portioner\/Beh\u00e5llare: 151<\/p>\n<\/div><div class=\"fusion-clearfix\"><\/div><\/div><\/div><\/div><\/div><div class=\"fusion-fullwidth fullwidth-box fusion-builder-row-2 nonhundred-percent-fullwidth non-hundred-percent-height-scrolling\" style=\"--awb-border-color:#f6f6f6;--awb-border-radius-top-left:0px;--awb-border-radius-top-right:0px;--awb-border-radius-bottom-right:0px;--awb-border-radius-bottom-left:0px;--awb-padding-top:10px;--awb-padding-right:0px;--awb-padding-bottom:0px;--awb-padding-left:0px;--awb-background-color:#fff;--awb-border-sizes-top:0px;--awb-border-sizes-bottom:0px;--awb-flex-wrap:wrap;\" ><div class=\"fusion-builder-row fusion-row\"><div class=\"fusion-layout-column fusion_builder_column fusion-builder-column-2 fusion_builder_column_1_2 1_2 fusion-one-half fusion-column-first\" style=\"--awb-bg-size:cover;width:48%; margin-right: 4%;\"><div class=\"fusion-column-wrapper fusion-flex-column-wrapper-legacy\"><div class=\"fusion-text fusion-text-4\"><p class=\"subtitle-spe\">Smaker:<br \/>\n  <span style=\"color: rgb(116, 116, 116); font-weight: normal;\"><br \/>\n    Banan, Choklad, Kokos, Kaffe, Persika, Ananas, Cappuccino, M\u00f6rk Kaka, Jordgubb, Vanilj-Kanel, Vanilj<br \/>\n  <\/span>\n<\/p>\n<p class=\"subtitle-spe\">\n  <span style=\"font-family: var(--body_typography-font-family); font-size: var(--body_typography-font-size); font-style: var(--body_typography-font-style,normal); letter-spacing: var(--body_typography-letter-spacing);\"><br \/>\n    Anv\u00e4ndningsanvisning:<br \/>\n  <\/span>\n<\/p>\n<p>\n  Blanda en portion (1 skopa, 30g) med 2 dl vatten eller mj\u00f6lk och skaka i 30 sekunder. Flera drycker kan tas vid behov som mellanm\u00e5l, f\u00f6re tr\u00e4ning, efter tr\u00e4ning eller som ett proteintillskott till m\u00e5ltider.\n<\/p>\n<p class=\"subtitle-spe\">Ingredienser:<\/p>\n<p>\n  Instant <u><b>vassle<\/b><\/u>proteinkoncentrat (inneh\u00e5ller <b><u>soja<\/u><\/b>lecitin), fettreducerat kakaopulver (f\u00f6r chokladsmak), maltodextrin, vitaminer och mineraler (natriumcitrat, natriumklorid, kaliumklorid, kalciumcitrat, askorbinsyra \u2013 vitamin C, magnesiumcitrat, nikotinamid \u2013 vitamin B3, kalcium-D-pantotenat \u2013 vitamin B5, pyridoxinhydroklorid \u2013 vitamin B6, tiaminmononitrat \u2013 vitamin B1, cyanokobalamin \u2013 vitamin B12, pteroylmonoglutaminsyra \u2013 vitamin B9), aromer, f\u00f6rtjockningsmedel (xantangummi), kanel, artificiella s\u00f6tningsmedel (sukralos, acesulfam-K), f\u00e4rg\u00e4mnen betakaroten (f\u00f6r vanilj-kanel smak), riboflavin (f\u00f6r persika, ananas, vanilj smaker) och betakaroten (f\u00f6r vanilj-kanel smak), karmin (f\u00f6r jordgubbssmak), naturliga s\u00f6tningsmedel (steviolglykosider).\n<\/p>\n<p class=\"subtitle-spe\">\n<\/div><div class=\"fusion-clearfix\"><\/div><\/div><\/div><div class=\"fusion-layout-column fusion_builder_column fusion-builder-column-3 fusion_builder_column_1_2 1_2 fusion-one-half fusion-column-last\" style=\"--awb-bg-size:cover;width:48%;\"><div class=\"fusion-column-wrapper fusion-flex-column-wrapper-legacy\"><div class=\"fusion-text fusion-text-5\"><p class=\"subtitle-spe\">Allergiinformation:<\/p>\n<p>Inneh\u00e5ller mj\u00f6lk och sojalecitin. Kan inneh\u00e5lla sp\u00e5r av \u00e4gg och vete (gluten).<\/p>\n<p class=\"subtitle-spe\">Viktig information:<\/p>\n<p>Denna produkt \u00e4r ett kosttillskott. Anv\u00e4nd denna produkt tillsammans med mat som en del av en h\u00e4lsosam och balanserad kost, inte som ers\u00e4ttning f\u00f6r s\u00e5dan. F\u00f6rvaras o\u00e5tkomligt f\u00f6r barn. Ej avsedd f\u00f6r barn, gravida eller ammande kvinnor! \u00d6verskrid inte den rekommenderade dagliga dosen.<br \/>F\u00f6rvara p\u00e5 en sval och torr plats. Uts\u00e4tt inte f\u00f6r \u00f6verdriven v\u00e4rme, fukt eller solljus. B\u00e4st f\u00f6re utg\u00e5ngsdatum angivet p\u00e5 f\u00f6rpackningen.<\/p>\n<\/div><div class=\"fusion-clearfix\"><\/div><\/div><\/div><\/div><\/div><div class=\"fusion-fullwidth fullwidth-box fusion-builder-row-3 nonhundred-percent-fullwidth non-hundred-percent-height-scrolling\" style=\"--awb-border-color:#f6f6f6;--awb-border-radius-top-left:0px;--awb-border-radius-top-right:0px;--awb-border-radius-bottom-right:0px;--awb-border-radius-bottom-left:0px;--awb-padding-top:10px;--awb-padding-right:0px;--awb-padding-bottom:0px;--awb-padding-left:0px;--awb-background-color:#fff;--awb-border-sizes-top:0px;--awb-border-sizes-bottom:0px;--awb-flex-wrap:wrap;\" ><div class=\"fusion-builder-row fusion-row\"><div class=\"fusion-layout-column fusion_builder_column fusion-builder-column-4 fusion_builder_column_1_1 1_1 fusion-one-full fusion-column-first fusion-column-last fusion-column-no-min-height\" style=\"--awb-bg-size:cover;--awb-margin-bottom:0px;\"><div class=\"fusion-column-wrapper fusion-flex-column-wrapper-legacy\"><div class=\"fusion-text fusion-text-6\"><p class=\"subtitle-spe\">N\u00c4RINGSINNEH\u00c5LL<\/p>\n<\/div><div class=\"fusion-clearfix\"><\/div><\/div><\/div><div class=\"fusion-layout-column fusion_builder_column fusion-builder-column-5 fusion_builder_column_1_2 1_2 fusion-one-half fusion-column-first\" style=\"--awb-bg-size:cover;width:48%; margin-right: 4%;\"><div class=\"fusion-column-wrapper fusion-flex-column-wrapper-legacy\"><div class=\"fusion-text fusion-text-7\"><div class=\"table-1\">\n<table class=\"tb\" style=\"height: 744px;\" width=\"477\">\n<tbody>\n<tr class=\"table-row_border\">\n<td colspan=\"3\"><strong>**N\u00e4ringsinneh\u00e5ll per:<\/strong><\/td>\n<td colspan=\"2\"><b>30 g<\/b><\/td>\n<td colspan=\"2\"><b>100 g<\/b><\/td>\n<\/tr>\n<tr>\n<td colspan=\"3\">Energi<\/td>\n<td colspan=\"2\">520,3 kJ \/<br \/>\n124,6 kcal<\/td>\n<td colspan=\"2\">1585,5 kJ \/<br \/>\n373,5 kcal<\/td>\n<\/tr>\n<tr>\n<td colspan=\"3\">Proteiner<\/td>\n<td colspan=\"2\">23,7 g<\/td>\n<td colspan=\"2\">79 g<\/td>\n<\/tr>\n<tr>\n<td colspan=\"3\">Kolhydrater<\/td>\n<td colspan=\"2\">1,7 g<\/td>\n<td colspan=\"2\">5,6 g<\/td>\n<\/tr>\n<tr>\n<td colspan=\"3\">varav socker<\/td>\n<td colspan=\"2\">1,5 g<\/td>\n<td colspan=\"2\">5 g<\/td>\n<\/tr>\n<tr>\n<td colspan=\"3\">Fett<\/td>\n<td colspan=\"2\">2,55 g<\/td>\n<td colspan=\"2\">8,5 g<\/td>\n<\/tr>\n<tr>\n<td colspan=\"3\">varav m\u00e4ttat fett<\/td>\n<td colspan=\"2\">1,85 g<\/td>\n<td colspan=\"2\">6,2 g<\/td>\n<\/tr>\n<tr>\n<td colspan=\"3\">Kostfiber<\/td>\n<td colspan=\"2\">0,05 g<\/td>\n<td colspan=\"2\">0,2 g<\/td>\n<\/tr>\n<tr>\n<td colspan=\"3\">Natrium<\/td>\n<td colspan=\"2\">0,03 g<\/td>\n<td colspan=\"2\">0,1 g<\/td>\n<\/tr>\n<tr>\n<td colspan=\"3\">Kalcium<\/td>\n<td colspan=\"2\">150 mg (18,8 %*)<\/td>\n<td colspan=\"2\">495 mg (62 %*)<\/td>\n<\/tr>\n<tr>\n<td colspan=\"3\">Fosfor<\/td>\n<td colspan=\"2\">105 mg (15 %*)<\/td>\n<td colspan=\"2\">346,5 mg (49,5 %*)<\/td>\n<\/tr>\n<tr>\n<td colspan=\"3\">Magnesium<\/td>\n<td colspan=\"2\">88 mg (23,5 %*)<\/td>\n<td colspan=\"2\">290,4 mg (77,4 %*)<\/td>\n<\/tr>\n<tr>\n<td colspan=\"3\">Vitamin C<\/td>\n<td colspan=\"2\">40 mg (50 %*)<\/td>\n<td colspan=\"2\">132 mg (165 %*)<\/td>\n<\/tr>\n<tr>\n<td colspan=\"3\">Vitamin B3<\/td>\n<td colspan=\"2\">8 mg (50 %*)<\/td>\n<td colspan=\"2\">26,4 mg (165 %*)<\/td>\n<\/tr>\n<tr>\n<td colspan=\"3\">Vitamin B5<\/td>\n<td colspan=\"2\">3 mg (50 %*)<\/td>\n<td colspan=\"2\">9,9 mg (165 %*)<\/td>\n<\/tr>\n<tr>\n<td colspan=\"3\">Vitamin B6<\/td>\n<td colspan=\"2\">1 mg (71,2 %*)<\/td>\n<td colspan=\"2\">3,3 mg (234,8 %*)<\/td>\n<\/tr>\n<tr>\n<td colspan=\"3\">Vitamin B1<\/td>\n<td colspan=\"2\">0,7 mg (63,7 %*)<\/td>\n<td colspan=\"2\">2,31 mg (210 %*)<\/td>\n<\/tr>\n<tr>\n<td colspan=\"3\">Vitamin B9<\/td>\n<td colspan=\"2\">95 \u03bcg (47,5 %*)<\/td>\n<td colspan=\"2\">313,5 \u03bcg (156,8 %*)<\/td>\n<\/tr>\n<tr>\n<td colspan=\"3\">Vitamin B12<\/td>\n<td colspan=\"2\">0,5 \u03bcg (20 %*)<\/td>\n<td colspan=\"2\">1,65 \u03bcg (66 %*)<\/td>\n<\/tr>\n<tr>\n<td colspan=\"7\">**N\u00e4ringsinformation kan variera n\u00e5got mellan smaker<\/td>\n<\/tr>\n<tr>\n<td colspan=\"7\">*NRV &#8211; N\u00e4ringreferensv\u00e4rden<\/td>\n<\/tr>\n<\/tbody>\n<\/table>\n<\/div>\n<\/div><div class=\"fusion-clearfix\"><\/div><\/div><\/div><div class=\"fusion-layout-column fusion_builder_column fusion-builder-column-6 fusion_builder_column_1_2 1_2 fusion-one-half fusion-column-last\" style=\"--awb-bg-size:cover;width:48%;\"><div class=\"fusion-column-wrapper fusion-flex-column-wrapper-legacy\"><div class=\"fusion-text fusion-text-8\"><div class=\"table-1\">\n<table class=\"tb\" style=\"height: 589px;\" width=\"451\">\n<tbody>\n<tr>\n<td><strong>Amino Acid Profile<\/strong><\/td>\n<td><b>65 g<\/b><\/td>\n<td><b>100 g<\/b><\/td>\n<\/tr>\n<tr>\n<td>Leucine<\/td>\n<td>4942 mg<\/td>\n<td>8236 mg<\/td>\n<\/tr>\n<tr>\n<td>Isoleucine<\/td>\n<td>2659 mg<\/td>\n<td>4431 mg<\/td>\n<\/tr>\n<tr>\n<td>Valine<\/td>\n<td>2690 mg<\/td>\n<td>4484 mg<\/td>\n<\/tr>\n<tr>\n<td>Cystine<\/td>\n<td>5026 mg<\/td>\n<td>8377 mg<\/td>\n<\/tr>\n<tr>\n<td>Glutamic Acid<\/td>\n<td>8044 mg<\/td>\n<td>13407 mg<\/td>\n<\/tr>\n<tr>\n<td>Serine<\/td>\n<td>2495 mg<\/td>\n<td>4158 mg<\/td>\n<\/tr>\n<tr>\n<td>Glycine<\/td>\n<td>877 mg<\/td>\n<td>1462 mg<\/td>\n<\/tr>\n<tr>\n<td>Histidine<\/td>\n<td>851 mg<\/td>\n<td>1418 mg<\/td>\n<\/tr>\n<tr>\n<td>Arginine<\/td>\n<td>1263 mg<\/td>\n<td>2105 mg<\/td>\n<\/tr>\n<tr>\n<td>Threonine<\/td>\n<td>3404 mg<\/td>\n<td>5673 mg<\/td>\n<\/tr>\n<tr>\n<td>Alanine<\/td>\n<td>2252 mg<\/td>\n<td>3753 mg<\/td>\n<\/tr>\n<tr>\n<td>Proline<\/td>\n<td>2664 mg<\/td>\n<td>4440 mg<\/td>\n<\/tr>\n<tr>\n<td>Tyrosine<\/td>\n<td>1427 mg<\/td>\n<td>2378 mg<\/td>\n<\/tr>\n<tr>\n<td>Methionine<\/td>\n<td>851 mg<\/td>\n<td>1418 mg<\/td>\n<\/tr>\n<tr>\n<td>Cystine<\/td>\n<td>1126 mg<\/td>\n<td>1876 mg<\/td>\n<\/tr>\n<tr>\n<td>Tryptophan<\/td>\n<td>1507 mg<\/td>\n<td>2511 mg<\/td>\n<\/tr>\n<tr>\n<td>Phenylalanine<\/td>\n<td>4281 mg<\/td>\n<td>7135 mg<\/td>\n<\/tr>\n<tr>\n<td>Lysine<\/td>\n<td>655 mg<\/td>\n<td>1092 mg<\/td>\n<\/tr>\n<\/tbody>\n<\/table>\n<\/div>\n<\/div><div class=\"fusion-clearfix\"><\/div><\/div><\/div><\/div><\/div><\/p>\n","protected":false},"excerpt":{"rendered":"","protected":false},"author":1,"featured_media":0,"parent":12490,"menu_order":0,"comment_status":"closed","ping_status":"closed","template":"","meta":{"footnotes":""},"class_list":["post-15872","page","type-page","status-publish","hentry"],"_links":{"self":[{"href":"https:\/\/vikingforce.se\/sv\/wp-json\/wp\/v2\/pages\/15872","targetHints":{"allow":["GET"]}}],"collection":[{"href":"https:\/\/vikingforce.se\/sv\/wp-json\/wp\/v2\/pages"}],"about":[{"href":"https:\/\/vikingforce.se\/sv\/wp-json\/wp\/v2\/types\/page"}],"author":[{"embeddable":true,"href":"https:\/\/vikingforce.se\/sv\/wp-json\/wp\/v2\/users\/1"}],"replies":[{"embeddable":true,"href":"https:\/\/vikingforce.se\/sv\/wp-json\/wp\/v2\/comments?post=15872"}],"version-history":[{"count":17,"href":"https:\/\/vikingforce.se\/sv\/wp-json\/wp\/v2\/pages\/15872\/revisions"}],"predecessor-version":[{"id":23582,"href":"https:\/\/vikingforce.se\/sv\/wp-json\/wp\/v2\/pages\/15872\/revisions\/23582"}],"up":[{"embeddable":true,"href":"https:\/\/vikingforce.se\/sv\/wp-json\/wp\/v2\/pages\/12490"}],"wp:attachment":[{"href":"https:\/\/vikingforce.se\/sv\/wp-json\/wp\/v2\/media?parent=15872"}],"curies":[{"name":"wp","href":"https:\/\/api.w.org\/{rel}","templated":true}]}}