{"id":15869,"date":"2019-04-24T11:07:31","date_gmt":"2019-04-24T11:07:31","guid":{"rendered":"http:\/\/vikingforce.se\/animal_carnitine\/"},"modified":"2024-06-11T14:38:47","modified_gmt":"2024-06-11T14:38:47","slug":"animal_carnitine","status":"publish","type":"page","link":"https:\/\/vikingforce.se\/sv\/fat-burners\/animal_carnitine\/","title":{"rendered":"Animal Carnitine"},"content":{"rendered":"<p><div class=\"fusion-fullwidth fullwidth-box fusion-builder-row-1 nonhundred-percent-fullwidth non-hundred-percent-height-scrolling\" style=\"--awb-background-position:center top;--awb-border-color:#f6f6f6;--awb-border-radius-top-left:0px;--awb-border-radius-top-right:0px;--awb-border-radius-bottom-right:0px;--awb-border-radius-bottom-left:0px;--awb-padding-top:1px;--awb-padding-right:0px;--awb-padding-bottom:30px;--awb-padding-left:0px;--awb-background-color:#fff;--awb-border-sizes-top:1px;--awb-border-sizes-bottom:1px;--awb-flex-wrap:wrap;\" ><div class=\"fusion-builder-row fusion-row\"><div class=\"fusion-layout-column fusion_builder_column fusion-builder-column-0 fusion_builder_column_1_2 1_2 fusion-one-half fusion-column-first\" style=\"--awb-bg-size:cover;width:48%; margin-right: 4%;\"><div class=\"fusion-column-wrapper fusion-flex-column-wrapper-legacy\"><div class=\"fusion-text fusion-text-1\"><p><img decoding=\"async\" class=\"aligncenter wp-image-15726 size-full\" src=\"https:\/\/vikingforce.se\/wp-content\/uploads\/2019\/04\/animalcarnitine.png\" alt=\"\" width=\"384\" height=\"304\" srcset=\"https:\/\/vikingforce.se\/wp-content\/uploads\/2019\/04\/animalcarnitine-200x158.png 200w, https:\/\/vikingforce.se\/wp-content\/uploads\/2019\/04\/animalcarnitine-300x238.png 300w, https:\/\/vikingforce.se\/wp-content\/uploads\/2019\/04\/animalcarnitine.png 384w\" sizes=\"(max-width: 384px) 100vw, 384px\" \/><\/p>\n<\/div><div class=\"fusion-clearfix\"><\/div><\/div><\/div><div class=\"fusion-layout-column fusion_builder_column fusion-builder-column-1 fusion_builder_column_1_2 1_2 fusion-one-half fusion-column-last\" style=\"--awb-bg-size:cover;width:48%;\"><div class=\"fusion-column-wrapper fusion-flex-column-wrapper-legacy\"><div class=\"fusion-title title fusion-title-1 fusion-sep-none fusion-title-text fusion-title-size-one title-wg\" style=\"--awb-margin-bottom:5px;\"><h1 class=\"fusion-title-heading title-heading-left\" style=\"margin:0;\"><p style=\"text-align: center;\">VIKING ANIMAL CARNITINE<\/p><\/h1><\/div><div class=\"fusion-text fusion-text-2\"><p><img decoding=\"async\" class=\"aligncenter wp-image-15817 size-full\" src=\"https:\/\/vikingforce.se\/wp-content\/uploads\/2019\/04\/11-1.jpg\" alt=\"\" width=\"967\" height=\"486\" srcset=\"https:\/\/vikingforce.se\/wp-content\/uploads\/2019\/04\/11-1-200x101.jpg 200w, https:\/\/vikingforce.se\/wp-content\/uploads\/2019\/04\/11-1-300x151.jpg 300w, https:\/\/vikingforce.se\/wp-content\/uploads\/2019\/04\/11-1-400x201.jpg 400w, https:\/\/vikingforce.se\/wp-content\/uploads\/2019\/04\/11-1-540x272.jpg 540w, https:\/\/vikingforce.se\/wp-content\/uploads\/2019\/04\/11-1-600x302.jpg 600w, https:\/\/vikingforce.se\/wp-content\/uploads\/2019\/04\/11-1-768x386.jpg 768w, https:\/\/vikingforce.se\/wp-content\/uploads\/2019\/04\/11-1-800x402.jpg 800w, https:\/\/vikingforce.se\/wp-content\/uploads\/2019\/04\/11-1.jpg 967w\" sizes=\"(max-width: 967px) 100vw, 967px\" \/><\/p>\n<\/div><div class=\"fusion-sep-clear\"><\/div><div class=\"fusion-separator fusion-full-width-sep\" style=\"margin-left: auto;margin-right: auto;margin-top:25px;width:100%;\"><\/div><div class=\"fusion-sep-clear\"><\/div><div class=\"fusion-clearfix\"><\/div><\/div><\/div><\/div><\/div><div class=\"fusion-fullwidth fullwidth-box fusion-builder-row-2 nonhundred-percent-fullwidth non-hundred-percent-height-scrolling\" style=\"--awb-border-color:#f6f6f6;--awb-border-radius-top-left:0px;--awb-border-radius-top-right:0px;--awb-border-radius-bottom-right:0px;--awb-border-radius-bottom-left:0px;--awb-padding-top:10px;--awb-padding-right:0px;--awb-padding-bottom:0px;--awb-padding-left:0px;--awb-background-color:#fff;--awb-border-sizes-top:0px;--awb-border-sizes-bottom:0px;--awb-flex-wrap:wrap;\" ><div class=\"fusion-builder-row fusion-row\"><div class=\"fusion-layout-column fusion_builder_column fusion-builder-column-2 fusion_builder_column_1_2 1_2 fusion-one-half fusion-column-first\" style=\"--awb-bg-size:cover;width:48%; margin-right: 4%;\"><div class=\"fusion-column-wrapper fusion-flex-column-wrapper-legacy\"><div class=\"fusion-text fusion-text-3\"><p class=\"subtitle-fb\">Anv\u00e4ndningsanvisning:<\/p>\n<p>Ta en endos \u00a0(25 ml), 30-60 minuter f\u00f6re tr\u00e4ning med din m\u00e5ltid och\/eller din m\u00e5ltid efter tr\u00e4ningen. Ta inte p\u00e5 fastande mage.<\/p>\n<p class=\"subtitle-fb\">Ingredienser:<\/p>\n<p>VILDA FRUKTER<strong>: \u00a0<\/strong>Renat vatten, L-karnitinbas, surg\u00f6rande medel (citronsyra), smak\u00e4mnen, s\u00f6tningsmedel (sukralos, acesulfam k), konserveringsmedel (kaliumsorbat), nikotinamid (vitamin B3), riboflavin (vitamin B2). ).<\/p>\n<p>ORANGE<strong>: \u00a0<\/strong>Renat vatten, L-karnitinbas, surhetsmedel (citronsyra), f\u00e4rg\u00e4mne (paprikaextrakt), smak\u00e4mnen, s\u00f6tningsmedel (sukralos, acesulfam k), konserveringsmedel (kaliumsorbat), nikotinamid (vitamin B3) , riboflavin (vitamin B2).<\/p>\n<p class=\"subtitle-fb\">Allergiinformation:<\/p>\n<p>Tillverkad i en anl\u00e4ggning som bearbetar mj\u00f6lk, soja, vete och \u00e4ggproteiner!<\/p>\n<p class=\"subtitle-fb\">Lagringsvillkor:<\/p>\n<p>F\u00f6rvara p\u00e5 en kall och torr plats. Uts\u00e4tt inte f\u00f6r stark v\u00e4rme, fukt eller solljus.<\/p>\n<p class=\"subtitle-fb\">H\u00e5llbarhet:<\/p>\n<p>B\u00e4st f\u00f6re det utg\u00e5ngsdatum som \u00e4r skrivet p\u00e5 f\u00f6rpackningen<\/p>\n<p class=\"subtitle-fb\">Viktig information:<\/p>\n<p>Denna produkt \u00e4r ett kosttillskott. Anv\u00e4nd denna produkt tillsammans med mat som en del av en h\u00e4lsosam, balanserad kost, inte som en ers\u00e4ttning f\u00f6r s\u00e5dan. F\u00f6rvara utom r\u00e4ckh\u00e5ll f\u00f6r barn. Den \u00e4r endast avsedd f\u00f6r 18 \u00e5r eller \u00e4ldre. Ej avsedd f\u00f6r anv\u00e4ndning av gravida eller ammande kvinnor! \u00d6verskrid inte den rekommenderade dagliga dosen<\/p>\n<\/div><div class=\"fusion-clearfix\"><\/div><\/div><\/div><div class=\"fusion-layout-column fusion_builder_column fusion-builder-column-3 fusion_builder_column_1_2 1_2 fusion-one-half fusion-column-last\" style=\"--awb-bg-size:cover;width:48%;\"><div class=\"fusion-column-wrapper fusion-flex-column-wrapper-legacy\"><div class=\"fusion-text fusion-text-4\"><p class=\"subtitle-fb\">N\u00c4RINGSFAKTA<\/p>\n<\/div><div class=\"fusion-text fusion-text-5\"><div class=\"table-1\">\n<table class=\"tb\" width=\"100%\">\n<tbody>\n<tr class=\"table-row_border\">\n<td colspan=\"3\"><strong>N\u00e4ringsinneh\u00e5ll per:<\/strong><\/td>\n<td style=\"text-align: center;\" colspan=\"2\">25 ml<\/td>\n<td style=\"text-align: center;\" colspan=\"2\">100 ml<\/td>\n<\/tr>\n<tr>\n<td colspan=\"3\">L-karnitin<\/td>\n<td style=\"text-align: center;\" colspan=\"2\">3000 mg<\/td>\n<td style=\"text-align: center;\" colspan=\"2\">12000 mg<\/td>\n<\/tr>\n<tr>\n<td colspan=\"3\">Vitamin B3<\/td>\n<td colspan=\"1\">4,8 mg<\/td>\n<td colspan=\"1\">(30%*)<\/td>\n<td colspan=\"1\">19,2 mg<\/td>\n<td colspan=\"1\">120 % NRV *<\/td>\n<\/tr>\n<tr>\n<td colspan=\"3\">Vitamin B2<\/td>\n<td colspan=\"1\">0,4 mg<\/td>\n<td colspan=\"1\">(31,5%*)<\/td>\n<td colspan=\"1\">1,8 mg<\/td>\n<td colspan=\"1\">126 % NRV*<\/td>\n<\/tr>\n<\/tbody>\n<\/table>\n<\/div>\n<p>*NRV \u2013 N\u00e4ringsreferensv\u00e4rden (baserat p\u00e5 en diet p\u00e5 2000 kalorier)<\/p>\n<\/div><div class=\"fusion-clearfix\"><\/div><\/div><\/div><\/div><\/div><\/p>\n","protected":false},"excerpt":{"rendered":"","protected":false},"author":1,"featured_media":0,"parent":12435,"menu_order":0,"comment_status":"closed","ping_status":"closed","template":"","meta":{"footnotes":""},"class_list":["post-15869","page","type-page","status-publish","hentry"],"_links":{"self":[{"href":"https:\/\/vikingforce.se\/sv\/wp-json\/wp\/v2\/pages\/15869","targetHints":{"allow":["GET"]}}],"collection":[{"href":"https:\/\/vikingforce.se\/sv\/wp-json\/wp\/v2\/pages"}],"about":[{"href":"https:\/\/vikingforce.se\/sv\/wp-json\/wp\/v2\/types\/page"}],"author":[{"embeddable":true,"href":"https:\/\/vikingforce.se\/sv\/wp-json\/wp\/v2\/users\/1"}],"replies":[{"embeddable":true,"href":"https:\/\/vikingforce.se\/sv\/wp-json\/wp\/v2\/comments?post=15869"}],"version-history":[{"count":10,"href":"https:\/\/vikingforce.se\/sv\/wp-json\/wp\/v2\/pages\/15869\/revisions"}],"predecessor-version":[{"id":22609,"href":"https:\/\/vikingforce.se\/sv\/wp-json\/wp\/v2\/pages\/15869\/revisions\/22609"}],"up":[{"embeddable":true,"href":"https:\/\/vikingforce.se\/sv\/wp-json\/wp\/v2\/pages\/12435"}],"wp:attachment":[{"href":"https:\/\/vikingforce.se\/sv\/wp-json\/wp\/v2\/media?parent=15869"}],"curies":[{"name":"wp","href":"https:\/\/api.w.org\/{rel}","templated":true}]}}