{"id":15863,"date":"2018-07-25T11:07:41","date_gmt":"2018-07-25T11:07:41","guid":{"rendered":"http:\/\/vikingforce.se\/aakgliquid\/"},"modified":"2025-05-16T14:57:42","modified_gmt":"2025-05-16T14:57:42","slug":"aakgld","status":"publish","type":"page","link":"https:\/\/vikingforce.se\/sv\/pump-line\/aakgld\/","title":{"rendered":"AAKG LIQUID"},"content":{"rendered":"<p><div class=\"fusion-fullwidth fullwidth-box fusion-builder-row-1 nonhundred-percent-fullwidth non-hundred-percent-height-scrolling\" style=\"--awb-background-position:center top;--awb-border-color:#f6f6f6;--awb-border-radius-top-left:0px;--awb-border-radius-top-right:0px;--awb-border-radius-bottom-right:0px;--awb-border-radius-bottom-left:0px;--awb-padding-top:1px;--awb-padding-right:0px;--awb-padding-bottom:30px;--awb-padding-left:0px;--awb-background-color:#fff;--awb-border-sizes-top:1px;--awb-border-sizes-bottom:1px;--awb-flex-wrap:wrap;\" ><div class=\"fusion-builder-row fusion-row\"><div class=\"fusion-layout-column fusion_builder_column fusion-builder-column-0 fusion_builder_column_1_2 1_2 fusion-one-half fusion-column-first\" style=\"--awb-bg-size:cover;width:48%; margin-right: 4%;\"><div class=\"fusion-column-wrapper fusion-flex-column-wrapper-legacy\"><div class=\"fusion-sep-clear\"><\/div><div class=\"fusion-separator fusion-full-width-sep\" style=\"margin-left: auto;margin-right: auto;margin-top:60px;width:100%;\"><\/div><div class=\"fusion-sep-clear\"><\/div><div class=\"fusion-text fusion-text-1\"><p><img decoding=\"async\" class=\"alignnone size-full wp-image-15570\" src=\"http:\/\/vikingforce.se\/wp-content\/uploads\/2015\/12\/aakg-liquid.jpg\" alt=\"\" width=\"3921\" height=\"2752\" srcset=\"https:\/\/vikingforce.se\/wp-content\/uploads\/2015\/12\/aakg-liquid-200x140.jpg 200w, https:\/\/vikingforce.se\/wp-content\/uploads\/2015\/12\/aakg-liquid-300x211.jpg 300w, https:\/\/vikingforce.se\/wp-content\/uploads\/2015\/12\/aakg-liquid-400x281.jpg 400w, https:\/\/vikingforce.se\/wp-content\/uploads\/2015\/12\/aakg-liquid-600x421.jpg 600w, https:\/\/vikingforce.se\/wp-content\/uploads\/2015\/12\/aakg-liquid-768x539.jpg 768w, https:\/\/vikingforce.se\/wp-content\/uploads\/2015\/12\/aakg-liquid-800x561.jpg 800w, https:\/\/vikingforce.se\/wp-content\/uploads\/2015\/12\/aakg-liquid-1024x719.jpg 1024w, https:\/\/vikingforce.se\/wp-content\/uploads\/2015\/12\/aakg-liquid-1200x842.jpg 1200w, https:\/\/vikingforce.se\/wp-content\/uploads\/2015\/12\/aakg-liquid.jpg 3921w\" sizes=\"(max-width: 3921px) 100vw, 3921px\" \/><\/p>\n<\/div><div class=\"fusion-clearfix\"><\/div><\/div><\/div><div class=\"fusion-layout-column fusion_builder_column fusion-builder-column-1 fusion_builder_column_1_2 1_2 fusion-one-half fusion-column-last\" style=\"--awb-bg-size:cover;width:48%;\"><div class=\"fusion-column-wrapper fusion-flex-column-wrapper-legacy\"><div class=\"fusion-sep-clear\"><\/div><div class=\"fusion-separator fusion-full-width-sep\" style=\"margin-left: auto;margin-right: auto;margin-top:30px;width:100%;\"><\/div><div class=\"fusion-sep-clear\"><\/div><div class=\"fusion-title title fusion-title-1 fusion-sep-none fusion-title-text fusion-title-size-one title-wg\" style=\"--awb-margin-bottom:5px;\"><h1 class=\"fusion-title-heading title-heading-left\" style=\"margin:0;\"><p style=\"text-align: center;\">VIKING AAKG LIQUID<\/p><\/h1><\/div><div class=\"fusion-text fusion-text-2\"><p style=\"text-align: center;\">(Kosttillskott)<\/p>\n<\/div><div class=\"fusion-text fusion-text-3\"><p class=\"subtitle-wg\" style=\"text-align: center;\">Nettovikt: <strong>1000 ml<\/strong><\/p>\n<p class=\"subtitle-wg\" style=\"text-align: center;\">Portioner\/Beh\u00e5llare:<strong>33<\/strong><\/p>\n<\/div><div class=\"fusion-clearfix\"><\/div><\/div><\/div><\/div><\/div><div class=\"fusion-fullwidth fullwidth-box fusion-builder-row-2 nonhundred-percent-fullwidth non-hundred-percent-height-scrolling\" style=\"--awb-border-color:#f6f6f6;--awb-border-radius-top-left:0px;--awb-border-radius-top-right:0px;--awb-border-radius-bottom-right:0px;--awb-border-radius-bottom-left:0px;--awb-padding-top:10px;--awb-padding-right:0px;--awb-padding-bottom:0px;--awb-padding-left:0px;--awb-background-color:#fff;--awb-border-sizes-top:0px;--awb-border-sizes-bottom:0px;--awb-flex-wrap:wrap;\" ><div class=\"fusion-builder-row fusion-row\"><div class=\"fusion-layout-column fusion_builder_column fusion-builder-column-2 fusion_builder_column_1_1 1_1 fusion-one-full fusion-column-first fusion-column-last\" style=\"--awb-bg-size:cover;\"><div class=\"fusion-column-wrapper fusion-flex-column-wrapper-legacy\"><div class=\"fusion-text fusion-text-4\"><p class=\"subtitle-pl\">Viking AAKG Liquid<\/p>\n<p>\u00c4r ett pre-workout-till\u00e4gg designat f\u00f6r idrottare som vill maximera sin fysiska prestanda och muskeluth\u00e5llighet. En portion<br \/>\nf\u00f6rs\u00e4krar den starka dosen p\u00e5 6000 mg mycket absorberbar Arginine AKG tillsammans med 1000 mg Citrulline. Under tr\u00e4ning<br \/>\nuts\u00e4tts muskelceller f\u00f6r stora belastningar och f\u00f6r att fungera korrekt kr\u00e4ver de kontinuerligt tillf\u00f6rsel av syre, energi<br \/>\noch n\u00e4rings\u00e4mnen. AAKG \u00f6kar kroppens naturliga produktion av kv\u00e4veoxid, molekylen som anv\u00e4nds f\u00f6r att \u00f6ka blodfl\u00f6det,<br \/>\ntransportera syre och leverera n\u00e4rings\u00e4mnen till delar av kroppen.<\/p>\n<ul>\n<li>F\u00f6rb\u00e4ttra tillg\u00e5ngen p\u00e5 n\u00e4rings\u00e4mnen.<\/li>\n<li>St\u00f6der NO-syntes av kv\u00e4veoxid.<\/li>\n<li>33 portioner, 6500 mg Arginine AKG &amp; 1500 Citrulline \/ portion.<\/li>\n<\/ul>\n<\/div><div class=\"fusion-clearfix\"><\/div><\/div><\/div><div class=\"fusion-layout-column fusion_builder_column fusion-builder-column-3 fusion_builder_column_1_2 1_2 fusion-one-half fusion-column-first\" style=\"--awb-bg-size:cover;width:48%; margin-right: 4%;\"><div class=\"fusion-column-wrapper fusion-flex-column-wrapper-legacy\"><div class=\"fusion-text fusion-text-5\"><p class=\"subtitle-pl\"><strong>Anv\u00e4ndningsriktning:<\/strong><\/p>\n<p>Ta en m\u00e5ttskopa (30 ml), 30 minuter f\u00f6re tr\u00e4ning.<\/p>\n<p class=\"subtitle-pl\"><strong>Ingredienser:<\/strong><\/p>\n<p>Renat vatten, L-Arginine AKG 2: 1, L-Citruline DL &#8211; malat, smak (inneh\u00e5ller E122 *, E131), s\u00f6tningsmedel (sukralos, Acesulfame k), konserveringsmedel (kaliumsorbat, natriumbenzoat). * Kan ha en negativ inverkan p\u00e5 aktivitet och uppm\u00e4rksamhet hos barn.<\/p>\n<p class=\"subtitle-pl\"><strong>Allergiinformation:<\/strong><\/p>\n<p>Produkten kan inneh\u00e5lla sp\u00e5r av soja, mj\u00f6lk, \u00e4gg eller veteprotein.<\/p>\n<p class=\"subtitle-pl\"><strong>Viktig information:<\/strong><\/p>\n<p>Denna produkt \u00e4r ett kosttillskott. Anv\u00e4nd den h\u00e4r produkten tillsammans med mat som en del av en h\u00e4lsosam och balanserad diet, inte som en ers\u00e4ttning f\u00f6r en s\u00e5dan. F\u00f6rvara utom r\u00e4ckh\u00e5ll f\u00f6r barn. Inte avsedd f\u00f6r anv\u00e4ndning av gravida eller ammande kvinnor! \u00d6verskrid inte den rekommenderade dagliga dosen.<\/p>\n<p>F\u00f6rvara p\u00e5 en kall och torr plats. Uts\u00e4tt inte f\u00f6r \u00f6verdriven v\u00e4rme, fukt eller solljus. B\u00e4st f\u00f6re utg\u00e5ngsdatum skrivet p\u00e5 f\u00f6rpackningen<\/p>\n<\/div><div class=\"fusion-clearfix\"><\/div><\/div><\/div><div class=\"fusion-layout-column fusion_builder_column fusion-builder-column-4 fusion_builder_column_1_2 1_2 fusion-one-half fusion-column-last\" style=\"--awb-bg-size:cover;width:48%;\"><div class=\"fusion-column-wrapper fusion-flex-column-wrapper-legacy\"><div class=\"fusion-text fusion-text-6\"><p class=\"subtitle-pl\"><strong>N\u00c4RINGSINNEH\u00c5LL<\/strong><\/p>\n<\/div><div class=\"fusion-text fusion-text-7\"><div class=\"table-1\">\n<table class=\"tb\" width=\"100%\">\n<tbody>\n<tr class=\"table-row_border\">\n<td colspan=\"3\"><strong>N\u00e4ringsinneh\u00e5ll per:<\/strong><\/p>\n<p>Portionsstorlek: 30 ml<\/p>\n<p>Servering per beh\u00e5llare: 33<\/td>\n<td colspan=\"2\">30ml<\/td>\n<td colspan=\"2\">100ml<\/td>\n<\/tr>\n<tr>\n<td colspan=\"3\">L- Arginine AKG 2:1<\/td>\n<td colspan=\"2\">6500 mg<\/td>\n<td colspan=\"2\">21666 mg<\/td>\n<\/tr>\n<tr>\n<td colspan=\"3\">L- Citruline DL &#8211; Malate<\/td>\n<td colspan=\"2\">1500 mg<\/td>\n<td colspan=\"2\">5000 mg<\/td>\n<\/tr>\n<\/tbody>\n<\/table>\n<\/div>\n<\/div><div class=\"fusion-clearfix\"><\/div><\/div><\/div><\/div><\/div><\/p>\n","protected":false},"excerpt":{"rendered":"","protected":false},"author":1,"featured_media":0,"parent":12497,"menu_order":0,"comment_status":"closed","ping_status":"closed","template":"","meta":{"footnotes":""},"class_list":["post-15863","page","type-page","status-publish","hentry"],"_links":{"self":[{"href":"https:\/\/vikingforce.se\/sv\/wp-json\/wp\/v2\/pages\/15863","targetHints":{"allow":["GET"]}}],"collection":[{"href":"https:\/\/vikingforce.se\/sv\/wp-json\/wp\/v2\/pages"}],"about":[{"href":"https:\/\/vikingforce.se\/sv\/wp-json\/wp\/v2\/types\/page"}],"author":[{"embeddable":true,"href":"https:\/\/vikingforce.se\/sv\/wp-json\/wp\/v2\/users\/1"}],"replies":[{"embeddable":true,"href":"https:\/\/vikingforce.se\/sv\/wp-json\/wp\/v2\/comments?post=15863"}],"version-history":[{"count":8,"href":"https:\/\/vikingforce.se\/sv\/wp-json\/wp\/v2\/pages\/15863\/revisions"}],"predecessor-version":[{"id":23603,"href":"https:\/\/vikingforce.se\/sv\/wp-json\/wp\/v2\/pages\/15863\/revisions\/23603"}],"up":[{"embeddable":true,"href":"https:\/\/vikingforce.se\/sv\/wp-json\/wp\/v2\/pages\/12497"}],"wp:attachment":[{"href":"https:\/\/vikingforce.se\/sv\/wp-json\/wp\/v2\/media?parent=15863"}],"curies":[{"name":"wp","href":"https:\/\/api.w.org\/{rel}","templated":true}]}}