{"id":14868,"date":"2017-04-10T21:41:20","date_gmt":"2017-04-10T21:41:20","guid":{"rendered":"http:\/\/vikingforce.se\/sv\/?page_id=14868"},"modified":"2025-05-16T17:03:26","modified_gmt":"2025-05-16T17:03:26","slug":"creatine-monohydrate","status":"publish","type":"page","link":"https:\/\/vikingforce.se\/sv\/weight-gainers\/creatine-monohydrate\/","title":{"rendered":"Creatine Monohydrate"},"content":{"rendered":"<p><div class=\"fusion-fullwidth fullwidth-box fusion-builder-row-1 nonhundred-percent-fullwidth non-hundred-percent-height-scrolling\" style=\"--awb-background-position:center top;--awb-border-color:#f6f6f6;--awb-border-radius-top-left:0px;--awb-border-radius-top-right:0px;--awb-border-radius-bottom-right:0px;--awb-border-radius-bottom-left:0px;--awb-padding-top:1px;--awb-padding-right:0px;--awb-padding-bottom:30px;--awb-padding-left:0px;--awb-background-color:#fff;--awb-border-sizes-top:1px;--awb-border-sizes-bottom:1px;--awb-flex-wrap:wrap;\" ><div class=\"fusion-builder-row fusion-row\"><div class=\"fusion-layout-column fusion_builder_column fusion-builder-column-0 fusion_builder_column_1_2 1_2 fusion-one-half fusion-column-first\" style=\"--awb-bg-size:cover;width:48%; margin-right: 4%;\"><div class=\"fusion-column-wrapper fusion-flex-column-wrapper-legacy\"><div class=\"fusion-text fusion-text-1\"><p><img decoding=\"async\" class=\"wp-image-14006 size-full aligncenter\" src=\"https:\/\/vikingforce.se\/wp-content\/uploads\/2017\/03\/creatine_mono.jpg\" alt=\"\" width=\"600\" height=\"741\" srcset=\"https:\/\/vikingforce.se\/wp-content\/uploads\/2017\/03\/creatine_mono-243x300.jpg 243w, https:\/\/vikingforce.se\/wp-content\/uploads\/2017\/03\/creatine_mono.jpg 600w\" sizes=\"(max-width: 600px) 100vw, 600px\" \/><\/p>\n<\/div><div class=\"fusion-clearfix\"><\/div><\/div><\/div><div class=\"fusion-layout-column fusion_builder_column fusion-builder-column-1 fusion_builder_column_1_2 1_2 fusion-one-half fusion-column-last\" style=\"--awb-bg-size:cover;width:48%;\"><div class=\"fusion-column-wrapper fusion-flex-column-wrapper-legacy\"><div class=\"fusion-title title fusion-title-1 fusion-sep-none fusion-title-text fusion-title-size-one title-wg\" style=\"--awb-margin-bottom:5px;\"><h1 class=\"fusion-title-heading title-heading-left\" style=\"margin:0;\"><p style=\"text-align: center;\">VIKING CREATINE MONOHYDRATE<\/p><\/h1><\/div><div class=\"fusion-text fusion-text-2\"><p style=\"text-align: center;\">(Kosttillskott)<\/p>\n<\/div><div class=\"fusion-text fusion-text-3\"><p class=\"subtitle-wg\" style=\"text-align: center;\">Nettovikt: 300 g<\/p>\n<p class=\"subtitle-wg\" style=\"text-align: center;\">Portioner\/Beh\u00e5llare: 60<\/p>\n<\/div><div class=\"fusion-clearfix\"><\/div><\/div><\/div><\/div><\/div><div class=\"fusion-fullwidth fullwidth-box fusion-builder-row-2 nonhundred-percent-fullwidth non-hundred-percent-height-scrolling\" style=\"--awb-border-color:#f6f6f6;--awb-border-radius-top-left:0px;--awb-border-radius-top-right:0px;--awb-border-radius-bottom-right:0px;--awb-border-radius-bottom-left:0px;--awb-padding-top:10px;--awb-padding-right:0px;--awb-padding-bottom:0px;--awb-padding-left:0px;--awb-background-color:#fff;--awb-border-sizes-top:0px;--awb-border-sizes-bottom:0px;--awb-flex-wrap:wrap;\" ><div class=\"fusion-builder-row fusion-row\"><div class=\"fusion-layout-column fusion_builder_column fusion-builder-column-2 fusion_builder_column_1_1 1_1 fusion-one-full fusion-column-first fusion-column-last\" style=\"--awb-bg-size:cover;\"><div class=\"fusion-column-wrapper fusion-flex-column-wrapper-legacy\"><div class=\"fusion-text fusion-text-4\"><p class=\"subtitle-wg\">VIKING KREATINMONOHYDRAT<\/p>\n<p>Kreatin \u00e4r en f\u00f6reg\u00e5ngare till det bio-energetiska br\u00e4nslet kreatinfosfat, vilket fyller p\u00e5 cellul\u00e4ra ATP (adenosintrifosfat) niv\u00e5er under maximala intensitetskontraktioner. Att ta tillskott med kreatin kan \u00f6ka niv\u00e5erna av kreatinfosfat i muskeln, vilket f\u00f6rb\u00e4ttrar arbetskapacitet, styrka, \u00e5terh\u00e4mtning och muskelhydrering. N\u00e4r musklerna \u00e4r hydrerade minimeras muskelnedbrytning (katabolism).<\/p>\n<ul>\n<li>\u00d6ka muskelvolym<\/li>\n<li>F\u00f6rb\u00e4ttra \u00e5terh\u00e4mtningstid efter tr\u00e4ning<\/li>\n<li>Stimulerar proteinsyntes<\/li>\n<\/ul>\n<\/div><div class=\"fusion-clearfix\"><\/div><\/div><\/div><div class=\"fusion-layout-column fusion_builder_column fusion-builder-column-3 fusion_builder_column_1_2 1_2 fusion-one-half fusion-column-first\" style=\"--awb-bg-size:cover;width:48%; margin-right: 4%;\"><div class=\"fusion-column-wrapper fusion-flex-column-wrapper-legacy\"><div class=\"fusion-text fusion-text-5\"><p class=\"subtitle-wg\">ANV\u00c4NDNINGSANVISNING:<\/p>\n<p><b>Laddningsfas (dag 1-5):<\/b> Ta 5 g (cirka 1\/2 skopa) och blanda med 5 dl vatten 4 g\u00e5nger om dagen med regelbundna mellanrum.<\/p>\n<p>Du kan hoppa \u00f6ver laddningsfasen och b\u00f6rja underh\u00e5llsfasen f\u00f6r en mer gradvis metod.<\/p>\n<p><b>Underh\u00e5ll (dag 6+):<\/b> Ta 5 g (cirka 1\/2 skopa) och blanda med 5 dl vatten. Konsumera en portion dagligen.<\/p>\n<p>Kreatindrycken b\u00f6r alltid beredas f\u00e4rsk och konsumeras samma dag, eftersom kreatin inte f\u00f6rblir stabilt i v\u00e4tskor under l\u00e5nga perioder. Som med alla kreatinprodukter, se till att vara tillr\u00e4ckligt v\u00e4tskebalanserad under anv\u00e4ndning.<\/p>\n<p class=\"subtitle-wg\">INGREDIENSER:<\/p>\n<p>Kreatinmonohydrat<\/p>\n<p class=\"subtitle-wg\">ALLERGIINFORMATION:<\/p>\n<p>Kan inneh\u00e5lla sp\u00e5r av mj\u00f6lk, soja, \u00e4gg och vete (gluten).<\/p>\n<p class=\"subtitle-wg\">VIKTIG INFORMATION:<\/p>\n<p>Den h\u00e4r produkten \u00e4r ett kosttillskott. Anv\u00e4nd produkten tillsammans med mat som en del av en h\u00e4lsosam, balanserad kost, inte som ers\u00e4ttning f\u00f6r s\u00e5dan. F\u00f6rvaras o\u00e5tkomligt f\u00f6r barn. Inte avsedd f\u00f6r anv\u00e4ndning av barn och gravida eller ammande kvinnor! \u00d6verskrid inte den rekommenderade dagliga dosen.<\/p>\n<p>F\u00f6rvaras p\u00e5 en sval, torr plats. Uts\u00e4tt inte f\u00f6r \u00f6verdriven v\u00e4rme, fukt eller solljus. B\u00e4st f\u00f6re datumet \u00e4r skrivet p\u00e5 f\u00f6rpackningen.<\/p>\n<\/div><div class=\"fusion-clearfix\"><\/div><\/div><\/div><div class=\"fusion-layout-column fusion_builder_column fusion-builder-column-4 fusion_builder_column_1_2 1_2 fusion-one-half fusion-column-last\" style=\"--awb-bg-size:cover;width:48%;\"><div class=\"fusion-column-wrapper fusion-flex-column-wrapper-legacy\"><div class=\"fusion-text fusion-text-6\"><p class=\"subtitle-wg\">N\u00c4RINGSINNEH\u00c5LL<\/p>\n<\/div><div class=\"fusion-text fusion-text-7\"><div class=\"table-1\">\n<table class=\"tb\" width=\"100%\">\n<tbody>\n<tr class=\"table-row_border\">\n<td colspan=\"3\"><strong>N\u00e4ringsinneh\u00e5ll per:<\/strong><\/p>\n<p>Portioner per f\u00f6rpackning: 60<\/td>\n<td colspan=\"2\">1 portion (<b>5 g<\/b>)<\/td>\n<td colspan=\"2\"><b>100 g<\/b><\/td>\n<\/tr>\n<tr>\n<td colspan=\"3\">Energi<\/td>\n<td colspan=\"2\">0 kJ \/ 0 kcal<\/td>\n<td colspan=\"2\">0 kJ \/ 0 kcal<\/td>\n<\/tr>\n<tr>\n<td colspan=\"3\">Proteiner<\/td>\n<td colspan=\"2\">0 g<\/td>\n<td colspan=\"2\">0 g<\/td>\n<\/tr>\n<tr>\n<td colspan=\"3\">Kolhydrater<\/td>\n<td colspan=\"2\">0 g<\/td>\n<td colspan=\"2\">0 g<\/td>\n<\/tr>\n<tr>\n<td colspan=\"3\">varav sockerarter<\/td>\n<td colspan=\"2\">0 g<\/td>\n<td colspan=\"2\">0 g<\/td>\n<\/tr>\n<tr>\n<td colspan=\"3\">Fett<\/td>\n<td colspan=\"2\">0 g<\/td>\n<td colspan=\"2\">0 g<\/td>\n<\/tr>\n<tr>\n<td colspan=\"3\">varav m\u00e4ttat fett<\/td>\n<td colspan=\"2\">0 g<\/td>\n<td colspan=\"2\">0 g<\/td>\n<\/tr>\n<tr>\n<td colspan=\"3\">Kostfiber<\/td>\n<td colspan=\"2\">0 g<\/td>\n<td colspan=\"2\">0 g<\/td>\n<\/tr>\n<tr>\n<td colspan=\"3\">Natrium<\/td>\n<td colspan=\"2\">&lt; 0.02 g<\/td>\n<td colspan=\"2\">&lt; 0.4 g<\/td>\n<\/tr>\n<tr>\n<td colspan=\"3\"><strong>Kreatinmonohydrat<\/strong><\/td>\n<td colspan=\"2\"><strong>5 g<\/strong><\/td>\n<td colspan=\"2\"><strong>100 g<\/strong><\/td>\n<\/tr>\n<\/tbody>\n<\/table>\n<\/div>\n<\/div><div class=\"fusion-clearfix\"><\/div><\/div><\/div><\/div><\/div><\/p>\n","protected":false},"excerpt":{"rendered":"","protected":false},"author":1,"featured_media":0,"parent":12514,"menu_order":0,"comment_status":"closed","ping_status":"closed","template":"","meta":{"footnotes":""},"class_list":["post-14868","page","type-page","status-publish","hentry"],"_links":{"self":[{"href":"https:\/\/vikingforce.se\/sv\/wp-json\/wp\/v2\/pages\/14868","targetHints":{"allow":["GET"]}}],"collection":[{"href":"https:\/\/vikingforce.se\/sv\/wp-json\/wp\/v2\/pages"}],"about":[{"href":"https:\/\/vikingforce.se\/sv\/wp-json\/wp\/v2\/types\/page"}],"author":[{"embeddable":true,"href":"https:\/\/vikingforce.se\/sv\/wp-json\/wp\/v2\/users\/1"}],"replies":[{"embeddable":true,"href":"https:\/\/vikingforce.se\/sv\/wp-json\/wp\/v2\/comments?post=14868"}],"version-history":[{"count":13,"href":"https:\/\/vikingforce.se\/sv\/wp-json\/wp\/v2\/pages\/14868\/revisions"}],"predecessor-version":[{"id":23675,"href":"https:\/\/vikingforce.se\/sv\/wp-json\/wp\/v2\/pages\/14868\/revisions\/23675"}],"up":[{"embeddable":true,"href":"https:\/\/vikingforce.se\/sv\/wp-json\/wp\/v2\/pages\/12514"}],"wp:attachment":[{"href":"https:\/\/vikingforce.se\/sv\/wp-json\/wp\/v2\/media?parent=14868"}],"curies":[{"name":"wp","href":"https:\/\/api.w.org\/{rel}","templated":true}]}}