{"id":14839,"date":"2017-04-10T20:44:33","date_gmt":"2017-04-10T20:44:33","guid":{"rendered":"http:\/\/vikingforce.se\/sv\/?page_id=14839"},"modified":"2025-05-16T09:26:19","modified_gmt":"2025-05-16T09:26:19","slug":"viking-bcaa","status":"publish","type":"page","link":"https:\/\/vikingforce.se\/sv\/amino-acids\/viking-bcaa\/","title":{"rendered":"Viking BCAA"},"content":{"rendered":"<p><div class=\"fusion-fullwidth fullwidth-box fusion-builder-row-1 nonhundred-percent-fullwidth non-hundred-percent-height-scrolling\" style=\"--awb-background-position:left top;--awb-border-radius-top-left:0px;--awb-border-radius-top-right:0px;--awb-border-radius-bottom-right:0px;--awb-border-radius-bottom-left:0px;--awb-padding-top:20px;--awb-padding-bottom:20px;--awb-border-sizes-top:0px;--awb-border-sizes-bottom:0px;--awb-flex-wrap:wrap;\" ><div class=\"fusion-builder-row fusion-row\"><div class=\"fusion-layout-column fusion_builder_column fusion-builder-column-0 fusion_builder_column_1_2 1_2 fusion-one-half fusion-column-first\" style=\"--awb-bg-size:cover;width:48%; margin-right: 4%;\"><div class=\"fusion-column-wrapper fusion-flex-column-wrapper-legacy\"><div class=\"fusion-sep-clear\"><\/div><div class=\"fusion-separator fusion-full-width-sep\" style=\"margin-left: auto;margin-right: auto;width:100%;\"><\/div><div class=\"fusion-sep-clear\"><\/div><div class=\"fusion-text fusion-text-1\"><p><img decoding=\"async\" class=\"aligncenter wp-image-13939 size-full\" src=\"https:\/\/vikingforce.se\/wp-content\/uploads\/2017\/03\/BCAA.jpg\" alt=\"\" width=\"600\" height=\"740\" srcset=\"https:\/\/vikingforce.se\/wp-content\/uploads\/2017\/03\/BCAA-243x300.jpg 243w, https:\/\/vikingforce.se\/wp-content\/uploads\/2017\/03\/BCAA.jpg 600w\" sizes=\"(max-width: 600px) 100vw, 600px\" \/><\/p>\n<\/div><div class=\"fusion-clearfix\"><\/div><\/div><\/div><div class=\"fusion-layout-column fusion_builder_column fusion-builder-column-1 fusion_builder_column_1_2 1_2 fusion-one-half fusion-column-last\" style=\"--awb-bg-size:cover;width:48%;\"><div class=\"fusion-column-wrapper fusion-flex-column-wrapper-legacy\"><div class=\"fusion-sep-clear\"><\/div><div class=\"fusion-separator fusion-full-width-sep\" style=\"margin-left: auto;margin-right: auto;margin-top:30px;width:100%;\"><\/div><div class=\"fusion-sep-clear\"><\/div><div class=\"fusion-title title fusion-title-1 fusion-sep-none fusion-title-text fusion-title-size-one title-wg\"><h1 class=\"fusion-title-heading title-heading-left\" style=\"margin:0;\"><p style=\"text-align: center;\">VIKING BCAA<\/p><\/h1><\/div><div class=\"fusion-text fusion-text-2\"><p style=\"text-align: center;\">(Kosttillskott)<\/p>\n<\/div><div class=\"fusion-text fusion-text-3\"><p style=\"text-align: center;\"><strong>Nettovikt: 360 g<\/strong><\/p>\n<p style=\"text-align: center;\"><strong>300 Tablets<\/strong><\/p>\n<\/div><div class=\"fusion-clearfix\"><\/div><\/div><\/div><\/div><\/div><div class=\"fusion-fullwidth fullwidth-box fusion-builder-row-2 nonhundred-percent-fullwidth non-hundred-percent-height-scrolling\" style=\"--awb-background-position:left top;--awb-border-radius-top-left:0px;--awb-border-radius-top-right:0px;--awb-border-radius-bottom-right:0px;--awb-border-radius-bottom-left:0px;--awb-padding-top:20px;--awb-padding-bottom:20px;--awb-border-sizes-top:0px;--awb-border-sizes-bottom:0px;--awb-flex-wrap:wrap;\" ><div class=\"fusion-builder-row fusion-row\"><div class=\"fusion-layout-column fusion_builder_column fusion-builder-column-2 fusion_builder_column_1_2 1_2 fusion-one-half fusion-column-first\" style=\"--awb-bg-size:cover;width:48%; margin-right: 4%;\"><div class=\"fusion-column-wrapper fusion-flex-column-wrapper-legacy\"><div class=\"fusion-text fusion-text-4\"><p class=\"subtitle-aa\">Viking BCAA:<\/p>\n<p>\u00c4r ett bra s\u00e4tt att \u00f6ka din kropps intag av BCAA. Varje portion ger hela 2500 mg L-Leucin, 1250 mg L-Isoleucin och 1250 mg L-Valine. Detta f\u00f6rh\u00e5llande p\u00e5 2:1:1 anses vara det optimala f\u00f6rh\u00e5llandet f\u00f6r dessa tre essentiella aminosyror.<br \/>\nDe st\u00f6djer anabol muskeluppbyggnad, h\u00f6gintensiv uth\u00e5llighetstr\u00e4ning, f\u00f6rb\u00e4ttrar mental funktion och allm\u00e4nt hum\u00f6r. De \u00e4r bland de nio essentiella aminosyrorna som kroppen inte kan g\u00f6ra, vilket inneb\u00e4r att de m\u00e5ste intas genom mat eller kosttillskott.<\/p>\n<p class=\"subtitle-aa\">Anv\u00e4ndningsanvisning:<\/p>\n<p>Ta 5 tabletter dagligen, f\u00f6re eller direkt efter tr\u00e4ning.<\/p>\n<p class=\"subtitle-aa\">Ingredienser:<\/p>\n<p>BCAA (L-leucin, L-valin, L-isoleucin), bulkmedel (mikrokristallin cellulosa), antiklumpningsmedel (magnesiumstearat, kiseldioxid).<\/p>\n<p class=\"subtitle-aa\">Viktig information:<\/p>\n<p>Denna produkt \u00e4r ett kosttillskott. Anv\u00e4nd denna produkt tillsammans med mat som en del av en h\u00e4lsosam, balanserad kost, inte som en ers\u00e4ttning f\u00f6r s\u00e5dan. F\u00f6rvara utom r\u00e4ckh\u00e5ll f\u00f6r barn. Ej avsedd f\u00f6r anv\u00e4ndning av gravida eller ammande kvinnor! \u00d6verskrid inte den rekommenderade dagliga dosen.<br \/>\nF\u00f6rvara p\u00e5 en kall och torr plats. Uts\u00e4tt inte f\u00f6r stark v\u00e4rme, fukt eller solljus. Anv\u00e4nds f\u00f6re det utg\u00e5ngsdatum som \u00e4r skrivet p\u00e5 f\u00f6rpackningen.<\/p>\n<\/div><div class=\"fusion-clearfix\"><\/div><\/div><\/div><div class=\"fusion-layout-column fusion_builder_column fusion-builder-column-3 fusion_builder_column_1_2 1_2 fusion-one-half fusion-column-last\" style=\"--awb-bg-size:cover;width:48%;\"><div class=\"fusion-column-wrapper fusion-flex-column-wrapper-legacy\"><div class=\"fusion-text fusion-text-5\"><p class=\"subtitle-aa\">N\u00c4RINGSFAKTA<\/p>\n<\/div><div class=\"fusion-text fusion-text-6\"><div class=\"table-1\">\n<table width=\"100%\">\n<tbody>\n<tr>\n<th align=\"left\"><strong>N\u00e4ringsinneh\u00e5ll per:<\/strong><\/th>\n<th align=\"left\">1 portion (5 tabletter)<\/th>\n<\/tr>\n<\/tbody>\n<tbody>\n<tr>\n<td>L-Leucin<\/td>\n<td>2500 mg<\/td>\n<\/tr>\n<tr>\n<td>L-isoleucin<\/td>\n<td>1250 mg<\/td>\n<\/tr>\n<tr>\n<td>L-Valine<\/td>\n<td>1250 mg<\/td>\n<\/tr>\n<\/tbody>\n<\/table>\n<\/div>\n<\/div><div class=\"fusion-clearfix\"><\/div><\/div><\/div><\/div><\/div><\/p>\n","protected":false},"excerpt":{"rendered":"","protected":false},"author":1,"featured_media":0,"parent":12370,"menu_order":0,"comment_status":"closed","ping_status":"closed","template":"","meta":{"footnotes":""},"class_list":["post-14839","page","type-page","status-publish","hentry"],"_links":{"self":[{"href":"https:\/\/vikingforce.se\/sv\/wp-json\/wp\/v2\/pages\/14839","targetHints":{"allow":["GET"]}}],"collection":[{"href":"https:\/\/vikingforce.se\/sv\/wp-json\/wp\/v2\/pages"}],"about":[{"href":"https:\/\/vikingforce.se\/sv\/wp-json\/wp\/v2\/types\/page"}],"author":[{"embeddable":true,"href":"https:\/\/vikingforce.se\/sv\/wp-json\/wp\/v2\/users\/1"}],"replies":[{"embeddable":true,"href":"https:\/\/vikingforce.se\/sv\/wp-json\/wp\/v2\/comments?post=14839"}],"version-history":[{"count":8,"href":"https:\/\/vikingforce.se\/sv\/wp-json\/wp\/v2\/pages\/14839\/revisions"}],"predecessor-version":[{"id":23530,"href":"https:\/\/vikingforce.se\/sv\/wp-json\/wp\/v2\/pages\/14839\/revisions\/23530"}],"up":[{"embeddable":true,"href":"https:\/\/vikingforce.se\/sv\/wp-json\/wp\/v2\/pages\/12370"}],"wp:attachment":[{"href":"https:\/\/vikingforce.se\/sv\/wp-json\/wp\/v2\/media?parent=14839"}],"curies":[{"name":"wp","href":"https:\/\/api.w.org\/{rel}","templated":true}]}}