{"id":14745,"date":"2017-04-10T17:02:10","date_gmt":"2017-04-10T17:02:10","guid":{"rendered":"http:\/\/vikingforce.se\/sv\/?page_id=14745"},"modified":"2025-05-16T10:51:11","modified_gmt":"2025-05-16T10:51:11","slug":"carnitine-plus","status":"publish","type":"page","link":"https:\/\/vikingforce.se\/sv\/fat-burners\/carnitine-plus\/","title":{"rendered":"Carnitine Plus"},"content":{"rendered":"<p><div class=\"fusion-fullwidth fullwidth-box fusion-builder-row-1 nonhundred-percent-fullwidth non-hundred-percent-height-scrolling\" style=\"--awb-background-position:center top;--awb-border-color:#f6f6f6;--awb-border-radius-top-left:0px;--awb-border-radius-top-right:0px;--awb-border-radius-bottom-right:0px;--awb-border-radius-bottom-left:0px;--awb-padding-top:1px;--awb-padding-right:0px;--awb-padding-bottom:30px;--awb-padding-left:0px;--awb-background-color:#fff;--awb-border-sizes-top:1px;--awb-border-sizes-bottom:1px;--awb-flex-wrap:wrap;\" ><div class=\"fusion-builder-row fusion-row\"><div class=\"fusion-layout-column fusion_builder_column fusion-builder-column-0 fusion_builder_column_1_2 1_2 fusion-one-half fusion-column-first\" style=\"--awb-bg-size:cover;width:48%; margin-right: 4%;\"><div class=\"fusion-column-wrapper fusion-flex-column-wrapper-legacy\"><div class=\"fusion-sep-clear\"><\/div><div class=\"fusion-separator fusion-full-width-sep\" style=\"margin-left: auto;margin-right: auto;margin-top:60px;width:100%;\"><\/div><div class=\"fusion-sep-clear\"><\/div><div class=\"fusion-text fusion-text-1\"><p><img decoding=\"async\" class=\"wp-image-14078 size-full aligncenter\" src=\"https:\/\/vikingforce.se\/wp-content\/uploads\/2017\/03\/carnitine.jpg\" alt=\"\" width=\"600\" height=\"740\" srcset=\"https:\/\/vikingforce.se\/wp-content\/uploads\/2017\/03\/carnitine-243x300.jpg 243w, https:\/\/vikingforce.se\/wp-content\/uploads\/2017\/03\/carnitine.jpg 600w\" sizes=\"(max-width: 600px) 100vw, 600px\" \/><\/p>\n<\/div><div class=\"fusion-clearfix\"><\/div><\/div><\/div><div class=\"fusion-layout-column fusion_builder_column fusion-builder-column-1 fusion_builder_column_1_2 1_2 fusion-one-half fusion-column-last\" style=\"--awb-bg-size:cover;width:48%;\"><div class=\"fusion-column-wrapper fusion-flex-column-wrapper-legacy\"><div class=\"fusion-title title fusion-title-1 fusion-sep-none fusion-title-text fusion-title-size-one title-wg\" style=\"--awb-margin-bottom:5px;\"><h1 class=\"fusion-title-heading title-heading-left\" style=\"margin:0;\"><p style=\"text-align: center;\">VIKING\u00a0CARNITINE PLUS<\/p><\/h1><\/div><div class=\"fusion-text fusion-text-2\"><p style=\"text-align: center;\">(Kosttillskott)<\/p>\n<\/div><div class=\"fusion-text fusion-text-3\"><p class=\"subtitle-wg\" style=\"text-align: center;\">Nettovikt: 136.5 g<\/p>\n<p class=\"subtitle-wg\" style=\"text-align: center;\">120 Kapslar<\/p>\n<\/div><div class=\"fusion-clearfix\"><\/div><\/div><\/div><\/div><\/div><div class=\"fusion-fullwidth fullwidth-box fusion-builder-row-2 nonhundred-percent-fullwidth non-hundred-percent-height-scrolling\" style=\"--awb-border-color:#f6f6f6;--awb-border-radius-top-left:0px;--awb-border-radius-top-right:0px;--awb-border-radius-bottom-right:0px;--awb-border-radius-bottom-left:0px;--awb-padding-top:10px;--awb-padding-right:0px;--awb-padding-bottom:0px;--awb-padding-left:0px;--awb-background-color:#fff;--awb-border-sizes-top:0px;--awb-border-sizes-bottom:0px;--awb-flex-wrap:wrap;\" ><div class=\"fusion-builder-row fusion-row\"><div class=\"fusion-layout-column fusion_builder_column fusion-builder-column-2 fusion_builder_column_1_1 1_1 fusion-one-full fusion-column-first fusion-column-last\" style=\"--awb-bg-size:cover;\"><div class=\"fusion-column-wrapper fusion-flex-column-wrapper-legacy\"><div class=\"fusion-text fusion-text-4\"><p class=\"subtitle-fb\">VIKING CARNITINE PLUS<\/p>\n<p>Effektiv vikthantering, optimerad fettmetabolism och energigivande tr\u00e4ning \u00e4r f\u00f6rdelaktiga f\u00f6r idrottare och fitnessentusiaster. L-karnitin spelar en roll i fettmetabolismen och energiproduktionen: L-karnitin \u00e4r rikligt f\u00f6rekommande i muskler och dess prim\u00e4ra funktion \u00e4r att reglera fettmetabolismen och transportera fettsyror till mitokondrierna i celler, d\u00e4r de oxideras och omvandlas till energi. L-karnitin \u00e4r avg\u00f6rande f\u00f6r transporten av l\u00e5ngkedjiga fettsyror in i celler, d\u00e4r fett omvandlas till energi.<\/p>\n<ul>\n<li>Viktminskning<\/li>\n<li>1600 mg L-karnitin per portion<\/li>\n<li>Fettmetabolism<\/li>\n<\/ul>\n<\/div><div class=\"fusion-clearfix\"><\/div><\/div><\/div><div class=\"fusion-layout-column fusion_builder_column fusion-builder-column-3 fusion_builder_column_1_2 1_2 fusion-one-half fusion-column-first\" style=\"--awb-bg-size:cover;width:48%; margin-right: 4%;\"><div class=\"fusion-column-wrapper fusion-flex-column-wrapper-legacy\"><div class=\"fusion-text fusion-text-5\"><p class=\"subtitle-fb\">Anv\u00e4ndningsinstruktioner:<\/p>\n<p>Ta 2-4 kapslar dagligen. Produkten anv\u00e4nds b\u00e4st n\u00e4r den tas p\u00e5 tom mage med vatten eller juice i uppdelade doser 45 minuter f\u00f6re frukost och lunch.<\/p>\n<p class=\"subtitle-fb\">Andra ingredienser:<\/p>\n<p>Antiklumpningsmedel (tri-kalciumfosfat, kalciumkarbonat), kapselskal (gelatin).<\/p>\n<p class=\"subtitle-fb\">Allergiinformation:<\/p>\n<p>Produkten inneh\u00e5ller inte potentiellt allergiframkallande \u00e4mnen.<\/p>\n<\/div><div class=\"fusion-clearfix\"><\/div><\/div><\/div><div class=\"fusion-layout-column fusion_builder_column fusion-builder-column-4 fusion_builder_column_1_2 1_2 fusion-one-half fusion-column-last\" style=\"--awb-bg-size:cover;width:48%;\"><div class=\"fusion-column-wrapper fusion-flex-column-wrapper-legacy\"><div class=\"fusion-text fusion-text-6\"><p class=\"subtitle-fb\">Viktig information:<\/p>\n<p>Denna produkt \u00e4r ett kosttillskott. Anv\u00e4nd denna produkt tillsammans med mat som en del av en h\u00e4lsosam, balanserad kost, inte som en ers\u00e4ttning f\u00f6r s\u00e5dan. F\u00f6rvara utom r\u00e4ckh\u00e5ll f\u00f6r barn. Ej avsedd f\u00f6r anv\u00e4ndning av gravida eller ammande kvinnor! \u00d6verskrid inte den rekommenderade dagliga dosen. F\u00f6rvara p\u00e5 en kall och torr plats. Uts\u00e4tt inte f\u00f6r stark v\u00e4rme, fukt eller solljus. B\u00e4st f\u00f6re det utg\u00e5ngsdatum som \u00e4r skrivet p\u00e5 f\u00f6rpackningen<\/p>\n<\/div><div class=\"fusion-text fusion-text-7\"><p class=\"subtitle-fb\">N\u00c4RINGSINNEH\u00c5LL<\/p>\n<\/div><div class=\"fusion-text fusion-text-8\"><div class=\"table-1\">\n<table class=\"tb\" style=\"height: 192px;\" width=\"538\">\n<tbody>\n<tr class=\"table-row_border\">\n<td style=\"text-align: center;\">Portionsstorlek: 2 kapslar<\/td>\n<td style=\"text-align: center;\" colspan=\"2\">Portioner per beh\u00e5llare: 60<\/td>\n<\/tr>\n<tr class=\"table-row_border\">\n<td><strong>N\u00e4ringsinneh\u00e5ll per:<\/strong><\/td>\n<td>1 portion<br \/>\n(2 kapslar)<\/td>\n<td>4 kapslar<\/td>\n<\/tr>\n<tr>\n<td>L Carnitine (fr\u00e5n L-Carnitine<br \/>\nL-tartrat och L-karnitinbas)<br \/>\nL-arginin<br \/>\nL-Ornithine<\/td>\n<td>1700 mg<br \/>\n100 mg<br \/>\n100 mg<\/td>\n<td>3400 mg<br \/>\n200 mg<br \/>\n200 mg<\/td>\n<\/tr>\n<\/tbody>\n<\/table>\n<\/div>\n<\/div><div class=\"fusion-clearfix\"><\/div><\/div><\/div><\/div><\/div><\/p>\n","protected":false},"excerpt":{"rendered":"","protected":false},"author":1,"featured_media":0,"parent":12435,"menu_order":0,"comment_status":"closed","ping_status":"closed","template":"","meta":{"footnotes":""},"class_list":["post-14745","page","type-page","status-publish","hentry"],"_links":{"self":[{"href":"https:\/\/vikingforce.se\/sv\/wp-json\/wp\/v2\/pages\/14745","targetHints":{"allow":["GET"]}}],"collection":[{"href":"https:\/\/vikingforce.se\/sv\/wp-json\/wp\/v2\/pages"}],"about":[{"href":"https:\/\/vikingforce.se\/sv\/wp-json\/wp\/v2\/types\/page"}],"author":[{"embeddable":true,"href":"https:\/\/vikingforce.se\/sv\/wp-json\/wp\/v2\/users\/1"}],"replies":[{"embeddable":true,"href":"https:\/\/vikingforce.se\/sv\/wp-json\/wp\/v2\/comments?post=14745"}],"version-history":[{"count":14,"href":"https:\/\/vikingforce.se\/sv\/wp-json\/wp\/v2\/pages\/14745\/revisions"}],"predecessor-version":[{"id":23571,"href":"https:\/\/vikingforce.se\/sv\/wp-json\/wp\/v2\/pages\/14745\/revisions\/23571"}],"up":[{"embeddable":true,"href":"https:\/\/vikingforce.se\/sv\/wp-json\/wp\/v2\/pages\/12435"}],"wp:attachment":[{"href":"https:\/\/vikingforce.se\/sv\/wp-json\/wp\/v2\/media?parent=14745"}],"curies":[{"name":"wp","href":"https:\/\/api.w.org\/{rel}","templated":true}]}}