{"id":14727,"date":"2017-04-09T14:10:50","date_gmt":"2017-04-09T14:10:50","guid":{"rendered":"http:\/\/vikingforce.se\/sv\/?page_id=14727"},"modified":"2025-05-16T09:34:49","modified_gmt":"2025-05-16T09:34:49","slug":"beta-alanine","status":"publish","type":"page","link":"https:\/\/vikingforce.se\/sv\/amino-acids\/beta-alanine\/","title":{"rendered":"BETA ALANINE"},"content":{"rendered":"<p><div class=\"fusion-fullwidth fullwidth-box fusion-builder-row-1 hundred-percent-fullwidth non-hundred-percent-height-scrolling fusion-equal-height-columns\" style=\"--awb-background-position:left top;--awb-border-color:#f6f6f6;--awb-border-radius-top-left:0px;--awb-border-radius-top-right:0px;--awb-border-radius-bottom-right:0px;--awb-border-radius-bottom-left:0px;--awb-padding-top:1px;--awb-padding-right:0px;--awb-padding-bottom:30px;--awb-padding-left:0px;--awb-background-color:#fff;--awb-border-sizes-top:0px;--awb-border-sizes-bottom:0px;--awb-flex-wrap:wrap;\" ><div class=\"fusion-builder-row fusion-row\"><div class=\"fusion-layout-column fusion_builder_column fusion-builder-column-0 fusion_builder_column_1_2 1_2 fusion-one-half fusion-column-first\" style=\"--awb-bg-size:cover;width:48%; margin-right: 4%;\"><div class=\"fusion-column-wrapper fusion-flex-column-wrapper-legacy\"><div class=\"fusion-sep-clear\"><\/div><div class=\"fusion-separator fusion-full-width-sep\" style=\"margin-left: auto;margin-right: auto;margin-top:60px;width:100%;\"><\/div><div class=\"fusion-sep-clear\"><\/div><div class=\"fusion-text fusion-text-1\"><p><img decoding=\"async\" class=\"wp-image-14074 size-full aligncenter\" src=\"https:\/\/vikingforce.se\/wp-content\/uploads\/2017\/03\/beta-alanine.jpg\" alt=\"\" width=\"600\" height=\"740\" srcset=\"https:\/\/vikingforce.se\/wp-content\/uploads\/2017\/03\/beta-alanine-243x300.jpg 243w, https:\/\/vikingforce.se\/wp-content\/uploads\/2017\/03\/beta-alanine.jpg 600w\" sizes=\"(max-width: 600px) 100vw, 600px\" \/><\/p>\n<\/div><div class=\"fusion-clearfix\"><\/div><\/div><\/div><div class=\"fusion-layout-column fusion_builder_column fusion-builder-column-1 fusion_builder_column_1_2 1_2 fusion-one-half fusion-column-last\" style=\"--awb-bg-size:cover;width:48%;\"><div class=\"fusion-column-wrapper fusion-flex-column-wrapper-legacy\"><div class=\"fusion-title title fusion-title-1 fusion-sep-none fusion-title-text fusion-title-size-one title-wg\" style=\"--awb-margin-bottom:5px;\"><h1 class=\"fusion-title-heading title-heading-left\" style=\"margin:0;\"><p style=\"text-align: center;\">VIKING BETA ALANINE<\/p><\/h1><\/div><div class=\"fusion-text fusion-text-2\"><p style=\"text-align: center;\">(Kosttillskott)<\/p>\n<\/div><div class=\"fusion-text fusion-text-3\"><p class=\"subtitle-wg\" style=\"text-align: center;\">Nettovikt: 302 g<\/p>\n<p class=\"subtitle-wg\" style=\"text-align: center;\">120 Kapslar<\/p>\n<\/div><div class=\"fusion-clearfix\"><\/div><\/div><\/div><\/div><\/div><div class=\"fusion-fullwidth fullwidth-box fusion-builder-row-2 nonhundred-percent-fullwidth non-hundred-percent-height-scrolling\" style=\"--awb-border-color:#f6f6f6;--awb-border-radius-top-left:0px;--awb-border-radius-top-right:0px;--awb-border-radius-bottom-right:0px;--awb-border-radius-bottom-left:0px;--awb-padding-top:10px;--awb-padding-right:0px;--awb-padding-bottom:0px;--awb-padding-left:0px;--awb-background-color:#fff;--awb-border-sizes-top:0px;--awb-border-sizes-bottom:0px;--awb-flex-wrap:wrap;\" ><div class=\"fusion-builder-row fusion-row\"><div class=\"fusion-layout-column fusion_builder_column fusion-builder-column-2 fusion_builder_column_2_5 2_5 fusion-two-fifth fusion-column-first\" style=\"--awb-bg-size:cover;width:37.6%; margin-right: 4%;\"><div class=\"fusion-column-wrapper fusion-flex-column-wrapper-legacy\"><div class=\"fusion-text fusion-text-4\"><p class=\"subtitle-aa\">Viking BETA ALANINE<\/p>\n<p>Beta Alanine fungerar genom att \u00f6ka muskelkarnosinniv\u00e5erna, vilket i sin tur fungerar som en muskelbuffert genom att absorbera dessa extra v\u00e4tejoner. I vetenskapliga studier har beta-alanin visat sig \u00f6ka styrka, kraftuttag, uth\u00e5llighet, tr\u00e4ningskapacitet, muskelmassa och f\u00f6rdr\u00f6ja uppkomsten av neuromuskul\u00e4r tr\u00f6tthet. Beta Alanine \u00e4r perfekt f\u00f6r alla som ut\u00f6var en sport d\u00e4r styrka, kraft och uth\u00e5llighet beh\u00f6vs.<\/p>\n<p class=\"subtitle-aa\">Anvisningar f\u00f6r anv\u00e4ndning:<\/p>\n<p>Som ett kosttillskott, ta 2 kapslar tv\u00e5 g\u00e5nger dagligen. P\u00e5 Icke-Tr\u00e4ningsdagar: Ta 1 dos innan din f\u00f6rsta m\u00e5ltid f\u00f6r dagen och 1 dos 6-8 timmar senare. P\u00e5 Tr\u00e4ningsdagar: Ta 1 dos 20-30 minuter innan tr\u00e4ning och 1 dos efter tr\u00e4ning. Beta-Alanin kan skapa en stickande k\u00e4nsla p\u00e5 huden, vilket \u00e4r normalt och b\u00f6r avta efter kontinuerlig anv\u00e4ndning.<\/p>\n<p>F\u00f6r att bed\u00f6ma tolerans, b\u00f6rja med att konsumera \u00bd dos. Tills\u00e4tt inte till produkter som redan inneh\u00e5ller Beta-Alanin.<\/p>\n<p class=\"subtitle-aa\">Ingredienser:<\/p>\n<p>Beta Alanine<\/p>\n<p class=\"subtitle-aa\">\u00d6vriga ingredienser:<\/p>\n<p>Klumf\u00f6rebyggande medel (magnesiumstearat, kiseldioxid), kapselskal (gelatin).<\/p>\n<\/div><div class=\"fusion-clearfix\"><\/div><\/div><\/div><div class=\"fusion-layout-column fusion_builder_column fusion-builder-column-3 fusion_builder_column_3_5 3_5 fusion-three-fifth fusion-column-last\" style=\"--awb-bg-size:cover;width:58.4%;\"><div class=\"fusion-column-wrapper fusion-flex-column-wrapper-legacy\"><div class=\"fusion-text fusion-text-5\"><p class=\"subtitle-aa\">N\u00c4RINGSFAKTA<\/p>\n<\/div><div class=\"fusion-text fusion-text-6\"><div class=\"table-1\">\n<table class=\"tb\" width=\"100%\">\n<tbody>\n<tr class=\"table-row_border\">\n<td colspan=\"3\"><strong>Portionsstorlek: 2 kapslar<\/strong><\/td>\n<td colspan=\"2\"><strong>Portioner per beh\u00e5llare: 60<\/strong><\/td>\n<\/tr>\n<tr>\n<td colspan=\"3\">Kompletterande fakta per:<\/td>\n<td>1 portion (2 kapslar)<\/td>\n<td>4 kapslar<\/td>\n<\/tr>\n<tr>\n<td colspan=\"3\">Beta Alanine<\/td>\n<td>2000 mg<\/td>\n<td>4000 mg<\/td>\n<\/tr>\n<\/tbody>\n<\/table>\n<\/div>\n<\/div><div class=\"fusion-text fusion-text-7\"><p><strong style=\"color: #009746;\">Allergiinformation:<\/strong><\/p>\n<p>Kan inneh\u00e5lla sp\u00e5r av mj\u00f6lk, soja, \u00e4gg och vete (gluten).<\/p>\n<p><strong style=\"color: #009746;\">Viktig information:<\/strong><\/p>\n<p>Denna produkt \u00e4r ett kosttillskott. Anv\u00e4nd denna produkt tillsammans med mat som en del av en h\u00e4lsosam, balanserad diet, inte som en ers\u00e4ttning f\u00f6r s\u00e5dan. F\u00f6rvaras utom r\u00e4ckh\u00e5ll f\u00f6r barn. Ej avsedd f\u00f6r anv\u00e4ndning av gravida eller ammande kvinnor! \u00d6verskrid inte den rekommenderade dagliga dosen. F\u00f6rvara p\u00e5 en sval, torr plats. Uts\u00e4tt inte f\u00f6r \u00f6verdriven v\u00e4rme, fukt eller solljus. B\u00e4st f\u00f6re utg\u00e5ngsdatumet som st\u00e5r p\u00e5 f\u00f6rpackningen.<\/p>\n<\/div><div class=\"fusion-clearfix\"><\/div><\/div><\/div><\/div><\/div><\/p>\n","protected":false},"excerpt":{"rendered":"","protected":false},"author":1,"featured_media":0,"parent":12370,"menu_order":0,"comment_status":"closed","ping_status":"closed","template":"","meta":{"footnotes":""},"class_list":["post-14727","page","type-page","status-publish","hentry"],"_links":{"self":[{"href":"https:\/\/vikingforce.se\/sv\/wp-json\/wp\/v2\/pages\/14727","targetHints":{"allow":["GET"]}}],"collection":[{"href":"https:\/\/vikingforce.se\/sv\/wp-json\/wp\/v2\/pages"}],"about":[{"href":"https:\/\/vikingforce.se\/sv\/wp-json\/wp\/v2\/types\/page"}],"author":[{"embeddable":true,"href":"https:\/\/vikingforce.se\/sv\/wp-json\/wp\/v2\/users\/1"}],"replies":[{"embeddable":true,"href":"https:\/\/vikingforce.se\/sv\/wp-json\/wp\/v2\/comments?post=14727"}],"version-history":[{"count":11,"href":"https:\/\/vikingforce.se\/sv\/wp-json\/wp\/v2\/pages\/14727\/revisions"}],"predecessor-version":[{"id":23536,"href":"https:\/\/vikingforce.se\/sv\/wp-json\/wp\/v2\/pages\/14727\/revisions\/23536"}],"up":[{"embeddable":true,"href":"https:\/\/vikingforce.se\/sv\/wp-json\/wp\/v2\/pages\/12370"}],"wp:attachment":[{"href":"https:\/\/vikingforce.se\/sv\/wp-json\/wp\/v2\/media?parent=14727"}],"curies":[{"name":"wp","href":"https:\/\/api.w.org\/{rel}","templated":true}]}}