{"id":13765,"date":"2016-09-19T14:57:33","date_gmt":"2016-09-19T14:57:33","guid":{"rendered":"http:\/\/vikingforce.se\/sv\/?page_id=13765"},"modified":"2025-05-16T15:55:16","modified_gmt":"2025-05-16T15:55:16","slug":"multivit-strong","status":"publish","type":"page","link":"https:\/\/vikingforce.se\/sv\/vitamins\/multivit-strong\/","title":{"rendered":"MULTIVIT STRONG"},"content":{"rendered":"<p><div class=\"fusion-fullwidth fullwidth-box fusion-builder-row-1 nonhundred-percent-fullwidth non-hundred-percent-height-scrolling\" style=\"--awb-background-position:left top;--awb-border-radius-top-left:0px;--awb-border-radius-top-right:0px;--awb-border-radius-bottom-right:0px;--awb-border-radius-bottom-left:0px;--awb-padding-top:20px;--awb-padding-bottom:20px;--awb-border-sizes-top:0px;--awb-border-sizes-bottom:0px;--awb-flex-wrap:wrap;\" ><div class=\"fusion-builder-row fusion-row\"><div class=\"fusion-layout-column fusion_builder_column fusion-builder-column-0 fusion_builder_column_1_2 1_2 fusion-one-half fusion-column-first\" style=\"--awb-bg-size:cover;width:48%; margin-right: 4%;\"><div class=\"fusion-column-wrapper fusion-flex-column-wrapper-legacy\"><div class=\"fusion-sep-clear\"><\/div><div class=\"fusion-separator fusion-full-width-sep\" style=\"margin-left: auto;margin-right: auto;width:100%;\"><\/div><div class=\"fusion-sep-clear\"><\/div><div class=\"fusion-text fusion-text-1\"><p><img decoding=\"async\" class=\"wp-image-14140 size-full aligncenter\" src=\"https:\/\/vikingforce.se\/wp-content\/uploads\/2017\/03\/multivit_s.jpg\" alt=\"\" width=\"600\" height=\"741\" srcset=\"https:\/\/vikingforce.se\/wp-content\/uploads\/2017\/03\/multivit_s-243x300.jpg 243w, https:\/\/vikingforce.se\/wp-content\/uploads\/2017\/03\/multivit_s.jpg 600w\" sizes=\"(max-width: 600px) 100vw, 600px\" \/><\/p>\n<\/div><div class=\"fusion-clearfix\"><\/div><\/div><\/div><div class=\"fusion-layout-column fusion_builder_column fusion-builder-column-1 fusion_builder_column_1_2 1_2 fusion-one-half fusion-column-last\" style=\"--awb-bg-size:cover;width:48%;\"><div class=\"fusion-column-wrapper fusion-flex-column-wrapper-legacy\"><div class=\"fusion-sep-clear\"><\/div><div class=\"fusion-separator fusion-full-width-sep\" style=\"margin-left: auto;margin-right: auto;margin-top:30px;width:100%;\"><\/div><div class=\"fusion-sep-clear\"><\/div><div class=\"fusion-title title fusion-title-1 fusion-sep-none fusion-title-text fusion-title-size-one title-wg\" style=\"--awb-margin-bottom:5px;\"><h1 class=\"fusion-title-heading title-heading-left\" style=\"margin:0;\"><div style=\"text-align: center;\"><span style=\"font-size: var(--h1_typography-font-size); font-style: var(--h1_typography-font-style,normal); font-weight: var(--h1_typography-font-weight); letter-spacing: var(--h1_typography-letter-spacing); background-color: rgba(255, 255, 255, 0);\">VIKING MULTIVIT STRONG<\/span><\/div><\/h1><\/div><div class=\"fusion-text fusion-text-2\"><p style=\"text-align: center;\">(Kosttillskott)<\/p>\n<\/div><div class=\"fusion-sep-clear\"><\/div><div class=\"fusion-separator fusion-full-width-sep\" style=\"margin-left: auto;margin-right: auto;margin-top:10px;width:100%;\"><\/div><div class=\"fusion-sep-clear\"><\/div><div class=\"fusion-text fusion-text-3\"><p class=\"subtitle-wg\" style=\"text-align: center;\">Nettovikt: 87 g<\/p>\n<p class=\"subtitle-wg\" style=\"text-align: center;\">100 Kapslar<\/p>\n<\/div><div class=\"fusion-clearfix\"><\/div><\/div><\/div><\/div><\/div><div class=\"fusion-fullwidth fullwidth-box fusion-builder-row-2 nonhundred-percent-fullwidth non-hundred-percent-height-scrolling\" style=\"--awb-background-position:left top;--awb-border-radius-top-left:0px;--awb-border-radius-top-right:0px;--awb-border-radius-bottom-right:0px;--awb-border-radius-bottom-left:0px;--awb-padding-top:20px;--awb-padding-bottom:20px;--awb-border-sizes-top:0px;--awb-border-sizes-bottom:0px;--awb-flex-wrap:wrap;\" ><div class=\"fusion-builder-row fusion-row\"><div class=\"fusion-layout-column fusion_builder_column fusion-builder-column-2 fusion_builder_column_1_1 1_1 fusion-one-full fusion-column-first fusion-column-last\" style=\"--awb-bg-size:cover;\"><div class=\"fusion-column-wrapper fusion-flex-column-wrapper-legacy\"><div class=\"fusion-text fusion-text-4\"><p class=\"subtitle-vit\">MULTIVIT STRONG<\/p>\n<p>\u00c4r ett kosttillskott av vitaminer och mineraler som rekommenderas vid reducerat intag av kost eller \u00f6kat n\u00e4ringsbehov.<br \/>\nVitaminer har en livsviktig och v\u00e4sentlig roll f\u00f6r alla organismers funktioner, b\u00e5de som antioxidanter och i reglering av hormonniv\u00e5er.<br \/>\nDessutom inneh\u00e5ller <strong>Viking Multivit Strong<\/strong> B-vitaminer i optimala niv\u00e5er vilket \u00e4r s\u00e4rskilt viktigt f\u00f6r dem som ut\u00f6var intensiv fysisk aktivitet eftersom dessa vitaminer spelar en nyckelroll i cellmetabolism, i produktion av energi, f\u00f6r nervsystemet och f\u00f6r metabolism av lipider och proteiner.<\/p>\n<p>\u2022 Komplett multivitamin med mineraler<br \/>\n\u2022 Normal h\u00e4lsa<br \/>\n\u2022 Starkare immunsystem<\/p>\n<\/div><div class=\"fusion-clearfix\"><\/div><\/div><\/div><\/div><\/div><div class=\"fusion-fullwidth fullwidth-box fusion-builder-row-3 hundred-percent-fullwidth non-hundred-percent-height-scrolling\" style=\"--awb-border-radius-top-left:0px;--awb-border-radius-top-right:0px;--awb-border-radius-bottom-right:0px;--awb-border-radius-bottom-left:0px;--awb-overflow:visible;--awb-flex-wrap:wrap;\" ><div class=\"fusion-builder-row fusion-row\"><div class=\"fusion-layout-column fusion_builder_column fusion-builder-column-3 fusion_builder_column_1_2 1_2 fusion-one-half fusion-column-first\" style=\"--awb-bg-size:cover;width:48%; margin-right: 4%;\"><div class=\"fusion-column-wrapper fusion-flex-column-wrapper-legacy\"><div class=\"fusion-text fusion-text-5\"><p class=\"subtitle-vit\">Bruksanvisning:<\/p>\n<p>Ta 2 kapslar dagligen, helst under frukosten.<\/p>\n<p class=\"subtitle-vit\">Allergiinformation:<\/p>\n<p>Kan inneh\u00e5lla sp\u00e5r av mj\u00f6lk, soja, \u00e4gg och vete (gluten).<\/p>\n<p class=\"subtitle-vit\">Viktig information:<\/p>\n<p>Detta \u00e4r ett kosttillskott. Anv\u00e4nd detta tillskott tillsammans med mat som en del av en h\u00e4lsosam och balanserad kost, inte som en ers\u00e4ttning f\u00f6r s\u00e5dan. F\u00f6rvaras utom r\u00e4ckh\u00e5ll f\u00f6r barn. Ej avsett f\u00f6r barn och gravida eller ammande kvinnor! \u00d6verskrid inte den rekommenderade dagliga dosen. F\u00f6rvara p\u00e5 en sval, torr plats. Uts\u00e4tt inte f\u00f6r \u00f6verdriven v\u00e4rme, fukt eller solljus. B\u00e4st f\u00f6re utg\u00e5ngsdatum som anges p\u00e5 f\u00f6rpackningen.<\/p>\n<\/div><div class=\"fusion-text fusion-text-6\"><p class=\"subtitle-vit\">Ingredienser:<\/p>\n<p>Tri-magnesiumcitrat, L-askorbinsyra (vitamin C), kalciumkarbonat, kaliumklorid, j\u00e4rnglukonat, betakaroten (vitamin A), D-alfa-tokoferylacetat (vitamin E), zinkcitrat, selenj\u00e4st, nikotinamid (niacin), kalcium-D-pantotenat (pantotensyra), inositol, kolinbitartrat, tiaminmononitrat (vitamin B1), riboflavin (vitamin B2), paraaminobensoesyra, cyanokobalamin (vitamin B12), kolekalciferol (vitamin D3), pyridoxinhydroklorid (vitamin B6), krompikolinat, kaliumjodid, pteroylmonoglutaminsyra (folsyra), D-biotin.<\/p>\n<p class=\"subtitle-vit\">\u00d6vriga ingredienser:<\/p>\n<p>Gelatinkapsel<\/p>\n<\/div><div class=\"fusion-clearfix\"><\/div><\/div><\/div><div class=\"fusion-layout-column fusion_builder_column fusion-builder-column-4 fusion_builder_column_1_2 1_2 fusion-one-half fusion-column-last\" style=\"--awb-bg-size:cover;width:48%;\"><div class=\"fusion-column-wrapper fusion-flex-column-wrapper-legacy\"><div class=\"fusion-text fusion-text-7\"><p class=\"subtitle-vit\">N\u00c4RINGSINNEH\u00c5LL<\/p>\n<\/div><div class=\"fusion-text fusion-text-8\"><div class=\"table-1\">\n<table class=\"tb\" width=\"100%\">\n<tbody>\n<tr class=\"table-row_border\">\n<td colspan=\"3\"><strong>Tillskottsfakta per:<\/strong><\/td>\n<td colspan=\"2\">1 portion (2 kapslar)<\/td>\n<\/tr>\n<tr>\n<td colspan=\"3\">Vitamin C (L-askorbinsyra)<\/td>\n<td colspan=\"2\">200 mg (250 %*)<\/td>\n<\/tr>\n<tr>\n<td colspan=\"3\">Magnesium (trimagnesiumcitrat)<\/td>\n<td colspan=\"2\">100 mg (26,7 %*)<\/td>\n<\/tr>\n<tr>\n<td colspan=\"3\">Kalium (kaliumklorid)<\/td>\n<td colspan=\"2\">100 mg (5 %*)<\/td>\n<\/tr>\n<tr>\n<td colspan=\"3\">Kalcium (kalciumkarbonat)<\/td>\n<td colspan=\"2\">100 mg (12,5 %*)<\/td>\n<\/tr>\n<tr>\n<td colspan=\"3\">Niacin (nikotinamid)<\/td>\n<td colspan=\"2\">18 mg (112,5 %*)<\/td>\n<\/tr>\n<tr>\n<td colspan=\"3\">Pantotensyra (kalcium-D-pantotenat)<\/td>\n<td colspan=\"2\">18 mg (300 %*)<\/td>\n<\/tr>\n<tr>\n<td colspan=\"3\">Kolin<\/td>\n<td colspan=\"2\">18 mg<\/td>\n<\/tr>\n<tr>\n<td colspan=\"3\">Inositol<\/td>\n<td colspan=\"2\">18 mg<\/td>\n<\/tr>\n<tr>\n<td colspan=\"3\">Vitamin E (D-alfa-tokoferylacetat)<\/td>\n<td colspan=\"2\">18 mg (150 %*)<\/td>\n<\/tr>\n<tr>\n<td colspan=\"3\">J\u00e4rn (j\u00e4rnglukonat)<\/td>\n<td colspan=\"2\">15 mg (107 %*)<\/td>\n<\/tr>\n<tr>\n<td colspan=\"3\">Tiamin (tiaminmononitrat)<\/td>\n<td colspan=\"2\">10 mg (909 %*)<\/td>\n<\/tr>\n<tr>\n<td colspan=\"3\">Riboflavin<\/td>\n<td colspan=\"2\">10 mg (714,3 %*)<\/td>\n<\/tr>\n<tr>\n<td colspan=\"3\">PABA<\/td>\n<td colspan=\"2\">9 mg<\/td>\n<\/tr>\n<tr>\n<td colspan=\"3\">Vitamin B6 (pyridoxinhydroklorid)<\/td>\n<td colspan=\"2\">4,8 mg (342,9 %*)<\/td>\n<\/tr>\n<tr>\n<td colspan=\"3\">Zink (zinkcitrat)<\/td>\n<td colspan=\"2\">15 mg (150 %*)<\/td>\n<\/tr>\n<tr>\n<td colspan=\"3\">Vitamin A (betakaroten)<\/td>\n<td colspan=\"2\">600 \u00b5g (75 %*)<\/td>\n<\/tr>\n<tr>\n<td colspan=\"3\">Jod (kaliumjodid)<\/td>\n<td colspan=\"2\">100 \u00b5g (66,7 %*)<\/td>\n<\/tr>\n<tr>\n<td colspan=\"3\">Krom (krompikolinat)<\/td>\n<td colspan=\"2\">100 \u00b5g (250 %*)<\/td>\n<\/tr>\n<tr>\n<td colspan=\"3\">Folsyra (pteroylmonoglutaminsyra)<\/td>\n<td colspan=\"2\">100 \u00b5g (50 %*)<\/td>\n<\/tr>\n<tr>\n<td colspan=\"3\">Biotin<\/td>\n<td colspan=\"2\">50 \u00b5g (100 %*)<\/td>\n<\/tr>\n<tr>\n<td colspan=\"3\">Selen<\/td>\n<td colspan=\"2\">40 \u00b5g (72,7 %*)<\/td>\n<\/tr>\n<tr>\n<td colspan=\"3\">Vitamin D3<\/td>\n<td colspan=\"2\">12,5 \u00b5g (250 %*)<\/td>\n<\/tr>\n<tr>\n<td colspan=\"3\">Vitamin B12<\/td>\n<td colspan=\"2\">6 \u00b5g (240 %*)<\/td>\n<\/tr>\n<tr>\n<td colspan=\"5\">* NRVs &#8211; Referensv\u00e4rden f\u00f6r n\u00e4rings\u00e4mnen<\/td>\n<\/tr>\n<\/tbody>\n<\/table>\n<\/div>\n<\/div><div class=\"fusion-clearfix\"><\/div><\/div><\/div><\/div><\/div><\/p>\n","protected":false},"excerpt":{"rendered":"","protected":false},"author":1,"featured_media":0,"parent":12511,"menu_order":0,"comment_status":"closed","ping_status":"closed","template":"","meta":{"footnotes":""},"class_list":["post-13765","page","type-page","status-publish","hentry"],"_links":{"self":[{"href":"https:\/\/vikingforce.se\/sv\/wp-json\/wp\/v2\/pages\/13765","targetHints":{"allow":["GET"]}}],"collection":[{"href":"https:\/\/vikingforce.se\/sv\/wp-json\/wp\/v2\/pages"}],"about":[{"href":"https:\/\/vikingforce.se\/sv\/wp-json\/wp\/v2\/types\/page"}],"author":[{"embeddable":true,"href":"https:\/\/vikingforce.se\/sv\/wp-json\/wp\/v2\/users\/1"}],"replies":[{"embeddable":true,"href":"https:\/\/vikingforce.se\/sv\/wp-json\/wp\/v2\/comments?post=13765"}],"version-history":[{"count":13,"href":"https:\/\/vikingforce.se\/sv\/wp-json\/wp\/v2\/pages\/13765\/revisions"}],"predecessor-version":[{"id":23652,"href":"https:\/\/vikingforce.se\/sv\/wp-json\/wp\/v2\/pages\/13765\/revisions\/23652"}],"up":[{"embeddable":true,"href":"https:\/\/vikingforce.se\/sv\/wp-json\/wp\/v2\/pages\/12511"}],"wp:attachment":[{"href":"https:\/\/vikingforce.se\/sv\/wp-json\/wp\/v2\/media?parent=13765"}],"curies":[{"name":"wp","href":"https:\/\/api.w.org\/{rel}","templated":true}]}}