{"id":13737,"date":"2016-09-19T10:53:59","date_gmt":"2016-09-19T10:53:59","guid":{"rendered":"http:\/\/vikingforce.se\/sv\/?page_id=13737"},"modified":"2025-05-16T15:03:52","modified_gmt":"2025-05-16T15:03:52","slug":"caffeine","status":"publish","type":"page","link":"https:\/\/vikingforce.se\/sv\/pump-line\/caffeine\/","title":{"rendered":"CAFFEINE"},"content":{"rendered":"<p><div class=\"fusion-fullwidth fullwidth-box fusion-builder-row-1 nonhundred-percent-fullwidth non-hundred-percent-height-scrolling\" style=\"--awb-background-position:left top;--awb-border-radius-top-left:0px;--awb-border-radius-top-right:0px;--awb-border-radius-bottom-right:0px;--awb-border-radius-bottom-left:0px;--awb-padding-top:20px;--awb-padding-bottom:20px;--awb-border-sizes-top:0px;--awb-border-sizes-bottom:0px;--awb-flex-wrap:wrap;\" ><div class=\"fusion-builder-row fusion-row\"><div class=\"fusion-layout-column fusion_builder_column fusion-builder-column-0 fusion_builder_column_1_2 1_2 fusion-one-half fusion-column-first\" style=\"--awb-bg-size:cover;width:48%; margin-right: 4%;\"><div class=\"fusion-column-wrapper fusion-flex-column-wrapper-legacy\"><div class=\"fusion-sep-clear\"><\/div><div class=\"fusion-separator fusion-full-width-sep\" style=\"margin-left: auto;margin-right: auto;width:100%;\"><\/div><div class=\"fusion-sep-clear\"><\/div><div class=\"fusion-text fusion-text-1\"><p><img decoding=\"async\" class=\"wp-image-14120 size-full aligncenter\" src=\"http:\/\/vikingforce.se\/wp-content\/uploads\/2017\/03\/caffeine.jpg\" alt=\"\" width=\"600\" height=\"741\" srcset=\"https:\/\/vikingforce.se\/wp-content\/uploads\/2017\/03\/caffeine-243x300.jpg 243w, https:\/\/vikingforce.se\/wp-content\/uploads\/2017\/03\/caffeine.jpg 600w\" sizes=\"(max-width: 600px) 100vw, 600px\" \/><\/p>\n<\/div><div class=\"fusion-clearfix\"><\/div><\/div><\/div><div class=\"fusion-layout-column fusion_builder_column fusion-builder-column-1 fusion_builder_column_1_2 1_2 fusion-one-half fusion-column-last\" style=\"--awb-bg-size:cover;width:48%;\"><div class=\"fusion-column-wrapper fusion-flex-column-wrapper-legacy\"><div class=\"fusion-sep-clear\"><\/div><div class=\"fusion-separator fusion-full-width-sep\" style=\"margin-left: auto;margin-right: auto;margin-top:30px;width:100%;\"><\/div><div class=\"fusion-sep-clear\"><\/div><div class=\"fusion-title title fusion-title-1 fusion-sep-none fusion-title-text fusion-title-size-one title-wg\" style=\"--awb-margin-bottom:5px;\"><h1 class=\"fusion-title-heading title-heading-left\" style=\"margin:0;\"><p style=\"text-align: center;\">VIKING CAFFEINE<\/p><\/h1><\/div><div class=\"fusion-text fusion-text-2\"><p style=\"text-align: center;\">(Kosttillskott)<\/p>\n<\/div><div class=\"fusion-text fusion-text-3\"><p class=\"subtitle-wg\" style=\"text-align: center;\">Nettovikt: 40 g<\/p>\n<p class=\"subtitle-wg\" style=\"text-align: center;\">90 Kapslar<\/p>\n<\/div><div class=\"fusion-clearfix\"><\/div><\/div><\/div><\/div><\/div><div class=\"fusion-fullwidth fullwidth-box fusion-builder-row-2 nonhundred-percent-fullwidth non-hundred-percent-height-scrolling\" style=\"--awb-background-position:left top;--awb-border-radius-top-left:0px;--awb-border-radius-top-right:0px;--awb-border-radius-bottom-right:0px;--awb-border-radius-bottom-left:0px;--awb-padding-top:20px;--awb-padding-bottom:20px;--awb-border-sizes-top:0px;--awb-border-sizes-bottom:0px;--awb-flex-wrap:wrap;\" ><div class=\"fusion-builder-row fusion-row\"><div class=\"fusion-layout-column fusion_builder_column fusion-builder-column-2 fusion_builder_column_1_1 1_1 fusion-one-full fusion-column-first fusion-column-last\" style=\"--awb-bg-size:cover;\"><div class=\"fusion-column-wrapper fusion-flex-column-wrapper-legacy\"><div class=\"fusion-text fusion-text-4\"><p class=\"subtitle-pl\">Viking Caffeine<\/p>\n<p>Om du k\u00e4nner dig tr\u00f6tt, tar du en kaffe eller ett te. Nu \u00e4r det inte n\u00f6dv\u00e4ndigt!<br \/>\nVikingkoffein \u00e4r h\u00f6gdoserade koffeinkapslar, d\u00e4r en kapsel inneh\u00e5ller lika mycket koffein som tv\u00e5 stora koppar svart<br \/>\nkaffe.<br \/>\nTa Vikingkoffein och njut av dina aktiviteter! En dos p\u00e5 200 mg ger inte upphov till s\u00e4kerhetsproblem vid konsumtion<br \/>\nmindre \u00e4n tv\u00e5 timmar f\u00f6re intensiv tr\u00e4ning under normala milj\u00f6f\u00f6rh\u00e5llanden.<\/p>\n<p>** Dessa p\u00e5st\u00e5enden har vetenskapligt bevisats av Europeiska myndigheten f\u00f6r livsmedelss\u00e4kerhet (EFSA) och godk\u00e4nd av<br \/>\nEuropeiska kommissionen (EG)<\/p>\n<\/div><div class=\"fusion-clearfix\"><\/div><\/div><\/div><div class=\"fusion-layout-column fusion_builder_column fusion-builder-column-3 fusion_builder_column_1_2 1_2 fusion-one-half fusion-column-first\" style=\"--awb-bg-size:cover;width:48%; margin-right: 4%;\"><div class=\"fusion-column-wrapper fusion-flex-column-wrapper-legacy\"><div class=\"fusion-text fusion-text-5\"><p class=\"subtitle-pl\">Riktning f\u00f6r anv\u00e4ndning:<\/p>\n<p>Ta en kapsel dagligen, med 30-60 minuter innan viktig fysisk eller mental aktivitet.<\/p>\n<p class=\"subtitle-pl\">Ingredienser:<\/p>\n<p>Vattenfritt Koffein.<\/p>\n<p class=\"subtitle-pl\">Andra ingredienser:<\/p>\n<p>Fyllnadsmedel (maltodextrin), Kapselh\u00f6lje (gelatin, zinkoxid)<\/p>\n<p class=\"subtitle-pl\">Allergi Information:<\/p>\n<p>Kan inneh\u00e5lla sp\u00e5r av mj\u00f6lk, soja, \u00e4gg och vete (gluten).<\/p>\n<p class=\"subtitle-pl\">Viktig information:<\/p>\n<p>Denna produkt \u00e4r ett kosttillskott. Anv\u00e4nd denna produkt i samband med livsmedel som en del av en h\u00e4lsosam och balanserad kost, inte som en ers\u00e4ttning f\u00f6r en s\u00e5dan.<br \/>\n<strong>H\u00f6gt koffeininneh\u00e5ll (200 mg per portion)!<\/strong><br \/>\nF\u00f6rvara utom r\u00e4ckh\u00e5ll f\u00f6r barn. Inte avsedd att anv\u00e4ndas av gravida eller ammande kvinnor! Om du har k\u00e4nt medicinska tillst\u00e5nd (inklusive hj\u00e4rtproblem , h\u00f6gt blodtryck) eller lider av andra medicinska tillst\u00e5nd r\u00e5dfr\u00e5ga din l\u00e4kare innan du tar detta till\u00e4gg. Inte \u00f6verstiger den rekommenderade dagliga dosen.<br \/>\nF\u00f6rvara p\u00e5 en kall och torr plats. Uts\u00e4tt inte f\u00f6r stark v\u00e4rme, fukt eller solljus. B\u00e4st f\u00f6re utg\u00e5ngsdatum som anges p\u00e5 f\u00f6rpackningen.<\/p>\n<\/div><div class=\"fusion-clearfix\"><\/div><\/div><\/div><div class=\"fusion-layout-column fusion_builder_column fusion-builder-column-4 fusion_builder_column_1_2 1_2 fusion-one-half fusion-column-last\" style=\"--awb-bg-size:cover;width:48%;\"><div class=\"fusion-column-wrapper fusion-flex-column-wrapper-legacy\"><div class=\"fusion-text fusion-text-6\"><p class=\"subtitle-pl\">NUTRITION FACTS<\/p>\n<\/div><div class=\"fusion-text fusion-text-7\"><div class=\"table-1\">\n<table width=\"100%\">\n<thead>\n<tr>\n<th align=\"left\"><strong>Nutritional content per:<\/strong><\/th>\n<th align=\"left\"><strong>1 capsule<\/strong><\/th>\n<\/tr>\n<\/thead>\n<tbody>\n<tr>\n<td>Anhydrous Caffeine<\/td>\n<td>200 mg<\/td>\n<\/tr>\n<\/tbody>\n<\/table>\n<\/div>\n<\/div><div class=\"fusion-clearfix\"><\/div><\/div><\/div><\/div><\/div><\/p>\n","protected":false},"excerpt":{"rendered":"","protected":false},"author":1,"featured_media":0,"parent":12497,"menu_order":0,"comment_status":"closed","ping_status":"closed","template":"","meta":{"footnotes":""},"class_list":["post-13737","page","type-page","status-publish","hentry"],"_links":{"self":[{"href":"https:\/\/vikingforce.se\/sv\/wp-json\/wp\/v2\/pages\/13737","targetHints":{"allow":["GET"]}}],"collection":[{"href":"https:\/\/vikingforce.se\/sv\/wp-json\/wp\/v2\/pages"}],"about":[{"href":"https:\/\/vikingforce.se\/sv\/wp-json\/wp\/v2\/types\/page"}],"author":[{"embeddable":true,"href":"https:\/\/vikingforce.se\/sv\/wp-json\/wp\/v2\/users\/1"}],"replies":[{"embeddable":true,"href":"https:\/\/vikingforce.se\/sv\/wp-json\/wp\/v2\/comments?post=13737"}],"version-history":[{"count":12,"href":"https:\/\/vikingforce.se\/sv\/wp-json\/wp\/v2\/pages\/13737\/revisions"}],"predecessor-version":[{"id":23609,"href":"https:\/\/vikingforce.se\/sv\/wp-json\/wp\/v2\/pages\/13737\/revisions\/23609"}],"up":[{"embeddable":true,"href":"https:\/\/vikingforce.se\/sv\/wp-json\/wp\/v2\/pages\/12497"}],"wp:attachment":[{"href":"https:\/\/vikingforce.se\/sv\/wp-json\/wp\/v2\/media?parent=13737"}],"curies":[{"name":"wp","href":"https:\/\/api.w.org\/{rel}","templated":true}]}}