{"id":13695,"date":"2016-09-19T07:51:13","date_gmt":"2016-09-19T07:51:13","guid":{"rendered":"http:\/\/vikingforce.se\/sv\/?page_id=13695"},"modified":"2025-05-16T16:28:38","modified_gmt":"2025-05-16T16:28:38","slug":"carbs","status":"publish","type":"page","link":"https:\/\/vikingforce.se\/sv\/weight-gainers\/carbs\/","title":{"rendered":"CARBS"},"content":{"rendered":"<p><div class=\"fusion-fullwidth fullwidth-box fusion-builder-row-1 nonhundred-percent-fullwidth non-hundred-percent-height-scrolling\" style=\"--awb-background-position:left top;--awb-border-radius-top-left:0px;--awb-border-radius-top-right:0px;--awb-border-radius-bottom-right:0px;--awb-border-radius-bottom-left:0px;--awb-padding-top:20px;--awb-padding-bottom:20px;--awb-border-sizes-top:0px;--awb-border-sizes-bottom:0px;--awb-flex-wrap:wrap;\" ><div class=\"fusion-builder-row fusion-row\"><div class=\"fusion-layout-column fusion_builder_column fusion-builder-column-0 fusion_builder_column_1_2 1_2 fusion-one-half fusion-column-first\" style=\"--awb-bg-size:cover;width:48%; margin-right: 4%;\"><div class=\"fusion-column-wrapper fusion-flex-column-wrapper-legacy\"><div class=\"fusion-sep-clear\"><\/div><div class=\"fusion-separator fusion-full-width-sep\" style=\"margin-left: auto;margin-right: auto;width:100%;\"><\/div><div class=\"fusion-sep-clear\"><\/div><div class=\"fusion-text fusion-text-1\"><p><img decoding=\"async\" class=\"wp-image-14177 size-full aligncenter\" src=\"https:\/\/vikingforce.se\/wp-content\/uploads\/2017\/03\/carbs.jpg\" alt=\"\" width=\"600\" height=\"741\" srcset=\"https:\/\/vikingforce.se\/wp-content\/uploads\/2017\/03\/carbs-243x300.jpg 243w, https:\/\/vikingforce.se\/wp-content\/uploads\/2017\/03\/carbs.jpg 600w\" sizes=\"(max-width: 600px) 100vw, 600px\" \/><\/p>\n<\/div><div class=\"fusion-clearfix\"><\/div><\/div><\/div><div class=\"fusion-layout-column fusion_builder_column fusion-builder-column-1 fusion_builder_column_1_2 1_2 fusion-one-half fusion-column-last\" style=\"--awb-bg-size:cover;width:48%;\"><div class=\"fusion-column-wrapper fusion-flex-column-wrapper-legacy\"><div class=\"fusion-sep-clear\"><\/div><div class=\"fusion-separator fusion-full-width-sep\" style=\"margin-left: auto;margin-right: auto;margin-top:30px;width:100%;\"><\/div><div class=\"fusion-sep-clear\"><\/div><div class=\"fusion-title title fusion-title-1 fusion-sep-none fusion-title-text fusion-title-size-one title-wg\" style=\"--awb-margin-bottom:5px;\"><h1 class=\"fusion-title-heading title-heading-left\" style=\"margin:0;\"><div style=\"text-align: center;\"><span style=\"font-size: var(--h1_typography-font-size); font-style: var(--h1_typography-font-style,normal); font-weight: var(--h1_typography-font-weight); letter-spacing: var(--h1_typography-letter-spacing); background-color: rgba(255, 255, 255, 0);\">VIKING CARBS<\/span><\/div><\/h1><\/div><div class=\"fusion-text fusion-text-2\"><p style=\"text-align: center;\">(Kosttillskott)<\/p>\n<\/div><div class=\"fusion-text fusion-text-3\"><p class=\"subtitle-wg\" style=\"text-align: center;\">Nettovikt: 3000 g<\/p>\n<p class=\"subtitle-wg\" style=\"text-align: center;\">Portioner\/Beh\u00e5llare: 60<\/p>\n<\/div><div class=\"fusion-clearfix\"><\/div><\/div><\/div><\/div><\/div><div class=\"fusion-fullwidth fullwidth-box fusion-builder-row-2 nonhundred-percent-fullwidth non-hundred-percent-height-scrolling\" style=\"--awb-background-position:left top;--awb-border-radius-top-left:0px;--awb-border-radius-top-right:0px;--awb-border-radius-bottom-right:0px;--awb-border-radius-bottom-left:0px;--awb-padding-top:20px;--awb-padding-bottom:20px;--awb-border-sizes-top:0px;--awb-border-sizes-bottom:0px;--awb-flex-wrap:wrap;\" ><div class=\"fusion-builder-row fusion-row\"><div class=\"fusion-layout-column fusion_builder_column fusion-builder-column-2 fusion_builder_column_1_1 1_1 fusion-one-full fusion-column-first fusion-column-last\" style=\"--awb-bg-size:cover;\"><div class=\"fusion-column-wrapper fusion-flex-column-wrapper-legacy\"><div class=\"fusion-text fusion-text-4\"><p class=\"subtitle-wg\">Viking Kolhydrater<\/p>\n<p>Det \u00e4r en speciell blandning av kolhydrater avsedda att m\u00f6ta utgifterna f\u00f6r intensiv muskelanstr\u00e4ngning, s\u00e4rskilt f\u00f6r idrottare. En unik sammans\u00e4ttning av olika kolhydrater (t.ex. D-glukuronolakton, D-ribos) berikad med taurin.<br \/>\nF\u00f6r idrottare \u00e4r kolhydrater en utm\u00e4rkt energik\u00e4lla och en n\u00f6dv\u00e4ndig del av varje persons kost. Att utesluta kolhydrater kan vara okej under korta perioder, men efter dessa korta perioder m\u00e5ste du alltid \u00e5terinf\u00f6ra dem. Viking Kolhydrater, som kommer i fantastiska smaker som \u00c4pple, \u00e4r ett utm\u00e4rkt tillskott f\u00f6re tr\u00e4ningen till din regimen.<\/p>\n<p>\u2022 Avancerad kolhydratblandning<br \/>\n\u2022 Berikad med taurin, D-glukuronolakton, D-ribos<br \/>\n\u2022 Tillsatta vitaminer och mineraler<\/p>\n<\/div><div class=\"fusion-clearfix\"><\/div><\/div><\/div><div class=\"fusion-layout-column fusion_builder_column fusion-builder-column-3 fusion_builder_column_1_2 1_2 fusion-one-half fusion-column-first\" style=\"--awb-bg-size:cover;width:48%; margin-right: 4%;\"><div class=\"fusion-column-wrapper fusion-flex-column-wrapper-legacy\"><div class=\"fusion-text fusion-text-5\"><p class=\"subtitle-wg\">Smaker: <span style=\"font-weight: normal; color: #747474;\">Apelsin, Hallon, Jordgubb, \u00c4pple, Mango<\/span><\/p>\n<p class=\"subtitle-wg\">Anv\u00e4ndningsanvisningar:<\/p>\n<p>Beroende p\u00e5 dina prestandabehov, blanda 1\/2 till 1 skopa (25-50 g) i 3,5-4 dl vatten. Skaka v\u00e4l i 30-45 sekunder. Konsumera f\u00f6re, under eller efter intensiv tr\u00e4ning vid behov f\u00f6r extra energi. \u00d6ka dosen om du utf\u00f6r l\u00e5ngvarig anstr\u00e4ngning i 2 timmar eller mer.<\/p>\n<p class=\"subtitle-wg\">Ingredienser:<\/p>\n<p>Kolhydratblandning (maltodextriner, vaxartad majsst\u00e4rkelse, isomaltulos, dextros), surhetsreglerare (citronsyra), vitamin- och mineralf\u00f6rblandning (trinatriumcitrat, natriumklorid, kaliumklorid, trikalciumcitrat, vitamin C, trimagnesiumcitrat, niacin, pantotensyra, vitamin B6, tiamin, vitamin B12, folsyra), klumpf\u00f6rebyggande medel (trikalciumfosfat), taurin, D-glukuronolakton, D-ribos, smak, f\u00e4rger (kopparklorofyllin f\u00f6r \u00e4ppelsmak, betakaroten f\u00f6r apelsinsmak, riboflavin f\u00f6r citron- och mangosmaker, karmin f\u00f6r jordgubb och hallonsmaker), konstgjorda s\u00f6tningsmedel (sucralos, acesulfam K).<\/p>\n<p class=\"subtitle-wg\">Allergiinformation:<\/p>\n<p>Kan inneh\u00e5lla sp\u00e5r av mj\u00f6lk, \u00e4gg, soja och vete (gluten).<\/p>\n<p class=\"subtitle-wg\">Viktig information:<\/p>\n<p>Denna produkt \u00e4r ett kosttillskott. Anv\u00e4nd denna produkt tillsammans med mat som en del av en h\u00e4lsosam och balanserad kost, inte som ers\u00e4ttning f\u00f6r s\u00e5dan. F\u00f6rvara utom r\u00e4ckh\u00e5ll f\u00f6r barn. Inte avsedd f\u00f6r anv\u00e4ndning av barn och gravida eller ammande kvinnor! \u00d6verskrid inte den rekommenderade dagliga dosen.<br \/>\nF\u00f6rvara p\u00e5 en sval, torr plats. Uts\u00e4tt inte f\u00f6r \u00f6verdriven v\u00e4rme, fukt eller solljus. B\u00e4st f\u00f6re utg\u00e5ngsdatum som finns skrivet p\u00e5 f\u00f6rpackningen.<\/p>\n<\/div><div class=\"fusion-clearfix\"><\/div><\/div><\/div><div class=\"fusion-layout-column fusion_builder_column fusion-builder-column-4 fusion_builder_column_1_2 1_2 fusion-one-half fusion-column-last\" style=\"--awb-bg-size:cover;width:48%;\"><div class=\"fusion-column-wrapper fusion-flex-column-wrapper-legacy\"><div class=\"fusion-text fusion-text-6\"><p class=\"subtitle-wg\">N\u00c4RINGSINNEH\u00c5LL<\/p>\n<\/div><div class=\"fusion-text fusion-text-7\"><div class=\"table-1\">\n<table class=\"tb\" width=\"100%\">\n<tbody>\n<tr class=\"table-row_border\">\n<td colspan=\"3\"><strong>N\u00e4ringsinneh\u00e5ll per:<\/strong><\/td>\n<td colspan=\"2\">1 portion (<b>50 g<\/b>)<\/td>\n<td colspan=\"2\"><b>100 g<\/b><\/td>\n<\/tr>\n<tr>\n<td colspan=\"3\">Energi<\/td>\n<td colspan=\"2\">760,8 kJ \/ 179 kcal<\/td>\n<td colspan=\"2\">1521,5 kJ \/ 358 kcal<\/td>\n<\/tr>\n<tr>\n<td colspan=\"3\">Protein<\/td>\n<td colspan=\"2\">0 g<\/td>\n<td colspan=\"2\">0 g<\/td>\n<\/tr>\n<tr>\n<td colspan=\"3\">Kolhydrater<\/td>\n<td colspan=\"2\">44,8 g<\/td>\n<td colspan=\"2\">89,5 g<\/td>\n<\/tr>\n<tr>\n<td colspan=\"3\">varav socker<\/td>\n<td colspan=\"2\">8,7 g<\/td>\n<td colspan=\"2\">17,4 g<\/td>\n<\/tr>\n<tr>\n<td colspan=\"3\">Fett<\/td>\n<td colspan=\"2\">0 g<\/td>\n<td colspan=\"2\">0 g<\/td>\n<\/tr>\n<tr>\n<td colspan=\"3\">varav m\u00e4ttat fett<\/td>\n<td colspan=\"2\">0 g<\/td>\n<td colspan=\"2\">0 g<\/td>\n<\/tr>\n<tr>\n<td colspan=\"3\">Fibrer<\/td>\n<td colspan=\"2\">0 g<\/td>\n<td colspan=\"2\">0 g<\/td>\n<\/tr>\n<tr>\n<td colspan=\"3\">Natrium<\/td>\n<td colspan=\"2\">0,1 g<\/td>\n<td colspan=\"2\">0,2 g<\/td>\n<\/tr>\n<tr>\n<td colspan=\"3\">Taurin<\/td>\n<td colspan=\"2\">200 mg<\/td>\n<td colspan=\"2\">400 mg<\/td>\n<\/tr>\n<tr>\n<td colspan=\"3\">D-Glukuronolakton<\/td>\n<td colspan=\"2\">100 mg<\/td>\n<td colspan=\"2\">200 mg<\/td>\n<\/tr>\n<tr>\n<td colspan=\"3\">D-Ribos<\/td>\n<td colspan=\"2\">100 mg<\/td>\n<td colspan=\"2\">200 mg<\/td>\n<\/tr>\n<tr>\n<td class=\"strong\" colspan=\"3\">Vitamin C<\/td>\n<td colspan=\"2\">40 mg (50 %*)<\/td>\n<td colspan=\"2\">80 mg (100 %*)<\/td>\n<\/tr>\n<tr>\n<td class=\"strong\" colspan=\"3\">Niacin<\/td>\n<td colspan=\"2\">8 mg (50 %*)<\/td>\n<td colspan=\"2\">16 mg (100 %*)<\/td>\n<\/tr>\n<tr>\n<td class=\"strong\" colspan=\"3\">Pantotensyra<\/td>\n<td colspan=\"2\">3 mg (50 %*)<\/td>\n<td colspan=\"2\">6 mg (100 %*)<\/td>\n<\/tr>\n<tr>\n<td class=\"strong\" colspan=\"3\">Vitamin B6<\/td>\n<td colspan=\"2\">1 mg (75 %*)<\/td>\n<td colspan=\"2\">2,1 mg (150 %*)<\/td>\n<\/tr>\n<tr>\n<td class=\"strong\" colspan=\"3\">Tiamin<\/td>\n<td colspan=\"2\">1,1 mg (75 %*)<\/td>\n<td colspan=\"2\">2,2 mg (150 %*)<\/td>\n<\/tr>\n<tr>\n<td class=\"strong\" colspan=\"3\">Riboflavin<\/td>\n<td colspan=\"2\">0,4 mg (25 %*)<\/td>\n<td colspan=\"2\">0,7 mg (50 %*)<\/td>\n<\/tr>\n<tr>\n<td class=\"strong\" colspan=\"3\">Folsyra<\/td>\n<td colspan=\"2\">100 \u03bcg (50 %*)<\/td>\n<td colspan=\"2\">200 \u03bcg (100 %*)<\/td>\n<\/tr>\n<tr>\n<td class=\"strong\" colspan=\"3\">Vitamin B12<\/td>\n<td colspan=\"2\">0,6 \u03bcg (25 %*)<\/td>\n<td colspan=\"2\">1,2 \u03bcg (50 %*)<\/td>\n<\/tr>\n<tr>\n<td colspan=\"7\">* NRV &#8211; N\u00e4ringsreferensv\u00e4rden<\/td>\n<\/tr>\n<\/tbody>\n<\/table>\n<\/div>\n<\/div><div class=\"fusion-clearfix\"><\/div><\/div><\/div><\/div><\/div><\/p>\n","protected":false},"excerpt":{"rendered":"","protected":false},"author":1,"featured_media":0,"parent":12514,"menu_order":0,"comment_status":"closed","ping_status":"closed","template":"","meta":{"footnotes":""},"class_list":["post-13695","page","type-page","status-publish","hentry"],"_links":{"self":[{"href":"https:\/\/vikingforce.se\/sv\/wp-json\/wp\/v2\/pages\/13695","targetHints":{"allow":["GET"]}}],"collection":[{"href":"https:\/\/vikingforce.se\/sv\/wp-json\/wp\/v2\/pages"}],"about":[{"href":"https:\/\/vikingforce.se\/sv\/wp-json\/wp\/v2\/types\/page"}],"author":[{"embeddable":true,"href":"https:\/\/vikingforce.se\/sv\/wp-json\/wp\/v2\/users\/1"}],"replies":[{"embeddable":true,"href":"https:\/\/vikingforce.se\/sv\/wp-json\/wp\/v2\/comments?post=13695"}],"version-history":[{"count":12,"href":"https:\/\/vikingforce.se\/sv\/wp-json\/wp\/v2\/pages\/13695\/revisions"}],"predecessor-version":[{"id":23671,"href":"https:\/\/vikingforce.se\/sv\/wp-json\/wp\/v2\/pages\/13695\/revisions\/23671"}],"up":[{"embeddable":true,"href":"https:\/\/vikingforce.se\/sv\/wp-json\/wp\/v2\/pages\/12514"}],"wp:attachment":[{"href":"https:\/\/vikingforce.se\/sv\/wp-json\/wp\/v2\/media?parent=13695"}],"curies":[{"name":"wp","href":"https:\/\/api.w.org\/{rel}","templated":true}]}}