{"id":12579,"date":"2015-12-10T18:51:03","date_gmt":"2015-12-10T18:51:03","guid":{"rendered":"http:\/\/vikingforce.se\/sv\/zma\/"},"modified":"2025-05-16T15:13:22","modified_gmt":"2025-05-16T15:13:22","slug":"zma","status":"publish","type":"page","link":"https:\/\/vikingforce.se\/sv\/stimulators\/zma\/","title":{"rendered":"ZMA &#8211; Swedish"},"content":{"rendered":"<p><div class=\"fusion-fullwidth fullwidth-box fusion-builder-row-1 nonhundred-percent-fullwidth non-hundred-percent-height-scrolling\" style=\"--awb-background-position:center top;--awb-border-color:#f6f6f6;--awb-border-radius-top-left:0px;--awb-border-radius-top-right:0px;--awb-border-radius-bottom-right:0px;--awb-border-radius-bottom-left:0px;--awb-padding-top:1px;--awb-padding-right:0px;--awb-padding-bottom:30px;--awb-padding-left:0px;--awb-background-color:#fff;--awb-border-sizes-top:1px;--awb-border-sizes-bottom:1px;--awb-flex-wrap:wrap;\" ><div class=\"fusion-builder-row fusion-row\"><div class=\"fusion-layout-column fusion_builder_column fusion-builder-column-0 fusion_builder_column_1_2 1_2 fusion-one-half fusion-column-first\" style=\"--awb-bg-size:cover;width:48%; margin-right: 4%;\"><div class=\"fusion-column-wrapper fusion-flex-column-wrapper-legacy\"><div class=\"fusion-text fusion-text-1\"><p><img decoding=\"async\" class=\"wp-image-14098 size-full aligncenter\" src=\"https:\/\/vikingforce.se\/wp-content\/uploads\/2017\/03\/zma1.jpg\" alt=\"\" width=\"600\" height=\"740\" srcset=\"https:\/\/vikingforce.se\/wp-content\/uploads\/2017\/03\/zma1-243x300.jpg 243w, https:\/\/vikingforce.se\/wp-content\/uploads\/2017\/03\/zma1.jpg 600w\" sizes=\"(max-width: 600px) 100vw, 600px\" \/><\/p>\n<\/div><div class=\"fusion-clearfix\"><\/div><\/div><\/div><div class=\"fusion-layout-column fusion_builder_column fusion-builder-column-1 fusion_builder_column_1_2 1_2 fusion-one-half fusion-column-last\" style=\"--awb-bg-size:cover;width:48%;\"><div class=\"fusion-column-wrapper fusion-flex-column-wrapper-legacy\"><div class=\"fusion-title title fusion-title-1 fusion-sep-none fusion-title-text fusion-title-size-one title-wg\" style=\"--awb-margin-bottom:1px;\"><h1 class=\"fusion-title-heading title-heading-left\" style=\"margin:0;\"><div style=\"text-align: center;\"><span style=\"font-size: var(--h1_typography-font-size); font-style: var(--h1_typography-font-style,normal); font-weight: var(--h1_typography-font-weight); letter-spacing: var(--h1_typography-letter-spacing);\">VIKING ZMA<\/span><\/div><\/h1><\/div><div class=\"fusion-text fusion-text-2\"><p style=\"text-align: center;\">(Kosttillskott)<\/p>\n<\/div><div class=\"fusion-text fusion-text-3\"><p class=\"subtitle-wg\" style=\"text-align: center;\">Nettovikt: 160 g<\/p>\n<p class=\"subtitle-wg\" style=\"text-align: center;\">120 Kapslar<\/p>\n<\/div><div class=\"fusion-clearfix\"><\/div><\/div><\/div><\/div><\/div><div class=\"fusion-fullwidth fullwidth-box fusion-builder-row-2 nonhundred-percent-fullwidth non-hundred-percent-height-scrolling\" style=\"--awb-border-color:#f6f6f6;--awb-border-radius-top-left:0px;--awb-border-radius-top-right:0px;--awb-border-radius-bottom-right:0px;--awb-border-radius-bottom-left:0px;--awb-padding-top:10px;--awb-padding-right:0px;--awb-padding-bottom:0px;--awb-padding-left:0px;--awb-background-color:#fff;--awb-border-sizes-top:0px;--awb-border-sizes-bottom:0px;--awb-flex-wrap:wrap;\" ><div class=\"fusion-builder-row fusion-row\"><div class=\"fusion-layout-column fusion_builder_column fusion-builder-column-2 fusion_builder_column_1_1 1_1 fusion-one-full fusion-column-first fusion-column-last\" style=\"--awb-bg-size:cover;\"><div class=\"fusion-column-wrapper fusion-flex-column-wrapper-legacy\"><div class=\"fusion-text fusion-text-4\"><p class=\"subtitle-st\">Viking ZMA<\/p>\n<p>Best\u00e5r av en vetenskaplig blandning av zink och magnesium med h\u00f6g biotillg\u00e4nglighet samt vitamin B6. ZMA \u00e4r ett mycket popul\u00e4rt kosttillskott bland kroppsbyggare, styrketr\u00e4ningsut\u00f6vare och elitidrottare och b\u00f6r intas f\u00f6re s\u00f6mn. Det inneh\u00e5ller \u00e4ven \u00e4mnen som \u00e4r v\u00e4sentliga f\u00f6r neuromuskul\u00e4ra kroppsfunktioner. M\u00e5nga studier visar p\u00e5 en tydlig koppling mellan magnesiumbrist och personer som tr\u00e4nar h\u00e5rt eller p\u00e5 annat s\u00e4tt uts\u00e4tter sin kropp f\u00f6r stress. Dessa individer kan dra nytta av att f\u00e5 extra magnesium fr\u00e5n kosten eller anv\u00e4ndning av ett kosttillskott.<br \/>\n\u2022 Zink och magnesium f\u00f6r normal proteinsyntes<br \/>\n\u2022 Anabol mineralst\u00f6d<br \/>\n\u2022 H\u00f6g biotillg\u00e4nglighet av magnesium och zink<\/p>\n<\/div><div class=\"fusion-clearfix\"><\/div><\/div><\/div><div class=\"fusion-layout-column fusion_builder_column fusion-builder-column-3 fusion_builder_column_1_2 1_2 fusion-one-half fusion-column-first\" style=\"--awb-bg-size:cover;width:48%; margin-right: 4%;\"><div class=\"fusion-column-wrapper fusion-flex-column-wrapper-legacy\"><div class=\"fusion-text fusion-text-5\"><p class=\"subtitle-st\">Anv\u00e4ndningsanvisning:<\/p>\n<p>Som ett kosttillskott, ta 2 kapslar dagligen, helst p\u00e5 tom mage, 30-60 minuter f\u00f6re s\u00e4ngg\u00e5endet. F\u00f6r b\u00e4sta resultat, undvik att ta med mejeriprodukter eller andra kalciumhaltiga livsmedel eller kosttillskott.<\/p>\n<p><span style=\"color: #e47822;\"><b>Andra ingredienser:<\/b><\/span><\/p>\n<p>Gelatin (Kapsel), Maltodextrin, Magnesiumstearat<\/p>\n<p class=\"subtitle-st\">Allergiinformation:<\/p>\n<p>Kan inneh\u00e5lla sp\u00e5r av mj\u00f6lk, soja, \u00e4gg och vete (gluten).<\/p>\n<p class=\"subtitle-st\">Viktig information:<\/p>\n<p>Denna produkt \u00e4r ett kosttillskott. Anv\u00e4nd denna produkt i samband med mat som en del av en h\u00e4lsosam och balanserad kost, inte som ett substitut f\u00f6r s\u00e5dan. F\u00f6rvaras o\u00e5tkomligt f\u00f6r barn. Inte avsedd f\u00f6r anv\u00e4ndning av gravida eller ammande kvinnor! \u00d6verskrid inte den rekommenderade dagliga dosen.<br \/>\nF\u00f6rvara p\u00e5 en sval, torr plats. Uts\u00e4tt inte f\u00f6r \u00f6verdriven v\u00e4rme, fukt eller solljus. B\u00e4st f\u00f6re datum anges p\u00e5 f\u00f6rpackningen.<\/p>\n<\/div><div class=\"fusion-clearfix\"><\/div><\/div><\/div><div class=\"fusion-layout-column fusion_builder_column fusion-builder-column-4 fusion_builder_column_1_2 1_2 fusion-one-half fusion-column-last\" style=\"--awb-bg-size:cover;width:48%;\"><div class=\"fusion-column-wrapper fusion-flex-column-wrapper-legacy\"><div class=\"fusion-text fusion-text-6\"><p class=\"subtitle-st\">N\u00c4RINGSINNEH\u00c5LL<\/p>\n<\/div><div class=\"fusion-text fusion-text-7\"><div class=\"table-1\">\n<table class=\"tb\" width=\"100%\">\n<tbody>\n<tr class=\"table-row_border\">\n<td colspan=\"3\"><strong>Tillskottsfakta per:<\/strong><\/td>\n<td colspan=\"2\">1 portion (2 kapslar)<\/td>\n<td colspan=\"2\">NRV %<\/td>\n<\/tr>\n<tr>\n<td colspan=\"3\">Magnesium (fr\u00e5n magnesiumcitrat)<\/td>\n<td colspan=\"2\">450 mg<\/td>\n<td colspan=\"2\">120 %<\/td>\n<\/tr>\n<tr>\n<td colspan=\"3\">Zink (fr\u00e5n zinkcitrat)<\/td>\n<td colspan=\"2\">30 mg<\/td>\n<td colspan=\"2\">300 %<\/td>\n<\/tr>\n<tr>\n<td colspan=\"3\">Vitamin B6 (fr\u00e5n pyridoxin HCl)<\/td>\n<td colspan=\"2\">15 mg<\/td>\n<td colspan=\"2\">1071 %<\/td>\n<\/tr>\n<tr>\n<td colspan=\"3\">ZMA<\/td>\n<td colspan=\"2\">2400 mg<\/td>\n<td colspan=\"2\"><\/td>\n<\/tr>\n<tr>\n<td colspan=\"7\">NRVs &#8211; N\u00e4ringsreferensv\u00e4rden<\/td>\n<\/tr>\n<\/tbody>\n<\/table>\n<\/div>\n<\/div><div class=\"fusion-clearfix\"><\/div><\/div><\/div><\/div><\/div><\/p>\n","protected":false},"excerpt":{"rendered":"","protected":false},"author":1,"featured_media":0,"parent":12506,"menu_order":0,"comment_status":"closed","ping_status":"closed","template":"","meta":{"footnotes":""},"class_list":["post-12579","page","type-page","status-publish","hentry"],"_links":{"self":[{"href":"https:\/\/vikingforce.se\/sv\/wp-json\/wp\/v2\/pages\/12579","targetHints":{"allow":["GET"]}}],"collection":[{"href":"https:\/\/vikingforce.se\/sv\/wp-json\/wp\/v2\/pages"}],"about":[{"href":"https:\/\/vikingforce.se\/sv\/wp-json\/wp\/v2\/types\/page"}],"author":[{"embeddable":true,"href":"https:\/\/vikingforce.se\/sv\/wp-json\/wp\/v2\/users\/1"}],"replies":[{"embeddable":true,"href":"https:\/\/vikingforce.se\/sv\/wp-json\/wp\/v2\/comments?post=12579"}],"version-history":[{"count":18,"href":"https:\/\/vikingforce.se\/sv\/wp-json\/wp\/v2\/pages\/12579\/revisions"}],"predecessor-version":[{"id":23617,"href":"https:\/\/vikingforce.se\/sv\/wp-json\/wp\/v2\/pages\/12579\/revisions\/23617"}],"up":[{"embeddable":true,"href":"https:\/\/vikingforce.se\/sv\/wp-json\/wp\/v2\/pages\/12506"}],"wp:attachment":[{"href":"https:\/\/vikingforce.se\/sv\/wp-json\/wp\/v2\/media?parent=12579"}],"curies":[{"name":"wp","href":"https:\/\/api.w.org\/{rel}","templated":true}]}}