{"id":12576,"date":"2015-12-07T09:56:13","date_gmt":"2015-12-07T09:56:13","guid":{"rendered":"http:\/\/vikingforce.se\/sv\/weight-gainers\/waxi-maze\/"},"modified":"2024-06-12T13:51:35","modified_gmt":"2024-06-12T13:51:35","slug":"waxi-maze","status":"publish","type":"page","link":"https:\/\/vikingforce.se\/sv\/weight-gainers\/waxi-maze\/","title":{"rendered":"Waxi Maze &#8211; Swedish"},"content":{"rendered":"<p><div class=\"fusion-fullwidth fullwidth-box fusion-builder-row-1 nonhundred-percent-fullwidth non-hundred-percent-height-scrolling\" style=\"--awb-background-position:center top;--awb-border-color:#f6f6f6;--awb-border-radius-top-left:0px;--awb-border-radius-top-right:0px;--awb-border-radius-bottom-right:0px;--awb-border-radius-bottom-left:0px;--awb-padding-top:1px;--awb-padding-right:0px;--awb-padding-bottom:30px;--awb-padding-left:0px;--awb-background-color:#fff;--awb-border-sizes-top:1px;--awb-border-sizes-bottom:1px;--awb-flex-wrap:wrap;\" ><div class=\"fusion-builder-row fusion-row\"><div class=\"fusion-layout-column fusion_builder_column fusion-builder-column-0 fusion_builder_column_1_2 1_2 fusion-one-half fusion-column-first\" style=\"--awb-bg-size:cover;width:48%; margin-right: 4%;\"><div class=\"fusion-column-wrapper fusion-flex-column-wrapper-legacy\"><div class=\"fusion-sep-clear\"><\/div><div class=\"fusion-separator fusion-full-width-sep\" style=\"margin-left: auto;margin-right: auto;margin-top:60px;width:100%;\"><\/div><div class=\"fusion-sep-clear\"><\/div><div class=\"fusion-text fusion-text-1\"><p style=\"text-align: center;\"><img decoding=\"async\" class=\"alignnone wp-image-14189 size-full\" src=\"https:\/\/vikingforce.se\/wp-content\/uploads\/2017\/03\/waxy.jpg\" alt=\"\" width=\"600\" height=\"741\" srcset=\"https:\/\/vikingforce.se\/wp-content\/uploads\/2017\/03\/waxy-243x300.jpg 243w, https:\/\/vikingforce.se\/wp-content\/uploads\/2017\/03\/waxy.jpg 600w\" sizes=\"(max-width: 600px) 100vw, 600px\" \/><\/p>\n<\/div><div class=\"fusion-clearfix\"><\/div><\/div><\/div><div class=\"fusion-layout-column fusion_builder_column fusion-builder-column-1 fusion_builder_column_1_2 1_2 fusion-one-half fusion-column-last\" style=\"--awb-bg-size:cover;width:48%;\"><div class=\"fusion-column-wrapper fusion-flex-column-wrapper-legacy\"><div class=\"fusion-title title fusion-title-1 fusion-sep-none fusion-title-text fusion-title-size-one title-wg\" style=\"--awb-margin-bottom:1px;\"><h1 class=\"fusion-title-heading title-heading-left\" style=\"margin:0;\"><p style=\"text-align: center;\">VIKING WAXI MAZE<\/p><\/h1><\/div><div class=\"fusion-sep-clear\"><\/div><div class=\"fusion-separator fusion-full-width-sep\" style=\"margin-left: auto;margin-right: auto;margin-top:25px;width:100%;\"><\/div><div class=\"fusion-sep-clear\"><\/div><div class=\"fusion-sep-clear\"><\/div><div class=\"fusion-separator fusion-full-width-sep\" style=\"margin-left: auto;margin-right: auto;margin-top:10px;width:100%;\"><\/div><div class=\"fusion-sep-clear\"><\/div><div class=\"fusion-text fusion-text-2\"><p class=\"subtitle-wg\" style=\"text-align: center;\">Nettovikt: 3000 g<\/p>\n<p class=\"subtitle-wg\" style=\"text-align: center;\">Portioner\/Beh\u00e5llare: 60<\/p>\n<\/div><div class=\"fusion-clearfix\"><\/div><\/div><\/div><\/div><\/div><div class=\"fusion-fullwidth fullwidth-box fusion-builder-row-2 nonhundred-percent-fullwidth non-hundred-percent-height-scrolling\" style=\"--awb-border-color:#f6f6f6;--awb-border-radius-top-left:0px;--awb-border-radius-top-right:0px;--awb-border-radius-bottom-right:0px;--awb-border-radius-bottom-left:0px;--awb-padding-top:10px;--awb-padding-right:0px;--awb-padding-bottom:0px;--awb-padding-left:0px;--awb-background-color:#fff;--awb-border-sizes-top:0px;--awb-border-sizes-bottom:0px;--awb-flex-wrap:wrap;\" ><div class=\"fusion-builder-row fusion-row\"><div class=\"fusion-layout-column fusion_builder_column fusion-builder-column-2 fusion_builder_column_1_1 1_1 fusion-one-full fusion-column-first fusion-column-last\" style=\"--awb-bg-size:cover;\"><div class=\"fusion-column-wrapper fusion-flex-column-wrapper-legacy\"><div class=\"fusion-text fusion-text-3\"><p class=\"subtitle-wg\">Vaxmais<\/p>\n<p>\u00c4r en komplex, l\u00e5ngkedjig, h\u00f6gmolekyl\u00e4r kolhydrat som \u00e4r fri fr\u00e5n socker och laktos. V\u00e5rt Vaxmaisst\u00e4rkelse har en h\u00f6g andel amylopektin (95-99%) och en l\u00e5g andel amylos (1-5%). Amylopektinmolekyler \u00e4r st\u00f6rre, tyngre och l\u00e4ttare f\u00f6r magen att sm\u00e4lta. D\u00e4rf\u00f6r \u00e4r livsmedel som har lite amylos och mycket amylopektin snabbare att sm\u00e4lta och absorbera.<br \/>\n\u2022 \u00c5terst\u00e4ller glykogenlagren f\u00f6r accelererad \u00e5terh\u00e4mtning<br \/>\n\u2022 Inga magbesv\u00e4r<br \/>\n\u2022 100% socker- och laktosfritt<\/p>\n<\/div><div class=\"fusion-clearfix\"><\/div><\/div><\/div><div class=\"fusion-layout-column fusion_builder_column fusion-builder-column-3 fusion_builder_column_1_2 1_2 fusion-one-half fusion-column-first\" style=\"--awb-bg-size:cover;width:48%; margin-right: 4%;\"><div class=\"fusion-column-wrapper fusion-flex-column-wrapper-legacy\"><div class=\"fusion-text fusion-text-4\"><p class=\"subtitle-wg\">Smaker: <span style=\"color: rgb(116, 116, 116); font-weight: normal;\">Citron, Natur, Hallon, Apelsin<\/span><\/p>\n<p class=\"subtitle-wg\">Anv\u00e4ndningsriktning:<\/p>\n<p>Beroende p\u00e5 dina prestationsbehov, blanda 1\/2 till 1 skopa (25\u201350 g) i 3,5\u20134 dl vatten. Skaka v\u00e4l i 30\u201345 sekunder. Konsumera f\u00f6re, under eller efter intensiv tr\u00e4ning vid behov f\u00f6r extra energi. \u00d6ka dosen om du tr\u00e4nar intensivt under 2 timmar eller mer.<\/p>\n<p class=\"subtitle-wg\">Ingredienser:<\/p>\n<p>Vaxmaisst\u00e4rkelse, surhetsreglerande medel (citronsyra), smak\u00e4mnen, f\u00e4rg\u00e4mnen (karmin f\u00f6r hallonsmak, betakaroten f\u00f6r apelsinsmak, riboflavin f\u00f6r citronsmak), artificiella s\u00f6tningsmedel (sukralos, acesulfam K).<\/p>\n<p class=\"subtitle-wg\">Allergiinformation:<\/p>\n<p>Kan inneh\u00e5lla sp\u00e5r av mj\u00f6lk, \u00e4gg, soja och vete (gluten).<\/p>\n<p class=\"subtitle-wg\">Viktig information:<\/p>\n<p>Den h\u00e4r produkten \u00e4r ett kosttillskott. Anv\u00e4nd produkten i kombination med mat som en del av en h\u00e4lsosam, balanserad kost, inte som ers\u00e4ttning f\u00f6r s\u00e5dan. F\u00f6rvara utom r\u00e4ckh\u00e5ll f\u00f6r barn. <span style=\"color: var(--body_typography-color); font-family: var(--body_typography-font-family); font-size: var(--body_typography-font-size); font-style: var(--body_typography-font-style,normal); font-weight: var(--body_typography-font-weight); letter-spacing: var(--body_typography-letter-spacing);\">Inte avsedd f\u00f6r anv\u00e4ndning av barn, gravida eller ammande kvinnor!<\/span><span style=\"color: var(--body_typography-color); font-family: var(--body_typography-font-family); font-size: var(--body_typography-font-size); font-style: var(--body_typography-font-style,normal); font-weight: var(--body_typography-font-weight); letter-spacing: var(--body_typography-letter-spacing);\"> \u00d6verskrid inte den rekommenderade dagliga dosen.<\/span><\/p>\n<p>F\u00f6rvara p\u00e5 en sval och torr plats. Uts\u00e4tt inte f\u00f6r \u00f6verdriven v\u00e4rme, fuktighet eller solljus. B\u00e4st f\u00f6re datumet skrivet p\u00e5 f\u00f6rpackningen.<\/p>\n<\/div><div class=\"fusion-clearfix\"><\/div><\/div><\/div><div class=\"fusion-layout-column fusion_builder_column fusion-builder-column-4 fusion_builder_column_1_2 1_2 fusion-one-half fusion-column-last\" style=\"--awb-bg-size:cover;width:48%;\"><div class=\"fusion-column-wrapper fusion-flex-column-wrapper-legacy\"><div class=\"fusion-text fusion-text-5\"><p class=\"subtitle-wg\">N\u00c4RINGSINNEH\u00c5LL<\/p>\n<\/div><div class=\"fusion-text fusion-text-6\"><div class=\"table-1\">\n<table class=\"tb\" width=\"100%\">\n<tbody>\n<tr class=\"table-row_border\">\n<td colspan=\"3\"><strong>N\u00e4ringsinneh\u00e5ll per:<\/strong><\/td>\n<td colspan=\"2\"><b>50 g<\/b><\/td>\n<td colspan=\"2\"><b>100 g<\/b><\/td>\n<\/tr>\n<tr>\n<td colspan=\"3\">Energi<\/td>\n<td colspan=\"2\">182,5 kcal \/ 775,6 kJ<\/td>\n<td colspan=\"2\">365 kcal \/ 1551,3 kJ<\/td>\n<\/tr>\n<tr>\n<td colspan=\"3\">Proteiner<\/td>\n<td colspan=\"2\">0,15 g<\/td>\n<td colspan=\"2\">0,3 g<\/td>\n<\/tr>\n<tr>\n<td colspan=\"3\">Kolhydrater<\/td>\n<td colspan=\"2\">44 g<\/td>\n<td colspan=\"2\">&lt; 88 g<\/td>\n<\/tr>\n<tr>\n<td colspan=\"3\">varav sockerarter<\/td>\n<td colspan=\"2\">0 g<\/td>\n<td colspan=\"2\"> &lt; 0 g<\/td>\n<\/tr>\n<tr>\n<td colspan=\"3\">Fett<\/td>\n<td colspan=\"2\">0 g<\/td>\n<td colspan=\"2\">0 g<\/td>\n<\/tr>\n<tr>\n<td colspan=\"3\">varav m\u00e4ttade fettsyror<\/td>\n<td colspan=\"2\">0 g<\/td>\n<td colspan=\"2\">0 g<\/td>\n<\/tr>\n<tr>\n<td colspan=\"3\">Kostfiber<\/td>\n<td colspan=\"2\">0 g<\/td>\n<td colspan=\"2\">0 g<\/td>\n<\/tr>\n<tr>\n<td colspan=\"3\">Natrium<\/td>\n<td colspan=\"2\">&lt; 0 g<\/td>\n<td colspan=\"2\">&lt; 0 g<\/td>\n<\/tr>\n<\/tbody>\n<\/table>\n<\/div>\n<\/div><div class=\"fusion-clearfix\"><\/div><\/div><\/div><\/div><\/div><\/p>\n","protected":false},"excerpt":{"rendered":"","protected":false},"author":1,"featured_media":0,"parent":12514,"menu_order":0,"comment_status":"closed","ping_status":"closed","template":"","meta":{"footnotes":""},"class_list":["post-12576","page","type-page","status-publish","hentry"],"_links":{"self":[{"href":"https:\/\/vikingforce.se\/sv\/wp-json\/wp\/v2\/pages\/12576","targetHints":{"allow":["GET"]}}],"collection":[{"href":"https:\/\/vikingforce.se\/sv\/wp-json\/wp\/v2\/pages"}],"about":[{"href":"https:\/\/vikingforce.se\/sv\/wp-json\/wp\/v2\/types\/page"}],"author":[{"embeddable":true,"href":"https:\/\/vikingforce.se\/sv\/wp-json\/wp\/v2\/users\/1"}],"replies":[{"embeddable":true,"href":"https:\/\/vikingforce.se\/sv\/wp-json\/wp\/v2\/comments?post=12576"}],"version-history":[{"count":12,"href":"https:\/\/vikingforce.se\/sv\/wp-json\/wp\/v2\/pages\/12576\/revisions"}],"predecessor-version":[{"id":22729,"href":"https:\/\/vikingforce.se\/sv\/wp-json\/wp\/v2\/pages\/12576\/revisions\/22729"}],"up":[{"embeddable":true,"href":"https:\/\/vikingforce.se\/sv\/wp-json\/wp\/v2\/pages\/12514"}],"wp:attachment":[{"href":"https:\/\/vikingforce.se\/sv\/wp-json\/wp\/v2\/media?parent=12576"}],"curies":[{"name":"wp","href":"https:\/\/api.w.org\/{rel}","templated":true}]}}