{"id":12573,"date":"2015-12-07T09:45:37","date_gmt":"2015-12-07T09:45:37","guid":{"rendered":"http:\/\/vikingforce.se\/sv\/weight-gainers\/igf-1\/"},"modified":"2025-05-16T17:01:41","modified_gmt":"2025-05-16T17:01:41","slug":"igf-1","status":"publish","type":"page","link":"https:\/\/vikingforce.se\/sv\/weight-gainers\/igf-1\/","title":{"rendered":"IGF 1 &#8211; Swedish"},"content":{"rendered":"<p><div class=\"fusion-fullwidth fullwidth-box fusion-builder-row-1 nonhundred-percent-fullwidth non-hundred-percent-height-scrolling\" style=\"--awb-background-position:center top;--awb-border-color:#f6f6f6;--awb-border-radius-top-left:0px;--awb-border-radius-top-right:0px;--awb-border-radius-bottom-right:0px;--awb-border-radius-bottom-left:0px;--awb-padding-top:1px;--awb-padding-right:0px;--awb-padding-bottom:30px;--awb-padding-left:0px;--awb-background-color:#fff;--awb-border-sizes-top:1px;--awb-border-sizes-bottom:1px;--awb-flex-wrap:wrap;\" ><div class=\"fusion-builder-row fusion-row\"><div class=\"fusion-layout-column fusion_builder_column fusion-builder-column-0 fusion_builder_column_1_2 1_2 fusion-one-half fusion-column-first\" style=\"--awb-bg-size:cover;width:48%; margin-right: 4%;\"><div class=\"fusion-column-wrapper fusion-flex-column-wrapper-legacy\"><div class=\"fusion-sep-clear\"><\/div><div class=\"fusion-separator fusion-full-width-sep\" style=\"margin-left: auto;margin-right: auto;margin-top:60px;width:100%;\"><\/div><div class=\"fusion-sep-clear\"><\/div><div class=\"fusion-text fusion-text-1\"><p><img decoding=\"async\" class=\"wp-image-13951 size-full aligncenter\" src=\"https:\/\/vikingforce.se\/wp-content\/uploads\/2017\/03\/IGF.jpg\" alt=\"\" width=\"600\" height=\"740\" srcset=\"https:\/\/vikingforce.se\/wp-content\/uploads\/2017\/03\/IGF-243x300.jpg 243w, https:\/\/vikingforce.se\/wp-content\/uploads\/2017\/03\/IGF.jpg 600w\" sizes=\"(max-width: 600px) 100vw, 600px\" \/><\/p>\n<\/div><div class=\"fusion-clearfix\"><\/div><\/div><\/div><div class=\"fusion-layout-column fusion_builder_column fusion-builder-column-1 fusion_builder_column_1_2 1_2 fusion-one-half fusion-column-last\" style=\"--awb-bg-size:cover;width:48%;\"><div class=\"fusion-column-wrapper fusion-flex-column-wrapper-legacy\"><div class=\"fusion-title title fusion-title-1 fusion-sep-none fusion-title-text fusion-title-size-one title-wg\" style=\"--awb-margin-bottom:1px;\"><h1 class=\"fusion-title-heading title-heading-left\" style=\"margin:0;\"><div style=\"text-align: center;\"><span style=\"font-size: var(--h1_typography-font-size); font-style: var(--h1_typography-font-style,normal); font-weight: var(--h1_typography-font-weight); letter-spacing: var(--h1_typography-letter-spacing);\">VIKING IGF 1<\/span><\/div><\/h1><\/div><div class=\"fusion-text fusion-text-2\"><p style=\"text-align: center;\">(Kosttillskott)<\/p>\n<\/div><div class=\"fusion-text fusion-text-3\"><p class=\"subtitle-wg\" style=\"text-align: center;\">Nettovikt: 300 g<\/p>\n<p class=\"subtitle-wg\" style=\"text-align: center;\">Portioner\/Beh\u00e5llare: 10<\/p>\n<\/div><div class=\"fusion-clearfix\"><\/div><\/div><\/div><\/div><\/div><div class=\"fusion-fullwidth fullwidth-box fusion-builder-row-2 nonhundred-percent-fullwidth non-hundred-percent-height-scrolling\" style=\"--awb-border-color:#f6f6f6;--awb-border-radius-top-left:0px;--awb-border-radius-top-right:0px;--awb-border-radius-bottom-right:0px;--awb-border-radius-bottom-left:0px;--awb-padding-top:10px;--awb-padding-right:0px;--awb-padding-bottom:0px;--awb-padding-left:0px;--awb-background-color:#fff;--awb-border-sizes-top:0px;--awb-border-sizes-bottom:0px;--awb-flex-wrap:wrap;\" ><div class=\"fusion-builder-row fusion-row\"><div class=\"fusion-layout-column fusion_builder_column fusion-builder-column-2 fusion_builder_column_1_1 1_1 fusion-one-full fusion-column-first fusion-column-last\" style=\"--awb-bg-size:cover;\"><div class=\"fusion-column-wrapper fusion-flex-column-wrapper-legacy\"><div class=\"fusion-text fusion-text-4\"><p class=\"subtitle-wg\">Viking IGF<\/p>\n<p>Har ett komplett spektrum av aminosyror, bioaktiva peptider och immunoglobulinproteiner. Det \u00e4r ocks\u00e5 berikat med speciella formler utformade f\u00f6r att fr\u00e4mja anabolism genom att \u00f6ka IGF-1-niv\u00e5erna i kroppen f\u00f6r att maximalt stimulera muskelsyntes som svar p\u00e5 tr\u00e4ning.<br \/>\n\u2022 GH &amp; Testosteron Booster-komplex<br \/>\n\u2022 \u00c5terh\u00e4mtnings-Antikatabol-komplex<br \/>\n\u2022 Anabol Mineralst\u00f6dsformel<\/p>\n<\/div><div class=\"fusion-clearfix\"><\/div><\/div><\/div><div class=\"fusion-layout-column fusion_builder_column fusion-builder-column-3 fusion_builder_column_1_2 1_2 fusion-one-half fusion-column-first\" style=\"--awb-bg-size:cover;width:48%; margin-right: 4%;\"><div class=\"fusion-column-wrapper fusion-flex-column-wrapper-legacy\"><div class=\"fusion-text fusion-text-5\"><p class=\"subtitle-wg\">Smaker: <span style=\"font-weight: normal; color: #747474;\">Hallon, Choklad, Kaffekr\u00e4m<\/span><\/p>\n<p class=\"subtitle-wg\">Anv\u00e4ndningsinstruktioner:<\/p>\n<p>Blanda 3\/4 skopa (30 g) med 2 dl vatten eller mj\u00f6lk. Ta en portion 30 minuter f\u00f6re ditt tr\u00e4ningspass.<\/p>\n<p class=\"subtitle-wg\">Ingredienser:<\/p>\n<p>Bioaktiva peptider h\u00e4rledda fr\u00e5n <b><u>mj\u00f6lk<\/u><\/b> (bioaktivt <b>mj\u00f6lk<\/b>proteinkoncentrat, ultrafiltrerat <b><u>vassle<\/u><\/b>proteinkoncentrat &#8211; inneh\u00e5llande laktoglobulin, laktoferrin, laktalbumin och immunoglobulinproteinfraktioner; micell\u00e4r <b><u>kasein<\/u><\/b>), dextros, maltodextrin, \u00c5terh\u00e4mtnings-Antikatabolkomplex (L-glutamin, BCAA &#8211; L-leucin, L-valin, L-isoleucin; HMB), GH &amp; Testosteron Booster-komplex (L-arginin, L-ornitin, L-lysin, L-histidin, Rhaponticum cartamoides-extrakt &#8211; 90 % ecdysteron), kakao (f\u00f6r choklad- och cappuccinosmak), Anabol Mineralst\u00f6dsformel (ZMA &#8211; trimagnesiumcitrat, zinkcitrat, vitamin B6), Insulinbooster (alfa-liponsyra, D-glukuronolakton), smak\u00e4mne, f\u00f6rtjockningsmedel (xantangummi), s\u00f6tningsmedel (sukralos, acesulfam K), f\u00e4rg\u00e4mne (karmin f\u00f6r hallonsmak).<\/p>\n<p class=\"subtitle-wg\">Allergiinformation:<\/p>\n<p>Inneh\u00e5ller mj\u00f6lkkomponenter. Kan inneh\u00e5lla sp\u00e5r av \u00e4gg, soja och vete (gluten).<\/p>\n<p class=\"subtitle-wg\">Viktig information:<\/p>\n<p>Detta \u00e4r ett kosttillskott. Anv\u00e4nd denna produkt tillsammans med mat som en del av en h\u00e4lsosam och balanserad kost, inte som ers\u00e4ttning f\u00f6r s\u00e5dan. F\u00f6rvara utom r\u00e4ckh\u00e5ll f\u00f6r barn. Ej avsedd f\u00f6r barn och gravida eller ammande kvinnor! \u00d6verskrid inte den rekommenderade dagliga dosen.<br \/>\nF\u00f6rvara p\u00e5 en sval, torr plats. Uts\u00e4tt inte f\u00f6r \u00f6verdriven v\u00e4rme, fukt eller solljus. B\u00e4st f\u00f6re utg\u00e5ngsdatum som st\u00e5r p\u00e5 f\u00f6rpackningen.<\/p>\n<\/div><div class=\"fusion-clearfix\"><\/div><\/div><\/div><div class=\"fusion-layout-column fusion_builder_column fusion-builder-column-4 fusion_builder_column_1_2 1_2 fusion-one-half fusion-column-last\" style=\"--awb-bg-size:cover;width:48%;\"><div class=\"fusion-column-wrapper fusion-flex-column-wrapper-legacy\"><div class=\"fusion-text fusion-text-6\"><p class=\"subtitle-wg\">N\u00c4RINGSINNEH\u00c5LL<\/p>\n<\/div><div class=\"fusion-text fusion-text-7\"><div class=\"table-1\">\n<table class=\"tb\" width=\"100%\">\n<tbody>\n<tr class=\"table-row_border\">\n<td colspan=\"2\"><strong>**N\u00e4ringsinneh\u00e5ll per:<\/strong><\/td>\n<td colspan=\"2\">1 portion (<b>30 g<\/b>)<\/td>\n<td colspan=\"2\"><b>100 g<\/b><\/td>\n<\/tr>\n<tr>\n<td colspan=\"2\">Energiv\u00e4rde<\/td>\n<td colspan=\"2\">116,1 kcal \/ 492,1 kJ<\/td>\n<td colspan=\"2\">387,1 kcal \/ 1640,4 kJ<\/td>\n<\/tr>\n<tr>\n<td colspan=\"2\">Proteiner<\/td>\n<td colspan=\"2\">15 g<\/td>\n<td colspan=\"2\">50 g<\/td>\n<\/tr>\n<tr>\n<td colspan=\"2\">Kolhydrater<\/td>\n<td colspan=\"2\">11,6 g<\/td>\n<td colspan=\"2\">38,5 g<\/td>\n<\/tr>\n<tr>\n<td colspan=\"2\">varav sockerarter<\/td>\n<td colspan=\"2\">9 g<\/td>\n<td colspan=\"2\">30 g<\/td>\n<\/tr>\n<tr>\n<td colspan=\"2\">Fetter<\/td>\n<td colspan=\"2\">1 g<\/td>\n<td colspan=\"2\">3,5 g<\/td>\n<\/tr>\n<tr>\n<td colspan=\"2\">varav m\u00e4ttade fettsyror<\/td>\n<td colspan=\"2\">0,8 g<\/td>\n<td colspan=\"2\">2,5 g<\/td>\n<\/tr>\n<tr>\n<td colspan=\"2\">Fibrer<\/td>\n<td colspan=\"2\">0,2 g<\/td>\n<td colspan=\"2\">0,8 g<\/td>\n<\/tr>\n<tr>\n<td colspan=\"2\">Natrium<\/td>\n<td colspan=\"2\">&lt; 0,03 g<\/td>\n<td colspan=\"2\">&lt; 0,1 g<\/td>\n<\/tr>\n<tr>\n<td colspan=\"2\">GH &amp; Testosteron Booster Complex (L-arginin, L-ornitin, L-lysin, L-histidin, Rhaponticum cartamoides extrakt &#8211; 90 % ecdysteron)<\/td>\n<td colspan=\"2\">1050 mg<\/td>\n<td colspan=\"2\">3500 mg<\/td>\n<\/tr>\n<tr>\n<td colspan=\"2\">\u00c5terh\u00e4mtnings Antikatabolisk Komplex (L-glutamin, BCAA\u2019s, HMB)<\/td>\n<td colspan=\"2\">750 mg<\/td>\n<td colspan=\"2\">2500 mg<\/td>\n<\/tr>\n<tr>\n<td colspan=\"2\">Anabol Mineral Support Formeln ( ZMA &#8211; trimagnesiumcitrat, zinkcitrat, vitamin B6)<\/td>\n<td colspan=\"2\">293 mg<\/td>\n<td colspan=\"2\">975 mg<\/td>\n<\/tr>\n<tr>\n<td colspan=\"2\">&#8211; Magnesium<\/td>\n<td colspan=\"2\">45 mg (12 %*)<\/td>\n<td colspan=\"2\">150 mg (40 %*)<\/td>\n<\/tr>\n<tr>\n<td colspan=\"2\">&#8211; Zink<\/td>\n<td colspan=\"2\">3 mg (30 %*)<\/td>\n<td colspan=\"2\">10 mg (100 %*)<\/td>\n<\/tr>\n<tr>\n<td colspan=\"2\">&#8211; Vitamin B6<\/td>\n<td colspan=\"2\">1,5 mg (107,1 % *)<\/td>\n<td colspan=\"2\">5 mg (357,1 % *)<\/td>\n<\/tr>\n<tr>\n<td colspan=\"2\">Insulin Booster (alfa-liponsyra, D-glukuronolakton)<\/td>\n<td colspan=\"2\">90 mg<\/td>\n<td colspan=\"2\">300 mg<\/td>\n<\/tr>\n<tr>\n<td colspan=\"6\">**N\u00e4ringsinformationen kan variera n\u00e5got mellan smaker.* NRVs (N\u00e4ringsreferensv\u00e4rden)<\/td>\n<\/tr>\n<\/tbody>\n<\/table>\n<\/div>\n<\/div><div class=\"fusion-clearfix\"><\/div><\/div><\/div><\/div><\/div><\/p>\n","protected":false},"excerpt":{"rendered":"","protected":false},"author":1,"featured_media":0,"parent":12514,"menu_order":0,"comment_status":"closed","ping_status":"closed","template":"","meta":{"footnotes":""},"class_list":["post-12573","page","type-page","status-publish","hentry"],"_links":{"self":[{"href":"https:\/\/vikingforce.se\/sv\/wp-json\/wp\/v2\/pages\/12573","targetHints":{"allow":["GET"]}}],"collection":[{"href":"https:\/\/vikingforce.se\/sv\/wp-json\/wp\/v2\/pages"}],"about":[{"href":"https:\/\/vikingforce.se\/sv\/wp-json\/wp\/v2\/types\/page"}],"author":[{"embeddable":true,"href":"https:\/\/vikingforce.se\/sv\/wp-json\/wp\/v2\/users\/1"}],"replies":[{"embeddable":true,"href":"https:\/\/vikingforce.se\/sv\/wp-json\/wp\/v2\/comments?post=12573"}],"version-history":[{"count":9,"href":"https:\/\/vikingforce.se\/sv\/wp-json\/wp\/v2\/pages\/12573\/revisions"}],"predecessor-version":[{"id":23674,"href":"https:\/\/vikingforce.se\/sv\/wp-json\/wp\/v2\/pages\/12573\/revisions\/23674"}],"up":[{"embeddable":true,"href":"https:\/\/vikingforce.se\/sv\/wp-json\/wp\/v2\/pages\/12514"}],"wp:attachment":[{"href":"https:\/\/vikingforce.se\/sv\/wp-json\/wp\/v2\/media?parent=12573"}],"curies":[{"name":"wp","href":"https:\/\/api.w.org\/{rel}","templated":true}]}}