{"id":12534,"date":"2015-11-29T11:30:47","date_gmt":"2015-11-29T11:30:47","guid":{"rendered":"http:\/\/vikingforce.se\/sv\/weight-gainers\/force-gainer\/"},"modified":"2025-05-16T16:24:27","modified_gmt":"2025-05-16T16:24:27","slug":"force-gainer","status":"publish","type":"page","link":"https:\/\/vikingforce.se\/sv\/weight-gainers\/force-gainer\/","title":{"rendered":"Force Gainer &#8211; Swedish"},"content":{"rendered":"<p><div class=\"fusion-fullwidth fullwidth-box fusion-builder-row-1 nonhundred-percent-fullwidth non-hundred-percent-height-scrolling\" style=\"--awb-background-position:center top;--awb-border-color:#f6f6f6;--awb-border-radius-top-left:0px;--awb-border-radius-top-right:0px;--awb-border-radius-bottom-right:0px;--awb-border-radius-bottom-left:0px;--awb-padding-top:1px;--awb-padding-right:0px;--awb-padding-bottom:30px;--awb-padding-left:0px;--awb-background-color:#fff;--awb-border-sizes-top:1px;--awb-border-sizes-bottom:1px;--awb-flex-wrap:wrap;\" ><div class=\"fusion-builder-row fusion-row\"><div class=\"fusion-layout-column fusion_builder_column fusion-builder-column-0 fusion_builder_column_1_2 1_2 fusion-one-half fusion-column-first\" style=\"--awb-bg-size:cover;width:48%; margin-right: 4%;\"><div class=\"fusion-column-wrapper fusion-flex-column-wrapper-legacy\"><div class=\"fusion-sep-clear\"><\/div><div class=\"fusion-separator fusion-full-width-sep\" style=\"margin-left: auto;margin-right: auto;margin-top:60px;width:100%;\"><\/div><div class=\"fusion-sep-clear\"><\/div><div class=\"fusion-text fusion-text-1\"><p><img decoding=\"async\" class=\"wp-image-14161 size-full aligncenter\" src=\"https:\/\/vikingforce.se\/wp-content\/uploads\/2017\/03\/force_gainer.jpg\" alt=\"\" width=\"600\" height=\"741\" srcset=\"https:\/\/vikingforce.se\/wp-content\/uploads\/2017\/03\/force_gainer-243x300.jpg 243w, https:\/\/vikingforce.se\/wp-content\/uploads\/2017\/03\/force_gainer.jpg 600w\" sizes=\"(max-width: 600px) 100vw, 600px\" \/><\/p>\n<\/div><div class=\"fusion-clearfix\"><\/div><\/div><\/div><div class=\"fusion-layout-column fusion_builder_column fusion-builder-column-1 fusion_builder_column_1_2 1_2 fusion-one-half fusion-column-last\" style=\"--awb-bg-size:cover;width:48%;\"><div class=\"fusion-column-wrapper fusion-flex-column-wrapper-legacy\"><div class=\"fusion-sep-clear\"><\/div><div class=\"fusion-separator fusion-full-width-sep\" style=\"margin-left: auto;margin-right: auto;margin-top:30px;width:100%;\"><\/div><div class=\"fusion-sep-clear\"><\/div><div class=\"fusion-title title fusion-title-1 fusion-sep-none fusion-title-text fusion-title-size-one title-wg\" style=\"--awb-margin-bottom:5px;\"><h1 class=\"fusion-title-heading title-heading-left\" style=\"margin:0;\"><div style=\"text-align: center;\"><span style=\"font-size: var(--h1_typography-font-size); font-style: var(--h1_typography-font-style,normal); font-weight: var(--h1_typography-font-weight); letter-spacing: var(--h1_typography-letter-spacing);\">VIKING FORCE GAINER<\/span><\/div><\/h1><\/div><div class=\"fusion-text fusion-text-2\"><p style=\"text-align: center;\">(Kosttillskott)<\/p>\n<\/div><div class=\"fusion-text fusion-text-3\"><p class=\"subtitle-wg\" style=\"text-align: center;\">Nettovikt: 4000 g<\/p>\n<p class=\"subtitle-wg\" style=\"text-align: center;\">Portioner\/Beh\u00e5llare: 44<\/p>\n<\/div><div class=\"fusion-clearfix\"><\/div><\/div><\/div><\/div><\/div><div class=\"fusion-fullwidth fullwidth-box fusion-builder-row-2 nonhundred-percent-fullwidth non-hundred-percent-height-scrolling\" style=\"--awb-border-color:#f6f6f6;--awb-border-radius-top-left:0px;--awb-border-radius-top-right:0px;--awb-border-radius-bottom-right:0px;--awb-border-radius-bottom-left:0px;--awb-padding-top:10px;--awb-padding-right:0px;--awb-padding-bottom:0px;--awb-padding-left:0px;--awb-background-color:#fff;--awb-border-sizes-top:0px;--awb-border-sizes-bottom:0px;--awb-flex-wrap:wrap;\" ><div class=\"fusion-builder-row fusion-row\"><div class=\"fusion-layout-column fusion_builder_column fusion-builder-column-2 fusion_builder_column_1_1 1_1 fusion-one-full fusion-column-first fusion-column-last\" style=\"--awb-bg-size:cover;\"><div class=\"fusion-column-wrapper fusion-flex-column-wrapper-legacy\"><div class=\"fusion-text fusion-text-4\"><p class=\"subtitle-wg\">Viking Force Gainer<\/p>\n<p class=\"subtitle-wg\" style=\"color: #747474;\">Viking Force Gainer best\u00e5r av 40 % protein och kolhydrater fr\u00e5n dextros och maltodextrin.<\/p>\n<\/div><div class=\"fusion-clearfix\"><\/div><\/div><\/div><div class=\"fusion-layout-column fusion_builder_column fusion-builder-column-3 fusion_builder_column_1_2 1_2 fusion-one-half fusion-column-first\" style=\"--awb-bg-size:cover;width:48%; margin-right: 4%;\"><div class=\"fusion-column-wrapper fusion-flex-column-wrapper-legacy\"><div class=\"fusion-text fusion-text-5\"><p class=\"subtitle-wg\">Smaker: <span style=\"font-weight: normal; color: #747474;\">Choklad-mint, Hallon, Vanilj, Jordgubb, Cookie Cream, Ananas-apelsin, Choklad-kokos<\/span><\/p>\n<p class=\"subtitle-wg\" style=\"color: #000055;\">Anvisningar f\u00f6r anv\u00e4ndning:<\/p>\n<p><span style=\"color: #000055;\"><span style=\"color: #747474;\">Blanda 2 skopor (90 g) med 3 d<\/span><\/span><span style=\"color: #747474;\">l vatten eller mj\u00f6lk och skaka i 30 sekunder. Ta en portion efter tr\u00e4ning och som mellanm\u00e5l om du har ett h\u00f6gt energibeh<span style=\"color: #747474;\">ov.<\/span><\/span><\/p>\n<p class=\"subtitle-wg\">Ingredienser:<\/p>\n<p>Ultrafiltrerat <b>vassle<\/b> proteinkoncentrat, dextrosmonohydrat, maltodextrin, vassleproteinisolat, skummat <b>mj\u00f6lk<\/b>pulver, l\u00e5gfett kakaopulver (f\u00f6r cookie-cream, choklad-mint och choklad-kokos smak), essentiella aminosyror (L-leucin, L-valin, L-isoleucin, L-lysin HCl, L-fenylalanin, L-treonin, L-metionin, L-tryptofan), medell\u00e5nga triglycerider (MCT) fr\u00e5n kokosolja, smaker, f\u00f6rtjockningsmedel (xantangummi), f\u00e4rg\u00e4mnen (betakaroten (f\u00f6r persika-ananas smak), riboflavin (f\u00f6r vaniljsmak), karmin (f\u00f6r jordgubb- och hallonsmak)).<\/p>\n<\/div><div class=\"fusion-clearfix\"><\/div><\/div><\/div><div class=\"fusion-layout-column fusion_builder_column fusion-builder-column-4 fusion_builder_column_1_2 1_2 fusion-one-half fusion-column-last\" style=\"--awb-bg-size:cover;width:48%;\"><div class=\"fusion-column-wrapper fusion-flex-column-wrapper-legacy\"><div class=\"fusion-text fusion-text-6\"><p class=\"subtitle-wg\">Allergiinformation:<\/p>\n<p>Inneh\u00e5ller komponenter. Kan inneh\u00e5lla sp\u00e5r av soja, \u00e4gg och vete (gluten).<\/p>\n<p class=\"subtitle-wg\">Viktig Information:<\/p>\n<p>Denna produkt \u00e4r ett kosttillskott. Anv\u00e4nd denna produkt tillsammans med mat som en del av en h\u00e4lsosam, balanserad kost, inte som en ers\u00e4ttning f\u00f6r s\u00e5dan. F\u00f6rvara utom r\u00e4ckh\u00e5ll f\u00f6r barn. Inte avsedd f\u00f6r anv\u00e4ndning av barn och gravida eller ammande kvinnor! Administrera inte till personer som lider av fenylketonuri, eftersom den inneh\u00e5ller L-fenylalanin! \u00d6verskrid inte den rekommenderade dagliga dosen.<br \/>\nF\u00f6rvara p\u00e5 en sval, torr plats. Uts\u00e4tt inte f\u00f6r \u00f6verdriven v\u00e4rme, fukt eller solljus. B\u00e4st f\u00f6re utg\u00e5ngsdatumet som anges p\u00e5 f\u00f6rpackningen.<\/p>\n<\/div><div class=\"fusion-clearfix\"><\/div><\/div><\/div><\/div><\/div><div class=\"fusion-fullwidth fullwidth-box fusion-builder-row-3 nonhundred-percent-fullwidth non-hundred-percent-height-scrolling\" style=\"--awb-border-color:#f6f6f6;--awb-border-radius-top-left:0px;--awb-border-radius-top-right:0px;--awb-border-radius-bottom-right:0px;--awb-border-radius-bottom-left:0px;--awb-padding-top:10px;--awb-padding-right:0px;--awb-padding-bottom:0px;--awb-padding-left:0px;--awb-background-color:#fff;--awb-border-sizes-top:0px;--awb-border-sizes-bottom:0px;--awb-flex-wrap:wrap;\" ><div class=\"fusion-builder-row fusion-row\"><div class=\"fusion-layout-column fusion_builder_column fusion-builder-column-5 fusion_builder_column_1_1 1_1 fusion-one-full fusion-column-first fusion-column-last fusion-column-no-min-height\" style=\"--awb-bg-size:cover;--awb-margin-bottom:0px;\"><div class=\"fusion-column-wrapper fusion-flex-column-wrapper-legacy\"><div class=\"fusion-text fusion-text-7\"><p class=\"subtitle-wg\">N\u00c4RINGSINNEH\u00c5LL<\/p>\n<\/div><div class=\"fusion-clearfix\"><\/div><\/div><\/div><div class=\"fusion-layout-column fusion_builder_column fusion-builder-column-6 fusion_builder_column_1_2 1_2 fusion-one-half fusion-column-first\" style=\"--awb-bg-size:cover;width:48%; margin-right: 4%;\"><div class=\"fusion-column-wrapper fusion-flex-column-wrapper-legacy\"><div class=\"fusion-text fusion-text-8\"><div class=\"table-1\">\n<table class=\"tb\" width=\"100%\">\n<tbody>\n<tr class=\"table-row_border\">\n<td colspan=\"3\"><strong>**N\u00e4ringsinneh\u00e5ll per:<\/strong><\/td>\n<td colspan=\"2\">1 portion (<b>90 g<\/b>)<\/td>\n<td colspan=\"2\"><b>100 g<\/b><\/td>\n<\/tr>\n<tr>\n<td colspan=\"3\">Energiv\u00e4rde<\/td>\n<td colspan=\"2\">1212.6 kJ \/<br \/>\n286.3 kcal<\/td>\n<td colspan=\"2\">1348.4 kJ \/<br \/>\n318.1 kcal<\/td>\n<\/tr>\n<tr>\n<td colspan=\"3\">Proteiner<\/td>\n<td colspan=\"2\">36 g<\/td>\n<td colspan=\"2\">40 g<\/td>\n<\/tr>\n<tr>\n<td colspan=\"3\">Kolhydrater<\/td>\n<td colspan=\"2\">30 g<\/td>\n<td colspan=\"2\">33.5 g<\/td>\n<\/tr>\n<tr>\n<td colspan=\"3\">varav Sockerarter<\/td>\n<td colspan=\"2\">18.5 g<\/td>\n<td colspan=\"2\">20.5 g<\/td>\n<\/tr>\n<tr>\n<td colspan=\"3\">Fetter<\/td>\n<td colspan=\"2\">2.3 g<\/td>\n<td colspan=\"2\">2.5 g<\/td>\n<\/tr>\n<tr>\n<td colspan=\"3\">varav m\u00e4ttade fetter<\/td>\n<td colspan=\"2\">0.9 g<\/td>\n<td colspan=\"2\">1 g<\/td>\n<\/tr>\n<tr>\n<td colspan=\"3\">Kostfiber<\/td>\n<td colspan=\"2\">0.7 g<\/td>\n<td colspan=\"2\">0.8 g<\/td>\n<\/tr>\n<tr>\n<td colspan=\"3\">Natrium<\/td>\n<td colspan=\"2\">0.36 g<\/td>\n<td colspan=\"2\">0.4 g<\/td>\n<\/tr>\n<tr>\n<td colspan=\"3\">Kalcium<\/td>\n<td colspan=\"2\">640 mg (80%*)<\/td>\n<td colspan=\"2\">711 mg (88.9 %*)<\/td>\n<\/tr>\n<tr>\n<td colspan=\"3\">Fosfor<\/td>\n<td colspan=\"2\">490 mg (70 %*)<\/td>\n<td colspan=\"2\">544 mg (77.7 %*)<\/td>\n<\/tr>\n<tr>\n<td colspan=\"3\">Magnesium<\/td>\n<td colspan=\"2\">150 mg (40 %*)<\/td>\n<td colspan=\"2\">167 mg (44.5 %*)<\/td>\n<\/tr>\n<tr>\n<td class=\"strong\" colspan=\"3\">Essentiella aminosyror (L-leucin, L-valin, L-isoleucin, L-lysin HCl,<br \/>\nL-fenylalanin, L-treonin, L-metionin, L-tryptofan)<\/td>\n<td colspan=\"2\">5000 mg<\/td>\n<td colspan=\"2\">5555 mg<\/td>\n<\/tr>\n<tr>\n<td colspan=\"7\">**N\u00e4ringsinformationen kan variera n\u00e5got mellan smaker.<\/td>\n<\/tr>\n<tr>\n<td colspan=\"7\">*NRV &#8211; N\u00e4ringsreferensv\u00e4rden<\/td>\n<\/tr>\n<\/tbody>\n<\/table>\n<\/div>\n<\/div><div class=\"fusion-clearfix\"><\/div><\/div><\/div><div class=\"fusion-layout-column fusion_builder_column fusion-builder-column-7 fusion_builder_column_1_2 1_2 fusion-one-half fusion-column-last\" style=\"--awb-bg-size:cover;width:48%;\"><div class=\"fusion-column-wrapper fusion-flex-column-wrapper-legacy\"><div class=\"fusion-text fusion-text-9\"><div class=\"table-1\">\n<table class=\"tb\" width=\"100%\">\n<tbody>\n<tr>\n<td><strong>Aminosyraprofil<\/strong><\/td>\n<td>1 portion (90 g)<\/td>\n<td>100 g<\/td>\n<\/tr>\n<tr>\n<td>Leucin<\/td>\n<td>3412 mg<\/td>\n<td>3791 mg<\/td>\n<\/tr>\n<tr>\n<td>Isoleucin<\/td>\n<td>2065 mg<\/td>\n<td>2294 mg<\/td>\n<\/tr>\n<tr>\n<td>Valin<\/td>\n<td>2250 mg<\/td>\n<td>2500 mg<\/td>\n<\/tr>\n<tr>\n<td>Aspartinsyra<\/td>\n<td>2768 mg<\/td>\n<td>3075 mg<\/td>\n<\/tr>\n<tr>\n<td>Glutaminsyra<\/td>\n<td>7040 mg<\/td>\n<td>7822 mg<\/td>\n<\/tr>\n<tr>\n<td>Serin<\/td>\n<td>1867 mg<\/td>\n<td>2074 mg<\/td>\n<\/tr>\n<tr>\n<td>Glycin<\/td>\n<td>716 mg<\/td>\n<td>795 mg<\/td>\n<\/tr>\n<tr>\n<td>Histidin<\/td>\n<td>896 mg<\/td>\n<td>995 mg<\/td>\n<\/tr>\n<tr>\n<td>Arginin<\/td>\n<td>1197 mg<\/td>\n<td>1330 mg<\/td>\n<\/tr>\n<tr>\n<td>Treonin<\/td>\n<td>1694 mg<\/td>\n<td>1882 mg<\/td>\n<\/tr>\n<tr>\n<td>Alanin<\/td>\n<td>1252 mg<\/td>\n<td>1391 mg<\/td>\n<\/tr>\n<tr>\n<td>Prolin<\/td>\n<td>3137 mg<\/td>\n<td>3486 mg<\/td>\n<\/tr>\n<tr>\n<td>Tyrosin<\/td>\n<td>1575 mg<\/td>\n<td>1750 mg<\/td>\n<\/tr>\n<tr>\n<td>Metionin<\/td>\n<td>893 mg<\/td>\n<td>992 mg<\/td>\n<\/tr>\n<tr>\n<td>Cystin<\/td>\n<td>385 mg<\/td>\n<td>428 mg<\/td>\n<\/tr>\n<tr>\n<td>Fenylalanin<\/td>\n<td>1579 mg<\/td>\n<td>1754 mg<\/td>\n<\/tr>\n<tr>\n<td>Lysin<\/td>\n<td>2786 mg<\/td>\n<td>3096 mg<\/td>\n<\/tr>\n<tr>\n<td>Tryptofan<\/td>\n<td>486 mg<\/td>\n<td>540 mg<\/td>\n<\/tr>\n<\/tbody>\n<\/table>\n<\/div>\n<\/div><div class=\"fusion-clearfix\"><\/div><\/div><\/div><\/div><\/div><\/p>\n","protected":false},"excerpt":{"rendered":"","protected":false},"author":1,"featured_media":0,"parent":12514,"menu_order":0,"comment_status":"closed","ping_status":"closed","template":"","meta":{"footnotes":""},"class_list":["post-12534","page","type-page","status-publish","hentry"],"_links":{"self":[{"href":"https:\/\/vikingforce.se\/sv\/wp-json\/wp\/v2\/pages\/12534","targetHints":{"allow":["GET"]}}],"collection":[{"href":"https:\/\/vikingforce.se\/sv\/wp-json\/wp\/v2\/pages"}],"about":[{"href":"https:\/\/vikingforce.se\/sv\/wp-json\/wp\/v2\/types\/page"}],"author":[{"embeddable":true,"href":"https:\/\/vikingforce.se\/sv\/wp-json\/wp\/v2\/users\/1"}],"replies":[{"embeddable":true,"href":"https:\/\/vikingforce.se\/sv\/wp-json\/wp\/v2\/comments?post=12534"}],"version-history":[{"count":19,"href":"https:\/\/vikingforce.se\/sv\/wp-json\/wp\/v2\/pages\/12534\/revisions"}],"predecessor-version":[{"id":23668,"href":"https:\/\/vikingforce.se\/sv\/wp-json\/wp\/v2\/pages\/12534\/revisions\/23668"}],"up":[{"embeddable":true,"href":"https:\/\/vikingforce.se\/sv\/wp-json\/wp\/v2\/pages\/12514"}],"wp:attachment":[{"href":"https:\/\/vikingforce.se\/sv\/wp-json\/wp\/v2\/media?parent=12534"}],"curies":[{"name":"wp","href":"https:\/\/api.w.org\/{rel}","templated":true}]}}