{"id":12528,"date":"2015-11-30T17:50:04","date_gmt":"2015-11-30T17:50:04","guid":{"rendered":"http:\/\/vikingforce.se\/sv\/weight-gainers\/creatine-beta-alanine\/"},"modified":"2025-05-16T17:00:09","modified_gmt":"2025-05-16T17:00:09","slug":"creatine-beta-alanine","status":"publish","type":"page","link":"https:\/\/vikingforce.se\/sv\/weight-gainers\/creatine-beta-alanine\/","title":{"rendered":"Creatine Beta Alanine &#8211; Swedish"},"content":{"rendered":"<p><div class=\"fusion-fullwidth fullwidth-box fusion-builder-row-1 nonhundred-percent-fullwidth non-hundred-percent-height-scrolling\" style=\"--awb-background-position:center top;--awb-border-color:#f6f6f6;--awb-border-radius-top-left:0px;--awb-border-radius-top-right:0px;--awb-border-radius-bottom-right:0px;--awb-border-radius-bottom-left:0px;--awb-padding-top:1px;--awb-padding-right:0px;--awb-padding-bottom:30px;--awb-padding-left:0px;--awb-background-color:#fff;--awb-border-sizes-top:1px;--awb-border-sizes-bottom:1px;--awb-flex-wrap:wrap;\" ><div class=\"fusion-builder-row fusion-row\"><div class=\"fusion-layout-column fusion_builder_column fusion-builder-column-0 fusion_builder_column_1_2 1_2 fusion-one-half fusion-column-first\" style=\"--awb-bg-size:cover;width:48%; margin-right: 4%;\"><div class=\"fusion-column-wrapper fusion-flex-column-wrapper-legacy\"><div class=\"fusion-image-carousel fusion-image-carousel-auto fusion-image-carousel-1 fusion-carousel-border\"><div class=\"awb-carousel awb-swiper awb-swiper-carousel awb-swiper-dots-position-bottom awb-carousel--carousel\" data-layout=\"carousel\" data-autoplay=\"no\" data-autoplayspeed=\"2500\" data-autoplaypause=\"no\" data-columns=\"1\" data-itemmargin=\"13\" data-itemwidth=\"180\" data-touchscroll=\"no\" data-freemode=\"no\" data-imagesize=\"auto\" data-scrollitems=\"0\" data-centeredslides=\"no\" data-rotationangle=\"50\" data-depth=\"100\" data-speed=\"500\" data-shadow=\"no\" style=\"--awb-columns:1;--awb-border-width:1px;--awb-border-color:#e9eaee;\"><div class=\"swiper-wrapper awb-image-carousel-wrapper fusion-flex-align-items-center\"><div class=\"swiper-slide\"><div class=\"fusion-carousel-item-wrapper\"><div class=\"fusion-image-wrapper hover-type-none\"><img decoding=\"async\" width=\"2000\" height=\"2000\" src=\"https:\/\/vikingforce.se\/wp-content\/uploads\/2024\/04\/creatine-beta-alanine-mix-berries-flavour.png\" class=\"attachment-full size-full\" alt=\"\" srcset=\"https:\/\/vikingforce.se\/wp-content\/uploads\/2024\/04\/creatine-beta-alanine-mix-berries-flavour-66x66.png 66w, https:\/\/vikingforce.se\/wp-content\/uploads\/2024\/04\/creatine-beta-alanine-mix-berries-flavour-150x150.png 150w, https:\/\/vikingforce.se\/wp-content\/uploads\/2024\/04\/creatine-beta-alanine-mix-berries-flavour-200x200.png 200w, https:\/\/vikingforce.se\/wp-content\/uploads\/2024\/04\/creatine-beta-alanine-mix-berries-flavour-300x300.png 300w, https:\/\/vikingforce.se\/wp-content\/uploads\/2024\/04\/creatine-beta-alanine-mix-berries-flavour-400x400.png 400w, https:\/\/vikingforce.se\/wp-content\/uploads\/2024\/04\/creatine-beta-alanine-mix-berries-flavour-600x600.png 600w, https:\/\/vikingforce.se\/wp-content\/uploads\/2024\/04\/creatine-beta-alanine-mix-berries-flavour-768x768.png 768w, https:\/\/vikingforce.se\/wp-content\/uploads\/2024\/04\/creatine-beta-alanine-mix-berries-flavour-800x800.png 800w, https:\/\/vikingforce.se\/wp-content\/uploads\/2024\/04\/creatine-beta-alanine-mix-berries-flavour-1024x1024.png 1024w, https:\/\/vikingforce.se\/wp-content\/uploads\/2024\/04\/creatine-beta-alanine-mix-berries-flavour-1200x1200.png 1200w, https:\/\/vikingforce.se\/wp-content\/uploads\/2024\/04\/creatine-beta-alanine-mix-berries-flavour-1536x1536.png 1536w, https:\/\/vikingforce.se\/wp-content\/uploads\/2024\/04\/creatine-beta-alanine-mix-berries-flavour.png 2000w\" sizes=\"(max-width: 2000px) 100vw, 2000px\" \/><\/div><\/div><\/div><div class=\"swiper-slide\"><div class=\"fusion-carousel-item-wrapper\"><div class=\"fusion-image-wrapper hover-type-none\"><img decoding=\"async\" width=\"2000\" height=\"2000\" src=\"https:\/\/vikingforce.se\/wp-content\/uploads\/2024\/04\/creatine-beta-alanine-apple-kiwi-flavour.png\" class=\"attachment-full size-full\" alt=\"\" srcset=\"https:\/\/vikingforce.se\/wp-content\/uploads\/2024\/04\/creatine-beta-alanine-apple-kiwi-flavour-66x66.png 66w, https:\/\/vikingforce.se\/wp-content\/uploads\/2024\/04\/creatine-beta-alanine-apple-kiwi-flavour-150x150.png 150w, https:\/\/vikingforce.se\/wp-content\/uploads\/2024\/04\/creatine-beta-alanine-apple-kiwi-flavour-200x200.png 200w, https:\/\/vikingforce.se\/wp-content\/uploads\/2024\/04\/creatine-beta-alanine-apple-kiwi-flavour-300x300.png 300w, https:\/\/vikingforce.se\/wp-content\/uploads\/2024\/04\/creatine-beta-alanine-apple-kiwi-flavour-400x400.png 400w, https:\/\/vikingforce.se\/wp-content\/uploads\/2024\/04\/creatine-beta-alanine-apple-kiwi-flavour-600x600.png 600w, https:\/\/vikingforce.se\/wp-content\/uploads\/2024\/04\/creatine-beta-alanine-apple-kiwi-flavour-768x768.png 768w, https:\/\/vikingforce.se\/wp-content\/uploads\/2024\/04\/creatine-beta-alanine-apple-kiwi-flavour-800x800.png 800w, https:\/\/vikingforce.se\/wp-content\/uploads\/2024\/04\/creatine-beta-alanine-apple-kiwi-flavour-1024x1024.png 1024w, https:\/\/vikingforce.se\/wp-content\/uploads\/2024\/04\/creatine-beta-alanine-apple-kiwi-flavour-1200x1200.png 1200w, https:\/\/vikingforce.se\/wp-content\/uploads\/2024\/04\/creatine-beta-alanine-apple-kiwi-flavour-1536x1536.png 1536w, https:\/\/vikingforce.se\/wp-content\/uploads\/2024\/04\/creatine-beta-alanine-apple-kiwi-flavour.png 2000w\" sizes=\"(max-width: 2000px) 100vw, 2000px\" \/><\/div><\/div><\/div><div class=\"swiper-slide\"><div class=\"fusion-carousel-item-wrapper\"><div class=\"fusion-image-wrapper hover-type-none\"><img decoding=\"async\" width=\"2000\" height=\"2000\" src=\"https:\/\/vikingforce.se\/wp-content\/uploads\/2024\/04\/creatine-beta-alanine-orange-flavour.png\" class=\"attachment-full size-full\" alt=\"\" srcset=\"https:\/\/vikingforce.se\/wp-content\/uploads\/2024\/04\/creatine-beta-alanine-orange-flavour-66x66.png 66w, https:\/\/vikingforce.se\/wp-content\/uploads\/2024\/04\/creatine-beta-alanine-orange-flavour-150x150.png 150w, https:\/\/vikingforce.se\/wp-content\/uploads\/2024\/04\/creatine-beta-alanine-orange-flavour-200x200.png 200w, https:\/\/vikingforce.se\/wp-content\/uploads\/2024\/04\/creatine-beta-alanine-orange-flavour-300x300.png 300w, https:\/\/vikingforce.se\/wp-content\/uploads\/2024\/04\/creatine-beta-alanine-orange-flavour-400x400.png 400w, https:\/\/vikingforce.se\/wp-content\/uploads\/2024\/04\/creatine-beta-alanine-orange-flavour-600x600.png 600w, https:\/\/vikingforce.se\/wp-content\/uploads\/2024\/04\/creatine-beta-alanine-orange-flavour-768x768.png 768w, https:\/\/vikingforce.se\/wp-content\/uploads\/2024\/04\/creatine-beta-alanine-orange-flavour-800x800.png 800w, https:\/\/vikingforce.se\/wp-content\/uploads\/2024\/04\/creatine-beta-alanine-orange-flavour-1024x1024.png 1024w, https:\/\/vikingforce.se\/wp-content\/uploads\/2024\/04\/creatine-beta-alanine-orange-flavour-1200x1200.png 1200w, https:\/\/vikingforce.se\/wp-content\/uploads\/2024\/04\/creatine-beta-alanine-orange-flavour-1536x1536.png 1536w, https:\/\/vikingforce.se\/wp-content\/uploads\/2024\/04\/creatine-beta-alanine-orange-flavour.png 2000w\" sizes=\"(max-width: 2000px) 100vw, 2000px\" \/><\/div><\/div><\/div><div class=\"swiper-slide\"><div class=\"fusion-carousel-item-wrapper\"><div class=\"fusion-image-wrapper hover-type-none\"><img decoding=\"async\" width=\"2000\" height=\"2000\" src=\"https:\/\/vikingforce.se\/wp-content\/uploads\/2024\/04\/creatine-beta-alanine-cola-cherry-flavour.png\" class=\"attachment-full size-full\" alt=\"\" srcset=\"https:\/\/vikingforce.se\/wp-content\/uploads\/2024\/04\/creatine-beta-alanine-cola-cherry-flavour-66x66.png 66w, https:\/\/vikingforce.se\/wp-content\/uploads\/2024\/04\/creatine-beta-alanine-cola-cherry-flavour-150x150.png 150w, https:\/\/vikingforce.se\/wp-content\/uploads\/2024\/04\/creatine-beta-alanine-cola-cherry-flavour-200x200.png 200w, https:\/\/vikingforce.se\/wp-content\/uploads\/2024\/04\/creatine-beta-alanine-cola-cherry-flavour-300x300.png 300w, https:\/\/vikingforce.se\/wp-content\/uploads\/2024\/04\/creatine-beta-alanine-cola-cherry-flavour-400x400.png 400w, https:\/\/vikingforce.se\/wp-content\/uploads\/2024\/04\/creatine-beta-alanine-cola-cherry-flavour-600x600.png 600w, https:\/\/vikingforce.se\/wp-content\/uploads\/2024\/04\/creatine-beta-alanine-cola-cherry-flavour-768x768.png 768w, https:\/\/vikingforce.se\/wp-content\/uploads\/2024\/04\/creatine-beta-alanine-cola-cherry-flavour-800x800.png 800w, https:\/\/vikingforce.se\/wp-content\/uploads\/2024\/04\/creatine-beta-alanine-cola-cherry-flavour-1024x1024.png 1024w, https:\/\/vikingforce.se\/wp-content\/uploads\/2024\/04\/creatine-beta-alanine-cola-cherry-flavour-1200x1200.png 1200w, https:\/\/vikingforce.se\/wp-content\/uploads\/2024\/04\/creatine-beta-alanine-cola-cherry-flavour-1536x1536.png 1536w, https:\/\/vikingforce.se\/wp-content\/uploads\/2024\/04\/creatine-beta-alanine-cola-cherry-flavour.png 2000w\" sizes=\"(max-width: 2000px) 100vw, 2000px\" \/><\/div><\/div><\/div><div class=\"swiper-slide\"><div class=\"fusion-carousel-item-wrapper\"><div class=\"fusion-image-wrapper hover-type-none\"><img decoding=\"async\" width=\"2000\" height=\"2000\" src=\"https:\/\/vikingforce.se\/wp-content\/uploads\/2024\/04\/creatine-beta-alanine-lemon-flavour.png\" class=\"attachment-full size-full\" alt=\"\" srcset=\"https:\/\/vikingforce.se\/wp-content\/uploads\/2024\/04\/creatine-beta-alanine-lemon-flavour-66x66.png 66w, https:\/\/vikingforce.se\/wp-content\/uploads\/2024\/04\/creatine-beta-alanine-lemon-flavour-150x150.png 150w, https:\/\/vikingforce.se\/wp-content\/uploads\/2024\/04\/creatine-beta-alanine-lemon-flavour-200x200.png 200w, https:\/\/vikingforce.se\/wp-content\/uploads\/2024\/04\/creatine-beta-alanine-lemon-flavour-300x300.png 300w, https:\/\/vikingforce.se\/wp-content\/uploads\/2024\/04\/creatine-beta-alanine-lemon-flavour-400x400.png 400w, https:\/\/vikingforce.se\/wp-content\/uploads\/2024\/04\/creatine-beta-alanine-lemon-flavour-600x600.png 600w, https:\/\/vikingforce.se\/wp-content\/uploads\/2024\/04\/creatine-beta-alanine-lemon-flavour-768x768.png 768w, https:\/\/vikingforce.se\/wp-content\/uploads\/2024\/04\/creatine-beta-alanine-lemon-flavour-800x800.png 800w, https:\/\/vikingforce.se\/wp-content\/uploads\/2024\/04\/creatine-beta-alanine-lemon-flavour-1024x1024.png 1024w, https:\/\/vikingforce.se\/wp-content\/uploads\/2024\/04\/creatine-beta-alanine-lemon-flavour-1200x1200.png 1200w, https:\/\/vikingforce.se\/wp-content\/uploads\/2024\/04\/creatine-beta-alanine-lemon-flavour-1536x1536.png 1536w, https:\/\/vikingforce.se\/wp-content\/uploads\/2024\/04\/creatine-beta-alanine-lemon-flavour.png 2000w\" sizes=\"(max-width: 2000px) 100vw, 2000px\" \/><\/div><\/div><\/div><\/div><div class=\"awb-swiper-button awb-swiper-button-prev\"><i class=\"awb-icon-angle-left\" aria-hidden=\"true\"><\/i><\/div><div class=\"awb-swiper-button awb-swiper-button-next\"><i class=\"awb-icon-angle-right\" aria-hidden=\"true\"><\/i><\/div><\/div><\/div><div class=\"fusion-clearfix\"><\/div><\/div><\/div><div class=\"fusion-layout-column fusion_builder_column fusion-builder-column-1 fusion_builder_column_1_2 1_2 fusion-one-half fusion-column-last\" style=\"--awb-bg-size:cover;width:48%;\"><div class=\"fusion-column-wrapper fusion-flex-column-wrapper-legacy\"><div class=\"fusion-sep-clear\"><\/div><div class=\"fusion-separator fusion-full-width-sep\" style=\"margin-left: auto;margin-right: auto;margin-top:30px;width:100%;\"><\/div><div class=\"fusion-sep-clear\"><\/div><div class=\"fusion-title title fusion-title-1 fusion-sep-none fusion-title-text fusion-title-size-one title-wg\" style=\"--awb-margin-bottom:5px;\"><h1 class=\"fusion-title-heading title-heading-left\" style=\"margin:0;\"><p style=\"text-align: center;\">VIKING CREATINE &amp; BETA ALANINE<\/p><\/h1><\/div><div class=\"fusion-text fusion-text-1\"><p style=\"text-align: center;\">(Kosttillskott)<\/p>\n<\/div><div class=\"fusion-text fusion-text-2\"><p class=\"subtitle-wg\" style=\"text-align: center;\">Nettovikt: 300 g<\/p>\n<p class=\"subtitle-wg\" style=\"text-align: center;\">Portioner\/Beh\u00e5llare: 30<\/p>\n<\/div><div class=\"fusion-clearfix\"><\/div><\/div><\/div><\/div><\/div><div class=\"fusion-fullwidth fullwidth-box fusion-builder-row-2 nonhundred-percent-fullwidth non-hundred-percent-height-scrolling\" style=\"--awb-border-color:#f6f6f6;--awb-border-radius-top-left:0px;--awb-border-radius-top-right:0px;--awb-border-radius-bottom-right:0px;--awb-border-radius-bottom-left:0px;--awb-padding-top:10px;--awb-padding-right:0px;--awb-padding-bottom:0px;--awb-padding-left:0px;--awb-background-color:#fff;--awb-border-sizes-top:0px;--awb-border-sizes-bottom:0px;--awb-flex-wrap:wrap;\" ><div class=\"fusion-builder-row fusion-row\"><div class=\"fusion-layout-column fusion_builder_column fusion-builder-column-2 fusion_builder_column_1_1 1_1 fusion-one-full fusion-column-first fusion-column-last\" style=\"--awb-bg-size:cover;\"><div class=\"fusion-column-wrapper fusion-flex-column-wrapper-legacy\"><div class=\"fusion-text fusion-text-3\"><p class=\"subtitle-wg\">Viking Kreatin &amp; Beta Alanine<\/p>\n<p>\u00e4r ett tillskott som best\u00e5r av en optimal kombination av tv\u00e5 n\u00e4rings\u00e4mnen, vilket g\u00f6r att du kan \u00f6ka din styrka och uth\u00e5llighet ut\u00f6ver tr\u00e4ningen och intensiteten.<br \/>\nKreatin och Beta-alanin 2:1-f\u00f6rh\u00e5llandet bildar en matris som fungerar i synergi, l\u00e4mplig f\u00f6r styrketr\u00e4ning eller motst\u00e5nd, l\u00e5ng eller kort varaktighet, s\u00e5som kontaktsporter, cykling, atletik, bodybuilding, fitness, simning, etc. ..<br \/>\nKreatin \u00e4r ett naturligt \u00e4mne som produceras i kroppen f\u00f6r att f\u00f6rse oss med energi, de flesta producerar cirka 2 gram kreatin per dag, det underl\u00e4ttar energiproduktion (ATP), f\u00f6rb\u00e4ttrar anabola processer och stimulerar tillv\u00e4xten av fibermuskler, f\u00f6rb\u00e4ttrar styrka, muskelsammandragning och \u00f6kar hydreringen av muskelcellerna.<br \/>\nDet har ocks\u00e5 starka anti-kataboliska egenskaper, vilket avsev\u00e4rt p\u00e5skyndar \u00e5terh\u00e4mtningstiden.<br \/>\nBeta-Alanine anses idealiskt f\u00f6r h\u00f6gre intensitetsrepetitionsintervall och uth\u00e5llighet p\u00e5 grund av dess f\u00f6rm\u00e5ga att buffra mj\u00f6lksyra. Beta-Alanin \u00e4r en icke-essentiell aminosyra som anv\u00e4nds av muskelceller f\u00f6r att syntetisera karnosin, som fungerar som en buffert f\u00f6r syror som produceras under anstr\u00e4ngande tr\u00e4ning, vilket hj\u00e4lper till att bibeh\u00e5lla optimalt muskel-pH.<br \/>\n\u2022 Fyll p\u00e5 energidep\u00e5er och neutralisera mj\u00f6lksyra<br \/>\n\u2022 Muskel\u00e5terh\u00e4mtning och styrka<br \/>\n\u2022 Kreatin och Beta-alanin 2:1 f\u00f6rh\u00e5llande<\/p>\n<\/div><div class=\"fusion-clearfix\"><\/div><\/div><\/div><div class=\"fusion-layout-column fusion_builder_column fusion-builder-column-3 fusion_builder_column_1_2 1_2 fusion-one-half fusion-column-first\" style=\"--awb-bg-size:cover;width:48%; margin-right: 4%;\"><div class=\"fusion-column-wrapper fusion-flex-column-wrapper-legacy\"><div class=\"fusion-text fusion-text-4\"><p class=\"subtitle-wg\">Smaker: <span style=\"font-weight: normal; color: #747474;\">Mix<\/span><span style=\"font-weight: normal; color: #747474;\"> B\u00e4r, Apelsin, Citron, \u00c4pple-Kiwi, Cola-K\u00f6rsb\u00e4r<\/span><\/p>\n<p class=\"subtitle-wg\">Anv\u00e4ndningsanvisning:<\/p>\n<p>Blanda en skopa (ca 10 g) med 3 dl vatten eller din favoritdryck. Konsumera en portion dagligen.<\/p>\n<p class=\"subtitle-wg\">Ingredienser:<\/p>\n<p>Buffrad ph-korrekt kreatinmonohydrat, beta alanin, surhetsreglerande medel (citronsyra), antioxidant (L-askorbinsyra &#8211; vitamin C), klumpf\u00f6rebyggande medel (kiseldioxid, trikalciumfosfat), smaker, s\u00f6tningsmedel (sukralos, acesulfam K), f\u00e4rg\u00e4mnen (karmin (f\u00f6r blandade b\u00e4rsmak), riboflavin (f\u00f6r citronsmak), paprikaextrakt (f\u00f6r apelsinsmak), karamell (f\u00f6r cola &amp; k\u00f6rsb\u00e4rsmak), kopparklorofyllin (f\u00f6r \u00e4pple-kiwismak)).<\/p>\n<p class=\"subtitle-wg\">Allergiinformation:<\/p>\n<p>Kan inneh\u00e5lla sp\u00e5r av mj\u00f6lk, soja, \u00e4gg och vete (gluten).<\/p>\n<p class=\"subtitle-wg\">Viktig information:<\/p>\n<p>Denna produkt \u00e4r ett kosttillskott. Anv\u00e4nd denna produkt tillsammans med mat som en del av en h\u00e4lsosam, balanserad kost, inte som en ers\u00e4ttning f\u00f6r s\u00e5dan. F\u00f6rvara utom r\u00e4ckh\u00e5ll f\u00f6r barn. Ej avsedd f\u00f6r anv\u00e4ndning av barn och gravida eller ammande kvinnor! \u00d6verskrid inte den rekommenderade dagliga dosen.<br \/>\nF\u00f6rvara p\u00e5 en sval, torr plats. Uts\u00e4tt inte f\u00f6r \u00f6verdriven v\u00e4rme, fukt eller solljus. B\u00e4st f\u00f6re utg\u00e5ngsdatumet som st\u00e5r p\u00e5 f\u00f6rpackningen.<\/p>\n<\/div><div class=\"fusion-clearfix\"><\/div><\/div><\/div><div class=\"fusion-layout-column fusion_builder_column fusion-builder-column-4 fusion_builder_column_1_2 1_2 fusion-one-half fusion-column-last\" style=\"--awb-bg-size:cover;width:48%;\"><div class=\"fusion-column-wrapper fusion-flex-column-wrapper-legacy\"><div class=\"fusion-text fusion-text-5\"><p class=\"subtitle-wg\">N\u00c4RINGSINNEH\u00c5LL<\/p>\n<\/div><div class=\"fusion-text fusion-text-6\"><div class=\"table-1\">\n<table class=\"tb\" width=\"100%\">\n<tbody>\n<tr class=\"table-row_border\">\n<td colspan=\"3\"><strong>N\u00e4ringsinneh\u00e5ll per:<\/strong><\/td>\n<td colspan=\"2\">1 portion (<strong>10 g<\/strong>)<\/td>\n<td colspan=\"2\"><strong>100 g<\/strong><\/td>\n<\/tr>\n<tr>\n<td colspan=\"3\">Energiv\u00e4rde<\/td>\n<td colspan=\"2\">0 kJ \/ 0 kcal<\/td>\n<td colspan=\"2\">0 kJ \/ 0 kcal<\/td>\n<\/tr>\n<tr>\n<td colspan=\"3\">Proteiner<\/td>\n<td colspan=\"2\">0 g<\/td>\n<td colspan=\"2\">0 g<\/td>\n<\/tr>\n<tr>\n<td colspan=\"3\">Kolhydrater<\/td>\n<td colspan=\"2\">0 g<\/td>\n<td colspan=\"2\">&lt; 0 g<\/td>\n<\/tr>\n<tr>\n<td colspan=\"3\">\u00a0varav socker<\/td>\n<td colspan=\"2\">0 g<\/td>\n<td colspan=\"2\">\u00a0&lt; 0 g<\/td>\n<\/tr>\n<tr>\n<td colspan=\"3\">Fett<\/td>\n<td colspan=\"2\">0 g<\/td>\n<td colspan=\"2\">0 g<\/td>\n<\/tr>\n<tr>\n<td colspan=\"3\">\u00a0varav m\u00e4ttad<\/td>\n<td colspan=\"2\">0 g<\/td>\n<td colspan=\"2\">0 g<\/td>\n<\/tr>\n<tr>\n<td colspan=\"3\">Kostfiber<\/td>\n<td colspan=\"2\">0 g<\/td>\n<td colspan=\"2\">0 g<\/td>\n<\/tr>\n<tr>\n<td colspan=\"3\">Natrium<\/td>\n<td colspan=\"2\">&lt; 0,04 g<\/td>\n<td colspan=\"2\">&lt; 0,4 g<\/td>\n<\/tr>\n<tr>\n<td colspan=\"3\">buffrat ph korrekt kreatinmonohydrat<\/td>\n<td colspan=\"2\">6000 mg<\/td>\n<td colspan=\"2\">60 000 mg<\/td>\n<\/tr>\n<tr>\n<td colspan=\"3\">Beta alanin<\/td>\n<td colspan=\"2\">3000 mg<\/td>\n<td colspan=\"2\">30 000 mg<\/td>\n<\/tr>\n<\/tbody>\n<\/table>\n<\/div>\n<\/div><div class=\"fusion-clearfix\"><\/div><\/div><\/div><\/div><\/div><\/p>\n","protected":false},"excerpt":{"rendered":"","protected":false},"author":1,"featured_media":0,"parent":12514,"menu_order":0,"comment_status":"closed","ping_status":"closed","template":"","meta":{"footnotes":""},"class_list":["post-12528","page","type-page","status-publish","hentry"],"_links":{"self":[{"href":"https:\/\/vikingforce.se\/sv\/wp-json\/wp\/v2\/pages\/12528","targetHints":{"allow":["GET"]}}],"collection":[{"href":"https:\/\/vikingforce.se\/sv\/wp-json\/wp\/v2\/pages"}],"about":[{"href":"https:\/\/vikingforce.se\/sv\/wp-json\/wp\/v2\/types\/page"}],"author":[{"embeddable":true,"href":"https:\/\/vikingforce.se\/sv\/wp-json\/wp\/v2\/users\/1"}],"replies":[{"embeddable":true,"href":"https:\/\/vikingforce.se\/sv\/wp-json\/wp\/v2\/comments?post=12528"}],"version-history":[{"count":26,"href":"https:\/\/vikingforce.se\/sv\/wp-json\/wp\/v2\/pages\/12528\/revisions"}],"predecessor-version":[{"id":23673,"href":"https:\/\/vikingforce.se\/sv\/wp-json\/wp\/v2\/pages\/12528\/revisions\/23673"}],"up":[{"embeddable":true,"href":"https:\/\/vikingforce.se\/sv\/wp-json\/wp\/v2\/pages\/12514"}],"wp:attachment":[{"href":"https:\/\/vikingforce.se\/sv\/wp-json\/wp\/v2\/media?parent=12528"}],"curies":[{"name":"wp","href":"https:\/\/api.w.org\/{rel}","templated":true}]}}