{"id":12524,"date":"2015-11-29T20:56:27","date_gmt":"2015-11-29T20:56:27","guid":{"rendered":"http:\/\/vikingforce.se\/sv\/weight-gainers\/animal-mass\/"},"modified":"2025-05-16T16:16:08","modified_gmt":"2025-05-16T16:16:08","slug":"animal-mass","status":"publish","type":"page","link":"https:\/\/vikingforce.se\/sv\/weight-gainers\/animal-mass\/","title":{"rendered":"Animal Mass"},"content":{"rendered":"<p><div class=\"fusion-fullwidth fullwidth-box fusion-builder-row-1 nonhundred-percent-fullwidth non-hundred-percent-height-scrolling\" style=\"--awb-background-position:center top;--awb-border-color:#f6f6f6;--awb-border-radius-top-left:0px;--awb-border-radius-top-right:0px;--awb-border-radius-bottom-right:0px;--awb-border-radius-bottom-left:0px;--awb-padding-top:1px;--awb-padding-right:0px;--awb-padding-bottom:30px;--awb-padding-left:0px;--awb-background-color:#fff;--awb-border-sizes-top:1px;--awb-border-sizes-bottom:1px;--awb-flex-wrap:wrap;\" ><div class=\"fusion-builder-row fusion-row\"><div class=\"fusion-layout-column fusion_builder_column fusion-builder-column-0 fusion_builder_column_1_2 1_2 fusion-one-half fusion-column-first\" style=\"--awb-bg-size:cover;width:48%; margin-right: 4%;\"><div class=\"fusion-column-wrapper fusion-flex-column-wrapper-legacy\"><div class=\"fusion-text fusion-text-1\"><p><img decoding=\"async\" class=\"wp-image-14185 size-full aligncenter\" src=\"https:\/\/vikingforce.se\/wp-content\/uploads\/2017\/03\/animal_mass.jpg\" alt=\"\" width=\"600\" height=\"741\" srcset=\"https:\/\/vikingforce.se\/wp-content\/uploads\/2017\/03\/animal_mass-243x300.jpg 243w, https:\/\/vikingforce.se\/wp-content\/uploads\/2017\/03\/animal_mass.jpg 600w\" sizes=\"(max-width: 600px) 100vw, 600px\" \/><\/p>\n<\/div><div class=\"fusion-clearfix\"><\/div><\/div><\/div><div class=\"fusion-layout-column fusion_builder_column fusion-builder-column-1 fusion_builder_column_1_2 1_2 fusion-one-half fusion-column-last\" style=\"--awb-bg-size:cover;width:48%;\"><div class=\"fusion-column-wrapper fusion-flex-column-wrapper-legacy\"><div class=\"fusion-sep-clear\"><\/div><div class=\"fusion-separator fusion-full-width-sep\" style=\"margin-left: auto;margin-right: auto;margin-top:30px;width:100%;\"><\/div><div class=\"fusion-sep-clear\"><\/div><div class=\"fusion-title title fusion-title-1 fusion-sep-none fusion-title-text fusion-title-size-one title-wg\" style=\"--awb-margin-bottom:5px;\"><h1 class=\"fusion-title-heading title-heading-left\" style=\"margin:0;\"><p style=\"text-align: center;\">VIKING ANIMAL MASS<\/p><\/h1><\/div><div class=\"fusion-text fusion-text-2\"><p style=\"text-align: center;\">(Kosttillskott)<\/p>\n<\/div><div class=\"fusion-sep-clear\"><\/div><div class=\"fusion-separator fusion-full-width-sep\" style=\"margin-left: auto;margin-right: auto;margin-top:10px;width:100%;\"><\/div><div class=\"fusion-sep-clear\"><\/div><div class=\"fusion-text fusion-text-3\"><p class=\"subtitle-wg\" style=\"text-align: center;\">Nettovikt: 4000 g<\/p>\n<p class=\"subtitle-wg\" style=\"text-align: center;\">Portioner\/beh\u00e5llare : 40<\/p>\n<\/div><div class=\"fusion-clearfix\"><\/div><\/div><\/div><\/div><\/div><div class=\"fusion-fullwidth fullwidth-box fusion-builder-row-2 nonhundred-percent-fullwidth non-hundred-percent-height-scrolling\" style=\"--awb-border-color:#f6f6f6;--awb-border-radius-top-left:0px;--awb-border-radius-top-right:0px;--awb-border-radius-bottom-right:0px;--awb-border-radius-bottom-left:0px;--awb-padding-top:10px;--awb-padding-right:0px;--awb-padding-bottom:0px;--awb-padding-left:0px;--awb-background-color:#fff;--awb-border-sizes-top:0px;--awb-border-sizes-bottom:0px;--awb-flex-wrap:wrap;\" ><div class=\"fusion-builder-row fusion-row\"><div class=\"fusion-layout-column fusion_builder_column fusion-builder-column-2 fusion_builder_column_1_1 1_1 fusion-one-full fusion-column-first fusion-column-last\" style=\"--awb-bg-size:cover;\"><div class=\"fusion-column-wrapper fusion-flex-column-wrapper-legacy\"><div class=\"fusion-text fusion-text-4\"><p class=\"subtitle-wg\">Viking Animal Mass<\/p>\n<p>\u00c4r en komplett gainer och \u00e5terh\u00e4mtningsprodukt som inneh\u00e5ller en komplex kombination av proteiner och snabbt upptagna kolhydrater som snabbt hj\u00e4lper till att fylla dina muskler med ny energi. Den \u00e4r ocks\u00e5 berikad med vitaminer och mineraler f\u00f6r att s\u00e4kerst\u00e4lla maximal kroppsfunktion.<br \/>\nEn kontinuerlig intag av protein, kombinerat med h\u00e5rd tr\u00e4ning, bidrar till uppbyggnaden av ny muskelmassa.<br \/>\n\u2022 Mycket h\u00f6gt protein<br \/>\n\u2022 Snabbt upptagna kolhydrater<br \/>\n\u2022 Vitamin- och mineralberikad<\/p>\n<\/div><div class=\"fusion-clearfix\"><\/div><\/div><\/div><div class=\"fusion-layout-column fusion_builder_column fusion-builder-column-3 fusion_builder_column_1_2 1_2 fusion-one-half fusion-column-first\" style=\"--awb-bg-size:cover;width:48%; margin-right: 4%;\"><div class=\"fusion-column-wrapper fusion-flex-column-wrapper-legacy\"><div class=\"fusion-text fusion-text-5\"><p class=\"subtitle-wg\">Smaker:<span style=\"font-weight: normal; color: #050607;\"> <span style=\"color: #747474;\">Choklad, Banan, Vanilj, Hallon, K\u00f6rsb\u00e4r, Oreo, Cappuccino<\/span><\/span><\/p>\n<p class=\"subtitle-wg\">Anv\u00e4ndningsanvisning:<\/p>\n<p>Blanda 2 skopor<span style=\"color: #747474;\"> (100 <\/span>g) med 3 dl vatten eller mj\u00f6lk och skaka i 30 sekunder. Ta en portion efter tr\u00e4ning och som ett mellanm\u00e5l om du har ett h\u00f6gt energibehov.<\/p>\n<p><span style=\"color: #050607; font-weight: bold; font-family: var(--body_typography-font-family); font-size: var(--body_typography-font-size); font-style: var(--body_typography-font-style,normal); letter-spacing: var(--body_typography-letter-spacing);\">Ingredienser:<\/span><\/p>\n<p><strong>&#8211; f\u00f6r chokladsmak<\/strong><\/p>\n<p>Proteintillskott (<u>vassle<\/u>proteinkoncentrat, <u>mj\u00f6lk<\/u>proteinkoncentrat, kalcium <u>kaseinat<\/u>, <u>\u00e4gg<\/u>albumin), dextrosmonohydrat, maltodextrin, fettfattigt kakaopulver (inneh\u00e5ller emulgeringsmedel: <u>soja<\/u>lecitin), kreatinmonohydrat, vitaminer och mineraler (natriumcitrat, natriumklorid, kaliumklorid, kalciumcitrat, askorbinsyra &#8211; vitamin C, magnesiumnitrat, nikotinamid &#8211; vitamin B3, kalcium D-pantotenat &#8211; vitamin B5, pyridoxinhydroklorid &#8211; vitamin B6, tiaminmononitrat &#8211; vitamin B1, cyanokobalamin &#8211; vitamin B12, pteroylmonoglutaminsyra &#8211; vitamin B9)), taurin, L-glutamin, BCAA 4:1:1 (L-leucin, L-valin, L-isoleucin), klumpf\u00f6rebyggande medel (kiseldioxid, trikalciumfosfat), chokladsmak, f\u00f6rtjockningsmedel (xantangummi).<\/p>\n<p><strong>&#8211; f\u00f6r banansmak<\/strong><\/p>\n<p>Proteintillskott (<u>vassle<\/u>proteinkoncentrat, <u>mj\u00f6lk<\/u>proteinkoncentrat, kalcium <u>kaseinat<\/u>, <u>\u00e4gg<\/u>albumin), dextrosmonohydrat, maltodextrin, kreatinmonohydrat, vitaminer och mineraler (natriumcitrat, natriumklorid, kaliumklorid, kalciumcitrat, askorbinsyra &#8211; vitamin C, magnesiumnitrat, nikotinamid &#8211; vitamin B3, kalcium D-pantotenat &#8211; vitamin B5, pyridoxinhydroklorid &#8211; vitamin B6, tiaminmononitrat &#8211; vitamin B1, cyanokobalamin &#8211; vitamin B12, pteroylmonoglutaminsyra &#8211; vitamin B9)), taurin, L-glutamin, BCAA 4:1:1 (L-leucin, L-valin, L-isoleucin), klumpf\u00f6rebyggande medel (kiseldioxid, trikalciumfosfat), banansmak, f\u00f6rtjockningsmedel (xantangummi).<\/p>\n<p><strong>&#8211; f\u00f6r vaniljsmak<\/strong><\/p>\n<p>Proteintillskott (<u>vassle<\/u>proteinkoncentrat, <u>mj\u00f6lk<\/u>proteinkoncentrat, kalcium <u>kaseinat<\/u>, <u>\u00e4gg<\/u>albumin), dextrosmonohydrat, maltodextrin, kreatinmonohydrat, vitaminer och mineraler (natriumcitrat, natriumklorid, kaliumklorid, kalciumcitrat, askorbinsyra &#8211; vitamin C, magnesiumnitrat, nikotinamid &#8211; vitamin B3, kalcium D-pantotenat &#8211; vitamin B5, pyridoxinhydroklorid &#8211; vitamin B6, tiaminmononitrat &#8211; vitamin B1, cyanokobalamin &#8211; vitamin B12, pteroylmonoglutaminsyra &#8211; vitamin B9)), taurin, L-glutamin, BCAA 4:1:1 (L-leucin, L-valin, L-isoleucin), klumpf\u00f6rebyggande medel (kiseldioxid, trikalciumfosfat), vaniljsmak, f\u00f6rtjockningsmedel (xantangummi), f\u00e4rg\u00e4mne (riboflavin).<\/p>\n<p><strong>&#8211; f\u00f6r vanilj-kanel smak<\/strong><\/p>\n<p>Proteintillskott (<u>vassle<\/u>proteinkoncentrat, <u>mj\u00f6lk<\/u>proteinkoncentrat, kalcium <u>kaseinat<\/u>, <u>\u00e4gg<\/u>albumin), dextrosmonohydrat, maltodextrin, kreatinmonohydrat, vitaminer och mineraler (natriumcitrat, natriumklorid, kaliumklorid, kalciumcitrat, askorbinsyra &#8211; vitamin C, magnesiumnitrat, nikotinamid &#8211; vitamin B3, kalcium D-pantotenat &#8211; vitamin B5, pyridoxinhydroklorid &#8211; vitamin B6, tiaminmononitrat &#8211; vitamin B1, cyanokobalamin &#8211; vitamin B12, pteroylmonoglutaminsyra &#8211; vitamin B9)), taurin, L-glutamin, BCAA 4:1:1 (L-leucin, L-valin, L-isoleucin), klumpf\u00f6rebyggande medel (kiseldioxid, trikalciumfosfat), vaniljsmak, f\u00f6rtjockningsmedel (xantangummi), kanelpulver, f\u00e4rg\u00e4mnen (betakaroten, riboflavin).<\/p>\n<p><strong>&#8211; f\u00f6r jordgubbssmak<\/strong><\/p>\n<p>Proteintillskott (<u>vassle<\/u>proteinkoncentrat, <u>mj\u00f6lk<\/u>proteinkoncentrat, kalcium <u>kaseinat<\/u>, <u>\u00e4gg<\/u>albumin), dextrosmonohydrat, maltodextrin, kreatinmonohydrat, vitaminer och mineraler (natriumcitrat, natriumklorid, kaliumklorid, kalciumcitrat, askorbinsyra &#8211; vitamin C, magnesiumnitrat, nikotinamid &#8211; vitamin B3, kalcium D-pantotenat &#8211; vitamin B5, pyridoxinhydroklorid &#8211; vitamin B6, tiaminmononitrat &#8211; vitamin B1, cyanokobalamin &#8211; vitamin B12, pteroylmonoglutaminsyra &#8211; vitamin B9)), taurin, L-glutamin, BCAA 4:1:1 (L-leucin, L-valin, L-isoleucin), klumpf\u00f6rebyggande medel (kiseldioxid, trikalciumfosfat), jordgubbssmak, f\u00f6rtjockningsmedel (xantangummi), f\u00e4rg\u00e4mne (karmosin).<\/p>\n<p><strong>&#8211; f\u00f6r hallonsmak<\/strong><\/p>\n<p>Proteintillskott (<u>vassle<\/u>proteinkoncentrat, <u>mj\u00f6lk<\/u>proteinkoncentrat, kalcium <u>kaseinat<\/u>, <u>\u00e4gg<\/u>albumin), dextrosmonohydrat, maltodextrin, kreatinmonohydrat, vitaminer och mineraler (natriumcitrat, natriumklorid, kaliumklorid, kalciumcitrat, askorbinsyra &#8211; vitamin C, magnesiumnitrat, nikotinamid &#8211; vitamin B3, kalcium D-pantotenat &#8211; vitamin B5, pyridoxinhydroklorid &#8211; vitamin B6, tiaminmononitrat &#8211; vitamin B1, cyanokobalamin &#8211; vitamin B12, pteroylmonoglutaminsyra &#8211; vitamin B9)), taurin, L-glutamin, BCAA 4:1:1 (L-leucin, L-valin, L-isoleucin), klumpf\u00f6rebyggande medel (kiseldioxid, trikalciumfosfat), hallonsmak, f\u00f6rtjockningsmedel (xantangummi), f\u00e4rg\u00e4mne (karmosin).<\/p>\n<p class=\"subtitle-wg\">Allergiinformation:<\/p>\n<p>Inneh\u00e5ller mj\u00f6lk- och \u00e4ggkomponenter. Kan inneh\u00e5lla sp\u00e5r av soja och vete (gluten).<\/p>\n<p class=\"subtitle-wg\">Viktig information:<\/p>\n<p>Denna produkt \u00e4r ett kosttillskott. Anv\u00e4nd denna produkt tillsammans med mat som en del av en h\u00e4lsosam, balanserad kost, inte som ers\u00e4ttning f\u00f6r s\u00e5dan. F\u00f6rvara utom r\u00e4ckh\u00e5ll f\u00f6r barn. Inte avsett f\u00f6r barn samt gravida eller ammande kvinnor! \u00d6verskrid inte den rekommenderade dagliga dosen.<br \/>\nF\u00f6rvara p\u00e5 en sval, torr plats. Uts\u00e4tt inte f\u00f6r \u00f6verdriven v\u00e4rme, fukt eller solljus. B\u00e4st f\u00f6re utg\u00e5ngsdatum som st\u00e5r p\u00e5 f\u00f6rpackningen.<\/p>\n<\/div><div class=\"fusion-clearfix\"><\/div><\/div><\/div><div class=\"fusion-layout-column fusion_builder_column fusion-builder-column-4 fusion_builder_column_1_2 1_2 fusion-one-half fusion-column-last\" style=\"--awb-bg-size:cover;width:48%;\"><div class=\"fusion-column-wrapper fusion-flex-column-wrapper-legacy\"><div class=\"fusion-text fusion-text-6\"><p class=\"subtitle-wg\">N\u00c4RINGSFAKTA<\/p>\n<\/div><div class=\"fusion-text fusion-text-7\"><div class=\"table-1\">\n<table class=\"tb\" width=\"100%\" cellpadding=\"6\" cellspacing=\"0\" border=\"1\" style=\"border-collapse: collapse;\">\n<thead>\n<tr>\n<th colspan=\"3\" style=\"text-align: left;\"><strong>Nutritional content per:<\/strong><\/th>\n<th colspan=\"2\" style=\"text-align: left;\">100 g (1 serving)<\/th>\n<\/tr>\n<\/thead>\n<tbody>\n<tr>\n<td colspan=\"3\">Energy value<\/td>\n<td colspan=\"2\">1585.5 kJ \/ 373.5 kcal<\/td>\n<\/tr>\n<tr>\n<td colspan=\"3\">Proteins<\/td>\n<td colspan=\"2\">35 g<\/td>\n<\/tr>\n<tr>\n<td colspan=\"3\">Carbohydrates<\/td>\n<td colspan=\"2\">55.5 g<\/td>\n<\/tr>\n<tr>\n<td colspan=\"3\">of which Sugars<\/td>\n<td colspan=\"2\">40.5 g<\/td>\n<\/tr>\n<tr>\n<td colspan=\"3\">of which Lactose<\/td>\n<td colspan=\"2\">20 g<\/td>\n<\/tr>\n<tr>\n<td colspan=\"3\">Fats<\/td>\n<td colspan=\"2\">1.1 g<\/td>\n<\/tr>\n<tr>\n<td colspan=\"3\">of which saturates<\/td>\n<td colspan=\"2\">0.6 g<\/td>\n<\/tr>\n<tr>\n<td colspan=\"3\">Dietary fiber<\/td>\n<td colspan=\"2\">0.8 g<\/td>\n<\/tr>\n<tr>\n<td colspan=\"3\">Sodium<\/td>\n<td colspan=\"2\">0.6 g<\/td>\n<\/tr>\n<tr>\n<td colspan=\"3\">Calcium<\/td>\n<td colspan=\"2\">650 mg (81.2 %*)<\/td>\n<\/tr>\n<tr>\n<td colspan=\"3\">Phosphorous<\/td>\n<td colspan=\"2\">497 mg (71 %*)<\/td>\n<\/tr>\n<tr>\n<td colspan=\"3\">Magnesium<\/td>\n<td colspan=\"2\">170 mg (45.3 %*)<\/td>\n<\/tr>\n<tr>\n<td colspan=\"3\">Vitamin C<\/td>\n<td colspan=\"2\">80 mg (100 %)<\/td>\n<\/tr>\n<tr>\n<td colspan=\"3\">Vitamin B3<\/td>\n<td colspan=\"2\">16 mg (100 %)<\/td>\n<\/tr>\n<tr>\n<td colspan=\"3\">Vitamin B5<\/td>\n<td colspan=\"2\">6 mg (100 %)<\/td>\n<\/tr>\n<tr>\n<td colspan=\"3\">Vitamin B6<\/td>\n<td colspan=\"2\">2 mg (142.3 %)<\/td>\n<\/tr>\n<tr>\n<td colspan=\"3\">Vitamin B1<\/td>\n<td colspan=\"2\">1.4 mg (127.3 %)<\/td>\n<\/tr>\n<tr>\n<td colspan=\"3\">Vitamin B9<\/td>\n<td colspan=\"2\">190 \u00b5g (95 %)<\/td>\n<\/tr>\n<tr>\n<td colspan=\"3\">Vitamin B12<\/td>\n<td colspan=\"2\">1 \u00b5g (40 %)<\/td>\n<\/tr>\n<tr>\n<td colspan=\"3\">Creatine monohydrate<\/td>\n<td colspan=\"2\">2500 mg<\/td>\n<\/tr>\n<tr>\n<td colspan=\"3\">Taurine<\/td>\n<td colspan=\"2\">500 mg<\/td>\n<\/tr>\n<tr>\n<td colspan=\"3\">L-Glutamine<\/td>\n<td colspan=\"2\">500 mg<\/td>\n<\/tr>\n<tr>\n<td colspan=\"3\">BCAA\u2019s 4:1:1<\/td>\n<td colspan=\"2\">500 mg<\/td>\n<\/tr>\n<\/tbody>\n<\/table>\n<\/div>\n<\/div><br\/><div class=\"fusion-text fusion-text-8\"><div class=\"table-1\">\n<table class=\"tb\" width=\"100%\">\n<tbody>\n<tr>\n<td><strong>Aminosyraprofil<\/strong><\/td>\n<td>100 g (1 portion)<\/td>\n<\/tr>\n<tr>\n<td>Leucin<\/td>\n<td>3317\u00a0mg<\/td>\n<\/tr>\n<tr>\n<td>Isoleucin<\/td>\n<td>2007\u00a0mg<\/td>\n<\/tr>\n<tr>\n<td>Valin<\/td>\n<td>2188 mg<\/td>\n<\/tr>\n<tr>\n<td>Aspartinsyra<\/td>\n<td>2691 mg<\/td>\n<\/tr>\n<tr>\n<td>Glutaminsyra<\/td>\n<td>6845 mg<\/td>\n<\/tr>\n<tr>\n<td>Serin<\/td>\n<td>1815 mg<\/td>\n<\/tr>\n<tr>\n<td>Glycin<\/td>\n<td>696 mg<\/td>\n<\/tr>\n<tr>\n<td>Histidin<\/td>\n<td>871 mg<\/td>\n<\/tr>\n<tr>\n<td>Arginin<\/td>\n<td>1164 mg<\/td>\n<\/tr>\n<tr>\n<td>Treonin<\/td>\n<td>1647 mg<\/td>\n<\/tr>\n<tr>\n<td>Alanin<\/td>\n<td>1218 mg<\/td>\n<\/tr>\n<tr>\n<td>Prolin<\/td>\n<td>3050 mg<\/td>\n<\/tr>\n<tr>\n<td>Tyrosin<\/td>\n<td>1531 mg<\/td>\n<\/tr>\n<tr>\n<td>Methionin<\/td>\n<td>868 mg<\/td>\n<\/tr>\n<tr>\n<td>Cystin<\/td>\n<td>375 mg<\/td>\n<\/tr>\n<tr>\n<td>Fenylalanin<\/td>\n<td>1535 mg<\/td>\n<\/tr>\n<tr>\n<td>Lysin<\/td>\n<td>2709 mg<\/td>\n<\/tr>\n<tr>\n<td>Triptofan<\/td>\n<td>472 mg<\/td>\n<\/tr>\n<tr>\n<td colspan=\"4\">**N\u00e4ringsinformationen kan variera n\u00e5got mellan smaker.<br \/>\n* Referensv\u00e4rden f\u00f6r n\u00e4rings\u00e4mnen<\/td>\n<\/tr>\n<\/tbody>\n<\/table>\n<\/div>\n<\/div><div class=\"fusion-clearfix\"><\/div><\/div><\/div><\/div><\/div><\/p>\n","protected":false},"excerpt":{"rendered":"","protected":false},"author":1,"featured_media":0,"parent":12514,"menu_order":0,"comment_status":"closed","ping_status":"closed","template":"","meta":{"footnotes":""},"class_list":["post-12524","page","type-page","status-publish","hentry"],"_links":{"self":[{"href":"https:\/\/vikingforce.se\/sv\/wp-json\/wp\/v2\/pages\/12524","targetHints":{"allow":["GET"]}}],"collection":[{"href":"https:\/\/vikingforce.se\/sv\/wp-json\/wp\/v2\/pages"}],"about":[{"href":"https:\/\/vikingforce.se\/sv\/wp-json\/wp\/v2\/types\/page"}],"author":[{"embeddable":true,"href":"https:\/\/vikingforce.se\/sv\/wp-json\/wp\/v2\/users\/1"}],"replies":[{"embeddable":true,"href":"https:\/\/vikingforce.se\/sv\/wp-json\/wp\/v2\/comments?post=12524"}],"version-history":[{"count":19,"href":"https:\/\/vikingforce.se\/sv\/wp-json\/wp\/v2\/pages\/12524\/revisions"}],"predecessor-version":[{"id":23660,"href":"https:\/\/vikingforce.se\/sv\/wp-json\/wp\/v2\/pages\/12524\/revisions\/23660"}],"up":[{"embeddable":true,"href":"https:\/\/vikingforce.se\/sv\/wp-json\/wp\/v2\/pages\/12514"}],"wp:attachment":[{"href":"https:\/\/vikingforce.se\/sv\/wp-json\/wp\/v2\/media?parent=12524"}],"curies":[{"name":"wp","href":"https:\/\/api.w.org\/{rel}","templated":true}]}}