{"id":12500,"date":"2015-12-11T01:03:55","date_gmt":"2015-12-11T01:03:55","guid":{"rendered":"http:\/\/vikingforce.se\/sv\/quick-meal\/"},"modified":"2025-05-16T14:47:28","modified_gmt":"2025-05-16T14:47:28","slug":"quick-meal","status":"publish","type":"page","link":"https:\/\/vikingforce.se\/sv\/proteins\/quick-meal\/","title":{"rendered":"Quick Meal"},"content":{"rendered":"<p><div class=\"fusion-fullwidth fullwidth-box fusion-builder-row-1 nonhundred-percent-fullwidth non-hundred-percent-height-scrolling\" style=\"--awb-background-position:center top;--awb-border-color:#f6f6f6;--awb-border-radius-top-left:0px;--awb-border-radius-top-right:0px;--awb-border-radius-bottom-right:0px;--awb-border-radius-bottom-left:0px;--awb-padding-top:1px;--awb-padding-right:0px;--awb-padding-bottom:30px;--awb-padding-left:0px;--awb-background-color:#fff;--awb-border-sizes-top:1px;--awb-border-sizes-bottom:1px;--awb-flex-wrap:wrap;\" ><div class=\"fusion-builder-row fusion-row\"><div class=\"fusion-layout-column fusion_builder_column fusion-builder-column-0 fusion_builder_column_1_2 1_2 fusion-one-half fusion-column-first\" style=\"--awb-bg-size:cover;width:48%; margin-right: 4%;\"><div class=\"fusion-column-wrapper fusion-flex-column-wrapper-legacy\"><div class=\"fusion-sep-clear\"><\/div><div class=\"fusion-separator fusion-full-width-sep\" style=\"margin-left: auto;margin-right: auto;margin-top:60px;width:100%;\"><\/div><div class=\"fusion-sep-clear\"><\/div><div class=\"fusion-text fusion-text-1\"><p><img decoding=\"async\" class=\"wp-image-13971 size-full aligncenter\" src=\"https:\/\/vikingforce.se\/wp-content\/uploads\/2017\/03\/quick_meal.jpg\" alt=\"\" width=\"600\" height=\"740\" srcset=\"https:\/\/vikingforce.se\/wp-content\/uploads\/2017\/03\/quick_meal-243x300.jpg 243w, https:\/\/vikingforce.se\/wp-content\/uploads\/2017\/03\/quick_meal.jpg 600w\" sizes=\"(max-width: 600px) 100vw, 600px\" \/><\/p>\n<\/div><div class=\"fusion-clearfix\"><\/div><\/div><\/div><div class=\"fusion-layout-column fusion_builder_column fusion-builder-column-1 fusion_builder_column_1_2 1_2 fusion-one-half fusion-column-last\" style=\"--awb-bg-size:cover;width:48%;\"><div class=\"fusion-column-wrapper fusion-flex-column-wrapper-legacy\"><div class=\"fusion-title title fusion-title-1 fusion-sep-none fusion-title-text fusion-title-size-one title-wg\" style=\"--awb-margin-bottom:5px;\"><h1 class=\"fusion-title-heading title-heading-left\" style=\"margin:0;\"><p style=\"text-align: center;\">VIKING QUICK MEAL<\/p><\/h1><\/div><div class=\"fusion-text fusion-text-2\"><p style=\"text-align: center;\">(Kosttillskott)<\/p>\n<\/div><div class=\"fusion-sep-clear\"><\/div><div class=\"fusion-separator fusion-full-width-sep\" style=\"margin-left: auto;margin-right: auto;margin-top:10px;width:100%;\"><\/div><div class=\"fusion-sep-clear\"><\/div><div class=\"fusion-text fusion-text-3\"><p class=\"subtitle-wg\" style=\"text-align: center;\">Nettovikt: 350 g<\/p>\n<p class=\"subtitle-wg\" style=\"text-align: center;\">Portioner\/Beh\u00e5llare: 40<\/p>\n<\/div><div class=\"fusion-clearfix\"><\/div><\/div><\/div><\/div><\/div><div class=\"fusion-fullwidth fullwidth-box fusion-builder-row-2 nonhundred-percent-fullwidth non-hundred-percent-height-scrolling\" style=\"--awb-border-color:#f6f6f6;--awb-border-radius-top-left:0px;--awb-border-radius-top-right:0px;--awb-border-radius-bottom-right:0px;--awb-border-radius-bottom-left:0px;--awb-padding-top:10px;--awb-padding-right:0px;--awb-padding-bottom:0px;--awb-padding-left:0px;--awb-background-color:#fff;--awb-border-sizes-top:0px;--awb-border-sizes-bottom:0px;--awb-flex-wrap:wrap;\" ><div class=\"fusion-builder-row fusion-row\"><div class=\"fusion-layout-column fusion_builder_column fusion-builder-column-2 fusion_builder_column_1_1 1_1 fusion-one-full fusion-column-first fusion-column-last\" style=\"--awb-bg-size:cover;\"><div class=\"fusion-column-wrapper fusion-flex-column-wrapper-legacy\"><div class=\"fusion-text fusion-text-4\"><p class=\"subtitle-spe\">Viking Snabbm\u00e5l<\/p>\n<p>\u00c4r en unik kombination av protein (soja, vassle) och medell\u00e5nga fettsyror, en fitness-shake som specifikt \u00e4r designad f\u00f6r att ers\u00e4tta en full m\u00e5ltid.<br \/>\nSojaprotein tillhandah\u00e5ller alla essentiella aminosyror och enligt forskning kan det minska risken f\u00f6r hj\u00e4rt- och k\u00e4rlproblem. MCT har i studier visat sig \u00f6ka kalorif\u00f6rbr\u00e4nningen j\u00e4mf\u00f6rt med andra fettsyror. MCT har ocks\u00e5 visat sig s\u00e4nka blodsockerniv\u00e5n i kroppen och vitaminer och mineraler bidrar till b\u00e4ttre h\u00e4lsa f\u00f6r kroppen.<br \/>\n\u2022 L\u00e5gkalorisk och laktosfri<br \/>\n\u2022 Berikad med vitaminer och mineraler<br \/>\n\u2022 God smakande shake<\/p>\n<\/div><div class=\"fusion-clearfix\"><\/div><\/div><\/div><div class=\"fusion-layout-column fusion_builder_column fusion-builder-column-3 fusion_builder_column_1_2 1_2 fusion-one-half fusion-column-first\" style=\"--awb-bg-size:cover;width:48%; margin-right: 4%;\"><div class=\"fusion-column-wrapper fusion-flex-column-wrapper-legacy\"><div class=\"fusion-text fusion-text-5\"><p class=\"subtitle-spe\">Smaker: <span style=\"font-weight: normal; color: #747474;\">Choklad, Kaffe Creme, Hallon<\/span><\/p>\n<p class=\"subtitle-spe\">Anv\u00e4ndningsinstruktioner:<\/p>\n<p>Blanda 1 skopa (25 g) med 2 dl vatten eller mj\u00f6lk. Konsumera Viking Snabbm\u00e5l som ett komplement till en h\u00e4lsosam m\u00e5ltid n\u00e4r som helst under dagen.<\/p>\n<p class=\"subtitle-spe\">Ingredienser:<\/p>\n<p><b><u>Soja<\/u><\/b> proteinisolat, <u><b>vassle<\/b><\/u> protein koncentrat, kokosoljepulver (inneh\u00e5ller <b><u>mj\u00f6lk<\/u><\/b> protein), kakao (f\u00f6r choklad och kaffe creme smak), chokladbitar \/ fruktbitar, l\u00f6sligt kaffe (f\u00f6r kaffe creme smak), vitamin- och mineralf\u00f6rblandning (trinatriumcitrat, natriumklorid, kaliumklorid, trikalciumcitrat, vitamin C (askorbinsyra), magnesiumcitrat, niacin (nikotinamid), pantotensyra (kalcium D-pantotenat), vitamin B6 (pyridoxinhydroklorid), vitamin B1 (tiaminmononitrat), vitamin B12 (cyanokobalamin), folsyra), s\u00f6tningsmedel (sucralos, acesulfam K), f\u00e4rg: karmin (f\u00f6r hallon smak).<\/p>\n<p class=\"subtitle-spe\">\n<\/div><div class=\"fusion-clearfix\"><\/div><\/div><\/div><div class=\"fusion-layout-column fusion_builder_column fusion-builder-column-4 fusion_builder_column_1_2 1_2 fusion-one-half fusion-column-last\" style=\"--awb-bg-size:cover;width:48%;\"><div class=\"fusion-column-wrapper fusion-flex-column-wrapper-legacy\"><div class=\"fusion-text fusion-text-6\"><p class=\"subtitle-spe\">Allergiinformation:<\/p>\n<p>Inneh\u00e5ller mj\u00f6lk och soja. Kan inneh\u00e5lla sp\u00e5r av \u00e4gg och vete (gluten).<\/p>\n<p class=\"subtitle-spe\">Viktig information:<\/p>\n<p>Den h\u00e4r produkten \u00e4r ett kosttillskott. Anv\u00e4nd produkten tillsammans med mat som en del av en h\u00e4lsosam och balanserad kost, inte som ers\u00e4ttning f\u00f6r s\u00e5dan. F\u00f6rvara utom r\u00e4ckh\u00e5ll f\u00f6r barn. Inte avsedd f\u00f6r anv\u00e4ndning av barn, gravida eller ammande kvinnor! \u00d6verskrid inte den rekommenderade dagliga dosen.<br \/>\nF\u00f6rvara p\u00e5 en sval, torr plats. Uts\u00e4tt inte f\u00f6r \u00f6verdriven v\u00e4rme, fukt eller solljus. B\u00e4st f\u00f6re datum angivet p\u00e5 f\u00f6rpackningen.<\/p>\n<\/div><div class=\"fusion-clearfix\"><\/div><\/div><\/div><\/div><\/div><div class=\"fusion-fullwidth fullwidth-box fusion-builder-row-3 nonhundred-percent-fullwidth non-hundred-percent-height-scrolling\" style=\"--awb-border-color:#f6f6f6;--awb-border-radius-top-left:0px;--awb-border-radius-top-right:0px;--awb-border-radius-bottom-right:0px;--awb-border-radius-bottom-left:0px;--awb-padding-top:10px;--awb-padding-right:0px;--awb-padding-bottom:0px;--awb-padding-left:0px;--awb-background-color:#fff;--awb-border-sizes-top:0px;--awb-border-sizes-bottom:0px;--awb-flex-wrap:wrap;\" ><div class=\"fusion-builder-row fusion-row\"><div class=\"fusion-layout-column fusion_builder_column fusion-builder-column-5 fusion_builder_column_1_1 1_1 fusion-one-full fusion-column-first fusion-column-last fusion-column-no-min-height\" style=\"--awb-bg-size:cover;--awb-margin-bottom:0px;\"><div class=\"fusion-column-wrapper fusion-flex-column-wrapper-legacy\"><div class=\"fusion-text fusion-text-7\"><p class=\"subtitle-wg\">N\u00c4RINGSINNEH\u00c5LL<\/p>\n<\/div><div class=\"fusion-clearfix\"><\/div><\/div><\/div><div class=\"fusion-layout-column fusion_builder_column fusion-builder-column-6 fusion_builder_column_1_2 1_2 fusion-one-half fusion-column-first\" style=\"--awb-bg-size:cover;width:48%; margin-right: 4%;\"><div class=\"fusion-column-wrapper fusion-flex-column-wrapper-legacy\"><div class=\"fusion-text fusion-text-8\"><div class=\"table-1\">\n<table class=\"tb\" width=\"100%\">\n<tbody>\n<tr class=\"table-row_border\">\n<td colspan=\"3\"><strong>**N\u00e4ringsinneh\u00e5ll per:<\/strong><\/td>\n<td colspan=\"2\"><b>25 g<\/b><\/td>\n<td colspan=\"2\"><b>100 g<\/b><\/td>\n<\/tr>\n<tr>\n<td colspan=\"3\">Energi<\/td>\n<td colspan=\"2\">466,12 kJ \/<br \/>\n110,94 kcal<\/td>\n<td colspan=\"2\">1864,48 kJ \/<br \/>\n443,76 kcal<\/td>\n<\/tr>\n<tr>\n<td colspan=\"3\">Proteiner<\/td>\n<td colspan=\"2\">16,75 g<\/td>\n<td colspan=\"2\">67 g<\/td>\n<\/tr>\n<tr>\n<td colspan=\"3\">Kolhydrater<\/td>\n<td colspan=\"2\">1,76 g<\/td>\n<td colspan=\"2\">7,05 g<\/td>\n<\/tr>\n<tr>\n<td colspan=\"3\">&#8211; Varav sockerarter<\/td>\n<td colspan=\"2\">1,75 g<\/td>\n<td colspan=\"2\">7,05 g<\/td>\n<\/tr>\n<tr>\n<td colspan=\"3\">Totalt fett<\/td>\n<td colspan=\"2\">4,1 g<\/td>\n<td colspan=\"2\">16,42 g<\/td>\n<\/tr>\n<tr>\n<td colspan=\"3\">&#8211; Flerom\u00e4ttade fettsyror<\/td>\n<td colspan=\"2\">2,21 g<\/td>\n<td colspan=\"2\">8,85 g<\/td>\n<\/tr>\n<tr>\n<td colspan=\"3\">&#8211; Enkelom\u00e4ttade fettsyror<\/td>\n<td colspan=\"2\">1,12 g<\/td>\n<td colspan=\"2\">4,51 g<\/td>\n<\/tr>\n<tr>\n<td colspan=\"3\">&#8211; M\u00e4ttade fettsyror<\/td>\n<td colspan=\"2\">0,76 g<\/td>\n<td colspan=\"2\">3,06 g<\/td>\n<\/tr>\n<tr>\n<td colspan=\"3\">Fiber<\/td>\n<td colspan=\"2\">0,31 g<\/td>\n<td colspan=\"2\">1,26 g<\/td>\n<\/tr>\n<tr>\n<td colspan=\"3\">Natrium<\/td>\n<td colspan=\"2\">0,06 g<\/td>\n<td colspan=\"2\">0,26 g<\/td>\n<\/tr>\n<tr>\n<td colspan=\"3\">Kalcium<\/td>\n<td colspan=\"2\">33,25 mg (4,15 %*)<\/td>\n<td colspan=\"2\">133 mg (16,62 %*)<\/td>\n<\/tr>\n<tr>\n<td colspan=\"3\">Klorid<\/td>\n<td colspan=\"2\">40 mg (5,71 %*)<\/td>\n<td colspan=\"2\">160 mg (22,85 %*)<\/td>\n<\/tr>\n<tr>\n<td colspan=\"3\">Vitamin C<\/td>\n<td colspan=\"2\">20,57 mg (25,71 %*)<\/td>\n<td colspan=\"2\">82,3 mg (102,87 %*)<\/td>\n<\/tr>\n<tr>\n<td colspan=\"3\">Niacin<\/td>\n<td colspan=\"2\">4,15 mg (25,93 %*)<\/td>\n<td colspan=\"2\">16,6 mg (103,75 %*)<\/td>\n<\/tr>\n<tr>\n<td colspan=\"3\">Pantotensyra<\/td>\n<td colspan=\"2\">1,41 mg (23,54 %*)<\/td>\n<td colspan=\"2\">5,65 mg (94,16 %*)<\/td>\n<\/tr>\n<tr>\n<td colspan=\"3\">Vitamin B6<\/td>\n<td colspan=\"2\">0,5 mg (35,71 %*)<\/td>\n<td colspan=\"2\">2 mg (142,85 %*)<\/td>\n<\/tr>\n<tr>\n<td colspan=\"3\">Tiamin<\/td>\n<td colspan=\"2\">0,35 mg (31,81 %*)<\/td>\n<td colspan=\"2\">1,4 mg (127,27 %*)<\/td>\n<\/tr>\n<tr>\n<td colspan=\"3\">Folsyra<\/td>\n<td colspan=\"2\">46,65 \u03bcg (23,32 %*)<\/td>\n<td colspan=\"2\">186,62 \u03bcg (93,31 %*)<\/td>\n<\/tr>\n<tr>\n<td colspan=\"3\">Vitamin B12<\/td>\n<td colspan=\"2\">0,2 \u03bcg (8,2 %*)<\/td>\n<td colspan=\"2\">0,82 \u03bcg (32,8 %*)<\/td>\n<\/tr>\n<tr>\n<td colspan=\"7\">* NRVs- N\u00e4ringsreferensv\u00e4rden (baserade p\u00e5 en diet med 2 000 kalorier)<\/td>\n<\/tr>\n<tr>\n<td colspan=\"7\">** N\u00e4ringsinformation kan variera n\u00e5got mellan smaker<\/td>\n<\/tr>\n<\/tbody>\n<\/table>\n<\/div>\n<\/div><div class=\"fusion-clearfix\"><\/div><\/div><\/div><div class=\"fusion-layout-column fusion_builder_column fusion-builder-column-7 fusion_builder_column_1_2 1_2 fusion-one-half fusion-column-last\" style=\"--awb-bg-size:cover;width:48%;\"><div class=\"fusion-column-wrapper fusion-flex-column-wrapper-legacy\"><div class=\"fusion-text fusion-text-9\"><div class=\"table-1\">\n<table class=\"tb\" width=\"100%\">\n<tbody>\n<tr>\n<td><strong>Aminosyraprofil<\/strong><\/td>\n<td><b>25 g<\/b><\/td>\n<td><b>100 g<\/b><\/td>\n<\/tr>\n<tr>\n<td>Alanin<\/td>\n<td>628 mg<\/td>\n<td>2512 mg<\/td>\n<\/tr>\n<tr>\n<td>Arginin<\/td>\n<td>980,2 mg<\/td>\n<td>3921 mg<\/td>\n<\/tr>\n<tr>\n<td>Asparaginsyra<\/td>\n<td>1707 mg<\/td>\n<td>6828 mg<\/td>\n<\/tr>\n<tr>\n<td>Cystein<\/td>\n<td>232,7 mg<\/td>\n<td>931 mg<\/td>\n<\/tr>\n<tr>\n<td>Glutaminsyra<\/td>\n<td>2841,2 mg<\/td>\n<td>11365 mg<\/td>\n<\/tr>\n<tr>\n<td>Glycin<\/td>\n<td>527 mg<\/td>\n<td>2108 mg<\/td>\n<\/tr>\n<tr>\n<td>Histidin<\/td>\n<td>362,5 mg<\/td>\n<td>1450 mg<\/td>\n<\/tr>\n<tr>\n<td>Isoleucin*<\/td>\n<td>670,5 mg<\/td>\n<td>2682 mg<\/td>\n<\/tr>\n<tr>\n<td>Leucin*<\/td>\n<td>1225,7 mg<\/td>\n<td>4903 mg<\/td>\n<\/tr>\n<tr>\n<td>Lysin*<\/td>\n<td>1027,2 mg<\/td>\n<td>4109 mg<\/td>\n<\/tr>\n<tr>\n<td>Metionin*<\/td>\n<td>212,5 mg<\/td>\n<td>850 mg<\/td>\n<\/tr>\n<tr>\n<td>Fenylalanin*<\/td>\n<td>710,7 mg<\/td>\n<td>2843 mg<\/td>\n<\/tr>\n<tr>\n<td>Prolin<\/td>\n<td>783,2 mg<\/td>\n<td>3133 mg<\/td>\n<\/tr>\n<tr>\n<td>Serin<\/td>\n<td>808,2 mg<\/td>\n<td>3233 mg<\/td>\n<\/tr>\n<tr>\n<td>Treonin*<\/td>\n<td>650,2 mg<\/td>\n<td>2601 mg<\/td>\n<\/tr>\n<tr>\n<td>Tryptofan*<\/td>\n<td>160,7 mg<\/td>\n<td>643 mg<\/td>\n<\/tr>\n<tr>\n<td>Tyrosin<\/td>\n<td>555 mg<\/td>\n<td>2220 mg<\/td>\n<\/tr>\n<tr>\n<td>Valin*<\/td>\n<td>697,7 mg<\/td>\n<td>2791 mg<\/td>\n<\/tr>\n<tr>\n<td colspan=\"3\">*Essentiella aminosyror<\/td>\n<\/tr>\n<\/tbody>\n<\/table>\n<\/div>\n<\/div><div class=\"fusion-clearfix\"><\/div><\/div><\/div><\/div><\/div><\/p>\n","protected":false},"excerpt":{"rendered":"","protected":false},"author":1,"featured_media":0,"parent":12490,"menu_order":0,"comment_status":"closed","ping_status":"closed","template":"","meta":{"footnotes":""},"class_list":["post-12500","page","type-page","status-publish","hentry"],"_links":{"self":[{"href":"https:\/\/vikingforce.se\/sv\/wp-json\/wp\/v2\/pages\/12500","targetHints":{"allow":["GET"]}}],"collection":[{"href":"https:\/\/vikingforce.se\/sv\/wp-json\/wp\/v2\/pages"}],"about":[{"href":"https:\/\/vikingforce.se\/sv\/wp-json\/wp\/v2\/types\/page"}],"author":[{"embeddable":true,"href":"https:\/\/vikingforce.se\/sv\/wp-json\/wp\/v2\/users\/1"}],"replies":[{"embeddable":true,"href":"https:\/\/vikingforce.se\/sv\/wp-json\/wp\/v2\/comments?post=12500"}],"version-history":[{"count":16,"href":"https:\/\/vikingforce.se\/sv\/wp-json\/wp\/v2\/pages\/12500\/revisions"}],"predecessor-version":[{"id":23591,"href":"https:\/\/vikingforce.se\/sv\/wp-json\/wp\/v2\/pages\/12500\/revisions\/23591"}],"up":[{"embeddable":true,"href":"https:\/\/vikingforce.se\/sv\/wp-json\/wp\/v2\/pages\/12490"}],"wp:attachment":[{"href":"https:\/\/vikingforce.se\/sv\/wp-json\/wp\/v2\/media?parent=12500"}],"curies":[{"name":"wp","href":"https:\/\/api.w.org\/{rel}","templated":true}]}}