{"id":12485,"date":"2015-12-09T11:44:20","date_gmt":"2015-12-09T11:44:20","guid":{"rendered":"http:\/\/vikingforce.se\/sv\/performance\/"},"modified":"2025-05-16T14:59:27","modified_gmt":"2025-05-16T14:59:27","slug":"performance","status":"publish","type":"page","link":"https:\/\/vikingforce.se\/sv\/pump-line\/performance\/","title":{"rendered":"Performance &#8211; Swedish"},"content":{"rendered":"<p><div class=\"fusion-fullwidth fullwidth-box fusion-builder-row-1 nonhundred-percent-fullwidth non-hundred-percent-height-scrolling\" style=\"--awb-background-position:center top;--awb-border-color:#f6f6f6;--awb-border-radius-top-left:0px;--awb-border-radius-top-right:0px;--awb-border-radius-bottom-right:0px;--awb-border-radius-bottom-left:0px;--awb-padding-top:1px;--awb-padding-right:0px;--awb-padding-bottom:30px;--awb-padding-left:0px;--awb-background-color:#fff;--awb-border-sizes-top:1px;--awb-border-sizes-bottom:1px;--awb-flex-wrap:wrap;\" ><div class=\"fusion-builder-row fusion-row\"><div class=\"fusion-layout-column fusion_builder_column fusion-builder-column-0 fusion_builder_column_1_2 1_2 fusion-one-half fusion-column-first\" style=\"--awb-bg-size:cover;width:48%; margin-right: 4%;\"><div class=\"fusion-column-wrapper fusion-flex-column-wrapper-legacy\"><div class=\"fusion-sep-clear\"><\/div><div class=\"fusion-separator fusion-full-width-sep\" style=\"margin-left: auto;margin-right: auto;margin-top:60px;width:100%;\"><\/div><div class=\"fusion-sep-clear\"><\/div><div class=\"fusion-text fusion-text-1\"><p><img decoding=\"async\" class=\"wp-image-13963 size-full aligncenter\" src=\"https:\/\/vikingforce.se\/wp-content\/uploads\/2017\/03\/performance.jpg\" alt=\"\" width=\"600\" height=\"740\" srcset=\"https:\/\/vikingforce.se\/wp-content\/uploads\/2017\/03\/performance-243x300.jpg 243w, https:\/\/vikingforce.se\/wp-content\/uploads\/2017\/03\/performance.jpg 600w\" sizes=\"(max-width: 600px) 100vw, 600px\" \/><\/p>\n<\/div><div class=\"fusion-clearfix\"><\/div><\/div><\/div><div class=\"fusion-layout-column fusion_builder_column fusion-builder-column-1 fusion_builder_column_1_2 1_2 fusion-one-half fusion-column-last\" style=\"--awb-bg-size:cover;width:48%;\"><div class=\"fusion-column-wrapper fusion-flex-column-wrapper-legacy\"><div class=\"fusion-title title fusion-title-1 fusion-sep-none fusion-title-text fusion-title-size-one title-wg\" style=\"--awb-margin-bottom:5px;\"><h1 class=\"fusion-title-heading title-heading-left\" style=\"margin:0;\"><div style=\"text-align: center;\"><span style=\"font-size: var(--h1_typography-font-size); font-style: var(--h1_typography-font-style,normal); font-weight: var(--h1_typography-font-weight); letter-spacing: var(--h1_typography-letter-spacing);\">VIKING PERFORMANCE<\/span><\/div><\/h1><\/div><div class=\"fusion-text fusion-text-2\"><p style=\"text-align: center;\">(Kosttillskott)<\/p>\n<\/div><div class=\"fusion-sep-clear\"><\/div><div class=\"fusion-separator fusion-full-width-sep\" style=\"margin-left: auto;margin-right: auto;margin-top:10px;width:100%;\"><\/div><div class=\"fusion-sep-clear\"><\/div><div class=\"fusion-text fusion-text-3\"><p class=\"subtitle-wg\" style=\"text-align: center;\">Nettovikt: 500 g<\/p>\n<p class=\"subtitle-wg\" style=\"text-align: center;\">Serveringar\/F\u00f6rpackning: 11<\/p>\n<\/div><div class=\"fusion-clearfix\"><\/div><\/div><\/div><\/div><\/div><div class=\"fusion-fullwidth fullwidth-box fusion-builder-row-2 nonhundred-percent-fullwidth non-hundred-percent-height-scrolling\" style=\"--awb-border-color:#f6f6f6;--awb-border-radius-top-left:0px;--awb-border-radius-top-right:0px;--awb-border-radius-bottom-right:0px;--awb-border-radius-bottom-left:0px;--awb-padding-top:10px;--awb-padding-right:0px;--awb-padding-bottom:0px;--awb-padding-left:0px;--awb-background-color:#fff;--awb-border-sizes-top:0px;--awb-border-sizes-bottom:0px;--awb-flex-wrap:wrap;\" ><div class=\"fusion-builder-row fusion-row\"><div class=\"fusion-layout-column fusion_builder_column fusion-builder-column-2 fusion_builder_column_1_1 1_1 fusion-one-full fusion-column-first fusion-column-last\" style=\"--awb-bg-size:cover;\"><div class=\"fusion-column-wrapper fusion-flex-column-wrapper-legacy\"><div class=\"fusion-text fusion-text-4\"><p class=\"subtitle-pl\">Viking Performance<\/p>\n<p>\u00c4r en unik pre-workout som fokuserar p\u00e5 en regelbunden tillf\u00f6rsel av n\u00e4rings\u00e4mnen f\u00f6r b\u00e5de explosiv och l\u00e5ngvarig tr\u00e4ning. Utm\u00e4rkt laddning f\u00f6r dig som tar tr\u00e4ningen p\u00e5 allvar och vill prestera p\u00e5 topp i alla situationer.<br \/>\n\u2022 Komplex av snabba och l\u00e5ngsamma kolhydrater f\u00f6r j\u00e4mn energif\u00f6rs\u00f6rjning<br \/>\n\u2022 Explosiva vinster<\/p>\n<\/div><div class=\"fusion-clearfix\"><\/div><\/div><\/div><div class=\"fusion-layout-column fusion_builder_column fusion-builder-column-3 fusion_builder_column_1_2 1_2 fusion-one-half fusion-column-first\" style=\"--awb-bg-size:cover;width:48%; margin-right: 4%;\"><div class=\"fusion-column-wrapper fusion-flex-column-wrapper-legacy\"><div class=\"fusion-text fusion-text-5\"><p class=\"subtitle-pl\">Smaker: <span style=\"font-weight: normal; color: #747474;\">Fruit Punch<\/span><\/p>\n<p class=\"subtitle-pl\">Anv\u00e4ndningsriktning:<\/p>\n<p>Blanda 1 skopa (cirka 45 gram) med 2\u20134 dl vatten, 30\u201345 minuter f\u00f6re tr\u00e4ning.<\/p>\n<p class=\"subtitle-pl\">Ingredienser:<\/p>\n<p>Komplex av snabba och l\u00e5ngsamma kolhydrater (maltodextrin (fr\u00e5n majs), vaxartad majsst\u00e4rkelse (fr\u00e5n majs), palatinose\u2122 (isomaltulos)), L-glutamin, L-arginin AKG, kreatinmonohydrat, taurin, beta-alanin, citrullin DL-malat, L-leucin, ornitin KG, f\u00f6rtjockningsmedel (citronsyra), guaranak\u00e4rnextrakt (Paullinia kupana Kunth) (22 % koffein), smak\u00e4mnen, Rhodiola Rosea L. rotextrakt (3 % salidroser och 1 % rosaviner), koffein, L-teanin, s\u00f6tningsmedel (sukralos, acesulfam K), f\u00e4rg (karmin, riboflavin).<\/p>\n<p class=\"subtitle-pl\">Allergiinformation:<\/p>\n<p>Kan inneh\u00e5lla sp\u00e5r av mj\u00f6lk, \u00e4gg, soja och vete (gluten).<\/p>\n<p class=\"subtitle-pl\">Viktig information:<\/p>\n<p><span style=\"color: var(--body_typography-color); font-family: var(--body_typography-font-family); font-size: var(--body_typography-font-size); font-style: var(--body_typography-font-style,normal); letter-spacing: var(--body_typography-letter-spacing);\"><b>Inneh\u00e5ller koffein (144 mg\/servering)!<\/b><\/span> Denna produkt \u00e4r ett kosttillskott. Anv\u00e4nd produkten i samband med mat som en del av en h\u00e4lsosam och balanserad kost, inte som ett substitut f\u00f6r s\u00e5dan. F\u00f6rvaras o\u00e5tkomligt f\u00f6r barn. Inte avsedd f\u00f6r anv\u00e4ndning av gravida eller ammande kvinnor! \u00d6verskrid inte den rekommenderade dagliga dosen.<br \/>\nF\u00f6rvara p\u00e5 en sval, torr plats. Uts\u00e4tt inte f\u00f6r \u00f6verdriven v\u00e4rme, fukt eller solljus. B\u00e4st f\u00f6re datum anges p\u00e5 f\u00f6rpackningen.<\/p>\n<\/div><div class=\"fusion-clearfix\"><\/div><\/div><\/div><div class=\"fusion-layout-column fusion_builder_column fusion-builder-column-4 fusion_builder_column_1_2 1_2 fusion-one-half fusion-column-last\" style=\"--awb-bg-size:cover;width:48%;\"><div class=\"fusion-column-wrapper fusion-flex-column-wrapper-legacy\"><div class=\"fusion-text fusion-text-6\"><p class=\"subtitle-pl\">N\u00c4RINGSV\u00c4RDEN<\/p>\n<\/div><div class=\"fusion-text fusion-text-7\"><div class=\"table-1\">\n<table class=\"tb\" width=\"100%\">\n<tbody>\n<tr class=\"table-row_border\">\n<td colspan=\"3\"><strong>N\u00e4ringsinneh\u00e5ll per:<\/strong><\/td>\n<td colspan=\"2\">1 portion (<b>45 g<\/b>)<\/td>\n<td colspan=\"2\"><b>100 g<\/b><\/td>\n<\/tr>\n<tr>\n<td colspan=\"3\">Energi<\/td>\n<td colspan=\"2\">81 kcal \/ 344,3 kJ<\/td>\n<td colspan=\"2\">180 kcal \/ 765 kJ<\/td>\n<\/tr>\n<tr>\n<td colspan=\"3\">Proteiner<\/td>\n<td colspan=\"2\">0 g<\/td>\n<td colspan=\"2\">0 g<\/td>\n<\/tr>\n<tr>\n<td colspan=\"3\">Kolhydrater<\/td>\n<td colspan=\"2\">20,3 g<\/td>\n<td colspan=\"2\">45 g<\/td>\n<\/tr>\n<tr>\n<td colspan=\"3\">varav socker<\/td>\n<td colspan=\"2\">4,5 g<\/td>\n<td colspan=\"2\">10 g<\/td>\n<\/tr>\n<tr>\n<td colspan=\"3\">Fett<\/td>\n<td colspan=\"2\">0 g<\/td>\n<td colspan=\"2\">0 g<\/td>\n<\/tr>\n<tr>\n<td colspan=\"3\">varav m\u00e4ttat fett<\/td>\n<td colspan=\"2\">0 g<\/td>\n<td colspan=\"2\">0 g<\/td>\n<\/tr>\n<tr>\n<td colspan=\"3\">Natrium<\/td>\n<td colspan=\"2\">0 g<\/td>\n<td colspan=\"2\">0 g<\/td>\n<\/tr>\n<tr>\n<td colspan=\"3\">L-Glutamin<\/td>\n<td colspan=\"2\">4000 mg<\/td>\n<td colspan=\"2\">8889 mg<\/td>\n<\/tr>\n<tr>\n<td colspan=\"3\">L-Arginin AKG<\/td>\n<td colspan=\"2\">3500 mg<\/td>\n<td colspan=\"2\">7778 mg<\/td>\n<\/tr>\n<tr>\n<td colspan=\"3\">Kreatinmonohydrat<\/td>\n<td colspan=\"2\">3000 mg<\/td>\n<td colspan=\"2\">6667 mg<\/td>\n<\/tr>\n<tr>\n<td colspan=\"3\">Taurin<\/td>\n<td colspan=\"2\">2000 mg<\/td>\n<td colspan=\"2\">4444 mg<\/td>\n<\/tr>\n<tr>\n<td colspan=\"3\">Beta-alanin<\/td>\n<td colspan=\"2\">1600 mg<\/td>\n<td colspan=\"2\">3555 mg<\/td>\n<\/tr>\n<tr>\n<td colspan=\"3\">Citrullin DL-malat<\/td>\n<td colspan=\"2\">1000 mg<\/td>\n<td colspan=\"2\">2222 mg<\/td>\n<\/tr>\n<tr>\n<td colspan=\"3\">L-Leucin<\/td>\n<td colspan=\"2\">1000 mg<\/td>\n<td colspan=\"2\">2222 mg<\/td>\n<\/tr>\n<tr>\n<td colspan=\"3\">Ornitin KG<\/td>\n<td colspan=\"2\">850 mg<\/td>\n<td colspan=\"2\">1889 mg<\/td>\n<\/tr>\n<tr>\n<td colspan=\"3\">Guaranak\u00e4rnextrakt (<i>Paullinia kupana Kunth<\/i>)<\/td>\n<td colspan=\"2\">200 mg<\/td>\n<td colspan=\"2\">444 mg<\/td>\n<\/tr>\n<tr>\n<td colspan=\"3\">Rhodiola rosea rotekstrakt<\/td>\n<td colspan=\"2\">100 mg<\/td>\n<td colspan=\"2\">222 mg<\/td>\n<\/tr>\n<tr>\n<td colspan=\"3\">Koffein<\/td>\n<td colspan=\"2\">100 mg<\/td>\n<td colspan=\"2\">222 mg<\/td>\n<\/tr>\n<tr>\n<td colspan=\"3\">L-Theanin<\/td>\n<td colspan=\"2\">50 mg<\/td>\n<td colspan=\"2\">111 mg<\/td>\n<\/tr>\n<tr>\n<td colspan=\"7\">%*NRVs-N\u00e4ringsreferensv\u00e4rden (baserat p\u00e5 en diet med 2000 kalorier)<\/td>\n<\/tr>\n<\/tbody>\n<\/table>\n<\/div>\n<\/div><div class=\"fusion-clearfix\"><\/div><\/div><\/div><\/div><\/div><\/p>\n","protected":false},"excerpt":{"rendered":"","protected":false},"author":1,"featured_media":0,"parent":12497,"menu_order":0,"comment_status":"closed","ping_status":"closed","template":"","meta":{"footnotes":""},"class_list":["post-12485","page","type-page","status-publish","hentry"],"_links":{"self":[{"href":"https:\/\/vikingforce.se\/sv\/wp-json\/wp\/v2\/pages\/12485","targetHints":{"allow":["GET"]}}],"collection":[{"href":"https:\/\/vikingforce.se\/sv\/wp-json\/wp\/v2\/pages"}],"about":[{"href":"https:\/\/vikingforce.se\/sv\/wp-json\/wp\/v2\/types\/page"}],"author":[{"embeddable":true,"href":"https:\/\/vikingforce.se\/sv\/wp-json\/wp\/v2\/users\/1"}],"replies":[{"embeddable":true,"href":"https:\/\/vikingforce.se\/sv\/wp-json\/wp\/v2\/comments?post=12485"}],"version-history":[{"count":18,"href":"https:\/\/vikingforce.se\/sv\/wp-json\/wp\/v2\/pages\/12485\/revisions"}],"predecessor-version":[{"id":23605,"href":"https:\/\/vikingforce.se\/sv\/wp-json\/wp\/v2\/pages\/12485\/revisions\/23605"}],"up":[{"embeddable":true,"href":"https:\/\/vikingforce.se\/sv\/wp-json\/wp\/v2\/pages\/12497"}],"wp:attachment":[{"href":"https:\/\/vikingforce.se\/sv\/wp-json\/wp\/v2\/media?parent=12485"}],"curies":[{"name":"wp","href":"https:\/\/api.w.org\/{rel}","templated":true}]}}