{"id":12470,"date":"2015-12-09T12:18:05","date_gmt":"2015-12-09T12:18:05","guid":{"rendered":"http:\/\/vikingforce.se\/sv\/lipo-stack\/"},"modified":"2024-06-11T14:09:14","modified_gmt":"2024-06-11T14:09:14","slug":"lipo-stack","status":"publish","type":"page","link":"https:\/\/vikingforce.se\/sv\/fat-burners\/lipo-stack\/","title":{"rendered":"Lipo Stack &#8211; Swedish"},"content":{"rendered":"<p><div class=\"fusion-fullwidth fullwidth-box fusion-builder-row-1 nonhundred-percent-fullwidth non-hundred-percent-height-scrolling\" style=\"--awb-background-position:center top;--awb-border-color:#f6f6f6;--awb-border-radius-top-left:0px;--awb-border-radius-top-right:0px;--awb-border-radius-bottom-right:0px;--awb-border-radius-bottom-left:0px;--awb-padding-top:1px;--awb-padding-right:0px;--awb-padding-bottom:30px;--awb-padding-left:0px;--awb-background-color:#fff;--awb-border-sizes-top:1px;--awb-border-sizes-bottom:1px;--awb-flex-wrap:wrap;\" ><div class=\"fusion-builder-row fusion-row\"><div class=\"fusion-layout-column fusion_builder_column fusion-builder-column-0 fusion_builder_column_1_2 1_2 fusion-one-half fusion-column-first\" style=\"--awb-bg-size:cover;width:48%; margin-right: 4%;\"><div class=\"fusion-column-wrapper fusion-flex-column-wrapper-legacy\"><div class=\"fusion-sep-clear\"><\/div><div class=\"fusion-separator fusion-full-width-sep\" style=\"margin-left: auto;margin-right: auto;margin-top:60px;width:100%;\"><\/div><div class=\"fusion-sep-clear\"><\/div><div class=\"fusion-text fusion-text-1\"><p><img decoding=\"async\" class=\"aligncenter wp-image-14136 size-full\" src=\"https:\/\/vikingforce.se\/wp-content\/uploads\/2017\/03\/lipo_s.jpg\" alt=\"\" width=\"600\" height=\"741\" srcset=\"https:\/\/vikingforce.se\/wp-content\/uploads\/2017\/03\/lipo_s-243x300.jpg 243w, https:\/\/vikingforce.se\/wp-content\/uploads\/2017\/03\/lipo_s.jpg 600w\" sizes=\"(max-width: 600px) 100vw, 600px\" \/><\/p>\n<\/div><div class=\"fusion-clearfix\"><\/div><\/div><\/div><div class=\"fusion-layout-column fusion_builder_column fusion-builder-column-1 fusion_builder_column_1_2 1_2 fusion-one-half fusion-column-last\" style=\"--awb-bg-size:cover;width:48%;\"><div class=\"fusion-column-wrapper fusion-flex-column-wrapper-legacy\"><div class=\"fusion-title title fusion-title-1 fusion-sep-none fusion-title-text fusion-title-size-one title-wg\" style=\"--awb-margin-bottom:5px;\"><h1 class=\"fusion-title-heading title-heading-left\" style=\"margin:0;\">VIKING LIPO STACK<\/h1><\/div><div class=\"fusion-sep-clear\"><\/div><div class=\"fusion-separator fusion-full-width-sep\" style=\"margin-left: auto;margin-right: auto;margin-top:10px;width:100%;\"><\/div><div class=\"fusion-sep-clear\"><\/div><div class=\"fusion-text fusion-text-2\"><p class=\"subtitle-wg\" style=\"text-align: center;\">Nettovikt : 52 g<\/p>\n<p class=\"subtitle-wg\" style=\"text-align: center;\">90 Kapslar<\/p>\n<\/div><div class=\"fusion-clearfix\"><\/div><\/div><\/div><\/div><\/div><div class=\"fusion-fullwidth fullwidth-box fusion-builder-row-2 nonhundred-percent-fullwidth non-hundred-percent-height-scrolling\" style=\"--awb-border-color:#f6f6f6;--awb-border-radius-top-left:0px;--awb-border-radius-top-right:0px;--awb-border-radius-bottom-right:0px;--awb-border-radius-bottom-left:0px;--awb-padding-top:10px;--awb-padding-right:0px;--awb-padding-bottom:0px;--awb-padding-left:0px;--awb-background-color:#fff;--awb-border-sizes-top:0px;--awb-border-sizes-bottom:0px;--awb-flex-wrap:wrap;\" ><div class=\"fusion-builder-row fusion-row\"><div class=\"fusion-layout-column fusion_builder_column fusion-builder-column-2 fusion_builder_column_1_1 1_1 fusion-one-full fusion-column-first fusion-column-last\" style=\"--awb-bg-size:cover;\"><div class=\"fusion-column-wrapper fusion-flex-column-wrapper-legacy\"><div class=\"fusion-text fusion-text-3\"><p class=\"subtitle-fb\">Viking Lipo Stack<\/p>\n<p>\u00c4r ett kosttillskott tillverkat av en kraftfull kombination av v\u00e4xtextrakt som \u00e4r l\u00e4mplig f\u00f6r dieter och kontroll av kroppsvikt.<\/p>\n<p>Denna blandning av extrakt och koffein [afrikanskt mangoextrakt (Irvingia gabonensis, fr\u00f6n 4:1), Garcinia Cambogia-extrakt (60% hydroxicitric syra), vattenfri koffein, gr\u00f6nt kaffeextrakt (Coffea arabica L, fr\u00f6n titrerat till 50% klorogensyra och 13% koffein), ortosifonextrakt (Orthosiphon stamineus Benth, blad titrerat till 0,2% sinensetin), brunalgerextrakt (Undaria pinnadifida, thallus titrerat till 10% fukoxantin), svartpepparextrakt (Piper nigrum, frukt titrerat till 95% piperin)] \u00e4r angivet som ett hj\u00e4lpmedel f\u00f6r l\u00e5gkaloridieter f\u00f6r kontroll och minskning av kroppsvikt.<\/p>\n<\/div><div class=\"fusion-clearfix\"><\/div><\/div><\/div><div class=\"fusion-layout-column fusion_builder_column fusion-builder-column-3 fusion_builder_column_1_2 1_2 fusion-one-half fusion-column-first\" style=\"--awb-bg-size:cover;width:48%; margin-right: 4%;\"><div class=\"fusion-column-wrapper fusion-flex-column-wrapper-legacy\"><div class=\"fusion-text fusion-text-4\"><p class=\"subtitle-fb\">Bruksanvisning:<\/p>\n<p>Ta 1-2 kapslar tv\u00e5 g\u00e5nger om dagen, 30-60 minuter f\u00f6re en m\u00e5ltid med ett glas vatten. F\u00f6re frukost och lunch \u00e4r idealiskt.<\/p>\n<p class=\"subtitle-fb\">\u00d6vriga ingredienser:<\/p>\n<p>Fyllnadsmedel (mikrokristallin cellulosa), kapselskal (gelatin, zinkoxid).<\/p>\n<p class=\"subtitle-fb\">Allergiinformation:<\/p>\n<p>Kan inneh\u00e5lla sp\u00e5r av mj\u00f6lk, soja, \u00e4gg och vete (gluten).<\/p>\n<p class=\"subtitle-fb\">Viktig information:<\/p>\n<p><span style=\"color: var(--body_typography-color); font-family: var(--body_typography-font-family); font-size: var(--body_typography-font-size); font-style: var(--body_typography-font-style,normal); letter-spacing: var(--body_typography-letter-spacing);\"><b>Inneh\u00e5ller koffein (100 mg\/portion)!<\/b><\/span> Denna produkt \u00e4r ett kosttillskott. Anv\u00e4nd denna produkt tillsammans med mat som en del av en h\u00e4lsosam, balanserad kost, inte som en ers\u00e4ttning f\u00f6r s\u00e5dan. F\u00f6rvaras o\u00e5tkomligt f\u00f6r barn. Inte avsedd f\u00f6r anv\u00e4ndning av gravida eller ammande kvinnor! \u00d6verskrid inte den rekommenderade dagliga dosen.<br \/>\nF\u00f6rvara p\u00e5 en sval, torr plats. Uts\u00e4tt inte f\u00f6r \u00f6verdriven v\u00e4rme, fukt eller solljus. B\u00e4st f\u00f6re utg\u00e5ngsdatumet som \u00e4r skrivet p\u00e5 f\u00f6rpackningen.<\/p>\n<\/div><div class=\"fusion-clearfix\"><\/div><\/div><\/div><div class=\"fusion-layout-column fusion_builder_column fusion-builder-column-4 fusion_builder_column_1_2 1_2 fusion-one-half fusion-column-last\" style=\"--awb-bg-size:cover;width:48%;\"><div class=\"fusion-column-wrapper fusion-flex-column-wrapper-legacy\"><div class=\"fusion-text fusion-text-5\"><p class=\"subtitle-fb\">N\u00c4RINGSINNEH\u00c5LL<\/p>\n<\/div><div class=\"fusion-text fusion-text-6\"><div class=\"table-1\">\n<p>Citrus Aurantium fruktextrakt<\/p>\n<table class=\"tb\" width=\"100%\">\n<tbody>\n<tr class=\"table-row_border\">\n<td colspan=\"3\"><strong>N\u00e4ringsinneh\u00e5ll per:<\/strong><\/td>\n<td colspan=\"2\">1 portion (<b>2 kapslar<\/b>)<\/td>\n<\/tr>\n<tr>\n<td colspan=\"3\">Irvingia Gabonensis fr\u00f6extrakt (f\u00f6rh\u00e5llande 4:1)<\/td>\n<td colspan=\"2\">200 mg<\/td>\n<\/tr>\n<tr>\n<td colspan=\"3\">Garcinia Cambogia-extrakt<\/td>\n<td colspan=\"2\">200 mg<\/td>\n<\/tr>\n<tr>\n<td colspan=\"3\">&#8211; varav hydroxicitric syra<\/td>\n<td colspan=\"2\">120 mg<\/td>\n<\/tr>\n<tr>\n<td colspan=\"3\">Vattenfri koffein<\/td>\n<td colspan=\"2\">100 mg<\/td>\n<\/tr>\n<tr>\n<td colspan=\"3\">Gr\u00f6nt kaffeb\u00f6nsextrakt<\/td>\n<td colspan=\"2\">100 mg<\/td>\n<\/tr>\n<tr>\n<td colspan=\"3\">&#8211; varav klorogensyra<\/td>\n<td colspan=\"2\">50 mg<\/td>\n<\/tr>\n<tr>\n<td colspan=\"3\">&#8211; varav koffein<\/td>\n<td colspan=\"2\">13 mg<\/td>\n<\/tr>\n<tr>\n<td colspan=\"3\">Citrus Aurantium fruktextrakt<\/td>\n<td colspan=\"2\">100 mg<\/td>\n<\/tr>\n<tr>\n<td colspan=\"3\">&#8211; varav synefrin<\/td>\n<td colspan=\"2\">6 mg<\/td>\n<\/tr>\n<tr>\n<td colspan=\"3\">&#8211; varav sinensetin<\/td>\n<td colspan=\"2\">0,2 mg<\/td>\n<\/tr>\n<tr>\n<td colspan=\"3\">Brunalgerextrakt (10 % fukoxantin)<\/td>\n<td colspan=\"2\">100 mg<\/td>\n<\/tr>\n<tr>\n<td colspan=\"3\">&#8211; varav fukoxantin<\/td>\n<td colspan=\"2\">10 mg<\/td>\n<\/tr>\n<tr>\n<td colspan=\"3\">Svartpepparextrakt (95 % piperin)<\/td>\n<td colspan=\"2\">10 mg<\/td>\n<\/tr>\n<tr>\n<td colspan=\"3\">&#8211; varav piperin<\/td>\n<td colspan=\"2\">9,5 mg<\/td>\n<\/tr>\n<\/tbody>\n<\/table>\n<\/div>\n<\/div><div class=\"fusion-clearfix\"><\/div><\/div><\/div><\/div><\/div><\/p>\n","protected":false},"excerpt":{"rendered":"","protected":false},"author":1,"featured_media":0,"parent":12435,"menu_order":0,"comment_status":"closed","ping_status":"closed","template":"","meta":{"footnotes":""},"class_list":["post-12470","page","type-page","status-publish","hentry"],"_links":{"self":[{"href":"https:\/\/vikingforce.se\/sv\/wp-json\/wp\/v2\/pages\/12470","targetHints":{"allow":["GET"]}}],"collection":[{"href":"https:\/\/vikingforce.se\/sv\/wp-json\/wp\/v2\/pages"}],"about":[{"href":"https:\/\/vikingforce.se\/sv\/wp-json\/wp\/v2\/types\/page"}],"author":[{"embeddable":true,"href":"https:\/\/vikingforce.se\/sv\/wp-json\/wp\/v2\/users\/1"}],"replies":[{"embeddable":true,"href":"https:\/\/vikingforce.se\/sv\/wp-json\/wp\/v2\/comments?post=12470"}],"version-history":[{"count":19,"href":"https:\/\/vikingforce.se\/sv\/wp-json\/wp\/v2\/pages\/12470\/revisions"}],"predecessor-version":[{"id":22600,"href":"https:\/\/vikingforce.se\/sv\/wp-json\/wp\/v2\/pages\/12470\/revisions\/22600"}],"up":[{"embeddable":true,"href":"https:\/\/vikingforce.se\/sv\/wp-json\/wp\/v2\/pages\/12435"}],"wp:attachment":[{"href":"https:\/\/vikingforce.se\/sv\/wp-json\/wp\/v2\/media?parent=12470"}],"curies":[{"name":"wp","href":"https:\/\/api.w.org\/{rel}","templated":true}]}}