{"id":12468,"date":"2015-12-09T11:43:18","date_gmt":"2015-12-09T11:43:18","guid":{"rendered":"http:\/\/vikingforce.se\/sv\/l-arginine\/"},"modified":"2025-05-16T15:01:36","modified_gmt":"2025-05-16T15:01:36","slug":"l-arginine","status":"publish","type":"page","link":"https:\/\/vikingforce.se\/sv\/pump-line\/l-arginine\/","title":{"rendered":"L-Arginine"},"content":{"rendered":"<p><div class=\"fusion-fullwidth fullwidth-box fusion-builder-row-1 nonhundred-percent-fullwidth non-hundred-percent-height-scrolling\" style=\"--awb-background-position:center top;--awb-border-color:#f6f6f6;--awb-border-radius-top-left:0px;--awb-border-radius-top-right:0px;--awb-border-radius-bottom-right:0px;--awb-border-radius-bottom-left:0px;--awb-padding-top:1px;--awb-padding-right:0px;--awb-padding-bottom:30px;--awb-padding-left:0px;--awb-background-color:#fff;--awb-border-sizes-top:1px;--awb-border-sizes-bottom:1px;--awb-flex-wrap:wrap;\" ><div class=\"fusion-builder-row fusion-row\"><div class=\"fusion-layout-column fusion_builder_column fusion-builder-column-0 fusion_builder_column_1_2 1_2 fusion-one-half fusion-column-first\" style=\"--awb-bg-size:cover;width:48%; margin-right: 4%;\"><div class=\"fusion-column-wrapper fusion-flex-column-wrapper-legacy\"><div class=\"fusion-sep-clear\"><\/div><div class=\"fusion-separator fusion-full-width-sep\" style=\"margin-left: auto;margin-right: auto;margin-top:60px;width:100%;\"><\/div><div class=\"fusion-sep-clear\"><\/div><div class=\"fusion-text fusion-text-1\"><p><img decoding=\"async\" class=\"wp-image-14086 size-full aligncenter\" src=\"https:\/\/vikingforce.se\/wp-content\/uploads\/2017\/03\/L_arginine1.jpg\" alt=\"\" width=\"600\" height=\"740\" srcset=\"https:\/\/vikingforce.se\/wp-content\/uploads\/2017\/03\/L_arginine1-243x300.jpg 243w, https:\/\/vikingforce.se\/wp-content\/uploads\/2017\/03\/L_arginine1.jpg 600w\" sizes=\"(max-width: 600px) 100vw, 600px\" \/><\/p>\n<\/div><div class=\"fusion-clearfix\"><\/div><\/div><\/div><div class=\"fusion-layout-column fusion_builder_column fusion-builder-column-1 fusion_builder_column_1_2 1_2 fusion-one-half fusion-column-last\" style=\"--awb-bg-size:cover;width:48%;\"><div class=\"fusion-column-wrapper fusion-flex-column-wrapper-legacy\"><div class=\"fusion-sep-clear\"><\/div><div class=\"fusion-separator fusion-full-width-sep\" style=\"margin-left: auto;margin-right: auto;margin-top:30px;width:100%;\"><\/div><div class=\"fusion-sep-clear\"><\/div><div class=\"fusion-title title fusion-title-1 fusion-sep-none fusion-title-text fusion-title-size-one title-wg\" style=\"--awb-margin-bottom:5px;\"><h1 class=\"fusion-title-heading title-heading-left\" style=\"margin:0;\">VIKING L-ARGININE<\/h1><\/div><div class=\"fusion-text fusion-text-2\"><p style=\"text-align: center;\">(Kosttillskott)<\/p>\n<\/div><div class=\"fusion-text fusion-text-3\"><p style=\"text-align: center; color: #000000;\"><b>Nettovikt: 139 g<\/b><\/p>\n<p style=\"text-align: center; color: #000000;\"><b>120 Kapslar<\/b><\/p>\n<\/div><div class=\"fusion-clearfix\"><\/div><\/div><\/div><\/div><\/div><div class=\"fusion-fullwidth fullwidth-box fusion-builder-row-2 nonhundred-percent-fullwidth non-hundred-percent-height-scrolling\" style=\"--awb-border-color:#f6f6f6;--awb-border-radius-top-left:0px;--awb-border-radius-top-right:0px;--awb-border-radius-bottom-right:0px;--awb-border-radius-bottom-left:0px;--awb-padding-top:10px;--awb-padding-right:0px;--awb-padding-bottom:0px;--awb-padding-left:0px;--awb-background-color:#fff;--awb-border-sizes-top:0px;--awb-border-sizes-bottom:0px;--awb-flex-wrap:wrap;\" ><div class=\"fusion-builder-row fusion-row\"><div class=\"fusion-layout-column fusion_builder_column fusion-builder-column-2 fusion_builder_column_1_2 1_2 fusion-one-half fusion-column-first\" style=\"--awb-bg-size:cover;width:48%; margin-right: 4%;\"><div class=\"fusion-column-wrapper fusion-flex-column-wrapper-legacy\"><div class=\"fusion-text fusion-text-4\"><p>Viking L-Arginine \u00e4r en popul\u00e4r aminosyra p\u00e5 grund av dess fantastiska f\u00f6rm\u00e5ga att beh\u00e5lla kv\u00e4ve. Kv\u00e4ve \u00e4r en av de nyckelelement som beh\u00f6vs f\u00f6r muskelproteinsyntesen.<\/p>\n<p>L-arginin f\u00f6rb\u00e4ttrar ocks\u00e5 effekten av tr\u00e4ning f\u00f6re tr\u00e4ning. L-arginin omvandlas i kroppen till kv\u00e4veoxid. Kv\u00e4veoxid f\u00e5r blodk\u00e4rlen att vidgas f\u00f6r f\u00f6rb\u00e4ttrad blodcirkulation. L-arginin stimulerar ocks\u00e5 fris\u00e4ttningen av tillv\u00e4xthormon, insulin och andra \u00e4mnen i kroppen.<\/p>\n<p>Vanligtvis producerar kroppen arginin sj\u00e4lv, men f\u00f6r dem som vill f\u00f6rb\u00e4ttra sin idrottsprestation eller \u00f6ka mager muskelmassa \u00e4r det sv\u00e5rt att f\u00e5 den m\u00e4ngd som kr\u00e4vs av kroppen fr\u00e5n livsmedelsk\u00e4llor f\u00f6r optimala resultat, d\u00e4rf\u00f6r \u00e4r L-arginintillskott mycket viktigt f\u00f6r dessa personer.<\/p>\n<p>Som ett kosttillskott f\u00f6r vuxna, ta 1 kapsel 1 till 3 g\u00e5nger dagligen vid behov. Ta mellan m\u00e5ltider eller f\u00f6re s\u00e4ngg\u00e5endet med en kolhydratdryck f\u00f6r att underl\u00e4tta absorptionen.<\/p>\n<p><strong>Ingredienser:<\/strong><\/p>\n<p>L-arginin.<\/p>\n<p><strong>Andra ingredienser:<\/strong><\/p>\n<p>Gelatin (kapselskal).<\/p>\n<\/div><div class=\"fusion-clearfix\"><\/div><\/div><\/div><div class=\"fusion-layout-column fusion_builder_column fusion-builder-column-3 fusion_builder_column_1_2 1_2 fusion-one-half fusion-column-last\" style=\"--awb-bg-size:cover;width:48%;\"><div class=\"fusion-column-wrapper fusion-flex-column-wrapper-legacy\"><div class=\"fusion-text fusion-text-5\"><p class=\"subtitle-pl\">N\u00c4RINGSINNEH\u00c5LL<\/p>\n<\/div><div class=\"fusion-text fusion-text-6\"><div class=\"table-1\">\n<table class=\"tb\" width=\"100%\">\n<tbody>\n<tr>\n<td colspan=\"3\"><strong>N\u00e4ringsinneh\u00e5ll per:<\/strong><\/td>\n<td colspan=\"2\">1 portion (1 kapsel)<\/td>\n<\/tr>\n<tr>\n<td colspan=\"3\">L-Arginin<\/td>\n<td colspan=\"2\">1000 mg*<\/td>\n<\/tr>\n<tr>\n<td colspan=\"5\">*NRV &#8211; N\u00e4ringreferensv\u00e4rden<\/td>\n<\/tr>\n<\/tbody>\n<\/table>\n<\/div>\n<\/div><div class=\"fusion-text fusion-text-7\"><p class=\"subtitle-pl\">Allergiinformation<\/p>\n<p>Kan inneh\u00e5lla sp\u00e5r av mj\u00f6lk, soja, \u00e4gg och vete (gluten).<\/p>\n<p class=\"subtitle-pl\">Viktig information<\/p>\n<p>Detta produkt \u00e4r ett kosttillskott. Anv\u00e4nd denna produkt i samband med mat som en del av en h\u00e4lsosam, balanserad kost, inte som ett substitut f\u00f6r s\u00e5dan. F\u00f6rvara utom r\u00e4ckh\u00e5ll f\u00f6r barn. Inte avsedd f\u00f6r anv\u00e4ndning av barn, gravida eller ammande kvinnor! \u00d6verskrid inte den rekommenderade dagliga dosen. F\u00f6rvara p\u00e5 en sval och torr plats. Uts\u00e4tt inte f\u00f6r \u00f6verdriven v\u00e4rme, fuktighet eller solljus. B\u00e4st f\u00f6re datum anges p\u00e5 f\u00f6rpackningen.<\/p>\n<\/div><div class=\"fusion-clearfix\"><\/div><\/div><\/div><\/div><\/div><\/p>\n","protected":false},"excerpt":{"rendered":"","protected":false},"author":1,"featured_media":0,"parent":12497,"menu_order":0,"comment_status":"closed","ping_status":"closed","template":"","meta":{"footnotes":""},"class_list":["post-12468","page","type-page","status-publish","hentry"],"_links":{"self":[{"href":"https:\/\/vikingforce.se\/sv\/wp-json\/wp\/v2\/pages\/12468","targetHints":{"allow":["GET"]}}],"collection":[{"href":"https:\/\/vikingforce.se\/sv\/wp-json\/wp\/v2\/pages"}],"about":[{"href":"https:\/\/vikingforce.se\/sv\/wp-json\/wp\/v2\/types\/page"}],"author":[{"embeddable":true,"href":"https:\/\/vikingforce.se\/sv\/wp-json\/wp\/v2\/users\/1"}],"replies":[{"embeddable":true,"href":"https:\/\/vikingforce.se\/sv\/wp-json\/wp\/v2\/comments?post=12468"}],"version-history":[{"count":9,"href":"https:\/\/vikingforce.se\/sv\/wp-json\/wp\/v2\/pages\/12468\/revisions"}],"predecessor-version":[{"id":23607,"href":"https:\/\/vikingforce.se\/sv\/wp-json\/wp\/v2\/pages\/12468\/revisions\/23607"}],"up":[{"embeddable":true,"href":"https:\/\/vikingforce.se\/sv\/wp-json\/wp\/v2\/pages\/12497"}],"wp:attachment":[{"href":"https:\/\/vikingforce.se\/sv\/wp-json\/wp\/v2\/media?parent=12468"}],"curies":[{"name":"wp","href":"https:\/\/api.w.org\/{rel}","templated":true}]}}