{"id":12464,"date":"2015-12-07T10:45:34","date_gmt":"2015-12-07T10:45:34","guid":{"rendered":"http:\/\/vikingforce.se\/sv\/isolate-plus\/"},"modified":"2025-05-16T14:45:48","modified_gmt":"2025-05-16T14:45:48","slug":"isolate-plus","status":"publish","type":"page","link":"https:\/\/vikingforce.se\/sv\/proteins\/isolate-plus\/","title":{"rendered":"Isolate Plus"},"content":{"rendered":"<p><div class=\"fusion-fullwidth fullwidth-box fusion-builder-row-1 nonhundred-percent-fullwidth non-hundred-percent-height-scrolling\" style=\"--awb-background-position:center top;--awb-border-color:#f6f6f6;--awb-border-radius-top-left:0px;--awb-border-radius-top-right:0px;--awb-border-radius-bottom-right:0px;--awb-border-radius-bottom-left:0px;--awb-padding-top:1px;--awb-padding-right:0px;--awb-padding-bottom:30px;--awb-padding-left:0px;--awb-background-color:#fff;--awb-border-sizes-top:1px;--awb-border-sizes-bottom:1px;--awb-flex-wrap:wrap;\" ><div class=\"fusion-builder-row fusion-row\"><div class=\"fusion-layout-column fusion_builder_column fusion-builder-column-0 fusion_builder_column_1_2 1_2 fusion-one-half fusion-column-first\" style=\"--awb-bg-size:cover;width:48%; margin-right: 4%;\"><div class=\"fusion-column-wrapper fusion-flex-column-wrapper-legacy\"><div class=\"fusion-sep-clear\"><\/div><div class=\"fusion-separator fusion-full-width-sep\" style=\"margin-left: auto;margin-right: auto;margin-top:60px;width:100%;\"><\/div><div class=\"fusion-sep-clear\"><\/div><div class=\"fusion-text fusion-text-1\"><p><a href=\"https:\/\/vikingforce.se\/wp-content\/uploads\/2022\/06\/VIKING-Isolate-Plus-Chocolate-Flavour-5lbs.jpg\"><img decoding=\"async\" class=\"aligncenter wp-image-20043 size-full\" src=\"https:\/\/vikingforce.se\/wp-content\/uploads\/2022\/06\/VIKING-Isolate-Plus-Chocolate-Flavour-5lbs.jpg\" alt=\"\" width=\"1024\" height=\"1024\" srcset=\"https:\/\/vikingforce.se\/wp-content\/uploads\/2022\/06\/VIKING-Isolate-Plus-Chocolate-Flavour-5lbs-66x66.jpg 66w, https:\/\/vikingforce.se\/wp-content\/uploads\/2022\/06\/VIKING-Isolate-Plus-Chocolate-Flavour-5lbs-150x150.jpg 150w, https:\/\/vikingforce.se\/wp-content\/uploads\/2022\/06\/VIKING-Isolate-Plus-Chocolate-Flavour-5lbs-200x200.jpg 200w, https:\/\/vikingforce.se\/wp-content\/uploads\/2022\/06\/VIKING-Isolate-Plus-Chocolate-Flavour-5lbs-300x300.jpg 300w, https:\/\/vikingforce.se\/wp-content\/uploads\/2022\/06\/VIKING-Isolate-Plus-Chocolate-Flavour-5lbs-400x400.jpg 400w, https:\/\/vikingforce.se\/wp-content\/uploads\/2022\/06\/VIKING-Isolate-Plus-Chocolate-Flavour-5lbs-600x600.jpg 600w, https:\/\/vikingforce.se\/wp-content\/uploads\/2022\/06\/VIKING-Isolate-Plus-Chocolate-Flavour-5lbs-768x768.jpg 768w, https:\/\/vikingforce.se\/wp-content\/uploads\/2022\/06\/VIKING-Isolate-Plus-Chocolate-Flavour-5lbs-800x800.jpg 800w, https:\/\/vikingforce.se\/wp-content\/uploads\/2022\/06\/VIKING-Isolate-Plus-Chocolate-Flavour-5lbs.jpg 1024w\" sizes=\"(max-width: 1024px) 100vw, 1024px\" \/><\/a><\/p>\n<\/div><div class=\"fusion-clearfix\"><\/div><\/div><\/div><div class=\"fusion-layout-column fusion_builder_column fusion-builder-column-1 fusion_builder_column_1_2 1_2 fusion-one-half fusion-column-last\" style=\"--awb-bg-size:cover;width:48%;\"><div class=\"fusion-column-wrapper fusion-flex-column-wrapper-legacy\"><div class=\"fusion-title title fusion-title-1 fusion-sep-none fusion-title-text fusion-title-size-one title-wg\" style=\"--awb-margin-bottom:5px;\"><h1 class=\"fusion-title-heading title-heading-left\" style=\"margin:0;\">VIKING ISOLATE PLUS<\/h1><\/div><div class=\"fusion-text fusion-text-2\"><p style=\"text-align: center;\">(Kosttillskott)<\/p>\n<\/div><div class=\"fusion-sep-clear\"><\/div><div class=\"fusion-separator fusion-full-width-sep\" style=\"margin-left: auto;margin-right: auto;margin-top:10px;width:100%;\"><\/div><div class=\"fusion-sep-clear\"><\/div><div class=\"fusion-text fusion-text-3\"><p class=\"subtitle-wg\" style=\"text-align: center;\">Nettovikt:  5 lbs (2270 g)<\/p>\n<p class=\"subtitle-wg\" style=\"text-align: center;\">Portioner\/Beh\u00e5llare: 45<\/p>\n<\/div><div class=\"fusion-clearfix\"><\/div><\/div><\/div><\/div><\/div><div class=\"fusion-fullwidth fullwidth-box fusion-builder-row-2 nonhundred-percent-fullwidth non-hundred-percent-height-scrolling\" style=\"--awb-border-color:#f6f6f6;--awb-border-radius-top-left:0px;--awb-border-radius-top-right:0px;--awb-border-radius-bottom-right:0px;--awb-border-radius-bottom-left:0px;--awb-padding-top:10px;--awb-padding-right:0px;--awb-padding-bottom:0px;--awb-padding-left:0px;--awb-background-color:#fff;--awb-border-sizes-top:0px;--awb-border-sizes-bottom:0px;--awb-flex-wrap:wrap;\" ><div class=\"fusion-builder-row fusion-row\"><div class=\"fusion-layout-column fusion_builder_column fusion-builder-column-2 fusion_builder_column_1_1 1_1 fusion-one-full fusion-column-first fusion-column-last\" style=\"--awb-bg-size:cover;\"><div class=\"fusion-column-wrapper fusion-flex-column-wrapper-legacy\"><div class=\"fusion-text fusion-text-4\"><p class=\"subtitle-p\">Viking Isolate Plus<\/p>\n<p>\u00c4r ett av de b\u00e4sta och renaste proteinerna i v\u00e5r katalog. Med ett mycket h\u00f6gt proteininneh\u00e5ll fr\u00e5n en av de b\u00e4sta proteink\u00e4llorna (vassleproteinisolat och hydrolysat) s\u00e4tter Svenska Kosttillskotten en ny standard inom n\u00e4ring.<br \/>\nGenom att anv\u00e4nda ett unikt protein fr\u00e5n vassleproteinisolat som \u00e4r f\u00f6rbehandlat f\u00f6r att passera kroppens matsm\u00e4ltningssystem \u00e4r snabbare \u00e4n andra proteintyper, proteinet kan g\u00e5 snabbare i kroppen, vilket bidrar till snabbare muskeluppbyggnad. \u00c4r s\u00e5 ren att den bara inneh\u00e5ller 0,1 gram kolhydrater och mindre \u00e4n 0,1 gram laktos per 100 g.<br \/>\n\u2022 St\u00f6djer ny muskeltillv\u00e4xt<br \/>\n\u2022 H\u00f6g koncentration av BCAA<br \/>\n\u2022 45\u00a0portioner<\/p>\n<\/div><div class=\"fusion-clearfix\"><\/div><\/div><\/div><div class=\"fusion-layout-column fusion_builder_column fusion-builder-column-3 fusion_builder_column_1_2 1_2 fusion-one-half fusion-column-first\" style=\"--awb-bg-size:cover;width:48%; margin-right: 4%;\"><div class=\"fusion-column-wrapper fusion-flex-column-wrapper-legacy\"><div class=\"fusion-text fusion-text-5\"><p class=\"subtitle-p\">Smaker: <span style=\"color: #747474; font-weight: normal;\">Choklad, Hallon, Jordgubb, M\u00f6rk Kaka, Vanilj, Banan<\/span><\/p>\n<p class=\"subtitle-p\">Anv\u00e4ndningsanvisning:<\/p>\n<p>Mixera en portion (tv\u00e5 skopor, cirka 50 g) med 3 dl vatten eller mj\u00f6lk och skaka i 30 sekunder. Drick 1 portion direkt efter tr\u00e4ning. Du kan ocks\u00e5 dricka ytterligare 1-3 portioner per dag och mellan m\u00e5ltider f\u00f6r att komplettera din kost.<\/p>\n<p class=\"subtitle-p\">Ingredienser:<\/p>\n<p>CFM <u>vassle<\/u>proteinisolat (inneh\u00e5ller <u>soja<\/u> lecitin), kakaopulver med l\u00e5g fetthalt (inneh\u00e5ller emulgeringsmedel: <u>soja<\/u> lecitin) f\u00f6r chokladsmak, enzymhydrolyserat <u>vassle<\/u>proteinisolat, smaker, f\u00f6rtjockningsmedel (xantangummi), artificiella s\u00f6tningsmedel (sukralos, acesulfam K), f\u00e4rg\u00e4mnen (riboflavin (f\u00f6r banansmak), karmin (f\u00f6r jordgubb och hallonsmak))<\/p>\n<p class=\"subtitle-p\">Allergiinformation:<\/p>\n<p>Inneh\u00e5ller mj\u00f6lk och soja lecitin. Kan inneh\u00e5lla sp\u00e5r av \u00e4gg och vete (gluten).<\/p>\n<p class=\"subtitle-p\">Viktig information:<\/p>\n<p>Denna produkt \u00e4r ett kosttillskott. Anv\u00e4nd produkten tillsammans med mat som en del av en h\u00e4lsosam och balanserad kost, inte som ers\u00e4ttning f\u00f6r s\u00e5dan. F\u00f6rvaras o\u00e5tkomligt f\u00f6r barn. Ej avsedd f\u00f6r barn samt gravida eller ammande kvinnor! \u00d6verskrid inte rekommenderad daglig dos.<br \/>\nF\u00f6rvaras p\u00e5 en sval, torr plats. Uts\u00e4tts ej f\u00f6r \u00f6verdriven v\u00e4rme, fukt eller solljus. B\u00e4st f\u00f6re utg\u00e5ngsdatumet som st\u00e5r p\u00e5 f\u00f6rpackningen.<\/p>\n<\/div><div class=\"fusion-clearfix\"><\/div><\/div><\/div><div class=\"fusion-layout-column fusion_builder_column fusion-builder-column-4 fusion_builder_column_1_2 1_2 fusion-one-half fusion-column-last\" style=\"--awb-bg-size:cover;width:48%;\"><div class=\"fusion-column-wrapper fusion-flex-column-wrapper-legacy\"><div class=\"fusion-text fusion-text-6\"><p class=\"subtitle-p\">N\u00c4RINGSINNEH\u00c5LL<\/p>\n<\/div><div class=\"fusion-text fusion-text-7\"><div class=\"table-1\">\n<table class=\"tb\" width=\"100%\">\n<tbody>\n<tr class=\"table-row_border\">\n<td colspan=\"3\"><strong>**N\u00e4ringsinneh\u00e5ll per:<\/strong><\/td>\n<td colspan=\"2\">1 portion (<b>50 g<\/b>)<\/td>\n<td colspan=\"2\"><b>100 g<\/b><\/td>\n<\/tr>\n<tr>\n<td colspan=\"3\">Energi<\/td>\n<td colspan=\"2\">184,1 kcal\/781 kJ<\/td>\n<td colspan=\"2\">368,2 kcal\/1562,1 kJ<\/td>\n<\/tr>\n<tr>\n<td colspan=\"3\">Proteiner<\/td>\n<td colspan=\"2\">43,1 g<\/td>\n<td colspan=\"2\">86,2 g<\/td>\n<\/tr>\n<tr>\n<td colspan=\"3\">Kolhydrater<\/td>\n<td colspan=\"2\">0,8 g<\/td>\n<td colspan=\"2\">1,5 g<\/td>\n<\/tr>\n<tr>\n<td colspan=\"3\">varav sockerarter<\/td>\n<td colspan=\"2\">0,6 g<\/td>\n<td colspan=\"2\">1,1 g<\/td>\n<\/tr>\n<tr>\n<td colspan=\"3\">Fett<\/td>\n<td colspan=\"2\">0,8 g<\/td>\n<td colspan=\"2\">1,6 g<\/td>\n<\/tr>\n<tr>\n<td colspan=\"3\">varav m\u00e4ttat fett<\/td>\n<td colspan=\"2\">0,5 g<\/td>\n<td colspan=\"2\">0,9 g<\/td>\n<\/tr>\n<tr>\n<td colspan=\"3\">Fiber<\/td>\n<td colspan=\"2\">0,7 g<\/td>\n<td colspan=\"2\">1,5 g<\/td>\n<\/tr>\n<tr>\n<td colspan=\"3\">Natrium<\/td>\n<td colspan=\"2\">0,08 g<\/td>\n<td colspan=\"2\">0,16 g<\/td>\n<\/tr>\n<tr>\n<td colspan=\"3\">Kalcium<\/td>\n<td colspan=\"2\">185 mg (23,2 % *)<\/td>\n<td colspan=\"2\">370 mg (46,3 % *)<\/td>\n<\/tr>\n<tr>\n<td colspan=\"7\"><strong>Aminosyraprofil<\/strong><\/td>\n<\/tr>\n<tr>\n<td colspan=\"3\">Leucin<\/td>\n<td colspan=\"2\">4452 mg<\/td>\n<td colspan=\"2\">8904 mg<\/td>\n<\/tr>\n<tr>\n<td colspan=\"3\">Isoleucin<\/td>\n<td colspan=\"2\">2837 mg<\/td>\n<td colspan=\"2\">5674 mg<\/td>\n<\/tr>\n<tr>\n<td colspan=\"3\">Valin<\/td>\n<td colspan=\"2\">2522 mg<\/td>\n<td colspan=\"2\">5043 mg<\/td>\n<\/tr>\n<tr>\n<td colspan=\"3\">Asparaginsyra<\/td>\n<td colspan=\"2\">4452 mg<\/td>\n<td colspan=\"2\">8904 mg<\/td>\n<\/tr>\n<tr>\n<td colspan=\"3\">Glutaminsyra<\/td>\n<td colspan=\"2\">7486 mg<\/td>\n<td colspan=\"2\">14972 mg<\/td>\n<\/tr>\n<tr>\n<td colspan=\"3\">Serin<\/td>\n<td colspan=\"2\">2009 mg<\/td>\n<td colspan=\"2\">4019 mg<\/td>\n<\/tr>\n<tr>\n<td colspan=\"3\">Glycin<\/td>\n<td colspan=\"2\">749 mg<\/td>\n<td colspan=\"2\">1497 mg<\/td>\n<\/tr>\n<tr>\n<td colspan=\"3\">Histidin<\/td>\n<td colspan=\"2\">749 mg<\/td>\n<td colspan=\"2\">1497 mg<\/td>\n<\/tr>\n<tr>\n<td colspan=\"3\">Arginin<\/td>\n<td colspan=\"2\">946 mg<\/td>\n<td colspan=\"2\">1891 mg<\/td>\n<\/tr>\n<tr>\n<td colspan=\"3\">Treonin<\/td>\n<td colspan=\"2\">2916 mg<\/td>\n<td colspan=\"2\">5831 mg<\/td>\n<\/tr>\n<tr>\n<td colspan=\"3\">Alanin<\/td>\n<td colspan=\"2\">2206 mg<\/td>\n<td colspan=\"2\">4413 mg<\/td>\n<\/tr>\n<tr>\n<td colspan=\"3\">Prolin<\/td>\n<td colspan=\"2\">2522 mg<\/td>\n<td colspan=\"2\">5043 mg<\/td>\n<\/tr>\n<tr>\n<td colspan=\"3\">Tyrosin<\/td>\n<td colspan=\"2\">1340 mg<\/td>\n<td colspan=\"2\">2679 mg<\/td>\n<\/tr>\n<tr>\n<td colspan=\"3\">Metionin<\/td>\n<td colspan=\"2\">946 mg<\/td>\n<td colspan=\"2\">1891 mg<\/td>\n<\/tr>\n<tr>\n<td colspan=\"3\">Cystin<\/td>\n<td colspan=\"2\">1143 mg<\/td>\n<td colspan=\"2\">2285 mg<\/td>\n<\/tr>\n<tr>\n<td colspan=\"3\">Fenylalanin<\/td>\n<td colspan=\"2\">1300 mg<\/td>\n<td colspan=\"2\">2600 mg<\/td>\n<\/tr>\n<tr>\n<td colspan=\"3\">Lysin<\/td>\n<td colspan=\"2\">4058 mg<\/td>\n<td colspan=\"2\">8116 mg<\/td>\n<\/tr>\n<tr>\n<td colspan=\"3\">Tryptofan<\/td>\n<td colspan=\"2\">749 mg<\/td>\n<td colspan=\"2\">1497 mg<\/td>\n<\/tr>\n<tr>\n<td colspan=\"7\">**N\u00e4ringsinformation kan variera n\u00e5got mellan smaker.<\/p>\n<p>*NRV &#8211; N\u00e4ringsreferensv\u00e4rden\n<\/td>\n<\/tr>\n<\/tbody>\n<\/table>\n<\/div>\n<\/div><div class=\"fusion-clearfix\"><\/div><\/div><\/div><\/div><\/div><\/p>\n","protected":false},"excerpt":{"rendered":"","protected":false},"author":1,"featured_media":0,"parent":12490,"menu_order":0,"comment_status":"closed","ping_status":"closed","template":"","meta":{"footnotes":""},"class_list":["post-12464","page","type-page","status-publish","hentry"],"_links":{"self":[{"href":"https:\/\/vikingforce.se\/sv\/wp-json\/wp\/v2\/pages\/12464","targetHints":{"allow":["GET"]}}],"collection":[{"href":"https:\/\/vikingforce.se\/sv\/wp-json\/wp\/v2\/pages"}],"about":[{"href":"https:\/\/vikingforce.se\/sv\/wp-json\/wp\/v2\/types\/page"}],"author":[{"embeddable":true,"href":"https:\/\/vikingforce.se\/sv\/wp-json\/wp\/v2\/users\/1"}],"replies":[{"embeddable":true,"href":"https:\/\/vikingforce.se\/sv\/wp-json\/wp\/v2\/comments?post=12464"}],"version-history":[{"count":27,"href":"https:\/\/vikingforce.se\/sv\/wp-json\/wp\/v2\/pages\/12464\/revisions"}],"predecessor-version":[{"id":23589,"href":"https:\/\/vikingforce.se\/sv\/wp-json\/wp\/v2\/pages\/12464\/revisions\/23589"}],"up":[{"embeddable":true,"href":"https:\/\/vikingforce.se\/sv\/wp-json\/wp\/v2\/pages\/12490"}],"wp:attachment":[{"href":"https:\/\/vikingforce.se\/sv\/wp-json\/wp\/v2\/media?parent=12464"}],"curies":[{"name":"wp","href":"https:\/\/api.w.org\/{rel}","templated":true}]}}