{"id":12458,"date":"2015-12-07T10:34:57","date_gmt":"2015-12-07T10:34:57","guid":{"rendered":"http:\/\/vikingforce.se\/sv\/hydro\/"},"modified":"2025-05-16T14:41:35","modified_gmt":"2025-05-16T14:41:35","slug":"hydro","status":"publish","type":"page","link":"https:\/\/vikingforce.se\/sv\/proteins\/hydro\/","title":{"rendered":"Hydro &#8211; Swedish"},"content":{"rendered":"<p><div class=\"fusion-fullwidth fullwidth-box fusion-builder-row-1 nonhundred-percent-fullwidth non-hundred-percent-height-scrolling\" style=\"--awb-background-position:center top;--awb-border-color:#f6f6f6;--awb-border-radius-top-left:0px;--awb-border-radius-top-right:0px;--awb-border-radius-bottom-right:0px;--awb-border-radius-bottom-left:0px;--awb-padding-top:1px;--awb-padding-right:0px;--awb-padding-bottom:30px;--awb-padding-left:0px;--awb-background-color:#fff;--awb-border-sizes-top:1px;--awb-border-sizes-bottom:1px;--awb-flex-wrap:wrap;\" ><div class=\"fusion-builder-row fusion-row\"><div class=\"fusion-layout-column fusion_builder_column fusion-builder-column-0 fusion_builder_column_1_2 1_2 fusion-one-half fusion-column-first\" style=\"--awb-bg-size:cover;width:48%; margin-right: 4%;\"><div class=\"fusion-column-wrapper fusion-flex-column-wrapper-legacy\"><div class=\"fusion-sep-clear\"><\/div><div class=\"fusion-separator fusion-full-width-sep\" style=\"margin-left: auto;margin-right: auto;margin-top:60px;width:100%;\"><\/div><div class=\"fusion-sep-clear\"><\/div><div class=\"fusion-text fusion-text-1\"><p><img decoding=\"async\" class=\"wp-image-14173 size-full aligncenter\" src=\"https:\/\/vikingforce.se\/wp-content\/uploads\/2017\/03\/hydro.jpg\" alt=\"\" width=\"600\" height=\"741\" srcset=\"https:\/\/vikingforce.se\/wp-content\/uploads\/2017\/03\/hydro-243x300.jpg 243w, https:\/\/vikingforce.se\/wp-content\/uploads\/2017\/03\/hydro.jpg 600w\" sizes=\"(max-width: 600px) 100vw, 600px\" \/><\/p>\n<\/div><div class=\"fusion-clearfix\"><\/div><\/div><\/div><div class=\"fusion-layout-column fusion_builder_column fusion-builder-column-1 fusion_builder_column_1_2 1_2 fusion-one-half fusion-column-last\" style=\"--awb-bg-size:cover;width:48%;\"><div class=\"fusion-column-wrapper fusion-flex-column-wrapper-legacy\"><div class=\"fusion-title title fusion-title-1 fusion-sep-none fusion-title-text fusion-title-size-one title-wg\" style=\"--awb-margin-bottom:5px;\"><h1 class=\"fusion-title-heading title-heading-left\" style=\"margin:0;\"><div style=\"text-align: center;\"><span style=\"font-size: var(--h1_typography-font-size); font-style: var(--h1_typography-font-style,normal); font-weight: var(--h1_typography-font-weight); letter-spacing: var(--h1_typography-letter-spacing);\">VIKING HYDRO<\/span><\/div><\/h1><\/div><div class=\"fusion-text fusion-text-2\"><p style=\"text-align: center;\">(Kosttillskott)<\/p>\n<\/div><div class=\"fusion-text fusion-text-3\"><p class=\"subtitle-wg\" style=\"text-align: center;\">Nettovikt: 4.4 lbs (2000 g)<\/p>\n<p class=\"subtitle-wg\" style=\"text-align: center;\">Portioner\/Beh\u00e5llare: 40<\/p>\n<\/div><div class=\"fusion-clearfix\"><\/div><\/div><\/div><\/div><\/div><div class=\"fusion-fullwidth fullwidth-box fusion-builder-row-2 nonhundred-percent-fullwidth non-hundred-percent-height-scrolling\" style=\"--awb-border-color:#f6f6f6;--awb-border-radius-top-left:0px;--awb-border-radius-top-right:0px;--awb-border-radius-bottom-right:0px;--awb-border-radius-bottom-left:0px;--awb-padding-top:10px;--awb-padding-right:0px;--awb-padding-bottom:0px;--awb-padding-left:0px;--awb-background-color:#fff;--awb-border-sizes-top:0px;--awb-border-sizes-bottom:0px;--awb-flex-wrap:wrap;\" ><div class=\"fusion-builder-row fusion-row\"><div class=\"fusion-layout-column fusion_builder_column fusion-builder-column-2 fusion_builder_column_1_1 1_1 fusion-one-full fusion-column-first fusion-column-last\" style=\"--awb-bg-size:cover;\"><div class=\"fusion-column-wrapper fusion-flex-column-wrapper-legacy\"><div class=\"fusion-text fusion-text-4\"><p class=\"subtitle-p\">Viking Hydro<\/p>\n<p>\u00c4r ett snabbt absorberande protein som kr\u00e4ver liten eller ingen ytterligare nedbrytning f\u00f6r att uppn\u00e5 snabb och fullst\u00e4ndig absorption. L\u00e5g i kalorier och fett. Detta \u00e4r det renaste, icke-denaturerade hydrolyserade vassleproteinet tillverkat av mj\u00f6lk och inneh\u00e5ller ingen syrabehandlad vassle. Detta protein har ett h\u00f6gt biologiskt v\u00e4rde och proteineffektivitet tillsammans med en avancerad fullspektrum aminosyraprofil.<br \/>\n\u2022 Avancera fullspektrum aminosyraprofil.<br \/>\n\u2022 H\u00f6gt biologiskt v\u00e4rde (BV) och proteineffektivitet.<br \/>\n\u2022 Maximerar proteinsyntesen.<\/p>\n<\/div><div class=\"fusion-clearfix\"><\/div><\/div><\/div><div class=\"fusion-layout-column fusion_builder_column fusion-builder-column-3 fusion_builder_column_1_2 1_2 fusion-one-half fusion-column-first\" style=\"--awb-bg-size:cover;width:48%; margin-right: 4%;\"><div class=\"fusion-column-wrapper fusion-flex-column-wrapper-legacy\"><div class=\"fusion-text fusion-text-5\"><p class=\"subtitle-p\">Smaker : <span style=\"font-weight: normal; color: rgb(116, 116, 116);\">\u00c4pple, Choklad, Kaffekr\u00e4m, Ananas, Vanilj<\/span><\/p>\n<p class=\"subtitle-p\">Anv\u00e4ndningsanvisning:<\/p>\n<p>Blanda 2 skopor (50 g) med 3 dl vatten eller mj\u00f6lk. Drick 1-4 portioner dagligen f\u00f6r att t\u00e4cka ditt dagliga proteinbehov.<\/p>\n<p class=\"subtitle-p\">Ingredienser:<\/p>\n<p>Enzymhydrolyserat <u>v<\/u><u>assle<\/u>proteinisolat, kakaopulver med l\u00e5g fetthalt (inneh\u00e5ller emulgeringsmedel: <u>soja<\/u> lecitin) f\u00f6r choklad- och kaffekr\u00e4mssmaker, naturliga s\u00f6tningsmedel (erytritol, steviolglykosider); smak\u00e4mne, f\u00f6rtjockningsmedel (xantangummi), f\u00e4rg\u00e4mnen (riboflavin f\u00f6r ananassmak, kopparklorofyllin f\u00f6r \u00e4ppelsmak), artificiella s\u00f6tningsmedel (sukralos, acesulfam K).<\/p>\n<p class=\"subtitle-p\">Allergiinformation:<\/p>\n<p>Inneh\u00e5ller mj\u00f6lk och soja. Kan inneh\u00e5lla sp\u00e5r av \u00e4gg och vete (gluten).<\/p>\n<p class=\"subtitle-p\">Viktig information:<\/p>\n<p>Denna produkt \u00e4r ett kosttillskott. Anv\u00e4nd produkten tillsammans med mat som en del av en h\u00e4lsosam och balanserad kost, inte som ers\u00e4ttning f\u00f6r s\u00e5dan. F\u00f6rvaras o\u00e5tkomligt f\u00f6r barn. Ej avsedd f\u00f6r barn samt gravida eller ammande kvinnor! \u00d6verskrid inte rekommenderad daglig dos.<br \/>\nF\u00f6rvaras p\u00e5 en sval och torr plats. Uts\u00e4tt inte f\u00f6r \u00f6verdriven v\u00e4rme, fukt eller solljus. B\u00e4st f\u00f6re utg\u00e5ngsdatumet som st\u00e5r p\u00e5 f\u00f6rpackningen.<\/p>\n<\/div><div class=\"fusion-clearfix\"><\/div><\/div><\/div><div class=\"fusion-layout-column fusion_builder_column fusion-builder-column-4 fusion_builder_column_1_2 1_2 fusion-one-half fusion-column-last\" style=\"--awb-bg-size:cover;width:48%;\"><div class=\"fusion-column-wrapper fusion-flex-column-wrapper-legacy\"><div class=\"fusion-text fusion-text-6\"><p class=\"subtitle-p\">N\u00c4RINGSFAKTA<\/p>\n<\/div><div class=\"fusion-text fusion-text-7\"><div class=\"table-1\">\n<table class=\"tb\" width=\"100%\">\n<tbody>\n<tr class=\"table-row_border\">\n<td colspan=\"3\"><strong>**N\u00e4ringsinneh\u00e5ll per:<\/strong><\/td>\n<td colspan=\"2\">1 portion (<b>50 g<\/b>)<\/td>\n<td colspan=\"2\"><b>100 g<\/b><\/td>\n<\/tr>\n<tr>\n<td colspan=\"3\">Energi<\/td>\n<td colspan=\"2\">185,4 kcal \/ 787,1 kJ<\/td>\n<td colspan=\"2\">370,7 kcal \/ 1574,1 kJ<\/td>\n<\/tr>\n<tr>\n<td colspan=\"3\">Proteiner<\/td>\n<td colspan=\"2\">42,7 g<\/td>\n<td colspan=\"2\">85,3 g<\/td>\n<\/tr>\n<tr>\n<td colspan=\"3\">Kolhydrater<\/td>\n<td colspan=\"2\">2,5 g<\/td>\n<td colspan=\"2\">4,9 g<\/td>\n<\/tr>\n<tr>\n<td colspan=\"3\">varav socker<\/td>\n<td colspan=\"2\">2 g<\/td>\n<td colspan=\"2\">4 g<\/td>\n<\/tr>\n<tr>\n<td colspan=\"3\">Fett<\/td>\n<td colspan=\"2\">0,6 g<\/td>\n<td colspan=\"2\">1,1 g<\/td>\n<\/tr>\n<tr>\n<td colspan=\"3\">varav m\u00e4ttat fett<\/td>\n<td colspan=\"2\">0,3 g<\/td>\n<td colspan=\"2\">0,5 g<\/td>\n<\/tr>\n<tr>\n<td colspan=\"3\">Fibrer<\/td>\n<td colspan=\"2\">0 g<\/td>\n<td colspan=\"2\">0 g<\/td>\n<\/tr>\n<tr>\n<td colspan=\"3\">Natrium<\/td>\n<td colspan=\"2\">0,09 g<\/td>\n<td colspan=\"2\">0,17 g<\/td>\n<\/tr>\n<tr>\n<td colspan=\"3\">Kalcium<\/td>\n<td colspan=\"2\">215 mg (26,9 % *)<\/td>\n<td colspan=\"2\">430 mg (53,8 % *)<\/td>\n<\/tr>\n<tr>\n<td colspan=\"7\"><strong>Aminosyraprofil<\/strong><\/td>\n<\/tr>\n<tr>\n<td colspan=\"3\">Leucin<\/td>\n<td colspan=\"2\">4238 mg<\/td>\n<td colspan=\"2\">8476 mg<\/td>\n<\/tr>\n<tr>\n<td colspan=\"3\">Isoleucin<\/td>\n<td colspan=\"2\">2191 mg<\/td>\n<td colspan=\"2\">4383 mg<\/td>\n<\/tr>\n<tr>\n<td colspan=\"3\">Valin<\/td>\n<td colspan=\"2\">2152 mg<\/td>\n<td colspan=\"2\">44304 mg<\/td>\n<\/tr>\n<tr>\n<td colspan=\"3\">Asparaginsyra<\/td>\n<td colspan=\"2\">5031 mg<\/td>\n<td colspan=\"2\">10062 mg<\/td>\n<\/tr>\n<tr>\n<td colspan=\"3\">Glutaminsyra<\/td>\n<td colspan=\"2\">7324 mg<\/td>\n<td colspan=\"2\">14647 mg<\/td>\n<\/tr>\n<tr>\n<td colspan=\"3\">Serin<\/td>\n<td colspan=\"2\">2297 mg<\/td>\n<td colspan=\"2\">4593 mg<\/td>\n<\/tr>\n<tr>\n<td colspan=\"3\">Glycin<\/td>\n<td colspan=\"2\">745 mg<\/td>\n<td colspan=\"2\">1490 mg<\/td>\n<\/tr>\n<tr>\n<td colspan=\"3\">Histidin<\/td>\n<td colspan=\"2\">649 mg<\/td>\n<td colspan=\"2\">1297 mg<\/td>\n<\/tr>\n<tr>\n<td colspan=\"3\">Arginin<\/td>\n<td colspan=\"2\">837 mg<\/td>\n<td colspan=\"2\">1674 mg<\/td>\n<\/tr>\n<tr>\n<td colspan=\"3\">Treonin<\/td>\n<td colspan=\"2\">3164 mg<\/td>\n<td colspan=\"2\">6328 mg<\/td>\n<\/tr>\n<tr>\n<td colspan=\"3\">Alanin<\/td>\n<td colspan=\"2\">2327 mg<\/td>\n<td colspan=\"2\">4654 mg<\/td>\n<\/tr>\n<tr>\n<td colspan=\"3\">Prolin<\/td>\n<td colspan=\"2\">2564 mg<\/td>\n<td colspan=\"2\">5128 mg<\/td>\n<\/tr>\n<tr>\n<td colspan=\"3\">Tyrosin<\/td>\n<td colspan=\"2\">1236 mg<\/td>\n<td colspan=\"2\">2472 mg<\/td>\n<\/tr>\n<tr>\n<td colspan=\"3\">Metionin<\/td>\n<td colspan=\"2\">973 mg<\/td>\n<td colspan=\"2\">1946 mg<\/td>\n<\/tr>\n<tr>\n<td colspan=\"3\">Cystin<\/td>\n<td colspan=\"2\">1061 mg<\/td>\n<td colspan=\"2\">2121 mg<\/td>\n<\/tr>\n<tr>\n<td colspan=\"3\">Fenylalanin<\/td>\n<td colspan=\"2\">1332 mg<\/td>\n<td colspan=\"2\">2664 mg<\/td>\n<\/tr>\n<tr>\n<td colspan=\"3\">Lysin<\/td>\n<td colspan=\"2\">3970 mg<\/td>\n<td colspan=\"2\">7941 mg<\/td>\n<\/tr>\n<tr>\n<td colspan=\"3\">Tryptofan<\/td>\n<td colspan=\"2\">859 mg<\/td>\n<td colspan=\"2\">1718 mg<\/td>\n<\/tr>\n<tr>\n<td colspan=\"7\">**N\u00e4ringsinformation kan variera n\u00e5got mellan smaker<br \/>* NRVs &#8211; N\u00e4ringsreferensv\u00e4rden<\/td>\n<\/tr>\n<\/tbody>\n<\/table>\n<\/div>\n<\/div><div class=\"fusion-clearfix\"><\/div><\/div><\/div><\/div><\/div><\/p>\n","protected":false},"excerpt":{"rendered":"","protected":false},"author":1,"featured_media":0,"parent":12490,"menu_order":0,"comment_status":"closed","ping_status":"closed","template":"","meta":{"footnotes":""},"class_list":["post-12458","page","type-page","status-publish","hentry"],"_links":{"self":[{"href":"https:\/\/vikingforce.se\/sv\/wp-json\/wp\/v2\/pages\/12458","targetHints":{"allow":["GET"]}}],"collection":[{"href":"https:\/\/vikingforce.se\/sv\/wp-json\/wp\/v2\/pages"}],"about":[{"href":"https:\/\/vikingforce.se\/sv\/wp-json\/wp\/v2\/types\/page"}],"author":[{"embeddable":true,"href":"https:\/\/vikingforce.se\/sv\/wp-json\/wp\/v2\/users\/1"}],"replies":[{"embeddable":true,"href":"https:\/\/vikingforce.se\/sv\/wp-json\/wp\/v2\/comments?post=12458"}],"version-history":[{"count":17,"href":"https:\/\/vikingforce.se\/sv\/wp-json\/wp\/v2\/pages\/12458\/revisions"}],"predecessor-version":[{"id":23586,"href":"https:\/\/vikingforce.se\/sv\/wp-json\/wp\/v2\/pages\/12458\/revisions\/23586"}],"up":[{"embeddable":true,"href":"https:\/\/vikingforce.se\/sv\/wp-json\/wp\/v2\/pages\/12490"}],"wp:attachment":[{"href":"https:\/\/vikingforce.se\/sv\/wp-json\/wp\/v2\/media?parent=12458"}],"curies":[{"name":"wp","href":"https:\/\/api.w.org\/{rel}","templated":true}]}}