{"id":12451,"date":"2015-12-09T08:29:42","date_gmt":"2015-12-09T08:29:42","guid":{"rendered":"http:\/\/vikingforce.se\/sv\/glutamine\/"},"modified":"2025-05-16T09:30:40","modified_gmt":"2025-05-16T09:30:40","slug":"glutamine","status":"publish","type":"page","link":"https:\/\/vikingforce.se\/sv\/amino-acids\/glutamine\/","title":{"rendered":"Glutamine &#8211; Swedish"},"content":{"rendered":"<p><div class=\"fusion-fullwidth fullwidth-box fusion-builder-row-1 nonhundred-percent-fullwidth non-hundred-percent-height-scrolling\" style=\"--awb-background-position:center top;--awb-border-color:#f6f6f6;--awb-border-radius-top-left:0px;--awb-border-radius-top-right:0px;--awb-border-radius-bottom-right:0px;--awb-border-radius-bottom-left:0px;--awb-padding-top:1px;--awb-padding-right:0px;--awb-padding-bottom:30px;--awb-padding-left:0px;--awb-background-color:#fff;--awb-border-sizes-top:1px;--awb-border-sizes-bottom:1px;--awb-flex-wrap:wrap;\" ><div class=\"fusion-builder-row fusion-row\"><div class=\"fusion-layout-column fusion_builder_column fusion-builder-column-0 fusion_builder_column_1_2 1_2 fusion-one-half fusion-column-first\" style=\"--awb-bg-size:cover;width:48%; margin-right: 4%;\"><div class=\"fusion-column-wrapper fusion-flex-column-wrapper-legacy\"><div class=\"fusion-sep-clear\"><\/div><div class=\"fusion-separator fusion-full-width-sep\" style=\"margin-left: auto;margin-right: auto;margin-top:60px;width:100%;\"><\/div><div class=\"fusion-sep-clear\"><\/div><div class=\"fusion-text fusion-text-1\"><p><!--<img decoding=\"async\" class=\"wp-image-14020 size-full aligncenter\" src=\"https:\/\/vikingforce.se\/wp-content\/uploads\/2015\/12\/glutamine.jpg\" alt=\"\" width=\"600\" height=\"741\" \/>--><\/p>\n<\/div><div class=\"fusion-image-carousel fusion-image-carousel-auto fusion-image-carousel-1 fusion-no-medium-visibility lightbox-enabled\"><div class=\"awb-carousel awb-swiper awb-swiper-carousel awb-swiper-dots-position-bottom awb-carousel--carousel\" data-layout=\"carousel\" data-autoplay=\"yes\" data-autoplayspeed=\"2500\" data-autoplaypause=\"no\" data-columns=\"1\" data-itemmargin=\"13\" data-itemwidth=\"180\" data-touchscroll=\"drag\" data-freemode=\"no\" data-imagesize=\"auto\" data-scrollitems=\"0\" data-centeredslides=\"no\" data-rotationangle=\"50\" data-depth=\"100\" data-speed=\"500\" data-shadow=\"no\" style=\"--awb-columns:1;\"><div class=\"swiper-wrapper awb-image-carousel-wrapper fusion-flex-align-items-center\"><div class=\"swiper-slide\"><div class=\"fusion-carousel-item-wrapper\"><div class=\"fusion-image-wrapper hover-type-none\"><img decoding=\"async\" width=\"1024\" height=\"1024\" src=\"https:\/\/vikingforce.se\/wp-content\/uploads\/2022\/01\/VIKING-Glutamine-Cola-lime-300g-v2021-Current-View-1.png\" class=\"attachment-full size-full\" alt=\"\" srcset=\"https:\/\/vikingforce.se\/wp-content\/uploads\/2022\/01\/VIKING-Glutamine-Cola-lime-300g-v2021-Current-View-1-66x66.png 66w, https:\/\/vikingforce.se\/wp-content\/uploads\/2022\/01\/VIKING-Glutamine-Cola-lime-300g-v2021-Current-View-1-150x150.png 150w, https:\/\/vikingforce.se\/wp-content\/uploads\/2022\/01\/VIKING-Glutamine-Cola-lime-300g-v2021-Current-View-1-200x200.png 200w, https:\/\/vikingforce.se\/wp-content\/uploads\/2022\/01\/VIKING-Glutamine-Cola-lime-300g-v2021-Current-View-1-300x300.png 300w, https:\/\/vikingforce.se\/wp-content\/uploads\/2022\/01\/VIKING-Glutamine-Cola-lime-300g-v2021-Current-View-1-400x400.png 400w, https:\/\/vikingforce.se\/wp-content\/uploads\/2022\/01\/VIKING-Glutamine-Cola-lime-300g-v2021-Current-View-1-600x600.png 600w, https:\/\/vikingforce.se\/wp-content\/uploads\/2022\/01\/VIKING-Glutamine-Cola-lime-300g-v2021-Current-View-1-768x768.png 768w, https:\/\/vikingforce.se\/wp-content\/uploads\/2022\/01\/VIKING-Glutamine-Cola-lime-300g-v2021-Current-View-1-800x800.png 800w, https:\/\/vikingforce.se\/wp-content\/uploads\/2022\/01\/VIKING-Glutamine-Cola-lime-300g-v2021-Current-View-1.png 1024w\" sizes=\"(max-width: 1024px) 100vw, 1024px\" \/><\/div><\/div><\/div><div class=\"swiper-slide\"><div class=\"fusion-carousel-item-wrapper\"><div class=\"fusion-image-wrapper hover-type-none\"><img decoding=\"async\" width=\"1024\" height=\"1024\" src=\"https:\/\/vikingforce.se\/wp-content\/uploads\/2022\/01\/VIKING-Glutamine-Forest-fruit-300g-v2021-Current-View-1.png\" class=\"attachment-full size-full\" alt=\"\" srcset=\"https:\/\/vikingforce.se\/wp-content\/uploads\/2022\/01\/VIKING-Glutamine-Forest-fruit-300g-v2021-Current-View-1-66x66.png 66w, https:\/\/vikingforce.se\/wp-content\/uploads\/2022\/01\/VIKING-Glutamine-Forest-fruit-300g-v2021-Current-View-1-150x150.png 150w, https:\/\/vikingforce.se\/wp-content\/uploads\/2022\/01\/VIKING-Glutamine-Forest-fruit-300g-v2021-Current-View-1-200x200.png 200w, https:\/\/vikingforce.se\/wp-content\/uploads\/2022\/01\/VIKING-Glutamine-Forest-fruit-300g-v2021-Current-View-1-300x300.png 300w, https:\/\/vikingforce.se\/wp-content\/uploads\/2022\/01\/VIKING-Glutamine-Forest-fruit-300g-v2021-Current-View-1-400x400.png 400w, https:\/\/vikingforce.se\/wp-content\/uploads\/2022\/01\/VIKING-Glutamine-Forest-fruit-300g-v2021-Current-View-1-600x600.png 600w, https:\/\/vikingforce.se\/wp-content\/uploads\/2022\/01\/VIKING-Glutamine-Forest-fruit-300g-v2021-Current-View-1-768x768.png 768w, https:\/\/vikingforce.se\/wp-content\/uploads\/2022\/01\/VIKING-Glutamine-Forest-fruit-300g-v2021-Current-View-1-800x800.png 800w, https:\/\/vikingforce.se\/wp-content\/uploads\/2022\/01\/VIKING-Glutamine-Forest-fruit-300g-v2021-Current-View-1.png 1024w\" sizes=\"(max-width: 1024px) 100vw, 1024px\" \/><\/div><\/div><\/div><div class=\"swiper-slide\"><div class=\"fusion-carousel-item-wrapper\"><div class=\"fusion-image-wrapper hover-type-none\"><img decoding=\"async\" width=\"1024\" height=\"1024\" src=\"https:\/\/vikingforce.se\/wp-content\/uploads\/2022\/01\/VIKING-Glutamine-Raspberry-300g-v2021-Current-View-1.png\" class=\"attachment-full size-full\" alt=\"\" srcset=\"https:\/\/vikingforce.se\/wp-content\/uploads\/2022\/01\/VIKING-Glutamine-Raspberry-300g-v2021-Current-View-1-66x66.png 66w, https:\/\/vikingforce.se\/wp-content\/uploads\/2022\/01\/VIKING-Glutamine-Raspberry-300g-v2021-Current-View-1-150x150.png 150w, https:\/\/vikingforce.se\/wp-content\/uploads\/2022\/01\/VIKING-Glutamine-Raspberry-300g-v2021-Current-View-1-200x200.png 200w, https:\/\/vikingforce.se\/wp-content\/uploads\/2022\/01\/VIKING-Glutamine-Raspberry-300g-v2021-Current-View-1-300x300.png 300w, https:\/\/vikingforce.se\/wp-content\/uploads\/2022\/01\/VIKING-Glutamine-Raspberry-300g-v2021-Current-View-1-400x400.png 400w, https:\/\/vikingforce.se\/wp-content\/uploads\/2022\/01\/VIKING-Glutamine-Raspberry-300g-v2021-Current-View-1-600x600.png 600w, https:\/\/vikingforce.se\/wp-content\/uploads\/2022\/01\/VIKING-Glutamine-Raspberry-300g-v2021-Current-View-1-768x768.png 768w, https:\/\/vikingforce.se\/wp-content\/uploads\/2022\/01\/VIKING-Glutamine-Raspberry-300g-v2021-Current-View-1-800x800.png 800w, https:\/\/vikingforce.se\/wp-content\/uploads\/2022\/01\/VIKING-Glutamine-Raspberry-300g-v2021-Current-View-1.png 1024w\" sizes=\"(max-width: 1024px) 100vw, 1024px\" \/><\/div><\/div><\/div><div class=\"swiper-slide\"><div class=\"fusion-carousel-item-wrapper\"><div class=\"fusion-image-wrapper hover-type-none\"><img decoding=\"async\" width=\"1024\" height=\"1024\" src=\"https:\/\/vikingforce.se\/wp-content\/uploads\/2022\/01\/VIKING-Glutamine-Natur.jpg\" class=\"attachment-full size-full\" alt=\"\" srcset=\"https:\/\/vikingforce.se\/wp-content\/uploads\/2022\/01\/VIKING-Glutamine-Natur-66x66.jpg 66w, https:\/\/vikingforce.se\/wp-content\/uploads\/2022\/01\/VIKING-Glutamine-Natur-150x150.jpg 150w, https:\/\/vikingforce.se\/wp-content\/uploads\/2022\/01\/VIKING-Glutamine-Natur-200x200.jpg 200w, https:\/\/vikingforce.se\/wp-content\/uploads\/2022\/01\/VIKING-Glutamine-Natur-300x300.jpg 300w, https:\/\/vikingforce.se\/wp-content\/uploads\/2022\/01\/VIKING-Glutamine-Natur-400x400.jpg 400w, https:\/\/vikingforce.se\/wp-content\/uploads\/2022\/01\/VIKING-Glutamine-Natur-600x600.jpg 600w, https:\/\/vikingforce.se\/wp-content\/uploads\/2022\/01\/VIKING-Glutamine-Natur-768x768.jpg 768w, https:\/\/vikingforce.se\/wp-content\/uploads\/2022\/01\/VIKING-Glutamine-Natur-800x800.jpg 800w, https:\/\/vikingforce.se\/wp-content\/uploads\/2022\/01\/VIKING-Glutamine-Natur.jpg 1024w\" sizes=\"(max-width: 1024px) 100vw, 1024px\" \/><\/div><\/div><\/div><\/div><div class=\"awb-swiper-button awb-swiper-button-prev\"><i class=\"awb-icon-angle-left\" aria-hidden=\"true\"><\/i><\/div><div class=\"awb-swiper-button awb-swiper-button-next\"><i class=\"awb-icon-angle-right\" aria-hidden=\"true\"><\/i><\/div><\/div><\/div><div class=\"fusion-clearfix\"><\/div><\/div><\/div><div class=\"fusion-layout-column fusion_builder_column fusion-builder-column-1 fusion_builder_column_1_2 1_2 fusion-one-half fusion-column-last\" style=\"--awb-bg-size:cover;width:48%;\"><div class=\"fusion-column-wrapper fusion-flex-column-wrapper-legacy\"><div class=\"fusion-sep-clear\"><\/div><div class=\"fusion-separator fusion-full-width-sep\" style=\"margin-left: auto;margin-right: auto;margin-top:30px;width:100%;\"><\/div><div class=\"fusion-sep-clear\"><\/div><div class=\"fusion-title title fusion-title-1 fusion-sep-none fusion-title-text fusion-title-size-one title-wg\" style=\"--awb-margin-bottom:5px;\"><h1 class=\"fusion-title-heading title-heading-left\" style=\"margin:0;\"><p style=\"text-align: center;\">VIKING GLUTAMINE<\/p><\/h1><\/div><div class=\"fusion-text fusion-text-2\"><p style=\"text-align: center;\">(Kosttillskott)<\/p>\n<\/div><div class=\"fusion-text fusion-text-3\"><p class=\"subtitle-wg\" style=\"text-align: center;\">Nettovikt: 300 g<\/p>\n<p class=\"subtitle-wg\" style=\"text-align: center;\">Portioner per f\u00f6rpackning: 75<\/p>\n<\/div><div class=\"fusion-clearfix\"><\/div><\/div><\/div><\/div><\/div><div class=\"fusion-fullwidth fullwidth-box fusion-builder-row-2 nonhundred-percent-fullwidth non-hundred-percent-height-scrolling\" style=\"--awb-border-color:#f6f6f6;--awb-border-radius-top-left:0px;--awb-border-radius-top-right:0px;--awb-border-radius-bottom-right:0px;--awb-border-radius-bottom-left:0px;--awb-padding-top:10px;--awb-padding-right:0px;--awb-padding-bottom:0px;--awb-padding-left:0px;--awb-background-color:#fff;--awb-border-sizes-top:0px;--awb-border-sizes-bottom:0px;--awb-flex-wrap:wrap;\" ><div class=\"fusion-builder-row fusion-row\"><div class=\"fusion-layout-column fusion_builder_column fusion-builder-column-2 fusion_builder_column_1_1 1_1 fusion-one-full fusion-column-first fusion-column-last\" style=\"--awb-bg-size:cover;\"><div class=\"fusion-column-wrapper fusion-flex-column-wrapper-legacy\"><div class=\"fusion-text fusion-text-4\"><p class=\"subtitle-aa\">Viking glutamin<\/p>\n<p>Inneh\u00e5ller 100% ren L-glutamin av h\u00f6gsta kvalitet. Glutamin st\u00e5r f\u00f6r \u00f6ver 35 % av det kv\u00e4ve som transporteras till musklerna och \u00e4r den vanligaste aminosyran i muskelv\u00e4vnad med en central roll i energioms\u00e4ttningen.<br \/>\nGlutamin finns naturligt i v\u00e5r kost, men under mycket intensiv tr\u00e4ning f\u00f6rbrukar kroppen en st\u00f6rre m\u00e4ngd glutamin, vilket g\u00f6r att ett tillskott \u00e4r ett enkelt s\u00e4tt att uppr\u00e4tth\u00e5lla tillr\u00e4ckliga niv\u00e5er av glutamin.<br \/>\n\u2022 100 % ren L-glutamin<br \/>\n\u2022 \u00d6ka muskelpumpen<br \/>\n\u2022 F\u00f6r perioder av intensiv tr\u00e4ning<\/p>\n<p><span style=\"color: #009746;\"><b>Smaker:<\/b><\/span><span style=\"color: var(--body_typography-color); font-family: var(--body_typography-font-family); font-size: var(--body_typography-font-size); font-style: var(--body_typography-font-style,normal); font-weight: var(--body_typography-font-weight); letter-spacing: var(--body_typography-letter-spacing);\">cola &amp; lime, skogsb\u00e4r, hallon, Natur<\/span><\/p>\n<\/div><div class=\"fusion-clearfix\"><\/div><\/div><\/div><div class=\"fusion-layout-column fusion_builder_column fusion-builder-column-3 fusion_builder_column_1_2 1_2 fusion-one-half fusion-column-first\" style=\"--awb-bg-size:cover;width:48%; margin-right: 4%;\"><div class=\"fusion-column-wrapper fusion-flex-column-wrapper-legacy\"><div class=\"fusion-text fusion-text-5\"><p class=\"subtitle-aa\">Anv\u00e4ndningsinstruktioner:<\/p>\n<p>Blanda 5 gram pulver (ungef\u00e4r 1\/2 skopa) med 2 dl vatten i en shaker och skaka i 30 sekunder. En portion dagligen.<\/p>\n<p><b>1 portion = 4 g [f\u00f6r<\/b> <b>Natursmak<\/b>]<\/p>\n<p class=\"subtitle-aa\">Ingredienser:<\/p>\n<p>L-glutamin, surhetsreglerande medel (citronsyra), smaker, f\u00e4rg (karmosin &#8211; f\u00f6r skogsb\u00e4r och hallonsmaker; spirulinextrakt &#8211; f\u00f6r skogsb\u00e4rssmak, E 150d &#8211; f\u00f6r cola &amp; lime-smak), s\u00f6tningsmedel (sukralos, acesulfamkalium).<\/p>\n<p><span style=\"color: #009746;\">F\u00f6r natur<\/span> : L-glutamin.<\/p>\n<p class=\"subtitle-aa\">Allergiinformation:<\/p>\n<p>Kan inneh\u00e5lla sp\u00e5r av mj\u00f6lk, soja, \u00e4gg och vete (gluten).<\/p>\n<p class=\"subtitle-aa\">Viktig information:<\/p>\n<p>Denna produkt \u00e4r ett kosttillskott. Anv\u00e4nd denna produkt tillsammans med mat som en del av en h\u00e4lsosam och balanserad kost, inte som ett substitut f\u00f6r s\u00e5dan. F\u00f6rvara utom r\u00e4ckh\u00e5ll f\u00f6r barn. Inte avsedd f\u00f6r anv\u00e4ndning av barn samt gravida eller ammande kvinnor! \u00d6verskrid inte den rekommenderade dagliga dosen.<br \/>\nF\u00f6rvara p\u00e5 en sval, torr plats. Uts\u00e4tt inte f\u00f6r \u00f6verdriven v\u00e4rme, fuktighet eller solljus. B\u00e4st f\u00f6re datum anges p\u00e5 f\u00f6rpackningen.<\/p>\n<\/div><div class=\"fusion-clearfix\"><\/div><\/div><\/div><div class=\"fusion-layout-column fusion_builder_column fusion-builder-column-4 fusion_builder_column_1_2 1_2 fusion-one-half fusion-column-last\" style=\"--awb-bg-size:cover;width:48%;\"><div class=\"fusion-column-wrapper fusion-flex-column-wrapper-legacy\"><div class=\"fusion-text fusion-text-6\"><p class=\"subtitle-aa\">N\u00c4RINGSFAKTA<\/p>\n<\/div><div class=\"fusion-text fusion-text-7\"><div class=\"table-1\">\n<table class=\"tb\" width=\"100%\">\n<tbody>\n<tr class=\"table-row_border\">\n<td colspan=\"3\"><strong>N\u00e4ringsinneh\u00e5ll per:<\/strong><\/td>\n<td colspan=\"2\">1 portion (<b>5g<\/b>)<\/td>\n<td colspan=\"2\"><b>100 g<\/b><\/td>\n<\/tr>\n<tr>\n<td colspan=\"3\">Energi<\/td>\n<td colspan=\"2\">68 kJ \/ 16 kcal<\/td>\n<td colspan=\"2\">1360 kJ \/ 320 kcal<\/td>\n<\/tr>\n<tr>\n<td colspan=\"3\">Proteiner (som fria aminosyror)<\/td>\n<td colspan=\"2\">4 g<\/td>\n<td colspan=\"2\">80 g<\/td>\n<\/tr>\n<tr>\n<td colspan=\"3\">Kolhydrater<\/td>\n<td colspan=\"2\">0 g<\/td>\n<td colspan=\"2\">0 g<\/td>\n<\/tr>\n<tr>\n<td colspan=\"3\">varav sockerarter<\/td>\n<td colspan=\"2\">0 g<\/td>\n<td colspan=\"2\">0 g<\/td>\n<\/tr>\n<tr>\n<td colspan=\"3\">Fett<\/td>\n<td colspan=\"2\">0 g<\/td>\n<td colspan=\"2\">0 g<\/td>\n<\/tr>\n<tr>\n<td colspan=\"3\">varav m\u00e4ttat fett<\/td>\n<td colspan=\"2\">0 g<\/td>\n<td colspan=\"2\">0 g<\/td>\n<\/tr>\n<tr>\n<td colspan=\"3\">Kostfiber<\/td>\n<td colspan=\"2\">0 g<\/td>\n<td colspan=\"2\">0 g<\/td>\n<\/tr>\n<tr>\n<td colspan=\"3\">Natrium<\/td>\n<td colspan=\"2\">0 g<\/td>\n<td colspan=\"2\">0 g<\/td>\n<\/tr>\n<tr>\n<td colspan=\"3\">L-Glutamin<\/td>\n<td colspan=\"2\">4 g<\/td>\n<td colspan=\"2\">80 g<\/td>\n<\/tr>\n<tr>\n<td colspan=\"7\">*NRV (N\u00e4ringsreferensv\u00e4rden) (baserat p\u00e5 en 2 000-kaloridiet)<\/td>\n<\/tr>\n<\/tbody>\n<\/table>\n<\/div>\n<\/div><div class=\"fusion-clearfix\"><\/div><\/div><\/div><\/div><\/div><\/p>\n","protected":false},"excerpt":{"rendered":"","protected":false},"author":1,"featured_media":0,"parent":12370,"menu_order":0,"comment_status":"closed","ping_status":"closed","template":"","meta":{"footnotes":""},"class_list":["post-12451","page","type-page","status-publish","hentry"],"_links":{"self":[{"href":"https:\/\/vikingforce.se\/sv\/wp-json\/wp\/v2\/pages\/12451","targetHints":{"allow":["GET"]}}],"collection":[{"href":"https:\/\/vikingforce.se\/sv\/wp-json\/wp\/v2\/pages"}],"about":[{"href":"https:\/\/vikingforce.se\/sv\/wp-json\/wp\/v2\/types\/page"}],"author":[{"embeddable":true,"href":"https:\/\/vikingforce.se\/sv\/wp-json\/wp\/v2\/users\/1"}],"replies":[{"embeddable":true,"href":"https:\/\/vikingforce.se\/sv\/wp-json\/wp\/v2\/comments?post=12451"}],"version-history":[{"count":17,"href":"https:\/\/vikingforce.se\/sv\/wp-json\/wp\/v2\/pages\/12451\/revisions"}],"predecessor-version":[{"id":23533,"href":"https:\/\/vikingforce.se\/sv\/wp-json\/wp\/v2\/pages\/12451\/revisions\/23533"}],"up":[{"embeddable":true,"href":"https:\/\/vikingforce.se\/sv\/wp-json\/wp\/v2\/pages\/12370"}],"wp:attachment":[{"href":"https:\/\/vikingforce.se\/sv\/wp-json\/wp\/v2\/media?parent=12451"}],"curies":[{"name":"wp","href":"https:\/\/api.w.org\/{rel}","templated":true}]}}