{"id":12438,"date":"2015-12-10T21:53:32","date_gmt":"2015-12-10T21:53:32","guid":{"rendered":"http:\/\/vikingforce.se\/sv\/flexit\/"},"modified":"2021-04-07T12:40:36","modified_gmt":"2021-04-07T12:40:36","slug":"flexit","status":"publish","type":"page","link":"https:\/\/vikingforce.se\/sv\/vitamins\/flexit\/","title":{"rendered":"Flexit"},"content":{"rendered":"<p><div class=\"fusion-fullwidth fullwidth-box fusion-builder-row-1 nonhundred-percent-fullwidth non-hundred-percent-height-scrolling\" style=\"--awb-background-position:center top;--awb-border-color:#f6f6f6;--awb-border-radius-top-left:0px;--awb-border-radius-top-right:0px;--awb-border-radius-bottom-right:0px;--awb-border-radius-bottom-left:0px;--awb-padding-top:1px;--awb-padding-right:0px;--awb-padding-bottom:30px;--awb-padding-left:0px;--awb-background-color:#fff;--awb-border-sizes-top:1px;--awb-border-sizes-bottom:1px;--awb-flex-wrap:wrap;\" ><div class=\"fusion-builder-row fusion-row\"><div class=\"fusion-layout-column fusion_builder_column fusion-builder-column-0 fusion_builder_column_1_2 1_2 fusion-one-half fusion-column-first\" style=\"--awb-bg-size:cover;width:48%; margin-right: 4%;\"><div class=\"fusion-column-wrapper fusion-flex-column-wrapper-legacy\"><div class=\"fusion-sep-clear\"><\/div><div class=\"fusion-separator fusion-full-width-sep\" style=\"margin-left: auto;margin-right: auto;margin-top:60px;width:100%;\"><\/div><div class=\"fusion-sep-clear\"><\/div><div class=\"fusion-text fusion-text-1\"><p><img decoding=\"async\" class=\"wp-image-13947 size-full aligncenter\" src=\"http:\/\/vikingforce.se\/wp-content\/uploads\/2017\/03\/flexit.jpg\" alt=\"\" width=\"600\" height=\"740\" srcset=\"https:\/\/vikingforce.se\/wp-content\/uploads\/2017\/03\/flexit-243x300.jpg 243w, https:\/\/vikingforce.se\/wp-content\/uploads\/2017\/03\/flexit.jpg 600w\" sizes=\"(max-width: 600px) 100vw, 600px\" \/><\/p>\n<\/div><div class=\"fusion-clearfix\"><\/div><\/div><\/div><div class=\"fusion-layout-column fusion_builder_column fusion-builder-column-1 fusion_builder_column_1_2 1_2 fusion-one-half fusion-column-last\" style=\"--awb-bg-size:cover;width:48%;\"><div class=\"fusion-column-wrapper fusion-flex-column-wrapper-legacy\"><div class=\"fusion-sep-clear\"><\/div><div class=\"fusion-separator fusion-full-width-sep\" style=\"margin-left: auto;margin-right: auto;margin-top:30px;width:100%;\"><\/div><div class=\"fusion-sep-clear\"><\/div><div class=\"fusion-title title fusion-title-1 fusion-sep-none fusion-title-text fusion-title-size-one title-wg\" style=\"--awb-margin-bottom:5px;\"><h1 class=\"fusion-title-heading title-heading-left\" style=\"margin:0;\"><p style=\"text-align: center;\">VIKING FLEXIT<\/p><\/h1><\/div><div class=\"fusion-sep-clear\"><\/div><div class=\"fusion-separator fusion-full-width-sep\" style=\"margin-left: auto;margin-right: auto;margin-top:25px;width:100%;\"><\/div><div class=\"fusion-sep-clear\"><\/div><div class=\"fusion-text fusion-text-2\"><p><img decoding=\"async\" class=\"wp-image-11799  aligncenter\" src=\"http:\/\/vikingforce.se\/wp-content\/uploads\/2015\/12\/aroma-waxi-maize.jpg\" alt=\"\" width=\"366\" height=\"129\" \/><\/p>\n<\/div><div class=\"fusion-sep-clear\"><\/div><div class=\"fusion-separator fusion-full-width-sep\" style=\"margin-left: auto;margin-right: auto;margin-top:10px;width:100%;\"><\/div><div class=\"fusion-sep-clear\"><\/div><div class=\"fusion-text fusion-text-3\"><p><img decoding=\"async\" class=\"wp-image-12100 aligncenter\" src=\"http:\/\/vikingforce.se\/wp-content\/uploads\/2015\/12\/serving-flexit.jpg\" alt=\"serving-flexit\" width=\"147\" height=\"115\" \/><\/p>\n<\/div><div class=\"fusion-text fusion-text-4\"><p class=\"subtitle-wg\" style=\"text-align: center;\">Nettovikt: 500 g<\/p>\n<\/div><div class=\"fusion-clearfix\"><\/div><\/div><\/div><\/div><\/div><div class=\"fusion-fullwidth fullwidth-box fusion-builder-row-2 nonhundred-percent-fullwidth non-hundred-percent-height-scrolling\" style=\"--awb-border-color:#f6f6f6;--awb-border-radius-top-left:0px;--awb-border-radius-top-right:0px;--awb-border-radius-bottom-right:0px;--awb-border-radius-bottom-left:0px;--awb-padding-top:10px;--awb-padding-right:0px;--awb-padding-bottom:0px;--awb-padding-left:0px;--awb-background-color:#fff;--awb-border-sizes-top:0px;--awb-border-sizes-bottom:0px;--awb-flex-wrap:wrap;\" ><div class=\"fusion-builder-row fusion-row\"><div class=\"fusion-layout-column fusion_builder_column fusion-builder-column-2 fusion_builder_column_1_1 1_1 fusion-one-full fusion-column-first fusion-column-last\" style=\"--awb-bg-size:cover;\"><div class=\"fusion-column-wrapper fusion-flex-column-wrapper-legacy\"><div class=\"fusion-text fusion-text-5\"><p class=\"subtitle-vit\">Viking Flexit<\/p>\n<p>\u00c4r en k\u00e4lla till kondroitinsulfat plus MSM (metylsulfonylmetan).<\/p>\n<\/div><div class=\"fusion-clearfix\"><\/div><\/div><\/div><div class=\"fusion-layout-column fusion_builder_column fusion-builder-column-3 fusion_builder_column_1_2 1_2 fusion-one-half fusion-column-first\" style=\"--awb-bg-size:cover;width:48%; margin-right: 4%;\"><div class=\"fusion-column-wrapper fusion-flex-column-wrapper-legacy\"><div class=\"fusion-text fusion-text-6\"><p class=\"subtitle-vit\">Riktning f\u00f6r anv\u00e4ndning:<\/p>\n<p>Ta en skopa (10 g) dagligen, med vatten, p\u00e5 morgonen p\u00e5 fastande mage. Vid fysiska aktiviteter \u00e4r det m\u00f6jligt att anv\u00e4nda: 2 skopor (20 g) dagligen p\u00e5 morgonen p\u00e5 tom mage. Garantera \u00f6kad v\u00e4tskeintag!<\/p>\n<p class=\"subtitle-vit\">Ingredienser:<\/p>\n<p>Hydrolyserad kollagen, maltodextrin, trikalciumcitrat, trimagnesium citrat,MSM (metylsulfonylmetan), kondroitinsulfat, surg\u00f6rande medel (citronsyra), vitamin C, smaker, klumpmedel (trikalciumfosfat, kiseldioxid), s\u00f6tningsmedel (acesulfam kalium, sukralos), natriumhyaluronat, vitamin B6 (pyridoxinhydroklorid), vitamin D3 (kolekalciferol), f\u00e4rg (Carmin, riboflavin).<\/p>\n<p class=\"subtitle-vit\">Allergi Information:<\/p>\n<p>Kr\u00e4ftdjur. Produkten kan inneh\u00e5lla sp\u00e5r av soja, mj\u00f6lk, \u00e4gg eller veteprotein.<\/p>\n<p class=\"subtitle-vit\">Viktig Information:<\/p>\n<p>Denna produkt \u00e4r ett kosttillskott. Anv\u00e4nd denna produkt i samband med mat som en del av en h\u00e4lsosam och balanserad kost, inte som en ers\u00e4ttning f\u00f6r en s\u00e5dan. F\u00f6rvara utom r\u00e4ckh\u00e5ll f\u00f6r barn. Inte avsedd att anv\u00e4ndas av gravida eller ammande kvinnor! \u00d6verskrid inte rekommenderad daglig dos.<br \/>\nF\u00f6rvara p\u00e5 en sval, torr plats. Uts\u00e4tt inte f\u00f6r stark v\u00e4rme, fukt eller solljus. Anv\u00e4nd f\u00f6re sista f\u00f6rbrukningsdag som anges p\u00e5 f\u00f6rpackningen.<\/p>\n<\/div><div class=\"fusion-clearfix\"><\/div><\/div><\/div><div class=\"fusion-layout-column fusion_builder_column fusion-builder-column-4 fusion_builder_column_1_2 1_2 fusion-one-half fusion-column-last\" style=\"--awb-bg-size:cover;width:48%;\"><div class=\"fusion-column-wrapper fusion-flex-column-wrapper-legacy\"><div class=\"fusion-text fusion-text-7\"><p class=\"subtitle-vit\">N\u00c4RINGSINFORMATION<\/p>\n<\/div><div class=\"fusion-text fusion-text-8\"><div class=\"table-1\">\n<table class=\"tb\" width=\"100%\">\n<tbody>\n<tr>\n<td colspan=\"3\"><strong>N\u00e4ringsv\u00e4rde per:<\/strong><\/td>\n<td colspan=\"2\">10 g<\/td>\n<\/tr>\n<tr>\n<td colspan=\"3\">Energiv\u00e4rde<\/td>\n<td colspan=\"2\">146 kJ \/<br \/>\n34.4 kcal<\/td>\n<\/tr>\n<tr>\n<td colspan=\"3\">Proteiner<\/td>\n<td colspan=\"2\">4.8 g<\/td>\n<\/tr>\n<tr>\n<td colspan=\"3\">Kolhydrater<\/td>\n<td colspan=\"2\">3.8\u00a0g<\/td>\n<\/tr>\n<tr>\n<td colspan=\"3\">varav sockerarter<\/td>\n<td colspan=\"2\">0.4 g<\/td>\n<\/tr>\n<tr>\n<td colspan=\"3\">Fetter<\/td>\n<td colspan=\"2\">0 g<\/td>\n<\/tr>\n<tr>\n<td colspan=\"3\">varav m\u00e4ttade fettsyror<\/td>\n<td colspan=\"2\">0 g<\/td>\n<\/tr>\n<tr>\n<td colspan=\"3\">Fiberer<\/td>\n<td colspan=\"2\">0 g<\/td>\n<\/tr>\n<tr>\n<td colspan=\"3\">Natrium<\/td>\n<td colspan=\"2\">0 g<\/td>\n<\/tr>\n<tr>\n<td colspan=\"3\">Metylsulfonyl metan (MSM)<\/td>\n<td colspan=\"2\">150 mg<\/td>\n<\/tr>\n<tr>\n<td colspan=\"3\">Chondroitine sulfate<\/td>\n<td colspan=\"2\">75 mg<\/td>\n<\/tr>\n<tr>\n<td colspan=\"3\">Natriumhyaluronat<\/td>\n<td colspan=\"2\">10 mg<\/td>\n<\/tr>\n<tr>\n<td colspan=\"3\">Kalcium<\/td>\n<td colspan=\"2\">60 mg (7.5 %)<\/td>\n<\/tr>\n<tr>\n<td colspan=\"3\">Magesium<\/td>\n<td colspan=\"2\">2.8 mg (7.3 %)<\/td>\n<\/tr>\n<tr>\n<td colspan=\"3\">C-vitamin<\/td>\n<td colspan=\"2\">10 mg (62.5 %)<\/td>\n<\/tr>\n<tr>\n<td colspan=\"3\">Vitamin B6<\/td>\n<td colspan=\"2\">2.5 mg (17.9 %)<\/td>\n<\/tr>\n<tr>\n<td colspan=\"3\">Vitamin D3<\/td>\n<td colspan=\"2\">3.8 \u00b5g (75 %)<\/td>\n<\/tr>\n<\/tbody>\n<\/table>\n<\/div>\n<\/div><div class=\"fusion-clearfix\"><\/div><\/div><\/div><\/div><\/div><\/p>\n","protected":false},"excerpt":{"rendered":"","protected":false},"author":1,"featured_media":0,"parent":12511,"menu_order":0,"comment_status":"closed","ping_status":"closed","template":"","meta":{"footnotes":""},"class_list":["post-12438","page","type-page","status-publish","hentry"],"_links":{"self":[{"href":"https:\/\/vikingforce.se\/sv\/wp-json\/wp\/v2\/pages\/12438","targetHints":{"allow":["GET"]}}],"collection":[{"href":"https:\/\/vikingforce.se\/sv\/wp-json\/wp\/v2\/pages"}],"about":[{"href":"https:\/\/vikingforce.se\/sv\/wp-json\/wp\/v2\/types\/page"}],"author":[{"embeddable":true,"href":"https:\/\/vikingforce.se\/sv\/wp-json\/wp\/v2\/users\/1"}],"replies":[{"embeddable":true,"href":"https:\/\/vikingforce.se\/sv\/wp-json\/wp\/v2\/comments?post=12438"}],"version-history":[{"count":18,"href":"https:\/\/vikingforce.se\/sv\/wp-json\/wp\/v2\/pages\/12438\/revisions"}],"predecessor-version":[{"id":19375,"href":"https:\/\/vikingforce.se\/sv\/wp-json\/wp\/v2\/pages\/12438\/revisions\/19375"}],"up":[{"embeddable":true,"href":"https:\/\/vikingforce.se\/sv\/wp-json\/wp\/v2\/pages\/12511"}],"wp:attachment":[{"href":"https:\/\/vikingforce.se\/sv\/wp-json\/wp\/v2\/media?parent=12438"}],"curies":[{"name":"wp","href":"https:\/\/api.w.org\/{rel}","templated":true}]}}