{"id":12432,"date":"2015-12-09T12:05:55","date_gmt":"2015-12-09T12:05:55","guid":{"rendered":"http:\/\/vikingforce.se\/sv\/fat-blocker\/"},"modified":"2025-05-16T10:49:02","modified_gmt":"2025-05-16T10:49:02","slug":"fat-blocker","status":"publish","type":"page","link":"https:\/\/vikingforce.se\/sv\/fat-burners\/fat-blocker\/","title":{"rendered":"Fat Blocker &#8211; Swedish"},"content":{"rendered":"<p><div class=\"fusion-fullwidth fullwidth-box fusion-builder-row-1 nonhundred-percent-fullwidth non-hundred-percent-height-scrolling\" style=\"--awb-background-position:center top;--awb-border-color:#f6f6f6;--awb-border-radius-top-left:0px;--awb-border-radius-top-right:0px;--awb-border-radius-bottom-right:0px;--awb-border-radius-bottom-left:0px;--awb-padding-top:1px;--awb-padding-right:0px;--awb-padding-bottom:30px;--awb-padding-left:0px;--awb-background-color:#fff;--awb-border-sizes-top:1px;--awb-border-sizes-bottom:1px;--awb-flex-wrap:wrap;\" ><div class=\"fusion-builder-row fusion-row\"><div class=\"fusion-layout-column fusion_builder_column fusion-builder-column-0 fusion_builder_column_1_2 1_2 fusion-one-half fusion-column-first\" style=\"--awb-bg-size:cover;width:48%; margin-right: 4%;\"><div class=\"fusion-column-wrapper fusion-flex-column-wrapper-legacy\"><div class=\"fusion-sep-clear\"><\/div><div class=\"fusion-separator fusion-full-width-sep\" style=\"margin-left: auto;margin-right: auto;margin-top:60px;width:100%;\"><\/div><div class=\"fusion-sep-clear\"><\/div><div class=\"fusion-text fusion-text-1\"><p><img decoding=\"async\" class=\"aligncenter wp-image-14128 size-full\" src=\"https:\/\/vikingforce.se\/wp-content\/uploads\/2017\/03\/FAT_b.jpg\" alt=\"\" width=\"600\" height=\"741\" srcset=\"https:\/\/vikingforce.se\/wp-content\/uploads\/2017\/03\/FAT_b-243x300.jpg 243w, https:\/\/vikingforce.se\/wp-content\/uploads\/2017\/03\/FAT_b.jpg 600w\" sizes=\"(max-width: 600px) 100vw, 600px\" \/><\/p>\n<\/div><div class=\"fusion-clearfix\"><\/div><\/div><\/div><div class=\"fusion-layout-column fusion_builder_column fusion-builder-column-1 fusion_builder_column_1_2 1_2 fusion-one-half fusion-column-last\" style=\"--awb-bg-size:cover;width:48%;\"><div class=\"fusion-column-wrapper fusion-flex-column-wrapper-legacy\"><div class=\"fusion-title title fusion-title-1 fusion-sep-none fusion-title-text fusion-title-size-one title-wg\" style=\"--awb-margin-bottom:5px;\"><h1 class=\"fusion-title-heading title-heading-left\" style=\"margin:0;\"><p style=\"text-align: center;\">VIKING FAT BLOCKER<\/p><\/h1><\/div><div class=\"fusion-text fusion-text-2\"><p style=\"text-align: center;\">(Kosttillskott)<\/p>\n<\/div><div class=\"fusion-text fusion-text-3\"><p class=\"subtitle-wg\" style=\"text-align: center;\">Nettovikt: 77 g<\/p>\n<p class=\"subtitle-wg\" style=\"text-align: center;\">90 kapslar<\/p>\n<\/div><div class=\"fusion-clearfix\"><\/div><\/div><\/div><\/div><\/div><div class=\"fusion-fullwidth fullwidth-box fusion-builder-row-2 nonhundred-percent-fullwidth non-hundred-percent-height-scrolling\" style=\"--awb-border-color:#f6f6f6;--awb-border-radius-top-left:0px;--awb-border-radius-top-right:0px;--awb-border-radius-bottom-right:0px;--awb-border-radius-bottom-left:0px;--awb-padding-top:10px;--awb-padding-right:0px;--awb-padding-bottom:0px;--awb-padding-left:0px;--awb-background-color:#fff;--awb-border-sizes-top:0px;--awb-border-sizes-bottom:0px;--awb-flex-wrap:wrap;\" ><div class=\"fusion-builder-row fusion-row\"><div class=\"fusion-layout-column fusion_builder_column fusion-builder-column-2 fusion_builder_column_1_1 1_1 fusion-one-full fusion-column-first fusion-column-last\" style=\"--awb-bg-size:cover;\"><div class=\"fusion-column-wrapper fusion-flex-column-wrapper-legacy\"><div class=\"fusion-text fusion-text-4\"><p class=\"subtitle-fb\">Viking Fettblockerare<\/p>\n<p>Viking Fettblockerare \u00e4r en ny kombination av ingredienser.<br \/>\nGlucomannan i samband med en energibegr\u00e4nsad diet bidrar till viktminskning. Den gynnsamma effekten uppn\u00e5s med ett dagligt intag av 3 g glucomannan i tre doser om 1 g vardera, tillsammans med 1-2 glas vatten, f\u00f6re m\u00e5ltider och i samband med en energibegr\u00e4nsad diet.<br \/>\nJod bidrar till normal kognitiv funktion.<br \/>\nKrom bidrar till normal metabolism av makron\u00e4rings\u00e4mnen.<\/p>\n<p>Allt detta tillsammans med extrakt av gr\u00f6nt kaffe, hallonketon och konjugerad linolsyra (CLA) ger dig den nystart du beh\u00f6ver f\u00f6r att n\u00e5 dina nya m\u00e5l.<\/p>\n<\/div><div class=\"fusion-clearfix\"><\/div><\/div><\/div><div class=\"fusion-layout-column fusion_builder_column fusion-builder-column-3 fusion_builder_column_1_2 1_2 fusion-one-half fusion-column-first\" style=\"--awb-bg-size:cover;width:48%; margin-right: 4%;\"><div class=\"fusion-column-wrapper fusion-flex-column-wrapper-legacy\"><div class=\"fusion-text fusion-text-5\"><p class=\"subtitle-fb\">Anv\u00e4ndningsinstruktioner:<\/p>\n<p>Ta 2 kapslar 3 g\u00e5nger dagligen f\u00f6re m\u00e5ltider. Det \u00e4r viktigt att dricka mycket vatten s\u00e5 att kapseln n\u00e5r magen innan de l\u00f6ses upp.<\/p>\n<p class=\"subtitle-fb\">Andra ingredienser:<\/p>\n<p class=\"subtitle-fb\"><span style=\"color: var(--body_typography-color); font-family: var(--body_typography-font-family); font-size: var(--body_typography-font-size); font-style: var(--body_typography-font-style,normal); font-weight: var(--body_typography-font-weight); letter-spacing: var(--body_typography-letter-spacing);\">Antiklumpningsmedel (magnesiumstearat, kiseldioxid), kapselskal (gelatin, zinkoxid)<\/span><\/p>\n<p class=\"subtitle-fb\">Allergiinformation:<\/p>\n<p>Kan inneh\u00e5lla sp\u00e5r av mj\u00f6lk, soja, \u00e4gg och vete (gluten).<\/p>\n<p class=\"subtitle-fb\">Viktig information:<\/p>\n<p>Denna produkt \u00e4r ett kosttillskott. Anv\u00e4nd denna produkt tillsammans med mat som en del av en h\u00e4lsosam, balanserad kost, inte som en ers\u00e4ttning f\u00f6r s\u00e5dan. F\u00f6rvara utom r\u00e4ckh\u00e5ll f\u00f6r barn. Inte avsedd f\u00f6r anv\u00e4ndning av gravida eller ammande kvinnor! \u00d6verskrid inte den rekommenderade dagliga dosen.<br \/>\nF\u00f6rvara p\u00e5 en sval, torr plats. Uts\u00e4tt inte f\u00f6r \u00f6verdriven v\u00e4rme, fuktighet eller solljus. B\u00e4st f\u00f6re utg\u00e5ngsdatumet som anges p\u00e5 f\u00f6rpackningen.<\/p>\n<\/div><div class=\"fusion-clearfix\"><\/div><\/div><\/div><div class=\"fusion-layout-column fusion_builder_column fusion-builder-column-4 fusion_builder_column_1_2 1_2 fusion-one-half fusion-column-last\" style=\"--awb-bg-size:cover;width:48%;\"><div class=\"fusion-column-wrapper fusion-flex-column-wrapper-legacy\"><div class=\"fusion-text fusion-text-6\"><p class=\"subtitle-fb\">N\u00c4RINGSV\u00c4RDE<\/p>\n<\/div><div class=\"fusion-text fusion-text-7\"><div class=\"table-1\">\n<table class=\"tb\" width=\"100%\">\n<tbody>\n<tr class=\"table-row_border\">\n<td colspan=\"3\"><strong>N\u00e4ringsinneh\u00e5ll per:<\/strong><\/td>\n<td colspan=\"2\">1 portion (2 kapslar)<\/td>\n<\/tr>\n<tr>\n<td colspan=\"3\">Glucomannan (Konjakrotextrakt)<\/td>\n<td colspan=\"2\">1000 mg<\/td>\n<\/tr>\n<tr>\n<td colspan=\"3\">Gr\u00f6nt kaffeextrakt (Coffea Arabica)<\/td>\n<td colspan=\"2\">200 mg<\/td>\n<\/tr>\n<tr>\n<td colspan=\"3\">Hallonketon<\/td>\n<td colspan=\"2\">200 mg<\/td>\n<\/tr>\n<tr>\n<td colspan=\"3\">Konjugerad linolsyra<\/td>\n<td colspan=\"2\">50 mg<\/td>\n<\/tr>\n<tr>\n<td colspan=\"3\">Jod (fr\u00e5n kaliumjodid)<\/td>\n<td colspan=\"2\">50 \u00b5g (33.3 % *)<\/td>\n<\/tr>\n<tr>\n<td colspan=\"3\">Krom (fr\u00e5n krompikolinat)<\/td>\n<td colspan=\"2\">40 \u00b5g (100 % *)<\/td>\n<\/tr>\n<tr>\n<td colspan=\"7\">*NRV &#8211; N\u00e4ringsreferensv\u00e4rden<\/td>\n<\/tr>\n<\/tbody>\n<\/table>\n<\/div>\n<\/div><div class=\"fusion-clearfix\"><\/div><\/div><\/div><\/div><\/div><\/p>\n","protected":false},"excerpt":{"rendered":"","protected":false},"author":1,"featured_media":0,"parent":12435,"menu_order":0,"comment_status":"closed","ping_status":"closed","template":"","meta":{"footnotes":""},"class_list":["post-12432","page","type-page","status-publish","hentry"],"_links":{"self":[{"href":"https:\/\/vikingforce.se\/sv\/wp-json\/wp\/v2\/pages\/12432","targetHints":{"allow":["GET"]}}],"collection":[{"href":"https:\/\/vikingforce.se\/sv\/wp-json\/wp\/v2\/pages"}],"about":[{"href":"https:\/\/vikingforce.se\/sv\/wp-json\/wp\/v2\/types\/page"}],"author":[{"embeddable":true,"href":"https:\/\/vikingforce.se\/sv\/wp-json\/wp\/v2\/users\/1"}],"replies":[{"embeddable":true,"href":"https:\/\/vikingforce.se\/sv\/wp-json\/wp\/v2\/comments?post=12432"}],"version-history":[{"count":27,"href":"https:\/\/vikingforce.se\/sv\/wp-json\/wp\/v2\/pages\/12432\/revisions"}],"predecessor-version":[{"id":23569,"href":"https:\/\/vikingforce.se\/sv\/wp-json\/wp\/v2\/pages\/12432\/revisions\/23569"}],"up":[{"embeddable":true,"href":"https:\/\/vikingforce.se\/sv\/wp-json\/wp\/v2\/pages\/12435"}],"wp:attachment":[{"href":"https:\/\/vikingforce.se\/sv\/wp-json\/wp\/v2\/media?parent=12432"}],"curies":[{"name":"wp","href":"https:\/\/api.w.org\/{rel}","templated":true}]}}