{"id":12422,"date":"2015-12-07T10:09:28","date_gmt":"2015-12-07T10:09:28","guid":{"rendered":"http:\/\/vikingforce.se\/sv\/empire-whey\/"},"modified":"2025-05-16T14:38:12","modified_gmt":"2025-05-16T14:38:12","slug":"empire-whey","status":"publish","type":"page","link":"https:\/\/vikingforce.se\/sv\/proteins\/empire-whey\/","title":{"rendered":"Empire Whey &#8211; Swedish"},"content":{"rendered":"<p><div class=\"fusion-fullwidth fullwidth-box fusion-builder-row-1 nonhundred-percent-fullwidth non-hundred-percent-height-scrolling\" style=\"--awb-background-position:center top;--awb-border-color:#f6f6f6;--awb-border-radius-top-left:0px;--awb-border-radius-top-right:0px;--awb-border-radius-bottom-right:0px;--awb-border-radius-bottom-left:0px;--awb-padding-top:1px;--awb-padding-right:0px;--awb-padding-bottom:30px;--awb-padding-left:0px;--awb-background-color:#fff;--awb-border-sizes-top:1px;--awb-border-sizes-bottom:1px;--awb-flex-wrap:wrap;\" ><div class=\"fusion-builder-row fusion-row\"><div class=\"fusion-layout-column fusion_builder_column fusion-builder-column-0 fusion_builder_column_1_2 1_2 fusion-one-half fusion-column-first\" style=\"--awb-bg-size:cover;width:48%; margin-right: 4%;\"><div class=\"fusion-column-wrapper fusion-flex-column-wrapper-legacy\"><div class=\"fusion-sep-clear\"><\/div><div class=\"fusion-separator fusion-full-width-sep\" style=\"margin-left: auto;margin-right: auto;margin-top:60px;width:100%;\"><\/div><div class=\"fusion-sep-clear\"><\/div><div class=\"fusion-text fusion-text-1\"><p><a href=\"https:\/\/vikingforce.se\/wp-content\/uploads\/2023\/05\/peach-whey-protein.png\"><img decoding=\"async\" class=\"alignnone wp-image-20861 size-full\" src=\"https:\/\/vikingforce.se\/wp-content\/uploads\/2023\/05\/peach-whey-protein.png\" alt=\"\" width=\"600\" height=\"741\" srcset=\"https:\/\/vikingforce.se\/wp-content\/uploads\/2023\/05\/peach-whey-protein-200x247.png 200w, https:\/\/vikingforce.se\/wp-content\/uploads\/2023\/05\/peach-whey-protein-243x300.png 243w, https:\/\/vikingforce.se\/wp-content\/uploads\/2023\/05\/peach-whey-protein-400x494.png 400w, https:\/\/vikingforce.se\/wp-content\/uploads\/2023\/05\/peach-whey-protein.png 600w\" sizes=\"(max-width: 600px) 100vw, 600px\" \/><\/a><\/p>\n<\/div><div class=\"fusion-clearfix\"><\/div><\/div><\/div><div class=\"fusion-layout-column fusion_builder_column fusion-builder-column-1 fusion_builder_column_1_2 1_2 fusion-one-half fusion-column-last\" style=\"--awb-bg-size:cover;width:48%;\"><div class=\"fusion-column-wrapper fusion-flex-column-wrapper-legacy\"><div class=\"fusion-title title fusion-title-1 fusion-sep-none fusion-title-text fusion-title-size-one title-wg\" style=\"--awb-margin-bottom:5px;\"><h1 class=\"fusion-title-heading title-heading-left\" style=\"margin:0;\"><div style=\"text-align: center;\">VIKING EMPIRE WHEY<\/div><\/h1><\/div><div class=\"fusion-text fusion-text-2\"><p style=\"text-align: center;\">(Kosttillskott)<\/p>\n<\/div><div class=\"fusion-sep-clear\"><\/div><div class=\"fusion-separator fusion-full-width-sep\" style=\"margin-left: auto;margin-right: auto;margin-top:10px;width:100%;\"><\/div><div class=\"fusion-sep-clear\"><\/div><div class=\"fusion-text fusion-text-3\"><p class=\"subtitle-wg\" style=\"text-align: center;\">Nettovikt: 5 lbs<\/p>\n<p class=\"subtitle-wg\" style=\"text-align: center;\">Portioner\/Beh\u00e5llare: 37<\/p>\n<\/div><div class=\"fusion-clearfix\"><\/div><\/div><\/div><\/div><\/div><div class=\"fusion-fullwidth fullwidth-box fusion-builder-row-2 nonhundred-percent-fullwidth non-hundred-percent-height-scrolling\" style=\"--awb-border-color:#f6f6f6;--awb-border-radius-top-left:0px;--awb-border-radius-top-right:0px;--awb-border-radius-bottom-right:0px;--awb-border-radius-bottom-left:0px;--awb-padding-top:10px;--awb-padding-right:0px;--awb-padding-bottom:0px;--awb-padding-left:0px;--awb-background-color:#fff;--awb-border-sizes-top:0px;--awb-border-sizes-bottom:0px;--awb-flex-wrap:wrap;\" ><div class=\"fusion-builder-row fusion-row\"><div class=\"fusion-layout-column fusion_builder_column fusion-builder-column-2 fusion_builder_column_1_1 1_1 fusion-one-full fusion-column-first fusion-column-last\" style=\"--awb-bg-size:cover;\"><div class=\"fusion-column-wrapper fusion-flex-column-wrapper-legacy\"><div class=\"fusion-text fusion-text-4\"><p class=\"subtitle-p\">Viking Empire Whey<\/p>\n<p>\u00c4r ett h\u00f6gkvalitativt omedelbart vassleprotein med en uts\u00f6kt smak.<\/p>\n<p>Protein bidrar till en tillv\u00e4xt i muskelmassa<\/p>\n<p>Protein bidrar till underh\u00e5llet av muskelmassa<\/p>\n<p>Protein bidrar till underh\u00e5llet av normala ben<\/p>\n<\/div><div class=\"fusion-clearfix\"><\/div><\/div><\/div><div class=\"fusion-layout-column fusion_builder_column fusion-builder-column-3 fusion_builder_column_1_2 1_2 fusion-one-half fusion-column-first\" style=\"--awb-bg-size:cover;width:48%; margin-right: 4%;\"><div class=\"fusion-column-wrapper fusion-flex-column-wrapper-legacy\"><div class=\"fusion-text fusion-text-5\"><p><b style=\"color: rgb(0, 141, 212);\">Smaker<\/b>: Cappuccino, Choklad, Kokos, Vanilj, Persika, M\u00f6rka kakor.<\/p>\n<p class=\"subtitle-p\">Anv\u00e4ndningsanvisningar:<\/p>\n<p>Blanda en portion (tv\u00e5 skopor, 60 g) med 4 dl vatten eller mj\u00f6lk och skaka i 30 sekunder. Flera drycker kan tas vid behov som mellanm\u00e5l f\u00f6re tr\u00e4ning, efter tr\u00e4ning eller som ett proteintillskott till m\u00e5ltider.<\/p>\n<p class=\"subtitle-p\">Ingredienser:<\/p>\n<ul>\n<li><strong>f\u00f6r chokladsmak<\/strong><\/li>\n<\/ul>\n<p>Instant <u>v<\/u><u>assle<\/u>proteinkoncentrat (inneh\u00e5ller emulgeringsmedel: <u>soja<\/u>lecitin), kakaopulver med l\u00e5g fetthalt (inneh\u00e5ller emulgeringsmedel: <u>soja<\/u>lecitin), chokladsmak, f\u00f6rtjockningsmedel (xantangummi), artificiella s\u00f6tningsmedel (sukralos, acesulfam K), naturligt s\u00f6tningsmedel (steviolglykosid).<\/p>\n<ul>\n<li><strong>f\u00f6r kokossmak<\/strong><\/li>\n<\/ul>\n<p>Instant <u>v<\/u><u>assle<\/u>proteinkoncentrat (inneh\u00e5ller emulgeringsmedel: <u>soja<\/u>lecitin), kokossmak, f\u00f6rtjockningsmedel (xantangummi), artificiella s\u00f6tningsmedel (sukralos, acesulfam K), naturligt s\u00f6tningsmedel (steviolglykosid).<\/p>\n<ul>\n<li><strong>f\u00f6r cookie-cream smak<\/strong><\/li>\n<\/ul>\n<p>Instant <u>v<\/u><u>assle<\/u>proteinkoncentrat (inneh\u00e5ller emulgeringsmedel: <u>soja<\/u>lecitin), kakaopulver med l\u00e5g fetthalt (inneh\u00e5ller emulgeringsmedel: <u>soja<\/u>lecitin), cookie-smak, f\u00f6rtjockningsmedel (xantangummi), artificiella s\u00f6tningsmedel (sukralos, acesulfam K), naturligt s\u00f6tningsmedel (steviolglykosid).<\/p>\n<ul>\n<li><strong>f\u00f6r vaniljsmak<\/strong><\/li>\n<\/ul>\n<p>Instant <u>v<\/u><u>assle<\/u>proteinkoncentrat (inneh\u00e5ller emulgeringsmedel: <u>soja<\/u>lecitin), vaniljsmak, f\u00f6rtjockningsmedel (xantangummi), artificiella s\u00f6tningsmedel (sukralos, acesulfam K), f\u00e4rg\u00e4mne (riboflavin), naturligt s\u00f6tningsmedel (steviolglykosid).<\/p>\n<ul>\n<li><strong>f\u00f6r vanilj-kanel smak<\/strong><\/li>\n<\/ul>\n<p>Instant <u>v<\/u><u>assle<\/u>proteinkoncentrat (inneh\u00e5ller emulgeringsmedel: <u>soja<\/u>lecitin), vaniljsmak, f\u00f6rtjockningsmedel (xantangummi), kanel, artificiella s\u00f6tningsmedel (sukralos, acesulfam K), f\u00e4rg\u00e4mnen (betakaroten, riboflavin), naturligt s\u00f6tningsmedel (steviolglykosid).<\/p>\n<ul>\n<li><strong>f\u00f6r jordgubbssmak<\/strong><\/li>\n<\/ul>\n<p>Instant <u>v<\/u><u>assle<\/u>proteinkoncentrat (inneh\u00e5ller emulgeringsmedel: <u>soja<\/u>lecitin), jordgubbssmak, f\u00f6rtjockningsmedel (xantangummi), artificiella s\u00f6tningsmedel (sukralos, acesulfam K), f\u00e4rg\u00e4mne (karmin), naturligt s\u00f6tningsmedel (steviolglykosid).<\/p>\n<p class=\"subtitle-p\">Allergiinformation:<\/p>\n<p>Inneh\u00e5ller mj\u00f6lk och sojalecitin. Kan inneh\u00e5lla sp\u00e5r av \u00e4gg och vete (gluten).<\/p>\n<p class=\"subtitle-p\">Viktig information:<\/p>\n<p>Denna produkt \u00e4r ett kosttillskott. Anv\u00e4nd produkten tillsammans med mat som en del av en h\u00e4lsosam och balanserad kost, inte som ers\u00e4ttning f\u00f6r s\u00e5dan. F\u00f6rvaras o\u00e5tkomligt f\u00f6r barn. Ej avsedd f\u00f6r barn, gravida eller ammande kvinnor! \u00d6verskrid inte den rekommenderade dagliga dosen.<br \/>\nF\u00f6rvara p\u00e5 en sval och torr plats. Uts\u00e4tt inte f\u00f6r \u00f6verdriven v\u00e4rme, fukt eller solljus. B\u00e4st f\u00f6re utg\u00e5ngsdatumet som anges p\u00e5 f\u00f6rpackningen.<\/p>\n<\/div><div class=\"fusion-clearfix\"><\/div><\/div><\/div><div class=\"fusion-layout-column fusion_builder_column fusion-builder-column-4 fusion_builder_column_1_2 1_2 fusion-one-half fusion-column-last\" style=\"--awb-bg-size:cover;width:48%;\"><div class=\"fusion-column-wrapper fusion-flex-column-wrapper-legacy\"><div class=\"fusion-text fusion-text-6\"><p class=\"subtitle-p\">N\u00c4RINGSINNEH\u00c5LL<\/p>\n<\/div><div class=\"fusion-text fusion-text-7\"><div class=\"table-1\">\n<table class=\"tb\" width=\"100%\">\n<tbody>\n<tr class=\"table-row_border\">\n<td colspan=\"3\"><strong>N\u00e4ringsinneh\u00e5ll per:<\/strong><\/td>\n<td colspan=\"2\">1 portion (60 g)<\/td>\n<td colspan=\"2\">100 g<\/td>\n<\/tr>\n<tr>\n<td colspan=\"3\">Energi<\/td>\n<td colspan=\"2\">992,6 kJ \/ 234,8 kcal<\/td>\n<td colspan=\"2\">1654,4 kJ \/ 391,3 kcal<\/td>\n<\/tr>\n<tr>\n<td colspan=\"3\">Protein<\/td>\n<td colspan=\"2\">47,7 g<\/td>\n<td colspan=\"2\">77,3 g<\/td>\n<\/tr>\n<tr>\n<td colspan=\"3\">Kolhydrater<\/td>\n<td colspan=\"2\">3,4 g<\/td>\n<td colspan=\"2\">5,6 g<\/td>\n<\/tr>\n<tr>\n<td colspan=\"3\">varav sockerarter<\/td>\n<td colspan=\"2\">3 g<\/td>\n<td colspan=\"2\">5,1 g<\/td>\n<\/tr>\n<tr>\n<td colspan=\"3\">Fett<\/td>\n<td colspan=\"2\">3,8 g<\/td>\n<td colspan=\"2\">6,3 g<\/td>\n<\/tr>\n<tr>\n<td colspan=\"3\">varav m\u00e4ttat fett<\/td>\n<td colspan=\"2\">2,6 g<\/td>\n<td colspan=\"2\">4,3 g<\/td>\n<\/tr>\n<tr>\n<td colspan=\"3\">Kostfiber<\/td>\n<td colspan=\"2\">0,9 g<\/td>\n<td colspan=\"2\">1,5 g<\/td>\n<\/tr>\n<tr>\n<td colspan=\"3\">Natrium<\/td>\n<td colspan=\"2\">0,12 g<\/td>\n<td colspan=\"2\">0,2 g<\/td>\n<\/tr>\n<tr>\n<td colspan=\"3\">Kalcium<\/td>\n<td colspan=\"2\">264 mg (33 % *)<\/td>\n<td colspan=\"2\">440 mg (55 % *)<\/td>\n<\/tr>\n<tr>\n<td colspan=\"7\"><strong>Aminosyraprofil<\/strong><\/td>\n<\/tr>\n<tr>\n<td colspan=\"3\">Leucin<\/td>\n<td colspan=\"2\">4870 mg<\/td>\n<td colspan=\"2\">8117 mg<\/td>\n<\/tr>\n<tr>\n<td colspan=\"3\">Isoleucin<\/td>\n<td colspan=\"2\">3107 mg<\/td>\n<td colspan=\"2\">5179 mg<\/td>\n<\/tr>\n<tr>\n<td colspan=\"3\">Valin<\/td>\n<td colspan=\"2\">3015 mg<\/td>\n<td colspan=\"2\">5025 mg<\/td>\n<\/tr>\n<tr>\n<td colspan=\"3\">Asparaginsyra<\/td>\n<td colspan=\"2\">5380 mg<\/td>\n<td colspan=\"2\">8967 mg<\/td>\n<\/tr>\n<tr>\n<td colspan=\"3\">Glutaminsyra<\/td>\n<td colspan=\"2\">7606 mg<\/td>\n<td colspan=\"2\">12677 mg<\/td>\n<\/tr>\n<tr>\n<td colspan=\"3\">Serin<\/td>\n<td colspan=\"2\">1762 mg<\/td>\n<td colspan=\"2\">2937 mg<\/td>\n<\/tr>\n<tr>\n<td colspan=\"3\">Glycin<\/td>\n<td colspan=\"2\">881 mg<\/td>\n<td colspan=\"2\">1469 mg<\/td>\n<\/tr>\n<tr>\n<td colspan=\"3\">Histidin<\/td>\n<td colspan=\"2\">696 mg<\/td>\n<td colspan=\"2\">1160 mg<\/td>\n<\/tr>\n<tr>\n<td colspan=\"3\">Arginin<\/td>\n<td colspan=\"2\">1252 mg<\/td>\n<td colspan=\"2\">2087 mg<\/td>\n<\/tr>\n<tr>\n<td colspan=\"3\">Treonin<\/td>\n<td colspan=\"2\">2829 mg<\/td>\n<td colspan=\"2\">4715 mg<\/td>\n<\/tr>\n<tr>\n<td colspan=\"3\">Alanin<\/td>\n<td colspan=\"2\">2226 mg<\/td>\n<td colspan=\"2\">3710 mg<\/td>\n<\/tr>\n<tr>\n<td colspan=\"3\">Prolin<\/td>\n<td colspan=\"2\">2505 mg<\/td>\n<td colspan=\"2\">4174 mg<\/td>\n<\/tr>\n<tr>\n<td colspan=\"3\">Tyrosin<\/td>\n<td colspan=\"2\">1252 mg<\/td>\n<td colspan=\"2\">2087 mg<\/td>\n<\/tr>\n<tr>\n<td colspan=\"3\">Metionin<\/td>\n<td colspan=\"2\">928 mg<\/td>\n<td colspan=\"2\">1546 mg<\/td>\n<\/tr>\n<tr>\n<td colspan=\"3\">Cystein<\/td>\n<td colspan=\"2\">1252 mg<\/td>\n<td colspan=\"2\">2087 mg<\/td>\n<\/tr>\n<tr>\n<td colspan=\"3\">Fenylalanin<\/td>\n<td colspan=\"2\">1531 mg<\/td>\n<td colspan=\"2\">2551 mg<\/td>\n<\/tr>\n<tr>\n<td colspan=\"3\">Lysin<\/td>\n<td colspan=\"2\">3757 mg<\/td>\n<td colspan=\"2\">6261 mg<\/td>\n<\/tr>\n<tr>\n<td colspan=\"3\">Tryptofan<\/td>\n<td colspan=\"2\">881 mg<\/td>\n<td colspan=\"2\">1469 mg<\/td>\n<\/tr>\n<tr>\n<td colspan=\"7\">* NRV &#8211; N\u00e4ringsreferensv\u00e4rden (baserat p\u00e5 en diet med 2000 kalorier)<\/td>\n<\/tr>\n<tr>\n<td colspan=\"7\">** N\u00e4ringsinformation kan variera n\u00e5got mellan smaker<\/td>\n<\/tr>\n<\/tbody>\n<\/table>\n<\/div>\n<\/div><div class=\"fusion-clearfix\"><\/div><\/div><\/div><\/div><\/div><\/p>\n","protected":false},"excerpt":{"rendered":"","protected":false},"author":1,"featured_media":0,"parent":12490,"menu_order":0,"comment_status":"closed","ping_status":"closed","template":"","meta":{"footnotes":""},"class_list":["post-12422","page","type-page","status-publish","hentry"],"_links":{"self":[{"href":"https:\/\/vikingforce.se\/sv\/wp-json\/wp\/v2\/pages\/12422","targetHints":{"allow":["GET"]}}],"collection":[{"href":"https:\/\/vikingforce.se\/sv\/wp-json\/wp\/v2\/pages"}],"about":[{"href":"https:\/\/vikingforce.se\/sv\/wp-json\/wp\/v2\/types\/page"}],"author":[{"embeddable":true,"href":"https:\/\/vikingforce.se\/sv\/wp-json\/wp\/v2\/users\/1"}],"replies":[{"embeddable":true,"href":"https:\/\/vikingforce.se\/sv\/wp-json\/wp\/v2\/comments?post=12422"}],"version-history":[{"count":44,"href":"https:\/\/vikingforce.se\/sv\/wp-json\/wp\/v2\/pages\/12422\/revisions"}],"predecessor-version":[{"id":23584,"href":"https:\/\/vikingforce.se\/sv\/wp-json\/wp\/v2\/pages\/12422\/revisions\/23584"}],"up":[{"embeddable":true,"href":"https:\/\/vikingforce.se\/sv\/wp-json\/wp\/v2\/pages\/12490"}],"wp:attachment":[{"href":"https:\/\/vikingforce.se\/sv\/wp-json\/wp\/v2\/media?parent=12422"}],"curies":[{"name":"wp","href":"https:\/\/api.w.org\/{rel}","templated":true}]}}