{"id":12412,"date":"2015-12-09T12:12:03","date_gmt":"2015-12-09T12:12:03","guid":{"rendered":"http:\/\/vikingforce.se\/sv\/carnitine-liquid\/"},"modified":"2025-05-16T10:50:07","modified_gmt":"2025-05-16T10:50:07","slug":"carnitine-liquid","status":"publish","type":"page","link":"https:\/\/vikingforce.se\/sv\/fat-burners\/carnitine-liquid\/","title":{"rendered":"Carnitine Liquid &#8211; Swedish"},"content":{"rendered":"<p><div class=\"fusion-fullwidth fullwidth-box fusion-builder-row-1 nonhundred-percent-fullwidth non-hundred-percent-height-scrolling\" style=\"--awb-background-position:center top;--awb-border-color:#f6f6f6;--awb-border-radius-top-left:0px;--awb-border-radius-top-right:0px;--awb-border-radius-bottom-right:0px;--awb-border-radius-bottom-left:0px;--awb-padding-top:1px;--awb-padding-right:0px;--awb-padding-bottom:30px;--awb-padding-left:0px;--awb-background-color:#fff;--awb-border-sizes-top:1px;--awb-border-sizes-bottom:1px;--awb-flex-wrap:wrap;\" ><div class=\"fusion-builder-row fusion-row\"><div class=\"fusion-layout-column fusion_builder_column fusion-builder-column-0 fusion_builder_column_1_2 1_2 fusion-one-half fusion-column-first\" style=\"--awb-bg-size:cover;width:48%; margin-right: 4%;\"><div class=\"fusion-column-wrapper fusion-flex-column-wrapper-legacy\"><div class=\"fusion-sep-clear\"><\/div><div class=\"fusion-separator fusion-full-width-sep\" style=\"margin-left: auto;margin-right: auto;margin-top:60px;width:100%;\"><\/div><div class=\"fusion-sep-clear\"><\/div><div class=\"fusion-text fusion-text-1\"><p><img decoding=\"async\" class=\"aligncenter wp-image-18431 size-full\" src=\"https:\/\/vikingforce.se\/wp-content\/uploads\/2020\/08\/viking-carnitine-150.000.jpg\" alt=\"\" width=\"2434\" height=\"2560\" \/><\/p>\n<\/div><div class=\"fusion-clearfix\"><\/div><\/div><\/div><div class=\"fusion-layout-column fusion_builder_column fusion-builder-column-1 fusion_builder_column_1_2 1_2 fusion-one-half fusion-column-last\" style=\"--awb-bg-size:cover;width:48%;\"><div class=\"fusion-column-wrapper fusion-flex-column-wrapper-legacy\"><div class=\"fusion-title title fusion-title-1 fusion-sep-none fusion-title-text fusion-title-size-one title-wg\" style=\"--awb-margin-bottom:5px;\"><h1 class=\"fusion-title-heading title-heading-left\" style=\"margin:0;\"><p style=\"text-align: center;\">VIKING CARNITINE CHROMIUM<\/p><\/h1><\/div><div class=\"fusion-text fusion-text-2\"><p style=\"text-align: center;\">(Kosttillskott)<\/p>\n<\/div><div class=\"fusion-text fusion-text-3\"><p class=\"subtitle-wg\" style=\"text-align: center;\">Nettovikt: 480 ml<\/p>\n<p class=\"subtitle-wg\" style=\"text-align: center;\">Portioner\/f\u00f6rpackning: 100<\/p>\n<\/div><div class=\"fusion-clearfix\"><\/div><\/div><\/div><\/div><\/div><div class=\"fusion-fullwidth fullwidth-box fusion-builder-row-2 nonhundred-percent-fullwidth non-hundred-percent-height-scrolling\" style=\"--awb-border-color:#f6f6f6;--awb-border-radius-top-left:0px;--awb-border-radius-top-right:0px;--awb-border-radius-bottom-right:0px;--awb-border-radius-bottom-left:0px;--awb-padding-top:10px;--awb-padding-right:0px;--awb-padding-bottom:0px;--awb-padding-left:0px;--awb-background-color:#fff;--awb-border-sizes-top:0px;--awb-border-sizes-bottom:0px;--awb-flex-wrap:wrap;\" ><div class=\"fusion-builder-row fusion-row\"><div class=\"fusion-layout-column fusion_builder_column fusion-builder-column-2 fusion_builder_column_1_1 1_1 fusion-one-full fusion-column-first fusion-column-last\" style=\"--awb-bg-size:cover;\"><div class=\"fusion-column-wrapper fusion-flex-column-wrapper-legacy\"><div class=\"fusion-text fusion-text-4\"><p class=\"subtitle-fb\"><span style=\"font-family: var(--body_typography-font-family); font-size: var(--body_typography-font-size); font-style: var(--body_typography-font-style,normal); letter-spacing: var(--body_typography-letter-spacing);\">Viking Carnitine Chromium<\/span><\/p>\n<p>\u00c4r en L-karnitinbas och kromk\u00e4lla som levererar 1500 mg L-karnitin och 20 mcg krom per portion i flytande form. Karnitin \u00e4r en naturligt f\u00f6rekommande aminosyra som produceras av kroppen och finns i mitokondrierna, d\u00e4r fettsyror f\u00f6rbr\u00e4nns och omvandlas till energi.<\/p>\n<ul>\n<li>Hj\u00e4lper till att omvandla fett till energi<\/li>\n<li>Fettf\u00f6rbr\u00e4nnare<\/li>\n<li>Inget socker, inget fett<\/li>\n<li>100 portioner, 1500 mg L-karnitin\/portion<\/li>\n<\/ul>\n<\/div><div class=\"fusion-clearfix\"><\/div><\/div><\/div><div class=\"fusion-layout-column fusion_builder_column fusion-builder-column-3 fusion_builder_column_1_2 1_2 fusion-one-half fusion-column-first\" style=\"--awb-bg-size:cover;width:48%; margin-right: 4%;\"><div class=\"fusion-column-wrapper fusion-flex-column-wrapper-legacy\"><div class=\"fusion-text fusion-text-5\"><p class=\"subtitle-fb\">Smaker: <span style=\"color: #747474; font-weight: normal;\">Vilda b\u00e4r, Apelsin, Citron, Jordgubb<\/span><\/p>\n<p class=\"subtitle-fb\">Bruksanvisning:<\/p>\n<p>Ta 5 ml, 30-60 minuter f\u00f6re tr\u00e4ning med din m\u00e5ltid och\/eller din m\u00e5ltid efter tr\u00e4ning. Ta inte p\u00e5 tom mage.<\/p>\n<p class=\"subtitle-fb\">Ingredienser:<\/p>\n<p>Renat vatten, L-karnitin, surhetsreglerande medel (citronsyra), smaker, s\u00f6tningsmedel (sukralos, acesulfam K), konserveringsmedel (kaliumsorbat), kalcium D-pantotenat (vitamin B5), tiaminmononitrat (vitamin B1), riboflavin (vitamin B2), kromklorid.<\/p>\n<p class=\"subtitle-fb\">Allergiinformation:<\/p>\n<p>Produkten kan inneh\u00e5lla sp\u00e5r av soja, mj\u00f6lk, \u00e4gg eller veteprotein.<\/p>\n<\/div><div class=\"fusion-text fusion-text-6\"><p class=\"subtitle-fb\">Viktig information:<\/p>\n<p>Denna produkt \u00e4r ett kosttillskott. Anv\u00e4nd denna produkt tillsammans med mat som en del av en h\u00e4lsosam, balanserad kost, inte som en ers\u00e4ttning f\u00f6r s\u00e5dan. F\u00f6rvaras o\u00e5tkomligt f\u00f6r barn. Inte avsedd f\u00f6r anv\u00e4ndning av gravida eller ammande kvinnor! \u00d6verskrid inte den rekommenderade dagliga dosen. F\u00f6rvara p\u00e5 en sval, torr plats. Uts\u00e4tt inte f\u00f6r \u00f6verdriven v\u00e4rme, fukt eller solljus. B\u00e4st f\u00f6re utg\u00e5ngsdatumet som \u00e4r skrivet p\u00e5 f\u00f6rpackningen.<\/p>\n<\/div><div class=\"fusion-clearfix\"><\/div><\/div><\/div><div class=\"fusion-layout-column fusion_builder_column fusion-builder-column-4 fusion_builder_column_1_2 1_2 fusion-one-half fusion-column-last\" style=\"--awb-bg-size:cover;width:48%;\"><div class=\"fusion-column-wrapper fusion-flex-column-wrapper-legacy\"><div class=\"fusion-text fusion-text-7\"><p class=\"subtitle-fb\">N\u00c4RINGSFAKTA<\/p>\n<\/div><div class=\"fusion-text fusion-text-8\"><div class=\"table-1\">\n<table class=\"tb\" width=\"100%\">\n<tbody>\n<tr class=\"table-row_border\">\n<td colspan=\"3\"><strong>Portioner per f\u00f6rpackning<\/strong><\/td>\n<td style=\"text-align: center;\" colspan=\"2\"><strong>5 ml<\/strong><\/td>\n<td style=\"text-align: center;\" colspan=\"2\"><strong>100 ml<\/strong><\/td>\n<\/tr>\n<tr>\n<td colspan=\"3\">L-karnitin<\/td>\n<td style=\"text-align: center;\" colspan=\"2\">1500 mg<\/td>\n<td style=\"text-align: center;\" colspan=\"2\">30000 mg<\/td>\n<\/tr>\n<tr>\n<td colspan=\"3\"><\/td>\n<td style=\"text-align: right;\" colspan=\"2\">NRV*<\/td>\n<td style=\"text-align: right;\" colspan=\"2\">NRV*<\/td>\n<\/tr>\n<tr>\n<td colspan=\"3\">Krom<\/td>\n<td colspan=\"1\">20\u00b5g<\/td>\n<td colspan=\"1\">50 %<\/td>\n<td colspan=\"1\">400\u00b5g<\/td>\n<td colspan=\"1\">1000%<\/td>\n<\/tr>\n<tr>\n<td colspan=\"3\">Vitamin B5<\/td>\n<td colspan=\"1\">3 mg<\/td>\n<td colspan=\"1\">50 %<\/td>\n<td colspan=\"1\">60 mg<\/td>\n<td colspan=\"1\">1000%<\/td>\n<\/tr>\n<tr>\n<td colspan=\"3\">Vitamin B1<\/td>\n<td colspan=\"1\">2 mg<\/td>\n<td colspan=\"1\">181,8%<\/td>\n<td colspan=\"1\">40 mg<\/td>\n<td colspan=\"1\">3636%<\/td>\n<\/tr>\n<tr>\n<td colspan=\"3\">Vitamin B2<\/td>\n<td colspan=\"1\">1 mg<\/td>\n<td colspan=\"1\">71,4 %<\/td>\n<td colspan=\"1\">20 mg<\/td>\n<td colspan=\"1\">1428%<\/td>\n<\/tr>\n<tr>\n<td colspan=\"7\">*NRV \u2013 N\u00e4ringsreferensv\u00e4rden (baserat p\u00e5 en diet med 2 000 kalorier)<\/td>\n<\/tr>\n<\/tbody>\n<\/table>\n<\/div>\n<\/div><div class=\"fusion-clearfix\"><\/div><\/div><\/div><\/div><\/div><\/p>\n","protected":false},"excerpt":{"rendered":"","protected":false},"author":1,"featured_media":0,"parent":12435,"menu_order":0,"comment_status":"closed","ping_status":"closed","template":"","meta":{"footnotes":""},"class_list":["post-12412","page","type-page","status-publish","hentry"],"_links":{"self":[{"href":"https:\/\/vikingforce.se\/sv\/wp-json\/wp\/v2\/pages\/12412","targetHints":{"allow":["GET"]}}],"collection":[{"href":"https:\/\/vikingforce.se\/sv\/wp-json\/wp\/v2\/pages"}],"about":[{"href":"https:\/\/vikingforce.se\/sv\/wp-json\/wp\/v2\/types\/page"}],"author":[{"embeddable":true,"href":"https:\/\/vikingforce.se\/sv\/wp-json\/wp\/v2\/users\/1"}],"replies":[{"embeddable":true,"href":"https:\/\/vikingforce.se\/sv\/wp-json\/wp\/v2\/comments?post=12412"}],"version-history":[{"count":19,"href":"https:\/\/vikingforce.se\/sv\/wp-json\/wp\/v2\/pages\/12412\/revisions"}],"predecessor-version":[{"id":23570,"href":"https:\/\/vikingforce.se\/sv\/wp-json\/wp\/v2\/pages\/12412\/revisions\/23570"}],"up":[{"embeddable":true,"href":"https:\/\/vikingforce.se\/sv\/wp-json\/wp\/v2\/pages\/12435"}],"wp:attachment":[{"href":"https:\/\/vikingforce.se\/sv\/wp-json\/wp\/v2\/media?parent=12412"}],"curies":[{"name":"wp","href":"https:\/\/api.w.org\/{rel}","templated":true}]}}